{"id":4394,"date":"2021-09-13T09:43:03","date_gmt":"2021-09-13T09:43:03","guid":{"rendered":"https:\/\/recyclingequipinc.com\/?post_type=product&#038;p=4394"},"modified":"2024-10-04T20:42:49","modified_gmt":"2024-10-04T12:42:49","slug":"presse-a-balles-verticale","status":"publish","type":"product","link":"https:\/\/recyclingequipinc.com\/fr\/product\/vertical-baler\/","title":{"rendered":"Presse \u00e0 balles verticale"},"content":{"rendered":"<p class=\"translation-block\"><strong> Presse \u00e0 balles verticale hydraulique<\/strong> adopte la puissance hydraulique pour compacter le papier usag\u00e9, le carton, les textiles en coton, les bouteilles en plastique, les coins de mat\u00e9riaux industriels, les canettes \u00e0 tirette, les v\u00eatements et chaussures usag\u00e9s, la luzerne, la paille, et d'autres articles. Il existe trois types de m\u00e9thodes de d\u00e9charge optionnelles : retourner, pousser le sac, ou retirer le sac manuellement. Des moteurs ou des moteurs diesel peuvent \u00eatre utilis\u00e9s comme source d'\u00e9nergie. L'\u00e9quipement peut r\u00e9duire la surface des articles usag\u00e9s et faciliter leur stockage, leur transport et leur traitement secondaire. Nous proposons six types standard de ce type d'\u00e9quipement. Parall\u00e8lement, un service OEM est disponible en fonction de vos besoins.<\/p> <p>&nbsp;<\/p> <h2>Presse \u00e0 balles verticale \u00e0 vendre<\/h2> <p>La presse \u00e0 balles hydraulique verticale \u00e0 vendre chez Shuliy Machinery comprend diverses puissances hydrauliques, telles que 40 tonnes, 60 tonnes, 80 tonnes, 100 tonnes, 120 tonnes, 150 tonnes, etc. Le rapport de compression pour ce type d'\u00e9quipement est d'environ 5:1. Plus la puissance hydraulique est \u00e9lev\u00e9e, plus la taille de l'emballage, la taille de l'ouverture d'alimentation et la densit\u00e9 de la presse sont grandes. Vous pouvez choisir en fonction de vos besoins. En plus de la presse \u00e0 balles verticale hydraulique, nous fournissons \u00e9galement une presse \u00e0 balles hydraulique horizontale, qui est plus grande qu'une presse \u00e0 balles verticale. De plus, nous proposons la personnalisation de la machine selon vos besoins.<\/p> <div id='gallery-1' class='gallery galleryid-4394 gallery-columns-2 gallery-size-medium'><figure class='gallery-item'> \t\t\t<div class='gallery-icon landscape'> \t\t\t\t<img fetchpriority=\"high\" decoding=\"async\" width=\"300\" height=\"300\" src=\"https:\/\/recyclingequipinc.com\/wp-content\/uploads\/2021\/09\/baler-machine-with-blue-look-300x300.jpg\" class=\"attachment-medium size-medium\" alt=\"\" srcset=\"https:\/\/recyclingequipinc.com\/wp-content\/uploads\/2021\/09\/baler-machine-with-blue-look-300x300.jpg 300w, https:\/\/recyclingequipinc.com\/wp-content\/uploads\/2021\/09\/baler-machine-with-blue-look-100x100.jpg 100w, https:\/\/recyclingequipinc.com\/wp-content\/uploads\/2021\/09\/baler-machine-with-blue-look-150x150.jpg 150w, https:\/\/recyclingequipinc.com\/wp-content\/uploads\/2021\/09\/baler-machine-with-blue-look-600x600.jpg 600w, https:\/\/recyclingequipinc.com\/wp-content\/uploads\/2021\/09\/baler-machine-with-blue-look.jpg 750w\" sizes=\"(max-width: 300px) 100vw, 300px\" \/> \t\t\t<\/div><\/figure><figure class='gallery-item'> \t\t\t<div class='gallery-icon landscape'> \t\t\t\t<img decoding=\"async\" width=\"300\" height=\"300\" src=\"https:\/\/recyclingequipinc.com\/wp-content\/uploads\/2021\/09\/vertical-baler-with-red-appearance-1-300x300.jpg\" class=\"attachment-medium size-medium\" alt=\"\" srcset=\"https:\/\/recyclingequipinc.com\/wp-content\/uploads\/2021\/09\/vertical-baler-with-red-appearance-1-300x300.jpg 300w, https:\/\/recyclingequipinc.com\/wp-content\/uploads\/2021\/09\/vertical-baler-with-red-appearance-1-100x100.jpg 100w, https:\/\/recyclingequipinc.com\/wp-content\/uploads\/2021\/09\/vertical-baler-with-red-appearance-1-150x150.jpg 150w, https:\/\/recyclingequipinc.com\/wp-content\/uploads\/2021\/09\/vertical-baler-with-red-appearance-1-600x600.jpg 600w, https:\/\/recyclingequipinc.com\/wp-content\/uploads\/2021\/09\/vertical-baler-with-red-appearance-1.jpg 750w\" sizes=\"(max-width: 300px) 100vw, 300px\" \/> \t\t\t<\/div><\/figure> \t\t<\/div>  <h2>Applications \u00e9tendues de la presse \u00e0 balles hydraulique verticale<\/h2> <p>Convient pour les d\u00e9chets tels que le papier, le carton, les textiles en coton, la laine, la paille, l'\u00e9ponge, les bouteilles en plastique, les bo\u00eetes \u00e0 ouverture facile, les v\u00eatements et chaussures usag\u00e9s, les pneus, les mat\u00e9riaux d'angle industriels, etc. Lorsque vous emballez le papier, vous pouvez mettre du carton en dessous ou au-dessus de ces papiers pour \u00e9viter que le papier ne sorte de l'\u00e9quipement pendant le processus hydraulique. Ce type de presse \u00e0 balles verticale convient \u00e0 une vari\u00e9t\u00e9 de tailles d'emballage, et vous pouvez consulter en d\u00e9tail le tableau des param\u00e8tres.<\/p> <p>&nbsp;<\/p> <h2>Structure de la presse \u00e0 balles verticale<\/h2> <p>La presse \u00e0 balles verticale se compose d'une chambre de compression, d'un cylindre de compression vertical, d'un syst\u00e8me hydraulique et d'un syst\u00e8me d'alimentation. Cette presse \u00e0 balles verticale hydraulique utilise une plaque \u00e9paisse de haute qualit\u00e9 pour couler un cadre solide. Une conception m\u00e9canique avanc\u00e9e est utilis\u00e9e pour garantir la dur\u00e9e de vie de l'\u00e9quipement. Elle utilise un syst\u00e8me de commande photo\u00e9lectrique et est emball\u00e9e en quatre \u00e9tapes : tension, capacit\u00e9 thermique, coupe de la courroie et collage. Le syst\u00e8me hydraulique comprend une pompe hydraulique, une vanne \u00e9lectromagn\u00e9tique, un joint d'\u00e9tanch\u00e9it\u00e9 d'un v\u00e9rin hydraulique et d'autres pi\u00e8ces cl\u00e9s qui utilisent des accessoires import\u00e9s, de sorte que la capacit\u00e9 de charge de cette presse \u00e0 balles verticale hydraulique est solide et plus durable.<\/p> <figure id=\"attachment_4647\" aria-describedby=\"caption-attachment-4647\" style=\"width: 720px\" class=\"wp-caption aligncenter\"><a href=\"https:\/\/recyclingequipinc.com\/wp-content\/uploads\/2021\/09\/vertical-baler-machine-structure.webp\"><img decoding=\"async\" class=\"size-full wp-image-4647\" src=\"https:\/\/recyclingequipinc.com\/wp-content\/uploads\/2021\/09\/vertical-baler-machine-structure.webp\" alt=\"Structure de la machine de la presse \u00e0 balles verticale\" width=\"720\" height=\"540\" srcset=\"https:\/\/recyclingequipinc.com\/wp-content\/uploads\/2021\/09\/vertical-baler-machine-structure.webp 720w, https:\/\/recyclingequipinc.com\/wp-content\/uploads\/2021\/09\/vertical-baler-machine-structure-300x225.webp 300w, https:\/\/recyclingequipinc.com\/wp-content\/uploads\/2021\/09\/vertical-baler-machine-structure-600x450.webp 600w\" sizes=\"(max-width: 720px) 100vw, 720px\" \/><\/a><figcaption id=\"caption-attachment-4647\" class=\"wp-caption-text\">Structure de la machine de la presse \u00e0 balles verticale<\/figcaption><\/figure> <h2>Prix de la presse \u00e0 balles verticale<\/h2> <p>Le prix de la presse \u00e0 balles hydraulique verticale est li\u00e9 au co\u00fbt de l'\u00e9quipement. Les diff\u00e9rents types de presses \u00e0 balles hydrauliques verticales n\u00e9cessitent diff\u00e9rents co\u00fbts, donc leurs prix seront diversifi\u00e9s. En tant que fabricant et fournisseur avec une riche exp\u00e9rience dans les presses \u00e0 balles, nous fournirons des machines d'emballage au meilleur prix et de bonne qualit\u00e9. Parall\u00e8lement, nous proposons des services de personnalisation selon vos besoins r\u00e9els. Si vous \u00eates int\u00e9ress\u00e9, vous pouvez nous contacter pour obtenir plus de d\u00e9tails et le meilleur prix.<\/p> <div id=\"gtx-trans\" style=\"position: absolute; left: 398px; top: 375px;\"> <div class=\"gtx-trans-icon\"><\/div> <\/div>","protected":false},"excerpt":{"rendered":"<p>La presse \u00e0 balles verticale hydraulique utilise la puissance hydraulique pour comprimer des d\u00e9chets tels que du papier, du carton, des textiles en coton, des bouteilles en plastique, des mat\u00e9riaux d'angle industriels, des bo\u00eetes \u00e0 ouverture facile, des v\u00eatements et chaussures usag\u00e9s, de l'alfa, de la paille et d'autres articles. Il existe trois m\u00e9thodes de d\u00e9chargement optionnelles : basculement, pouss\u00e9e du sac ou retrait manuel du sac. Contactez-nous pour plus de d\u00e9tails.<\/p>","protected":false},"featured_media":4637,"template":"","meta":{"site-sidebar-layout":"default","site-content-layout":"default","ast-site-content-layout":"default","site-content-style":"default","site-sidebar-style":"default","ast-global-header-display":"","ast-banner-title-visibility":"","ast-main-header-display":"","ast-hfb-above-header-display":"","ast-hfb-below-header-display":"","ast-hfb-mobile-header-display":"","site-post-title":"","ast-breadcrumbs-content":"","ast-featured-img":"","footer-sml-layout":"","ast-disable-related-posts":"","theme-transparent-header-meta":"default","adv-header-id-meta":"","stick-header-meta":"default","header-above-stick-meta":"","header-main-stick-meta":"","header-below-stick-meta":"","astra-migrate-meta-layouts":"default","ast-page-background-enabled":"default","ast-page-background-meta":{"desktop":{"background-color":"","background-image":"","background-repeat":"repeat","background-position":"center center","background-size":"auto","background-attachment":"scroll","background-type":"","background-media":"","overlay-type":"","overlay-color":"","overlay-opacity":"","overlay-gradient":""},"tablet":{"background-color":"","background-image":"","background-repeat":"repeat","background-position":"center center","background-size":"auto","background-attachment":"scroll","background-type":"","background-media":"","overlay-type":"","overlay-color":"","overlay-opacity":"","overlay-gradient":""},"mobile":{"background-color":"","background-image":"","background-repeat":"repeat","background-position":"center center","background-size":"auto","background-attachment":"scroll","background-type":"","background-media":"","overlay-type":"","overlay-color":"","overlay-opacity":"","overlay-gradient":""}},"ast-content-background-meta":{"desktop":{"background-color":"var(--ast-global-color-5)","background-image":"","background-repeat":"repeat","background-position":"center center","background-size":"auto","background-attachment":"scroll","background-type":"","background-media":"","overlay-type":"","overlay-color":"","overlay-opacity":"","overlay-gradient":""},"tablet":{"background-color":"var(--ast-global-color-5)","background-image":"","background-repeat":"repeat","background-position":"center center","background-size":"auto","background-attachment":"scroll","background-type":"","background-media":"","overlay-type":"","overlay-color":"","overlay-opacity":"","overlay-gradient":""},"mobile":{"background-color":"var(--ast-global-color-5)","background-image":"","background-repeat":"repeat","background-position":"center center","background-size":"auto","background-attachment":"scroll","background-type":"","background-media":"","overlay-type":"","overlay-color":"","overlay-opacity":"","overlay-gradient":""}}},"product_brand":[],"product_cat":[34],"product_tag":[],"class_list":{"0":"post-4394","1":"product","2":"type-product","3":"status-publish","4":"has-post-thumbnail","6":"product_cat-industrial-baler","7":"desktop-align-center","8":"tablet-align-center","9":"mobile-align-center","11":"first","12":"instock","13":"shipping-taxable","14":"product-type-simple"},"_links":{"self":[{"href":"https:\/\/recyclingequipinc.com\/fr\/wp-json\/wp\/v2\/product\/4394","targetHints":{"allow":["GET"]}}],"collection":[{"href":"https:\/\/recyclingequipinc.com\/fr\/wp-json\/wp\/v2\/product"}],"about":[{"href":"https:\/\/recyclingequipinc.com\/fr\/wp-json\/wp\/v2\/types\/product"}],"version-history":[{"count":0,"href":"https:\/\/recyclingequipinc.com\/fr\/wp-json\/wp\/v2\/product\/4394\/revisions"}],"wp:featuredmedia":[{"embeddable":true,"href":"https:\/\/recyclingequipinc.com\/fr\/wp-json\/wp\/v2\/media\/4637"}],"wp:attachment":[{"href":"https:\/\/recyclingequipinc.com\/fr\/wp-json\/wp\/v2\/media?parent=4394"}],"wp:term":[{"taxonomy":"product_brand","embeddable":true,"href":"https:\/\/recyclingequipinc.com\/fr\/wp-json\/wp\/v2\/product_brand?post=4394"},{"taxonomy":"product_cat","embeddable":true,"href":"https:\/\/recyclingequipinc.com\/fr\/wp-json\/wp\/v2\/product_cat?post=4394"},{"taxonomy":"product_tag","embeddable":true,"href":"https:\/\/recyclingequipinc.com\/fr\/wp-json\/wp\/v2\/product_tag?post=4394"}],"curies":[{"name":"wp","href":"https:\/\/api.w.org\/{rel}","templated":true}]}}