{"id":4390,"date":"2021-09-13T09:39:45","date_gmt":"2021-09-13T09:39:45","guid":{"rendered":"https:\/\/recyclingequipinc.com\/?post_type=product&#038;p=4390"},"modified":"2025-01-20T10:23:10","modified_gmt":"2025-01-20T02:23:10","slug":"la-machine-de-concassage-et-de-lavage-des-plastiques","status":"publish","type":"product","link":"https:\/\/recyclingequipinc.com\/fr\/product\/plastic-crushing-and-washing-machine\/","title":{"rendered":"Plastic Recycling Washing Machine"},"content":{"rendered":"<p>La machine de recyclage du plastique est un \u00e9quipement int\u00e9gral pour le concassage et le nettoyage des mat\u00e9riaux, principalement adapt\u00e9 aux films plastiques PP PE, aux films plastiques agricoles, aux sacs tiss\u00e9s en PP, etc. Tout d'abord, elle peut concasser et nettoyer les mati\u00e8res premi\u00e8res, puis utiliser le cylindre de nettoyage pour un nettoyage secondaire. L'\u00e9quipement est con\u00e7u de mani\u00e8re ferm\u00e9e pour le concassage et le nettoyage. Il pr\u00e9sente les caract\u00e9ristiques d'une grande efficacit\u00e9, d'un faible bruit, d'une faible consommation d'\u00e9nergie et d'une longue dur\u00e9e de vie.<\/p> <h2>Caract\u00e9ristiques<\/h2> <p>Le bo\u00eetier du destructeur de plastique souple est soud\u00e9 par une plaque d'acier \u00e9paisse. Ses pi\u00e8ces de transmission sont finement usin\u00e9es, les lames sont en acier de haute qualit\u00e9 65Mn. La lame doit \u00eatre aff\u00fbt\u00e9e apr\u00e8s avoir trait\u00e9 10 tonnes de mat\u00e9riaux plastiques.<\/p> <figure id=\"attachment_4632\" aria-describedby=\"caption-attachment-4632\" style=\"width: 1020px\" class=\"wp-caption alignnone\"><img fetchpriority=\"high\" decoding=\"async\" class=\"size-full wp-image-4632\" src=\"https:\/\/recyclingequipinc.com\/wp-content\/uploads\/2021\/09\/plastic-crushing-and-cleaning-machine.jpg\" alt=\"machine de concassage et de nettoyage du plastique\" width=\"1020\" height=\"729\" srcset=\"https:\/\/recyclingequipinc.com\/wp-content\/uploads\/2021\/09\/plastic-crushing-and-cleaning-machine.jpg 1020w, https:\/\/recyclingequipinc.com\/wp-content\/uploads\/2021\/09\/plastic-crushing-and-cleaning-machine-750x536.jpg 750w, https:\/\/recyclingequipinc.com\/wp-content\/uploads\/2021\/09\/plastic-crushing-and-cleaning-machine-300x214.jpg 300w, https:\/\/recyclingequipinc.com\/wp-content\/uploads\/2021\/09\/plastic-crushing-and-cleaning-machine-768x549.jpg 768w, https:\/\/recyclingequipinc.com\/wp-content\/uploads\/2021\/09\/plastic-crushing-and-cleaning-machine-600x429.jpg 600w\" sizes=\"(max-width: 1020px) 100vw, 1020px\" \/><figcaption id=\"caption-attachment-4632\" class=\"wp-caption-text\">machine de concassage et de nettoyage du plastique<\/figcaption><\/figure> <h2>Les perspectives de la machine de recyclage du plastique<\/h2> <p class=\"translation-block\">De nos jours, la gestion du plastique reste un probl\u00e8me \u00e0 r\u00e9soudre partout dans le monde. Parce que nous utilisons beaucoup de plastiques tous les jours, tels que des films plastiques, des sacs en plastique, des bouteilles en plastique, des tuyaux en plastique, etc. Les machines de recyclage du plastique peuvent non seulement r\u00e9duire la pollution environnementale, mais aussi g\u00e9n\u00e9rer des profits. En tant qu'\u00e9tape de la <a href=\"https:\/\/recyclingequipinc.com\/fr\/produit\/machine-de-recyclage-de-films-plastiques\/\"><strong>ligne de production de recyclage de films plastiques<\/strong><\/a>, le choix de la machine \u00e0 laver de recyclage du plastique est tr\u00e8s important.<\/p> <h2>Avantages de notre machine de recyclage du plastique<\/h2> <p>La plus grande caract\u00e9ristique de cette machine est qu'elle peut non seulement nettoyer les d\u00e9chets plastiques, mais aussi concasser les produits en plastique. Par cons\u00e9quent, elle porte un autre nom : machine de concassage et de lavage du plastique. Cela signifie que vous pouvez obtenir une valeur plus \u00e9lev\u00e9e avec moins d'argent.<\/p> <p>De plus, notre entreprise se consacre depuis de nombreuses ann\u00e9es \u00e0 la recherche, \u00e0 la conception, \u00e0 la production et \u00e0 la vente d'\u00e9quipements de protection de l'environnement. Pour chacune de nos machines, nous insistons sur l'honn\u00eatet\u00e9, la recherche de haute qualit\u00e9, une bonne apparence, un prix raisonnable, etc. Cette nouvelle machine de concassage et de lavage du plastique a absorb\u00e9 de nombreux avantages d'une s\u00e9rie de produits. Elle a atteint une production \u00e9lev\u00e9e, une faible consommation d'\u00e9nergie, une grande efficacit\u00e9, un faible bruit, une utilisation simple, etc.<\/p>","protected":false},"excerpt":{"rendered":"<p>Plastic recycling washing machine is a piece of integral equipment for crushing and cleaning material, mainly suitable for PP PE [&hellip;]<\/p>\n","protected":false},"featured_media":4470,"template":"","meta":{"site-sidebar-layout":"default","site-content-layout":"default","ast-site-content-layout":"default","site-content-style":"default","site-sidebar-style":"default","ast-global-header-display":"","ast-banner-title-visibility":"","ast-main-header-display":"","ast-hfb-above-header-display":"","ast-hfb-below-header-display":"","ast-hfb-mobile-header-display":"","site-post-title":"","ast-breadcrumbs-content":"","ast-featured-img":"","footer-sml-layout":"","ast-disable-related-posts":"","theme-transparent-header-meta":"default","adv-header-id-meta":"","stick-header-meta":"default","header-above-stick-meta":"","header-main-stick-meta":"","header-below-stick-meta":"","astra-migrate-meta-layouts":"default","ast-page-background-enabled":"default","ast-page-background-meta":{"desktop":{"background-color":"","background-image":"","background-repeat":"repeat","background-position":"center center","background-size":"auto","background-attachment":"scroll","background-type":"","background-media":"","overlay-type":"","overlay-color":"","overlay-opacity":"","overlay-gradient":""},"tablet":{"background-color":"","background-image":"","background-repeat":"repeat","background-position":"center center","background-size":"auto","background-attachment":"scroll","background-type":"","background-media":"","overlay-type":"","overlay-color":"","overlay-opacity":"","overlay-gradient":""},"mobile":{"background-color":"","background-image":"","background-repeat":"repeat","background-position":"center center","background-size":"auto","background-attachment":"scroll","background-type":"","background-media":"","overlay-type":"","overlay-color":"","overlay-opacity":"","overlay-gradient":""}},"ast-content-background-meta":{"desktop":{"background-color":"var(--ast-global-color-5)","background-image":"","background-repeat":"repeat","background-position":"center center","background-size":"auto","background-attachment":"scroll","background-type":"","background-media":"","overlay-type":"","overlay-color":"","overlay-opacity":"","overlay-gradient":""},"tablet":{"background-color":"var(--ast-global-color-5)","background-image":"","background-repeat":"repeat","background-position":"center center","background-size":"auto","background-attachment":"scroll","background-type":"","background-media":"","overlay-type":"","overlay-color":"","overlay-opacity":"","overlay-gradient":""},"mobile":{"background-color":"var(--ast-global-color-5)","background-image":"","background-repeat":"repeat","background-position":"center center","background-size":"auto","background-attachment":"scroll","background-type":"","background-media":"","overlay-type":"","overlay-color":"","overlay-opacity":"","overlay-gradient":""}}},"product_brand":[],"product_cat":[36],"product_tag":[95],"class_list":{"0":"post-4390","1":"product","2":"type-product","3":"status-publish","4":"has-post-thumbnail","6":"product_cat-plastic-recycling-machine","7":"product_tag-washing","8":"desktop-align-center","9":"tablet-align-center","10":"mobile-align-center","12":"first","13":"instock","14":"shipping-taxable","15":"product-type-simple"},"_links":{"self":[{"href":"https:\/\/recyclingequipinc.com\/fr\/wp-json\/wp\/v2\/product\/4390","targetHints":{"allow":["GET"]}}],"collection":[{"href":"https:\/\/recyclingequipinc.com\/fr\/wp-json\/wp\/v2\/product"}],"about":[{"href":"https:\/\/recyclingequipinc.com\/fr\/wp-json\/wp\/v2\/types\/product"}],"version-history":[{"count":0,"href":"https:\/\/recyclingequipinc.com\/fr\/wp-json\/wp\/v2\/product\/4390\/revisions"}],"wp:featuredmedia":[{"embeddable":true,"href":"https:\/\/recyclingequipinc.com\/fr\/wp-json\/wp\/v2\/media\/4470"}],"wp:attachment":[{"href":"https:\/\/recyclingequipinc.com\/fr\/wp-json\/wp\/v2\/media?parent=4390"}],"wp:term":[{"taxonomy":"product_brand","embeddable":true,"href":"https:\/\/recyclingequipinc.com\/fr\/wp-json\/wp\/v2\/product_brand?post=4390"},{"taxonomy":"product_cat","embeddable":true,"href":"https:\/\/recyclingequipinc.com\/fr\/wp-json\/wp\/v2\/product_cat?post=4390"},{"taxonomy":"product_tag","embeddable":true,"href":"https:\/\/recyclingequipinc.com\/fr\/wp-json\/wp\/v2\/product_tag?post=4390"}],"curies":[{"name":"wp","href":"https:\/\/api.w.org\/{rel}","templated":true}]}}