{"id":4386,"date":"2021-09-13T09:35:32","date_gmt":"2021-09-13T09:35:32","guid":{"rendered":"https:\/\/recyclingequipinc.com\/?post_type=product&#038;p=4386"},"modified":"2025-01-20T10:24:30","modified_gmt":"2025-01-20T02:24:30","slug":"ligne-de-lavage-de-bouteilles-en-plastique","status":"publish","type":"product","link":"https:\/\/recyclingequipinc.com\/fr\/product\/pet-bottle-washing-line\/","title":{"rendered":"Ligne de lavage de bouteilles en PET"},"content":{"rendered":"<p>La ligne de lavage de bouteilles PET est principalement une ligne de production pour le nettoyage et le broyage des bouteilles en plastique PET. La ligne de lavage de bouteilles PET comprend principalement un r\u00e9servoir de lavage, un r\u00e9servoir de lavage \u00e0 l'eau chaude et au moins une machine de nettoyage par friction. Chaque machine est reli\u00e9e par un convoyeur \u00e0 vis. Si le budget est \u00e9lev\u00e9 ou si vous recherchez des produits finis plus clairs, vous pouvez augmenter \u00e0 deux ou trois le nombre de cuves de lavage, de cuves de lavage \u00e0 l'eau chaude et de machines de nettoyage par friction. De plus, nous pouvons personnaliser la gamme d\u2019\u00e9quipements de lavage selon vos besoins.<\/p> <h2>S\u00e9parateur d'\u00e9tiquettes<\/h2> <h3>Machine de tri par convoyeur \u00e0 bande<\/h3> <p>Le s\u00e9parateur d'\u00e9tiquettes de bouteilles en plastique est la machine permettant de retirer les \u00e9tiquettes des bouteilles en plastique. Sous l'action de la rotation de la machine, la plaque \u00e0 clous \u00e0 l'int\u00e9rieur du dissolvant d'\u00e9tiquettes en plastique peut retirer l'\u00e9tiquette du corps de la bouteille. Apr\u00e8s avoir retir\u00e9 l'\u00e9tiquette, le ventilateur situ\u00e9 au-dessus du s\u00e9parateur de bouteilles en plastique peut souffler l'\u00e9tiquette hors du fuselage. Parce que le taux de s\u00e9paration de ce dissolvant d\u2019\u00e9tiquettes en plastique se situe entre 98% et 99%. Par rapport \u00e0 ses pairs, la machine de Shuliy pr\u00e9sente de grands avantages en termes de taux de s\u00e9paration.<\/p> <figure id=\"attachment_5475\" aria-describedby=\"caption-attachment-5475\" style=\"width: 750px\" class=\"wp-caption aligncenter\"><img fetchpriority=\"high\" decoding=\"async\" class=\"size-full wp-image-5475\" src=\"https:\/\/recyclingequipinc.com\/wp-content\/uploads\/2021\/09\/Plastic-Label-Remove-Machine.jpg\" alt=\"La machine de tri par convoyeur \u00e0 bande est une table de tri \u00e0 convoyeur plat. Elle peut s\u00e9parer les bouteilles en plastique qui n&#039;ont pas \u00e9t\u00e9 d\u00e9coll\u00e9es ou les bouteilles en plastique de diff\u00e9rentes couleurs. Le but est d&#039;am\u00e9liorer la puret\u00e9 des flocons de plastique. Comme mentionn\u00e9 ci-dessus, un petit nombre de bouteilles n&#039;ont pas \u00e9t\u00e9 d\u00e9coll\u00e9es apr\u00e8s avoir pass\u00e9 par le s\u00e9parateur d&#039;\u00e9tiquettes en plastique. Sur la table de tri par convoyeur \u00e0 bande, vous pouvez les retirer.\" width=\"750\" height=\"750\" srcset=\"https:\/\/recyclingequipinc.com\/wp-content\/uploads\/2021\/09\/Plastic-Label-Remove-Machine.jpg 750w, https:\/\/recyclingequipinc.com\/wp-content\/uploads\/2021\/09\/Plastic-Label-Remove-Machine-100x100.jpg 100w, https:\/\/recyclingequipinc.com\/wp-content\/uploads\/2021\/09\/Plastic-Label-Remove-Machine-300x300.jpg 300w, https:\/\/recyclingequipinc.com\/wp-content\/uploads\/2021\/09\/Plastic-Label-Remove-Machine-150x150.jpg 150w, https:\/\/recyclingequipinc.com\/wp-content\/uploads\/2021\/09\/Plastic-Label-Remove-Machine-600x600.jpg 600w\" sizes=\"(max-width: 750px) 100vw, 750px\" \/><figcaption id=\"caption-attachment-5475\" class=\"wp-caption-text\">La machine de tri par convoyeur \u00e0 bande est une table de tri \u00e0 convoyeur plat. Elle peut s\u00e9parer les bouteilles en plastique qui n'ont pas \u00e9t\u00e9 d\u00e9coll\u00e9es ou les bouteilles en plastique de diff\u00e9rentes couleurs. Le but est d'am\u00e9liorer la puret\u00e9 des flocons de plastique. Comme mentionn\u00e9 ci-dessus, un petit nombre de bouteilles n'ont pas \u00e9t\u00e9 d\u00e9coll\u00e9es apr\u00e8s avoir pass\u00e9 par le s\u00e9parateur d'\u00e9tiquettes en plastique. Sur la table de tri par convoyeur \u00e0 bande, vous pouvez les retirer.<\/figcaption><\/figure> <h3>Cuve de lavage<\/h3> <p>Le broyeur en plastique PET est l'une des machines les plus importantes dans la ligne de lavage de bouteilles en PET. La fonction du broyeur en plastique est de broyer la bouteille en plastique en une taille de feuille plastique d\u00e9finie. Notre outil de coupe est en acier de haute qualit\u00e9, ce qui permet de broyer facilement les bouteilles en plastique sous l'action de la rotation. Et l'\u00e9cran \u00e0 l'int\u00e9rieur de la machine a une \u00e9paisseur de 12 mm et le trou de l'\u00e9cran est de 16 mm. Si vous avez la taille d'\u00e9cran et de maille souhait\u00e9e, vous pouvez nous contacter et nous pouvons fournir un service personnalis\u00e9. De plus, la taille des flocons de plastique finis peut \u00eatre personnalis\u00e9e selon vos besoins.<\/p> <figure id=\"attachment_5476\" aria-describedby=\"caption-attachment-5476\" style=\"width: 720px\" class=\"wp-caption aligncenter\"><img decoding=\"async\" class=\"size-full wp-image-5476\" src=\"https:\/\/recyclingequipinc.com\/wp-content\/uploads\/2021\/09\/Belt-Conveying-Sorting-Table-Machine.jpg\" alt=\"Cuve de lavage\" width=\"720\" height=\"540\" srcset=\"https:\/\/recyclingequipinc.com\/wp-content\/uploads\/2021\/09\/Belt-Conveying-Sorting-Table-Machine.jpg 720w, https:\/\/recyclingequipinc.com\/wp-content\/uploads\/2021\/09\/Belt-Conveying-Sorting-Table-Machine-300x225.jpg 300w, https:\/\/recyclingequipinc.com\/wp-content\/uploads\/2021\/09\/Belt-Conveying-Sorting-Table-Machine-600x450.jpg 600w\" sizes=\"(max-width: 720px) 100vw, 720px\" \/><figcaption id=\"caption-attachment-5476\" class=\"wp-caption-text\">Cuve de lavage<\/figcaption><\/figure> <h3>Machine de broyage en plastique<\/h3> <p>L'\u00e9quipement est utilis\u00e9 pour laver les flocons de plastique pour la premi\u00e8re fois apr\u00e8s le processus de concassage. De plus, il peut \u00e9galement s\u00e9parer les flocons de bouchon en plastique fabriqu\u00e9s en PP ou PE afin d'am\u00e9liorer la puret\u00e9 des flocons de PET. Et il convient \u00e0 une s\u00e9paration et \u00e0 un rin\u00e7age ult\u00e9rieurs apr\u00e8s le lavage \u00e0 l'eau chaude et la machine de nettoyage par frottement pour rendre les flocons de bouteille plus propres. La cuve de lavage fonctionne de mani\u00e8re stable avec une puissance suffisante, un mat\u00e9riau durable et n'est pas facile \u00e0 br\u00fbler. C'est une partie importante de la ligne de lavage de bouteilles en PET.<\/p> <figure id=\"attachment_5477\" aria-describedby=\"caption-attachment-5477\" style=\"width: 750px\" class=\"wp-caption aligncenter\"><img decoding=\"async\" class=\"size-full wp-image-5477\" src=\"https:\/\/recyclingequipinc.com\/wp-content\/uploads\/2021\/09\/Plastic-Crusher-Machine.jpg\" alt=\"Machine de broyage en plastique\" width=\"750\" height=\"750\" srcset=\"https:\/\/recyclingequipinc.com\/wp-content\/uploads\/2021\/09\/Plastic-Crusher-Machine.jpg 750w, https:\/\/recyclingequipinc.com\/wp-content\/uploads\/2021\/09\/Plastic-Crusher-Machine-100x100.jpg 100w, https:\/\/recyclingequipinc.com\/wp-content\/uploads\/2021\/09\/Plastic-Crusher-Machine-300x300.jpg 300w, https:\/\/recyclingequipinc.com\/wp-content\/uploads\/2021\/09\/Plastic-Crusher-Machine-150x150.jpg 150w, https:\/\/recyclingequipinc.com\/wp-content\/uploads\/2021\/09\/Plastic-Crusher-Machine-600x600.jpg 600w\" sizes=\"(max-width: 750px) 100vw, 750px\" \/><figcaption id=\"caption-attachment-5477\" class=\"wp-caption-text\">Machine de broyage en plastique<\/figcaption><\/figure> <h3>Machine de nettoyage par frottement des bouteilles en PET<\/h3> <p>\u00e9quipement de cuve de lavage<\/p> <figure id=\"attachment_4624\" aria-describedby=\"caption-attachment-4624\" style=\"width: 674px\" class=\"wp-caption aligncenter\"><img loading=\"lazy\" decoding=\"async\" class=\"size-full wp-image-4624\" src=\"https:\/\/recyclingequipinc.com\/wp-content\/uploads\/2021\/09\/washing-tank-equipment.jpg\" alt=\"La machine de nettoyage par frottement s&#039;applique au nettoyage des d\u00e9chets plastiques en tant qu&#039;\u00e9quipement de soutien de la ligne de lavage de bouteilles en PET. Elle est compos\u00e9e du moteur principal, du moteur, du cadre, de l&#039;entr\u00e9e d&#039;eau, de l&#039;entr\u00e9e d&#039;alimentation, de l&#039;orifice de d\u00e9charge, etc. Il y a une entr\u00e9e d&#039;eau externe sur le dessus, un filtre \u00e0 mailles fines en bas du corps. Les mat\u00e9riaux sont introduits par l&#039;entr\u00e9e d&#039;alimentation, frott\u00e9s compl\u00e8tement avec l&#039;eau courante par la vis rotative \u00e0 grande vitesse, \u00e9liminant les impuret\u00e9s (terre, sable, feuilles, papier, p\u00e2te) puis rin\u00e7ant la salet\u00e9 \u00e0 la surface.\" width=\"674\" height=\"545\" srcset=\"https:\/\/recyclingequipinc.com\/wp-content\/uploads\/2021\/09\/washing-tank-equipment.jpg 674w, https:\/\/recyclingequipinc.com\/wp-content\/uploads\/2021\/09\/washing-tank-equipment-300x243.jpg 300w, https:\/\/recyclingequipinc.com\/wp-content\/uploads\/2021\/09\/washing-tank-equipment-600x485.jpg 600w\" sizes=\"(max-width: 674px) 100vw, 674px\" \/><figcaption id=\"caption-attachment-4624\" class=\"wp-caption-text\">La machine de nettoyage par frottement s'applique au nettoyage des d\u00e9chets plastiques en tant qu'\u00e9quipement de soutien de la ligne de lavage de bouteilles en PET. Elle est compos\u00e9e du moteur principal, du moteur, du cadre, de l'entr\u00e9e d'eau, de l'entr\u00e9e d'alimentation, de l'orifice de d\u00e9charge, etc. Il y a une entr\u00e9e d'eau externe sur le dessus, un filtre \u00e0 mailles fines en bas du corps. Les mat\u00e9riaux sont introduits par l'entr\u00e9e d'alimentation, frott\u00e9s compl\u00e8tement avec l'eau courante par la vis rotative \u00e0 grande vitesse, \u00e9liminant les impuret\u00e9s (terre, sable, feuilles, papier, p\u00e2te) puis rin\u00e7ant la salet\u00e9 \u00e0 la surface.<\/figcaption><\/figure> <h3>Machine de nettoyage \u00e0 haute temp\u00e9rature<\/h3> <p>\u00e9quipement de nettoyage par frottement<\/p> <figure id=\"attachment_4626\" aria-describedby=\"caption-attachment-4626\" style=\"width: 720px\" class=\"wp-caption aligncenter\"><img loading=\"lazy\" decoding=\"async\" class=\"size-full wp-image-4626\" src=\"https:\/\/recyclingequipinc.com\/wp-content\/uploads\/2021\/09\/frictional-cleaning-equipment.jpg\" alt=\"La machine de lavage \u00e0 l&#039;eau chaude est largement utilis\u00e9e pour le nettoyage complet en plastique \u00e0 l&#039;eau chaude avec du d\u00e9tergent. Elle adopte une structure sup\u00e9rieure ouverte avec un contr\u00f4le automatique de la temp\u00e9rature, un chauffage de conservation et un brassage. Ensuite, l&#039;\u00e9quipement convient pour le\" width=\"720\" height=\"540\" srcset=\"https:\/\/recyclingequipinc.com\/wp-content\/uploads\/2021\/09\/frictional-cleaning-equipment.jpg 720w, https:\/\/recyclingequipinc.com\/wp-content\/uploads\/2021\/09\/frictional-cleaning-equipment-300x225.jpg 300w, https:\/\/recyclingequipinc.com\/wp-content\/uploads\/2021\/09\/frictional-cleaning-equipment-600x450.jpg 600w\" sizes=\"(max-width: 720px) 100vw, 720px\" \/><figcaption id=\"caption-attachment-4626\" class=\"wp-caption-text\">La machine de lavage \u00e0 l'eau chaude est largement utilis\u00e9e pour le nettoyage complet en plastique \u00e0 l'eau chaude avec du d\u00e9tergent. Elle adopte une structure sup\u00e9rieure ouverte avec un contr\u00f4le automatique de la temp\u00e9rature, un chauffage de conservation et un brassage. Ensuite, l'\u00e9quipement convient pour le<\/figcaption><\/figure> <h3>Caract\u00e9ristiques de la machine de lavage \u00e0 l'eau chaude<\/h3> <p class=\"translation-block\">La laveuse \u00e0 eau chaude est largement appliqu\u00e9e au nettoyage en profondeur des plastiques dans l'eau chaude avec d\u00e9tergent. Elle adopte une structure sup\u00e9rieure ouverte avec contr\u00f4le automatique de la temp\u00e9rature, conservation de la chaleur et agitation. Et puis l'\u00e9quipement convient \u00e0 la <a href=\"https:\/\/recyclingequipinc.com\/fr\/produit\/machine-de-recyclage-de-bouteilles-en-plastique\/\"><strong>ligne de recyclage de bouteilles PET<\/strong><\/a>, chauffant rapidement et nettoyant commod\u00e9ment.<\/p> <figure id=\"attachment_4625\" aria-describedby=\"caption-attachment-4625\" style=\"width: 475px\" class=\"wp-caption aligncenter\"><img loading=\"lazy\" decoding=\"async\" class=\"size-full wp-image-4625\" src=\"https:\/\/recyclingequipinc.com\/wp-content\/uploads\/2021\/09\/high-water-washing-machine.jpg\" alt=\"Elle mesure et contr\u00f4le la temp\u00e9rature du mat\u00e9riau en connectant le thermocouple au r\u00e9gulateur de temp\u00e9rature.\" width=\"475\" height=\"522\" srcset=\"https:\/\/recyclingequipinc.com\/wp-content\/uploads\/2021\/09\/high-water-washing-machine.jpg 475w, https:\/\/recyclingequipinc.com\/wp-content\/uploads\/2021\/09\/high-water-washing-machine-273x300.jpg 273w\" sizes=\"(max-width: 475px) 100vw, 475px\" \/><figcaption id=\"caption-attachment-4625\" class=\"wp-caption-text\">Elle mesure et contr\u00f4le la temp\u00e9rature du mat\u00e9riau en connectant le thermocouple au r\u00e9gulateur de temp\u00e9rature.<\/figcaption><\/figure> <h4>Param\u00e8tres de la machine de lavage \u00e0 haute temp\u00e9rature<\/h4> <ol> <li>Il y a un manchon mobile reliant l'arbre de sortie du r\u00e9ducteur et l'arbre de l'h\u00e9lice, pratique pour le d\u00e9montage et le nettoyage.<\/li> <li>La surface de notre coque adopte une finition mate polie miroir.<\/li> <li>La surface interne est d'une finition miroir. Le r\u00e9servoir interne n'a pas d'angle mort, le mat\u00e9riau de nettoyage est exempt de r\u00e9tention.<\/li> <li>Volume : 5L, 10L<\/li> <\/ol> <h4>Fonction des flocons de plastique fabriqu\u00e9s par la ligne de lavage de bouteilles en plastique<\/h4> <ol> <li>M\u00e9thode de chauffage : utilisation du charbon ou du gaz naturel pour le chauffage<\/li> <li>Temp\u00e9rature de chauffage du mat\u00e9riau : pas plus de 90\u00b0C<\/li> <li>Vitesse de brassage : 15 ~ 120 tr\/min (vitesse constante)<\/li> <li>Le d\u00e9shydrateur de flocons en plastique est la derni\u00e8re machine principale de toute la ligne de recyclage de bouteilles en plastique PET. Il d\u00e9shydrate et s\u00e8che principalement les mat\u00e9riaux. Avec l'aide de la machine de d\u00e9shydratation en plastique, les flocons de plastique nettoy\u00e9s peuvent entrer directement dans le bac tampon.<\/li> <\/ol> <h3>Machine de d\u00e9shydratation en plastique<\/h3> <p>Refabriquer des bouteilles en plastique PET. Les flocons de plastique recycl\u00e9s ne doivent pas \u00eatre en contact direct avec les aliments. Cependant, vous pouvez les utiliser dans la couche interm\u00e9diaire des bouteilles en plastique PET \u00e0 trois couches, puis les transformer en bouteilles de boissons gazeuses.<\/p> <figure id=\"attachment_5478\" aria-describedby=\"caption-attachment-5478\" style=\"width: 750px\" class=\"wp-caption aligncenter\"><img loading=\"lazy\" decoding=\"async\" class=\"size-full wp-image-5478\" src=\"https:\/\/recyclingequipinc.com\/wp-content\/uploads\/2021\/09\/Plastic-Dewatering-Machine.jpg\" alt=\"Machine de d\u00e9shydratation en plastique\" width=\"750\" height=\"750\" srcset=\"https:\/\/recyclingequipinc.com\/wp-content\/uploads\/2021\/09\/Plastic-Dewatering-Machine.jpg 750w, https:\/\/recyclingequipinc.com\/wp-content\/uploads\/2021\/09\/Plastic-Dewatering-Machine-100x100.jpg 100w, https:\/\/recyclingequipinc.com\/wp-content\/uploads\/2021\/09\/Plastic-Dewatering-Machine-300x300.jpg 300w, https:\/\/recyclingequipinc.com\/wp-content\/uploads\/2021\/09\/Plastic-Dewatering-Machine-150x150.jpg 150w, https:\/\/recyclingequipinc.com\/wp-content\/uploads\/2021\/09\/Plastic-Dewatering-Machine-600x600.jpg 600w\" sizes=\"(max-width: 750px) 100vw, 750px\" \/><figcaption id=\"caption-attachment-5478\" class=\"wp-caption-text\">Machine de d\u00e9shydratation en plastique<\/figcaption><\/figure> <h2>Le s\u00e9parateur d'\u00e9tiquettes en plastique est la machine pour enlever les \u00e9tiquettes des bouteilles en plastique. Sous l'action de la rotation de la machine, la plaque \u00e0 clous \u00e0 l'int\u00e9rieur du s\u00e9parateur d'\u00e9tiquettes en plastique peut enlever l'\u00e9tiquette du corps de la bouteille. Apr\u00e8s avoir enlev\u00e9 l'\u00e9tiquette, le ventilateur au-dessus du s\u00e9parateur de bouteilles en plastique peut souffler l'\u00e9tiquette hors du fuselage. Parce que le taux de s\u00e9paration de ce s\u00e9parateur d'\u00e9tiquettes en plastique est compris entre 98% - 99%. Compar\u00e9 \u00e0 ses concurrents, la machine de Shuliy pr\u00e9sente de grands avantages en termes de taux de s\u00e9paration.<\/h2> <ul> <li>Les flocons de plastique PET peuvent \u00eatre transform\u00e9s en fibre et utilis\u00e9s comme sacs de couchage, matelas, oreiller, feutre, etc.<\/li> <li>En plus de fabriquer des bouteilles en plastique PET, vous pouvez les utiliser pour fabriquer des enjoliveurs de roues de voiture, etc. <a href=\"https:\/\/en.wikipedia.org\/wiki\/Felt\" target=\"_blank\" rel=\"noopener\">Nom de l'article<\/a>Machine de nettoyage par frottement en plastique<\/li> <li>400-600 kg\/h<\/li> <\/ul>","protected":false},"excerpt":{"rendered":"<p class=\"translation-block\"><strong><b>Ligne de lavage de bouteilles PET<\/b><\/strong> comprend au moins un r\u00e9servoir de lavage, un r\u00e9servoir de lavage \u00e0 l'eau chaude et une machine de nettoyage par friction<strong><b>.<\/b><\/strong> Si le budget est \u00e9lev\u00e9 ou si vous recherchez des produits finis plus clairs, vous pouvez augmenter le nombre de r\u00e9servoirs de lavage, de r\u00e9servoirs de lavage \u00e0 l'eau chaude, de machines de nettoyage par friction \u00e0 deux ou trois. La ligne d'\u00e9quipement de lavage peut \u00eatre personnalis\u00e9e selon vos besoins.<\/p>","protected":false},"featured_media":4497,"template":"","meta":{"site-sidebar-layout":"default","site-content-layout":"default","ast-site-content-layout":"default","site-content-style":"default","site-sidebar-style":"default","ast-global-header-display":"","ast-banner-title-visibility":"","ast-main-header-display":"","ast-hfb-above-header-display":"","ast-hfb-below-header-display":"","ast-hfb-mobile-header-display":"","site-post-title":"","ast-breadcrumbs-content":"","ast-featured-img":"","footer-sml-layout":"","ast-disable-related-posts":"","theme-transparent-header-meta":"default","adv-header-id-meta":"","stick-header-meta":"default","header-above-stick-meta":"","header-main-stick-meta":"","header-below-stick-meta":"","astra-migrate-meta-layouts":"default","ast-page-background-enabled":"default","ast-page-background-meta":{"desktop":{"background-color":"","background-image":"","background-repeat":"repeat","background-position":"center center","background-size":"auto","background-attachment":"scroll","background-type":"","background-media":"","overlay-type":"","overlay-color":"","overlay-opacity":"","overlay-gradient":""},"tablet":{"background-color":"","background-image":"","background-repeat":"repeat","background-position":"center center","background-size":"auto","background-attachment":"scroll","background-type":"","background-media":"","overlay-type":"","overlay-color":"","overlay-opacity":"","overlay-gradient":""},"mobile":{"background-color":"","background-image":"","background-repeat":"repeat","background-position":"center center","background-size":"auto","background-attachment":"scroll","background-type":"","background-media":"","overlay-type":"","overlay-color":"","overlay-opacity":"","overlay-gradient":""}},"ast-content-background-meta":{"desktop":{"background-color":"var(--ast-global-color-5)","background-image":"","background-repeat":"repeat","background-position":"center center","background-size":"auto","background-attachment":"scroll","background-type":"","background-media":"","overlay-type":"","overlay-color":"","overlay-opacity":"","overlay-gradient":""},"tablet":{"background-color":"var(--ast-global-color-5)","background-image":"","background-repeat":"repeat","background-position":"center center","background-size":"auto","background-attachment":"scroll","background-type":"","background-media":"","overlay-type":"","overlay-color":"","overlay-opacity":"","overlay-gradient":""},"mobile":{"background-color":"var(--ast-global-color-5)","background-image":"","background-repeat":"repeat","background-position":"center center","background-size":"auto","background-attachment":"scroll","background-type":"","background-media":"","overlay-type":"","overlay-color":"","overlay-opacity":"","overlay-gradient":""}}},"product_brand":[],"product_cat":[36],"product_tag":[88,95],"class_list":{"0":"post-4386","1":"product","2":"type-product","3":"status-publish","4":"has-post-thumbnail","6":"product_cat-plastic-recycling-machine","7":"product_tag-pet-recycling","8":"product_tag-washing","9":"desktop-align-center","10":"tablet-align-center","11":"mobile-align-center","13":"first","14":"instock","15":"shipping-taxable","16":"product-type-simple"},"_links":{"self":[{"href":"https:\/\/recyclingequipinc.com\/fr\/wp-json\/wp\/v2\/product\/4386","targetHints":{"allow":["GET"]}}],"collection":[{"href":"https:\/\/recyclingequipinc.com\/fr\/wp-json\/wp\/v2\/product"}],"about":[{"href":"https:\/\/recyclingequipinc.com\/fr\/wp-json\/wp\/v2\/types\/product"}],"version-history":[{"count":0,"href":"https:\/\/recyclingequipinc.com\/fr\/wp-json\/wp\/v2\/product\/4386\/revisions"}],"wp:featuredmedia":[{"embeddable":true,"href":"https:\/\/recyclingequipinc.com\/fr\/wp-json\/wp\/v2\/media\/4497"}],"wp:attachment":[{"href":"https:\/\/recyclingequipinc.com\/fr\/wp-json\/wp\/v2\/media?parent=4386"}],"wp:term":[{"taxonomy":"product_brand","embeddable":true,"href":"https:\/\/recyclingequipinc.com\/fr\/wp-json\/wp\/v2\/product_brand?post=4386"},{"taxonomy":"product_cat","embeddable":true,"href":"https:\/\/recyclingequipinc.com\/fr\/wp-json\/wp\/v2\/product_cat?post=4386"},{"taxonomy":"product_tag","embeddable":true,"href":"https:\/\/recyclingequipinc.com\/fr\/wp-json\/wp\/v2\/product_tag?post=4386"}],"curies":[{"name":"wp","href":"https:\/\/api.w.org\/{rel}","templated":true}]}}