{"id":4383,"date":"2021-09-13T09:30:46","date_gmt":"2021-09-13T09:30:46","guid":{"rendered":"https:\/\/recyclingequipinc.com\/?post_type=product&#038;p=4383"},"modified":"2025-11-13T11:21:14","modified_gmt":"2025-11-13T03:21:14","slug":"machine-a-balles-horizontale","status":"publish","type":"product","link":"https:\/\/recyclingequipinc.com\/fr\/product\/horizontal-baler\/","title":{"rendered":"Presse horizontale"},"content":{"rendered":"<p class=\"translation-block\"><strong>Broyeur horizontal<\/strong> est une machine de recyclage industrielle, largement utilis\u00e9e pour le ballottage de papier, bouteilles en plastique, canettes de boisson, paille, pneus usag\u00e9s, bo\u00eetes en papier, canettes en aluminium, carton, v\u00eatements et chaussures usag\u00e9s, laine, coton, etc. Cette machine de compactage de ferraille est votre solution pour transformer des d\u00e9chets volumineux et peu valoris\u00e9s en balles denses, uniformes et tr\u00e8s rentables, pr\u00eates pour la fili\u00e8re.<\/p> <p class=\"translation-block\">Compar\u00e9 au <a href=\"https:\/\/recyclingequipinc.com\/fr\/produit\/presse-a-balles-verticale\/\">broyeur vertical<\/a>, la machine de pressage horizontale a une capacit\u00e9 plus grande, une force de compression plus forte et une production plus \u00e9lev\u00e9e. Quel que soit le type de broyeur, la soci\u00e9t\u00e9 Shuliy supporte la personnalisation selon vos besoins.<\/p> <h2>Notre s\u00e9rie de broyeurs horizontaux \u00e0 haute densit\u00e9 \u00e0 extr\u00e9mit\u00e9 ferm\u00e9e<\/h2> <p>Nous sommes sp\u00e9cialis\u00e9s dans les broyeurs \u00e0 extr\u00e9mit\u00e9 ferm\u00e9e robustes \u2014 le choix pr\u00e9f\u00e9r\u00e9 pour les op\u00e9rations n\u00e9cessitant une densit\u00e9 de balle sup\u00e9rieure et une flexibilit\u00e9 multi-mat\u00e9riaux. Ces broyeurs hydrauliques offrent la puissance immense d'un broyeur industriel de grande \u00e9chelle dans un ensemble fiable, semi-automatique, \u00e0 liens manuels.<\/p> <p>Choisissez le mod\u00e8le adapt\u00e9 \u00e0 vos besoins de d\u00e9bit :<\/p> <table style=\"border-collapse: collapse; width: 100%;\"> <tbody> <tr> <td style=\"width: 20%;\">Mod\u00e8le<\/td> <td style=\"width: 20%;\">Force du piston (pression)<\/td> <td style=\"width: 20%;\">Capacit\u00e9 (d\u00e9bit)<\/td> <td style=\"width: 20%;\">Poids de la balle (estim\u00e9 OCC)<\/td> <td style=\"width: 20%;\">Application cl\u00e9<\/td> <\/tr> <tr> <td style=\"width: 20%;\">SL-120<\/td> <td style=\"width: 20%;\">120 tonnes<\/td> <td style=\"width: 20%;\">25-30 t\/jour<\/td> <td style=\"width: 20%;\">0,7-0,8 t\/balle<\/td> <td style=\"width: 20%;\">Flux de papier usag\u00e9 de capacit\u00e9 moyenne, vari\u00e9<\/td> <\/tr> <tr> <td style=\"width: 20%;\">SL-160<\/td> <td style=\"width: 20%;\">160 tonnes<\/td> <td style=\"width: 20%;\">5-8 t\/h<\/td> <td style=\"width: 20%;\">1,0-1,3 t\/balle<\/td> <td style=\"width: 20%;\">Compactage \u00e0 volume \u00e9lev\u00e9 pour la logistique et la distribution<\/td> <\/tr> <tr> <td style=\"width: 20%;\">SL-180<\/td> <td style=\"width: 20%;\">180 tonnes<\/td> <td style=\"width: 20%;\">4-8 t\/h<\/td> <td style=\"width: 20%;\">0,5-1,0 t\/balle<\/td> <td style=\"width: 20%;\">Densit\u00e9 ultime pour des mat\u00e9riaux difficiles comme les bouteilles PET et les pneus<\/td> <\/tr> <\/tbody> <\/table> <h2>Pourquoi nos machines de pressage sont-elles un investissement plus intelligent ?<\/h2> <p>Lors de la comparaison des \u00e9quipements de compactage, le co\u00fbt total de possession est important. Notre conception se concentre sur deux facteurs critiques : efficacit\u00e9 op\u00e9rationnelle maximale et d\u00e9penses minimales \u00e0 long terme.<\/p> <h3>1. Efficacit\u00e9 \u00e9nerg\u00e9tique in\u00e9gal\u00e9e : \u00c9conomisez 33%<\/h3> <p>Notre circuit hydraulique avanc\u00e9 n'est pas seulement puissant \u2014 il est remarquablement efficace. Utilisant un syst\u00e8me de pompe \u00e0 double pression haute-basse avec des composants import\u00e9s, cette conception vous assure une force maximale de 180T tout en r\u00e9duisant la consommation d'\u00e9nergie jusqu'\u00e0 33 % par rapport aux presses de g\u00e9n\u00e9ration pr\u00e9c\u00e9dente. C'est une \u00e9conomie consid\u00e9rable, augmentant directement votre marge b\u00e9n\u00e9ficiaire.<\/p> <h3>2. Qualit\u00e9 de balle sup\u00e9rieure pour des profits plus \u00e9lev\u00e9s<\/h3> <p>Notre conception de broyeur horizontal \u00e0 extr\u00e9mit\u00e9 ferm\u00e9e compresse le mat\u00e9riau contre une porte solide, garantissant que chaque balle est parfaitement compacte et de dimensions uniformes. Atteindre des densit\u00e9s \u2265 450 kg\/m\u00b3 signifie que votre produit fini est maximis\u00e9 pour la valeur en usine et minimis\u00e9 en co\u00fbts de fret.<\/p> <h3>3. Con\u00e7u pour la robustesse : fiabilit\u00e9 industrielle<\/h3> <p>La durabilit\u00e9 n'est pas une option ; c'est une caract\u00e9ristique standard. Chaque presse \u00e0 recyclage est construite en acier structurel \u00e0 haute r\u00e9sistance. Les zones sujettes \u00e0 une usure importante, en particulier dans la chambre de compression, sont \u00e9quip\u00e9es de rev\u00eatements rempla\u00e7ables et r\u00e9sistants \u00e0 l'abrasion pour garantir une long\u00e9vit\u00e9 et minimiser les temps d'arr\u00eat pour maintenance. La qualit\u00e9 de fabrication robuste garantit des ann\u00e9es de service fiable dans tout environnement industriel exigeant.<\/p> <h2>Principe de fonctionnement des broyeurs de d\u00e9chets Shuliy<\/h2> <p class=\"translation-block\">Le broyeur hydraulique se compose d'un convoyeur d'alimentation, d'une auge d'alimentation, d'un panneau de contr\u00f4le <a href=\"https:\/\/en.wikipedia.org\/wiki\/Programmable_logic_controller\" target=\"_blank\" rel=\"noopener\">PLC<\/a>, d'une poulie de d\u00e9charge, d'un cylindre hydraulique, etc. Le fonctionnement de notre broyeur horizontal est optimis\u00e9 pour une efficacit\u00e9 maximale :<\/p> <ol> <li><strong>Alimentation :<\/strong> Le mat\u00e9riau est continuellement aliment\u00e9, souvent via un convoyeur standard, dans le tr\u00e9mie de grande capacit\u00e9.<\/li> <li><strong>Cycle de compression :<\/strong> Le syst\u00e8me PLC lance le cycle automatique. Le piston hydraulique principal entra\u00eene la t\u00eate de presse horizontalement. Il pousse le mat\u00e9riau dans la chambre de ballottage avec une force extr\u00eame, le compactant contre la porte de retenue ferm\u00e9e.<\/li> <li><strong>Ach\u00e8vement de la balle :<\/strong> Ce cycle de compression horizontal et cyclique continue jusqu'\u00e0 ce que la balle dense atteigne la longueur pr\u00e9d\u00e9finie.<\/li> <li><strong>Fermeture &amp; \u00c9jection :<\/strong> L'op\u00e9rateur s\u00e9curise manuellement la balle finie en utilisant le syst\u00e8me \u00e0 cinq fils. Une fois attach\u00e9e, la porte de la chambre s'ouvre, et le piston s'\u00e9tend automatiquement pour \u00e9jecter la balle de haute densit\u00e9 parfaitement form\u00e9e.<\/li> <\/ol> <h2>Polyvalence compl\u00e8te des mat\u00e9riaux<\/h2> <p>De la film plastique l\u00e9ger au ferraille lourde en aluminium, nos broyeurs horizontaux les traitent tous. La puissance et la structure sont con\u00e7ues pour traiter les mat\u00e9riaux les plus difficiles, vous n'avez besoin que d'une seule machine pour divers besoins de gestion des d\u00e9chets.<\/p> <table style=\"border-collapse: collapse; width: 100%;\"> <tbody> <tr> <td style=\"width: 25%;\">Mat\u00e9riaux trait\u00e9s<\/td> <td style=\"width: 25%;\">Sources et applications courantes<\/td> <\/tr> <tr> <td style=\"width: 25%;\">Papier et carton<\/td> <td style=\"width: 25%;\">OCC (Carton ondul\u00e9 usag\u00e9), papier de bureau, papier usag\u00e9<\/td> <\/tr> <tr> <td style=\"width: 25%;\">Plastiques<\/td> <td style=\"width: 25%;\">Bouteilles PET, HDPE, film plastique, contenants rigides<\/td> <\/tr> <tr> <td style=\"width: 25%;\">Fibres<\/td> <td style=\"width: 25%;\">Pneus usag\u00e9s, paille, foin, v\u00eatements et textiles usag\u00e9s<\/td> <\/tr> <tr> <td style=\"width: 25%;\">M\u00e9taux l\u00e9gers<\/td> <td style=\"width: 25%;\">Canettes en aluminium, bo\u00eetes en fer-blanc, ferraille l\u00e9g\u00e8re<\/td> <\/tr> <\/tbody> <\/table> <p class=\"translation-block\">De plus, nous disposons \u00e9galement de <a href=\"https:\/\/recyclingequipinc.com\/fr\/produit\/presse-a-balles-pour-metaux-usages\/\">broyeurs de m\u00e9taux ferreux<\/a> sp\u00e9cialement con\u00e7us pour l'emballage lourd en m\u00e9tal.<\/p> <h2>Donn\u00e9es sp\u00e9cifiques de notre broyeur horizontal \u00e0 vendre<\/h2> <table style=\"border-collapse: collapse; width: 100%; height: 477px;\"> <tbody> <tr style=\"height: 53px;\"> <td style=\"width: 25%; height: 53px;\">Caract\u00e9ristique<\/td> <td style=\"width: 25%; height: 53px;\">SL-120<\/td> <td style=\"width: 25%; height: 53px;\">SL-160<\/td> <td style=\"width: 25%; height: 53px;\">SL-180<\/td> <\/tr> <tr style=\"height: 53px;\"> <td style=\"width: 25%; height: 53px;\">Force du piston (pression)<\/td> <td style=\"width: 25%; height: 53px;\">120 tonnes (28 MPa)<\/td> <td style=\"width: 25%; height: 53px;\">160 tonnes (31,5 MPa)<\/td> <td style=\"width: 25%; height: 53px;\">180 tonnes (31,5 MPa)<\/td> <\/tr> <tr style=\"height: 53px;\"> <td style=\"width: 25%; height: 53px;\">Puissance du moteur principal<\/td> <td style=\"width: 25%; height: 53px;\">22 kW<\/td> <td style=\"width: 25%; height: 53px;\">37 kW<\/td> <td style=\"width: 25%; height: 53px;\">37 kW<\/td> <\/tr> <tr style=\"height: 53px;\"> <td style=\"width: 25%; height: 53px;\">Capacit\u00e9 (d\u00e9bit)<\/td> <td style=\"width: 25%; height: 53px;\">25-30 t\/jour<\/td> <td style=\"width: 25%; height: 53px;\">5-8 t\/h<\/td> <td style=\"width: 25%; height: 53px;\">4-8 t\/h<\/td> <\/tr> <tr style=\"height: 53px;\"> <td style=\"width: 25%; height: 53px;\">Taille d'ouverture d'alimentation<\/td> <td style=\"width: 25%; height: 53px;\">1700*1020 mm<\/td> <td style=\"width: 25%; height: 53px;\">1650*1100 mm<\/td> <td style=\"width: 25%; height: 53px;\">1650*1100 mm<\/td> <\/tr> <tr style=\"height: 53px;\"> <td style=\"width: 25%; height: 53px;\">Taille de la balle (L*H*W)<\/td> <td style=\"width: 25%; height: 53px;\">600*600*L (ajust.)<\/td> <td style=\"width: 25%; height: 53px;\">1100*1250*L (ajust.)<\/td> <td style=\"width: 25%; height: 53px;\">1100*1250*L (ajust.)<\/td> <\/tr> <tr style=\"height: 53px;\"> <td style=\"width: 25%; height: 53px;\">Densit\u00e9 de balle (estim\u00e9e)<\/td> <td style=\"width: 25%; height: 53px;\">~450 kg\/m\u00b3<\/td> <td style=\"width: 25%; height: 53px;\">~450 kg\/m\u00b3<\/td> <td style=\"width: 25%; height: 53px;\">~450 kg\/m\u00b3<\/td> <\/tr> <tr style=\"height: 53px;\"> <td style=\"width: 25%; height: 53px;\">M\u00e9thode de typage<\/td> <td style=\"width: 25%; height: 53px;\">Liage manuel<\/td> <td style=\"width: 25%; height: 53px;\">Liage manuel \u00e0 5 fils<\/td> <td style=\"width: 25%; height: 53px;\">Liage manuel \u00e0 5 fils<\/td> <\/tr> <tr style=\"height: 53px;\"> <td style=\"width: 25%; height: 53px;\">Convoyeur (Standard)<\/td> <td style=\"width: 25%; height: 53px;\">Optionnel<\/td> <td style=\"width: 25%; height: 53px;\">10,5*2 m (Std.)<\/td> <td style=\"width: 25%; height: 53px;\">10,5*2 m (Std.)<\/td> <\/tr> <\/tbody> <\/table> <h2>Pr\u00eat \u00e0 optimiser votre flux de d\u00e9chets ?<\/h2> <p>Maximisez la densit\u00e9, minimisez les co\u00fbts. Notre \u00e9quipe d'experts en \u00e9quipements de recyclage est pr\u00eate \u00e0 fournir une solution de compactage personnalis\u00e9e qui s'int\u00e8gre parfaitement \u00e0 votre installation.<\/p> <p>Contactez-nous d\u00e8s aujourd'hui pour un devis d\u00e9taill\u00e9 et une analyse de retour sur investissement gratuite et sans engagement sur nos broyeurs horizontaux haute performance !<\/p>","protected":false},"excerpt":{"rendered":"<ul> <li><strong>180 tonnes de force :<\/strong> Atteindre une densit\u00e9 \u2265 450 kg\/m\u00b3<\/li> <li><strong>\u00c9conomie d'\u00e9nergie de 33 % :<\/strong> R\u00e9duire les co\u00fbts op\u00e9rationnels<\/li> <li><strong>D\u00e9bit \u00e9lev\u00e9 :<\/strong> Traitez 5-8 tonnes par heure.<\/li> <li><strong>De qualit\u00e9 industrielle :<\/strong> Con\u00e7u pour un recyclage intensif 24\/7.<\/li> <\/ul>","protected":false},"featured_media":4474,"template":"","meta":{"site-sidebar-layout":"default","site-content-layout":"default","ast-site-content-layout":"default","site-content-style":"default","site-sidebar-style":"default","ast-global-header-display":"","ast-banner-title-visibility":"","ast-main-header-display":"","ast-hfb-above-header-display":"","ast-hfb-below-header-display":"","ast-hfb-mobile-header-display":"","site-post-title":"","ast-breadcrumbs-content":"","ast-featured-img":"","footer-sml-layout":"","ast-disable-related-posts":"","theme-transparent-header-meta":"default","adv-header-id-meta":"","stick-header-meta":"default","header-above-stick-meta":"","header-main-stick-meta":"","header-below-stick-meta":"","astra-migrate-meta-layouts":"set","ast-page-background-enabled":"default","ast-page-background-meta":{"desktop":{"background-color":"","background-image":"","background-repeat":"repeat","background-position":"center center","background-size":"auto","background-attachment":"scroll","background-type":"","background-media":"","overlay-type":"","overlay-color":"","overlay-opacity":"","overlay-gradient":""},"tablet":{"background-color":"","background-image":"","background-repeat":"repeat","background-position":"center center","background-size":"auto","background-attachment":"scroll","background-type":"","background-media":"","overlay-type":"","overlay-color":"","overlay-opacity":"","overlay-gradient":""},"mobile":{"background-color":"","background-image":"","background-repeat":"repeat","background-position":"center center","background-size":"auto","background-attachment":"scroll","background-type":"","background-media":"","overlay-type":"","overlay-color":"","overlay-opacity":"","overlay-gradient":""}},"ast-content-background-meta":{"desktop":{"background-color":"var(--ast-global-color-5)","background-image":"","background-repeat":"repeat","background-position":"center center","background-size":"auto","background-attachment":"scroll","background-type":"","background-media":"","overlay-type":"","overlay-color":"","overlay-opacity":"","overlay-gradient":""},"tablet":{"background-color":"var(--ast-global-color-5)","background-image":"","background-repeat":"repeat","background-position":"center center","background-size":"auto","background-attachment":"scroll","background-type":"","background-media":"","overlay-type":"","overlay-color":"","overlay-opacity":"","overlay-gradient":""},"mobile":{"background-color":"var(--ast-global-color-5)","background-image":"","background-repeat":"repeat","background-position":"center center","background-size":"auto","background-attachment":"scroll","background-type":"","background-media":"","overlay-type":"","overlay-color":"","overlay-opacity":"","overlay-gradient":""}}},"product_brand":[],"product_cat":[34],"product_tag":[74,75],"class_list":{"0":"post-4383","1":"product","2":"type-product","3":"status-publish","4":"has-post-thumbnail","6":"product_cat-industrial-baler","7":"product_tag-baler","8":"product_tag-industry-baler","9":"desktop-align-center","10":"tablet-align-center","11":"mobile-align-center","13":"first","14":"instock","15":"shipping-taxable","16":"product-type-simple"},"_links":{"self":[{"href":"https:\/\/recyclingequipinc.com\/fr\/wp-json\/wp\/v2\/product\/4383","targetHints":{"allow":["GET"]}}],"collection":[{"href":"https:\/\/recyclingequipinc.com\/fr\/wp-json\/wp\/v2\/product"}],"about":[{"href":"https:\/\/recyclingequipinc.com\/fr\/wp-json\/wp\/v2\/types\/product"}],"version-history":[{"count":0,"href":"https:\/\/recyclingequipinc.com\/fr\/wp-json\/wp\/v2\/product\/4383\/revisions"}],"wp:featuredmedia":[{"embeddable":true,"href":"https:\/\/recyclingequipinc.com\/fr\/wp-json\/wp\/v2\/media\/4474"}],"wp:attachment":[{"href":"https:\/\/recyclingequipinc.com\/fr\/wp-json\/wp\/v2\/media?parent=4383"}],"wp:term":[{"taxonomy":"product_brand","embeddable":true,"href":"https:\/\/recyclingequipinc.com\/fr\/wp-json\/wp\/v2\/product_brand?post=4383"},{"taxonomy":"product_cat","embeddable":true,"href":"https:\/\/recyclingequipinc.com\/fr\/wp-json\/wp\/v2\/product_cat?post=4383"},{"taxonomy":"product_tag","embeddable":true,"href":"https:\/\/recyclingequipinc.com\/fr\/wp-json\/wp\/v2\/product_tag?post=4383"}],"curies":[{"name":"wp","href":"https:\/\/api.w.org\/{rel}","templated":true}]}}