{"id":4380,"date":"2021-09-13T09:23:52","date_gmt":"2021-09-13T09:23:52","guid":{"rendered":"https:\/\/recyclingequipinc.com\/?post_type=product&#038;p=4380"},"modified":"2025-01-20T10:23:57","modified_gmt":"2025-01-20T02:23:57","slug":"convoyeur-a-bande","status":"publish","type":"product","link":"https:\/\/recyclingequipinc.com\/fr\/product\/belt-conveyor\/","title":{"rendered":"Table de triage des bouteilles en plastique"},"content":{"rendered":"<p class=\"translation-block\">La table de tri des bouteilles en plastique est la machine de base dans diff\u00e9rents domaines et lignes de production. Elle est compos\u00e9e d'un cadre en acier avec un convoyeur \u00e0 bande, d'une bande en PVC avec un grattoir, de poulies, d'un <a href=\"https:\/\/en.wikipedia.org\/wiki\/Motor_(disambiguation)\" target=\"_blank\" rel=\"noopener\">moteur<\/a> \u00e0 vitesse r\u00e9glable, etc. L'\u00e9quipement transporte principalement des plastiques PP ou PE vers la machine de broyage et de lavage dans la <a href=\"https:\/\/recyclingequipinc.com\/fr\/produit\/machine-de-recyclage-de-films-plastiques\/\"><strong>ligne de recyclage des films plastiques<\/strong><\/a>. Il peut \u00e9galement \u00eatre utilis\u00e9 pour transporter des bouteilles vers des machines de suppression d'\u00e9tiquettes dans la <a href=\"https:\/\/recyclingequipinc.com\/fr\/produit\/machine-de-recyclage-de-bouteilles-en-plastique\/\"><strong>ligne de recyclage des bouteilles PET<\/strong><\/a>. Si le client souhaite s\u00e9lectionner ces bouteilles sans retirer compl\u00e8tement l'\u00e9tiquette et d'autres bouteilles en plastique, nous pouvons fournir une autre machine de tri des bouteilles en plastique.<\/p> <figure id=\"attachment_5648\" aria-describedby=\"caption-attachment-5648\" style=\"width: 720px\" class=\"wp-caption aligncenter\"><img fetchpriority=\"high\" decoding=\"async\" class=\"size-full wp-image-5648\" src=\"https:\/\/recyclingequipinc.com\/wp-content\/uploads\/2021\/09\/plastic-bottle-sorting-table.jpg\" alt=\"table de tri des bouteilles en plastique\" width=\"720\" height=\"540\" srcset=\"https:\/\/recyclingequipinc.com\/wp-content\/uploads\/2021\/09\/plastic-bottle-sorting-table.jpg 720w, https:\/\/recyclingequipinc.com\/wp-content\/uploads\/2021\/09\/plastic-bottle-sorting-table-300x225.jpg 300w, https:\/\/recyclingequipinc.com\/wp-content\/uploads\/2021\/09\/plastic-bottle-sorting-table-600x450.jpg 600w\" sizes=\"(max-width: 720px) 100vw, 720px\" \/><figcaption id=\"caption-attachment-5648\" class=\"wp-caption-text\">table de tri des bouteilles en plastique<\/figcaption><\/figure> <p>Par cons\u00e9quent, la table de tri des bouteilles en plastique est g\u00e9n\u00e9ralement l'un des premiers produits d'am\u00e9lioration de la productivit\u00e9 achet\u00e9s par les usines de recyclage de plastique. Bien qu'il existe de nombreux types de convoyeurs \u00e0 bande, le type le plus simple est le type \u00e0 lit glissant. Lorsqu'il est connect\u00e9 \u00e0 des capteurs et \u00e0 d'autres \u00e9quipements d'automatisation, le syst\u00e8me de convoyeur \u00e0 bande peut consid\u00e9rablement am\u00e9liorer la productivit\u00e9. Par cons\u00e9quent, il est indispensable dans les grandes lignes de production de recyclage de PET en plastique.<\/p> <p>Pour am\u00e9liorer la puret\u00e9 des flocons de PET final, il est pr\u00e9f\u00e9rable de s\u00e9lectionner ce mat\u00e9riau diff\u00e9rent avant l'entr\u00e9e des bouteilles dans le broyeur en plastique. Par exemple, triez les bouchons de bouteilles en PP, les films en PE, etc. des bouteilles en PET. La taille du convoyeur \u00e0 bande peut \u00eatre personnalis\u00e9e selon vos besoins, tels que la longueur et la largeur.<\/p>","protected":false},"excerpt":{"rendered":"<p>Pour am\u00e9liorer la puret\u00e9 des flocons de PET final, il est pr\u00e9f\u00e9rable de s\u00e9lectionner ce mat\u00e9riau diff\u00e9rent avant l'entr\u00e9e des bouteilles dans le broyeur en plastique. Par exemple, triez les bouchons de bouteilles en PP, les films en PE, etc. des bouteilles en PET. Les tailles des convoyeurs \u00e0 bande peuvent \u00eatre personnalis\u00e9es selon vos besoins.<\/p>","protected":false},"featured_media":5657,"template":"","meta":{"site-sidebar-layout":"default","site-content-layout":"default","ast-site-content-layout":"default","site-content-style":"default","site-sidebar-style":"default","ast-global-header-display":"","ast-banner-title-visibility":"","ast-main-header-display":"","ast-hfb-above-header-display":"","ast-hfb-below-header-display":"","ast-hfb-mobile-header-display":"","site-post-title":"","ast-breadcrumbs-content":"","ast-featured-img":"","footer-sml-layout":"","ast-disable-related-posts":"","theme-transparent-header-meta":"default","adv-header-id-meta":"","stick-header-meta":"default","header-above-stick-meta":"","header-main-stick-meta":"","header-below-stick-meta":"","astra-migrate-meta-layouts":"default","ast-page-background-enabled":"default","ast-page-background-meta":{"desktop":{"background-color":"","background-image":"","background-repeat":"repeat","background-position":"center center","background-size":"auto","background-attachment":"scroll","background-type":"","background-media":"","overlay-type":"","overlay-color":"","overlay-opacity":"","overlay-gradient":""},"tablet":{"background-color":"","background-image":"","background-repeat":"repeat","background-position":"center center","background-size":"auto","background-attachment":"scroll","background-type":"","background-media":"","overlay-type":"","overlay-color":"","overlay-opacity":"","overlay-gradient":""},"mobile":{"background-color":"","background-image":"","background-repeat":"repeat","background-position":"center center","background-size":"auto","background-attachment":"scroll","background-type":"","background-media":"","overlay-type":"","overlay-color":"","overlay-opacity":"","overlay-gradient":""}},"ast-content-background-meta":{"desktop":{"background-color":"var(--ast-global-color-5)","background-image":"","background-repeat":"repeat","background-position":"center center","background-size":"auto","background-attachment":"scroll","background-type":"","background-media":"","overlay-type":"","overlay-color":"","overlay-opacity":"","overlay-gradient":""},"tablet":{"background-color":"var(--ast-global-color-5)","background-image":"","background-repeat":"repeat","background-position":"center center","background-size":"auto","background-attachment":"scroll","background-type":"","background-media":"","overlay-type":"","overlay-color":"","overlay-opacity":"","overlay-gradient":""},"mobile":{"background-color":"var(--ast-global-color-5)","background-image":"","background-repeat":"repeat","background-position":"center center","background-size":"auto","background-attachment":"scroll","background-type":"","background-media":"","overlay-type":"","overlay-color":"","overlay-opacity":"","overlay-gradient":""}}},"product_brand":[],"product_cat":[36],"product_tag":[90],"class_list":{"0":"post-4380","1":"product","2":"type-product","3":"status-publish","4":"has-post-thumbnail","6":"product_cat-plastic-recycling-machine","7":"product_tag-pet-part","8":"desktop-align-center","9":"tablet-align-center","10":"mobile-align-center","12":"first","13":"instock","14":"shipping-taxable","15":"product-type-simple"},"_links":{"self":[{"href":"https:\/\/recyclingequipinc.com\/fr\/wp-json\/wp\/v2\/product\/4380","targetHints":{"allow":["GET"]}}],"collection":[{"href":"https:\/\/recyclingequipinc.com\/fr\/wp-json\/wp\/v2\/product"}],"about":[{"href":"https:\/\/recyclingequipinc.com\/fr\/wp-json\/wp\/v2\/types\/product"}],"version-history":[{"count":0,"href":"https:\/\/recyclingequipinc.com\/fr\/wp-json\/wp\/v2\/product\/4380\/revisions"}],"wp:featuredmedia":[{"embeddable":true,"href":"https:\/\/recyclingequipinc.com\/fr\/wp-json\/wp\/v2\/media\/5657"}],"wp:attachment":[{"href":"https:\/\/recyclingequipinc.com\/fr\/wp-json\/wp\/v2\/media?parent=4380"}],"wp:term":[{"taxonomy":"product_brand","embeddable":true,"href":"https:\/\/recyclingequipinc.com\/fr\/wp-json\/wp\/v2\/product_brand?post=4380"},{"taxonomy":"product_cat","embeddable":true,"href":"https:\/\/recyclingequipinc.com\/fr\/wp-json\/wp\/v2\/product_cat?post=4380"},{"taxonomy":"product_tag","embeddable":true,"href":"https:\/\/recyclingequipinc.com\/fr\/wp-json\/wp\/v2\/product_tag?post=4380"}],"curies":[{"name":"wp","href":"https:\/\/api.w.org\/{rel}","templated":true}]}}