{"id":4373,"date":"2021-09-13T09:10:17","date_gmt":"2021-09-13T09:10:17","guid":{"rendered":"https:\/\/recyclingequipinc.com\/?post_type=product&#038;p=4373"},"modified":"2025-06-04T14:01:14","modified_gmt":"2025-06-04T06:01:14","slug":"machine-de-recyclage-de-bouteilles-en-plastique","status":"publish","type":"product","link":"https:\/\/recyclingequipinc.com\/fr\/product\/pet-bottle-recycling-machine\/","title":{"rendered":"Machine de recyclage de bouteilles PET"},"content":{"rendered":"<p class=\"translation-block\">La <strong>machine de recyclage des bouteilles en PET<\/strong> comprend principalement un convoyeur \u00e0 bande, une machine \u00e0 enlever les \u00e9tiquettes, une machine de table de tri par convoyeur \u00e0 bande, un broyeur, un r\u00e9servoir de lavage, un r\u00e9servoir de lavage \u00e0 l'eau chaude, une machine \u00e0 friction, un r\u00e9servoir de lavage et de s\u00e9paration, un d\u00e9shydrateur, un silo de stockage, une machine de conditionnement. Cette ligne de recyclage des plastiques est destin\u00e9e \u00e0 traiter les bouteilles en PET usag\u00e9es. Gr\u00e2ce \u00e0 l'ensemble du processus d'enl\u00e8vement des \u00e9tiquettes, de broyage des bouteilles en flocons, de lavage des flocons et de d\u00e9shydratation, les bouteilles en PET deviendront des flocons de PET propres. Si la bouteille est trop sale, vous pouvez ajouter plus de dispositifs de lavage pour le nettoyage. De plus, nous proposons des services de personnalisation selon vos besoins r\u00e9els.<\/p> <h2>Ligne de production de recyclage des bouteilles en PET<\/h2> <p>Transport des bouteilles \u2013 \u00e9limination des marques des bouteilles \u2013 cueillette et s\u00e9lection \u2013 transport \u2013 broyage des bouteilles en flocons \u2013 rin\u00e7age des flocons \u2013 lavage \u00e0 l'eau chaude \u2013 nettoyage par friction \u2013 lavage et s\u00e9paration des flocons \u2013 d\u00e9shydratation \u2013 stockage \u2013 ensachage.<\/p> <div class=\"ast-oembed-container\" style=\"height: 100%;\"><iframe title=\"Comment recycler vos d\u00e9chets de bouteilles en plastique | Usine de recyclage de bouteilles PET\" width=\"500\" height=\"281\" src=\"https:\/\/www.youtube.com\/embed\/fLzxENe6oxY?feature=oembed\" frameborder=\"0\" allow=\"accelerometer; autoplay; clipboard-write; encrypted-media; gyroscope; picture-in-picture; web-share\" referrerpolicy=\"strict-origin-when-cross-origin\" allowfullscreen><\/iframe><\/div> <h2>Pr\u00e9sentations simples des machines de recyclage des bouteilles en PET associ\u00e9es<\/h2> <h3>1. Casse-balle<\/h3> <figure id=\"attachment_4585\" aria-describedby=\"caption-attachment-4585\" style=\"width: 687px\" class=\"wp-caption aligncenter\"><img fetchpriority=\"high\" decoding=\"async\" class=\"size-full wp-image-4585\" src=\"https:\/\/recyclingequipinc.com\/wp-content\/uploads\/2021\/09\/bale-breaker.jpg\" alt=\"Casse-balle\" width=\"687\" height=\"428\" srcset=\"https:\/\/recyclingequipinc.com\/wp-content\/uploads\/2021\/09\/bale-breaker.jpg 687w, https:\/\/recyclingequipinc.com\/wp-content\/uploads\/2021\/09\/bale-breaker-300x187.jpg 300w, https:\/\/recyclingequipinc.com\/wp-content\/uploads\/2021\/09\/bale-breaker-600x374.jpg 600w\" sizes=\"(max-width: 687px) 100vw, 687px\" \/><figcaption id=\"caption-attachment-4585\" class=\"wp-caption-text\">Casse-balle<\/figcaption><\/figure> <h3>2. Crible \u00e0 rouleaux<\/h3> <figure id=\"attachment_4586\" aria-describedby=\"caption-attachment-4586\" style=\"width: 689px\" class=\"wp-caption aligncenter\"><img decoding=\"async\" class=\"size-full wp-image-4586\" src=\"https:\/\/recyclingequipinc.com\/wp-content\/uploads\/2021\/09\/roller-screen.jpg\" alt=\"Crible \u00e0 rouleaux\" width=\"689\" height=\"425\" srcset=\"https:\/\/recyclingequipinc.com\/wp-content\/uploads\/2021\/09\/roller-screen.jpg 689w, https:\/\/recyclingequipinc.com\/wp-content\/uploads\/2021\/09\/roller-screen-300x185.jpg 300w, https:\/\/recyclingequipinc.com\/wp-content\/uploads\/2021\/09\/roller-screen-600x370.jpg 600w\" sizes=\"(max-width: 689px) 100vw, 689px\" \/><figcaption id=\"caption-attachment-4586\" class=\"wp-caption-text\">Crible \u00e0 rouleaux<\/figcaption><\/figure> <h3>3. Convoyeur \u00e0 bande \/ Machine de tri \u00e0 bande transporteuse<\/h3> <p class=\"translation-block\">C'est l'\u00e9quipement pour transporter les bouteilles vers le broyeur, appliqu\u00e9 dans diff\u00e9rents domaines et lignes de production. Le <a href=\"https:\/\/recyclingequipinc.com\/fr\/produit\/convoyeur-a-bande\/\"><strong>convoyeur \u00e0 bande<\/strong><\/a> adopte un cadre en acier, une bande en PVC avec racloir, un poulie d'entra\u00eenement et un moteur \u00e0 vitesse r\u00e9glable. La longueur et la largeur de la bande peuvent \u00eatre personnalis\u00e9es selon vos exigences. Afin d'augmenter la puret\u00e9 des flocons de PET finaux, il est pr\u00e9f\u00e9rable de retirer manuellement les diff\u00e9rents mat\u00e9riaux avant de transporter les bouteilles en PET dans le broyeur, car les processus de traitement des diff\u00e9rents mat\u00e9riaux sont diff\u00e9rents. La longueur et la largeur sont personnalis\u00e9es selon vos exigences.<\/p> <figure id=\"attachment_4587\" aria-describedby=\"caption-attachment-4587\" style=\"width: 689px\" class=\"wp-caption aligncenter\"><img decoding=\"async\" class=\"size-full wp-image-4587\" src=\"https:\/\/recyclingequipinc.com\/wp-content\/uploads\/2021\/09\/belt-conveyor.jpg\" alt=\"convoyeur \u00e0 bande\" width=\"689\" height=\"429\" srcset=\"https:\/\/recyclingequipinc.com\/wp-content\/uploads\/2021\/09\/belt-conveyor.jpg 689w, https:\/\/recyclingequipinc.com\/wp-content\/uploads\/2021\/09\/belt-conveyor-300x187.jpg 300w, https:\/\/recyclingequipinc.com\/wp-content\/uploads\/2021\/09\/belt-conveyor-600x374.jpg 600w\" sizes=\"(max-width: 689px) 100vw, 689px\" \/><figcaption id=\"caption-attachment-4587\" class=\"wp-caption-text\">convoyeur \u00e0 bande<\/figcaption><\/figure> <h3>4. Machine de retrait d'\u00e9tiquette<\/h3> <p>La machine de retrait d'\u00e9tiquettes des bouteilles en PET peut retirer les marques commerciales des bouteilles en PET, au lieu d'un retrait manuel des \u00e9tiquettes. Elle peut r\u00e9pondre aux besoins de production \u00e0 grande capacit\u00e9 et am\u00e9liorer l'efficacit\u00e9 de production. Elle peut s'adapter \u00e0 diff\u00e9rentes tailles de bouteilles en ajustant les lames dans la machine.<\/p> <figure id=\"attachment_4588\" aria-describedby=\"caption-attachment-4588\" style=\"width: 689px\" class=\"wp-caption aligncenter\"><img loading=\"lazy\" decoding=\"async\" class=\"size-full wp-image-4588\" src=\"https:\/\/recyclingequipinc.com\/wp-content\/uploads\/2021\/09\/label-removing-machine.jpg\" alt=\"Machine de retrait d&#039;\u00e9tiquette\" width=\"689\" height=\"430\" srcset=\"https:\/\/recyclingequipinc.com\/wp-content\/uploads\/2021\/09\/label-removing-machine.jpg 689w, https:\/\/recyclingequipinc.com\/wp-content\/uploads\/2021\/09\/label-removing-machine-300x187.jpg 300w, https:\/\/recyclingequipinc.com\/wp-content\/uploads\/2021\/09\/label-removing-machine-600x374.jpg 600w\" sizes=\"(max-width: 689px) 100vw, 689px\" \/><figcaption id=\"caption-attachment-4588\" class=\"wp-caption-text\">Machine de retrait d'\u00e9tiquette<\/figcaption><\/figure> <h3>5. Broyeur de bouteilles en PET<\/h3> <p class=\"translation-block\">Le <a href=\"https:\/\/recyclingequipinc.com\/fr\/produit\/broyeur-de-plastique\/\"><strong>broyeur de plastique<\/strong><\/a> en PET est \u00e9quip\u00e9 de lames en acier alli\u00e9, \u00e0 haute vitesse, durables et r\u00e9sistantes \u00e0 l'usure. Il est donc adapt\u00e9 pour broyer les bouteilles en PET en flocons.<\/p> <figure id=\"attachment_4589\" aria-describedby=\"caption-attachment-4589\" style=\"width: 688px\" class=\"wp-caption aligncenter\"><img loading=\"lazy\" decoding=\"async\" class=\"size-full wp-image-4589\" src=\"https:\/\/recyclingequipinc.com\/wp-content\/uploads\/2021\/09\/PET-bottle-crusher.jpg\" alt=\"Broyeur de bouteilles en PET\" width=\"688\" height=\"425\" srcset=\"https:\/\/recyclingequipinc.com\/wp-content\/uploads\/2021\/09\/PET-bottle-crusher.jpg 688w, https:\/\/recyclingequipinc.com\/wp-content\/uploads\/2021\/09\/PET-bottle-crusher-300x185.jpg 300w, https:\/\/recyclingequipinc.com\/wp-content\/uploads\/2021\/09\/PET-bottle-crusher-600x371.jpg 600w\" sizes=\"(max-width: 688px) 100vw, 688px\" \/><figcaption id=\"caption-attachment-4589\" class=\"wp-caption-text\">Broyeur de bouteilles en PET<\/figcaption><\/figure> <h3>6. R\u00e9servoir de lavage<\/h3> <p>Le r\u00e9servoir de lavage peut nettoyer les d\u00e9chets des bouteilles pour la premi\u00e8re fois et s\u00e9parer les flocons de bouchons en PP ou PE des flocons de PET.<\/p> <figure id=\"attachment_4595\" aria-describedby=\"caption-attachment-4595\" style=\"width: 686px\" class=\"wp-caption aligncenter\"><img loading=\"lazy\" decoding=\"async\" class=\"size-full wp-image-4595\" src=\"https:\/\/recyclingequipinc.com\/wp-content\/uploads\/2021\/09\/cleaning-tank.jpg\" alt=\"R\u00e9servoir de lavage\" width=\"686\" height=\"425\" srcset=\"https:\/\/recyclingequipinc.com\/wp-content\/uploads\/2021\/09\/cleaning-tank.jpg 686w, https:\/\/recyclingequipinc.com\/wp-content\/uploads\/2021\/09\/cleaning-tank-300x186.jpg 300w, https:\/\/recyclingequipinc.com\/wp-content\/uploads\/2021\/09\/cleaning-tank-600x372.jpg 600w\" sizes=\"(max-width: 686px) 100vw, 686px\" \/><figcaption id=\"caption-attachment-4595\" class=\"wp-caption-text\">R\u00e9servoir de lavage<\/figcaption><\/figure> <h3>7. Convoyeur \u00e0 vis<\/h3> <figure id=\"attachment_4596\" aria-describedby=\"caption-attachment-4596\" style=\"width: 687px\" class=\"wp-caption aligncenter\"><img loading=\"lazy\" decoding=\"async\" class=\"size-full wp-image-4596\" src=\"https:\/\/recyclingequipinc.com\/wp-content\/uploads\/2021\/09\/screw-conveyor.jpg\" alt=\"Convoyeur \u00e0 vis\" width=\"687\" height=\"425\" srcset=\"https:\/\/recyclingequipinc.com\/wp-content\/uploads\/2021\/09\/screw-conveyor.jpg 687w, https:\/\/recyclingequipinc.com\/wp-content\/uploads\/2021\/09\/screw-conveyor-300x186.jpg 300w, https:\/\/recyclingequipinc.com\/wp-content\/uploads\/2021\/09\/screw-conveyor-600x371.jpg 600w\" sizes=\"(max-width: 687px) 100vw, 687px\" \/><figcaption id=\"caption-attachment-4596\" class=\"wp-caption-text\">Convoyeur \u00e0 vis<\/figcaption><\/figure> <h3>8. Laveuse \u00e0 eau chaude<\/h3> <p>Le r\u00e9servoir de lavage \u00e0 l'eau chaude est un \u00e9quipement n\u00e9cessaire pour la ligne de nettoyage du PET. Gr\u00e2ce au chauffage de l'eau et \u00e0 l'utilisation d'additifs chimiques, vous pouvez obtenir un mat\u00e9riau propre. Il s'agit d'une structure sup\u00e9rieure ouverte avec les fonctions de contr\u00f4le automatique de la temp\u00e9rature, de conservation de la chaleur et d'agitation, adapt\u00e9e aux petites, moyennes et grandes installations de lavage et de recyclage.<\/p> <figure id=\"attachment_4597\" aria-describedby=\"caption-attachment-4597\" style=\"width: 689px\" class=\"wp-caption aligncenter\"><img loading=\"lazy\" decoding=\"async\" class=\"size-full wp-image-4597\" src=\"https:\/\/recyclingequipinc.com\/wp-content\/uploads\/2021\/09\/hot-water-washing-machine.jpg\" alt=\"Machine de lavage \u00e0 l&#039;eau chaude\" width=\"689\" height=\"425\" srcset=\"https:\/\/recyclingequipinc.com\/wp-content\/uploads\/2021\/09\/hot-water-washing-machine.jpg 689w, https:\/\/recyclingequipinc.com\/wp-content\/uploads\/2021\/09\/hot-water-washing-machine-300x185.jpg 300w, https:\/\/recyclingequipinc.com\/wp-content\/uploads\/2021\/09\/hot-water-washing-machine-600x370.jpg 600w\" sizes=\"(max-width: 689px) 100vw, 689px\" \/><figcaption id=\"caption-attachment-4597\" class=\"wp-caption-text\">Machine de lavage \u00e0 l'eau chaude<\/figcaption><\/figure> <h3>9. Machine de lavage par friction<\/h3> <p>Le corps de la machine de nettoyage par friction est compos\u00e9 du moteur principal, du moteur, du cadre, de l'entr\u00e9e d'eau, de l'entr\u00e9e d'alimentation, du trou de d\u00e9charge, etc. Le fond du corps est un filtre \u00e0 mailles fines. Une entr\u00e9e d'eau externe se trouve en haut. Les mat\u00e9riaux doivent entrer par l'entr\u00e9e d'alimentation. La vis rotative \u00e0 grande vitesse permet au mat\u00e9riau de frotter compl\u00e8tement avec l'eau en mouvement. Et ensuite, nettoyez compl\u00e8tement le mat\u00e9riau.<\/p> <figure id=\"attachment_4599\" aria-describedby=\"caption-attachment-4599\" style=\"width: 685px\" class=\"wp-caption aligncenter\"><img loading=\"lazy\" decoding=\"async\" class=\"size-full wp-image-4599\" src=\"https:\/\/recyclingequipinc.com\/wp-content\/uploads\/2021\/09\/frictional-washing-machine-1.jpg\" alt=\"Machine de lavage par friction\" width=\"685\" height=\"427\" srcset=\"https:\/\/recyclingequipinc.com\/wp-content\/uploads\/2021\/09\/frictional-washing-machine-1.jpg 685w, https:\/\/recyclingequipinc.com\/wp-content\/uploads\/2021\/09\/frictional-washing-machine-1-300x187.jpg 300w, https:\/\/recyclingequipinc.com\/wp-content\/uploads\/2021\/09\/frictional-washing-machine-1-600x374.jpg 600w\" sizes=\"(max-width: 685px) 100vw, 685px\" \/><figcaption id=\"caption-attachment-4599\" class=\"wp-caption-text\">Machine de lavage par friction<\/figcaption><\/figure> <h3>10. Machine de lavage et de s\u00e9paration<\/h3> <p>La machine de lavage et de s\u00e9paration permet de nettoyer les feuilles en PP, PE et PET, de s\u00e9parer automatiquement les bouchons de bouteilles et autres d\u00e9bris flottants, et de s\u00e9parer efficacement le sable et les d\u00e9bris de papier dans divers mat\u00e9riaux en feuilles. Le r\u00e9servoir de lavage est l'un des \u00e9quipements id\u00e9aux dans les machines plastiques. Convient pour la s\u00e9paration et le rin\u00e7age ult\u00e9rieurs des impuret\u00e9s apr\u00e8s le nettoyage pour rendre les flocons de bouteilles plus propres et plus blancs. De plus, il pr\u00e9sente les avantages d'une utilisation simple, d'un effet de nettoyage clair, d'une s\u00e9curit\u00e9 et d'une fiabilit\u00e9, et d'une longue dur\u00e9e de vie.<\/p> <h3>11. D\u00e9shydrateur pour flocons de PET<\/h3> <p>Cette machine de d\u00e9shydratation du plastique est largement applicable pour la d\u00e9shydratation des flocons de PET. Elle pr\u00e9sente les caract\u00e9ristiques d'un bon effet de d\u00e9shydratation, d'une consommation d'\u00e9nergie r\u00e9duite, d'une efficacit\u00e9, d'une production continue, d'un degr\u00e9 \u00e9lev\u00e9 d'automatisation, d'un rendement \u00e9lev\u00e9 et d'une bonne s\u00e9cheresse, etc.<\/p> <figure id=\"attachment_4600\" aria-describedby=\"caption-attachment-4600\" style=\"width: 687px\" class=\"wp-caption aligncenter\"><img loading=\"lazy\" decoding=\"async\" class=\"size-full wp-image-4600\" src=\"https:\/\/recyclingequipinc.com\/wp-content\/uploads\/2021\/09\/horizontal-dehydrator.jpg\" alt=\"D\u00e9shydrateur horizontal\" width=\"687\" height=\"428\" srcset=\"https:\/\/recyclingequipinc.com\/wp-content\/uploads\/2021\/09\/horizontal-dehydrator.jpg 687w, https:\/\/recyclingequipinc.com\/wp-content\/uploads\/2021\/09\/horizontal-dehydrator-300x187.jpg 300w, https:\/\/recyclingequipinc.com\/wp-content\/uploads\/2021\/09\/horizontal-dehydrator-600x374.jpg 600w\" sizes=\"(max-width: 687px) 100vw, 687px\" \/><figcaption id=\"caption-attachment-4600\" class=\"wp-caption-text\">D\u00e9shydrateur horizontal<\/figcaption><\/figure> <p>De plus, le bac de stockage transporte les flocons de plastique PET dans la machine \u00e0 l'aide d'un ventilateur, et la machine d'ensachage peut conditionner le mat\u00e9riau dans des sacs, ce qui est pratique pour le stockage, le commerce et la gestion.<\/p> <h2>Applications \u00e9tendues de la machine de recyclage des bouteilles en PET<\/h2> <p class=\"translation-block\">La ligne de recyclage des bouteilles en PET est largement appliqu\u00e9e aux <a href=\"https:\/\/en.wikipedia.org\/wiki\/Category:Carbonated_drinks\" target=\"_blank\" rel=\"noopener\">boissons gazeuses<\/a>, \u00e0 l'eau min\u00e9rale, aux jus de fruits, aux m\u00e9dicaments, aux cosm\u00e9tiques, aux bo\u00eetes transparentes, aux produits chimiques, etc. Dans la classification des plastiques, le num\u00e9ro de codage du PET est un. En tant que mat\u00e9riau d'emballage, le PET pr\u00e9sente des caract\u00e9ristiques de bonnes propri\u00e9t\u00e9s m\u00e9caniques, une forte r\u00e9sistance aux chocs et une bonne r\u00e9sistance au pliage. De nos jours, les bouteilles en PET sont utilis\u00e9es partout dans notre quotidien. Par cons\u00e9quent, il est significatif pour la pr\u00e9servation de l'environnement d'utiliser la machine de recyclage des bouteilles en PET. Si vous souhaitez investir dans le recyclage des bouteilles en PET, vous pouvez nous contacter pour obtenir plus de d\u00e9tails et nous pouvons concevoir un plan selon vos besoins.<\/p> <h2>Caract\u00e9ristiques de la machine de recyclage des bouteilles en PET<\/h2> <ol> <li>Machines hautement automatis\u00e9es, rendement \u00e9lev\u00e9, \u00e9conomie de main-d'\u0153uvre, praticit\u00e9 et fiabilit\u00e9;<\/li> <li>Convient pour une production \u00e0 grande \u00e9chelle de recyclage des bouteilles en PET, de mani\u00e8re efficace;<\/li> <li>La ligne de lavage des bouteilles en PET est r\u00e9glable en fonction de la propret\u00e9 des bouteilles et de votre budget.<\/li> <li>Une ligne de recyclage des bouteilles en PET personnalis\u00e9e peut \u00eatre con\u00e7ue en fonction de votre production.<\/li> <li>Cela contribue \u00e0 la protection de l'environnement.<\/li> <\/ol> <h2>Peut-on gagner de l'argent en recyclant des bouteilles en plastique PET ?<\/h2> <p>Beaucoup de gens se demandent si le recyclage des bouteilles en PET peut \u00eatre rentable. Les principales m\u00e9thodes de traitement des d\u00e9chets plastiques comprennent principalement l'incin\u00e9ration, l'\u00e9limination en d\u00e9charge et le recyclage. Selon beaucoup de gens, il ne semble pas rentable de recycler les d\u00e9chets plastiques car une bouteille en plastique a une tr\u00e8s faible valeur. Cependant, dans les grandes villes, des millions de bouteilles d'eau min\u00e9rale seront produites par les gens au moins. Une tonne de bouteilles d'eau min\u00e9rale contient probablement 60 mille bouteilles en plastique, ce qui peut rapporter un b\u00e9n\u00e9fice d'environ 300 dollars.<\/p> <p>En surface, la ligne de machines de recyclage de bouteilles en PET est une entreprise peu rentable. En r\u00e9alit\u00e9, les perspectives de l'industrie du recyclage des bouteilles d'eau en plastique sont tr\u00e8s optimistes d'un point de vue macro\u00e9conomique. Si vous disposez d'un approvisionnement stable, de connaissances approfondies sur le plastique et d'une \u00e9quipe, le recyclage du plastique est une activit\u00e9 rentable pour vous.<\/p> <h2>Comment choisir la machine de recyclage des bouteilles en PET ?<\/h2> <p class=\"translation-block\"><a href=\"https:\/\/recyclingequipinc.com\/fr\/produit\/ligne-de-lavage-de-bouteilles-en-plastique\/\"><strong>Les machines de lavage des bouteilles en PET<\/strong><\/a> sont diff\u00e9rentes en raison de la propret\u00e9 des bouteilles. La ligne de production de la machine de recyclage des bouteilles en plastique PET n\u00e9cessite au moins un r\u00e9servoir de lavage, un r\u00e9servoir de lavage \u00e0 eau chaude et une machine de nettoyage par friction. Si le budget est faible, ces trois dispositifs de lavage sont n\u00e9cessaires. Mais si les bouteilles sont trop sales et que l'usine souhaite ajouter des machines de lavage pour assurer la propret\u00e9 des bouteilles en plastique, le nombre de r\u00e9servoirs de lavage, de machines \u00e0 laver \u00e0 eau chaude et de machines \u00e0 laver par friction peut \u00eatre augment\u00e9 \u00e0 deux ou trois. Voulez-vous obtenir plus de d\u00e9tails ? Contactez-nous et nous vous r\u00e9pondrons d\u00e8s que possible.<\/p> <h2>Vid\u00e9o de la ligne de recyclage des bouteilles en PET<\/h2> <div class=\"ast-oembed-container\" style=\"height: 100%;\"><iframe title=\"Explicit Video Of Automatic PET Bottle Waste Recycling Line For Making PET Plastic Flakes In Factory\" width=\"500\" height=\"281\" src=\"https:\/\/www.youtube.com\/embed\/NxbTX2KwQfA?feature=oembed\" frameborder=\"0\" allow=\"accelerometer; autoplay; clipboard-write; encrypted-media; gyroscope; picture-in-picture; web-share\" referrerpolicy=\"strict-origin-when-cross-origin\" allowfullscreen><\/iframe><\/div>","protected":false},"excerpt":{"rendered":"<p>Cette ligne de recyclage du plastique est principalement utilis\u00e9e pour traiter les bouteilles en PET. Tout au long du processus de retrait des \u00e9tiquettes, de broyage des bouteilles en flocons, de lavage des flocons et de d\u00e9shydratation, les bouteilles en PET deviendront des flocons de PET propres. Contactez-nous pour obtenir le meilleur prix.<\/p>","protected":false},"featured_media":16800,"template":"","meta":{"site-sidebar-layout":"default","site-content-layout":"default","ast-site-content-layout":"default","site-content-style":"default","site-sidebar-style":"default","ast-global-header-display":"","ast-banner-title-visibility":"","ast-main-header-display":"","ast-hfb-above-header-display":"","ast-hfb-below-header-display":"","ast-hfb-mobile-header-display":"","site-post-title":"","ast-breadcrumbs-content":"","ast-featured-img":"","footer-sml-layout":"","ast-disable-related-posts":"","theme-transparent-header-meta":"default","adv-header-id-meta":"","stick-header-meta":"default","header-above-stick-meta":"","header-main-stick-meta":"","header-below-stick-meta":"","astra-migrate-meta-layouts":"set","ast-page-background-enabled":"default","ast-page-background-meta":{"desktop":{"background-color":"","background-image":"","background-repeat":"repeat","background-position":"center center","background-size":"auto","background-attachment":"scroll","background-type":"","background-media":"","overlay-type":"","overlay-color":"","overlay-opacity":"","overlay-gradient":""},"tablet":{"background-color":"","background-image":"","background-repeat":"repeat","background-position":"center center","background-size":"auto","background-attachment":"scroll","background-type":"","background-media":"","overlay-type":"","overlay-color":"","overlay-opacity":"","overlay-gradient":""},"mobile":{"background-color":"","background-image":"","background-repeat":"repeat","background-position":"center center","background-size":"auto","background-attachment":"scroll","background-type":"","background-media":"","overlay-type":"","overlay-color":"","overlay-opacity":"","overlay-gradient":""}},"ast-content-background-meta":{"desktop":{"background-color":"var(--ast-global-color-5)","background-image":"","background-repeat":"repeat","background-position":"center center","background-size":"auto","background-attachment":"scroll","background-type":"","background-media":"","overlay-type":"","overlay-color":"","overlay-opacity":"","overlay-gradient":""},"tablet":{"background-color":"var(--ast-global-color-5)","background-image":"","background-repeat":"repeat","background-position":"center center","background-size":"auto","background-attachment":"scroll","background-type":"","background-media":"","overlay-type":"","overlay-color":"","overlay-opacity":"","overlay-gradient":""},"mobile":{"background-color":"var(--ast-global-color-5)","background-image":"","background-repeat":"repeat","background-position":"center center","background-size":"auto","background-attachment":"scroll","background-type":"","background-media":"","overlay-type":"","overlay-color":"","overlay-opacity":"","overlay-gradient":""}}},"product_brand":[],"product_cat":[130],"product_tag":[64],"class_list":{"0":"post-4373","1":"product","2":"type-product","3":"status-publish","4":"has-post-thumbnail","6":"product_cat-solution","7":"product_tag-pet-bottle-recycling-line","8":"desktop-align-center","9":"tablet-align-center","10":"mobile-align-center","12":"first","13":"instock","14":"shipping-taxable","15":"product-type-simple"},"_links":{"self":[{"href":"https:\/\/recyclingequipinc.com\/fr\/wp-json\/wp\/v2\/product\/4373","targetHints":{"allow":["GET"]}}],"collection":[{"href":"https:\/\/recyclingequipinc.com\/fr\/wp-json\/wp\/v2\/product"}],"about":[{"href":"https:\/\/recyclingequipinc.com\/fr\/wp-json\/wp\/v2\/types\/product"}],"version-history":[{"count":0,"href":"https:\/\/recyclingequipinc.com\/fr\/wp-json\/wp\/v2\/product\/4373\/revisions"}],"wp:featuredmedia":[{"embeddable":true,"href":"https:\/\/recyclingequipinc.com\/fr\/wp-json\/wp\/v2\/media\/16800"}],"wp:attachment":[{"href":"https:\/\/recyclingequipinc.com\/fr\/wp-json\/wp\/v2\/media?parent=4373"}],"wp:term":[{"taxonomy":"product_brand","embeddable":true,"href":"https:\/\/recyclingequipinc.com\/fr\/wp-json\/wp\/v2\/product_brand?post=4373"},{"taxonomy":"product_cat","embeddable":true,"href":"https:\/\/recyclingequipinc.com\/fr\/wp-json\/wp\/v2\/product_cat?post=4373"},{"taxonomy":"product_tag","embeddable":true,"href":"https:\/\/recyclingequipinc.com\/fr\/wp-json\/wp\/v2\/product_tag?post=4373"}],"curies":[{"name":"wp","href":"https:\/\/api.w.org\/{rel}","templated":true}]}}