{"id":17668,"date":"2026-02-09T16:26:21","date_gmt":"2026-02-09T08:26:21","guid":{"rendered":"https:\/\/recyclingequipinc.com\/?post_type=product&#038;p=17668"},"modified":"2026-02-09T16:26:21","modified_gmt":"2026-02-09T08:26:21","slug":"eddy-current-separation-system","status":"publish","type":"product","link":"https:\/\/recyclingequipinc.com\/fr\/product\/eddy-current-separation-system\/","title":{"rendered":"Syst\u00e8mes de s\u00e9paration par courant de Foucault Shuliy : votre solution cl\u00e9 en main pour la r\u00e9cup\u00e9ration de m\u00e9taux"},"content":{"rendered":"<p>Construire une op\u00e9ration de recyclage de m\u00e9taux rentable n\u00e9cessite plus qu\u2019un simple bon s\u00e9parateur ; cela n\u00e9cessite un syst\u00e8me parfaitement synchronis\u00e9 o\u00f9 chaque machine fonctionne en harmonie. Un goulot d\u2019\u00e9tranglement au d\u00e9but ou un convoyeur de sortie mal adapt\u00e9 peut paralyser l\u2019efficacit\u00e9 m\u00eame du meilleur s\u00e9parateur par courant de Foucault.<\/p> <p>Chez Shuliy, nous sommes sp\u00e9cialis\u00e9s dans la conception et la livraison de syst\u00e8mes complets de s\u00e9paration par courant de Foucault cl\u00e9s en main. Nous examinons votre processus dans son ensemble \u2014 de l\u2019entr\u00e9e initiale au produit final tri\u00e9 \u2014 pour cr\u00e9er une solution de recyclage enti\u00e8rement int\u00e9gr\u00e9e qui garantit des performances optimales et un meilleur retour sur investissement.<\/p> <h2>Anatomie d\u2019un syst\u00e8me de s\u00e9paration Shuliy<\/h2> <p>Un syst\u00e8me de tri int\u00e9gr\u00e9 v\u00e9ritablement efficace est compos\u00e9 de plusieurs \u00e9tapes cl\u00e9s, toutes fournies et calibr\u00e9es par Shuliy pour fonctionner ensemble sans faille.<\/p> <ul> <li><strong>Alimentation et r\u00e9partition (pr\u00e9paration) :<\/strong> Il commence par un alimentateur vibrant pour recevoir le mat\u00e9riau en vrac et le r\u00e9partir en une couche fine et uniforme. Cela est crucial pour que l\u2019\u00e9quipement en aval fonctionne efficacement.<\/li> <li><strong>\u00c9limination des m\u00e9taux ferreux (purification) :<\/strong> Ensuite, un puissant aimant en bande ou un tambour magn\u00e9tique \u00e9limine tous les contaminants en fer et en acier. Cela prot\u00e8ge le s\u00e9parateur par courant de Foucault et purifie le flux de mat\u00e9riaux.<\/li> <li><strong>S\u00e9paration des m\u00e9taux non ferreux (le c\u0153ur) :<\/strong> Le mat\u00e9riau s\u2019\u00e9coule ensuite vers le c\u0153ur du syst\u00e8me : le s\u00e9parateur par courant de Foucault Shuliy. Cette machine utilise son rotor \u00e0 haute vitesse pour \u00e9jecter puissamment tous les m\u00e9taux non ferreux comme l\u2019aluminium, le cuivre et le laiton.<\/li> <li><strong>Manipulation du mat\u00e9riau (sortie) :<\/strong> Enfin, une s\u00e9rie de convoyeurs est configur\u00e9e pour transporter les flux s\u00e9par\u00e9s \u2014 l\u2019un pour les m\u00e9taux non ferreux propres et l\u2019autre pour les mat\u00e9riaux inertes restants \u2014 vers leurs zones de collecte d\u00e9sign\u00e9es.<\/li> <\/ul> <div id='gallery-1' class='gallery galleryid-17668 gallery-columns-3 gallery-size-full'><figure class='gallery-item'> \t\t\t<div class='gallery-icon landscape'> \t\t\t\t<a href='https:\/\/recyclingequipinc.com\/fr\/?attachment_id=17681'><img fetchpriority=\"high\" decoding=\"async\" width=\"720\" height=\"540\" src=\"https:\/\/recyclingequipinc.com\/wp-content\/uploads\/2026\/02\/good-effect-of-the-Eddy-Current-Separation-System.webp\" class=\"attachment-full size-full\" alt=\"Effet positif du syst\u00e8me de s\u00e9paration par courant de Foucault\" aria-describedby=\"gallery-1-17681\" srcset=\"https:\/\/recyclingequipinc.com\/wp-content\/uploads\/2026\/02\/good-effect-of-the-Eddy-Current-Separation-System.webp 720w, https:\/\/recyclingequipinc.com\/wp-content\/uploads\/2026\/02\/good-effect-of-the-Eddy-Current-Separation-System-300x225.webp 300w, https:\/\/recyclingequipinc.com\/wp-content\/uploads\/2026\/02\/good-effect-of-the-Eddy-Current-Separation-System-16x12.webp 16w\" sizes=\"(max-width: 720px) 100vw, 720px\" \/><\/a> \t\t\t<\/div> \t\t\t\t<figcaption class='wp-caption-text gallery-caption' id='gallery-1-17681'> \t\t\t\tEffet positif du syst\u00e8me de s\u00e9paration par courant de Foucault \t\t\t\t<\/figcaption><\/figure><figure class='gallery-item'> \t\t\t<div class='gallery-icon landscape'> \t\t\t\t<a href='https:\/\/recyclingequipinc.com\/fr\/?attachment_id=17680'><img decoding=\"async\" width=\"720\" height=\"540\" src=\"https:\/\/recyclingequipinc.com\/wp-content\/uploads\/2026\/02\/final-products-of-the-Eddy-Current-Separation-System.webp\" class=\"attachment-full size-full\" alt=\"produits finaux du syst\u00e8me de s\u00e9paration par courant de Foucault\" aria-describedby=\"gallery-1-17680\" srcset=\"https:\/\/recyclingequipinc.com\/wp-content\/uploads\/2026\/02\/final-products-of-the-Eddy-Current-Separation-System.webp 720w, https:\/\/recyclingequipinc.com\/wp-content\/uploads\/2026\/02\/final-products-of-the-Eddy-Current-Separation-System-300x225.webp 300w, https:\/\/recyclingequipinc.com\/wp-content\/uploads\/2026\/02\/final-products-of-the-Eddy-Current-Separation-System-16x12.webp 16w\" sizes=\"(max-width: 720px) 100vw, 720px\" \/><\/a> \t\t\t<\/div> \t\t\t\t<figcaption class='wp-caption-text gallery-caption' id='gallery-1-17680'> \t\t\t\tproduits finaux du syst\u00e8me de s\u00e9paration par courant de Foucault \t\t\t\t<\/figcaption><\/figure> \t\t<\/div>  <h2>Pourquoi choisir un syst\u00e8me int\u00e9gr\u00e9 Shuliy ?<\/h2> <p>Opter pour un syst\u00e8me complet de s\u00e9paration par courant de Foucault Shuliy offre des avantages que l\u2019achat de composants individuels ne peut \u00e9galer.<\/p> <ul> <li><strong>Compatibilit\u00e9 garantie :<\/strong> Nous \u00e9liminons les conjectures. Chaque machine du syst\u00e8me est dimensionn\u00e9e et configur\u00e9e pour correspondre au d\u00e9bit des autres, \u00e9vitant ainsi les goulots d\u2019\u00e9tranglement.<\/li> <li><strong>Approvisionnement simplifi\u00e9 :<\/strong> Vous travaillez avec un seul fournisseur expert pour toute la ligne. Cela simplifie la communication, l\u2019achat et la gestion de projet.<\/li> <li><strong>Performance optimis\u00e9e :<\/strong> Nos ing\u00e9nieurs con\u00e7oivent la disposition pour une efficacit\u00e9 maximale, assurant un flux de mat\u00e9riau fluide et un minimum de d\u00e9perditions entre les \u00e9tapes.<\/li> <li><strong>Support et service unifi\u00e9s :<\/strong> Lorsque vous avez besoin d\u2019assistance, vous appelez une seule fois. Nous fournissons un service complet pour toute la ligne de r\u00e9cup\u00e9ration des m\u00e9taux non ferreux, pas seulement une seule pi\u00e8ce.<\/li> <\/ul> <figure id=\"attachment_17682\" aria-describedby=\"caption-attachment-17682\" style=\"width: 720px\" class=\"wp-caption aligncenter\"><img decoding=\"async\" class=\"size-full wp-image-17682\" src=\"https:\/\/recyclingequipinc.com\/wp-content\/uploads\/2026\/02\/machine-details.webp\" alt=\"d\u00e9tails de la machine\" width=\"720\" height=\"540\" srcset=\"https:\/\/recyclingequipinc.com\/wp-content\/uploads\/2026\/02\/machine-details.webp 720w, https:\/\/recyclingequipinc.com\/wp-content\/uploads\/2026\/02\/machine-details-300x225.webp 300w, https:\/\/recyclingequipinc.com\/wp-content\/uploads\/2026\/02\/machine-details-16x12.webp 16w\" sizes=\"(max-width: 720px) 100vw, 720px\" \/><figcaption id=\"caption-attachment-17682\" class=\"wp-caption-text\">d\u00e9tails de la machine<\/figcaption><\/figure> <h2>Sp\u00e9cifications du s\u00e9parateur principal<\/h2> <p>Le c\u0153ur de chaque syst\u00e8me de s\u00e9paration Shuliy est notre unit\u00e9 robuste de s\u00e9parateur par courant de Foucault. Les sp\u00e9cifications de nos mod\u00e8les principaux, int\u00e9gr\u00e9s dans nos syst\u00e8mes, sont les suivantes :<\/p> <table style=\"border-collapse: collapse; width: 100%;\"> <tbody> <tr> <td style=\"width: 14.2857%;\">Mod\u00e8le<\/td> <td style=\"width: 14.2857%;\">Vitesse du rotor (tr\/min)<\/td> <td style=\"width: 14.2857%;\">Largeur de la bande (mm)<\/td> <td style=\"width: 14.2857%;\">Capacit\u00e9 (t\/h)<\/td> <td style=\"width: 14.2857%;\">Puissance(kW)<\/td> <td style=\"width: 14.2857%;\">Poids (kg)<\/td> <td style=\"width: 14.2857%;\">Dimensions (mm)<\/td> <\/tr> <tr> <td style=\"width: 14.2857%;\">SL-600<\/td> <td style=\"width: 14.2857%;\">0-3000<\/td> <td style=\"width: 14.2857%;\">650<\/td> <td style=\"width: 14.2857%;\">4-6<\/td> <td style=\"width: 14.2857%;\">4.0+0.75<\/td> <td style=\"width: 14.2857%;\">1400<\/td> <td style=\"width: 14.2857%;\">2980*1883*1210<\/td> <\/tr> <tr> <td style=\"width: 14.2857%;\">SL-800<\/td> <td style=\"width: 14.2857%;\">0-3000<\/td> <td style=\"width: 14.2857%;\">850<\/td> <td style=\"width: 14.2857%;\">6-10<\/td> <td style=\"width: 14.2857%;\">5.5+1.1<\/td> <td style=\"width: 14.2857%;\">1800<\/td> <td style=\"width: 14.2857%;\">2980*2033*1210<\/td> <\/tr> <tr> <td style=\"width: 14.2857%;\">SL-1000<\/td> <td style=\"width: 14.2857%;\">0-3000<\/td> <td style=\"width: 14.2857%;\">1050<\/td> <td style=\"width: 14.2857%;\">10-12<\/td> <td style=\"width: 14.2857%;\">7.5+1.5<\/td> <td style=\"width: 14.2857%;\">2200<\/td> <td style=\"width: 14.2857%;\">2980*2233*1210<\/td> <\/tr> <tr> <td style=\"width: 14.2857%;\">SL-1200<\/td> <td style=\"width: 14.2857%;\">0-3000<\/td> <td style=\"width: 14.2857%;\">1250<\/td> <td style=\"width: 14.2857%;\">12-15<\/td> <td style=\"width: 14.2857%;\">11+2.2<\/td> <td style=\"width: 14.2857%;\">2400<\/td> <td style=\"width: 14.2857%;\">2980*2433*1210<\/td> <\/tr> <\/tbody> <\/table> <p class=\"translation-block\"><em>Remarque : La capacit\u00e9 totale du syst\u00e8me et l\u2019empreinte seront personnalis\u00e9es en fonction de la conception finale de la ligne int\u00e9gr\u00e9e, qui comprend des alimentateurs, des convoyeurs et d\u2019autres machines.<\/em><\/p> <h2>Commencez \u00e0 concevoir votre syst\u00e8me d\u00e8s aujourd\u2019hui<\/h2> <p class=\"translation-block\">Arr\u00eatez d\u2019essayer de rassembler une solution. Laissez les experts de Shuliy concevoir un syst\u00e8me de s\u00e9paration par courant de Foucault complet et haute performance adapt\u00e9 \u00e0 vos mat\u00e9riaux sp\u00e9cifiques et \u00e0 vos objectifs commerciaux. Contactez-nous d\u00e8s aujourd\u2019hui pour une consultation gratuite et faites le premier pas vers la construction d\u2019une op\u00e9ration de recyclage plus <a href=\"https:\/\/recyclingequipinc.com\/fr\/produit\/aluminium-recycling-plant\/\">rentable<\/a>.<\/p> <div id='gallery-2' class='gallery galleryid-17668 gallery-columns-3 gallery-size-full'><figure class='gallery-item'> \t\t\t<div class='gallery-icon landscape'> \t\t\t\t<a href='https:\/\/recyclingequipinc.com\/fr\/?attachment_id=17678'><img loading=\"lazy\" decoding=\"async\" width=\"720\" height=\"540\" src=\"https:\/\/recyclingequipinc.com\/wp-content\/uploads\/2026\/02\/Eddy-Current-Separator.webp\" class=\"attachment-full size-full\" alt=\"S\u00e9parateur par courant de Foucault\" aria-describedby=\"gallery-2-17678\" srcset=\"https:\/\/recyclingequipinc.com\/wp-content\/uploads\/2026\/02\/Eddy-Current-Separator.webp 720w, https:\/\/recyclingequipinc.com\/wp-content\/uploads\/2026\/02\/Eddy-Current-Separator-300x225.webp 300w, https:\/\/recyclingequipinc.com\/wp-content\/uploads\/2026\/02\/Eddy-Current-Separator-16x12.webp 16w\" sizes=\"(max-width: 720px) 100vw, 720px\" \/><\/a> \t\t\t<\/div> \t\t\t\t<figcaption class='wp-caption-text gallery-caption' id='gallery-2-17678'> \t\t\t\tS\u00e9parateur par courant de Foucault \t\t\t\t<\/figcaption><\/figure><figure class='gallery-item'> \t\t\t<div class='gallery-icon landscape'> \t\t\t\t<a href='https:\/\/recyclingequipinc.com\/fr\/?attachment_id=17679'><img loading=\"lazy\" decoding=\"async\" width=\"720\" height=\"540\" src=\"https:\/\/recyclingequipinc.com\/wp-content\/uploads\/2026\/02\/Eddy-Current-Sorting-machines.webp\" class=\"attachment-full size-full\" alt=\"Machines de tri par courant de Foucault\" aria-describedby=\"gallery-2-17679\" srcset=\"https:\/\/recyclingequipinc.com\/wp-content\/uploads\/2026\/02\/Eddy-Current-Sorting-machines.webp 720w, https:\/\/recyclingequipinc.com\/wp-content\/uploads\/2026\/02\/Eddy-Current-Sorting-machines-300x225.webp 300w, https:\/\/recyclingequipinc.com\/wp-content\/uploads\/2026\/02\/Eddy-Current-Sorting-machines-16x12.webp 16w\" sizes=\"(max-width: 720px) 100vw, 720px\" \/><\/a> \t\t\t<\/div> \t\t\t\t<figcaption class='wp-caption-text gallery-caption' id='gallery-2-17679'> \t\t\t\tMachines de tri par courant de Foucault \t\t\t\t<\/figcaption><\/figure> \t\t<\/div>","protected":false},"excerpt":{"rendered":"<p>Investissez dans un syst\u00e8me de s\u00e9paration par courant de Foucault complet et optimis\u00e9. Shuliy con\u00e7oit des lignes de recyclage int\u00e9gr\u00e9es pour un d\u00e9bit et une rentabilit\u00e9 maximaux.<\/p>","protected":false},"featured_media":17677,"template":"","meta":{"site-sidebar-layout":"default","site-content-layout":"","ast-site-content-layout":"default","site-content-style":"default","site-sidebar-style":"default","ast-global-header-display":"","ast-banner-title-visibility":"","ast-main-header-display":"","ast-hfb-above-header-display":"","ast-hfb-below-header-display":"","ast-hfb-mobile-header-display":"","site-post-title":"","ast-breadcrumbs-content":"","ast-featured-img":"","footer-sml-layout":"","ast-disable-related-posts":"","theme-transparent-header-meta":"default","adv-header-id-meta":"","stick-header-meta":"","header-above-stick-meta":"","header-main-stick-meta":"","header-below-stick-meta":"","astra-migrate-meta-layouts":"set","ast-page-background-enabled":"default","ast-page-background-meta":{"desktop":{"background-color":"","background-image":"","background-repeat":"repeat","background-position":"center center","background-size":"auto","background-attachment":"scroll","background-type":"","background-media":"","overlay-type":"","overlay-color":"","overlay-opacity":"","overlay-gradient":""},"tablet":{"background-color":"","background-image":"","background-repeat":"repeat","background-position":"center center","background-size":"auto","background-attachment":"scroll","background-type":"","background-media":"","overlay-type":"","overlay-color":"","overlay-opacity":"","overlay-gradient":""},"mobile":{"background-color":"","background-image":"","background-repeat":"repeat","background-position":"center center","background-size":"auto","background-attachment":"scroll","background-type":"","background-media":"","overlay-type":"","overlay-color":"","overlay-opacity":"","overlay-gradient":""}},"ast-content-background-meta":{"desktop":{"background-color":"var(--ast-global-color-5)","background-image":"","background-repeat":"repeat","background-position":"center center","background-size":"auto","background-attachment":"scroll","background-type":"","background-media":"","overlay-type":"","overlay-color":"","overlay-opacity":"","overlay-gradient":""},"tablet":{"background-color":"var(--ast-global-color-5)","background-image":"","background-repeat":"repeat","background-position":"center center","background-size":"auto","background-attachment":"scroll","background-type":"","background-media":"","overlay-type":"","overlay-color":"","overlay-opacity":"","overlay-gradient":""},"mobile":{"background-color":"var(--ast-global-color-5)","background-image":"","background-repeat":"repeat","background-position":"center center","background-size":"auto","background-attachment":"scroll","background-type":"","background-media":"","overlay-type":"","overlay-color":"","overlay-opacity":"","overlay-gradient":""}}},"product_brand":[],"product_cat":[131],"product_tag":[],"class_list":{"0":"post-17668","1":"product","2":"type-product","3":"status-publish","4":"has-post-thumbnail","6":"product_cat-metal-recycling-machine","7":"desktop-align-center","8":"tablet-align-center","9":"mobile-align-center","11":"first","12":"instock","13":"shipping-taxable","14":"product-type-simple"},"_links":{"self":[{"href":"https:\/\/recyclingequipinc.com\/fr\/wp-json\/wp\/v2\/product\/17668","targetHints":{"allow":["GET"]}}],"collection":[{"href":"https:\/\/recyclingequipinc.com\/fr\/wp-json\/wp\/v2\/product"}],"about":[{"href":"https:\/\/recyclingequipinc.com\/fr\/wp-json\/wp\/v2\/types\/product"}],"version-history":[{"count":3,"href":"https:\/\/recyclingequipinc.com\/fr\/wp-json\/wp\/v2\/product\/17668\/revisions"}],"predecessor-version":[{"id":17683,"href":"https:\/\/recyclingequipinc.com\/fr\/wp-json\/wp\/v2\/product\/17668\/revisions\/17683"}],"wp:featuredmedia":[{"embeddable":true,"href":"https:\/\/recyclingequipinc.com\/fr\/wp-json\/wp\/v2\/media\/17677"}],"wp:attachment":[{"href":"https:\/\/recyclingequipinc.com\/fr\/wp-json\/wp\/v2\/media?parent=17668"}],"wp:term":[{"taxonomy":"product_brand","embeddable":true,"href":"https:\/\/recyclingequipinc.com\/fr\/wp-json\/wp\/v2\/product_brand?post=17668"},{"taxonomy":"product_cat","embeddable":true,"href":"https:\/\/recyclingequipinc.com\/fr\/wp-json\/wp\/v2\/product_cat?post=17668"},{"taxonomy":"product_tag","embeddable":true,"href":"https:\/\/recyclingequipinc.com\/fr\/wp-json\/wp\/v2\/product_tag?post=17668"}],"curies":[{"name":"wp","href":"https:\/\/api.w.org\/{rel}","templated":true}]}}