{"id":17610,"date":"2025-12-22T15:12:00","date_gmt":"2025-12-22T07:12:00","guid":{"rendered":"https:\/\/recyclingequipinc.com\/?post_type=product&#038;p=17610"},"modified":"2025-12-22T15:12:00","modified_gmt":"2025-12-22T07:12:00","slug":"dry-ice-cooler","status":"publish","type":"product","link":"https:\/\/recyclingequipinc.com\/fr\/product\/dry-ice-cooler\/","title":{"rendered":"Le refroidisseur \u00e0 glace s\u00e8che ultime : solutions de stockage et d'exp\u00e9dition haut de gamme"},"content":{"rendered":"<p>Ne laissez pas votre investissement en glace s\u00e8che dispara\u00eetre dans l'air. Pour stocker et transporter efficacement la glace s\u00e8che, une glaci\u00e8re standard ne suffit pas. Vous avez besoin d'une glaci\u00e8re \u00e0 glace s\u00e8che professionnelle \u2014 un conteneur sp\u00e9cialis\u00e9 con\u00e7u pour supporter le froid extr\u00eame et minimiser la perte de produit.<\/p> <p>Chez Shuliy, nous proposons une gamme robuste de refroidisseurs con\u00e7us \u00e0 cet effet, garantissant que votre glace s\u00e8che reste efficace plus longtemps.<\/p> <h2>Pourquoi une glaci\u00e8re \u00e0 glace s\u00e8che professionnelle est essentielle<\/h2> <p>Utiliser une glaci\u00e8re ordinaire pour la glace s\u00e8che est inefficace et peut \u00eatre dangereux. Un conteneur isol\u00e9 sp\u00e9cialement con\u00e7u pour la glace s\u00e8che est un investissement beaucoup plus intelligent pour plusieurs raisons cl\u00e9s :<\/p> <ul> <li><strong>Isolation sup\u00e9rieure :<\/strong> Nos refroidisseurs disposent d'une couche d'isolation en mousse de polyur\u00e9thane (PU) \u00e9paisse \u00e0 l'int\u00e9rieur d'une coque en LLDPE durable. Cette construction cr\u00e9e une barri\u00e8re thermique exceptionnelle, ralentissant consid\u00e9rablement le processus de sublimation (lorsque la glace s\u00e8che se transforme en gaz). Le r\u00e9sultat est un temps de maintien plus long et des \u00e9conomies directes.<\/li> <li><strong>Durabilit\u00e9 in\u00e9gal\u00e9e :<\/strong> Con\u00e7us pour r\u00e9pondre aux exigences de l'utilisation industrielle et commerciale, nos conteneurs de transport de glace s\u00e8che sont tr\u00e8s r\u00e9sistants aux impacts et au stress d\u00fb aux basses temp\u00e9ratures. Ils sont un atout durable, contrairement aux bo\u00eetes en polystyr\u00e8ne \u00e0 usage unique.<\/li> <li><strong>Con\u00e7u pour la s\u00e9curit\u00e9 :<\/strong> Stocker de la glace s\u00e8che dans un conteneur compl\u00e8tement herm\u00e9tique est dangereux. Lors de la sublimation de la glace s\u00e8che, elle lib\u00e8re une grande quantit\u00e9 de gaz CO2, ce qui peut faire pressuriser un conteneur scell\u00e9 et potentiellement le faire \u00e9clater. Nos refroidisseurs sont con\u00e7us pour ventiler ce gaz en toute s\u00e9curit\u00e9 tout en maintenant des temp\u00e9ratures internes glaciales.<\/li> <\/ul> <div id='gallery-1' class='gallery galleryid-17610 gallery-columns-3 gallery-size-full'><figure class='gallery-item'> \t\t\t<div class='gallery-icon landscape'> \t\t\t\t<a href='https:\/\/recyclingequipinc.com\/fr\/?attachment_id=17614'><img fetchpriority=\"high\" decoding=\"async\" width=\"720\" height=\"540\" src=\"https:\/\/recyclingequipinc.com\/wp-content\/uploads\/2025\/12\/The-dry-ice-chest-is-equipped-with-wheels.webp\" class=\"attachment-full size-full\" alt=\"La glaci\u00e8re \u00e0 glace s\u00e8che est \u00e9quip\u00e9e de roues.\" aria-describedby=\"gallery-1-17614\" srcset=\"https:\/\/recyclingequipinc.com\/wp-content\/uploads\/2025\/12\/The-dry-ice-chest-is-equipped-with-wheels.webp 720w, https:\/\/recyclingequipinc.com\/wp-content\/uploads\/2025\/12\/The-dry-ice-chest-is-equipped-with-wheels-300x225.webp 300w, https:\/\/recyclingequipinc.com\/wp-content\/uploads\/2025\/12\/The-dry-ice-chest-is-equipped-with-wheels-16x12.webp 16w\" sizes=\"(max-width: 720px) 100vw, 720px\" \/><\/a> \t\t\t<\/div> \t\t\t\t<figcaption class='wp-caption-text gallery-caption' id='gallery-1-17614'> \t\t\t\tLa glaci\u00e8re \u00e0 glace s\u00e8che est \u00e9quip\u00e9e de roues. \t\t\t\t<\/figcaption><\/figure><figure class='gallery-item'> \t\t\t<div class='gallery-icon landscape'> \t\t\t\t<a href='https:\/\/recyclingequipinc.com\/fr\/?attachment_id=17615'><img decoding=\"async\" width=\"720\" height=\"540\" src=\"https:\/\/recyclingequipinc.com\/wp-content\/uploads\/2025\/12\/Thick-high-quality-casing.webp\" class=\"attachment-full size-full\" alt=\"Coffrage \u00e9pais de haute qualit\u00e9\" aria-describedby=\"gallery-1-17615\" srcset=\"https:\/\/recyclingequipinc.com\/wp-content\/uploads\/2025\/12\/Thick-high-quality-casing.webp 720w, https:\/\/recyclingequipinc.com\/wp-content\/uploads\/2025\/12\/Thick-high-quality-casing-300x225.webp 300w, https:\/\/recyclingequipinc.com\/wp-content\/uploads\/2025\/12\/Thick-high-quality-casing-16x12.webp 16w\" sizes=\"(max-width: 720px) 100vw, 720px\" \/><\/a> \t\t\t<\/div> \t\t\t\t<figcaption class='wp-caption-text gallery-caption' id='gallery-1-17615'> \t\t\t\tCoffrage \u00e9pais de haute qualit\u00e9 \t\t\t\t<\/figcaption><\/figure> \t\t<\/div>  <h2>Applications polyvalentes de notre glaci\u00e8re en polystyr\u00e8ne pour la glace s\u00e8che<\/h2> <p>Nos refroidisseurs \u00e0 glace s\u00e8che sont fiables pour les entreprises du monde entier pour leurs besoins critiques de contr\u00f4le de la temp\u00e9rature. Les utilisations courantes de notre bo\u00eete de refroidissement \u00e0 glace s\u00e8che incluent :<\/p> <ul> <li>M\u00e9dical &amp; Pharmaceutique : Transportez en toute s\u00e9curit\u00e9 vaccins, \u00e9chantillons biologiques et sp\u00e9cimens de laboratoire.<\/li> <li>Alimentation &amp; Restauration : Conservez les aliments congel\u00e9s, la cr\u00e8me glac\u00e9e et les articles sp\u00e9cialis\u00e9s lors de l'exp\u00e9dition ou d'\u00e9v\u00e9nements.<\/li> <li>Services industriels : Utilisez comme exp\u00e9diteur de glace s\u00e8che pour transporter des pellets fabriqu\u00e9s par votre <a href=\"https:\/\/recyclingequipinc.com\/fr\/produit\/dry-ice-pelletizer\/\">Machine \u00e0 pellets de glace s\u00e8che<\/a> sur un chantier pour des t\u00e2ches utilisant un <a href=\"https:\/\/recyclingequipinc.com\/fr\/produit\/dry-ice-blasting-machine\/\">machine de projection de glace s\u00e8che<\/a><\/li> <li>Logistique de la cha\u00eene du froid : Assurez une cha\u00eene du froid ininterrompue pour tout produit sensible \u00e0 la temp\u00e9rature.<\/li> <\/ul> <h2>Nos mod\u00e8les de glaci\u00e8re \u00e0 glace s\u00e8che : Trouvez celui qui vous convient parfaitement<\/h2> <p>Nous proposons une large gamme de tailles pour r\u00e9pondre \u00e0 diverses exigences de capacit\u00e9. Que vous ayez besoin d'une petite bo\u00eete pour des livraisons locales ou d'une grande glaci\u00e8re de stockage de glace s\u00e8che pour un stockage en vrac, nous avons une solution.<\/p> <table style=\"border-collapse: collapse; width: 100%;\"> <tbody> <tr> <td style=\"width: 16.6667%;\"><strong>Mod\u00e8le<\/strong><\/td> <td style=\"width: 16.6667%;\"><strong>Volume (L)<\/strong><\/td> <td style=\"width: 16.6667%;\"><strong>Poids (kg)<\/strong><\/td> <td style=\"width: 16.6667%;\"><strong>Capacit\u00e9 de glace s\u00e8che (kg)<\/strong><\/td> <td style=\"width: 16.6667%;\"><strong>Dimensions internes (cm)<\/strong><\/td> <td style=\"width: 16.6667%;\"><strong>Dimensions ext\u00e9rieures (cm)<\/strong><\/td> <\/tr> <tr> <td style=\"width: 16.6667%;\">SL-30<\/td> <td style=\"width: 16.6667%;\">30<\/td> <td style=\"width: 16.6667%;\">10<\/td> <td style=\"width: 16.6667%;\">25<\/td> <td style=\"width: 16.6667%;\">42.5*32.5*23.7<\/td> <td style=\"width: 16.6667%;\">55*42.7*34<\/td> <\/tr> <tr> <td style=\"width: 16.6667%;\">SL-60<\/td> <td style=\"width: 16.6667%;\">60<\/td> <td style=\"width: 16.6667%;\">25<\/td> <td style=\"width: 16.6667%;\">50<\/td> <td style=\"width: 16.6667%;\">32*32*60<\/td> <td style=\"width: 16.6667%;\">46*46*93<\/td> <\/tr> <tr> <td style=\"width: 16.6667%;\">SL-130<\/td> <td style=\"width: 16.6667%;\">130<\/td> <td style=\"width: 16.6667%;\">37<\/td> <td style=\"width: 16.6667%;\">100<\/td> <td style=\"width: 16.6667%;\">61*41*54<\/td> <td style=\"width: 16.6667%;\">80*60*83.5<\/td> <\/tr> <tr> <td style=\"width: 16.6667%;\">SL-300<\/td> <td style=\"width: 16.6667%;\">300<\/td> <td style=\"width: 16.6667%;\">62<\/td> <td style=\"width: 16.6667%;\">250<\/td> <td style=\"width: 16.6667%;\">98*55*64<\/td> <td style=\"width: 16.6667%;\">110*70*101<\/td> <\/tr> <tr> <td style=\"width: 16.6667%;\">SL-330<\/td> <td style=\"width: 16.6667%;\">330<\/td> <td style=\"width: 16.6667%;\">69<\/td> <td style=\"width: 16.6667%;\">720<\/td> <td style=\"width: 16.6667%;\">96*56*64<\/td> <td style=\"width: 16.6667%;\">115*75*1010<\/td> <\/tr> <tr> <td style=\"width: 16.6667%;\">SL-480<\/td> <td style=\"width: 16.6667%;\">480<\/td> <td style=\"width: 16.6667%;\">96<\/td> <td style=\"width: 16.6667%;\">400<\/td> <td style=\"width: 16.6667%;\">100*80*64<\/td> <td style=\"width: 16.6667%;\">120*100*101<\/td> <\/tr> <\/tbody> <\/table> <p class=\"translation-block\"><em>Remarque : Les sp\u00e9cifications de capacit\u00e9 sont bas\u00e9es sur les donn\u00e9es du fabricant. Veuillez nous contacter pour plus de d\u00e9tails sur des mod\u00e8les sp\u00e9cifiques.<\/em><\/p> <figure id=\"attachment_17612\" aria-describedby=\"caption-attachment-17612\" style=\"width: 720px\" class=\"wp-caption aligncenter\"><img decoding=\"async\" class=\"wp-image-17612 size-full\" src=\"https:\/\/recyclingequipinc.com\/wp-content\/uploads\/2025\/12\/dry-ice-cooler-boxes-in-stock.webp\" alt=\"bo\u00eetes de refroidissement \u00e0 glace s\u00e8che en stock\" width=\"720\" height=\"540\" srcset=\"https:\/\/recyclingequipinc.com\/wp-content\/uploads\/2025\/12\/dry-ice-cooler-boxes-in-stock.webp 720w, https:\/\/recyclingequipinc.com\/wp-content\/uploads\/2025\/12\/dry-ice-cooler-boxes-in-stock-300x225.webp 300w, https:\/\/recyclingequipinc.com\/wp-content\/uploads\/2025\/12\/dry-ice-cooler-boxes-in-stock-16x12.webp 16w\" sizes=\"(max-width: 720px) 100vw, 720px\" \/><figcaption id=\"caption-attachment-17612\" class=\"wp-caption-text\">bo\u00eetes de refroidissement \u00e0 glace s\u00e8che en stock<\/figcaption><\/figure> <h2>Principales caract\u00e9ristiques des refroidisseurs \u00e0 glace s\u00e8che Shuliy<\/h2> <ul> <li><strong>Corps en LLDPE de qualit\u00e9 alimentaire :<\/strong> S\u00fbr, non toxique et facile \u00e0 nettoyer.<\/li> <li><strong>Isolation en PU haute performance :<\/strong> Offre une excellente barri\u00e8re thermique pour des temps de maintien prolong\u00e9s.<\/li> <li><strong>Loquets robustes :<\/strong> Scellez solidement le couvercle pour minimiser la perte de temp\u00e9rature.<\/li> <li><strong>Facilit\u00e9 de mobilit\u00e9 :<\/strong> Les mod\u00e8les sont \u00e9quip\u00e9s de roues durables ou de poches pour chariot \u00e9l\u00e9vateur pour un transport facile.<\/li> <li><strong>Longue dur\u00e9e de vie :<\/strong> R\u00e9sistant aux impacts physiques et au froid extr\u00eame, garantissant un excellent retour sur investissement.<\/li> <\/ul> <h2>Obtenez votre devis personnalis\u00e9 d\u00e8s aujourd'hui !<\/h2> <p>Prot\u00e9gez vos produits sensibles \u00e0 la temp\u00e9rature et \u00e9vitez de perdre de l'argent \u00e0 cause de la sublimation. La glaci\u00e8re \u00e0 glace s\u00e8che Shuliy est la solution professionnelle et fiable que vous recherchez. Contactez-nous d\u00e8s aujourd'hui ! Notre \u00e9quipe d'experts est pr\u00eate \u00e0 vous aider \u00e0 choisir le mod\u00e8le parfait pour vos besoins et \u00e0 vous fournir un devis comp\u00e9titif sans obligation.<\/p>","protected":false},"excerpt":{"rendered":"<ul> <li>ISOLATION MAXIMALE, CO\u00dbT MINIMAL : La mousse PU sup\u00e9rieure r\u00e9duit consid\u00e9rablement la perte de glace s\u00e8che, vous faisant \u00e9conomiser de l'argent.<\/li> <li>DURABILIT\u00c9 DE QUALIT\u00c9 INDUSTRIELLE : Con\u00e7ue avec un LLDPE robuste et r\u00e9sistant aux chocs pour g\u00e9rer des environnements exigeants.<\/li> <li>S\u00c9CURIT\u00c9 &amp; POLYVALENCE POUR TOUS LES BESOINS : Mod\u00e8les certifi\u00e9s de 30L \u00e0 480L, con\u00e7us avec une ventilation de s\u00e9curit\u00e9 pour toute application.<\/li> <\/ul>","protected":false},"featured_media":17613,"template":"","meta":{"site-sidebar-layout":"default","site-content-layout":"","ast-site-content-layout":"default","site-content-style":"default","site-sidebar-style":"default","ast-global-header-display":"","ast-banner-title-visibility":"","ast-main-header-display":"","ast-hfb-above-header-display":"","ast-hfb-below-header-display":"","ast-hfb-mobile-header-display":"","site-post-title":"","ast-breadcrumbs-content":"","ast-featured-img":"","footer-sml-layout":"","ast-disable-related-posts":"","theme-transparent-header-meta":"default","adv-header-id-meta":"","stick-header-meta":"","header-above-stick-meta":"","header-main-stick-meta":"","header-below-stick-meta":"","astra-migrate-meta-layouts":"set","ast-page-background-enabled":"default","ast-page-background-meta":{"desktop":{"background-color":"","background-image":"","background-repeat":"repeat","background-position":"center center","background-size":"auto","background-attachment":"scroll","background-type":"","background-media":"","overlay-type":"","overlay-color":"","overlay-opacity":"","overlay-gradient":""},"tablet":{"background-color":"","background-image":"","background-repeat":"repeat","background-position":"center center","background-size":"auto","background-attachment":"scroll","background-type":"","background-media":"","overlay-type":"","overlay-color":"","overlay-opacity":"","overlay-gradient":""},"mobile":{"background-color":"","background-image":"","background-repeat":"repeat","background-position":"center center","background-size":"auto","background-attachment":"scroll","background-type":"","background-media":"","overlay-type":"","overlay-color":"","overlay-opacity":"","overlay-gradient":""}},"ast-content-background-meta":{"desktop":{"background-color":"var(--ast-global-color-5)","background-image":"","background-repeat":"repeat","background-position":"center center","background-size":"auto","background-attachment":"scroll","background-type":"","background-media":"","overlay-type":"","overlay-color":"","overlay-opacity":"","overlay-gradient":""},"tablet":{"background-color":"var(--ast-global-color-5)","background-image":"","background-repeat":"repeat","background-position":"center center","background-size":"auto","background-attachment":"scroll","background-type":"","background-media":"","overlay-type":"","overlay-color":"","overlay-opacity":"","overlay-gradient":""},"mobile":{"background-color":"var(--ast-global-color-5)","background-image":"","background-repeat":"repeat","background-position":"center center","background-size":"auto","background-attachment":"scroll","background-type":"","background-media":"","overlay-type":"","overlay-color":"","overlay-opacity":"","overlay-gradient":""}}},"product_brand":[],"product_cat":[132],"product_tag":[],"class_list":{"0":"post-17610","1":"product","2":"type-product","3":"status-publish","4":"has-post-thumbnail","6":"product_cat-dry-ice-machine","7":"desktop-align-center","8":"tablet-align-center","9":"mobile-align-center","11":"first","12":"instock","13":"shipping-taxable","14":"product-type-simple"},"_links":{"self":[{"href":"https:\/\/recyclingequipinc.com\/fr\/wp-json\/wp\/v2\/product\/17610","targetHints":{"allow":["GET"]}}],"collection":[{"href":"https:\/\/recyclingequipinc.com\/fr\/wp-json\/wp\/v2\/product"}],"about":[{"href":"https:\/\/recyclingequipinc.com\/fr\/wp-json\/wp\/v2\/types\/product"}],"version-history":[{"count":0,"href":"https:\/\/recyclingequipinc.com\/fr\/wp-json\/wp\/v2\/product\/17610\/revisions"}],"wp:featuredmedia":[{"embeddable":true,"href":"https:\/\/recyclingequipinc.com\/fr\/wp-json\/wp\/v2\/media\/17613"}],"wp:attachment":[{"href":"https:\/\/recyclingequipinc.com\/fr\/wp-json\/wp\/v2\/media?parent=17610"}],"wp:term":[{"taxonomy":"product_brand","embeddable":true,"href":"https:\/\/recyclingequipinc.com\/fr\/wp-json\/wp\/v2\/product_brand?post=17610"},{"taxonomy":"product_cat","embeddable":true,"href":"https:\/\/recyclingequipinc.com\/fr\/wp-json\/wp\/v2\/product_cat?post=17610"},{"taxonomy":"product_tag","embeddable":true,"href":"https:\/\/recyclingequipinc.com\/fr\/wp-json\/wp\/v2\/product_tag?post=17610"}],"curies":[{"name":"wp","href":"https:\/\/api.w.org\/{rel}","templated":true}]}}