{"id":17587,"date":"2025-12-01T10:36:22","date_gmt":"2025-12-01T02:36:22","guid":{"rendered":"https:\/\/recyclingequipinc.com\/?post_type=product&#038;p=17587"},"modified":"2025-12-22T13:46:33","modified_gmt":"2025-12-22T05:46:33","slug":"dry-ice-pelletizer","status":"publish","type":"product","link":"https:\/\/recyclingequipinc.com\/fr\/product\/dry-ice-pelletizer\/","title":{"rendered":"Pelletiseur de glace s\u00e8che haute performance"},"content":{"rendered":"<p>Rationalisez vos op\u00e9rations et prenez le contr\u00f4le total de votre approvisionnement en glace s\u00e8che avec un pelletiseur de glace s\u00e8che Shuliy de pointe. Produisez de la glace s\u00e8che fra\u00eeche et de haute qualit\u00e9 \u00e0 la demande, offrant une efficacit\u00e9 in\u00e9gal\u00e9e pour le nettoyage industriel, le refroidissement pr\u00e9cis et des effets sp\u00e9ciaux captivants. Dites adieu aux probl\u00e8mes de cha\u00eene d'approvisionnement et bonjour \u00e0 la production sur site qui garantit des performances optimales et des \u00e9conomies.<\/p> <h2>Le pouvoir des pellets de glace s\u00e8che \u00e0 la demande<\/h2> <p>A robust dry ice pelletizer is more than just a piece of equipment; it&#8217;s a strategic asset. It empowers businesses to generate their own dry ice pellets, eliminating the logistical challenges and costs associated with external suppliers. This ensures you always have access to fresh, high-density pellets, crucial for applications where quality and consistency are paramount. Whether you&#8217;re in manufacturing, food processing, or entertainment, a reliable dry ice pellet machine is key to operational excellence.<\/p> <h2>Comment fonctionnent les pelletiseurs de glace s\u00e8che Shuliy<\/h2> <p>Notre machine avanc\u00e9e de fabrication de glace s\u00e8che est con\u00e7ue pour l'efficacit\u00e9 et la facilit\u00e9 d'utilisation. Le processus est simple mais tr\u00e8s efficace :<\/p> <ul> <li><strong>Transformation du CO2 :<\/strong> Le dioxyde de carbone liquide (CO2) est inject\u00e9 pr\u00e9cis\u00e9ment dans une chambre \u00e0 haute pression \u00e0 l\u2019int\u00e9rieur du pelletiseur Shuliy.<\/li> <li><strong>Formation de neige :<\/strong> Lorsque le CO2 subit une lib\u00e9ration de pression contr\u00f4l\u00e9e, il subit une expansion rapide et une chute dramatique de temp\u00e9rature. Cela le fait se solidifier en neige de glace s\u00e8che fine et poudreuse.<\/li> <li><strong>Extrusion de pellets :<\/strong> Cette neige de glace s\u00e8che est ensuite compact\u00e9e sous pression et forc\u00e9e \u00e0 travers des plaques de matrices sp\u00e9cialement con\u00e7ues. Ce processus d'extrusion fa\u00e7onne la neige en pellets de glace s\u00e8che uniformes et denses, pr\u00eats \u00e0 l'emploi imm\u00e9diat.<\/li> <\/ul> <p>his sophisticated yet simple mechanism ensures a high conversion ratio (\u226542%) and produces dry ice pellets with a density of 1550 kg\/m\u00b3, maximizing their effectiveness in any application. Shuliy&#8217;s equipment features robust stainless steel construction, an intuitive touchscreen interface, and a reliable extrusion system, guaranteeing consistent results and simple operation.<\/p> <h2>Shuliy&#8217;s Dry Ice Pelletizer Range<\/h2> <p>Nous proposons une vari\u00e9t\u00e9 de pelletiseurs de glace s\u00e8che \u00e0 vendre pour r\u00e9pondre \u00e0 divers besoins industriels, allant des petites op\u00e9rations \u00e0 la production \u00e0 volume \u00e9lev\u00e9 :<\/p> <table style=\"border-collapse: collapse; width: 100%;\"> <tbody> <tr> <td style=\"width: 14.2857%;\">Mod\u00e8le<\/td> <td style=\"width: 14.2857%;\">Capacit\u00e9 (kg\/h)<\/td> <td style=\"width: 14.2857%;\">Taille des pellets(mm)<\/td> <td style=\"width: 14.2857%;\">Puissance(kW)<\/td> <td style=\"width: 14.2857%;\">Poids (kg)<\/td> <td style=\"width: 14.2857%;\">Dimensions(cm)<\/td> <\/tr> <tr> <td style=\"width: 14.2857%;\">SL-50<\/td> <td style=\"width: 14.2857%;\">50<\/td> <td style=\"width: 14.2857%;\">\u22053-16<\/td> <td style=\"width: 14.2857%;\">3<\/td> <td style=\"width: 14.2857%;\">200<\/td> <td style=\"width: 14.2857%;\">100*50*100<\/td> <\/tr> <tr> <td style=\"width: 14.2857%;\">SL-100<\/td> <td style=\"width: 14.2857%;\">100<\/td> <td style=\"width: 14.2857%;\">\u22053-19<\/td> <td style=\"width: 14.2857%;\">4<\/td> <td style=\"width: 14.2857%;\">350<\/td> <td style=\"width: 14.2857%;\">128*60*140<\/td> <\/tr> <tr> <td style=\"width: 14.2857%;\">SL-150<\/td> <td style=\"width: 14.2857%;\">150<\/td> <td style=\"width: 14.2857%;\">\u22053-19<\/td> <td style=\"width: 14.2857%;\">7.5<\/td> <td style=\"width: 14.2857%;\">600<\/td> <td style=\"width: 14.2857%;\">135*65*165<\/td> <\/tr> <tr> <td style=\"width: 14.2857%;\">SL-200<\/td> <td style=\"width: 14.2857%;\">200<\/td> <td style=\"width: 14.2857%;\">\u22053-19<\/td> <td style=\"width: 14.2857%;\">5.5<\/td> <td style=\"width: 14.2857%;\">650<\/td> <td style=\"width: 14.2857%;\">48*100*151<\/td> <\/tr> <tr> <td style=\"width: 14.2857%;\">SL-300<\/td> <td style=\"width: 14.2857%;\">300<\/td> <td style=\"width: 14.2857%;\">\u22053-19<\/td> <td style=\"width: 14.2857%;\">7.5<\/td> <td style=\"width: 14.2857%;\">1200<\/td> <td style=\"width: 14.2857%;\">135*120*158<\/td> <\/tr> <tr> <td style=\"width: 14.2857%;\">SL-500<\/td> <td style=\"width: 14.2857%;\">500<\/td> <td style=\"width: 14.2857%;\">\u22053-19<\/td> <td style=\"width: 14.2857%;\">18.5<\/td> <td style=\"width: 14.2857%;\">2500<\/td> <td style=\"width: 14.2857%;\">165*145*175<\/td> <\/tr> <\/tbody> <\/table> <h2>Principaux avantages d'investir dans un pelletiseur de glace s\u00e8che Shuliy<\/h2> <ul> <li><strong>Rentabilit\u00e9 :<\/strong> R\u00e9duisez consid\u00e9rablement les d\u00e9penses d'achat et de transport de la glace s\u00e8che.<\/li> <li><strong>Fra\u00eecheur \u00e0 la demande :<\/strong> Produisez des pellets selon vos besoins, en assurant des performances optimales et des caract\u00e9ristiques de sublimation.<\/li> <li><strong>Applications polyvalentes :<\/strong> Id\u00e9al pour le nettoyage de pr\u00e9cision dans l\u2019automobile et l\u2019\u00e9lectronique, la cong\u00e9lation rapide dans l\u2019industrie alimentaire, le maintien de la cha\u00eene du froid, et la cr\u00e9ation d\u2019effets atmosph\u00e9riques spectaculaires.<\/li> <li><strong>Respectueux de l'environnement :<\/strong> La glace s\u00e8che est une option durable, sublimant directement en gaz CO2 sans laisser de r\u00e9sidu chimique.<\/li> <li><strong>Contr\u00f4le op\u00e9rationnel :<\/strong> Gagnez en ind\u00e9pendance vis-\u00e0-vis des fournisseurs externes et assurez la continuit\u00e9 et la stabilit\u00e9 de vos op\u00e9rations.<\/li> <\/ul> <h2>Diff\u00e9rences des \u00e9quipements de glace s\u00e8che :<\/h2> <p class=\"translation-block\">It&#8217;s important to note that a dry ice pelletizer is specifically designed to create uniform dry ice pellets. This differs from <a href=\"https:\/\/recyclingequipinc.com\/fr\/produit\/dry-ice-block-maker\/\">machines that produce dry ice blocks<\/a>, and it is also distinct from dry ice blasting equipment, which uses dry ice pellets for cleaning purposes. Shuliy offers comprehensive dry ice solutions to meet your diverse needs.<\/p> <h2>T\u00e9moignages de r\u00e9ussite client<\/h2> <p>A leading food processing company in the United States relies on Shuliy&#8217;s dry ice pellet machine for sale to maintain optimal temperature control for their high-value perishable goods during extended shipping. By using Shuliy equipment to produce fresh dry ice on demand, they have successfully reduced product spoilage by 20% and significantly boosted customer satisfaction due to consistent product quality.<\/p> <p>&nbsp;<\/p>","protected":false},"excerpt":{"rendered":"<p>Pelletiseurs de glace s\u00e8che Shuliy : pellets de qualit\u00e9 \u00e0 la demande pour le nettoyage, le refroidissement, les effets sp\u00e9ciaux. Prix comp\u00e9titifs &amp; support d'experts.<\/p>","protected":false},"featured_media":17591,"template":"","meta":{"site-sidebar-layout":"default","site-content-layout":"","ast-site-content-layout":"default","site-content-style":"default","site-sidebar-style":"default","ast-global-header-display":"","ast-banner-title-visibility":"","ast-main-header-display":"","ast-hfb-above-header-display":"","ast-hfb-below-header-display":"","ast-hfb-mobile-header-display":"","site-post-title":"","ast-breadcrumbs-content":"","ast-featured-img":"","footer-sml-layout":"","ast-disable-related-posts":"","theme-transparent-header-meta":"default","adv-header-id-meta":"","stick-header-meta":"","header-above-stick-meta":"","header-main-stick-meta":"","header-below-stick-meta":"","astra-migrate-meta-layouts":"set","ast-page-background-enabled":"default","ast-page-background-meta":{"desktop":{"background-color":"","background-image":"","background-repeat":"repeat","background-position":"center center","background-size":"auto","background-attachment":"scroll","background-type":"","background-media":"","overlay-type":"","overlay-color":"","overlay-opacity":"","overlay-gradient":""},"tablet":{"background-color":"","background-image":"","background-repeat":"repeat","background-position":"center center","background-size":"auto","background-attachment":"scroll","background-type":"","background-media":"","overlay-type":"","overlay-color":"","overlay-opacity":"","overlay-gradient":""},"mobile":{"background-color":"","background-image":"","background-repeat":"repeat","background-position":"center center","background-size":"auto","background-attachment":"scroll","background-type":"","background-media":"","overlay-type":"","overlay-color":"","overlay-opacity":"","overlay-gradient":""}},"ast-content-background-meta":{"desktop":{"background-color":"var(--ast-global-color-5)","background-image":"","background-repeat":"repeat","background-position":"center center","background-size":"auto","background-attachment":"scroll","background-type":"","background-media":"","overlay-type":"","overlay-color":"","overlay-opacity":"","overlay-gradient":""},"tablet":{"background-color":"var(--ast-global-color-5)","background-image":"","background-repeat":"repeat","background-position":"center center","background-size":"auto","background-attachment":"scroll","background-type":"","background-media":"","overlay-type":"","overlay-color":"","overlay-opacity":"","overlay-gradient":""},"mobile":{"background-color":"var(--ast-global-color-5)","background-image":"","background-repeat":"repeat","background-position":"center center","background-size":"auto","background-attachment":"scroll","background-type":"","background-media":"","overlay-type":"","overlay-color":"","overlay-opacity":"","overlay-gradient":""}}},"product_brand":[],"product_cat":[132],"product_tag":[],"class_list":{"0":"post-17587","1":"product","2":"type-product","3":"status-publish","4":"has-post-thumbnail","6":"product_cat-dry-ice-machine","7":"desktop-align-center","8":"tablet-align-center","9":"mobile-align-center","11":"first","12":"instock","13":"shipping-taxable","14":"product-type-simple"},"_links":{"self":[{"href":"https:\/\/recyclingequipinc.com\/fr\/wp-json\/wp\/v2\/product\/17587","targetHints":{"allow":["GET"]}}],"collection":[{"href":"https:\/\/recyclingequipinc.com\/fr\/wp-json\/wp\/v2\/product"}],"about":[{"href":"https:\/\/recyclingequipinc.com\/fr\/wp-json\/wp\/v2\/types\/product"}],"version-history":[{"count":0,"href":"https:\/\/recyclingequipinc.com\/fr\/wp-json\/wp\/v2\/product\/17587\/revisions"}],"wp:featuredmedia":[{"embeddable":true,"href":"https:\/\/recyclingequipinc.com\/fr\/wp-json\/wp\/v2\/media\/17591"}],"wp:attachment":[{"href":"https:\/\/recyclingequipinc.com\/fr\/wp-json\/wp\/v2\/media?parent=17587"}],"wp:term":[{"taxonomy":"product_brand","embeddable":true,"href":"https:\/\/recyclingequipinc.com\/fr\/wp-json\/wp\/v2\/product_brand?post=17587"},{"taxonomy":"product_cat","embeddable":true,"href":"https:\/\/recyclingequipinc.com\/fr\/wp-json\/wp\/v2\/product_cat?post=17587"},{"taxonomy":"product_tag","embeddable":true,"href":"https:\/\/recyclingequipinc.com\/fr\/wp-json\/wp\/v2\/product_tag?post=17587"}],"curies":[{"name":"wp","href":"https:\/\/api.w.org\/{rel}","templated":true}]}}