{"id":17585,"date":"2025-12-01T10:35:01","date_gmt":"2025-12-01T02:35:01","guid":{"rendered":"https:\/\/recyclingequipinc.com\/?post_type=product&#038;p=17585"},"modified":"2025-12-01T10:35:01","modified_gmt":"2025-12-01T02:35:01","slug":"dry-ice-block-maker","status":"publish","type":"product","link":"https:\/\/recyclingequipinc.com\/fr\/product\/dry-ice-block-maker\/","title":{"rendered":"Fabricant de blocs de glace s\u00e8che \u00e0 vendre"},"content":{"rendered":"<p>Atteignez une efficacit\u00e9 op\u00e9rationnelle maximale avec le Machine \u00e0 blocs de glace s\u00e8che de la s\u00e9rie SL de Shuliy. Con\u00e7ue pour la fiabilit\u00e9 et des performances in\u00e9gal\u00e9es, cette machine permet \u00e0 votre entreprise de produire sur site des blocs de glace s\u00e8che de haute densit\u00e9 et de qualit\u00e9 sup\u00e9rieure. Prenez le contr\u00f4le total de vos processus de refroidissement et de conservation en produisant un agent de refroidissement de qualit\u00e9 sup\u00e9rieure exactement quand vous en avez besoin, maximisant la qualit\u00e9 et minimisant les co\u00fbts op\u00e9rationnels.<\/p> <h2>Pourquoi investir dans une machine \u00e0 blocs de glace s\u00e8che Shuliy ?<\/h2> <p>Nos machines ne sont pas seulement un \u00e9quipement ; elles sont un atout strat\u00e9gique pour votre entreprise. Chaque composant est con\u00e7u pour offrir des avantages tangibles.<\/p> <ul> <li><strong>Qualit\u00e9 sup\u00e9rieure des blocs :<\/strong> Notre presse hydraulique puissante cr\u00e9e des blocs \u00e0 densit\u00e9 ultra-\u00e9lev\u00e9e (jusqu'\u00e0 1550 kg\/m\u00b3). Cela signifie que votre glace s\u00e8che est plus solide, dure beaucoup plus longtemps et offre une puissance de refroidissement plus efficace par kilogramme.<\/li> <li><strong>Efficacit\u00e9 Maximale :<\/strong> Don&#8217;t waste valuable resources. With an advanced design, our dry ice block maker achieves a market-leading conversion ratio of \u226542%, converting more liquid CO2 into solid ice and dramatically lowering your cost per block.<\/li> <li><strong>Fonctionnement robuste et fiable :<\/strong> Con\u00e7ue pour r\u00e9pondre aux exigences des environnements industriels, la s\u00e9rie SL de Shuliy dispose d'un cadre durable et de composants de haute qualit\u00e9, garantissant des performances constantes et une longue dur\u00e9e de vie avec un entretien minimal.<\/li> <li><strong>Contr\u00f4le simple et automatis\u00e9 :<\/strong> L'interface intuitive \u00e0 \u00e9cran tactile PLC permet une op\u00e9ration simple en un clic. Cela r\u00e9duit les co\u00fbts de main-d'\u0153uvre, minimise le temps de formation et garantit une production constante, quel que soit l'op\u00e9rateur.<\/li> <\/ul> <h2>Le processus de production simple en 3 \u00e9tapes<\/h2> <p>Produire votre propre glace s\u00e8che de haute qualit\u00e9 n'a jamais \u00e9t\u00e9 aussi simple. Notre machine automatique \u00e0 blocs de glace s\u00e8che simplifie tout le processus.<\/p> <ol> <li><strong>Entr\u00e9e de CO2 liquide:<\/strong> La machine extrait le CO2 liquide de votre r\u00e9servoir de stockage connect\u00e9.<\/li> <li><strong>Solidification Rapide :<\/strong> The LCO2 is injected into a chamber, where it rapidly expands and solidifies into &#8220;dry ice snow.&#8221;<\/li> <li><strong>Compression hydraulique :<\/strong> Le syst\u00e8me hydraulique puissant compresse instantan\u00e9ment la neige en un bloc solide, parfaitement form\u00e9 et \u00e0 haute densit\u00e9.<\/li> <\/ol> <h2>La s\u00e9rie SL de Shuliy : con\u00e7ue pour vos besoins<\/h2> <p>Notre \u00e9quipement de production de glace s\u00e8che n'est pas universel. Nous proposons deux mod\u00e8les distincts pour garantir une correspondance parfaite avec votre volume de production sp\u00e9cifique et votre espace de travail.<\/p> <h3><span style=\"font-size: 14pt;\">Le SL-120 : la puissance compacte<\/span><\/h3> <p>Id\u00e9al pour les entreprises en croissance, les laboratoires ou les transformateurs alimentaires de taille moyenne, le SL-120 est une machine compacte mais puissante pour la fabrication de blocs de glace s\u00e8che commerciale. Il fournit une production constante de 100-160 kg\/h sans n\u00e9cessiter une empreinte importante, ce qui en fait la premi\u00e8re \u00e9tape parfaite dans la fabrication de glace s\u00e8che sur site.<\/p> <h3><span style=\"font-size: 14pt;\">Le SL-240 : le travailleur industriel<\/span><\/h3> <p>Pour les op\u00e9rations \u00e0 grande \u00e9chelle, le SL-240 est la solution ultime. Cette machine industrielle \u00e0 blocs de glace s\u00e8che offre une capacit\u00e9 massive de 200-300 kg\/h, soutenant sans effort les grands services de restauration a\u00e9rienne, les grands centres logistiques pharmaceutiques et les lignes de production alimentaire \u00e0 volume \u00e9lev\u00e9.<\/p> <table style=\"border-collapse: collapse; width: 100%;\"> <tbody> <tr> <td style=\"width: 33.3333%;\">Param\u00e8tres<\/td> <td style=\"width: 33.3333%;\">SL-120<\/td> <td style=\"width: 33.3333%;\">SL-240<\/td> <\/tr> <tr> <td style=\"width: 33.3333%;\">Capacit\u00e9 (kg\/h)<\/td> <td style=\"width: 33.3333%;\">100-160<\/td> <td style=\"width: 33.3333%;\">200-300<\/td> <\/tr> <tr> <td style=\"width: 33.3333%;\">Densit\u00e9 de glace s\u00e8che (kg\/m\u00b3)<\/td> <td style=\"width: 33.3333%;\">1550<\/td> <td style=\"width: 33.3333%;\">1450-1550<\/td> <\/tr> <tr> <td style=\"width: 33.3333%;\">Taux de Conversion<\/td> <td style=\"width: 33.3333%;\">\u226542%<\/td> <td style=\"width: 33.3333%;\">\u226542%<\/td> <\/tr> <tr> <td style=\"width: 33.3333%;\">Puissance(kW)<\/td> <td style=\"width: 33.3333%;\">4<\/td> <td style=\"width: 33.3333%;\">8<\/td> <\/tr> <tr> <td style=\"width: 33.3333%;\">Dimensions(cm)<\/td> <td style=\"width: 33.3333%;\">125*60*128<\/td> <td style=\"width: 33.3333%;\">142*120*148<\/td> <\/tr> <\/tbody> <\/table> <h2>Lib\u00e9rez le potentiel dans n'importe quelle industrie<\/h2> <p>La capacit\u00e9 \u00e0 produire des blocs de glace s\u00e8che de haute qualit\u00e9 \u00e0 vendre ou pour un usage interne fait de notre machine un atout essentiel dans de nombreux secteurs :<\/p> <ul> <li><strong>Logistique de la cha\u00eene du froid :<\/strong> Assurez un contr\u00f4le de temp\u00e9rature ininterrompu pour les produits pharmaceutiques, fruits de mer et autres produits p\u00e9rissables du entrep\u00f4t \u00e0 la destination finale.<\/li> <li><strong>Alimentation &amp; Boissons :<\/strong> Refroidir rapidement les produits lors du traitement, inhiber la croissance bact\u00e9rienne et transporter en toute s\u00e9curit\u00e9 les produits finis.<\/li> <li><strong>Restauration a\u00e9rienne :<\/strong> Maintenez la s\u00e9curit\u00e9 alimentaire et les normes de qualit\u00e9 pour des milliers de repas en vol chaque jour.<\/li> <li><strong>M\u00e9dical &amp; Biotech :<\/strong> Conserve de mani\u00e8re fiable les \u00e9chantillons biologiques, vaccins et organes pour le transport et le stockage \u00e0 long terme.<\/li> <\/ul> <h2>Au-del\u00e0 de la machine : le partenariat Shuliy<\/h2> <p>When you choose Shuliy Machinery, you&#8217;re getting more than just equipment. You&#8217;re gaining a partner dedicated to your success. We provide comprehensive after-sales support, technical guidance, and global shipping to ensure your CO2 to dry ice machine is integrated smoothly and operates flawlessly for years to come.<\/p>","protected":false},"excerpt":{"rendered":"<p>Production de glace s\u00e8che sur site : densit\u00e9 plus \u00e9lev\u00e9e, co\u00fbts plus faibles, contr\u00f4le total.<\/p>","protected":false},"featured_media":17589,"template":"","meta":{"site-sidebar-layout":"default","site-content-layout":"","ast-site-content-layout":"default","site-content-style":"default","site-sidebar-style":"default","ast-global-header-display":"","ast-banner-title-visibility":"","ast-main-header-display":"","ast-hfb-above-header-display":"","ast-hfb-below-header-display":"","ast-hfb-mobile-header-display":"","site-post-title":"","ast-breadcrumbs-content":"","ast-featured-img":"","footer-sml-layout":"","ast-disable-related-posts":"","theme-transparent-header-meta":"default","adv-header-id-meta":"","stick-header-meta":"","header-above-stick-meta":"","header-main-stick-meta":"","header-below-stick-meta":"","astra-migrate-meta-layouts":"set","ast-page-background-enabled":"default","ast-page-background-meta":{"desktop":{"background-color":"","background-image":"","background-repeat":"repeat","background-position":"center center","background-size":"auto","background-attachment":"scroll","background-type":"","background-media":"","overlay-type":"","overlay-color":"","overlay-opacity":"","overlay-gradient":""},"tablet":{"background-color":"","background-image":"","background-repeat":"repeat","background-position":"center center","background-size":"auto","background-attachment":"scroll","background-type":"","background-media":"","overlay-type":"","overlay-color":"","overlay-opacity":"","overlay-gradient":""},"mobile":{"background-color":"","background-image":"","background-repeat":"repeat","background-position":"center center","background-size":"auto","background-attachment":"scroll","background-type":"","background-media":"","overlay-type":"","overlay-color":"","overlay-opacity":"","overlay-gradient":""}},"ast-content-background-meta":{"desktop":{"background-color":"var(--ast-global-color-5)","background-image":"","background-repeat":"repeat","background-position":"center center","background-size":"auto","background-attachment":"scroll","background-type":"","background-media":"","overlay-type":"","overlay-color":"","overlay-opacity":"","overlay-gradient":""},"tablet":{"background-color":"var(--ast-global-color-5)","background-image":"","background-repeat":"repeat","background-position":"center center","background-size":"auto","background-attachment":"scroll","background-type":"","background-media":"","overlay-type":"","overlay-color":"","overlay-opacity":"","overlay-gradient":""},"mobile":{"background-color":"var(--ast-global-color-5)","background-image":"","background-repeat":"repeat","background-position":"center center","background-size":"auto","background-attachment":"scroll","background-type":"","background-media":"","overlay-type":"","overlay-color":"","overlay-opacity":"","overlay-gradient":""}}},"product_brand":[],"product_cat":[132],"product_tag":[],"class_list":{"0":"post-17585","1":"product","2":"type-product","3":"status-publish","4":"has-post-thumbnail","6":"product_cat-dry-ice-machine","7":"desktop-align-center","8":"tablet-align-center","9":"mobile-align-center","11":"first","12":"instock","13":"shipping-taxable","14":"product-type-simple"},"_links":{"self":[{"href":"https:\/\/recyclingequipinc.com\/fr\/wp-json\/wp\/v2\/product\/17585","targetHints":{"allow":["GET"]}}],"collection":[{"href":"https:\/\/recyclingequipinc.com\/fr\/wp-json\/wp\/v2\/product"}],"about":[{"href":"https:\/\/recyclingequipinc.com\/fr\/wp-json\/wp\/v2\/types\/product"}],"version-history":[{"count":0,"href":"https:\/\/recyclingequipinc.com\/fr\/wp-json\/wp\/v2\/product\/17585\/revisions"}],"wp:featuredmedia":[{"embeddable":true,"href":"https:\/\/recyclingequipinc.com\/fr\/wp-json\/wp\/v2\/media\/17589"}],"wp:attachment":[{"href":"https:\/\/recyclingequipinc.com\/fr\/wp-json\/wp\/v2\/media?parent=17585"}],"wp:term":[{"taxonomy":"product_brand","embeddable":true,"href":"https:\/\/recyclingequipinc.com\/fr\/wp-json\/wp\/v2\/product_brand?post=17585"},{"taxonomy":"product_cat","embeddable":true,"href":"https:\/\/recyclingequipinc.com\/fr\/wp-json\/wp\/v2\/product_cat?post=17585"},{"taxonomy":"product_tag","embeddable":true,"href":"https:\/\/recyclingequipinc.com\/fr\/wp-json\/wp\/v2\/product_tag?post=17585"}],"curies":[{"name":"wp","href":"https:\/\/api.w.org\/{rel}","templated":true}]}}