{"id":17556,"date":"2025-11-11T16:08:39","date_gmt":"2025-11-11T08:08:39","guid":{"rendered":"https:\/\/recyclingequipinc.com\/?post_type=product&#038;p=17556"},"modified":"2025-11-11T16:26:44","modified_gmt":"2025-11-11T08:26:44","slug":"spiral-rebar-bender","status":"publish","type":"product","link":"https:\/\/recyclingequipinc.com\/fr\/product\/spiral-rebar-bender\/","title":{"rendered":"Pliageur de spirale efficace"},"content":{"rendered":"<p>Ce pliageur de barres d'armature en spirale rel\u00e8ve la t\u00e2che exigeante de fa\u00e7onner des barres d'acier droites en formes de renforcement en spirale ou en cercle pr\u00e9cises. Avec une pr\u00e9cision jusqu'\u00e0 \u00b10,2 mm et des vitesses de pliage atteignant 30 m\/min, il transforme le stock droit en bobines de haute qualit\u00e9 \u00e0 grande \u00e9chelle. D\u00e9marrage efficace, r\u00e9duction du temps de travail, minimisation des variations.<\/p> <h2>Qu'est-ce que le pliageur de barres d'armature en spirale ?<\/h2> <p>Un pliageur de barres d'armature en spirale est une machine sp\u00e9cialis\u00e9e utilis\u00e9e dans les travaux de renforcement en b\u00e9ton. Elle plie les barres en formes circulaires ou h\u00e9lico\u00efdales \u2014 essentiel pour des applications telles que cages de pieux, anneaux de tunnel, ancrages pour trains \u00e0 grande vitesse ou anneaux pr\u00e9fabriqu\u00e9s. \u00c9quip\u00e9e d'une entr\u00e9e CNC et d'une transmission hydraulique, la machine automatise les op\u00e9rations d'alimentation, de pliage, de coupe et g\u00e8re une gamme de diam\u00e8tres allant de petits anneaux \u00e0 de grands spirales.<\/p> <div id='gallery-1' class='gallery galleryid-17556 gallery-columns-3 gallery-size-full'><figure class='gallery-item'> \t\t\t<div class='gallery-icon landscape'> \t\t\t\t<a href='https:\/\/recyclingequipinc.com\/fr\/?attachment_id=17577'><img fetchpriority=\"high\" decoding=\"async\" width=\"720\" height=\"540\" src=\"https:\/\/recyclingequipinc.com\/wp-content\/uploads\/2025\/11\/uniform-and-precisely-formed-rebar-spirals.webp\" class=\"attachment-full size-full\" alt=\"spirales de barres d&#039;armature uniformes et pr\u00e9cis\u00e9ment form\u00e9es\" aria-describedby=\"gallery-1-17577\" srcset=\"https:\/\/recyclingequipinc.com\/wp-content\/uploads\/2025\/11\/uniform-and-precisely-formed-rebar-spirals.webp 720w, https:\/\/recyclingequipinc.com\/wp-content\/uploads\/2025\/11\/uniform-and-precisely-formed-rebar-spirals-300x225.webp 300w, https:\/\/recyclingequipinc.com\/wp-content\/uploads\/2025\/11\/uniform-and-precisely-formed-rebar-spirals-16x12.webp 16w\" sizes=\"(max-width: 720px) 100vw, 720px\" \/><\/a> \t\t\t<\/div> \t\t\t\t<figcaption class='wp-caption-text gallery-caption' id='gallery-1-17577'> \t\t\t\tspirales de barres d'armature uniformes et pr\u00e9cis\u00e9ment form\u00e9es \t\t\t\t<\/figcaption><\/figure><figure class='gallery-item'> \t\t\t<div class='gallery-icon landscape'> \t\t\t\t<a href='https:\/\/recyclingequipinc.com\/fr\/?attachment_id=17576'><img decoding=\"async\" width=\"750\" height=\"750\" src=\"https:\/\/recyclingequipinc.com\/wp-content\/uploads\/2025\/11\/steel-bar-ring-making-machine.webp\" class=\"attachment-full size-full\" alt=\"Machine \u00e0 faire des cercles de barres d&#039;acier\" aria-describedby=\"gallery-1-17576\" srcset=\"https:\/\/recyclingequipinc.com\/wp-content\/uploads\/2025\/11\/steel-bar-ring-making-machine.webp 750w, https:\/\/recyclingequipinc.com\/wp-content\/uploads\/2025\/11\/steel-bar-ring-making-machine-300x300.webp 300w, https:\/\/recyclingequipinc.com\/wp-content\/uploads\/2025\/11\/steel-bar-ring-making-machine-150x150.webp 150w, https:\/\/recyclingequipinc.com\/wp-content\/uploads\/2025\/11\/steel-bar-ring-making-machine-12x12.webp 12w, https:\/\/recyclingequipinc.com\/wp-content\/uploads\/2025\/11\/steel-bar-ring-making-machine-100x100.webp 100w\" sizes=\"(max-width: 750px) 100vw, 750px\" \/><\/a> \t\t\t<\/div> \t\t\t\t<figcaption class='wp-caption-text gallery-caption' id='gallery-1-17576'> \t\t\t\tMachine \u00e0 faire des cercles de barres d'acier \t\t\t\t<\/figcaption><\/figure> \t\t<\/div>  <h2>Principaux avantages de notre machine \u00e0 faire des cercles de barres d'armature<\/h2> <p>Pour les entreprises souhaitant investir dans un pliageur de cercles en acier fiable et puissant, le mod\u00e8le Shuliy se d\u00e9marque. Notre machine automatique CNC \u00e0 cinq t\u00eates pour le pliage de barres de dalle est con\u00e7ue pour un travail \u00e0 volume \u00e9lev\u00e9 et haute pr\u00e9cision, ce qui en fait le choix id\u00e9al pour des projets exigeants.<\/p> <ul> <li><strong>Contr\u00f4le CNC automatis\u00e9 :<\/strong> d\u00e9finissez le diam\u00e8tre du cerceau, l'espacement de la bobine et la quantit\u00e9 de lot une seule fois ; laissez-le fonctionner.<\/li> <li><strong>Sortie de haute pr\u00e9cision : <\/strong>forme et taille coh\u00e9rentes sur de grandes s\u00e9ries ; r\u00e9duit les d\u00e9chets.<\/li> <li><strong>Taux de production rapide : <\/strong>adapt\u00e9 aux usines de fabrication \u00e0 volume \u00e9lev\u00e9 ou aux chantiers exigeants.<\/li> <li><strong>Syst\u00e8me hydraulique robuste : <\/strong>force de pliage forte, performance stable sous charge lourde.<\/li> <li><strong>Compatibilit\u00e9 \u00e9tendue des mat\u00e9riaux : <\/strong>prend en charge plusieurs diam\u00e8tres de barre, diverses qualit\u00e9s de renforcement.<\/li> <\/ul> <figure id=\"attachment_17573\" aria-describedby=\"caption-attachment-17573\" style=\"width: 750px\" class=\"wp-caption aligncenter\"><img decoding=\"async\" class=\"wp-image-17573 size-full\" src=\"https:\/\/recyclingequipinc.com\/wp-content\/uploads\/2025\/11\/rebar-circle-making-machine.webp\" alt=\"Machine \u00e0 faire des cercles de barres d&#039;armature\" width=\"750\" height=\"750\" srcset=\"https:\/\/recyclingequipinc.com\/wp-content\/uploads\/2025\/11\/rebar-circle-making-machine.webp 750w, https:\/\/recyclingequipinc.com\/wp-content\/uploads\/2025\/11\/rebar-circle-making-machine-300x300.webp 300w, https:\/\/recyclingequipinc.com\/wp-content\/uploads\/2025\/11\/rebar-circle-making-machine-150x150.webp 150w, https:\/\/recyclingequipinc.com\/wp-content\/uploads\/2025\/11\/rebar-circle-making-machine-12x12.webp 12w, https:\/\/recyclingequipinc.com\/wp-content\/uploads\/2025\/11\/rebar-circle-making-machine-100x100.webp 100w\" sizes=\"(max-width: 750px) 100vw, 750px\" \/><figcaption id=\"caption-attachment-17573\" class=\"wp-caption-text\">Machine \u00e0 faire des cercles de barres d'armature<\/figcaption><\/figure> <h2>Comment fonctionne le pliageur de cercles de barres d'armature ?<\/h2> <p class=\"translation-block\">Une fois les param\u00e8tres programm\u00e9s, le PLC du syst\u00e8me active le moteur et la pompe hydraulique. <a href=\"https:\/\/recyclingequipinc.com\/fr\/produit\/steel-bar-straightening-machine\/\">L'acier est redress\u00e9<\/a>, aliment\u00e9 dans l'assemblage de fa\u00e7onnage, pli\u00e9 en spirale ou en cercle pr\u00e9d\u00e9fini, puis coup\u00e9 automatiquement. Un cycle fluide : alimentation \u2192 pliage \u2192 coupe. Cette boucle continue garantit une intervention manuelle minimale et une coh\u00e9rence \u00e9lev\u00e9e de la production.<\/p> <figure id=\"attachment_17572\" aria-describedby=\"caption-attachment-17572\" style=\"width: 679px\" class=\"wp-caption aligncenter\"><img loading=\"lazy\" decoding=\"async\" class=\"wp-image-17572\" src=\"https:\/\/recyclingequipinc.com\/wp-content\/uploads\/2025\/11\/details-of-the-spring-coiling-machine.webp\" alt=\"d\u00e9tails de la machine \u00e0 enrouler les ressorts\" width=\"679\" height=\"540\" srcset=\"https:\/\/recyclingequipinc.com\/wp-content\/uploads\/2025\/11\/details-of-the-spring-coiling-machine.webp 797w, https:\/\/recyclingequipinc.com\/wp-content\/uploads\/2025\/11\/details-of-the-spring-coiling-machine-300x239.webp 300w, https:\/\/recyclingequipinc.com\/wp-content\/uploads\/2025\/11\/details-of-the-spring-coiling-machine-768x611.webp 768w, https:\/\/recyclingequipinc.com\/wp-content\/uploads\/2025\/11\/details-of-the-spring-coiling-machine-15x12.webp 15w, https:\/\/recyclingequipinc.com\/wp-content\/uploads\/2025\/11\/details-of-the-spring-coiling-machine-750x597.webp 750w\" sizes=\"(max-width: 679px) 100vw, 679px\" \/><figcaption id=\"caption-attachment-17572\" class=\"wp-caption-text\">d\u00e9tails de la machine \u00e0 enrouler les ressorts<\/figcaption><\/figure> <h2>Sp\u00e9cifications techniques en un coup d'\u0153il<\/h2> <table style=\"border-collapse: collapse; width: 100%; height: 400px;\"> <tbody> <tr style=\"height: 82px;\"> <td style=\"width: 14.2857%; height: 82px;\">Mod\u00e8le<\/td> <td style=\"width: 14.2857%; height: 82px;\">Diam\u00e8tre de la barre d'acier (mm)<\/td> <td style=\"width: 14.2857%; height: 82px;\">Diam\u00e8tre de la spirale \/ cercle (mm)<\/td> <td style=\"width: 14.2857%; height: 82px;\">Puissance du moteur (kW)<\/td> <td style=\"width: 14.2857%; height: 82px;\">Vitesse (m\/min)<\/td> <td style=\"width: 14.2857%; height: 82px;\">Pr\u00e9cision (mm)<\/td> <td style=\"width: 14.2857%; height: 82px;\">Poids (kg)<\/td> <\/tr> <tr style=\"height: 53px;\"> <td style=\"width: 14.2857%; height: 53px;\">SL-3<\/td> <td style=\"width: 14.2857%; height: 53px;\">3-6<\/td> <td style=\"width: 14.2857%; height: 53px;\">50-1000<\/td> <td style=\"width: 14.2857%; height: 53px;\">4<\/td> <td style=\"width: 14.2857%; height: 53px;\">16-25<\/td> <td style=\"width: 14.2857%; height: 53px;\">\u00b10,2<\/td> <td style=\"width: 14.2857%; height: 53px;\">480<\/td> <\/tr> <tr style=\"height: 53px;\"> <td style=\"width: 14.2857%; height: 53px;\">SL-6<\/td> <td style=\"width: 14.2857%; height: 53px;\">6-10<\/td> <td style=\"width: 14.2857%; height: 53px;\">50-800<\/td> <td style=\"width: 14.2857%; height: 53px;\">5.5<\/td> <td style=\"width: 14.2857%; height: 53px;\">16-25<\/td> <td style=\"width: 14.2857%; height: 53px;\">\u00b10,2<\/td> <td style=\"width: 14.2857%; height: 53px;\">560<\/td> <\/tr> <tr style=\"height: 53px;\"> <td style=\"width: 14.2857%; height: 53px;\">SL-8<\/td> <td style=\"width: 14.2857%; height: 53px;\">8-12<\/td> <td style=\"width: 14.2857%; height: 53px;\">50-1500<\/td> <td style=\"width: 14.2857%; height: 53px;\">7<\/td> <td style=\"width: 14.2857%; height: 53px;\">16-25<\/td> <td style=\"width: 14.2857%; height: 53px;\">\u00b10,2<\/td> <td style=\"width: 14.2857%; height: 53px;\">640<\/td> <\/tr> <tr style=\"height: 53px;\"> <td style=\"width: 14.2857%; height: 53px;\">SL-10<\/td> <td style=\"width: 14.2857%; height: 53px;\">10-14<\/td> <td style=\"width: 14.2857%; height: 53px;\">50-1800<\/td> <td style=\"width: 14.2857%; height: 53px;\">7<\/td> <td style=\"width: 14.2857%; height: 53px;\">16-25<\/td> <td style=\"width: 14.2857%; height: 53px;\">\u00b10,2<\/td> <td style=\"width: 14.2857%; height: 53px;\">690<\/td> <\/tr> <tr style=\"height: 53px;\"> <td style=\"width: 14.2857%; height: 53px;\">SL-16<\/td> <td style=\"width: 14.2857%; height: 53px;\">16-20<\/td> <td style=\"width: 14.2857%; height: 53px;\">50-2200<\/td> <td style=\"width: 14.2857%; height: 53px;\">11<\/td> <td style=\"width: 14.2857%; height: 53px;\">16-30<\/td> <td style=\"width: 14.2857%; height: 53px;\">\u00b10,2<\/td> <td style=\"width: 14.2857%; height: 53px;\">1150<\/td> <\/tr> <tr style=\"height: 53px;\"> <td style=\"width: 14.2857%; height: 53px;\">SL-25<\/td> <td style=\"width: 14.2857%; height: 53px;\">22-25<\/td> <td style=\"width: 14.2857%; height: 53px;\">50-3000<\/td> <td style=\"width: 14.2857%; height: 53px;\">15<\/td> <td style=\"width: 14.2857%; height: 53px;\">16-30<\/td> <td style=\"width: 14.2857%; height: 53px;\">\u00b10,2<\/td> <td style=\"width: 14.2857%; height: 53px;\">1350<\/td> <\/tr> <\/tbody> <\/table> <p class=\"translation-block\"><em>Remarque : des plages de tension ou de diam\u00e8tre personnalis\u00e9es peuvent \u00eatre fournies.<\/em><\/p> <h2>Applications pour le pliageur de barres d'armature en spirale<\/h2> <ul> <li>Projets de chemin de fer \u00e0 grande vitesse et de m\u00e9tro \u2013 formation de cages en spirale et d'ancrages.<\/li> <li>Renforcement des ponts et tunnels \u2013 production d'anneaux circulaires de grande pr\u00e9cision.<\/li> <li>Fondations pour b\u00e2timents, bases \u00e9oliennes ou solaires \u2013 renforcement en spirale pour les pieux.<\/li> <li>Fabrication de composants en b\u00e9ton pr\u00e9fabriqu\u00e9 \u2013 production en grande s\u00e9rie d'anneaux ou de bobines.<\/li> <\/ul> <p>Ces applications d\u00e9pendent de machines qui offrent vitesse, r\u00e9p\u00e9tabilit\u00e9 et durabilit\u00e9.<\/p> <h2>Pourquoi choisir Shuliy Machinery pour un pliageur de barres d'armature en spirale<\/h2> <p>Shuliy Machinery apporte plus de deux d\u00e9cennies d'exp\u00e9rience dans l'\u00e9quipement de traitement des barres d'acier. Nous nous concentrons sur la fabrication de machines fiables, faciles \u00e0 entretenir et con\u00e7ues pour les environnements de production.<\/p> <ul> <li>Conceptions de machines ancr\u00e9es dans l'utilisation sur le terrain et les exigences r\u00e9elles du site.<\/li> <li>Des composants de qualit\u00e9 et un contr\u00f4le qualit\u00e9 strict garantissent une longue dur\u00e9e de vie.<\/li> <li>Configurations personnalis\u00e9es disponibles pour correspondre aux sp\u00e9cifications \u00e9lectriques r\u00e9gionales et de chantier.<\/li> <li>Canaux de support clairs : assistance \u00e0 l'installation, fourniture de pi\u00e8ces, guidance \u00e0 distance.<\/li> <\/ul> <p>En r\u00e9sum\u00e9 : vous investissez dans une machine qui fonctionne \u2014 pas seulement qui a une bonne apparence sur le papier.<\/p> <h2>Conclusion<\/h2> <p>Si vos op\u00e9rations n\u00e9cessitent une production coh\u00e9rente et \u00e0 volume \u00e9lev\u00e9 de renforts en spirale ou circulaires, le pliageur de barres d'armature en spirale Shuliy est con\u00e7u pour cela. Avec pr\u00e9cision, rapidit\u00e9 et automatisation int\u00e9gr\u00e9e, il fournit la production, la qualit\u00e9 et la fiabilit\u00e9 que les projets modernes exigent. Contactez notre \u00e9quipe pour explorer les configurations, les prix et les d\u00e9monstrations de prochaine \u00e9tape.<\/p>","protected":false},"excerpt":{"rendered":"<p>Former une armature en spirale parfaite en quelques secondes \u2014 pliage \u00e0 grande vitesse et haute pr\u00e9cision pour le traitement moderne de l'acier.<\/p>","protected":false},"featured_media":17575,"template":"","meta":{"site-sidebar-layout":"default","site-content-layout":"","ast-site-content-layout":"default","site-content-style":"default","site-sidebar-style":"default","ast-global-header-display":"","ast-banner-title-visibility":"","ast-main-header-display":"","ast-hfb-above-header-display":"","ast-hfb-below-header-display":"","ast-hfb-mobile-header-display":"","site-post-title":"","ast-breadcrumbs-content":"","ast-featured-img":"","footer-sml-layout":"","ast-disable-related-posts":"","theme-transparent-header-meta":"default","adv-header-id-meta":"","stick-header-meta":"","header-above-stick-meta":"","header-main-stick-meta":"","header-below-stick-meta":"","astra-migrate-meta-layouts":"set","ast-page-background-enabled":"default","ast-page-background-meta":{"desktop":{"background-color":"","background-image":"","background-repeat":"repeat","background-position":"center center","background-size":"auto","background-attachment":"scroll","background-type":"","background-media":"","overlay-type":"","overlay-color":"","overlay-opacity":"","overlay-gradient":""},"tablet":{"background-color":"","background-image":"","background-repeat":"repeat","background-position":"center center","background-size":"auto","background-attachment":"scroll","background-type":"","background-media":"","overlay-type":"","overlay-color":"","overlay-opacity":"","overlay-gradient":""},"mobile":{"background-color":"","background-image":"","background-repeat":"repeat","background-position":"center center","background-size":"auto","background-attachment":"scroll","background-type":"","background-media":"","overlay-type":"","overlay-color":"","overlay-opacity":"","overlay-gradient":""}},"ast-content-background-meta":{"desktop":{"background-color":"var(--ast-global-color-5)","background-image":"","background-repeat":"repeat","background-position":"center center","background-size":"auto","background-attachment":"scroll","background-type":"","background-media":"","overlay-type":"","overlay-color":"","overlay-opacity":"","overlay-gradient":""},"tablet":{"background-color":"var(--ast-global-color-5)","background-image":"","background-repeat":"repeat","background-position":"center center","background-size":"auto","background-attachment":"scroll","background-type":"","background-media":"","overlay-type":"","overlay-color":"","overlay-opacity":"","overlay-gradient":""},"mobile":{"background-color":"var(--ast-global-color-5)","background-image":"","background-repeat":"repeat","background-position":"center center","background-size":"auto","background-attachment":"scroll","background-type":"","background-media":"","overlay-type":"","overlay-color":"","overlay-opacity":"","overlay-gradient":""}}},"product_brand":[],"product_cat":[131],"product_tag":[],"class_list":{"0":"post-17556","1":"product","2":"type-product","3":"status-publish","4":"has-post-thumbnail","6":"product_cat-metal-recycling-machine","7":"desktop-align-center","8":"tablet-align-center","9":"mobile-align-center","11":"first","12":"instock","13":"shipping-taxable","14":"product-type-simple"},"_links":{"self":[{"href":"https:\/\/recyclingequipinc.com\/fr\/wp-json\/wp\/v2\/product\/17556","targetHints":{"allow":["GET"]}}],"collection":[{"href":"https:\/\/recyclingequipinc.com\/fr\/wp-json\/wp\/v2\/product"}],"about":[{"href":"https:\/\/recyclingequipinc.com\/fr\/wp-json\/wp\/v2\/types\/product"}],"version-history":[{"count":0,"href":"https:\/\/recyclingequipinc.com\/fr\/wp-json\/wp\/v2\/product\/17556\/revisions"}],"wp:featuredmedia":[{"embeddable":true,"href":"https:\/\/recyclingequipinc.com\/fr\/wp-json\/wp\/v2\/media\/17575"}],"wp:attachment":[{"href":"https:\/\/recyclingequipinc.com\/fr\/wp-json\/wp\/v2\/media?parent=17556"}],"wp:term":[{"taxonomy":"product_brand","embeddable":true,"href":"https:\/\/recyclingequipinc.com\/fr\/wp-json\/wp\/v2\/product_brand?post=17556"},{"taxonomy":"product_cat","embeddable":true,"href":"https:\/\/recyclingequipinc.com\/fr\/wp-json\/wp\/v2\/product_cat?post=17556"},{"taxonomy":"product_tag","embeddable":true,"href":"https:\/\/recyclingequipinc.com\/fr\/wp-json\/wp\/v2\/product_tag?post=17556"}],"curies":[{"name":"wp","href":"https:\/\/api.w.org\/{rel}","templated":true}]}}