{"id":17529,"date":"2025-10-20T15:41:26","date_gmt":"2025-10-20T07:41:26","guid":{"rendered":"https:\/\/recyclingequipinc.com\/?post_type=product&#038;p=17529"},"modified":"2025-10-20T15:42:01","modified_gmt":"2025-10-20T07:42:01","slug":"tire-dismantling-machine","status":"publish","type":"product","link":"https:\/\/recyclingequipinc.com\/fr\/product\/tire-dismantling-machine\/","title":{"rendered":"Machine de d\u00e9montage OTR haute efficacit\u00e9 pour pneus miniers g\u00e9ants"},"content":{"rendered":"<p>Le recyclage de pneus OTR g\u00e9ants jusqu\u2019\u00e0 R63 (3,2 m\u00e8tres) n\u2019est plus un d\u00e9fi. La machine de d\u00e9montage Shuliy OTR peut couper un pneu minier g\u00e9ant en 4\u20136 pi\u00e8ces en 10\u201330 minutes, r\u00e9duisant la main-d\u2019\u0153uvre et les co\u00fbts de manutention de plus de 60%.<\/p> <p>C'est la solution id\u00e9ale pour les usines de recyclage de pneus, les ateliers de service minier et les centres de maintenance d'\u00e9quipements lourds qui traitent de gros pneus d'ing\u00e9nierie.<\/p> <figure id=\"attachment_17534\" aria-describedby=\"caption-attachment-17534\" style=\"width: 720px\" class=\"wp-caption aligncenter\"><img fetchpriority=\"high\" decoding=\"async\" class=\"wp-image-17534 size-full\" src=\"https:\/\/recyclingequipinc.com\/wp-content\/uploads\/2025\/10\/OTR-tire-dismantling-machine.webp\" alt=\"Machine de d\u00e9montage de pneus OTR\" width=\"720\" height=\"540\" srcset=\"https:\/\/recyclingequipinc.com\/wp-content\/uploads\/2025\/10\/OTR-tire-dismantling-machine.webp 720w, https:\/\/recyclingequipinc.com\/wp-content\/uploads\/2025\/10\/OTR-tire-dismantling-machine-300x225.webp 300w, https:\/\/recyclingequipinc.com\/wp-content\/uploads\/2025\/10\/OTR-tire-dismantling-machine-16x12.webp 16w\" sizes=\"(max-width: 720px) 100vw, 720px\" \/><figcaption id=\"caption-attachment-17534\" class=\"wp-caption-text\">Machine de d\u00e9montage de pneus OTR<\/figcaption><\/figure> <h2>Qu\u2019est-ce qu\u2019une machine de d\u00e9montage OTR?<\/h2> <p>La machine de d\u00e9montage OTR, \u00e9galement connue sous le nom de coupe-pneu OTR ou machine de d\u00e9montage de pneus miniers, est con\u00e7ue pour couper et s\u00e9parer les pneus g\u00e9ants tout-terrain. Elle peut traiter des pneus de 1400 mm \u00e0 R63, s\u00e9parant l\u2019\u00e2me, la bande de roulement et la couronne en pi\u00e8ces plus petites pour un recyclage ou un transport plus faciles. Cette machine assure un d\u00e9montage de pneus s\u00fbr, pr\u00e9cis et efficace avec une puissance hydraulique forte et des lames r\u00e9sistantes \u00e0 l\u2019usure.<\/p> <figure id=\"attachment_17533\" aria-describedby=\"caption-attachment-17533\" style=\"width: 720px\" class=\"wp-caption aligncenter\"><img decoding=\"async\" class=\"wp-image-17533 size-full\" src=\"https:\/\/recyclingequipinc.com\/wp-content\/uploads\/2025\/10\/mining-tire-recycling-machine.webp\" alt=\"machine de recyclage de pneus miniers\" width=\"720\" height=\"540\" srcset=\"https:\/\/recyclingequipinc.com\/wp-content\/uploads\/2025\/10\/mining-tire-recycling-machine.webp 720w, https:\/\/recyclingequipinc.com\/wp-content\/uploads\/2025\/10\/mining-tire-recycling-machine-300x225.webp 300w, https:\/\/recyclingequipinc.com\/wp-content\/uploads\/2025\/10\/mining-tire-recycling-machine-16x12.webp 16w\" sizes=\"(max-width: 720px) 100vw, 720px\" \/><figcaption id=\"caption-attachment-17533\" class=\"wp-caption-text\">machine de recyclage de pneus miniers<\/figcaption><\/figure> <h2>Deux types de d\u00e9mantelleurs de pneus<\/h2> <table> <thead> <tr> <th>Mod\u00e8le<\/th> <th>Gamme de tailles de pneu<\/th> <th>Puissance<\/th> <th>Sortie par pneu<\/th> <th>Poids<\/th> <th>Dimensions (m)<\/th> <th>Mat\u00e9riau de la lame<\/th> <\/tr> <\/thead> <tbody> <tr> <td><strong>Grand format<\/strong><\/td> <td>R35-R63 (\u22482100-200 mm)<\/td> <td>30.5 kW<\/td> <td>10-30 min<\/td> <td>9,9 tonnes<\/td> <td>7.25*3.8*2.98<\/td> <td>Alliage de tungst\u00e8ne<\/td> <\/tr> <tr> <td><strong>Taille standard <\/strong><\/td> <td>1400-2000 mm<\/td> <td>7,5 + 5,5 kW<\/td> <td>7-15 min<\/td> <td>5,6 tonnes<\/td> <td>4.35*3.8*2.4<\/td> <td>Alliage de tungst\u00e8ne<\/td> <\/tr> <\/tbody> <\/table> <h2>Caract\u00e9ristiques cl\u00e9s de notre machine de d\u00e9montage de pneus miniers<\/h2> <ul> <li>Syst\u00e8me hydraulique puissant : coupe facilement et en toute s\u00e9curit\u00e9 les pneus OTR extra \u00e9pais.<\/li> <li>Haute efficacit\u00e9 : un pneu trait\u00e9 en moins de 30 minutes.<\/li> <li>Lames Durables : couteaux en alliage de tungst\u00e8ne avec une longue dur\u00e9e de vie et une forte r\u00e9sistance \u00e0 l\u2019usure.<\/li> <li>Stable et s\u00fbr : une structure robuste assure une coupe s\u00fbre avec de faibles vibrations.<\/li> <li>Facile \u00e0 utiliser : syst\u00e8me de contr\u00f4le simple ; adapt\u00e9 pour une utilisation en atelier et en ligne de recyclage.<\/li> <li>Faible maintenance : facile \u00e0 remplacer les lames et \u00e0 entretenir les composants hydrauliques.<\/li> <\/ul> <figure id=\"attachment_17537\" aria-describedby=\"caption-attachment-17537\" style=\"width: 720px\" class=\"wp-caption aligncenter\"><img decoding=\"async\" class=\"wp-image-17537 size-full\" src=\"https:\/\/recyclingequipinc.com\/wp-content\/uploads\/2025\/10\/\u5fae\u4fe1\u56fe\u7247_202502061906041.webp\" alt=\"machine de d\u00e9montage OTR\" width=\"720\" height=\"540\" srcset=\"https:\/\/recyclingequipinc.com\/wp-content\/uploads\/2025\/10\/\u5fae\u4fe1\u56fe\u7247_202502061906041.webp 720w, https:\/\/recyclingequipinc.com\/wp-content\/uploads\/2025\/10\/\u5fae\u4fe1\u56fe\u7247_202502061906041-300x225.webp 300w, https:\/\/recyclingequipinc.com\/wp-content\/uploads\/2025\/10\/\u5fae\u4fe1\u56fe\u7247_202502061906041-16x12.webp 16w\" sizes=\"(max-width: 720px) 100vw, 720px\" \/><figcaption id=\"caption-attachment-17537\" class=\"wp-caption-text\">machine de d\u00e9montage OTR<\/figcaption><\/figure> <h2>Avantages Pratiques<\/h2> <p>Cette machine de d\u00e9montage de pneus OTR peut faire gagner jusqu\u2019\u00e0 3\u20134 op\u00e9rateurs, minimiser l\u2019utilisation de chariots \u00e9l\u00e9vateurs et am\u00e9liorer la s\u00e9curit\u00e9 de l\u2019atelier. Elle aide \u00e9galement \u00e0 r\u00e9duire l\u2019espace de stockage car les pneus d\u00e9mantel\u00e9s occupent moins de volume. De nombreux clients signalent que l\u2019utilisation du d\u00e9mantelleur OTR de Shuliy augmente la production totale de recyclage de 30\u201340%.<\/p> <h2>Applications de la machine de d\u00e9mant\u00e8lement de pneus<\/h2> <p>La machine de d\u00e9montage de pneus OTR est largement utilis\u00e9e dans\u202f:<\/p> <ul> <li>Plants de recyclage de pneus miniers et de carri\u00e8res<\/li> <li>Centres de traitement et de r\u00e9utilisation des d\u00e9chets de pneus OTR<\/li> <li>Ateliers de maintenance des machines lourdes<\/li> <li>Industries de r\u00e9cup\u00e9ration de caoutchouc et de fils d\u2019acier<\/li> <\/ul> <p>Apr\u00e8s d\u00e9montage, les sections de pneus peuvent \u00eatre trait\u00e9es davantage par un d\u00e9chiqueteur de pneus OTR, un broyeur de caoutchouc ou un s\u00e9parateur de fils d\u2019acier pour r\u00e9cup\u00e9rer des mat\u00e9riaux pr\u00e9cieux.<\/p> <h2>Why Choose Shuliy OTR Tire Recycling Equipment?<\/h2> <p>Shuliy Machinery se sp\u00e9cialise dans des solutions professionnelles de recyclage de pneus. Nos machines de d\u00e9montage de pneus OTR sont test\u00e9es dans des conditions de travail r\u00e9elles pour assurer une grande pr\u00e9cision, de fortes performances et une longue dur\u00e9e de vie. Nous fournissons \u00e9galement des lignes compl\u00e8tes de recyclage de pneus OTR, comprenant coupe-pneus, d\u00e9chiqueteurs, broyeurs et granulateurs \u2014 tout personnalisable selon vos besoins de production.<\/p> <p>&nbsp;<\/p>","protected":false},"excerpt":{"rendered":"<p>Affrontez les pneus miniers les plus difficiles avec facilit\u00e9. La machine de d\u00e9montage de pneus OTR de Shuliy d\u00e9coupe les pneus g\u00e9ants en quelques minutes \u2014 plus s\u00fbr, plus rapide et con\u00e7ue pour durer.<\/p>","protected":false},"featured_media":17532,"template":"","meta":{"site-sidebar-layout":"default","site-content-layout":"","ast-site-content-layout":"default","site-content-style":"default","site-sidebar-style":"default","ast-global-header-display":"","ast-banner-title-visibility":"","ast-main-header-display":"","ast-hfb-above-header-display":"","ast-hfb-below-header-display":"","ast-hfb-mobile-header-display":"","site-post-title":"","ast-breadcrumbs-content":"","ast-featured-img":"","footer-sml-layout":"","ast-disable-related-posts":"","theme-transparent-header-meta":"default","adv-header-id-meta":"","stick-header-meta":"","header-above-stick-meta":"","header-main-stick-meta":"","header-below-stick-meta":"","astra-migrate-meta-layouts":"set","ast-page-background-enabled":"default","ast-page-background-meta":{"desktop":{"background-color":"","background-image":"","background-repeat":"repeat","background-position":"center center","background-size":"auto","background-attachment":"scroll","background-type":"","background-media":"","overlay-type":"","overlay-color":"","overlay-opacity":"","overlay-gradient":""},"tablet":{"background-color":"","background-image":"","background-repeat":"repeat","background-position":"center center","background-size":"auto","background-attachment":"scroll","background-type":"","background-media":"","overlay-type":"","overlay-color":"","overlay-opacity":"","overlay-gradient":""},"mobile":{"background-color":"","background-image":"","background-repeat":"repeat","background-position":"center center","background-size":"auto","background-attachment":"scroll","background-type":"","background-media":"","overlay-type":"","overlay-color":"","overlay-opacity":"","overlay-gradient":""}},"ast-content-background-meta":{"desktop":{"background-color":"var(--ast-global-color-5)","background-image":"","background-repeat":"repeat","background-position":"center center","background-size":"auto","background-attachment":"scroll","background-type":"","background-media":"","overlay-type":"","overlay-color":"","overlay-opacity":"","overlay-gradient":""},"tablet":{"background-color":"var(--ast-global-color-5)","background-image":"","background-repeat":"repeat","background-position":"center center","background-size":"auto","background-attachment":"scroll","background-type":"","background-media":"","overlay-type":"","overlay-color":"","overlay-opacity":"","overlay-gradient":""},"mobile":{"background-color":"var(--ast-global-color-5)","background-image":"","background-repeat":"repeat","background-position":"center center","background-size":"auto","background-attachment":"scroll","background-type":"","background-media":"","overlay-type":"","overlay-color":"","overlay-opacity":"","overlay-gradient":""}}},"product_brand":[],"product_cat":[128],"product_tag":[],"class_list":{"0":"post-17529","1":"product","2":"type-product","3":"status-publish","4":"has-post-thumbnail","6":"product_cat-tire-recycling-machine","7":"desktop-align-center","8":"tablet-align-center","9":"mobile-align-center","11":"first","12":"instock","13":"shipping-taxable","14":"product-type-simple"},"_links":{"self":[{"href":"https:\/\/recyclingequipinc.com\/fr\/wp-json\/wp\/v2\/product\/17529","targetHints":{"allow":["GET"]}}],"collection":[{"href":"https:\/\/recyclingequipinc.com\/fr\/wp-json\/wp\/v2\/product"}],"about":[{"href":"https:\/\/recyclingequipinc.com\/fr\/wp-json\/wp\/v2\/types\/product"}],"version-history":[{"count":0,"href":"https:\/\/recyclingequipinc.com\/fr\/wp-json\/wp\/v2\/product\/17529\/revisions"}],"wp:featuredmedia":[{"embeddable":true,"href":"https:\/\/recyclingequipinc.com\/fr\/wp-json\/wp\/v2\/media\/17532"}],"wp:attachment":[{"href":"https:\/\/recyclingequipinc.com\/fr\/wp-json\/wp\/v2\/media?parent=17529"}],"wp:term":[{"taxonomy":"product_brand","embeddable":true,"href":"https:\/\/recyclingequipinc.com\/fr\/wp-json\/wp\/v2\/product_brand?post=17529"},{"taxonomy":"product_cat","embeddable":true,"href":"https:\/\/recyclingequipinc.com\/fr\/wp-json\/wp\/v2\/product_cat?post=17529"},{"taxonomy":"product_tag","embeddable":true,"href":"https:\/\/recyclingequipinc.com\/fr\/wp-json\/wp\/v2\/product_tag?post=17529"}],"curies":[{"name":"wp","href":"https:\/\/api.w.org\/{rel}","templated":true}]}}