{"id":17511,"date":"2025-09-17T15:30:51","date_gmt":"2025-09-17T07:30:51","guid":{"rendered":"https:\/\/recyclingequipinc.com\/?post_type=product&#038;p=17511"},"modified":"2025-09-17T15:30:51","modified_gmt":"2025-09-17T07:30:51","slug":"waste-tire-baler","status":"publish","type":"product","link":"https:\/\/recyclingequipinc.com\/fr\/product\/waste-tire-baler\/","title":{"rendered":"Presse \u00e0 pneus usag\u00e9s \u00e0 vendre | Transformez les pneus usag\u00e9s en profits"},"content":{"rendered":"<p>La presse \u00e0 pneus usag\u00e9s Shuliy compacte efficacement des pneus volumineux en ballots denses. Disponible en mod\u00e8les horizontal et vertical, cette presse hydraulique peut traiter jusqu'\u00e0 5 ballots par heure, chacun pesant environ 1200 kg. Elle r\u00e9duit l'espace de stockage, simplifie le transport et aide les entreprises de recyclage \u00e0 accro\u00eetre leur rentabilit\u00e9.<\/p> <h2>Du d\u00e9chet sans valeur \u00e0 la marchandise pr\u00e9cieuse<\/h2> <p>La transformation op\u00e9r\u00e9e par notre presse \u00e0 pneus usag\u00e9s est simple mais profonde. Elle prend une mati\u00e8re premi\u00e8re probl\u00e9matique et la transforme en un produit recherch\u00e9.<\/p> <ul> <li><strong>Mati\u00e8res premi\u00e8res:<\/strong> Tous types de pneus usag\u00e9s, y compris pneus de voiture, pneus de camion, pneus de bus et pneus agricoles. Pour les pneus OTR de grande taille, un pr\u00e9-traitement avec un <a href=\"https:\/\/recyclingequipinc.com\/fr\/produit\/hydraulic-tire-cutter\/\">machine de coupe de pneus<\/a> est recommand\u00e9 avant le compactage.<\/li> <li><strong>Produit fini :<\/strong> Balles de pneus denses, de forme uniforme et solidement attach\u00e9es. Chaque balle p\u00e8se environ 1200 kg, ce qui les rend id\u00e9ales pour un empilement et un transport efficaces.<\/li> <\/ul> <div id='gallery-1' class='gallery galleryid-17511 gallery-columns-3 gallery-size-full'><figure class='gallery-item'> \t\t\t<div class='gallery-icon landscape'> \t\t\t\t<a href='https:\/\/recyclingequipinc.com\/fr\/?attachment_id=17517'><img fetchpriority=\"high\" decoding=\"async\" width=\"720\" height=\"540\" src=\"https:\/\/recyclingequipinc.com\/wp-content\/uploads\/2025\/09\/piles-of-scrap-tires.webp\" class=\"attachment-full size-full\" alt=\"tas de pneus usag\u00e9s\" aria-describedby=\"gallery-1-17517\" srcset=\"https:\/\/recyclingequipinc.com\/wp-content\/uploads\/2025\/09\/piles-of-scrap-tires.webp 720w, https:\/\/recyclingequipinc.com\/wp-content\/uploads\/2025\/09\/piles-of-scrap-tires-300x225.webp 300w, https:\/\/recyclingequipinc.com\/wp-content\/uploads\/2025\/09\/piles-of-scrap-tires-16x12.webp 16w\" sizes=\"(max-width: 720px) 100vw, 720px\" \/><\/a> \t\t\t<\/div> \t\t\t\t<figcaption class='wp-caption-text gallery-caption' id='gallery-1-17517'> \t\t\t\ttas de pneus usag\u00e9s \t\t\t\t<\/figcaption><\/figure><figure class='gallery-item'> \t\t\t<div class='gallery-icon landscape'> \t\t\t\t<a href='https:\/\/recyclingequipinc.com\/fr\/?attachment_id=17514'><img decoding=\"async\" width=\"720\" height=\"540\" src=\"https:\/\/recyclingequipinc.com\/wp-content\/uploads\/2025\/09\/compact-tire-bales.webp\" class=\"attachment-full size-full\" alt=\"ballots de pneus compacts\" aria-describedby=\"gallery-1-17514\" srcset=\"https:\/\/recyclingequipinc.com\/wp-content\/uploads\/2025\/09\/compact-tire-bales.webp 720w, https:\/\/recyclingequipinc.com\/wp-content\/uploads\/2025\/09\/compact-tire-bales-300x225.webp 300w, https:\/\/recyclingequipinc.com\/wp-content\/uploads\/2025\/09\/compact-tire-bales-16x12.webp 16w\" sizes=\"(max-width: 720px) 100vw, 720px\" \/><\/a> \t\t\t<\/div> \t\t\t\t<figcaption class='wp-caption-text gallery-caption' id='gallery-1-17514'> \t\t\t\tballots de pneus compacts \t\t\t\t<\/figcaption><\/figure> \t\t<\/div>  <h2>Philosophie d'ing\u00e9nierie et de conception de notre presse \u00e0 pneus usag\u00e9s<\/h2> <p>Notre presse \u00e0 pneus est construite sur une base de durabilit\u00e9, de puissance et d'efficacit\u00e9 op\u00e9rationnelle.<\/p> <ul> <li><strong>Int\u00e9grit\u00e9 structurelle :<\/strong> Le cadre principal est construit \u00e0 partir de plaques d\u2019acier renforc\u00e9es et de poutres structurelles \u00e9paisses. Toutes les soudures sont rel\u00e2ch\u00e9es pour r\u00e9sister \u00e0 l\u2019immense charge cyclique inh\u00e9rente au compactage du caoutchouc \u00e0 ceinture m\u00e9tallique.<\/li> <li><strong>Syst\u00e8me hydraulique :<\/strong> At the core is a 200-ton hydraulic system. The horizontal model utilizes a 45kw motor to drive high-pressure pumps, ensuring sufficient force and speed to overcome the material&#8217;s memory effect and achieve high bale density.<\/li> <li><strong>Flux de mat\u00e9riaux et efficacit\u00e9 :<\/strong> Le mod\u00e8le horizontal int\u00e8gre un convoyeur d\u2019alimentation automatis\u00e9 de 5,5 kW et une porte levante, cr\u00e9ant un flux de mat\u00e9riau coh\u00e9rent et efficace qui minimise les temps de cycle et r\u00e9duit la d\u00e9pendance \u00e0 l\u2019op\u00e9rateur.<\/li> <li><strong>Syst\u00e8me de contr\u00f4le :<\/strong> A centralized PLC (Programmable Logic Controller) system manages the machine&#8217;s functions, providing reliable, automated cycles and essential safety interlocks for operator protection.<\/li> <\/ul> <div id='gallery-2' class='gallery galleryid-17511 gallery-columns-3 gallery-size-full'><figure class='gallery-item'> \t\t\t<div class='gallery-icon landscape'> \t\t\t\t<a href='https:\/\/recyclingequipinc.com\/fr\/?attachment_id=17516'><img decoding=\"async\" width=\"720\" height=\"540\" src=\"https:\/\/recyclingequipinc.com\/wp-content\/uploads\/2025\/09\/large-sized-conveyor-belts-and-feed-inlets-capable-of-accommodating-a-large-volume-of-tires.webp\" class=\"attachment-full size-full\" alt=\"larges tapis convoyeurs et orifices d&#039;alimentation capables d&#039;accommoder un grand volume de pneus\" aria-describedby=\"gallery-2-17516\" srcset=\"https:\/\/recyclingequipinc.com\/wp-content\/uploads\/2025\/09\/large-sized-conveyor-belts-and-feed-inlets-capable-of-accommodating-a-large-volume-of-tires.webp 720w, https:\/\/recyclingequipinc.com\/wp-content\/uploads\/2025\/09\/large-sized-conveyor-belts-and-feed-inlets-capable-of-accommodating-a-large-volume-of-tires-300x225.webp 300w, https:\/\/recyclingequipinc.com\/wp-content\/uploads\/2025\/09\/large-sized-conveyor-belts-and-feed-inlets-capable-of-accommodating-a-large-volume-of-tires-16x12.webp 16w\" sizes=\"(max-width: 720px) 100vw, 720px\" \/><\/a> \t\t\t<\/div> \t\t\t\t<figcaption class='wp-caption-text gallery-caption' id='gallery-2-17516'> \t\t\t\tlarges tapis convoyeurs et orifices d'alimentation capables d'accommoder un grand volume de pneus \t\t\t\t<\/figcaption><\/figure><figure class='gallery-item'> \t\t\t<div class='gallery-icon landscape'> \t\t\t\t<a href='https:\/\/recyclingequipinc.com\/fr\/?attachment_id=17519'><img loading=\"lazy\" decoding=\"async\" width=\"720\" height=\"540\" src=\"https:\/\/recyclingequipinc.com\/wp-content\/uploads\/2025\/09\/the-tire-baler-features-a-reinforced-frame-design.webp\" class=\"attachment-full size-full\" alt=\"la presse \u00e0 pneus comporte un cadre renforc\u00e9.\" aria-describedby=\"gallery-2-17519\" srcset=\"https:\/\/recyclingequipinc.com\/wp-content\/uploads\/2025\/09\/the-tire-baler-features-a-reinforced-frame-design.webp 720w, https:\/\/recyclingequipinc.com\/wp-content\/uploads\/2025\/09\/the-tire-baler-features-a-reinforced-frame-design-300x225.webp 300w, https:\/\/recyclingequipinc.com\/wp-content\/uploads\/2025\/09\/the-tire-baler-features-a-reinforced-frame-design-16x12.webp 16w\" sizes=\"(max-width: 720px) 100vw, 720px\" \/><\/a> \t\t\t<\/div> \t\t\t\t<figcaption class='wp-caption-text gallery-caption' id='gallery-2-17519'> \t\t\t\tla presse \u00e0 pneus comporte un cadre renforc\u00e9. \t\t\t\t<\/figcaption><\/figure><figure class='gallery-item'> \t\t\t<div class='gallery-icon landscape'> \t\t\t\t<a href='https:\/\/recyclingequipinc.com\/fr\/?attachment_id=17518'><img loading=\"lazy\" decoding=\"async\" width=\"720\" height=\"540\" src=\"https:\/\/recyclingequipinc.com\/wp-content\/uploads\/2025\/09\/powerful-dual-hydraulic-cylinders.webp\" class=\"attachment-full size-full\" alt=\"puissants v\u00e9rins hydrauliques doubles\" aria-describedby=\"gallery-2-17518\" srcset=\"https:\/\/recyclingequipinc.com\/wp-content\/uploads\/2025\/09\/powerful-dual-hydraulic-cylinders.webp 720w, https:\/\/recyclingequipinc.com\/wp-content\/uploads\/2025\/09\/powerful-dual-hydraulic-cylinders-300x225.webp 300w, https:\/\/recyclingequipinc.com\/wp-content\/uploads\/2025\/09\/powerful-dual-hydraulic-cylinders-16x12.webp 16w\" sizes=\"(max-width: 720px) 100vw, 720px\" \/><\/a> \t\t\t<\/div> \t\t\t\t<figcaption class='wp-caption-text gallery-caption' id='gallery-2-17518'> \t\t\t\tpuissants v\u00e9rins hydrauliques doubles \t\t\t\t<\/figcaption><\/figure> \t\t<\/div>  <h2>Sp\u00e9cifications techniques : une comparaison c\u00f4te \u00e0 c\u00f4te<\/h2> <p>Nous proposons deux mod\u00e8les distincts pour r\u00e9pondre \u00e0 diff\u00e9rents besoins op\u00e9rationnels en termes d'\u00e9chelle, d'espace et d'investissement en capital. Pour vous aider \u00e0 prendre la meilleure d\u00e9cision pour votre exploitation, voici une comparaison directe de nos deux mod\u00e8les industriels de presses \u00e0 pneus. Les principales diff\u00e9rences r\u00e9sident dans l'automatisation, le d\u00e9bit et l'investissement initial.<\/p> <table style=\"border-collapse: collapse; width: 100%;\"> <tbody> <tr> <td style=\"width: 25%;\"><strong>Caract\u00e9ristique<\/strong><\/td> <td style=\"width: 25%;\"><strong>Presse \u00e0 pneus horizontale pour d\u00e9chets<\/strong><\/td> <td style=\"width: 25%;\"><strong>Presse \u00e0 pneus verticale<\/strong><\/td> <\/tr> <tr> <td style=\"width: 25%;\"><strong>Id\u00e9al pour<\/strong><\/td> <td style=\"width: 25%;\">Op\u00e9rations automatis\u00e9es \u00e0 grand volume<\/td> <td style=\"width: 25%;\">Petites parcelles, startups soucieuses de leur budget<\/td> <\/tr> <tr> <td style=\"width: 25%;\"><strong>Capacit\u00e9<\/strong><\/td> <td style=\"width: 25%;\">5 ballots\/h<\/td> <td style=\"width: 25%;\">3-4 ballots\/h<\/td> <\/tr> <tr> <td style=\"width: 25%;\"><strong>Niveau d'automatisation<\/strong><\/td> <td style=\"width: 25%;\">Convoyeur d'alimentation automatique<\/td> <td style=\"width: 25%;\">Chargement et fonctionnement manuels<\/td> <\/tr> <tr> <td style=\"width: 25%;\"><strong>Puissance principale\/moteur<\/strong><\/td> <td style=\"width: 25%;\">45 kW<\/td> <td style=\"width: 25%;\">22 kW<\/td> <\/tr> <tr> <td style=\"width: 25%;\"><strong>Taille du ballot<\/strong><\/td> <td style=\"width: 25%;\">125*125*170 cm (r\u00e9glable)<\/td> <td style=\"width: 25%;\">150*100*120 cm<\/td> <\/tr> <tr> <td style=\"width: 25%;\"><strong>Garantie<\/strong><\/td> <td style=\"width: 25%;\">1 an gratuit<\/td> <td style=\"width: 25%;\">1 an gratuit<\/td> <\/tr> <\/tbody> <\/table> <ul> <li><em>Si vous recherchez une efficacit\u00e9 maximale et une automatisation lors du traitement d\u2019un volume \u00e9lev\u00e9, une machine \u00e0 balle horizontale repr\u00e9sente votre meilleur investissement \u00e0 long terme.<\/em><\/li> <li><em>Si vous disposez d\u2019un espace limit\u00e9 ou souhaitez entrer sur le march\u00e9 avec des co\u00fbts initiaux minimaux tout en r\u00e9alisant une capacit\u00e9 de compression puissante, un compacteur vertical de pneus usag\u00e9s offre une valeur in\u00e9gal\u00e9e.<\/em><\/li> <\/ul> <h2>Comment fonctionne la presse \u00e0 pneus ?<\/h2> <p>Le processus op\u00e9rationnel de la presse \u00e0 pneus usag\u00e9s est con\u00e7u pour la simplicit\u00e9 et l'efficacit\u00e9, transformant une t\u00e2che complexe en un flux de travail rationalis\u00e9.<\/p> <ul> <li>Alimentation : Les pneus usag\u00e9s sont plac\u00e9s dans la chambre de pressage. La chambre est con\u00e7ue pour contenir plusieurs pneus \u00e0 la fois.<\/li> <li>Compression : La presse hydraulique pour pneus applique une forte pression, poussant le v\u00e9rin vers le bas pour comprimer les pneus couche par couche. Cela pr\u00e9vient le rebond et assure une op\u00e9ration s\u00fbre.<\/li> <li>Mise en forme : \u00c0 la pression d\u00e9finie, les pneus forment un bloc dense et r\u00e9gulier. La taille compacte facilite la manutention, le stockage et le transport.<\/li> <li>Sanglage : Le ballot compress\u00e9 est attach\u00e9 avec du fil d'acier ou des sangles plastiques. Cela maintient le bloc de pneus s\u00fbr et stable.<\/li> <li>D\u00e9chargement : Enfin, la presse \u00e0 pneus usag\u00e9s \u00e9jecte ou fait sortir le ballot fini, pr\u00eat pour le retrait au chariot \u00e9l\u00e9vateur ou manuel.<\/li> <\/ul> <div id='gallery-3' class='gallery galleryid-17511 gallery-columns-3 gallery-size-full'><figure class='gallery-item'> \t\t\t<div class='gallery-icon landscape'> \t\t\t\t<a href='https:\/\/recyclingequipinc.com\/fr\/?attachment_id=17515'><img loading=\"lazy\" decoding=\"async\" width=\"720\" height=\"540\" src=\"https:\/\/recyclingequipinc.com\/wp-content\/uploads\/2025\/09\/feed-inlet-of-the-waste-tire-baler.webp\" class=\"attachment-full size-full\" alt=\"orifice d&#039;alimentation de la presse \u00e0 pneus usag\u00e9s\" aria-describedby=\"gallery-3-17515\" srcset=\"https:\/\/recyclingequipinc.com\/wp-content\/uploads\/2025\/09\/feed-inlet-of-the-waste-tire-baler.webp 720w, https:\/\/recyclingequipinc.com\/wp-content\/uploads\/2025\/09\/feed-inlet-of-the-waste-tire-baler-300x225.webp 300w, https:\/\/recyclingequipinc.com\/wp-content\/uploads\/2025\/09\/feed-inlet-of-the-waste-tire-baler-16x12.webp 16w\" sizes=\"(max-width: 720px) 100vw, 720px\" \/><\/a> \t\t\t<\/div> \t\t\t\t<figcaption class='wp-caption-text gallery-caption' id='gallery-3-17515'> \t\t\t\torifice d'alimentation de la presse \u00e0 pneus usag\u00e9s \t\t\t\t<\/figcaption><\/figure><figure class='gallery-item'> \t\t\t<div class='gallery-icon landscape'> \t\t\t\t<a href='https:\/\/recyclingequipinc.com\/fr\/?attachment_id=17520'><img loading=\"lazy\" decoding=\"async\" width=\"720\" height=\"540\" src=\"https:\/\/recyclingequipinc.com\/wp-content\/uploads\/2025\/09\/tire-baling-machine-working.webp\" class=\"attachment-full size-full\" alt=\"fonctionnement de la presse \u00e0 pneus\" aria-describedby=\"gallery-3-17520\" srcset=\"https:\/\/recyclingequipinc.com\/wp-content\/uploads\/2025\/09\/tire-baling-machine-working.webp 720w, https:\/\/recyclingequipinc.com\/wp-content\/uploads\/2025\/09\/tire-baling-machine-working-300x225.webp 300w, https:\/\/recyclingequipinc.com\/wp-content\/uploads\/2025\/09\/tire-baling-machine-working-16x12.webp 16w\" sizes=\"(max-width: 720px) 100vw, 720px\" \/><\/a> \t\t\t<\/div> \t\t\t\t<figcaption class='wp-caption-text gallery-caption' id='gallery-3-17520'> \t\t\t\tfonctionnement de la presse \u00e0 pneus \t\t\t\t<\/figcaption><\/figure> \t\t<\/div>  <h2>Applications : Lib\u00e9rer la valeur marchande des ballots de pneus<\/h2> <p>Les ballots de pneus compact\u00e9s ne sont pas des d\u00e9chets ; ce sont une marchandise pr\u00e9cieuse avec deux fili\u00e8res principales en aval : la R\u00e9cup\u00e9ration d'\u00e9nergie et la R\u00e9cup\u00e9ration de mati\u00e8re. Cela vous assure un march\u00e9 constant et diversifi\u00e9 pour votre production.<\/p> <h3><span style=\"font-size: 14pt;\">R\u00e9cup\u00e9ration d'\u00e9nergie<\/span><\/h3> <p>Combustible d\u00e9riv\u00e9 de pneus (TDF) : Les ballots sont une source principale de combustible pour les fours \u00e0 ciment, les usines de p\u00e2te et papier et les chaudi\u00e8res industrielles en raison de leur pouvoir calorifique \u00e9lev\u00e9 et de leur rentabilit\u00e9 par rapport au charbon.<\/p> <h3><span style=\"font-size: 14pt;\">R\u00e9cup\u00e9ration de mati\u00e8re<\/span><\/h3> <ul> <li>Mati\u00e8re premi\u00e8re pour la production de granul\u00e9s de caoutchouc : Le r\u00f4le principal du compactage ici est de r\u00e9duire consid\u00e9rablement les co\u00fbts de transport vers une usine de traitement centrale. Sur place, les balles sont d\u00e9band\u00e9es et les pneus sont introduits dans un <a href=\"https:\/\/recyclingequipinc.com\/fr\/produit\/rubber-powder-production-line\/\">ligne compl\u00e8te de recyclage de pneus<\/a> pour \u00eatre transform\u00e9 en granul\u00e9s de caoutchouc de haute valeur, en poudre, et en acier s\u00e9par\u00e9.<\/li> <li>Applications en g\u00e9nie civil : Les ballots sont \u00e9galement utilis\u00e9s directement dans des projets comme mat\u00e9riau de remblai l\u00e9ger, perm\u00e9able et amortisseur de vibrations pour des remblais routiers, des murs de sout\u00e8nement et la construction de d\u00e9charges.<\/li> <\/ul> <p>&nbsp;<\/p>","protected":false},"excerpt":{"rendered":"<p>Presse \u00e0 pneus d'occasion \u00e0 vendre :<\/p> <ul style=\"list-style-type: circle;\"> <li>Pressage automatis\u00e9 \u00e0 5 ballots par heure.<\/li> <li>Cr\u00e9ez des ballots de 1200 kg pour r\u00e9duire les co\u00fbts d'exp\u00e9dition.<\/li> <li>Solutions pour toutes les tailles et tous les budgets.<\/li> <\/ul>","protected":false},"featured_media":17521,"template":"","meta":{"site-sidebar-layout":"default","site-content-layout":"","ast-site-content-layout":"default","site-content-style":"default","site-sidebar-style":"default","ast-global-header-display":"","ast-banner-title-visibility":"","ast-main-header-display":"","ast-hfb-above-header-display":"","ast-hfb-below-header-display":"","ast-hfb-mobile-header-display":"","site-post-title":"","ast-breadcrumbs-content":"","ast-featured-img":"","footer-sml-layout":"","ast-disable-related-posts":"","theme-transparent-header-meta":"default","adv-header-id-meta":"","stick-header-meta":"","header-above-stick-meta":"","header-main-stick-meta":"","header-below-stick-meta":"","astra-migrate-meta-layouts":"set","ast-page-background-enabled":"default","ast-page-background-meta":{"desktop":{"background-color":"","background-image":"","background-repeat":"repeat","background-position":"center center","background-size":"auto","background-attachment":"scroll","background-type":"","background-media":"","overlay-type":"","overlay-color":"","overlay-opacity":"","overlay-gradient":""},"tablet":{"background-color":"","background-image":"","background-repeat":"repeat","background-position":"center center","background-size":"auto","background-attachment":"scroll","background-type":"","background-media":"","overlay-type":"","overlay-color":"","overlay-opacity":"","overlay-gradient":""},"mobile":{"background-color":"","background-image":"","background-repeat":"repeat","background-position":"center center","background-size":"auto","background-attachment":"scroll","background-type":"","background-media":"","overlay-type":"","overlay-color":"","overlay-opacity":"","overlay-gradient":""}},"ast-content-background-meta":{"desktop":{"background-color":"var(--ast-global-color-5)","background-image":"","background-repeat":"repeat","background-position":"center center","background-size":"auto","background-attachment":"scroll","background-type":"","background-media":"","overlay-type":"","overlay-color":"","overlay-opacity":"","overlay-gradient":""},"tablet":{"background-color":"var(--ast-global-color-5)","background-image":"","background-repeat":"repeat","background-position":"center center","background-size":"auto","background-attachment":"scroll","background-type":"","background-media":"","overlay-type":"","overlay-color":"","overlay-opacity":"","overlay-gradient":""},"mobile":{"background-color":"var(--ast-global-color-5)","background-image":"","background-repeat":"repeat","background-position":"center center","background-size":"auto","background-attachment":"scroll","background-type":"","background-media":"","overlay-type":"","overlay-color":"","overlay-opacity":"","overlay-gradient":""}}},"product_brand":[],"product_cat":[128],"product_tag":[],"class_list":{"0":"post-17511","1":"product","2":"type-product","3":"status-publish","4":"has-post-thumbnail","6":"product_cat-tire-recycling-machine","7":"desktop-align-center","8":"tablet-align-center","9":"mobile-align-center","11":"first","12":"instock","13":"shipping-taxable","14":"product-type-simple"},"_links":{"self":[{"href":"https:\/\/recyclingequipinc.com\/fr\/wp-json\/wp\/v2\/product\/17511","targetHints":{"allow":["GET"]}}],"collection":[{"href":"https:\/\/recyclingequipinc.com\/fr\/wp-json\/wp\/v2\/product"}],"about":[{"href":"https:\/\/recyclingequipinc.com\/fr\/wp-json\/wp\/v2\/types\/product"}],"version-history":[{"count":0,"href":"https:\/\/recyclingequipinc.com\/fr\/wp-json\/wp\/v2\/product\/17511\/revisions"}],"wp:featuredmedia":[{"embeddable":true,"href":"https:\/\/recyclingequipinc.com\/fr\/wp-json\/wp\/v2\/media\/17521"}],"wp:attachment":[{"href":"https:\/\/recyclingequipinc.com\/fr\/wp-json\/wp\/v2\/media?parent=17511"}],"wp:term":[{"taxonomy":"product_brand","embeddable":true,"href":"https:\/\/recyclingequipinc.com\/fr\/wp-json\/wp\/v2\/product_brand?post=17511"},{"taxonomy":"product_cat","embeddable":true,"href":"https:\/\/recyclingequipinc.com\/fr\/wp-json\/wp\/v2\/product_cat?post=17511"},{"taxonomy":"product_tag","embeddable":true,"href":"https:\/\/recyclingequipinc.com\/fr\/wp-json\/wp\/v2\/product_tag?post=17511"}],"curies":[{"name":"wp","href":"https:\/\/api.w.org\/{rel}","templated":true}]}}