{"id":17454,"date":"2025-08-11T15:34:22","date_gmt":"2025-08-11T07:34:22","guid":{"rendered":"https:\/\/recyclingequipinc.com\/?post_type=product&#038;p=17454"},"modified":"2025-08-11T15:34:23","modified_gmt":"2025-08-11T07:34:23","slug":"gantry-shear","status":"publish","type":"product","link":"https:\/\/recyclingequipinc.com\/fr\/product\/gantry-shear\/","title":{"rendered":"Cisaille portique robuste pour la coupe de ferraille"},"content":{"rendered":"<p data-start=\"544\" data-end=\"908\">La cisaille \u00e0 portique hydraulique est un \u00e9quipement essentiel pour les installations de recyclage de m\u00e9taux usag\u00e9s, les aci\u00e9ries et les chantiers de d\u00e9molition. Con\u00e7ue pour la coupe lourde de longues sections d'acier, de poutres, de plaques et de d\u00e9chets m\u00e9lang\u00e9s, la cisaille \u00e0 portique de Shuliy combine une force de cisaillement puissante avec un contr\u00f4le hydraulique robuste, garantissant des performances stables, pr\u00e9cises et efficaces.<\/p> <p data-start=\"910\" data-end=\"1293\" class=\"translation-block\">Nos machines sont disponibles en diff\u00e9rentes capacit\u00e9s pour r\u00e9pondre \u00e0 divers besoins de production, offrant des forces de coupe allant de <strong data-start=\"1024\" data-end=\"1049\">500 tonnes \u00e0 1000 tonnes<\/strong>, toutes fonctionnant \u00e0 une pression hydraulique maximale de <strong data-start=\"1100\" data-end=\"1110\">28 MPa<\/strong>. Que vous traitiez des d\u00e9chets l\u00e9gers ou de l'acier industriel surdimensionn\u00e9, le cisaille \u00e0 portique hydraulique de Shuliy est con\u00e7u pour fournir des r\u00e9sultats constants tout en r\u00e9duisant le temps de manipulation manuelle.<\/p> <div class=\"ast-oembed-container\" style=\"height: 100%;\"><iframe title=\"Industrial Gantry Shear: Clean Cuts, Massive Power\" width=\"500\" height=\"281\" src=\"https:\/\/www.youtube.com\/embed\/zOlqZY1smic?feature=oembed\" frameborder=\"0\" allow=\"accelerometer; autoplay; clipboard-write; encrypted-media; gyroscope; picture-in-picture; web-share\" referrerpolicy=\"strict-origin-when-cross-origin\" allowfullscreen><\/iframe><\/div> <h2>Mat\u00e9riaux bruts &amp; Produits finis de la cisaille \u00e0 portique<\/h2> <p data-start=\"32\" data-end=\"518\">Notre cisaille \u00e0 m\u00e9taux usag\u00e9s est con\u00e7ue pour traiter une large gamme de mat\u00e9riaux ferreux, y compris des plaques d'acier lourdes, des barres d'acier rondes et carr\u00e9es, des profils en acier (poutre en H, acier en U, acier en angle), des carrosseries de v\u00e9hicules usag\u00e9s et des d\u00e9chets de construction en acier. Le puissant syst\u00e8me hydraulique garantit une forte force de coupe et des performances constantes, fournissant des sections d'acier coup\u00e9es uniform\u00e9ment, des morceaux de m\u00e9tal pr\u00eats \u00e0 fondre pour la fabrication d'acier, et des tailles de d\u00e9chets optimis\u00e9es pour un transport et un affinage plus faciles.<\/p> <p data-start=\"520\" data-end=\"894\">Cette cisaille \u00e0 portique hydraulique polyvalente est largement utilis\u00e9e dans les chantiers de recyclage de m\u00e9taux usag\u00e9s, les aci\u00e9ries et les usines de fusion, les chantiers de d\u00e9molition navale, le traitement des d\u00e9chets de construction et de d\u00e9molition, et les installations de recyclage automobile. En rationalisant le processus de coupe, elle am\u00e9liore consid\u00e9rablement l'efficacit\u00e9, r\u00e9duit la manipulation manuelle et maximise la valeur des m\u00e9taux recycl\u00e9s.<\/p> <figure id=\"attachment_17466\" aria-describedby=\"caption-attachment-17466\" style=\"width: 720px\" class=\"wp-caption aligncenter\"><img fetchpriority=\"high\" decoding=\"async\" class=\"wp-image-17466 size-full\" src=\"https:\/\/recyclingequipinc.com\/wp-content\/uploads\/2025\/08\/raw-materials-of-the-scrap-metal-shear.webp\" alt=\"mat\u00e9riaux bruts de la cisaille \u00e0 m\u00e9taux usag\u00e9s\" width=\"720\" height=\"540\" srcset=\"https:\/\/recyclingequipinc.com\/wp-content\/uploads\/2025\/08\/raw-materials-of-the-scrap-metal-shear.webp 720w, https:\/\/recyclingequipinc.com\/wp-content\/uploads\/2025\/08\/raw-materials-of-the-scrap-metal-shear-300x225.webp 300w, https:\/\/recyclingequipinc.com\/wp-content\/uploads\/2025\/08\/raw-materials-of-the-scrap-metal-shear-16x12.webp 16w\" sizes=\"(max-width: 720px) 100vw, 720px\" \/><figcaption id=\"caption-attachment-17466\" class=\"wp-caption-text\">mat\u00e9riaux bruts de la cisaille \u00e0 m\u00e9taux usag\u00e9s<\/figcaption><\/figure> <h2>Pourquoi choisir notre cisaille \u00e0 portique hydraulique ?<\/h2> <ul> <li data-start=\"2385\" data-end=\"2507\"><strong data-start=\"2385\" data-end=\"2424\">Mod\u00e8les multiples pour diff\u00e9rentes charges : <\/strong>Choisissez parmi les mod\u00e8les 500T, 630T, 800T et 1000T pour correspondre \u00e0 votre \u00e9chelle de production.<\/li> <li data-start=\"2511\" data-end=\"2628\"><strong data-start=\"2511\" data-end=\"2530\">Haute efficacit\u00e9\u00a0: <\/strong>La fr\u00e9quence de coupe r\u00e9glable (3-5 fois\/min) permet d'optimiser pour diverses densit\u00e9s de d\u00e9chets.<\/li> <li data-start=\"2632\" data-end=\"2732\"><strong data-start=\"2632\" data-end=\"2650\">Grande bo\u00eete d'alimentation : <\/strong>G\u00e8re des mat\u00e9riaux surdimensionn\u00e9s sans pr\u00e9traitement, am\u00e9liorant la vitesse de flux de travail.<\/li> <li data-start=\"2736\" data-end=\"2847\"><strong data-start=\"2736\" data-end=\"2763\">Syst\u00e8me hydraulique stable : <\/strong>Une sortie \u00e0 haute pression constante assure un fonctionnement fluide et une longue dur\u00e9e de vie.<\/li> <li data-start=\"2851\" data-end=\"2959\"><strong data-start=\"2851\" data-end=\"2879\">Lames de coupe de pr\u00e9cision : <\/strong>Des lames r\u00e9sistantes \u00e0 l'usure et de haute r\u00e9sistance fournissent des coupes nettes et minimisent les d\u00e9chets.<\/li> <li data-start=\"2963\" data-end=\"3058\"><strong data-start=\"2963\" data-end=\"2978\">Polyvalence : <\/strong>Convient pour les poutres, les plaques, les barres d'armature, l'acier carr\u00e9 et rond, et les d\u00e9chets mixtes.<\/li> <li data-start=\"3062\" data-end=\"3175\"><strong data-start=\"3062\" data-end=\"3086\">Conception \u00e9conome en \u00e9nergie : <\/strong>Le circuit hydraulique optimis\u00e9 r\u00e9duit la consommation d'\u00e9nergie tout en maintenant les performances.<\/li> <li data-start=\"3179\" data-end=\"3273\"><strong data-start=\"3179\" data-end=\"3205\">Norme internationale : <\/strong>Con\u00e7u pour correspondre aux exigences de tension et de fr\u00e9quence dans le monde entier.<\/li> <\/ul> <figure id=\"attachment_17468\" aria-describedby=\"caption-attachment-17468\" style=\"width: 540px\" class=\"wp-caption aligncenter\"><img decoding=\"async\" class=\"wp-image-17468 size-full\" src=\"https:\/\/recyclingequipinc.com\/wp-content\/uploads\/2025\/08\/Various-application-scenarios-of-gantry-shears.webp\" alt=\"Divers sc\u00e9narios d&#039;application des cisailles \u00e0 portique\" width=\"540\" height=\"540\" srcset=\"https:\/\/recyclingequipinc.com\/wp-content\/uploads\/2025\/08\/Various-application-scenarios-of-gantry-shears.webp 540w, https:\/\/recyclingequipinc.com\/wp-content\/uploads\/2025\/08\/Various-application-scenarios-of-gantry-shears-300x300.webp 300w, https:\/\/recyclingequipinc.com\/wp-content\/uploads\/2025\/08\/Various-application-scenarios-of-gantry-shears-150x150.webp 150w, https:\/\/recyclingequipinc.com\/wp-content\/uploads\/2025\/08\/Various-application-scenarios-of-gantry-shears-12x12.webp 12w, https:\/\/recyclingequipinc.com\/wp-content\/uploads\/2025\/08\/Various-application-scenarios-of-gantry-shears-100x100.webp 100w\" sizes=\"(max-width: 540px) 100vw, 540px\" \/><figcaption id=\"caption-attachment-17468\" class=\"wp-caption-text\">Divers sc\u00e9narios d'application des cisailles \u00e0 portique<\/figcaption><\/figure> <h2>Param\u00e8tres techniques des cisailles \u00e0 m\u00e9taux usag\u00e9s<\/h2> <p>Notre gamme de cisailles \u00e0 portique propose plusieurs options de mod\u00e8les pour s'adapter \u00e0 diff\u00e9rentes exigences de production :<\/p> <ul> <li>Force de coupe : 500-1000 tonnes<\/li> <li>Force de serrage : 85-344 tonnes<\/li> <li>Taille du bac d'alimentation : Jusqu'\u00e0 8000 mm de longueur * 1900 mm de largeur * 1200 mm de profondeur<\/li> <li>Pression hydraulique : Max 28 MPa<\/li> <li>Fr\u00e9quence de coupe : R\u00e9glable, 3-5 coups par minute<\/li> <li>Compatibilit\u00e9 des mat\u00e9riaux : Barres rondes, sections d'acier carr\u00e9es, plaques d'acier de grande \u00e9paisseur<\/li> <\/ul> <p>Le design du grand bac d'alimentation permet de traiter des d\u00e9chets longs et irr\u00e9guliers, tandis que la vitesse de coupe r\u00e9glable offre une flexibilit\u00e9 pour des besoins de coupe \u00e0 volume \u00e9lev\u00e9 et de pr\u00e9cision.<\/p> <div id='gallery-1' class='gallery galleryid-17454 gallery-columns-3 gallery-size-full'><figure class='gallery-item'> \t\t\t<div class='gallery-icon landscape'> \t\t\t\t<a href='https:\/\/recyclingequipinc.com\/fr\/?attachment_id=17467'><img decoding=\"async\" width=\"720\" height=\"540\" src=\"https:\/\/recyclingequipinc.com\/wp-content\/uploads\/2025\/08\/scrap-metal-shear-machine.webp\" class=\"attachment-full size-full\" alt=\"machine \u00e0 cisaille \u00e0 m\u00e9taux usag\u00e9s\" aria-describedby=\"gallery-1-17467\" srcset=\"https:\/\/recyclingequipinc.com\/wp-content\/uploads\/2025\/08\/scrap-metal-shear-machine.webp 720w, https:\/\/recyclingequipinc.com\/wp-content\/uploads\/2025\/08\/scrap-metal-shear-machine-300x225.webp 300w, https:\/\/recyclingequipinc.com\/wp-content\/uploads\/2025\/08\/scrap-metal-shear-machine-16x12.webp 16w\" sizes=\"(max-width: 720px) 100vw, 720px\" \/><\/a> \t\t\t<\/div> \t\t\t\t<figcaption class='wp-caption-text gallery-caption' id='gallery-1-17467'> \t\t\t\tmachine \u00e0 cisaille \u00e0 m\u00e9taux usag\u00e9s \t\t\t\t<\/figcaption><\/figure><figure class='gallery-item'> \t\t\t<div class='gallery-icon landscape'> \t\t\t\t<a href='https:\/\/recyclingequipinc.com\/fr\/?attachment_id=17464'><img loading=\"lazy\" decoding=\"async\" width=\"720\" height=\"540\" src=\"https:\/\/recyclingequipinc.com\/wp-content\/uploads\/2025\/08\/hydrualic-gantry-shear-in-the-factory.webp\" class=\"attachment-full size-full\" alt=\"cisaille \u00e0 portique hydraulique dans l&#039;usine\" aria-describedby=\"gallery-1-17464\" srcset=\"https:\/\/recyclingequipinc.com\/wp-content\/uploads\/2025\/08\/hydrualic-gantry-shear-in-the-factory.webp 720w, https:\/\/recyclingequipinc.com\/wp-content\/uploads\/2025\/08\/hydrualic-gantry-shear-in-the-factory-300x225.webp 300w, https:\/\/recyclingequipinc.com\/wp-content\/uploads\/2025\/08\/hydrualic-gantry-shear-in-the-factory-16x12.webp 16w\" sizes=\"(max-width: 720px) 100vw, 720px\" \/><\/a> \t\t\t<\/div> \t\t\t\t<figcaption class='wp-caption-text gallery-caption' id='gallery-1-17464'> \t\t\t\tcisaille \u00e0 portique hydraulique dans l'usine \t\t\t\t<\/figcaption><\/figure> \t\t<\/div>  <h2>Principe de fonctionnement de la cisaille \u00e0 portique Shuliy<\/h2> <ul> <li>Alimentation en mat\u00e9riaux : Les m\u00e9taux usag\u00e9s sont charg\u00e9s dans le grand bac de mat\u00e9riaux (jusqu'\u00e0 8000\u00d71900\u00d71200mm) par grue, convoyeur ou chargeur.<\/li> <li>Positionnement &amp; Serrage : Les cylindres de pression hydraulique (jusqu'\u00e0 344T) se d\u00e9placent pour presser fermement les d\u00e9chets, emp\u00eachant le d\u00e9placement du mat\u00e9riau pendant la coupe.<\/li> <li>Descente de la lame &amp; Cisaillement : Les cylindres de cisaillement principaux (500T\u20131000T) entra\u00eenent la lame sup\u00e9rieure \u00e0 descendre avec une forte force, coupant les d\u00e9chets contre la lame inf\u00e9rieure fixe.<\/li> <li>Course de retour : Apr\u00e8s chaque coupe, la lame se r\u00e9tracte automatiquement \u00e0 la position de d\u00e9part pour la prochaine op\u00e9ration.<\/li> <li>Coupe continue : Avec une fr\u00e9quence de coupe r\u00e9glable (3\u20135 fois par minute), la cisaille \u00e0 portique peut traiter les d\u00e9chets en continu pour un rendement \u00e9lev\u00e9.<\/li> <li>D\u00e9charge des pi\u00e8ces finies : Les m\u00e9taux coup\u00e9s sont pouss\u00e9s ou tombent dans une zone de collecte, pr\u00eats pour le transport ou un traitement ult\u00e9rieur.<\/li> <\/ul> <h2>Conclusion<\/h2> <p>Les cisailles \u00e0 portique Shuliy ont \u00e9t\u00e9 install\u00e9es avec succ\u00e8s dans des chantiers de recyclage en Afrique, en Asie du Sud-Est, en Europe de l'Est et au Moyen-Orient. Les clients rapportent une augmentation de la capacit\u00e9 de traitement, une r\u00e9duction des co\u00fbts de main-d'\u0153uvre et une valeur accrue des d\u00e9chets apr\u00e8s avoir adopt\u00e9 nos solutions de cisaille \u00e0 portique hydraulique.<\/p> <p class=\"translation-block\">Si vous recherchez une cisaille \u00e0 portique durable, de haute capacit\u00e9 et efficace pour le recyclage de m\u00e9taux usag\u00e9s, Shuliy fournit la solution ad\u00e9quate. Avec un design robuste, une forte force de coupe, et un soutien apr\u00e8s-vente mondial, nos cisailles sont fiables pour les entreprises de recyclage \u00e0 travers le monde. De plus, nous proposons \u00e9galement des <a href=\"https:\/\/recyclingequipinc.com\/fr\/categorie-de-produit\/presse-industrielle\/\">machines \u00e0 balles de m\u00e9taux usag\u00e9s<\/a>.<\/p> <div id='gallery-2' class='gallery galleryid-17454 gallery-columns-3 gallery-size-full'><figure class='gallery-item'> \t\t\t<div class='gallery-icon landscape'> \t\t\t\t<a href='https:\/\/recyclingequipinc.com\/fr\/?attachment_id=17463'><img loading=\"lazy\" decoding=\"async\" width=\"720\" height=\"540\" src=\"https:\/\/recyclingequipinc.com\/wp-content\/uploads\/2025\/08\/gantry-shear-for-metal-recycling-exported-to-Saudi-Arabia.webp\" class=\"attachment-full size-full\" alt=\"cisaille \u00e0 portique pour le recyclage des m\u00e9taux export\u00e9e en Arabie Saoudite\" aria-describedby=\"gallery-2-17463\" srcset=\"https:\/\/recyclingequipinc.com\/wp-content\/uploads\/2025\/08\/gantry-shear-for-metal-recycling-exported-to-Saudi-Arabia.webp 720w, https:\/\/recyclingequipinc.com\/wp-content\/uploads\/2025\/08\/gantry-shear-for-metal-recycling-exported-to-Saudi-Arabia-300x225.webp 300w, https:\/\/recyclingequipinc.com\/wp-content\/uploads\/2025\/08\/gantry-shear-for-metal-recycling-exported-to-Saudi-Arabia-16x12.webp 16w\" sizes=\"(max-width: 720px) 100vw, 720px\" \/><\/a> \t\t\t<\/div> \t\t\t\t<figcaption class='wp-caption-text gallery-caption' id='gallery-2-17463'> \t\t\t\tcisaille \u00e0 portique pour le recyclage des m\u00e9taux export\u00e9e en Arabie Saoudite \t\t\t\t<\/figcaption><\/figure><figure class='gallery-item'> \t\t\t<div class='gallery-icon landscape'> \t\t\t\t<a href='https:\/\/recyclingequipinc.com\/fr\/?attachment_id=17465'><img loading=\"lazy\" decoding=\"async\" width=\"720\" height=\"540\" src=\"https:\/\/recyclingequipinc.com\/wp-content\/uploads\/2025\/08\/Installation-site-of-the-metal-shear.webp\" class=\"attachment-full size-full\" alt=\"Site d&#039;installation de la cisaille \u00e0 m\u00e9taux\" aria-describedby=\"gallery-2-17465\" srcset=\"https:\/\/recyclingequipinc.com\/wp-content\/uploads\/2025\/08\/Installation-site-of-the-metal-shear.webp 720w, https:\/\/recyclingequipinc.com\/wp-content\/uploads\/2025\/08\/Installation-site-of-the-metal-shear-300x225.webp 300w, https:\/\/recyclingequipinc.com\/wp-content\/uploads\/2025\/08\/Installation-site-of-the-metal-shear-16x12.webp 16w\" sizes=\"(max-width: 720px) 100vw, 720px\" \/><\/a> \t\t\t<\/div> \t\t\t\t<figcaption class='wp-caption-text gallery-caption' id='gallery-2-17465'> \t\t\t\tSite d'installation de la cisaille \u00e0 m\u00e9taux \t\t\t\t<\/figcaption><\/figure> \t\t<\/div>","protected":false},"excerpt":{"rendered":"<p>La cisaille portique hydraulique Shuliy est con\u00e7ue pour la coupe rapide, pr\u00e9cise et intensive de m\u00e9taux de r\u00e9cup\u00e9ration. Avec de puissants v\u00e9rins hydrauliques, une grande capacit\u00e9 de coupe et des lames durables, elle am\u00e9liore l'efficacit\u00e9 du recyclage pour les aci\u00e9ries, les parcs \u00e0 ferraille et les sites de d\u00e9molition.<\/p>","protected":false},"featured_media":17469,"template":"","meta":{"site-sidebar-layout":"default","site-content-layout":"","ast-site-content-layout":"default","site-content-style":"default","site-sidebar-style":"default","ast-global-header-display":"","ast-banner-title-visibility":"","ast-main-header-display":"","ast-hfb-above-header-display":"","ast-hfb-below-header-display":"","ast-hfb-mobile-header-display":"","site-post-title":"","ast-breadcrumbs-content":"","ast-featured-img":"","footer-sml-layout":"","ast-disable-related-posts":"","theme-transparent-header-meta":"default","adv-header-id-meta":"","stick-header-meta":"","header-above-stick-meta":"","header-main-stick-meta":"","header-below-stick-meta":"","astra-migrate-meta-layouts":"set","ast-page-background-enabled":"default","ast-page-background-meta":{"desktop":{"background-color":"","background-image":"","background-repeat":"repeat","background-position":"center center","background-size":"auto","background-attachment":"scroll","background-type":"","background-media":"","overlay-type":"","overlay-color":"","overlay-opacity":"","overlay-gradient":""},"tablet":{"background-color":"","background-image":"","background-repeat":"repeat","background-position":"center center","background-size":"auto","background-attachment":"scroll","background-type":"","background-media":"","overlay-type":"","overlay-color":"","overlay-opacity":"","overlay-gradient":""},"mobile":{"background-color":"","background-image":"","background-repeat":"repeat","background-position":"center center","background-size":"auto","background-attachment":"scroll","background-type":"","background-media":"","overlay-type":"","overlay-color":"","overlay-opacity":"","overlay-gradient":""}},"ast-content-background-meta":{"desktop":{"background-color":"var(--ast-global-color-5)","background-image":"","background-repeat":"repeat","background-position":"center center","background-size":"auto","background-attachment":"scroll","background-type":"","background-media":"","overlay-type":"","overlay-color":"","overlay-opacity":"","overlay-gradient":""},"tablet":{"background-color":"var(--ast-global-color-5)","background-image":"","background-repeat":"repeat","background-position":"center center","background-size":"auto","background-attachment":"scroll","background-type":"","background-media":"","overlay-type":"","overlay-color":"","overlay-opacity":"","overlay-gradient":""},"mobile":{"background-color":"var(--ast-global-color-5)","background-image":"","background-repeat":"repeat","background-position":"center center","background-size":"auto","background-attachment":"scroll","background-type":"","background-media":"","overlay-type":"","overlay-color":"","overlay-opacity":"","overlay-gradient":""}}},"product_brand":[],"product_cat":[131],"product_tag":[],"class_list":{"0":"post-17454","1":"product","2":"type-product","3":"status-publish","4":"has-post-thumbnail","6":"product_cat-metal-recycling-machine","7":"desktop-align-center","8":"tablet-align-center","9":"mobile-align-center","11":"first","12":"instock","13":"shipping-taxable","14":"product-type-simple"},"_links":{"self":[{"href":"https:\/\/recyclingequipinc.com\/fr\/wp-json\/wp\/v2\/product\/17454","targetHints":{"allow":["GET"]}}],"collection":[{"href":"https:\/\/recyclingequipinc.com\/fr\/wp-json\/wp\/v2\/product"}],"about":[{"href":"https:\/\/recyclingequipinc.com\/fr\/wp-json\/wp\/v2\/types\/product"}],"version-history":[{"count":0,"href":"https:\/\/recyclingequipinc.com\/fr\/wp-json\/wp\/v2\/product\/17454\/revisions"}],"wp:featuredmedia":[{"embeddable":true,"href":"https:\/\/recyclingequipinc.com\/fr\/wp-json\/wp\/v2\/media\/17469"}],"wp:attachment":[{"href":"https:\/\/recyclingequipinc.com\/fr\/wp-json\/wp\/v2\/media?parent=17454"}],"wp:term":[{"taxonomy":"product_brand","embeddable":true,"href":"https:\/\/recyclingequipinc.com\/fr\/wp-json\/wp\/v2\/product_brand?post=17454"},{"taxonomy":"product_cat","embeddable":true,"href":"https:\/\/recyclingequipinc.com\/fr\/wp-json\/wp\/v2\/product_cat?post=17454"},{"taxonomy":"product_tag","embeddable":true,"href":"https:\/\/recyclingequipinc.com\/fr\/wp-json\/wp\/v2\/product_tag?post=17454"}],"curies":[{"name":"wp","href":"https:\/\/api.w.org\/{rel}","templated":true}]}}