{"id":17439,"date":"2025-08-04T15:07:01","date_gmt":"2025-08-04T07:07:01","guid":{"rendered":"https:\/\/recyclingequipinc.com\/?post_type=product&#038;p=17439"},"modified":"2025-08-04T15:07:01","modified_gmt":"2025-08-04T07:07:01","slug":"tire-debeader-machine","status":"publish","type":"product","link":"https:\/\/recyclingequipinc.com\/fr\/product\/tire-debeader-machine\/","title":{"rendered":"Machine de d\u00e9nudage de pneus \u00e0 vendre"},"content":{"rendered":"<p>Les pneus us\u00e9s contiennent une quantit\u00e9 significative d'acier int\u00e9gr\u00e9, ce qui les rend difficiles \u00e0 d\u00e9chiqueter directement. L'utilisation d'une machine \u00e0 d\u00e9janter les pneus pour retirer le talon en acier permet une s\u00e9paration et un recyclage efficaces des mat\u00e9riaux pr\u00e9cieux, tout en am\u00e9liorant l'efficacit\u00e9 globale du traitement et le retour \u00e9conomique. Shuliy propose une vari\u00e9t\u00e9 de machines \u00e0 tirer le fil de pneus adapt\u00e9es aux pneus standard (900\u20131 200 mm) et aux pneus OTR de grande taille (1 800\u20134 000 mm).<\/p> <div id='gallery-1' class='gallery galleryid-17439 gallery-columns-3 gallery-size-full'><figure class='gallery-item'> \t\t\t<div class='gallery-icon landscape'> \t\t\t\t<a href='https:\/\/recyclingequipinc.com\/fr\/?attachment_id=17450'><img fetchpriority=\"high\" decoding=\"async\" width=\"720\" height=\"540\" src=\"https:\/\/recyclingequipinc.com\/wp-content\/uploads\/2025\/08\/single-hook-tire-wire-removal-machine.webp\" class=\"attachment-full size-full\" alt=\"machine de retrait de fil de pneu \u00e0 crochet unique\" aria-describedby=\"gallery-1-17450\" srcset=\"https:\/\/recyclingequipinc.com\/wp-content\/uploads\/2025\/08\/single-hook-tire-wire-removal-machine.webp 720w, https:\/\/recyclingequipinc.com\/wp-content\/uploads\/2025\/08\/single-hook-tire-wire-removal-machine-300x225.webp 300w, https:\/\/recyclingequipinc.com\/wp-content\/uploads\/2025\/08\/single-hook-tire-wire-removal-machine-16x12.webp 16w\" sizes=\"(max-width: 720px) 100vw, 720px\" \/><\/a> \t\t\t<\/div> \t\t\t\t<figcaption class='wp-caption-text gallery-caption' id='gallery-1-17450'> \t\t\t\tmachine de retrait de fil de pneu \u00e0 crochet unique \t\t\t\t<\/figcaption><\/figure><figure class='gallery-item'> \t\t\t<div class='gallery-icon landscape'> \t\t\t\t<a href='https:\/\/recyclingequipinc.com\/fr\/?attachment_id=17448'><img decoding=\"async\" width=\"720\" height=\"540\" src=\"https:\/\/recyclingequipinc.com\/wp-content\/uploads\/2025\/08\/powerful-tire-debeader-for-sale.webp\" class=\"attachment-full size-full\" alt=\"d\u00e9bordeur de pneu puissant \u00e0 vendre\" aria-describedby=\"gallery-1-17448\" srcset=\"https:\/\/recyclingequipinc.com\/wp-content\/uploads\/2025\/08\/powerful-tire-debeader-for-sale.webp 720w, https:\/\/recyclingequipinc.com\/wp-content\/uploads\/2025\/08\/powerful-tire-debeader-for-sale-300x225.webp 300w, https:\/\/recyclingequipinc.com\/wp-content\/uploads\/2025\/08\/powerful-tire-debeader-for-sale-16x12.webp 16w\" sizes=\"(max-width: 720px) 100vw, 720px\" \/><\/a> \t\t\t<\/div> \t\t\t\t<figcaption class='wp-caption-text gallery-caption' id='gallery-1-17448'> \t\t\t\td\u00e9bordeur de pneu puissant \u00e0 vendre \t\t\t\t<\/figcaption><\/figure><figure class='gallery-item'> \t\t\t<div class='gallery-icon landscape'> \t\t\t\t<a href='https:\/\/recyclingequipinc.com\/fr\/?attachment_id=17445'><img decoding=\"async\" width=\"720\" height=\"540\" src=\"https:\/\/recyclingequipinc.com\/wp-content\/uploads\/2025\/08\/OTR-tire-debeader-machine.webp\" class=\"attachment-full size-full\" alt=\"Machine de d\u00e9nudage de pneus OTR\" aria-describedby=\"gallery-1-17445\" srcset=\"https:\/\/recyclingequipinc.com\/wp-content\/uploads\/2025\/08\/OTR-tire-debeader-machine.webp 720w, https:\/\/recyclingequipinc.com\/wp-content\/uploads\/2025\/08\/OTR-tire-debeader-machine-300x225.webp 300w, https:\/\/recyclingequipinc.com\/wp-content\/uploads\/2025\/08\/OTR-tire-debeader-machine-16x12.webp 16w\" sizes=\"(max-width: 720px) 100vw, 720px\" \/><\/a> \t\t\t<\/div> \t\t\t\t<figcaption class='wp-caption-text gallery-caption' id='gallery-1-17445'> \t\t\t\tMachine de d\u00e9nudage de pneus OTR \t\t\t\t<\/figcaption><\/figure> \t\t<\/div>  <h2>Caract\u00e9ristiques cl\u00e9s de notre machine \u00e0 d\u00e9nuder les pneus \u00e0 vendre<\/h2> <ul> <li>Structure robuste de qualit\u00e9 industrielle pour une utilisation \u00e0 long terme<\/li> <li>Contr\u00f4le hydraulique de haute pr\u00e9cision et m\u00e9canisme de crochet<\/li> <li>Entretien facile et conception conviviale pour l'op\u00e9rateur<\/li> <li>Mod\u00e8les disponibles pour les pneus standard et extra-larges<\/li> <li>Livraison rapide et support technique dans le monde entier<\/li> <\/ul> <div id='gallery-2' class='gallery galleryid-17439 gallery-columns-3 gallery-size-full'><figure class='gallery-item'> \t\t\t<div class='gallery-icon landscape'> \t\t\t\t<a href='https:\/\/recyclingequipinc.com\/fr\/?attachment_id=17444'><img loading=\"lazy\" decoding=\"async\" width=\"720\" height=\"540\" src=\"https:\/\/recyclingequipinc.com\/wp-content\/uploads\/2025\/08\/Effect-of-the-tire-debeader.webp\" class=\"attachment-full size-full\" alt=\"Effet du d\u00e9monte-pneu\" aria-describedby=\"gallery-2-17444\" srcset=\"https:\/\/recyclingequipinc.com\/wp-content\/uploads\/2025\/08\/Effect-of-the-tire-debeader.webp 720w, https:\/\/recyclingequipinc.com\/wp-content\/uploads\/2025\/08\/Effect-of-the-tire-debeader-300x225.webp 300w, https:\/\/recyclingequipinc.com\/wp-content\/uploads\/2025\/08\/Effect-of-the-tire-debeader-16x12.webp 16w\" sizes=\"(max-width: 720px) 100vw, 720px\" \/><\/a> \t\t\t<\/div> \t\t\t\t<figcaption class='wp-caption-text gallery-caption' id='gallery-2-17444'> \t\t\t\tEffet du d\u00e9monte-pneu \t\t\t\t<\/figcaption><\/figure><figure class='gallery-item'> \t\t\t<div class='gallery-icon landscape'> \t\t\t\t<a href='https:\/\/recyclingequipinc.com\/fr\/?attachment_id=17449'><img loading=\"lazy\" decoding=\"async\" width=\"720\" height=\"540\" src=\"https:\/\/recyclingequipinc.com\/wp-content\/uploads\/2025\/08\/removed-steel-wires.webp\" class=\"attachment-full size-full\" alt=\"fils d&#039;acier retir\u00e9s\" aria-describedby=\"gallery-2-17449\" srcset=\"https:\/\/recyclingequipinc.com\/wp-content\/uploads\/2025\/08\/removed-steel-wires.webp 720w, https:\/\/recyclingequipinc.com\/wp-content\/uploads\/2025\/08\/removed-steel-wires-300x225.webp 300w, https:\/\/recyclingequipinc.com\/wp-content\/uploads\/2025\/08\/removed-steel-wires-16x12.webp 16w\" sizes=\"(max-width: 720px) 100vw, 720px\" \/><\/a> \t\t\t<\/div> \t\t\t\t<figcaption class='wp-caption-text gallery-caption' id='gallery-2-17449'> \t\t\t\tfils d'acier retir\u00e9s \t\t\t\t<\/figcaption><\/figure> \t\t<\/div>  <h2>Param\u00e8tres et diff\u00e9rences des diff\u00e9rentes machines de retrait de fil de pneu<\/h2> <table style=\"border-collapse: collapse; width: 100%;\"> <tbody> <tr> <td style=\"width: 16.6667%;\">Mod\u00e8le<\/td> <td style=\"width: 16.6667%;\">Machine de d\u00e9monte-pneu \u00e0 crochet simple<\/td> <td style=\"width: 16.6667%;\">Machine de d\u00e9monte-pneu \u00e0 double crochet<\/td> <td style=\"width: 16.6667%;\">Machine de tirage de fil pour pneus OTR<\/td> <\/tr> <tr> <td style=\"width: 16.6667%;\">Quantit\u00e9 de crochets<\/td> <td style=\"width: 16.6667%;\">1<\/td> <td style=\"width: 16.6667%;\">2<\/td> <td style=\"width: 16.6667%;\">1 crochet renforc\u00e9 lourd<\/td> <\/tr> <tr> <td style=\"width: 16.6667%;\">Taille de pneu d'application<\/td> <td style=\"width: 16.6667%;\">900-1200 mm<\/td> <td style=\"width: 16.6667%;\">900-1200 mm<\/td> <td style=\"width: 16.6667%;\">1800-4000 mm<\/td> <\/tr> <tr> <td style=\"width: 16.6667%;\">Principe de fonctionnement<\/td> <td style=\"width: 16.6667%;\">Tire le fil d'un c\u00f4t\u00e9<\/td> <td style=\"width: 16.6667%;\">Tire les fils d'acier des deux c\u00f4t\u00e9s<\/td> <td style=\"width: 16.6667%;\">Tire des anneaux en acier extr\u00eamement \u00e9pais des gros pneus OTR<\/td> <\/tr> <tr> <td style=\"width: 16.6667%;\">Capacit\u00e9<\/td> <td style=\"width: 16.6667%;\">20-30 pneus\/h<\/td> <td style=\"width: 16.6667%;\">40-50 pneus\/h<\/td> <td style=\"width: 16.6667%;\">30 tirages\/h<\/td> <\/tr> <tr> <td style=\"width: 16.6667%;\">Puissance<\/td> <td style=\"width: 16.6667%;\">11 KW<\/td> <td style=\"width: 16.6667%;\">18,5 KW<\/td> <td style=\"width: 16.6667%;\">22+3 KW<\/td> <\/tr> <tr> <td style=\"width: 16.6667%;\">Caract\u00e9ristique de la structure<\/td> <td style=\"width: 16.6667%;\">Compacte<\/td> <td style=\"width: 16.6667%;\">Compacte<\/td> <td style=\"width: 16.6667%;\">Cadre extra-large et syst\u00e8me hydraulique<\/td> <\/tr> <tr> <td style=\"width: 16.6667%;\">M\u00e9thode de chargement des pneus<\/td> <td style=\"width: 16.6667%;\">Manuel ou semi-automatique<\/td> <td style=\"width: 16.6667%;\">Manuel ou semi-automatique<\/td> <td style=\"width: 16.6667%;\">Chariot \u00e9l\u00e9vateur ou dispositif de levage<\/td> <\/tr> <tr> <td style=\"width: 16.6667%;\">Utilisateurs cibles<\/td> <td style=\"width: 16.6667%;\">Petites lignes de recyclage<\/td> <td style=\"width: 16.6667%;\">Lignes de recyclage moyennes<\/td> <td style=\"width: 16.6667%;\">Installations de recyclage OTR lourdes<\/td> <\/tr> <\/tbody> <\/table> <div id='gallery-3' class='gallery galleryid-17439 gallery-columns-3 gallery-size-full'><figure class='gallery-item'> \t\t\t<div class='gallery-icon landscape'> \t\t\t\t<a href='https:\/\/recyclingequipinc.com\/fr\/?attachment_id=17451'><img loading=\"lazy\" decoding=\"async\" width=\"720\" height=\"540\" src=\"https:\/\/recyclingequipinc.com\/wp-content\/uploads\/2025\/08\/standard-tire-debeader-machine.webp\" class=\"attachment-full size-full\" alt=\"Machine de d\u00e9pe\u00e7age de pneus standard\" aria-describedby=\"gallery-3-17451\" srcset=\"https:\/\/recyclingequipinc.com\/wp-content\/uploads\/2025\/08\/standard-tire-debeader-machine.webp 720w, https:\/\/recyclingequipinc.com\/wp-content\/uploads\/2025\/08\/standard-tire-debeader-machine-300x225.webp 300w, https:\/\/recyclingequipinc.com\/wp-content\/uploads\/2025\/08\/standard-tire-debeader-machine-16x12.webp 16w\" sizes=\"(max-width: 720px) 100vw, 720px\" \/><\/a> \t\t\t<\/div> \t\t\t\t<figcaption class='wp-caption-text gallery-caption' id='gallery-3-17451'> \t\t\t\tMachine de d\u00e9pe\u00e7age de pneus standard \t\t\t\t<\/figcaption><\/figure><figure class='gallery-item'> \t\t\t<div class='gallery-icon landscape'> \t\t\t\t<a href='https:\/\/recyclingequipinc.com\/fr\/?attachment_id=17443'><img loading=\"lazy\" decoding=\"async\" width=\"720\" height=\"540\" src=\"https:\/\/recyclingequipinc.com\/wp-content\/uploads\/2025\/08\/double-single-tire-debeader-machine.webp\" class=\"attachment-full size-full\" alt=\"Machine de d\u00e9pe\u00e7age de pneus double simple\" aria-describedby=\"gallery-3-17443\" srcset=\"https:\/\/recyclingequipinc.com\/wp-content\/uploads\/2025\/08\/double-single-tire-debeader-machine.webp 720w, https:\/\/recyclingequipinc.com\/wp-content\/uploads\/2025\/08\/double-single-tire-debeader-machine-300x225.webp 300w, https:\/\/recyclingequipinc.com\/wp-content\/uploads\/2025\/08\/double-single-tire-debeader-machine-16x12.webp 16w\" sizes=\"(max-width: 720px) 100vw, 720px\" \/><\/a> \t\t\t<\/div> \t\t\t\t<figcaption class='wp-caption-text gallery-caption' id='gallery-3-17443'> \t\t\t\tMachine de d\u00e9pe\u00e7age de pneus double simple \t\t\t\t<\/figcaption><\/figure> \t\t<\/div>  <div id='gallery-4' class='gallery galleryid-17439 gallery-columns-3 gallery-size-full'><figure class='gallery-item'> \t\t\t<div class='gallery-icon portrait'> \t\t\t\t<a href='https:\/\/recyclingequipinc.com\/fr\/?attachment_id=17446'><img loading=\"lazy\" decoding=\"async\" width=\"540\" height=\"720\" src=\"https:\/\/recyclingequipinc.com\/wp-content\/uploads\/2025\/08\/OTR-tire-steel-wire-drawing-machine.webp\" class=\"attachment-full size-full\" alt=\"Machine \u00e0 tirer le fil d&#039;acier pour pneus OTR\" aria-describedby=\"gallery-4-17446\" srcset=\"https:\/\/recyclingequipinc.com\/wp-content\/uploads\/2025\/08\/OTR-tire-steel-wire-drawing-machine.webp 540w, https:\/\/recyclingequipinc.com\/wp-content\/uploads\/2025\/08\/OTR-tire-steel-wire-drawing-machine-225x300.webp 225w, https:\/\/recyclingequipinc.com\/wp-content\/uploads\/2025\/08\/OTR-tire-steel-wire-drawing-machine-9x12.webp 9w\" sizes=\"(max-width: 540px) 100vw, 540px\" \/><\/a> \t\t\t<\/div> \t\t\t\t<figcaption class='wp-caption-text gallery-caption' id='gallery-4-17446'> \t\t\t\tMachine \u00e0 tirer le fil d'acier pour pneus OTR \t\t\t\t<\/figcaption><\/figure><figure class='gallery-item'> \t\t\t<div class='gallery-icon portrait'> \t\t\t\t<a href='https:\/\/recyclingequipinc.com\/fr\/?attachment_id=17447'><img loading=\"lazy\" decoding=\"async\" width=\"540\" height=\"720\" src=\"https:\/\/recyclingequipinc.com\/wp-content\/uploads\/2025\/08\/OTR-tyre-debeading-machine.webp\" class=\"attachment-full size-full\" alt=\"Machine \u00e0 d\u00e9janter les pneus OTR\" aria-describedby=\"gallery-4-17447\" srcset=\"https:\/\/recyclingequipinc.com\/wp-content\/uploads\/2025\/08\/OTR-tyre-debeading-machine.webp 540w, https:\/\/recyclingequipinc.com\/wp-content\/uploads\/2025\/08\/OTR-tyre-debeading-machine-225x300.webp 225w, https:\/\/recyclingequipinc.com\/wp-content\/uploads\/2025\/08\/OTR-tyre-debeading-machine-9x12.webp 9w\" sizes=\"(max-width: 540px) 100vw, 540px\" \/><\/a> \t\t\t<\/div> \t\t\t\t<figcaption class='wp-caption-text gallery-caption' id='gallery-4-17447'> \t\t\t\tMachine \u00e0 d\u00e9janter les pneus OTR \t\t\t\t<\/figcaption><\/figure> \t\t<\/div>  <p>La machine \u00e0 d\u00e9beader de pneus OTR est \u00e9quip\u00e9e d'un crochet hydraulique renforc\u00e9 unique, sp\u00e9cialement con\u00e7u pour retirer le talon en acier extr\u00eamement \u00e9pais des grands pneus tout-terrain (OTR), g\u00e9n\u00e9ralement d'un diam\u00e8tre allant de 1800 \u00e0 4000 mm. Bien qu'elle ait techniquement un seul crochet, ce crochet est nettement plus grand, plus solide et con\u00e7u pour une force de qualit\u00e9 industrielle, contrairement aux crochets standard sur les petits d\u00e9beaders.<\/p> <p>En comparaison, les d\u00e9bardeurs \u00e0 crochet simple et \u00e0 crochet double sont con\u00e7us pour les pneus de voiture, de camion et de bus (900\u20131200 mm). Ils sont compacts, plus faciles \u00e0 d\u00e9placer et con\u00e7us pour des op\u00e9rations \u00e0 plus petite \u00e9chelle. Le mod\u00e8le \u00e0 crochet double am\u00e9liore l'efficacit\u00e9 en manipulant les deux c\u00f4t\u00e9s du pneu \u00e0 la fois, tandis que le mod\u00e8le OTR se concentre sur la force et la stabilit\u00e9 pour les pneus surdimensionn\u00e9s et lourds.<\/p> <h2>Comment fonctionne la machine \u00e0 retirer le talon du pneu ?<\/h2> <p>Toutes nos machines \u00e0 d\u00e9janter les pneus suivent un principe de fonctionnement similaire, avec quelques variations en fonction du type de mod\u00e8le. Le processus op\u00e9rationnel typique comprend :<\/p> <ol> <li>Chargement des pneus : Le pneu usag\u00e9 est plac\u00e9 manuellement ou m\u00e9caniquement sur la table de travail ou le bras de support de la machine. Les mod\u00e8les standards (crochet simple\/double) permettent un chargement manuel. Le mod\u00e8le OTR n\u00e9cessite un chariot \u00e9l\u00e9vateur ou un palan en raison de la taille du pneu.<\/li> <li><span style=\"font-size: 16px;\">Serrage et Positionnement : <\/span><span style=\"font-size: 16px;\">Le pneu est fermement maintenu par la pression hydraulique pour \u00e9viter tout mouvement pendant l'extraction.<\/span><\/li> <li>Insertion de crochet : Un crochet hydraulique est enfonc\u00e9 dans la zone de talon du pneu pour attraper le fil d'acier int\u00e9gr\u00e9. Le mod\u00e8le \u00e0 crochet simple fonctionne d'un c\u00f4t\u00e9 \u00e0 la fois. Le mod\u00e8le \u00e0 double crochet fonctionne des deux c\u00f4t\u00e9s simultan\u00e9ment. Le mod\u00e8le OTR utilise un crochet renforc\u00e9 pour des talons en acier \u00e9pais.<\/li> <li>Extraction de fil : Le crochet est tir\u00e9 vers l'ext\u00e9rieur par le cylindre hydraulique, tirant doucement l'anneau en acier.<\/li> <li>D\u00e9chargement et r\u00e9p\u00e9tition : Le pneu (maintenant sans acier) est lib\u00e9r\u00e9 et retir\u00e9. Le processus est r\u00e9p\u00e9t\u00e9 pour le prochain pneu.<\/li> <\/ol> <h2>Sortie de la machine extractrice de fil de pneu<\/h2> <p>Apr\u00e8s l'extraction du fil, deux sorties sont obtenues : le fil de perle en acier et le corps en caoutchouc du pneu sans l'acier. Chacun a des caract\u00e9ristiques et des utilisations distinctes :<\/p> <ul> <li><strong>Fil d'acier pour talon :<\/strong> Anneaux en acier \u00e0 haute r\u00e9sistance et \u00e0 boucles multiples avec un minimum de r\u00e9sidus de caoutchouc. Ils peuvent \u00eatre vendus directement aux aci\u00e9ries pour \u00eatre refondus ou utilis\u00e9s comme alternative de combustible industriel dans certaines applications.<\/li> <li><strong style=\"font-size: 16px;\">Corps de pneu en caoutchouc :<\/strong> <span style=\"font-size: 16px;\">Une fois que l'acier est retir\u00e9, le pneu peut \u00eatre trait\u00e9 davantage avec un <a href=\"https:\/\/recyclingequipinc.com\/fr\/produit\/hydraulic-tire-cutter\/\">machine de d\u00e9coupe de pneus<\/a>, <a href=\"https:\/\/recyclingequipinc.com\/fr\/produit\/tire-rubber-shredder-for-sale\/\">broyeur de pneus<\/a>, et un granulateur de caoutchouc. Pour les grands pneus OTR, le d\u00e9bosseleur OTR peut \u00eatre associ\u00e9 \u00e0 un coupeur de pneus OTR pour un pr\u00e9traitement efficace.<\/span><\/li> <\/ul> <h2>Machine de d\u00e9nudage de pneus \u00e0 vendre<\/h2> <p>Shuliy Machinery s'engage \u00e0 fournir des machines \u00e0 d\u00e9nuder les pneus durables et performantes aux entreprises de recyclage du monde entier. Que vous traitiez des pneus de passagers standard ou des pneus OTR g\u00e9ants, nous avons une solution adapt\u00e9e \u00e0 vos besoins. Contactez notre \u00e9quipe d\u00e8s maintenant pour obtenir un devis gratuit et une consultation. Nous vous aiderons \u00e0 choisir le bon mod\u00e8le et fournirons un support technique complet pour l'installation et l'exploitation.<\/p>","protected":false},"excerpt":{"rendered":"<p>Shuliy propose une vari\u00e9t\u00e9 de machines pour le retrait de fils de pneus, y compris des mod\u00e8les \u00e0 crochet simple et double, ainsi que des machines sp\u00e9cifiques pour pneus OTR. Ces machines retirent efficacement les anneaux en fil d'acier et am\u00e9liorent l'efficacit\u00e9 du recyclage.<\/p>","protected":false},"featured_media":17445,"template":"","meta":{"site-sidebar-layout":"default","site-content-layout":"","ast-site-content-layout":"default","site-content-style":"default","site-sidebar-style":"default","ast-global-header-display":"","ast-banner-title-visibility":"","ast-main-header-display":"","ast-hfb-above-header-display":"","ast-hfb-below-header-display":"","ast-hfb-mobile-header-display":"","site-post-title":"","ast-breadcrumbs-content":"","ast-featured-img":"","footer-sml-layout":"","ast-disable-related-posts":"","theme-transparent-header-meta":"default","adv-header-id-meta":"","stick-header-meta":"","header-above-stick-meta":"","header-main-stick-meta":"","header-below-stick-meta":"","astra-migrate-meta-layouts":"set","ast-page-background-enabled":"default","ast-page-background-meta":{"desktop":{"background-color":"","background-image":"","background-repeat":"repeat","background-position":"center center","background-size":"auto","background-attachment":"scroll","background-type":"","background-media":"","overlay-type":"","overlay-color":"","overlay-opacity":"","overlay-gradient":""},"tablet":{"background-color":"","background-image":"","background-repeat":"repeat","background-position":"center center","background-size":"auto","background-attachment":"scroll","background-type":"","background-media":"","overlay-type":"","overlay-color":"","overlay-opacity":"","overlay-gradient":""},"mobile":{"background-color":"","background-image":"","background-repeat":"repeat","background-position":"center center","background-size":"auto","background-attachment":"scroll","background-type":"","background-media":"","overlay-type":"","overlay-color":"","overlay-opacity":"","overlay-gradient":""}},"ast-content-background-meta":{"desktop":{"background-color":"var(--ast-global-color-5)","background-image":"","background-repeat":"repeat","background-position":"center center","background-size":"auto","background-attachment":"scroll","background-type":"","background-media":"","overlay-type":"","overlay-color":"","overlay-opacity":"","overlay-gradient":""},"tablet":{"background-color":"var(--ast-global-color-5)","background-image":"","background-repeat":"repeat","background-position":"center center","background-size":"auto","background-attachment":"scroll","background-type":"","background-media":"","overlay-type":"","overlay-color":"","overlay-opacity":"","overlay-gradient":""},"mobile":{"background-color":"var(--ast-global-color-5)","background-image":"","background-repeat":"repeat","background-position":"center center","background-size":"auto","background-attachment":"scroll","background-type":"","background-media":"","overlay-type":"","overlay-color":"","overlay-opacity":"","overlay-gradient":""}}},"product_brand":[],"product_cat":[128],"product_tag":[],"class_list":{"0":"post-17439","1":"product","2":"type-product","3":"status-publish","4":"has-post-thumbnail","6":"product_cat-tire-recycling-machine","7":"desktop-align-center","8":"tablet-align-center","9":"mobile-align-center","11":"first","12":"instock","13":"shipping-taxable","14":"product-type-simple"},"_links":{"self":[{"href":"https:\/\/recyclingequipinc.com\/fr\/wp-json\/wp\/v2\/product\/17439","targetHints":{"allow":["GET"]}}],"collection":[{"href":"https:\/\/recyclingequipinc.com\/fr\/wp-json\/wp\/v2\/product"}],"about":[{"href":"https:\/\/recyclingequipinc.com\/fr\/wp-json\/wp\/v2\/types\/product"}],"version-history":[{"count":0,"href":"https:\/\/recyclingequipinc.com\/fr\/wp-json\/wp\/v2\/product\/17439\/revisions"}],"wp:featuredmedia":[{"embeddable":true,"href":"https:\/\/recyclingequipinc.com\/fr\/wp-json\/wp\/v2\/media\/17445"}],"wp:attachment":[{"href":"https:\/\/recyclingequipinc.com\/fr\/wp-json\/wp\/v2\/media?parent=17439"}],"wp:term":[{"taxonomy":"product_brand","embeddable":true,"href":"https:\/\/recyclingequipinc.com\/fr\/wp-json\/wp\/v2\/product_brand?post=17439"},{"taxonomy":"product_cat","embeddable":true,"href":"https:\/\/recyclingequipinc.com\/fr\/wp-json\/wp\/v2\/product_cat?post=17439"},{"taxonomy":"product_tag","embeddable":true,"href":"https:\/\/recyclingequipinc.com\/fr\/wp-json\/wp\/v2\/product_tag?post=17439"}],"curies":[{"name":"wp","href":"https:\/\/api.w.org\/{rel}","templated":true}]}}