{"id":17417,"date":"2025-07-28T14:06:42","date_gmt":"2025-07-28T06:06:42","guid":{"rendered":"https:\/\/recyclingequipinc.com\/?post_type=product&#038;p=17417"},"modified":"2025-07-30T17:14:12","modified_gmt":"2025-07-30T09:14:12","slug":"hydraulic-tire-cutter","status":"publish","type":"product","link":"https:\/\/recyclingequipinc.com\/fr\/product\/hydraulic-tire-cutter\/","title":{"rendered":"Coupeur de pneus hydraulique pour pneus usag\u00e9s de 900 \u00e0 4000 mm"},"content":{"rendered":"<p>Dans les op\u00e9rations modernes de recyclage des pneus, la premi\u00e8re \u00e9tape pour transformer les pneus usag\u00e9s en ressources pr\u00e9cieuses consiste \u00e0 les couper en morceaux g\u00e9rables. Shuliy Machinery propose deux solutions robustes avec sa s\u00e9rie de coupeurs de pneus hydrauliques, con\u00e7ue pour traiter \u00e0 la fois les pneus r\u00e9guliers (900-1200 mm) et les pneus OTR (1400-4000 mm). Que vous ayez \u00e0 faire \u00e0 des pneus de voiture usag\u00e9s ou \u00e0 des pneus industriels massifs, nos machines offrent des coupes nettes et pr\u00e9cises qui rationalisent les processus en aval.<\/p> <div id='gallery-1' class='gallery galleryid-17417 gallery-columns-3 gallery-size-full'><figure class='gallery-item'> \t\t\t<div class='gallery-icon landscape'> \t\t\t\t<a href='https:\/\/recyclingequipinc.com\/fr\/?attachment_id=17422'><img fetchpriority=\"high\" decoding=\"async\" width=\"720\" height=\"540\" src=\"https:\/\/recyclingequipinc.com\/wp-content\/uploads\/2025\/07\/complete-waste-tires.webp\" class=\"attachment-full size-full\" alt=\"pneus usag\u00e9s complets\" aria-describedby=\"gallery-1-17422\" srcset=\"https:\/\/recyclingequipinc.com\/wp-content\/uploads\/2025\/07\/complete-waste-tires.webp 720w, https:\/\/recyclingequipinc.com\/wp-content\/uploads\/2025\/07\/complete-waste-tires-300x225.webp 300w, https:\/\/recyclingequipinc.com\/wp-content\/uploads\/2025\/07\/complete-waste-tires-16x12.webp 16w\" sizes=\"(max-width: 720px) 100vw, 720px\" \/><\/a> \t\t\t<\/div> \t\t\t\t<figcaption class='wp-caption-text gallery-caption' id='gallery-1-17422'> \t\t\t\tpneus usag\u00e9s complets \t\t\t\t<\/figcaption><\/figure><figure class='gallery-item'> \t\t\t<div class='gallery-icon landscape'> \t\t\t\t<a href='https:\/\/recyclingequipinc.com\/fr\/?attachment_id=17423'><img decoding=\"async\" width=\"720\" height=\"540\" src=\"https:\/\/recyclingequipinc.com\/wp-content\/uploads\/2025\/07\/cut-tire-segment.webp\" class=\"attachment-full size-full\" alt=\"segment de pneu d\u00e9coup\u00e9\" aria-describedby=\"gallery-1-17423\" srcset=\"https:\/\/recyclingequipinc.com\/wp-content\/uploads\/2025\/07\/cut-tire-segment.webp 720w, https:\/\/recyclingequipinc.com\/wp-content\/uploads\/2025\/07\/cut-tire-segment-300x225.webp 300w, https:\/\/recyclingequipinc.com\/wp-content\/uploads\/2025\/07\/cut-tire-segment-16x12.webp 16w\" sizes=\"(max-width: 720px) 100vw, 720px\" \/><\/a> \t\t\t<\/div> \t\t\t\t<figcaption class='wp-caption-text gallery-caption' id='gallery-1-17423'> \t\t\t\tsegment de pneu d\u00e9coup\u00e9 \t\t\t\t<\/figcaption><\/figure> \t\t<\/div>  <h3 data-start=\"2847\" data-end=\"2899\">Caract\u00e9ristiques cl\u00e9s de notre \u00e9quipement de d\u00e9coupe de pneus<\/h3> <p data-start=\"2903\" data-end=\"2968\" class=\"translation-block\"><strong data-start=\"2905\" data-end=\"2933\">\u2705La coupe hydraulique<\/strong> assure une puissance et une stabilit\u00e9 \u00e9lev\u00e9es<\/p> <p data-start=\"2971\" data-end=\"3038\" class=\"translation-block\"><strong data-start=\"2973\" data-end=\"3007\">\u2705Lame Cr12MoV de qualit\u00e9 industrielle<\/strong> pour une r\u00e9sistance sup\u00e9rieure \u00e0 l'usure<\/p> <p data-start=\"3041\" data-end=\"3104\" class=\"translation-block\"><strong data-start=\"3043\" data-end=\"3065\">\u2705Solutions sur mesure<\/strong> pour les tailles de pneus standard et OTR<\/p> <p data-start=\"3107\" data-end=\"3175\" class=\"translation-block\"><strong data-start=\"3109\" data-end=\"3133\">\u2705Optimis\u00e9 pour la s\u00e9curit\u00e9<\/strong>, la facilit\u00e9 d'utilisation et la faible maintenance<\/p> <p data-start=\"3178\" data-end=\"3254\" class=\"translation-block\">\u2705 Pr\u00e9traitement parfait pour les <strong data-start=\"3206\" data-end=\"3252\">lignes de d\u00e9chiquetage et de granulation de pneus usag\u00e9s<\/strong><\/p> <div id='gallery-2' class='gallery galleryid-17417 gallery-columns-3 gallery-size-full'><figure class='gallery-item'> \t\t\t<div class='gallery-icon landscape'> \t\t\t\t<a href='https:\/\/recyclingequipinc.com\/fr\/?attachment_id=17427'><img decoding=\"async\" width=\"720\" height=\"540\" src=\"https:\/\/recyclingequipinc.com\/wp-content\/uploads\/2025\/07\/waste-tire-cutter.webp\" class=\"attachment-full size-full\" alt=\"coupeur de pneus usag\u00e9s\" aria-describedby=\"gallery-2-17427\" srcset=\"https:\/\/recyclingequipinc.com\/wp-content\/uploads\/2025\/07\/waste-tire-cutter.webp 720w, https:\/\/recyclingequipinc.com\/wp-content\/uploads\/2025\/07\/waste-tire-cutter-300x225.webp 300w, https:\/\/recyclingequipinc.com\/wp-content\/uploads\/2025\/07\/waste-tire-cutter-16x12.webp 16w\" sizes=\"(max-width: 720px) 100vw, 720px\" \/><\/a> \t\t\t<\/div> \t\t\t\t<figcaption class='wp-caption-text gallery-caption' id='gallery-2-17427'> \t\t\t\tcoupeur de pneus usag\u00e9s \t\t\t\t<\/figcaption><\/figure><figure class='gallery-item'> \t\t\t<div class='gallery-icon landscape'> \t\t\t\t<a href='https:\/\/recyclingequipinc.com\/fr\/?attachment_id=17426'><img loading=\"lazy\" decoding=\"async\" width=\"720\" height=\"540\" src=\"https:\/\/recyclingequipinc.com\/wp-content\/uploads\/2025\/07\/standard-hydraulic-tire-cutter.webp\" class=\"attachment-full size-full\" alt=\"coupeur de pneus hydraulique standard\" aria-describedby=\"gallery-2-17426\" srcset=\"https:\/\/recyclingequipinc.com\/wp-content\/uploads\/2025\/07\/standard-hydraulic-tire-cutter.webp 720w, https:\/\/recyclingequipinc.com\/wp-content\/uploads\/2025\/07\/standard-hydraulic-tire-cutter-300x225.webp 300w, https:\/\/recyclingequipinc.com\/wp-content\/uploads\/2025\/07\/standard-hydraulic-tire-cutter-16x12.webp 16w\" sizes=\"(max-width: 720px) 100vw, 720px\" \/><\/a> \t\t\t<\/div> \t\t\t\t<figcaption class='wp-caption-text gallery-caption' id='gallery-2-17426'> \t\t\t\tcoupeur de pneus hydraulique standard \t\t\t\t<\/figcaption><\/figure> \t\t<\/div>  <h2>Machine de d\u00e9coupe de pneus usag\u00e9s standard (pour pneus \u22641200mm)<\/h2> <p data-start=\"1010\" data-end=\"1380\">Ce coupe-pneus en caoutchouc est id\u00e9al pour couper les pneus de camions et de v\u00e9hicules particuliers ayant un diam\u00e8tre ext\u00e9rieur compris entre 900 mm et 1200 mm. Il utilise un puissant moteur de 7,5 kW et une lame de coupe durcie en acier Cr12MoV pour offrir des performances constantes \u00e0 un rythme allant jusqu'\u00e0 60 pneus par heure. Son design compact le rend adapt\u00e9 aux usines de recyclage de petite et moyenne taille.<\/p> <figure id=\"attachment_17425\" aria-describedby=\"caption-attachment-17425\" style=\"width: 720px\" class=\"wp-caption alignnone\"><img loading=\"lazy\" decoding=\"async\" class=\"wp-image-17425 size-full\" src=\"https:\/\/recyclingequipinc.com\/wp-content\/uploads\/2025\/07\/scrap-tire-cutter.webp\" alt=\"coupeur de pneus usag\u00e9s\" width=\"720\" height=\"540\" srcset=\"https:\/\/recyclingequipinc.com\/wp-content\/uploads\/2025\/07\/scrap-tire-cutter.webp 720w, https:\/\/recyclingequipinc.com\/wp-content\/uploads\/2025\/07\/scrap-tire-cutter-300x225.webp 300w, https:\/\/recyclingequipinc.com\/wp-content\/uploads\/2025\/07\/scrap-tire-cutter-16x12.webp 16w\" sizes=\"(max-width: 720px) 100vw, 720px\" \/><figcaption id=\"caption-attachment-17425\" class=\"wp-caption-text\">coupeur de pneus usag\u00e9s<\/figcaption><\/figure> <h3 data-start=\"1382\" data-end=\"1411\"><strong data-start=\"1382\" data-end=\"1411\">Sp\u00e9cifications techniques :<\/strong><\/h3> <ul> <li data-start=\"1415\" data-end=\"1446\"><strong data-start=\"1415\" data-end=\"1432\">Nom de la machine :<\/strong> Coupeur de pneus<\/li> <li data-start=\"1415\" data-end=\"1446\"><strong data-start=\"1584\" data-end=\"1609\">Taille des pneus \u00e0 traiter :<\/strong> 900\u20131200mm<\/li> <li data-start=\"1415\" data-end=\"1446\"><strong data-start=\"1625\" data-end=\"1636\">Sortie :<\/strong> 60 pneus\/heure<\/li> <li data-start=\"1415\" data-end=\"1446\"><strong data-start=\"1449\" data-end=\"1459\">Puissance :<\/strong> 7,5 kW<\/li> <li data-start=\"1470\" data-end=\"1506\"><strong data-start=\"1470\" data-end=\"1484\">Dimension :<\/strong> 1,7 m * 0,8 m * 1,85 m<\/li> <li data-start=\"1509\" data-end=\"1558\"><strong data-start=\"1509\" data-end=\"1526\">Taille de l'emballage :<\/strong> 1,9 m * 1 m * 2,1 m (bo\u00eete en bois)<\/li> <li><strong>Poids de la machine :<\/strong> 1400 kg<\/li> <li><strong data-start=\"1655\" data-end=\"1674\">Mat\u00e9riau de la lame :<\/strong> Acier alli\u00e9 haute r\u00e9sistance Cr12MoV<\/li> <\/ul> <h3 data-start=\"1712\" data-end=\"1853\"><strong data-start=\"1712\" data-end=\"1730\">Fonction principale :<\/strong><\/h3> <p data-start=\"1712\" data-end=\"1853\">Ce mod\u00e8le est con\u00e7u pour couper des pneus de voiture et de camion sans talon en blocs de moins de 900 mm, les pr\u00e9parant pour le d\u00e9chiquetage ou la granulation.<\/p> <h2 data-start=\"1712\" data-end=\"1853\">D\u00e9coupeur de pneus hydraulique OTR (pour pneus \u22644000 mm)<\/h2> <p data-start=\"1920\" data-end=\"2278\">Le coupeur de pneus hydrauliques OTR est une solution robuste pour couper des pneus d'ing\u00e9nierie ultra-grands, en particulier ceux utilis\u00e9s dans l'exploitation mini\u00e8re ou la construction lourde. Il traite les pneus OTR dont les boudins ont \u00e9t\u00e9 retir\u00e9s, avec des diam\u00e8tres allant de 1400 mm \u00e0 4000 mm. Construit avec des cadres renforc\u00e9s et une lame de qualit\u00e9 sup\u00e9rieure en Cr12MoV, il tranche ces pneus massifs \u00e0 un rythme de deux coupes par minute.<\/p> <figure id=\"attachment_17424\" aria-describedby=\"caption-attachment-17424\" style=\"width: 720px\" class=\"wp-caption alignnone\"><img loading=\"lazy\" decoding=\"async\" class=\"wp-image-17424 size-full\" src=\"https:\/\/recyclingequipinc.com\/wp-content\/uploads\/2025\/07\/OTR-hydraulic-tire-cutter.webp\" alt=\"Coupeur de pneus hydrauliques OTR\" width=\"720\" height=\"540\" srcset=\"https:\/\/recyclingequipinc.com\/wp-content\/uploads\/2025\/07\/OTR-hydraulic-tire-cutter.webp 720w, https:\/\/recyclingequipinc.com\/wp-content\/uploads\/2025\/07\/OTR-hydraulic-tire-cutter-300x225.webp 300w, https:\/\/recyclingequipinc.com\/wp-content\/uploads\/2025\/07\/OTR-hydraulic-tire-cutter-16x12.webp 16w\" sizes=\"(max-width: 720px) 100vw, 720px\" \/><figcaption id=\"caption-attachment-17424\" class=\"wp-caption-text\">Coupeur de pneus hydrauliques OTR<\/figcaption><\/figure> <h3 data-start=\"2280\" data-end=\"2309\">Sp\u00e9cifications techniques :<\/h3> <ul> <li data-start=\"2313\" data-end=\"2348\"><strong data-start=\"2313\" data-end=\"2330\">Nom de la machine :<\/strong> Coupeur de pneus usag\u00e9s OTR<\/li> <li data-start=\"2505\" data-end=\"2565\"><strong data-start=\"2505\" data-end=\"2530\">Taille des pneus \u00e0 traiter :<\/strong> 1400\u20134000mm (sans talon en acier)<\/li> <li data-start=\"2568\" data-end=\"2599\"><strong data-start=\"2568\" data-end=\"2579\">Sortie :<\/strong> 2 coupes par minute<\/li> <li data-start=\"2351\" data-end=\"2369\"><strong data-start=\"2351\" data-end=\"2361\">Puissance :<\/strong> 7,5 kW<\/li> <li data-start=\"2372\" data-end=\"2409\"><strong data-start=\"2372\" data-end=\"2386\">Dimension :<\/strong> 3,13m*1,65m*2,7m<\/li> <li data-start=\"2412\" data-end=\"2479\"><strong data-start=\"2412\" data-end=\"2429\">Taille de l'emballage :<\/strong> Non applicable (trop grand pour un emballage en bois)<\/li> <li data-start=\"2482\" data-end=\"2502\"><strong data-start=\"2482\" data-end=\"2493\">Poids de la machine :<\/strong> 7200kg<\/li> <li data-start=\"2602\" data-end=\"2657\"><strong data-start=\"2602\" data-end=\"2621\">Mat\u00e9riau de la lame :<\/strong> Acier alli\u00e9 haute r\u00e9sistance Cr12MoV<\/li> <\/ul> <h3 data-start=\"2659\" data-end=\"2840\">Fonction principale<strong data-start=\"2659\" data-end=\"2677\">:<\/strong><\/h3> <p data-start=\"2659\" data-end=\"2840\">Cette machine de d\u00e9coupe de pneus hydraulique traite des pneus surdimensionn\u00e9s qui ont d\u00e9j\u00e0 subi le retrait du fil d'acier. Elle d\u00e9coupe le corps du pneu en bandes pour un broyage et un recyclage ult\u00e9rieurs.<\/p> <h2 data-start=\"2659\" data-end=\"2840\">Principe de fonctionnement du d\u00e9coupeur de pneus usag\u00e9s<\/h2> <p>1. Placez le pneu sur l'\u00e9tabli.<br \/> L'op\u00e9rateur positionne le pneu usag\u00e9 \u00e0 l'endroit d\u00e9sign\u00e9 sur la plateforme de d\u00e9coupe, en s'assurant que le pneu est stable et directement sous l'outil de d\u00e9coupe.<\/p> <p>2. Le syst\u00e8me de transmission hydraulique est activ\u00e9.<br \/> Une fois que l'op\u00e9rateur d\u00e9marre la machine, le syst\u00e8me de pompe hydraulique commence \u00e0 fonctionner, fournissant une source d'\u00e9nergie puissante pour les outils de d\u00e9coupe.<\/p> <p>3. L'outil de coupe hydraulique coupe ensuite le pneu.<br \/> Le syst\u00e8me hydraulique entra\u00eene l'outil de coupe haute r\u00e9sistance pour appuyer verticalement ou horizontalement, d\u00e9coupant la carcasse du pneu en grands morceaux de dimensions sp\u00e9cifi\u00e9es (par exemple, moins de 900 mm) pour un broyage ou un traitement ult\u00e9rieur.<\/p> <p>4. Plusieurs coupes peuvent \u00eatre effectu\u00e9es par segments.<br \/> Pour les pneus OTR plus grands, le processus de d\u00e9coupe est divis\u00e9 en plusieurs segments, chaque coupe \u00e9tant espac\u00e9e d'environ une minute. Cela garantit l'int\u00e9grit\u00e9 structurelle et emp\u00eache la surcharge de l'\u00e9quipement.<\/p> <p class=\"translation-block\">5. Le produit fini est sorti.<br \/> Les morceaux de pneu d\u00e9coup\u00e9s passent \u00e0 l'\u00e9tape suivante <a href=\"https:\/\/recyclingequipinc.com\/fr\/produit\/tire-rubber-shredder-for-sale\/\">de d\u00e9chiquetage<\/a> ou de broyage.<\/p> <h2 data-start=\"3178\" data-end=\"3254\">Application de la machine de d\u00e9coupe de pneus en caoutchouc \u00e0 vendre<\/h2> <p data-start=\"3285\" data-end=\"3340\">Nos machines de d\u00e9coupe de pneus hydrauliques sont largement utilis\u00e9es dans :<\/p> <ul data-start=\"3342\" data-end=\"3509\"> <li data-start=\"3342\" data-end=\"3367\"> <p data-start=\"3344\" data-end=\"3367\">Usines de recyclage de pneus<\/p> <\/li> <li data-start=\"3368\" data-end=\"3396\"> <p data-start=\"3370\" data-end=\"3396\">Centres de gestion des d\u00e9chets<\/p> <\/li> <li data-start=\"3397\" data-end=\"3425\"> <p data-start=\"3399\" data-end=\"3425\">Lignes de granulation de caoutchouc<\/p> <\/li> <li data-start=\"3426\" data-end=\"3458\"> <p data-start=\"3428\" data-end=\"3458\">Stations de traitement de pneus OTR<\/p> <\/li> <li data-start=\"3459\" data-end=\"3509\"> <p data-start=\"3461\" data-end=\"3509\">Pr\u00e9traitement pour pyrolyse ou d\u00e9vulcanisation<\/p> <\/li> <\/ul> <h2 data-start=\"3516\" data-end=\"3558\">Am\u00e9liorez votre ligne de recyclage des pneus aujourd'hui<\/h2> <p data-start=\"3560\" data-end=\"3836\">Les coupeurs de pneus hydrauliques de Shuliy sont con\u00e7us pour r\u00e9pondre aux exigences les plus strictes de l'industrie du recyclage des pneus usag\u00e9s. Que vous traitiez des milliers de petits pneus ou de grands lots de pneus OTR industriels, nos machines garantissent un traitement s\u00fbr, efficace et rentable.<\/p> <p data-start=\"3838\" data-end=\"3946\" class=\"translation-block\">\ud83d\udce9 <strong data-start=\"3841\" data-end=\"3859\">Contactez-nous maintenant<\/strong> pour obtenir un devis, une assistance technique et des solutions personnalis\u00e9es pour vos besoins de coupe de pneus !<\/p>","protected":false},"excerpt":{"rendered":"<p>Vous cherchez un moyen efficace de couper des pneus de voiture ou de pneus OTR ? Les coupe-pneus hydrauliques de Shuliy sont con\u00e7us pour la pr\u00e9cision et la s\u00e9curit\u00e9, prenant en charge des tailles de pneus allant de 900 mm \u00e0 4000 mm. Nos machines offrent des performances exceptionnelles pour le pr\u00e9traitement des pneus dans le recyclage.<\/p>","protected":false},"featured_media":17428,"template":"","meta":{"site-sidebar-layout":"default","site-content-layout":"","ast-site-content-layout":"default","site-content-style":"default","site-sidebar-style":"default","ast-global-header-display":"","ast-banner-title-visibility":"","ast-main-header-display":"","ast-hfb-above-header-display":"","ast-hfb-below-header-display":"","ast-hfb-mobile-header-display":"","site-post-title":"","ast-breadcrumbs-content":"","ast-featured-img":"","footer-sml-layout":"","ast-disable-related-posts":"","theme-transparent-header-meta":"default","adv-header-id-meta":"","stick-header-meta":"","header-above-stick-meta":"","header-main-stick-meta":"","header-below-stick-meta":"","astra-migrate-meta-layouts":"set","ast-page-background-enabled":"default","ast-page-background-meta":{"desktop":{"background-color":"","background-image":"","background-repeat":"repeat","background-position":"center center","background-size":"auto","background-attachment":"scroll","background-type":"","background-media":"","overlay-type":"","overlay-color":"","overlay-opacity":"","overlay-gradient":""},"tablet":{"background-color":"","background-image":"","background-repeat":"repeat","background-position":"center center","background-size":"auto","background-attachment":"scroll","background-type":"","background-media":"","overlay-type":"","overlay-color":"","overlay-opacity":"","overlay-gradient":""},"mobile":{"background-color":"","background-image":"","background-repeat":"repeat","background-position":"center center","background-size":"auto","background-attachment":"scroll","background-type":"","background-media":"","overlay-type":"","overlay-color":"","overlay-opacity":"","overlay-gradient":""}},"ast-content-background-meta":{"desktop":{"background-color":"var(--ast-global-color-5)","background-image":"","background-repeat":"repeat","background-position":"center center","background-size":"auto","background-attachment":"scroll","background-type":"","background-media":"","overlay-type":"","overlay-color":"","overlay-opacity":"","overlay-gradient":""},"tablet":{"background-color":"var(--ast-global-color-5)","background-image":"","background-repeat":"repeat","background-position":"center center","background-size":"auto","background-attachment":"scroll","background-type":"","background-media":"","overlay-type":"","overlay-color":"","overlay-opacity":"","overlay-gradient":""},"mobile":{"background-color":"var(--ast-global-color-5)","background-image":"","background-repeat":"repeat","background-position":"center center","background-size":"auto","background-attachment":"scroll","background-type":"","background-media":"","overlay-type":"","overlay-color":"","overlay-opacity":"","overlay-gradient":""}}},"product_brand":[],"product_cat":[128],"product_tag":[],"class_list":{"0":"post-17417","1":"product","2":"type-product","3":"status-publish","4":"has-post-thumbnail","6":"product_cat-tire-recycling-machine","7":"desktop-align-center","8":"tablet-align-center","9":"mobile-align-center","11":"first","12":"instock","13":"shipping-taxable","14":"product-type-simple"},"_links":{"self":[{"href":"https:\/\/recyclingequipinc.com\/fr\/wp-json\/wp\/v2\/product\/17417","targetHints":{"allow":["GET"]}}],"collection":[{"href":"https:\/\/recyclingequipinc.com\/fr\/wp-json\/wp\/v2\/product"}],"about":[{"href":"https:\/\/recyclingequipinc.com\/fr\/wp-json\/wp\/v2\/types\/product"}],"version-history":[{"count":0,"href":"https:\/\/recyclingequipinc.com\/fr\/wp-json\/wp\/v2\/product\/17417\/revisions"}],"wp:featuredmedia":[{"embeddable":true,"href":"https:\/\/recyclingequipinc.com\/fr\/wp-json\/wp\/v2\/media\/17428"}],"wp:attachment":[{"href":"https:\/\/recyclingequipinc.com\/fr\/wp-json\/wp\/v2\/media?parent=17417"}],"wp:term":[{"taxonomy":"product_brand","embeddable":true,"href":"https:\/\/recyclingequipinc.com\/fr\/wp-json\/wp\/v2\/product_brand?post=17417"},{"taxonomy":"product_cat","embeddable":true,"href":"https:\/\/recyclingequipinc.com\/fr\/wp-json\/wp\/v2\/product_cat?post=17417"},{"taxonomy":"product_tag","embeddable":true,"href":"https:\/\/recyclingequipinc.com\/fr\/wp-json\/wp\/v2\/product_tag?post=17417"}],"curies":[{"name":"wp","href":"https:\/\/api.w.org\/{rel}","templated":true}]}}