{"id":17412,"date":"2025-07-28T14:31:28","date_gmt":"2025-07-28T06:31:28","guid":{"rendered":"https:\/\/recyclingequipinc.com\/?post_type=product&#038;p=17412"},"modified":"2025-07-30T17:13:57","modified_gmt":"2025-07-30T09:13:57","slug":"tire-steel-wire-separator","status":"publish","type":"product","link":"https:\/\/recyclingequipinc.com\/fr\/product\/tire-steel-wire-separator\/","title":{"rendered":"S\u00e9parateur de fil d'acier pour le recyclage de pneus standard et OTR"},"content":{"rendered":"<p>Les pneus usag\u00e9s contiennent de grandes quantit\u00e9s de fil d'acier dur. S'ils sont introduits directement dans un broyeur de pneus sans traitement pr\u00e9alable, ils peuvent facilement endommager l'\u00e9quipement. Shuliy propose deux types de s\u00e9parateurs de fil d'acier pour pneus efficaces, utilis\u00e9s pour les pneus standard (1400 mm), qui s\u00e9parent avec pr\u00e9cision les fils d'acier des d\u00e9chets de pneus, permettant un tri, un recyclage et une r\u00e9utilisation efficaces des ressources.<\/p> <div id='gallery-1' class='gallery galleryid-17412 gallery-columns-3 gallery-size-full'><figure class='gallery-item'> \t\t\t<div class='gallery-icon landscape'> \t\t\t\t<a href='https:\/\/recyclingequipinc.com\/fr\/?attachment_id=17434'><img fetchpriority=\"high\" decoding=\"async\" width=\"720\" height=\"540\" src=\"https:\/\/recyclingequipinc.com\/wp-content\/uploads\/2025\/07\/standard-tire-steel-wire-separator.webp\" class=\"attachment-full size-full\" alt=\"s\u00e9parateur de fil d&#039;acier de pneu standard\" aria-describedby=\"gallery-1-17434\" srcset=\"https:\/\/recyclingequipinc.com\/wp-content\/uploads\/2025\/07\/standard-tire-steel-wire-separator.webp 720w, https:\/\/recyclingequipinc.com\/wp-content\/uploads\/2025\/07\/standard-tire-steel-wire-separator-300x225.webp 300w, https:\/\/recyclingequipinc.com\/wp-content\/uploads\/2025\/07\/standard-tire-steel-wire-separator-16x12.webp 16w\" sizes=\"(max-width: 720px) 100vw, 720px\" \/><\/a> \t\t\t<\/div> \t\t\t\t<figcaption class='wp-caption-text gallery-caption' id='gallery-1-17434'> \t\t\t\ts\u00e9parateur de fil d'acier de pneu standard \t\t\t\t<\/figcaption><\/figure><figure class='gallery-item'> \t\t\t<div class='gallery-icon landscape'> \t\t\t\t<a href='https:\/\/recyclingequipinc.com\/fr\/?attachment_id=17431'><img decoding=\"async\" width=\"720\" height=\"540\" src=\"https:\/\/recyclingequipinc.com\/wp-content\/uploads\/2025\/07\/OTR-tire-steel-wire-separator.webp\" class=\"attachment-full size-full\" alt=\"S\u00e9parateur de fil d&#039;acier pour pneus OTR\" aria-describedby=\"gallery-1-17431\" srcset=\"https:\/\/recyclingequipinc.com\/wp-content\/uploads\/2025\/07\/OTR-tire-steel-wire-separator.webp 720w, https:\/\/recyclingequipinc.com\/wp-content\/uploads\/2025\/07\/OTR-tire-steel-wire-separator-300x225.webp 300w, https:\/\/recyclingequipinc.com\/wp-content\/uploads\/2025\/07\/OTR-tire-steel-wire-separator-16x12.webp 16w\" sizes=\"(max-width: 720px) 100vw, 720px\" \/><\/a> \t\t\t<\/div> \t\t\t\t<figcaption class='wp-caption-text gallery-caption' id='gallery-1-17431'> \t\t\t\tS\u00e9parateur de fil d'acier pour pneus OTR \t\t\t\t<\/figcaption><\/figure> \t\t<\/div>  <h2 data-start=\"641\" data-end=\"680\">Pourquoi avoir besoin d'un s\u00e9parateur de fil d'acier de pneu ?<\/h2> <p data-start=\"562\" data-end=\"710\">Que ce soit pour des pneus standards ou des pneus g\u00e9ants pour le secteur minier, les fils de talon de pneu sont fabriqu\u00e9s en acier \u00e0 haute r\u00e9sistance, int\u00e9gr\u00e9s dans le flanc des pneus pour maintenir leur int\u00e9grit\u00e9 structurelle. Cependant, ces fils peuvent :<\/p> <ul data-start=\"712\" data-end=\"838\"> <li data-start=\"712\" data-end=\"759\"> <p data-start=\"714\" data-end=\"759\" class=\"translation-block\">Dommage <a href=\"https:\/\/recyclingequipinc.com\/fr\/produit\/tire-rubber-shredder-for-sale\/\">\u00e0 des d\u00e9chiqueteurs de pneus<\/a> et des broyeurs de caoutchouc<\/p> <\/li> <li data-start=\"760\" data-end=\"801\"> <p data-start=\"762\" data-end=\"801\">R\u00e9duire la qualit\u00e9 de la poudre de caoutchouc produite.<\/p> <\/li> <li data-start=\"802\" data-end=\"838\"> <p data-start=\"804\" data-end=\"838\">R\u00e9duire l'efficacit\u00e9 du recyclage.<\/p> <\/li> <\/ul> <p data-start=\"873\" data-end=\"913\">Utiliser une machine de retrait de fil de pneu avant le d\u00e9chiquetage aide \u00e0 :<\/p> <ul data-start=\"914\" data-end=\"1144\"> <li data-start=\"914\" data-end=\"968\"> <p data-start=\"916\" data-end=\"968\">Prot\u00e9ger les broyeurs et les d\u00e9chiqueteurs des dommages caus\u00e9s par l'acier.<\/p> <\/li> <li data-start=\"969\" data-end=\"1029\"> <p data-start=\"971\" data-end=\"1029\">Am\u00e9liorer la puret\u00e9 du caoutchouc pour la production de granul\u00e9s ou de poudre.<\/p> <\/li> <li data-start=\"1030\" data-end=\"1082\"> <p data-start=\"1032\" data-end=\"1082\">Activer le recyclage de l'acier et la s\u00e9paration des ressources.<\/p> <\/li> <li data-start=\"1083\" data-end=\"1144\"> <p data-start=\"1085\" data-end=\"1144\">Soutenir le fonctionnement fluide et efficace de la ligne de recyclage des pneus.<\/p> <\/li> <\/ul> <figure id=\"attachment_17433\" aria-describedby=\"caption-attachment-17433\" style=\"width: 720px\" class=\"wp-caption aligncenter\"><img decoding=\"async\" class=\"wp-image-17433 size-full\" src=\"https:\/\/recyclingequipinc.com\/wp-content\/uploads\/2025\/07\/rubber-and-steel-rims-separaton-effect.webp\" alt=\"Effet de s\u00e9paration des jantes en caoutchouc et en acier.\" width=\"720\" height=\"540\" srcset=\"https:\/\/recyclingequipinc.com\/wp-content\/uploads\/2025\/07\/rubber-and-steel-rims-separaton-effect.webp 720w, https:\/\/recyclingequipinc.com\/wp-content\/uploads\/2025\/07\/rubber-and-steel-rims-separaton-effect-300x225.webp 300w, https:\/\/recyclingequipinc.com\/wp-content\/uploads\/2025\/07\/rubber-and-steel-rims-separaton-effect-16x12.webp 16w\" sizes=\"(max-width: 720px) 100vw, 720px\" \/><figcaption id=\"caption-attachment-17433\" class=\"wp-caption-text\">Effet de s\u00e9paration des jantes en caoutchouc et en acier.<\/figcaption><\/figure> <h2 data-start=\"3377\" data-end=\"3470\">Deux types de s\u00e9parateurs de fil d'acier de pneu<\/h2> <h3 data-start=\"1116\" data-end=\"1174\">1. S\u00e9parateur de fil d'acier pour pneus standard (Mod\u00e8le : SWS-100)<\/h3> <p data-start=\"1176\" data-end=\"1388\" class=\"translation-block\">Utilis\u00e9 dans <a href=\"https:\/\/recyclingequipinc.com\/fr\/produit\/waste-tire-recycling-line\/\">des lignes de recyclage semi-automatiques<\/a>, ce mod\u00e8le est id\u00e9al pour traiter les pneus de voitures, de camions et d\u2019autobus dont le diam\u00e8tre atteint <strong data-start=\"1304\" data-end=\"1315\">1200 mm<\/strong>. Il est g\u00e9n\u00e9ralement associ\u00e9 \u00e0 un <strong data-start=\"1345\" data-end=\"1365\">coupe-bord de pneu<\/strong> et \u00e0 un <strong data-start=\"1370\" data-end=\"1387\">d\u00e9chiqueteur de pneu<\/strong>.<\/p> <figure id=\"attachment_17436\" aria-describedby=\"caption-attachment-17436\" style=\"width: 720px\" class=\"wp-caption alignnone\"><img loading=\"lazy\" decoding=\"async\" class=\"wp-image-17436 size-full\" src=\"https:\/\/recyclingequipinc.com\/wp-content\/uploads\/2025\/07\/tire-wire-removal-machine.webp\" alt=\"machine de d\u00e9nudage de fils de pneus\" width=\"720\" height=\"540\" srcset=\"https:\/\/recyclingequipinc.com\/wp-content\/uploads\/2025\/07\/tire-wire-removal-machine.webp 720w, https:\/\/recyclingequipinc.com\/wp-content\/uploads\/2025\/07\/tire-wire-removal-machine-300x225.webp 300w, https:\/\/recyclingequipinc.com\/wp-content\/uploads\/2025\/07\/tire-wire-removal-machine-16x12.webp 16w\" sizes=\"(max-width: 720px) 100vw, 720px\" \/><figcaption id=\"caption-attachment-17436\" class=\"wp-caption-text\">machine de d\u00e9nudage de fils de pneus<\/figcaption><\/figure> <table style=\"width: 100%; height: 318px;\"> <tbody> <tr style=\"height: 53px;\"> <td style=\"height: 53px;\">Mod\u00e8le<\/td> <td style=\"height: 53px;\">S\u00e9parateur de fil d'acier SWS-100<\/td> <\/tr> <tr style=\"height: 53px;\"> <td style=\"height: 53px;\">Puissance du moteur<\/td> <td style=\"height: 53px;\">18,5 kW<\/td> <\/tr> <tr style=\"height: 53px;\"> <td style=\"height: 53px;\">Capacit\u00e9<\/td> <td style=\"height: 53px;\">120 pcs\/h<\/td> <\/tr> <tr style=\"height: 53px;\"> <td style=\"height: 53px;\">Taille de pneu d'entr\u00e9e<\/td> <td style=\"height: 53px;\">\u22641200 mm<\/td> <\/tr> <tr style=\"height: 53px;\"> <td style=\"height: 53px;\">Machine size<\/td> <td style=\"height: 53px;\">2*1,9*1,8 m<\/td> <\/tr> <tr style=\"height: 53px;\"> <td style=\"height: 53px;\">Machine weight<\/td> <td style=\"height: 53px;\">1800 kg<\/td> <\/tr> <\/tbody> <\/table> <h3>2. S\u00e9parateur de fil d'acier pour pneus OTR (pour pneus de 1400 \u00e0 4000 mm)<\/h3> <p class=\"translation-block\">Ce s\u00e9parateur en bague en acier robuste est con\u00e7u pour les pneus OTR (Off-the-Road) utilis\u00e9s dans l\u2019extraction mini\u00e8re, l\u2019agriculture et la construction. Il peut extraire les fils d\u2019acier \u00e9pais des talons des pneus industriels volumineux de mani\u00e8re efficace, et est souvent utilis\u00e9 avec une machine de d\u00e9mant\u00e8lement de pneus et un d\u00e9chiqueteur de pneus.<\/p> <figure id=\"attachment_17432\" aria-describedby=\"caption-attachment-17432\" style=\"width: 720px\" class=\"wp-caption aligncenter\"><img loading=\"lazy\" decoding=\"async\" class=\"wp-image-17432 size-full\" src=\"https:\/\/recyclingequipinc.com\/wp-content\/uploads\/2025\/07\/OTR-tire-wire-removal-machine.webp\" alt=\"machine de retrait de fil de pneu OTR\" width=\"720\" height=\"540\" srcset=\"https:\/\/recyclingequipinc.com\/wp-content\/uploads\/2025\/07\/OTR-tire-wire-removal-machine.webp 720w, https:\/\/recyclingequipinc.com\/wp-content\/uploads\/2025\/07\/OTR-tire-wire-removal-machine-300x225.webp 300w, https:\/\/recyclingequipinc.com\/wp-content\/uploads\/2025\/07\/OTR-tire-wire-removal-machine-16x12.webp 16w\" sizes=\"(max-width: 720px) 100vw, 720px\" \/><figcaption id=\"caption-attachment-17432\" class=\"wp-caption-text\">machine de retrait de fil de pneu OTR<\/figcaption><\/figure> <table> <tbody> <tr> <td>Nom<\/td> <td>Machine de retrait de fil de pneu OTR<\/td> <\/tr> <tr> <td>Puissance du moteur<\/td> <td>35,5 kW<\/td> <\/tr> <tr> <td>Taille de pneu d'entr\u00e9e<\/td> <td>1400\u20134000 mm<\/td> <\/tr> <tr> <td>Sortie<\/td> <td>1 talon \/ 2-5 minutes<\/td> <\/tr> <tr> <td>Dimensions<\/td> <td>3,65*2,1*1,95 m<\/td> <\/tr> <tr> <td>Poids<\/td> <td>6200 kg<\/td> <\/tr> <tr> <td>Emballage<\/td> <td>D\u00e9ball\u00e9 (machine surdimensionn\u00e9e)<\/td> <\/tr> <\/tbody> <\/table> <h2>Caract\u00e9ristiques cl\u00e9s de notre machine \u00e0 retirer le fil de talon de pneu<\/h2> <p data-start=\"2776\" data-end=\"2888\" class=\"translation-block\"><strong data-start=\"2778\" data-end=\"2800\">\u2705 Compatibilit\u00e9 totale<\/strong> :<br data-start=\"2801\" data-end=\"2804\" \/>S'int\u00e8gre parfaitement aux lignes de recyclage de pneus semi-automatiques et aux <a href=\"https:\/\/recyclingequipinc.com\/fr\/produit\/mining-tire-recycling-machine\/\">lignes de recyclage de pneus OTR<\/a>.<\/p> <p data-start=\"2890\" data-end=\"3031\" class=\"translation-block\"><strong data-start=\"2892\" data-end=\"2913\">\u2705 Structure durable<\/strong> :<br data-start=\"2914\" data-end=\"2917\" \/>Fabriqu\u00e9 avec des cadres en acier \u00e9paissi, des mat\u00e9riaux r\u00e9sistants \u00e0 l'usure et des moteurs de qualit\u00e9 industrielle pour une longue dur\u00e9e de vie.<\/p> <p data-start=\"3033\" data-end=\"3136\" class=\"translation-block\"><strong data-start=\"3035\" data-end=\"3054\">\u2705 Haute efficacit\u00e9<\/strong> :<br data-start=\"3055\" data-end=\"3058\" \/>Extrait les fils d'acier rapidement et proprement avec une intervention manuelle minimale.<\/p> <p data-start=\"3138\" data-end=\"3238\" class=\"translation-block\"><strong data-start=\"3140\" data-end=\"3159\">\u2705 Faible entretien<\/strong> :<br data-start=\"3160\" data-end=\"3163\" \/>Structure simple avec des pi\u00e8ces facilement accessibles pour une inspection et une r\u00e9paration rapides.<\/p> <p data-start=\"3240\" data-end=\"3375\" class=\"translation-block\"><strong data-start=\"3242\" data-end=\"3265\">\u2705 Conception personnalisable<\/strong> :<br data-start=\"3266\" data-end=\"3269\" \/>Prise en charge de diff\u00e9rentes tailles de pneus, tensions de fonctionnement et connexions de convoyeurs pour s'adapter \u00e0 la configuration de votre usine.<\/p> <p data-start=\"3377\" data-end=\"3470\" class=\"translation-block\">\u2705 <strong data-start=\"3379\" data-end=\"3397\">Fonctionnement s\u00fbr<\/strong> :<br data-start=\"3398\" data-end=\"3401\" \/>\u00c9quip\u00e9 d'un arr\u00eat d'urgence, de protections de s\u00e9curit\u00e9 et d'une protection contre les surcharges.<\/p> <h2>Applications dans les lignes de production de poudre de caoutchouc<\/h2> <table> <thead> <tr> <th>Type de Machine<\/th> <th>Application<\/th> <th>Fonctionne avec<\/th> <\/tr> <\/thead> <tbody> <tr> <td><strong>S\u00e9parateur de fil d'acier pour pneus standard<\/strong><\/td> <td>Pneus standard (\u22641200 mm)<\/td> <td>Coupe-lat\u00e9ral + broyeur de pneus<\/td> <\/tr> <tr> <td><strong>S\u00e9parateur de fil d'acier pour pneus OTR<\/strong><\/td> <td>Pneus d'ing\u00e9nierie \/ tout-terrain (1400\u20134000 mm)<\/td> <td>D\u00e9manteleur de pneus + broyeur de pneus<\/td> <\/tr> <\/tbody> <\/table> <div id='gallery-2' class='gallery galleryid-17412 gallery-columns-3 gallery-size-full'><figure class='gallery-item'> \t\t\t<div class='gallery-icon landscape'> \t\t\t\t<a href='https:\/\/recyclingequipinc.com\/fr\/?attachment_id=17435'><img loading=\"lazy\" decoding=\"async\" width=\"720\" height=\"540\" src=\"https:\/\/recyclingequipinc.com\/wp-content\/uploads\/2025\/07\/steel-wire-separator-used-in-900-1200-mm-tire-recycling-line.webp\" class=\"attachment-full size-full\" alt=\"s\u00e9parateur de fil d&#039;acier utilis\u00e9 dans une ligne de recyclage de pneus de 900 \u00e0 1200 mm\" aria-describedby=\"gallery-2-17435\" srcset=\"https:\/\/recyclingequipinc.com\/wp-content\/uploads\/2025\/07\/steel-wire-separator-used-in-900-1200-mm-tire-recycling-line.webp 720w, https:\/\/recyclingequipinc.com\/wp-content\/uploads\/2025\/07\/steel-wire-separator-used-in-900-1200-mm-tire-recycling-line-300x225.webp 300w, https:\/\/recyclingequipinc.com\/wp-content\/uploads\/2025\/07\/steel-wire-separator-used-in-900-1200-mm-tire-recycling-line-16x12.webp 16w\" sizes=\"(max-width: 720px) 100vw, 720px\" \/><\/a> \t\t\t<\/div> \t\t\t\t<figcaption class='wp-caption-text gallery-caption' id='gallery-2-17435'> \t\t\t\ts\u00e9parateur de fil d'acier utilis\u00e9 dans une ligne de recyclage de pneus de 900 \u00e0 1200 mm \t\t\t\t<\/figcaption><\/figure><figure class='gallery-item'> \t\t\t<div class='gallery-icon landscape'> \t\t\t\t<a href='https:\/\/recyclingequipinc.com\/fr\/?attachment_id=17430'><img loading=\"lazy\" decoding=\"async\" width=\"720\" height=\"540\" src=\"https:\/\/recyclingequipinc.com\/wp-content\/uploads\/2025\/07\/OTR-tire-bead-wire-remover-machine-in-mining-tire-recycling-line.webp\" class=\"attachment-full size-full\" alt=\"machine \u00e0 enlever le fil de talon de pneu OTR dans une ligne de recyclage de pneus de mining\" aria-describedby=\"gallery-2-17430\" srcset=\"https:\/\/recyclingequipinc.com\/wp-content\/uploads\/2025\/07\/OTR-tire-bead-wire-remover-machine-in-mining-tire-recycling-line.webp 720w, https:\/\/recyclingequipinc.com\/wp-content\/uploads\/2025\/07\/OTR-tire-bead-wire-remover-machine-in-mining-tire-recycling-line-300x225.webp 300w, https:\/\/recyclingequipinc.com\/wp-content\/uploads\/2025\/07\/OTR-tire-bead-wire-remover-machine-in-mining-tire-recycling-line-16x12.webp 16w\" sizes=\"(max-width: 720px) 100vw, 720px\" \/><\/a> \t\t\t<\/div> \t\t\t\t<figcaption class='wp-caption-text gallery-caption' id='gallery-2-17430'> \t\t\t\tmachine \u00e0 enlever le fil de talon de pneu OTR dans une ligne de recyclage de pneus de mining \t\t\t\t<\/figcaption><\/figure> \t\t<\/div>  <h2>Comment fonctionne la machine de retrait de fil de pneu ?<\/h2> <p data-start=\"144\" data-end=\"315\">Le s\u00e9parateur de fil d'acier de pneu est con\u00e7u pour extraire les fils de talon robustes int\u00e9gr\u00e9s dans les flancs des pneus de voiture et de camion usag\u00e9s avant le d\u00e9chiquetage. Voici comment cela fonctionne :<\/p> <ol data-start=\"317\" data-end=\"1105\"> <li data-start=\"317\" data-end=\"500\"> <p data-start=\"320\" data-end=\"500\" class=\"translation-block\"><strong data-start=\"320\" data-end=\"347\">Positionnement Manuel des Pneus<\/strong><br data-start=\"347\" data-end=\"350\" \/>L\u2019op\u00e9rateur place une carcasse de pneu pr\u00e9-coup\u00e9e (g\u00e9n\u00e9ralement apr\u00e8s d\u00e9coupe avec un coupe-pare-pi\u00e8ce ou un d\u00e9coupeur de talon) dans la zone d\u2019alimentation entre les rouleaux.<\/p> <\/li> <li data-start=\"502\" data-end=\"690\"> <p data-start=\"505\" data-end=\"690\" class=\"translation-block\"><strong data-start=\"505\" data-end=\"533\">Traction Puissante par Rouleaux<\/strong><br data-start=\"533\" data-end=\"536\" \/>La machine est \u00e9quip\u00e9e de deux ou trois rouleaux robustes entra\u00een\u00e9s par un moteur puissant (par exemple 18,5 kW). Ces rouleaux agrippent et tirent la carcasse du pneu vers l\u2019int\u00e9rieur.<\/p> <\/li> <li data-start=\"692\" data-end=\"906\"> <p data-start=\"695\" data-end=\"906\" class=\"translation-block\"><strong data-start=\"695\" data-end=\"721\">S\u00e9paration Fil-Caoutchouc<\/strong><br data-start=\"721\" data-end=\"724\" \/>Alors que la carcasse du pneu passe entre les rouleaux, une lame ou encoche de s\u00e9paration sp\u00e9cialement con\u00e7ue applique une pression pour retirer l\u2019anneau en fil d\u2019acier incrust\u00e9 du caoutchouc environnant.<\/p> <\/li> <li data-start=\"908\" data-end=\"1105\"> <p data-start=\"911\" data-end=\"936\" class=\"translation-block\"><strong data-start=\"911\" data-end=\"934\">Collecte s\u00e9par\u00e9e<\/strong><\/p> <ul data-start=\"940\" data-end=\"1105\"> <li data-start=\"940\" data-end=\"1042\"> <p data-start=\"942\" data-end=\"1042\">Le fil d'acier est tir\u00e9 comme une boucle continue ou semi-continue et collect\u00e9 s\u00e9par\u00e9ment.<\/p> <\/li> <li data-start=\"1046\" data-end=\"1105\"> <p data-start=\"1048\" data-end=\"1105\">Les r\u00e9sidus de caoutchouc tombent ou sont enlev\u00e9s manuellement.<\/p> <\/li> <\/ul> <\/li> <\/ol> <h2>Solutions compl\u00e8tes de recyclage des pneus disponibles<\/h2> <p data-start=\"4005\" data-end=\"4068\">Shuliy Machinery fournit des configurations compl\u00e8tes de lignes de recyclage comprenant :<\/p> <ul data-start=\"4070\" data-end=\"4236\"> <li data-start=\"4070\" data-end=\"4104\"> <p data-start=\"4072\" data-end=\"4104\">D\u00e9monte-lat\u00e9raux de pneus \/ Machine de d\u00e9montage de pneus OTR<\/p> <\/li> <li data-start=\"4105\" data-end=\"4143\"> <p data-start=\"4107\" data-end=\"4143\">Broyeur de pneus \u00e0 vendre<\/p> <\/li> <li data-start=\"4144\" data-end=\"4183\"> <p data-start=\"4146\" data-end=\"4183\">S\u00e9parateurs magn\u00e9tiques et granulateurs en caoutchouc<\/p> <\/li> <li data-start=\"4184\" data-end=\"4236\"> <p data-start=\"4186\" data-end=\"4236\">Configurations enti\u00e8rement automatiques ou semi-automatiques<\/p> <\/li> <\/ul> <p data-start=\"4238\" data-end=\"4330\">Besoin d'une configuration personnalis\u00e9e ? Laissez nos ing\u00e9nieurs vous aider \u00e0 adapter la bonne solution pour votre entreprise.<\/p> <p>&nbsp;<\/p>","protected":false},"excerpt":{"rendered":"<p>Le s\u00e9parateur de fil d'acier pour pneus Shuliy permet un retrait de fil propre, efficace et sans dommage\u2014essentiel pour prot\u00e9ger les broyeurs en aval et augmenter la productivit\u00e9 de la ligne de recyclage. Id\u00e9al pour les recycleurs de pneus.<\/p>","protected":false},"featured_media":17431,"template":"","meta":{"site-sidebar-layout":"default","site-content-layout":"","ast-site-content-layout":"default","site-content-style":"default","site-sidebar-style":"default","ast-global-header-display":"","ast-banner-title-visibility":"","ast-main-header-display":"","ast-hfb-above-header-display":"","ast-hfb-below-header-display":"","ast-hfb-mobile-header-display":"","site-post-title":"","ast-breadcrumbs-content":"","ast-featured-img":"","footer-sml-layout":"","ast-disable-related-posts":"","theme-transparent-header-meta":"default","adv-header-id-meta":"","stick-header-meta":"","header-above-stick-meta":"","header-main-stick-meta":"","header-below-stick-meta":"","astra-migrate-meta-layouts":"set","ast-page-background-enabled":"default","ast-page-background-meta":{"desktop":{"background-color":"","background-image":"","background-repeat":"repeat","background-position":"center center","background-size":"auto","background-attachment":"scroll","background-type":"","background-media":"","overlay-type":"","overlay-color":"","overlay-opacity":"","overlay-gradient":""},"tablet":{"background-color":"","background-image":"","background-repeat":"repeat","background-position":"center center","background-size":"auto","background-attachment":"scroll","background-type":"","background-media":"","overlay-type":"","overlay-color":"","overlay-opacity":"","overlay-gradient":""},"mobile":{"background-color":"","background-image":"","background-repeat":"repeat","background-position":"center center","background-size":"auto","background-attachment":"scroll","background-type":"","background-media":"","overlay-type":"","overlay-color":"","overlay-opacity":"","overlay-gradient":""}},"ast-content-background-meta":{"desktop":{"background-color":"var(--ast-global-color-5)","background-image":"","background-repeat":"repeat","background-position":"center center","background-size":"auto","background-attachment":"scroll","background-type":"","background-media":"","overlay-type":"","overlay-color":"","overlay-opacity":"","overlay-gradient":""},"tablet":{"background-color":"var(--ast-global-color-5)","background-image":"","background-repeat":"repeat","background-position":"center center","background-size":"auto","background-attachment":"scroll","background-type":"","background-media":"","overlay-type":"","overlay-color":"","overlay-opacity":"","overlay-gradient":""},"mobile":{"background-color":"var(--ast-global-color-5)","background-image":"","background-repeat":"repeat","background-position":"center center","background-size":"auto","background-attachment":"scroll","background-type":"","background-media":"","overlay-type":"","overlay-color":"","overlay-opacity":"","overlay-gradient":""}}},"product_brand":[],"product_cat":[128],"product_tag":[],"class_list":{"0":"post-17412","1":"product","2":"type-product","3":"status-publish","4":"has-post-thumbnail","6":"product_cat-tire-recycling-machine","7":"desktop-align-center","8":"tablet-align-center","9":"mobile-align-center","11":"first","12":"instock","13":"shipping-taxable","14":"product-type-simple"},"_links":{"self":[{"href":"https:\/\/recyclingequipinc.com\/fr\/wp-json\/wp\/v2\/product\/17412","targetHints":{"allow":["GET"]}}],"collection":[{"href":"https:\/\/recyclingequipinc.com\/fr\/wp-json\/wp\/v2\/product"}],"about":[{"href":"https:\/\/recyclingequipinc.com\/fr\/wp-json\/wp\/v2\/types\/product"}],"version-history":[{"count":0,"href":"https:\/\/recyclingequipinc.com\/fr\/wp-json\/wp\/v2\/product\/17412\/revisions"}],"wp:featuredmedia":[{"embeddable":true,"href":"https:\/\/recyclingequipinc.com\/fr\/wp-json\/wp\/v2\/media\/17431"}],"wp:attachment":[{"href":"https:\/\/recyclingequipinc.com\/fr\/wp-json\/wp\/v2\/media?parent=17412"}],"wp:term":[{"taxonomy":"product_brand","embeddable":true,"href":"https:\/\/recyclingequipinc.com\/fr\/wp-json\/wp\/v2\/product_brand?post=17412"},{"taxonomy":"product_cat","embeddable":true,"href":"https:\/\/recyclingequipinc.com\/fr\/wp-json\/wp\/v2\/product_cat?post=17412"},{"taxonomy":"product_tag","embeddable":true,"href":"https:\/\/recyclingequipinc.com\/fr\/wp-json\/wp\/v2\/product_tag?post=17412"}],"curies":[{"name":"wp","href":"https:\/\/api.w.org\/{rel}","templated":true}]}}