{"id":17387,"date":"2025-07-21T15:40:31","date_gmt":"2025-07-21T07:40:31","guid":{"rendered":"https:\/\/recyclingequipinc.com\/?post_type=product&#038;p=17387"},"modified":"2025-07-21T15:40:31","modified_gmt":"2025-07-21T07:40:31","slug":"tire-rubber-shredder-for-sale","status":"publish","type":"product","link":"https:\/\/recyclingequipinc.com\/fr\/product\/tire-rubber-shredder-for-sale\/","title":{"rendered":"Broyeur de caoutchouc pour pneus \u00e0 vendre | Machine de d\u00e9chiquetage de pneus"},"content":{"rendered":"<p>Alors que les industries automobile et d'ing\u00e9nierie continuent de cro\u00eetre, le besoin de recyclage des pneus augmente. Le broyeur de caoutchouc pour pneus \u00e0 vendre est un \u00e9quipement important pour le recyclage.<br \/> Il broie les pneus us\u00e9s et produit des morceaux de caoutchouc uniformes et petits qui sont faciles \u00e0 broyer, transporter, stocker ou utiliser comme mati\u00e8res premi\u00e8res pour de nouveaux produits en caoutchouc.<\/p> <div id='gallery-1' class='gallery galleryid-17387 gallery-columns-3 gallery-size-full'><figure class='gallery-item'> \t\t\t<div class='gallery-icon landscape'> \t\t\t\t<a href='https:\/\/recyclingequipinc.com\/fr\/?attachment_id=17399'><img fetchpriority=\"high\" decoding=\"async\" width=\"720\" height=\"540\" src=\"https:\/\/recyclingequipinc.com\/wp-content\/uploads\/2025\/07\/industrial-rubber-shredder.webp\" class=\"attachment-full size-full\" alt=\"broyeur de caoutchouc industriel\" aria-describedby=\"gallery-1-17399\" srcset=\"https:\/\/recyclingequipinc.com\/wp-content\/uploads\/2025\/07\/industrial-rubber-shredder.webp 720w, https:\/\/recyclingequipinc.com\/wp-content\/uploads\/2025\/07\/industrial-rubber-shredder-300x225.webp 300w, https:\/\/recyclingequipinc.com\/wp-content\/uploads\/2025\/07\/industrial-rubber-shredder-16x12.webp 16w\" sizes=\"(max-width: 720px) 100vw, 720px\" \/><\/a> \t\t\t<\/div> \t\t\t\t<figcaption class='wp-caption-text gallery-caption' id='gallery-1-17399'> \t\t\t\tbroyeur de caoutchouc industriel \t\t\t\t<\/figcaption><\/figure><figure class='gallery-item'> \t\t\t<div class='gallery-icon landscape'> \t\t\t\t<a href='https:\/\/recyclingequipinc.com\/fr\/?attachment_id=17400'><img decoding=\"async\" width=\"720\" height=\"540\" src=\"https:\/\/recyclingequipinc.com\/wp-content\/uploads\/2025\/07\/rubber-blocks-processed-by-rubber-tire-chipper.webp\" class=\"attachment-full size-full\" alt=\"blocs de caoutchouc trait\u00e9s par broyeur de pneus\" aria-describedby=\"gallery-1-17400\" srcset=\"https:\/\/recyclingequipinc.com\/wp-content\/uploads\/2025\/07\/rubber-blocks-processed-by-rubber-tire-chipper.webp 720w, https:\/\/recyclingequipinc.com\/wp-content\/uploads\/2025\/07\/rubber-blocks-processed-by-rubber-tire-chipper-300x225.webp 300w, https:\/\/recyclingequipinc.com\/wp-content\/uploads\/2025\/07\/rubber-blocks-processed-by-rubber-tire-chipper-16x12.webp 16w\" sizes=\"(max-width: 720px) 100vw, 720px\" \/><\/a> \t\t\t<\/div> \t\t\t\t<figcaption class='wp-caption-text gallery-caption' id='gallery-1-17400'> \t\t\t\tblocs de caoutchouc trait\u00e9s par broyeur de pneus \t\t\t\t<\/figcaption><\/figure> \t\t<\/div>  <h2>Mat\u00e9riaux bruts et production de la machine \u00e0 d\u00e9chiqueter les pneus<\/h2> <p class=\"translation-block\">La d\u00e9chiqueteuse de caoutchouc de pneus Shuliy \u00e0 vendre est disponible en diff\u00e9rents mod\u00e8les et tailles, offrant une flexibilit\u00e9 pour s'adapter \u00e0 diff\u00e9rents besoins de production et applications. La d\u00e9chiqueteuse peut traiter tous les types de pneus, y compris les pneus automobiles, de construction (GOM) et les gros pneus GOM. Les <a href=\"https:\/\/recyclingequipinc.com\/fr\/produit\/rubber-powder-production-line\/\">lignes de production de poudre de caoutchouc automatiques<\/a> et <a href=\"https:\/\/recyclingequipinc.com\/fr\/produit\/waste-tire-recycling-line\/\">semi-automatiques<\/a> peuvent \u00eatre adapt\u00e9es en cons\u00e9quence.<\/p> <p>Le d\u00e9chiqueteur de pneus industriel peut traiter les formes suivantes de mati\u00e8res premi\u00e8res :<\/p> <ul> <li>Pneus entiers (jusqu'\u00e0 1400 mm de diam\u00e8tre)<\/li> <li>Pi\u00e8ces de pneus d\u00e9sint\u00e9gr\u00e9es ou d\u00e9pouill\u00e9es<\/li> <li>Coupez des segments ou des bandes de pneus<\/li> <\/ul> <div id='gallery-2' class='gallery galleryid-17387 gallery-columns-3 gallery-size-full'><figure class='gallery-item'> \t\t\t<div class='gallery-icon landscape'> \t\t\t\t<a href='https:\/\/recyclingequipinc.com\/fr\/?attachment_id=17408'><img decoding=\"async\" width=\"720\" height=\"540\" src=\"https:\/\/recyclingequipinc.com\/wp-content\/uploads\/2025\/07\/whole-tires.webp\" class=\"attachment-full size-full\" alt=\"pneus entiers\" aria-describedby=\"gallery-2-17408\" srcset=\"https:\/\/recyclingequipinc.com\/wp-content\/uploads\/2025\/07\/whole-tires.webp 720w, https:\/\/recyclingequipinc.com\/wp-content\/uploads\/2025\/07\/whole-tires-300x225.webp 300w, https:\/\/recyclingequipinc.com\/wp-content\/uploads\/2025\/07\/whole-tires-16x12.webp 16w\" sizes=\"(max-width: 720px) 100vw, 720px\" \/><\/a> \t\t\t<\/div> \t\t\t\t<figcaption class='wp-caption-text gallery-caption' id='gallery-2-17408'> \t\t\t\tpneus entiers \t\t\t\t<\/figcaption><\/figure><figure class='gallery-item'> \t\t\t<div class='gallery-icon landscape'> \t\t\t\t<a href='https:\/\/recyclingequipinc.com\/fr\/?attachment_id=17398'><img loading=\"lazy\" decoding=\"async\" width=\"720\" height=\"540\" src=\"https:\/\/recyclingequipinc.com\/wp-content\/uploads\/2025\/07\/disintegrated-OTR-tires.webp\" class=\"attachment-full size-full\" alt=\"pneus OTR d\u00e9sint\u00e9gr\u00e9s\" aria-describedby=\"gallery-2-17398\" srcset=\"https:\/\/recyclingequipinc.com\/wp-content\/uploads\/2025\/07\/disintegrated-OTR-tires.webp 720w, https:\/\/recyclingequipinc.com\/wp-content\/uploads\/2025\/07\/disintegrated-OTR-tires-300x225.webp 300w, https:\/\/recyclingequipinc.com\/wp-content\/uploads\/2025\/07\/disintegrated-OTR-tires-16x12.webp 16w\" sizes=\"(max-width: 720px) 100vw, 720px\" \/><\/a> \t\t\t<\/div> \t\t\t\t<figcaption class='wp-caption-text gallery-caption' id='gallery-2-17398'> \t\t\t\tpneus OTR d\u00e9sint\u00e9gr\u00e9s \t\t\t\t<\/figcaption><\/figure> \t\t<\/div>  <p>La taille des morceaux de caoutchouc d\u00e9chiquet\u00e9 peut \u00eatre ajust\u00e9e en changeant l'\u00e9cran. Une plage de sortie typique est de 50 \u00e0 100 mm pour s'adapter \u00e0 diff\u00e9rentes exigences de traitement ult\u00e9rieur.<\/p> <figure id=\"attachment_17407\" aria-describedby=\"caption-attachment-17407\" style=\"width: 720px\" class=\"wp-caption alignnone\"><img loading=\"lazy\" decoding=\"async\" class=\"wp-image-17407 size-full\" src=\"https:\/\/recyclingequipinc.com\/wp-content\/uploads\/2025\/07\/uniform-tire-blocks.webp\" alt=\"blocs de pneus uniformes\" width=\"720\" height=\"540\" srcset=\"https:\/\/recyclingequipinc.com\/wp-content\/uploads\/2025\/07\/uniform-tire-blocks.webp 720w, https:\/\/recyclingequipinc.com\/wp-content\/uploads\/2025\/07\/uniform-tire-blocks-300x225.webp 300w, https:\/\/recyclingequipinc.com\/wp-content\/uploads\/2025\/07\/uniform-tire-blocks-16x12.webp 16w\" sizes=\"(max-width: 720px) 100vw, 720px\" \/><figcaption id=\"caption-attachment-17407\" class=\"wp-caption-text\">blocs de pneus uniformes<\/figcaption><\/figure> <h2>Caract\u00e9ristiques cl\u00e9s du broyeur de caoutchouc \u00e0 vendre<\/h2> <ul> <li data-start=\"78\" data-end=\"181\"> <p data-start=\"81\" data-end=\"181\" class=\"translation-block\"><strong data-start=\"81\" data-end=\"101\">Large application : <\/strong>Convient \u00e0 tous les types de pneus usag\u00e9s, y compris les pneus de voiture, de camion, GOM, etc.<\/p> <\/li> <li data-start=\"182\" data-end=\"280\"> <p data-start=\"185\" data-end=\"280\" class=\"translation-block\"><strong data-start=\"185\" data-end=\"207\">D\u00e9chiquetage puissant : <\/strong>Conception \u00e0 couple \u00e9lev\u00e9 et faible vitesse assurant une performance solide et efficace.<\/p> <\/li> <li data-start=\"281\" data-end=\"368\"> <p data-start=\"284\" data-end=\"368\" class=\"translation-block\"><strong data-start=\"284\" data-end=\"304\">Structure robuste : <\/strong>Ch\u00e2ssis robuste con\u00e7u pour un fonctionnement continu et stable.<\/p> <\/li> <li data-start=\"369\" data-end=\"458\"> <p data-start=\"372\" data-end=\"458\" class=\"translation-block\"><strong data-start=\"372\" data-end=\"390\">Sortie uniforme : <\/strong>Blocs de caoutchouc propres et de taille uniforme, id\u00e9aux pour un traitement ult\u00e9rieur.<\/p> <\/li> <li data-start=\"459\" data-end=\"570\"> <p data-start=\"462\" data-end=\"570\" class=\"translation-block\"><strong data-start=\"462\" data-end=\"483\">\u00c9cran r\u00e9glable : <\/strong>Taille de sortie r\u00e9glable (g\u00e9n\u00e9ralement 50\u2013100 mm) ; l'\u00e9cran est facile \u00e0 remplacer et \u00e0 entretenir.<\/p> <\/li> <li data-start=\"571\" data-end=\"676\"> <p data-start=\"574\" data-end=\"676\" class=\"translation-block\"><strong data-start=\"574\" data-end=\"598\">Service apr\u00e8s-vente fiable : <\/strong>Garantie fournie avec installation sur site et support technique en option.<\/p> <\/li> <\/ul> <div id='gallery-3' class='gallery galleryid-17387 gallery-columns-3 gallery-size-full'><figure class='gallery-item'> \t\t\t<div class='gallery-icon landscape'> \t\t\t\t<a href='https:\/\/recyclingequipinc.com\/fr\/?attachment_id=17405'><img loading=\"lazy\" decoding=\"async\" width=\"720\" height=\"540\" src=\"https:\/\/recyclingequipinc.com\/wp-content\/uploads\/2025\/07\/tire-shredding-machine-screens.webp\" class=\"attachment-full size-full\" alt=\"\u00e9crans de machine \u00e0 d\u00e9chirer les pneus\" aria-describedby=\"gallery-3-17405\" srcset=\"https:\/\/recyclingequipinc.com\/wp-content\/uploads\/2025\/07\/tire-shredding-machine-screens.webp 720w, https:\/\/recyclingequipinc.com\/wp-content\/uploads\/2025\/07\/tire-shredding-machine-screens-300x225.webp 300w, https:\/\/recyclingequipinc.com\/wp-content\/uploads\/2025\/07\/tire-shredding-machine-screens-16x12.webp 16w\" sizes=\"(max-width: 720px) 100vw, 720px\" \/><\/a> \t\t\t<\/div> \t\t\t\t<figcaption class='wp-caption-text gallery-caption' id='gallery-3-17405'> \t\t\t\t\u00e9crans de machine \u00e0 d\u00e9chirer les pneus \t\t\t\t<\/figcaption><\/figure><figure class='gallery-item'> \t\t\t<div class='gallery-icon landscape'> \t\t\t\t<a href='https:\/\/recyclingequipinc.com\/fr\/?attachment_id=17397'><img loading=\"lazy\" decoding=\"async\" width=\"720\" height=\"540\" src=\"https:\/\/recyclingequipinc.com\/wp-content\/uploads\/2025\/07\/blades-of-tire-rubber-shredders.webp\" class=\"attachment-full size-full\" alt=\"lames de d\u00e9chiqueteuses de caoutchouc de pneus\" aria-describedby=\"gallery-3-17397\" srcset=\"https:\/\/recyclingequipinc.com\/wp-content\/uploads\/2025\/07\/blades-of-tire-rubber-shredders.webp 720w, https:\/\/recyclingequipinc.com\/wp-content\/uploads\/2025\/07\/blades-of-tire-rubber-shredders-300x225.webp 300w, https:\/\/recyclingequipinc.com\/wp-content\/uploads\/2025\/07\/blades-of-tire-rubber-shredders-16x12.webp 16w\" sizes=\"(max-width: 720px) 100vw, 720px\" \/><\/a> \t\t\t<\/div> \t\t\t\t<figcaption class='wp-caption-text gallery-caption' id='gallery-3-17397'> \t\t\t\tlames de d\u00e9chiqueteuses de caoutchouc de pneus \t\t\t\t<\/figcaption><\/figure> \t\t<\/div>  <h2>Liste des machines de d\u00e9chiquetage de caoutchouc<\/h2> <p>Un broyeur de pneus usag\u00e9s professionnel con\u00e7u pour couper tous les types de pneus en blocs de caoutchouc uniformes (50\u2013100 mm), id\u00e9al pour le recyclage, le broyage ou l'utilisation comme combustible alternatif. Ces broyeurs de pneus sont disponibles en plusieurs mod\u00e8les pour r\u00e9pondre \u00e0 vos besoins de production.<\/p> <table> <thead> <tr> <th><strong>Mod\u00e8le<\/strong><\/th> <th><strong>SL-900<\/strong><\/th> <th><strong>SL-1000<\/strong><\/th> <th><strong>SL-1200<\/strong><\/th> <th><strong>SL-1500<\/strong><\/th> <th><strong>SL-1800<\/strong><\/th> <\/tr> <\/thead> <tbody> <tr> <td><strong>Capacit\u00e9<\/strong><\/td> <td>2 tonnes\/h<\/td> <td>4 tonnes\/h<\/td> <td>5\u20136 tonnes\/h<\/td> <td>8\u201310 tonnes\/h<\/td> <td>15\u201320 tonnes\/h<\/td> <\/tr> <tr> <td><strong>Taille d'entr\u00e9e<\/strong><\/td> <td>\u2264900 mm<\/td> <td>\u22641000 mm<\/td> <td>\u22641200 mm<\/td> <td>\u22641200 mm<\/td> <td>\u22641400 mm<\/td> <\/tr> <tr> <td><strong>Taille de sortie<\/strong><\/td> <td>50 mm<\/td> <td>60 mm<\/td> <td>60 mm<\/td> <td>75 mm<\/td> <td>100 mm<\/td> <\/tr> <tr> <td><strong>Puissance du moteur<\/strong><\/td> <td>64,5 kW<\/td> <td>94,5 kW<\/td> <td>157 kW<\/td> <td>188,5 kW<\/td> <td>328,5 kW<\/td> <\/tr> <tr> <td><strong>Sp\u00e9cifications de la lame<\/strong><\/td> <td>360 mm \u00d8 \/ 50 mm d'\u00e9paisseur \/ 16 pcs<\/td> <td>440 mm \u00d8 \/ 50 mm d'\u00e9paisseur \/ 16 pcs<\/td> <td>510 mm \u00d8 \/ 60 mm d'\u00e9paisseur \/ 18 pcs<\/td> <td>580 mm \u00d8 \/ 75 mm d'\u00e9paisseur \/ 20 pcs<\/td> <td>650 mm \u00d8 \/ 100 mm d'\u00e9paisseur \/ 18 pcs<\/td> <\/tr> <tr> <td><strong>Poids de la machine<\/strong><\/td> <td>10 tonnes<\/td> <td>13 tonnes<\/td> <td>15,8 tonnes<\/td> <td>18,6 tonnes<\/td> <td>26 tonnes<\/td> <\/tr> <tr> <td><strong>Empreinte<\/strong><\/td> <td>9*5*2,8 m<\/td> <td>10*6*3.2 m<\/td> <td>10*6*3.2 m<\/td> <td>20*10*3,5 m<\/td> <td>20*12*4 m<\/td> <\/tr> <tr> <td><strong>Taille du convoyeur<\/strong><\/td> <td>7200*950 mm<\/td> <td>7200*1150 mm<\/td> <td>7200*1350 mm<\/td> <td>7200*1350 mm<\/td> <td>7200*1550 mm<\/td> <\/tr> <tr> <td><strong>Mat\u00e9riau de la lame<\/strong><\/td> <td>Composite en acier alli\u00e9<\/td> <td>Composite en acier alli\u00e9<\/td> <td>Composite en acier alli\u00e9<\/td> <td>Composite en acier alli\u00e9<\/td> <td>Composite en acier alli\u00e9<\/td> <\/tr> <\/tbody> <\/table> <div id='gallery-4' class='gallery galleryid-17387 gallery-columns-3 gallery-size-full'><figure class='gallery-item'> \t\t\t<div class='gallery-icon landscape'> \t\t\t\t<a href='https:\/\/recyclingequipinc.com\/fr\/?attachment_id=17404'><img loading=\"lazy\" decoding=\"async\" width=\"720\" height=\"540\" src=\"https:\/\/recyclingequipinc.com\/wp-content\/uploads\/2025\/07\/tire-rubber-shredder-for-sale.webp\" class=\"attachment-full size-full\" alt=\"broyeur de caoutchouc \u00e0 pneus \u00e0 vendre\" aria-describedby=\"gallery-4-17404\" srcset=\"https:\/\/recyclingequipinc.com\/wp-content\/uploads\/2025\/07\/tire-rubber-shredder-for-sale.webp 720w, https:\/\/recyclingequipinc.com\/wp-content\/uploads\/2025\/07\/tire-rubber-shredder-for-sale-300x225.webp 300w, https:\/\/recyclingequipinc.com\/wp-content\/uploads\/2025\/07\/tire-rubber-shredder-for-sale-16x12.webp 16w\" sizes=\"(max-width: 720px) 100vw, 720px\" \/><\/a> \t\t\t<\/div> \t\t\t\t<figcaption class='wp-caption-text gallery-caption' id='gallery-4-17404'> \t\t\t\tbroyeur de caoutchouc \u00e0 pneus \u00e0 vendre \t\t\t\t<\/figcaption><\/figure><figure class='gallery-item'> \t\t\t<div class='gallery-icon landscape'> \t\t\t\t<a href='https:\/\/recyclingequipinc.com\/fr\/?attachment_id=17402'><img loading=\"lazy\" decoding=\"async\" width=\"720\" height=\"534\" src=\"https:\/\/recyclingequipinc.com\/wp-content\/uploads\/2025\/07\/rubber-shredding-machine.webp\" class=\"attachment-full size-full\" alt=\"machine \u00e0 d\u00e9chiqueter le caoutchouc\" aria-describedby=\"gallery-4-17402\" srcset=\"https:\/\/recyclingequipinc.com\/wp-content\/uploads\/2025\/07\/rubber-shredding-machine.webp 720w, https:\/\/recyclingequipinc.com\/wp-content\/uploads\/2025\/07\/rubber-shredding-machine-300x223.webp 300w, https:\/\/recyclingequipinc.com\/wp-content\/uploads\/2025\/07\/rubber-shredding-machine-16x12.webp 16w\" sizes=\"(max-width: 720px) 100vw, 720px\" \/><\/a> \t\t\t<\/div> \t\t\t\t<figcaption class='wp-caption-text gallery-caption' id='gallery-4-17402'> \t\t\t\tmachine \u00e0 d\u00e9chiqueter le caoutchouc \t\t\t\t<\/figcaption><\/figure><figure class='gallery-item'> \t\t\t<div class='gallery-icon landscape'> \t\t\t\t<a href='https:\/\/recyclingequipinc.com\/fr\/?attachment_id=17401'><img loading=\"lazy\" decoding=\"async\" width=\"720\" height=\"540\" src=\"https:\/\/recyclingequipinc.com\/wp-content\/uploads\/2025\/07\/rubber-shredder-for-sale.webp\" class=\"attachment-full size-full\" alt=\"d\u00e9chiqueteuse de caoutchouc \u00e0 vendre\" aria-describedby=\"gallery-4-17401\" srcset=\"https:\/\/recyclingequipinc.com\/wp-content\/uploads\/2025\/07\/rubber-shredder-for-sale.webp 720w, https:\/\/recyclingequipinc.com\/wp-content\/uploads\/2025\/07\/rubber-shredder-for-sale-300x225.webp 300w, https:\/\/recyclingequipinc.com\/wp-content\/uploads\/2025\/07\/rubber-shredder-for-sale-16x12.webp 16w\" sizes=\"(max-width: 720px) 100vw, 720px\" \/><\/a> \t\t\t<\/div> \t\t\t\t<figcaption class='wp-caption-text gallery-caption' id='gallery-4-17401'> \t\t\t\td\u00e9chiqueteuse de caoutchouc \u00e0 vendre \t\t\t\t<\/figcaption><\/figure> \t\t<\/div>  <h2>Principe de fonctionnement de la machine \u00e0 d\u00e9chiqueter les pneus \u00e0 vendre<\/h2> <p data-start=\"243\" data-end=\"443\">Ce broyeur de caoutchouc \u00e0 vendre adopte un design de cisaillement \u00e0 double arbre pour d\u00e9composer efficacement les pneus usag\u00e9s. Une caract\u00e9ristique cl\u00e9 est son tamis rotatif externe : les mat\u00e9riaux surdimensionn\u00e9s qui ne r\u00e9pondent pas \u00e0 la taille de sortie d\u00e9finie seront renvoy\u00e9s dans la tr\u00e9mie et broy\u00e9s \u00e0 nouveau, garantissant une granulom\u00e9trie constante et minimisant la manipulation manuelle.<\/p> <p data-start=\"671\" data-end=\"1056\" class=\"translation-block\">Entra\u00een\u00e9e par un <strong data-start=\"683\" data-end=\"715\">moteur \u00e0 faible vitesse et couple \u00e9lev\u00e9<\/strong>, la machine offre une force de coupe puissante, une usure r\u00e9duite et une longue dur\u00e9e de vie. Cette conception la rend id\u00e9ale pour les syst\u00e8mes de d\u00e9chiquetage de pneus usag\u00e9s, le recyclage industriel du caoutchouc et le d\u00e9marrage ou l'expansion d'une entreprise de d\u00e9chiquetage de pneus. Elle peut \u00e9galement fonctionner en combinaison avec des granulateurs de pneus pour une r\u00e9duction de taille suppl\u00e9mentaire.<\/p> <figure id=\"attachment_17406\" aria-describedby=\"caption-attachment-17406\" style=\"width: 720px\" class=\"wp-caption alignnone\"><img loading=\"lazy\" decoding=\"async\" class=\"wp-image-17406 size-full\" src=\"https:\/\/recyclingequipinc.com\/wp-content\/uploads\/2025\/07\/tires-fed-into-the-tyre-crusher.webp\" alt=\"pneus aliment\u00e9s dans le broyeur \u00e0 pneus\" width=\"720\" height=\"540\" srcset=\"https:\/\/recyclingequipinc.com\/wp-content\/uploads\/2025\/07\/tires-fed-into-the-tyre-crusher.webp 720w, https:\/\/recyclingequipinc.com\/wp-content\/uploads\/2025\/07\/tires-fed-into-the-tyre-crusher-300x225.webp 300w, https:\/\/recyclingequipinc.com\/wp-content\/uploads\/2025\/07\/tires-fed-into-the-tyre-crusher-16x12.webp 16w\" sizes=\"(max-width: 720px) 100vw, 720px\" \/><figcaption id=\"caption-attachment-17406\" class=\"wp-caption-text\">pneus aliment\u00e9s dans le broyeur \u00e0 pneus<\/figcaption><\/figure> <h2 data-start=\"75\" data-end=\"118\">Commencez \u00e0 tirer profit des d\u00e9chets de pneus d\u00e8s aujourd'hui<\/h2> <p data-start=\"119\" data-end=\"331\">Nos d\u00e9chiqueteuses de pneus en caoutchouc avanc\u00e9es vous aident \u00e0 transformer les pneus usag\u00e9s en mat\u00e9riaux pr\u00e9cieux avec facilit\u00e9 et efficacit\u00e9. Contactez notre \u00e9quipe d'experts via WhatsApp : +86 17303831295 pour une consultation gratuite et un devis de machine !<\/p>","protected":false},"excerpt":{"rendered":"<p>Shuliy propose une large gamme de d\u00e9chiqueteuses de pneus en caoutchouc avec une capacit\u00e9 de 2 \u00e0 20 t\/h pour un d\u00e9chiquetage puissant des pneus usag\u00e9s et du caoutchouc. La taille des blocs de caoutchouc en sortie est r\u00e9glable dans une plage de 50 \u00e0 100 mm gr\u00e2ce \u00e0 l'enveloppe de l'\u00e9cran.<\/p>","protected":false},"featured_media":17403,"template":"","meta":{"site-sidebar-layout":"default","site-content-layout":"","ast-site-content-layout":"default","site-content-style":"default","site-sidebar-style":"default","ast-global-header-display":"","ast-banner-title-visibility":"","ast-main-header-display":"","ast-hfb-above-header-display":"","ast-hfb-below-header-display":"","ast-hfb-mobile-header-display":"","site-post-title":"","ast-breadcrumbs-content":"","ast-featured-img":"","footer-sml-layout":"","ast-disable-related-posts":"","theme-transparent-header-meta":"default","adv-header-id-meta":"","stick-header-meta":"","header-above-stick-meta":"","header-main-stick-meta":"","header-below-stick-meta":"","astra-migrate-meta-layouts":"set","ast-page-background-enabled":"default","ast-page-background-meta":{"desktop":{"background-color":"","background-image":"","background-repeat":"repeat","background-position":"center center","background-size":"auto","background-attachment":"scroll","background-type":"","background-media":"","overlay-type":"","overlay-color":"","overlay-opacity":"","overlay-gradient":""},"tablet":{"background-color":"","background-image":"","background-repeat":"repeat","background-position":"center center","background-size":"auto","background-attachment":"scroll","background-type":"","background-media":"","overlay-type":"","overlay-color":"","overlay-opacity":"","overlay-gradient":""},"mobile":{"background-color":"","background-image":"","background-repeat":"repeat","background-position":"center center","background-size":"auto","background-attachment":"scroll","background-type":"","background-media":"","overlay-type":"","overlay-color":"","overlay-opacity":"","overlay-gradient":""}},"ast-content-background-meta":{"desktop":{"background-color":"var(--ast-global-color-5)","background-image":"","background-repeat":"repeat","background-position":"center center","background-size":"auto","background-attachment":"scroll","background-type":"","background-media":"","overlay-type":"","overlay-color":"","overlay-opacity":"","overlay-gradient":""},"tablet":{"background-color":"var(--ast-global-color-5)","background-image":"","background-repeat":"repeat","background-position":"center center","background-size":"auto","background-attachment":"scroll","background-type":"","background-media":"","overlay-type":"","overlay-color":"","overlay-opacity":"","overlay-gradient":""},"mobile":{"background-color":"var(--ast-global-color-5)","background-image":"","background-repeat":"repeat","background-position":"center center","background-size":"auto","background-attachment":"scroll","background-type":"","background-media":"","overlay-type":"","overlay-color":"","overlay-opacity":"","overlay-gradient":""}}},"product_brand":[],"product_cat":[128],"product_tag":[],"class_list":{"0":"post-17387","1":"product","2":"type-product","3":"status-publish","4":"has-post-thumbnail","6":"product_cat-tire-recycling-machine","7":"desktop-align-center","8":"tablet-align-center","9":"mobile-align-center","11":"first","12":"instock","13":"shipping-taxable","14":"product-type-simple"},"_links":{"self":[{"href":"https:\/\/recyclingequipinc.com\/fr\/wp-json\/wp\/v2\/product\/17387","targetHints":{"allow":["GET"]}}],"collection":[{"href":"https:\/\/recyclingequipinc.com\/fr\/wp-json\/wp\/v2\/product"}],"about":[{"href":"https:\/\/recyclingequipinc.com\/fr\/wp-json\/wp\/v2\/types\/product"}],"version-history":[{"count":0,"href":"https:\/\/recyclingequipinc.com\/fr\/wp-json\/wp\/v2\/product\/17387\/revisions"}],"wp:featuredmedia":[{"embeddable":true,"href":"https:\/\/recyclingequipinc.com\/fr\/wp-json\/wp\/v2\/media\/17403"}],"wp:attachment":[{"href":"https:\/\/recyclingequipinc.com\/fr\/wp-json\/wp\/v2\/media?parent=17387"}],"wp:term":[{"taxonomy":"product_brand","embeddable":true,"href":"https:\/\/recyclingequipinc.com\/fr\/wp-json\/wp\/v2\/product_brand?post=17387"},{"taxonomy":"product_cat","embeddable":true,"href":"https:\/\/recyclingequipinc.com\/fr\/wp-json\/wp\/v2\/product_cat?post=17387"},{"taxonomy":"product_tag","embeddable":true,"href":"https:\/\/recyclingequipinc.com\/fr\/wp-json\/wp\/v2\/product_tag?post=17387"}],"curies":[{"name":"wp","href":"https:\/\/api.w.org\/{rel}","templated":true}]}}