{"id":17366,"date":"2025-07-07T14:33:25","date_gmt":"2025-07-07T06:33:25","guid":{"rendered":"https:\/\/recyclingequipinc.com\/?post_type=product&#038;p=17366"},"modified":"2025-07-07T14:33:25","modified_gmt":"2025-07-07T06:33:25","slug":"plastic-bag-shredder","status":"publish","type":"product","link":"https:\/\/recyclingequipinc.com\/fr\/product\/plastic-bag-shredder\/","title":{"rendered":"Broyeur de sacs en plastique pour le recyclage des d\u00e9chets plastiques souples"},"content":{"rendered":"<p>Dans l'industrie florissante du recyclage des plastiques, disposer du bon \u00e9quipement peut am\u00e9liorer consid\u00e9rablement votre efficacit\u00e9 et la qualit\u00e9 de votre production. Notre broyeur de sacs en plastique est une machine haute performance sp\u00e9cialement con\u00e7ue pour d\u00e9chiqueter tous les types de films et sacs en plastique souple, y compris le LDPE, le HDPE et d'autres mat\u00e9riaux d'emballage flexibles. Que vous traitiez des d\u00e9chets post-consommation ou des chutes de films industriels, ce broyeur offre une solution puissante et fiable.<\/p> <h2>Qu'est-ce qu'un broyeur de sacs en plastique ?<\/h2> <p data-start=\"793\" data-end=\"1114\">Un broyeur de sacs en plastique est une machine qui r\u00e9duit la taille des sacs en plastique en morceaux plus petits et uniformes, adapt\u00e9s pour le lavage, le s\u00e9chage et le recyclage ult\u00e9rieur. C'est une partie cruciale de toute ligne de recyclage de films plastiques, en particulier pour les mat\u00e9riaux souples et l\u00e9gers qui sont difficiles \u00e0 traiter avec des broyeurs conventionnels.<\/p> <p data-start=\"1116\" data-end=\"1139\">Notre machine peut traiter :<\/p> <ul data-start=\"1140\" data-end=\"1329\"> <li data-start=\"1140\" data-end=\"1171\"> <p data-start=\"1142\" data-end=\"1171\">Des sacs de shopping en LDPE et HDPE<\/p> <\/li> <li data-start=\"1172\" data-end=\"1205\"> <p data-start=\"1174\" data-end=\"1205\">Des sacs poubelle et des doublures de d\u00e9chets<\/p> <\/li> <li data-start=\"1206\" data-end=\"1234\"> <p data-start=\"1208\" data-end=\"1234\">Des films \u00e9tirables industriels<\/p> <\/li> <li data-start=\"1235\" data-end=\"1280\"> <p data-start=\"1237\" data-end=\"1280\">Films d'emballage alimentaire et emballages en plastique<\/p> <\/li> <li data-start=\"1281\" data-end=\"1329\"> <p data-start=\"1283\" data-end=\"1329\">Films de paillage agricole et couvertures de serre<\/p> <\/li> <\/ul> <div id='gallery-1' class='gallery galleryid-17366 gallery-columns-3 gallery-size-full'><figure class='gallery-item'> \t\t\t<div class='gallery-icon landscape'> \t\t\t\t<a href='https:\/\/recyclingequipinc.com\/fr\/?attachment_id=17380'><img fetchpriority=\"high\" decoding=\"async\" width=\"740\" height=\"540\" src=\"https:\/\/recyclingequipinc.com\/wp-content\/uploads\/2025\/07\/woven-bags.webp\" class=\"attachment-full size-full\" alt=\"sacs tiss\u00e9s\" aria-describedby=\"gallery-1-17380\" srcset=\"https:\/\/recyclingequipinc.com\/wp-content\/uploads\/2025\/07\/woven-bags.webp 740w, https:\/\/recyclingequipinc.com\/wp-content\/uploads\/2025\/07\/woven-bags-300x219.webp 300w, https:\/\/recyclingequipinc.com\/wp-content\/uploads\/2025\/07\/woven-bags-16x12.webp 16w\" sizes=\"(max-width: 740px) 100vw, 740px\" \/><\/a> \t\t\t<\/div> \t\t\t\t<figcaption class='wp-caption-text gallery-caption' id='gallery-1-17380'> \t\t\t\tsacs tiss\u00e9s \t\t\t\t<\/figcaption><\/figure><figure class='gallery-item'> \t\t\t<div class='gallery-icon landscape'> \t\t\t\t<a href='https:\/\/recyclingequipinc.com\/fr\/?attachment_id=17372'><img decoding=\"async\" width=\"720\" height=\"540\" src=\"https:\/\/recyclingequipinc.com\/wp-content\/uploads\/2025\/07\/packaging-PE-films.webp\" class=\"attachment-full size-full\" alt=\"Films PE d&#039;emballage\" aria-describedby=\"gallery-1-17372\" srcset=\"https:\/\/recyclingequipinc.com\/wp-content\/uploads\/2025\/07\/packaging-PE-films.webp 720w, https:\/\/recyclingequipinc.com\/wp-content\/uploads\/2025\/07\/packaging-PE-films-300x225.webp 300w, https:\/\/recyclingequipinc.com\/wp-content\/uploads\/2025\/07\/packaging-PE-films-16x12.webp 16w\" sizes=\"(max-width: 720px) 100vw, 720px\" \/><\/a> \t\t\t<\/div> \t\t\t\t<figcaption class='wp-caption-text gallery-caption' id='gallery-1-17372'> \t\t\t\tFilms PE d'emballage \t\t\t\t<\/figcaption><\/figure><figure class='gallery-item'> \t\t\t<div class='gallery-icon landscape'> \t\t\t\t<a href='https:\/\/recyclingequipinc.com\/fr\/?attachment_id=17369'><img decoding=\"async\" width=\"720\" height=\"540\" src=\"https:\/\/recyclingequipinc.com\/wp-content\/uploads\/2025\/07\/agricultural-film.webp\" class=\"attachment-full size-full\" alt=\"Film agricole\" aria-describedby=\"gallery-1-17369\" srcset=\"https:\/\/recyclingequipinc.com\/wp-content\/uploads\/2025\/07\/agricultural-film.webp 720w, https:\/\/recyclingequipinc.com\/wp-content\/uploads\/2025\/07\/agricultural-film-300x225.webp 300w, https:\/\/recyclingequipinc.com\/wp-content\/uploads\/2025\/07\/agricultural-film-16x12.webp 16w\" sizes=\"(max-width: 720px) 100vw, 720px\" \/><\/a> \t\t\t<\/div> \t\t\t\t<figcaption class='wp-caption-text gallery-caption' id='gallery-1-17369'> \t\t\t\tFilm agricole \t\t\t\t<\/figcaption><\/figure> \t\t<\/div>  <h3 data-start=\"1336\" data-end=\"1393\">Caract\u00e9ristiques cl\u00e9s de notre broyeur et d\u00e9chiqueteuse de sacs en plastique<\/h3> <ul data-start=\"1395\" data-end=\"2004\"> <li data-start=\"1395\" data-end=\"1545\"> <p data-start=\"1397\" data-end=\"1545\" class=\"translation-block\"><strong data-start=\"1397\" data-end=\"1431\">Syst\u00e8me de coupe \u00e0 haute efficacit\u00e9<\/strong> : \u00c9quip\u00e9 de lames rotatives \u00e0 grande vitesse et de couteaux fixes, permettant une r\u00e9duction de taille constante des plastiques souples.<\/p> <\/li> <li data-start=\"1546\" data-end=\"1676\"> <p data-start=\"1548\" data-end=\"1676\" class=\"translation-block\"><strong data-start=\"1548\" data-end=\"1571\">Conception anti-enroulement<\/strong> : Optimis\u00e9e pour les films minces et flexibles qui ont tendance \u00e0 s'enrouler autour des arbres, parfaite pour les sacs et les films d'emballage.<\/p> <\/li> <li data-start=\"1677\" data-end=\"1775\"> <p data-start=\"1679\" data-end=\"1775\" class=\"translation-block\"><strong data-start=\"1679\" data-end=\"1699\">Structure robuste<\/strong> : Fabriqu\u00e9e en acier r\u00e9sistant \u00e0 l'usure pour garantir durabilit\u00e9 et longue dur\u00e9e de vie.<\/p> <\/li> <li data-start=\"1776\" data-end=\"1882\"> <p data-start=\"1778\" data-end=\"1882\" class=\"translation-block\"><strong data-start=\"1778\" data-end=\"1807\">Tailles d'\u00e9cran personnalisables<\/strong> : Permet des tailles de sortie r\u00e9glables en fonction de vos besoins en aval.<\/p> <\/li> <li data-start=\"1883\" data-end=\"2004\"> <p data-start=\"1885\" data-end=\"2004\" class=\"translation-block\"><strong data-start=\"1885\" data-end=\"1924\">Syst\u00e8me de convoyeur et de soufflerie en option<\/strong> : Permet l'alimentation et la d\u00e9charge automatis\u00e9es, id\u00e9al pour les lignes de recyclage int\u00e9gr\u00e9es.<\/p> <\/li> <\/ul> <div id='gallery-2' class='gallery galleryid-17366 gallery-columns-3 gallery-size-full'><figure class='gallery-item'> \t\t\t<div class='gallery-icon landscape'> \t\t\t\t<a href='https:\/\/recyclingequipinc.com\/fr\/?attachment_id=17376'><img loading=\"lazy\" decoding=\"async\" width=\"720\" height=\"540\" src=\"https:\/\/recyclingequipinc.com\/wp-content\/uploads\/2025\/07\/plastic-film-crusher-blades.webp\" class=\"attachment-full size-full\" alt=\"Lames de broyeur \u00e0 film plastique\" aria-describedby=\"gallery-2-17376\" srcset=\"https:\/\/recyclingequipinc.com\/wp-content\/uploads\/2025\/07\/plastic-film-crusher-blades.webp 720w, https:\/\/recyclingequipinc.com\/wp-content\/uploads\/2025\/07\/plastic-film-crusher-blades-300x225.webp 300w, https:\/\/recyclingequipinc.com\/wp-content\/uploads\/2025\/07\/plastic-film-crusher-blades-16x12.webp 16w\" sizes=\"(max-width: 720px) 100vw, 720px\" \/><\/a> \t\t\t<\/div> \t\t\t\t<figcaption class='wp-caption-text gallery-caption' id='gallery-2-17376'> \t\t\t\tLames de broyeur \u00e0 film plastique \t\t\t\t<\/figcaption><\/figure><figure class='gallery-item'> \t\t\t<div class='gallery-icon landscape'> \t\t\t\t<a href='https:\/\/recyclingequipinc.com\/fr\/?attachment_id=17377'><img loading=\"lazy\" decoding=\"async\" width=\"720\" height=\"540\" src=\"https:\/\/recyclingequipinc.com\/wp-content\/uploads\/2025\/07\/screen-of-the-plastic-film-shredder.webp\" class=\"attachment-full size-full\" alt=\"\u00e9cran du broyeur de film plastique\" aria-describedby=\"gallery-2-17377\" srcset=\"https:\/\/recyclingequipinc.com\/wp-content\/uploads\/2025\/07\/screen-of-the-plastic-film-shredder.webp 720w, https:\/\/recyclingequipinc.com\/wp-content\/uploads\/2025\/07\/screen-of-the-plastic-film-shredder-300x225.webp 300w, https:\/\/recyclingequipinc.com\/wp-content\/uploads\/2025\/07\/screen-of-the-plastic-film-shredder-16x12.webp 16w\" sizes=\"(max-width: 720px) 100vw, 720px\" \/><\/a> \t\t\t<\/div> \t\t\t\t<figcaption class='wp-caption-text gallery-caption' id='gallery-2-17377'> \t\t\t\t\u00e9cran du broyeur de film plastique \t\t\t\t<\/figcaption><\/figure><figure class='gallery-item'> \t\t\t<div class='gallery-icon landscape'> \t\t\t\t<a href='https:\/\/recyclingequipinc.com\/fr\/?attachment_id=17373'><img loading=\"lazy\" decoding=\"async\" width=\"720\" height=\"540\" src=\"https:\/\/recyclingequipinc.com\/wp-content\/uploads\/2025\/07\/plastic-bag-shredder-for-sale.webp\" class=\"attachment-full size-full\" alt=\"broyeur de sacs en plastique \u00e0 vendre\" aria-describedby=\"gallery-2-17373\" srcset=\"https:\/\/recyclingequipinc.com\/wp-content\/uploads\/2025\/07\/plastic-bag-shredder-for-sale.webp 720w, https:\/\/recyclingequipinc.com\/wp-content\/uploads\/2025\/07\/plastic-bag-shredder-for-sale-300x225.webp 300w, https:\/\/recyclingequipinc.com\/wp-content\/uploads\/2025\/07\/plastic-bag-shredder-for-sale-16x12.webp 16w\" sizes=\"(max-width: 720px) 100vw, 720px\" \/><\/a> \t\t\t<\/div> \t\t\t\t<figcaption class='wp-caption-text gallery-caption' id='gallery-2-17373'> \t\t\t\tbroyeur de sacs en plastique \u00e0 vendre \t\t\t\t<\/figcaption><\/figure> \t\t<\/div>  <h2>Sp\u00e9cifications techniques de notre broyeur de films plastiques<\/h2> <table> <thead> <tr> <th><strong>Mod\u00e8le<\/strong><\/th> <th><strong>SLSP-600<\/strong><\/th> <th><strong>SLSP-800<\/strong><\/th> <th><strong>SLSP-1000<\/strong><\/th> <\/tr> <\/thead> <tbody> <tr> <td><strong>Puissance du moteur<\/strong><\/td> <td>30 kW<\/td> <td>45 kW<\/td> <td>55 kW<\/td> <\/tr> <tr> <td><strong>Capacit\u00e9<\/strong><\/td> <td>600\u2013800 kg\/h<\/td> <td>800\u20131000 kg\/h<\/td> <td>1000\u20131200 kg\/h<\/td> <\/tr> <tr> <td><strong>Mat\u00e9riaux bruts applicables<\/strong><\/td> <td>film PE, film LDPE, film HDPE, film de paillage agricole, film de serre, sacs en plastique, sacs poubelle, film \u00e9tirable, film r\u00e9tractable, film imprim\u00e9, emballages en plastique souple, film d'emballage<\/td> <td>Identique \u00e0 gauche<\/td> <td>Identique \u00e0 gauche<\/td> <\/tr> <tr> <td><strong>Taille de sortie finale<\/strong><\/td> <td>40\u201350 mm (taille de tamis ajustable)<\/td> <td>40\u201350 mm<\/td> <td>40\u201350 mm<\/td> <\/tr> <tr> <td><strong>Mat\u00e9riau de la lame<\/strong><\/td> <td>60Si2Mn<\/td> <td>60Si2Mn<\/td> <td>60Si2Mn<\/td> <\/tr> <tr> <td><strong>Nombre de lames rotatives<\/strong><\/td> <td>10 pi\u00e8ces<\/td> <td>10 pi\u00e8ces<\/td> <td>10 pi\u00e8ces<\/td> <\/tr> <tr> <td><strong>Largeur de la bo\u00eete de concasseur<\/strong><\/td> <td>600 mm<\/td> <td>800 mm<\/td> <td>1000 mm<\/td> <\/tr> <tr> <td><strong>Mat\u00e9riau du cadre de la machine<\/strong><\/td> <td>Acier inoxydable de haute qualit\u00e9<\/td> <td>Acier inoxydable de haute qualit\u00e9<\/td> <td>Acier inoxydable de haute qualit\u00e9<\/td> <\/tr> <tr> <td><strong>Applications courantes<\/strong><\/td> <td>D\u00e9chiqueteuse de sacs en plastique, broyeur de films plastiques, d\u00e9chiqueteuse de films \u00e9tirables, broyeur de flocons de plastique souple<\/td> <td>Identique \u00e0 gauche<\/td> <td>Identique \u00e0 gauche<\/td> <\/tr> <\/tbody> <\/table> <p class=\"translation-block\"><em>Note : Des mod\u00e8les personnalis\u00e9s sont disponibles en fonction de votre mati\u00e8re premi\u00e8re et de vos besoins en capacit\u00e9.<\/em><\/p> <figure id=\"attachment_17374\" aria-describedby=\"caption-attachment-17374\" style=\"width: 720px\" class=\"wp-caption aligncenter\"><img loading=\"lazy\" decoding=\"async\" class=\"wp-image-17374 size-full\" src=\"https:\/\/recyclingequipinc.com\/wp-content\/uploads\/2025\/07\/plastic-bag-shredder-in-the-factory.webp\" alt=\"broyeur de sacs en plastique dans l&#039;usine\" width=\"720\" height=\"540\" srcset=\"https:\/\/recyclingequipinc.com\/wp-content\/uploads\/2025\/07\/plastic-bag-shredder-in-the-factory.webp 720w, https:\/\/recyclingequipinc.com\/wp-content\/uploads\/2025\/07\/plastic-bag-shredder-in-the-factory-300x225.webp 300w, https:\/\/recyclingequipinc.com\/wp-content\/uploads\/2025\/07\/plastic-bag-shredder-in-the-factory-16x12.webp 16w\" sizes=\"(max-width: 720px) 100vw, 720px\" \/><figcaption id=\"caption-attachment-17374\" class=\"wp-caption-text\">broyeur de sacs en plastique dans l'usine<\/figcaption><\/figure> <p><span style=\"font-size: 1.7em; font-weight: bold;\">Comment fonctionne le broyeur de sacs en plastique ?<\/span><\/p> <p data-start=\"145\" data-end=\"459\">Le broyeur de sacs en plastique fonctionne en alimentant des mat\u00e9riaux plastiques souples\u2014tels que des sacs de courses, des films \u00e9tirables ou des emballages\u2014dans une chambre de coupe rotative. \u00c0 l'int\u00e9rieur de la chambre, des lames rotatives \u00e0 grande vitesse travaillent avec des lames stationnaires pour trancher et d\u00e9chirer le plastique en flocons plus petits et uniformes.<\/p> <p data-start=\"461\" data-end=\"490\">Le processus de travail comprend :<\/p> <ol data-start=\"492\" data-end=\"913\"> <li data-start=\"492\" data-end=\"564\"> <p data-start=\"495\" data-end=\"564\" class=\"translation-block\"><strong data-start=\"495\" data-end=\"506\">Alimentation<\/strong> : Les sacs en plastique sont charg\u00e9s manuellement ou via un tapis roulant.<\/p> <\/li> <li data-start=\"565\" data-end=\"685\"> <p data-start=\"568\" data-end=\"685\" class=\"translation-block\"><strong data-start=\"568\" data-end=\"591\">Coupe et d\u00e9chiquetage<\/strong> : Les lames rotatives coupent le mat\u00e9riau contre des lames fixes, minimisant le bourrage et l'enroulement.<\/p> <\/li> <li data-start=\"686\" data-end=\"802\"> <p data-start=\"689\" data-end=\"802\" class=\"translation-block\"><strong data-start=\"689\" data-end=\"699\">Calibrage<\/strong> : Un tamis situ\u00e9 sous les lames filtre le mat\u00e9riau, ne laissant passer que les paillettes de taille appropri\u00e9e.<\/p> <\/li> <li data-start=\"803\" data-end=\"913\"> <p data-start=\"806\" data-end=\"913\" class=\"translation-block\"><strong data-start=\"806\" data-end=\"819\">D\u00e9charge<\/strong> : Le plastique d\u00e9chiquet\u00e9 est collect\u00e9 ou transport\u00e9 directement vers le syst\u00e8me de lavage ou de granulation.<\/p> <\/li> <\/ol> <p data-start=\"915\" data-end=\"1058\">De nombreux mod\u00e8les pr\u00e9sentent des conceptions de lames anti-enroulement et des syst\u00e8mes de marche arri\u00e8re automatiques pour \u00e9viter les blocages, ce qui les rend id\u00e9aux pour les plastiques souples et flexibles.<\/p> <figure id=\"attachment_17370\" aria-describedby=\"caption-attachment-17370\" style=\"width: 720px\" class=\"wp-caption aligncenter\"><img loading=\"lazy\" decoding=\"async\" class=\"wp-image-17370 size-full\" src=\"https:\/\/recyclingequipinc.com\/wp-content\/uploads\/2025\/07\/Conveyor-Belt-Connection-to-Plastic-Film-Crusher.webp\" alt=\"Connexion de la bande transporteuse au broyeur de film plastique\" width=\"720\" height=\"540\" srcset=\"https:\/\/recyclingequipinc.com\/wp-content\/uploads\/2025\/07\/Conveyor-Belt-Connection-to-Plastic-Film-Crusher.webp 720w, https:\/\/recyclingequipinc.com\/wp-content\/uploads\/2025\/07\/Conveyor-Belt-Connection-to-Plastic-Film-Crusher-300x225.webp 300w, https:\/\/recyclingequipinc.com\/wp-content\/uploads\/2025\/07\/Conveyor-Belt-Connection-to-Plastic-Film-Crusher-16x12.webp 16w\" sizes=\"(max-width: 720px) 100vw, 720px\" \/><figcaption id=\"caption-attachment-17370\" class=\"wp-caption-text\">Connexion de la bande transporteuse au broyeur de film plastique<\/figcaption><\/figure> <h2 data-start=\"915\" data-end=\"1058\">D\u00e9chiqueteuse de films plastiques efficace install\u00e9e dans le monde entier<\/h2> <p data-start=\"98\" data-end=\"568\" class=\"translation-block\">Notre machine de broyage de film plastique, connue pour sa <strong data-start=\"150\" data-end=\"264\">conception anti-enroulement, son rendement de d\u00e9chiquetage \u00e9lev\u00e9 et sa compatibilit\u00e9 avec une large gamme de mat\u00e9riaux plastiques souples<\/strong>, a \u00e9t\u00e9 export\u00e9e avec succ\u00e8s dans des pays tels que le Kenya, l'Afrique du Sud, l'Arabie Saoudite, le Mexique, etc. Elle a aid\u00e9 les clients \u00e0 am\u00e9liorer efficacement leur capacit\u00e9 de recyclage et \u00e0 r\u00e9duire les co\u00fbts de main-d'\u0153uvre, ce qui lui a valu des retours positifs constants de la part de clients mondiaux.<\/p> <p data-start=\"702\" data-end=\"789\">Pour soutenir nos clients, nous proposons des services apr\u00e8s-vente complets, y compris :<\/p> <ul data-start=\"790\" data-end=\"940\"> <li data-start=\"790\" data-end=\"827\"> <p data-start=\"792\" data-end=\"827\" class=\"translation-block\"><strong data-start=\"792\" data-end=\"827\">Installation et formation sur site<\/strong><\/p> <\/li> <li data-start=\"828\" data-end=\"859\"> <p data-start=\"830\" data-end=\"859\" class=\"translation-block\"><strong data-start=\"830\" data-end=\"859\">Garantie qualit\u00e9 d'un an<\/strong><\/p> <\/li> <li data-start=\"860\" data-end=\"904\"> <p data-start=\"862\" data-end=\"904\" class=\"translation-block\"><strong data-start=\"862\" data-end=\"904\">Guidage vid\u00e9o et support en ligne 24h\/24 et 7j\/7<\/strong><\/p> <\/li> <li data-start=\"905\" data-end=\"940\"> <p data-start=\"907\" data-end=\"940\" class=\"translation-block\"><strong data-start=\"907\" data-end=\"940\">Pi\u00e8ces de rechange facilement disponibles<\/strong><\/p> <\/li> <\/ul> <p data-start=\"942\" data-end=\"1105\" class=\"translation-block\">\ud83d\udce9 <strong data-start=\"945\" data-end=\"965\">Contactez-nous d\u00e8s aujourd'hui<\/strong> pour obtenir une solution personnalis\u00e9e pour votre projet de recyclage de film plastique. Laissez-nous vous aider \u00e0 d\u00e9marrer ou \u00e0 am\u00e9liorer votre ligne de recyclage en toute confiance ! Nous fournissons \u00e9galement des <a href=\"https:\/\/recyclingequipinc.com\/fr\/produit\/broyeur-de-plastique\/\">broyeurs de plastique dur<\/a>, des <a href=\"https:\/\/recyclingequipinc.com\/fr\/produit\/styrofoam-shredder\/\">d\u00e9chiqueteuses de polystyr\u00e8ne expans\u00e9<\/a> et des <a href=\"https:\/\/recyclingequipinc.com\/fr\/produit\/machine-de-concassage-de-bouteilles-en-plastique-pour-animaux-de-compagnie\/\">d\u00e9chiqueteuses de bouteilles PET<\/a>.<\/p>","protected":false},"excerpt":{"rendered":"<p class=\"translation-block\"><strong data-start=\"38\" data-end=\"72\">La d\u00e9chiqueteuse de sacs en plastique de Shuliy<\/strong> est con\u00e7ue pour broyer efficacement les plastiques souples, sans plus de bourrage ni d'enroulement. Des sacs en plastique au film \u00e9tirable, elle transforme les d\u00e9chets emm\u00eal\u00e9s en paillettes propres et uniformes, augmentant ainsi votre production de recyclage.<\/p>","protected":false},"featured_media":17375,"template":"","meta":{"site-sidebar-layout":"default","site-content-layout":"","ast-site-content-layout":"default","site-content-style":"default","site-sidebar-style":"default","ast-global-header-display":"","ast-banner-title-visibility":"","ast-main-header-display":"","ast-hfb-above-header-display":"","ast-hfb-below-header-display":"","ast-hfb-mobile-header-display":"","site-post-title":"","ast-breadcrumbs-content":"","ast-featured-img":"","footer-sml-layout":"","ast-disable-related-posts":"","theme-transparent-header-meta":"default","adv-header-id-meta":"","stick-header-meta":"","header-above-stick-meta":"","header-main-stick-meta":"","header-below-stick-meta":"","astra-migrate-meta-layouts":"set","ast-page-background-enabled":"default","ast-page-background-meta":{"desktop":{"background-color":"","background-image":"","background-repeat":"repeat","background-position":"center center","background-size":"auto","background-attachment":"scroll","background-type":"","background-media":"","overlay-type":"","overlay-color":"","overlay-opacity":"","overlay-gradient":""},"tablet":{"background-color":"","background-image":"","background-repeat":"repeat","background-position":"center center","background-size":"auto","background-attachment":"scroll","background-type":"","background-media":"","overlay-type":"","overlay-color":"","overlay-opacity":"","overlay-gradient":""},"mobile":{"background-color":"","background-image":"","background-repeat":"repeat","background-position":"center center","background-size":"auto","background-attachment":"scroll","background-type":"","background-media":"","overlay-type":"","overlay-color":"","overlay-opacity":"","overlay-gradient":""}},"ast-content-background-meta":{"desktop":{"background-color":"var(--ast-global-color-5)","background-image":"","background-repeat":"repeat","background-position":"center center","background-size":"auto","background-attachment":"scroll","background-type":"","background-media":"","overlay-type":"","overlay-color":"","overlay-opacity":"","overlay-gradient":""},"tablet":{"background-color":"var(--ast-global-color-5)","background-image":"","background-repeat":"repeat","background-position":"center center","background-size":"auto","background-attachment":"scroll","background-type":"","background-media":"","overlay-type":"","overlay-color":"","overlay-opacity":"","overlay-gradient":""},"mobile":{"background-color":"var(--ast-global-color-5)","background-image":"","background-repeat":"repeat","background-position":"center center","background-size":"auto","background-attachment":"scroll","background-type":"","background-media":"","overlay-type":"","overlay-color":"","overlay-opacity":"","overlay-gradient":""}}},"product_brand":[],"product_cat":[36],"product_tag":[],"class_list":{"0":"post-17366","1":"product","2":"type-product","3":"status-publish","4":"has-post-thumbnail","6":"product_cat-plastic-recycling-machine","7":"desktop-align-center","8":"tablet-align-center","9":"mobile-align-center","11":"first","12":"instock","13":"shipping-taxable","14":"product-type-simple"},"_links":{"self":[{"href":"https:\/\/recyclingequipinc.com\/fr\/wp-json\/wp\/v2\/product\/17366","targetHints":{"allow":["GET"]}}],"collection":[{"href":"https:\/\/recyclingequipinc.com\/fr\/wp-json\/wp\/v2\/product"}],"about":[{"href":"https:\/\/recyclingequipinc.com\/fr\/wp-json\/wp\/v2\/types\/product"}],"version-history":[{"count":0,"href":"https:\/\/recyclingequipinc.com\/fr\/wp-json\/wp\/v2\/product\/17366\/revisions"}],"wp:featuredmedia":[{"embeddable":true,"href":"https:\/\/recyclingequipinc.com\/fr\/wp-json\/wp\/v2\/media\/17375"}],"wp:attachment":[{"href":"https:\/\/recyclingequipinc.com\/fr\/wp-json\/wp\/v2\/media?parent=17366"}],"wp:term":[{"taxonomy":"product_brand","embeddable":true,"href":"https:\/\/recyclingequipinc.com\/fr\/wp-json\/wp\/v2\/product_brand?post=17366"},{"taxonomy":"product_cat","embeddable":true,"href":"https:\/\/recyclingequipinc.com\/fr\/wp-json\/wp\/v2\/product_cat?post=17366"},{"taxonomy":"product_tag","embeddable":true,"href":"https:\/\/recyclingequipinc.com\/fr\/wp-json\/wp\/v2\/product_tag?post=17366"}],"curies":[{"name":"wp","href":"https:\/\/api.w.org\/{rel}","templated":true}]}}