{"id":17320,"date":"2025-06-23T15:49:29","date_gmt":"2025-06-23T07:49:29","guid":{"rendered":"https:\/\/recyclingequipinc.com\/?post_type=product&#038;p=17320"},"modified":"2025-06-23T15:49:29","modified_gmt":"2025-06-23T07:49:29","slug":"tire-block-cutter","status":"publish","type":"product","link":"https:\/\/recyclingequipinc.com\/fr\/product\/tire-block-cutter\/","title":{"rendered":"Coupeur de blocs de pneus | Recyclage de d\u00e9coupe de pneus"},"content":{"rendered":"<p data-start=\"450\" data-end=\"891\">Apr\u00e8s que les pneus aient \u00e9t\u00e9 d\u00e9coup\u00e9s et tranch\u00e9s en sections de caoutchouc \u00e9troites, la derni\u00e8re \u00e9tape avant le d\u00e9chiquetage ou la granulation consiste \u00e0 couper ces bandes en morceaux plus petits. La machine de d\u00e9coupe de blocs de pneus Shuliy est une solution robuste et fiable pour cette \u00e9tape critique. Con\u00e7ue pour traiter les bandes de roulement en caoutchouc, les bandes et les pi\u00e8ces \u00e9paisses de flanc, notre machine de d\u00e9coupe de blocs de pneus augmente consid\u00e9rablement l'efficacit\u00e9 du recyclage et r\u00e9duit la charge sur les d\u00e9chiqueteuses en aval.<\/p> <p data-start=\"893\" data-end=\"1142\" class=\"translation-block\">Nous proposons <strong>deux mod\u00e8les<\/strong> pour r\u00e9pondre \u00e0 diff\u00e9rents besoins de capacit\u00e9 : la Machine de coupe de blocs de pneus standardis\u00e9e et le Coupe-blocs de pneus am\u00e9lior\u00e9, tous deux largement utilis\u00e9s dans les <a href=\"https:\/\/recyclingequipinc.com\/fr\/produit\/waste-tire-recycling-line\/\"><strong data-start=\"1048\" data-end=\"1087\">lignes de recyclage de pneus semi-automatiques<\/strong>.<\/a><\/p> <div id='gallery-1' class='gallery galleryid-17320 gallery-columns-3 gallery-size-full'><figure class='gallery-item'> \t\t\t<div class='gallery-icon landscape'> \t\t\t\t<a href='https:\/\/recyclingequipinc.com\/fr\/?attachment_id=17332'><img fetchpriority=\"high\" decoding=\"async\" width=\"720\" height=\"540\" src=\"https:\/\/recyclingequipinc.com\/wp-content\/uploads\/2025\/06\/tire-block-cutter-for-sale.webp\" class=\"attachment-full size-full\" alt=\"coupeur de blocs de pneus \u00e0 vendre\" aria-describedby=\"gallery-1-17332\" srcset=\"https:\/\/recyclingequipinc.com\/wp-content\/uploads\/2025\/06\/tire-block-cutter-for-sale.webp 720w, https:\/\/recyclingequipinc.com\/wp-content\/uploads\/2025\/06\/tire-block-cutter-for-sale-300x225.webp 300w, https:\/\/recyclingequipinc.com\/wp-content\/uploads\/2025\/06\/tire-block-cutter-for-sale-16x12.webp 16w\" sizes=\"(max-width: 720px) 100vw, 720px\" \/><\/a> \t\t\t<\/div> \t\t\t\t<figcaption class='wp-caption-text gallery-caption' id='gallery-1-17332'> \t\t\t\tcoupeur de blocs de pneus \u00e0 vendre \t\t\t\t<\/figcaption><\/figure><figure class='gallery-item'> \t\t\t<div class='gallery-icon landscape'> \t\t\t\t<a href='https:\/\/recyclingequipinc.com\/fr\/?attachment_id=17335'><img decoding=\"async\" width=\"800\" height=\"597\" src=\"https:\/\/recyclingequipinc.com\/wp-content\/uploads\/2025\/06\/uniform-tire-chunks.webp\" class=\"attachment-full size-full\" alt=\"morceaux de pneus uniformes\" aria-describedby=\"gallery-1-17335\" srcset=\"https:\/\/recyclingequipinc.com\/wp-content\/uploads\/2025\/06\/uniform-tire-chunks.webp 800w, https:\/\/recyclingequipinc.com\/wp-content\/uploads\/2025\/06\/uniform-tire-chunks-300x225.webp 300w, https:\/\/recyclingequipinc.com\/wp-content\/uploads\/2025\/06\/uniform-tire-chunks-768x573.webp 768w, https:\/\/recyclingequipinc.com\/wp-content\/uploads\/2025\/06\/uniform-tire-chunks-16x12.webp 16w, https:\/\/recyclingequipinc.com\/wp-content\/uploads\/2025\/06\/uniform-tire-chunks-750x560.webp 750w\" sizes=\"(max-width: 800px) 100vw, 800px\" \/><\/a> \t\t\t<\/div> \t\t\t\t<figcaption class='wp-caption-text gallery-caption' id='gallery-1-17335'> \t\t\t\tmorceaux de pneus uniformes \t\t\t\t<\/figcaption><\/figure> \t\t<\/div>  <h2 data-start=\"893\" data-end=\"1142\">Mati\u00e8res premi\u00e8res et produits finis du d\u00e9coupeur de blocs de pneus<\/h2> <p data-start=\"1190\" data-end=\"1210\" class=\"translation-block\"><strong data-start=\"1190\" data-end=\"1208\">Mati\u00e8res premi\u00e8res :<\/strong><\/p> <ul data-start=\"1211\" data-end=\"1446\"> <li data-start=\"1211\" data-end=\"1297\"> <p data-start=\"1213\" data-end=\"1297\" class=\"translation-block\">Bandes de caoutchouc provenant du <a class=\"cursor-pointer\" rel=\"noopener\" data-start=\"1236\" data-end=\"1295\"><strong data-start=\"1237\" data-end=\"1258\">coupe-bandes de pneus<\/strong><\/a><\/p> <\/li> <li data-start=\"1298\" data-end=\"1343\"> <p data-start=\"1300\" data-end=\"1343\">Bandes de pneus usag\u00e9s et blocs de caoutchouc \u00e9pais<\/p> <\/li> <li data-start=\"1344\" data-end=\"1446\"> <p data-start=\"1346\" data-end=\"1446\" class=\"translation-block\">Flancs de pneus trait\u00e9s provenant du <a class=\"cursor-pointer\" href=\"https:\/\/recyclingequipinc.com\/fr\/produit\/tire-sidewall-cutter\/\" rel=\"noopener\" data-start=\"1381\" data-end=\"1446\"><strong data-start=\"1382\" data-end=\"1406\">coupe-flancs de pneus<\/strong><\/a><\/p> <\/li> <\/ul> <p data-start=\"1448\" data-end=\"1469\" class=\"translation-block\"><strong data-start=\"1448\" data-end=\"1467\">Produits finis :<\/strong><\/p> <ul data-start=\"1470\" data-end=\"1659\"> <li data-start=\"1470\" data-end=\"1581\"> <p data-start=\"1472\" data-end=\"1581\" class=\"translation-block\"><strong data-start=\"1480\" data-end=\"1497\">Gros morceaux de caoutchouc<\/strong> compacts dimensionn\u00e9s pour un chargement efficace dans les broyeurs de pneus, les granulateurs ou les unit\u00e9s de d\u00e9vulcanisation<\/p> <\/li> <li data-start=\"1582\" data-end=\"1659\"> <p data-start=\"1584\" data-end=\"1659\" class=\"translation-block\">Tailles de blocs typiques : <strong data-start=\"1605\" data-end=\"1617\">3\u00d75\u00d76 cm<\/strong> (mod\u00e8le standardis\u00e9) ou <strong data-start=\"1631\" data-end=\"1641\">5\u00d75 cm<\/strong> (mod\u00e8le am\u00e9lior\u00e9)<\/p> <\/li> <\/ul> <div id='gallery-2' class='gallery galleryid-17320 gallery-columns-3 gallery-size-full'><figure class='gallery-item'> \t\t\t<div class='gallery-icon landscape'> \t\t\t\t<a href='https:\/\/recyclingequipinc.com\/fr\/?attachment_id=17331'><img decoding=\"async\" width=\"720\" height=\"540\" src=\"https:\/\/recyclingequipinc.com\/wp-content\/uploads\/2025\/06\/rubber-strips-fed-into-the-tire-block-cutting-machine.webp\" class=\"attachment-full size-full\" alt=\"bandes de caoutchouc aliment\u00e9es dans la machine de d\u00e9coupe de blocs de pneus\" aria-describedby=\"gallery-2-17331\" srcset=\"https:\/\/recyclingequipinc.com\/wp-content\/uploads\/2025\/06\/rubber-strips-fed-into-the-tire-block-cutting-machine.webp 720w, https:\/\/recyclingequipinc.com\/wp-content\/uploads\/2025\/06\/rubber-strips-fed-into-the-tire-block-cutting-machine-300x225.webp 300w, https:\/\/recyclingequipinc.com\/wp-content\/uploads\/2025\/06\/rubber-strips-fed-into-the-tire-block-cutting-machine-16x12.webp 16w\" sizes=\"(max-width: 720px) 100vw, 720px\" \/><\/a> \t\t\t<\/div> \t\t\t\t<figcaption class='wp-caption-text gallery-caption' id='gallery-2-17331'> \t\t\t\tbandes de caoutchouc aliment\u00e9es dans la machine de d\u00e9coupe de blocs de pneus \t\t\t\t<\/figcaption><\/figure><figure class='gallery-item'> \t\t\t<div class='gallery-icon landscape'> \t\t\t\t<a href='https:\/\/recyclingequipinc.com\/fr\/?attachment_id=17330'><img loading=\"lazy\" decoding=\"async\" width=\"720\" height=\"540\" src=\"https:\/\/recyclingequipinc.com\/wp-content\/uploads\/2025\/06\/cut-tire-blocks.webp\" class=\"attachment-full size-full\" alt=\"couper des blocs de pneus\" aria-describedby=\"gallery-2-17330\" srcset=\"https:\/\/recyclingequipinc.com\/wp-content\/uploads\/2025\/06\/cut-tire-blocks.webp 720w, https:\/\/recyclingequipinc.com\/wp-content\/uploads\/2025\/06\/cut-tire-blocks-300x225.webp 300w, https:\/\/recyclingequipinc.com\/wp-content\/uploads\/2025\/06\/cut-tire-blocks-16x12.webp 16w\" sizes=\"(max-width: 720px) 100vw, 720px\" \/><\/a> \t\t\t<\/div> \t\t\t\t<figcaption class='wp-caption-text gallery-caption' id='gallery-2-17330'> \t\t\t\tcouper des blocs de pneus \t\t\t\t<\/figcaption><\/figure> \t\t<\/div>  <h2>Pourquoi choisir notre machine de d\u00e9coupe de blocs de pneus ?<\/h2> <ul> <li data-start=\"2845\" data-end=\"2891\"> <p data-start=\"2847\" data-end=\"2891\">Deux mod\u00e8les pour diff\u00e9rentes \u00e9chelles de production<\/p> <\/li> <li data-start=\"2892\" data-end=\"2940\"> <p data-start=\"2894\" data-end=\"2940\">Sortie de blocs compacts pour un broyage efficace<\/p> <\/li> <li data-start=\"2941\" data-end=\"2993\"> <p data-start=\"2943\" data-end=\"2993\">Structure durable et performance de coupe stable<\/p> <\/li> <li data-start=\"2994\" data-end=\"3034\"> <p data-start=\"2996\" data-end=\"3034\">Syst\u00e8me de contr\u00f4le hydraulique facile \u00e0 utiliser<\/p> <\/li> <li data-start=\"3035\" data-end=\"3117\"> <p data-start=\"3037\" data-end=\"3117\">Compatible avec divers mat\u00e9riaux en caoutchouc, y compris les bandes de roulement \u00e9paisses et les flancs<\/p> <\/li> <li data-start=\"3118\" data-end=\"3302\"> <p data-start=\"3120\" data-end=\"3302\">S'int\u00e8gre parfaitement dans les lignes de recyclage de pneus avec un d\u00e9coupeur de bandes de pneus et un broyeur de pneus.<\/p> <\/li> <\/ul> <h2>Param\u00e8tres de notre d\u00e9coupeur de blocs de pneus usag\u00e9s<\/h2> <p data-start=\"207\" data-end=\"475\">Shuliy propose deux mod\u00e8les puissants de machines de d\u00e9coupe de blocs de pneus con\u00e7us pour couper des bandes de caoutchouc et des bandes en blocs compacts. Que vous exploitiez une usine de recyclage de pneus usag\u00e9s de taille moyenne ou grande, nos machines peuvent r\u00e9pondre efficacement \u00e0 vos besoins de production.<\/p> <div class=\"_tableContainer_16hzy_1\"> <div class=\"_tableWrapper_16hzy_14 group flex w-fit flex-col-reverse\" tabindex=\"-1\"> <table class=\"w-fit min-w-(--thread-content-width)\" data-start=\"477\" data-end=\"1527\"> <thead data-start=\"477\" data-end=\"586\"> <tr data-start=\"477\" data-end=\"586\"> <th data-start=\"477\" data-end=\"514\" data-col-size=\"sm\"><strong data-start=\"479\" data-end=\"488\">Mod\u00e8le<\/strong><\/th> <th data-start=\"514\" data-end=\"553\" data-col-size=\"md\"><strong data-start=\"516\" data-end=\"552\">Coupeur de blocs de pneus commun<\/strong><\/th> <th data-start=\"553\" data-end=\"586\" data-col-size=\"md\"><strong data-start=\"555\" data-end=\"584\">Coupeur de blocs de pneus mis \u00e0 jour<\/strong><\/th> <\/tr> <\/thead> <tbody data-start=\"696\" data-end=\"1527\"> <tr data-start=\"696\" data-end=\"831\"> <td data-start=\"696\" data-end=\"732\" data-col-size=\"sm\"><strong data-start=\"701\" data-end=\"716\">Puissance du moteur<\/strong><\/td> <td data-col-size=\"md\" data-start=\"732\" data-end=\"781\">5,5 kW \u2013 Stable pour la coupe de caoutchouc de moyenne duret\u00e9<\/td> <td data-col-size=\"md\" data-start=\"781\" data-end=\"831\">18,5 kW \u2013 Haute puissance pour des op\u00e9rations lourdes<\/td> <\/tr> <tr data-start=\"832\" data-end=\"962\"> <td data-start=\"832\" data-end=\"868\" data-col-size=\"sm\"><strong data-start=\"837\" data-end=\"860\">Capacit\u00e9 de traitement<\/strong><\/td> <td data-col-size=\"md\" data-start=\"868\" data-end=\"920\">800 kg\/h \u2013 Convient pour des usines l\u00e9g\u00e8res \u00e0 moyennes<\/td> <td data-col-size=\"md\" data-start=\"920\" data-end=\"962\">1500 kg\/h \u2013 Pour des lignes de recyclage plus grandes<\/td> <\/tr> <tr data-start=\"963\" data-end=\"1073\"> <td data-start=\"963\" data-end=\"999\" data-col-size=\"sm\"><strong data-start=\"968\" data-end=\"989\">Taille de sortie des blocs<\/strong><\/td> <td data-col-size=\"md\" data-start=\"999\" data-end=\"1039\">Morceaux de caoutchouc de 3 \u00d7 5 \u00d7 6 cm<\/td> <td data-col-size=\"md\" data-start=\"1039\" data-end=\"1073\">Blocs de caoutchouc uniformes de 5 \u00d7 5 cm<\/td> <\/tr> <tr data-start=\"1074\" data-end=\"1184\"> <td data-start=\"1074\" data-end=\"1110\" data-col-size=\"sm\"><strong data-start=\"1079\" data-end=\"1109\">Dimensions de la machine (L\u00d7l\u00d7H)<\/strong><\/td> <td data-col-size=\"md\" data-start=\"1110\" data-end=\"1150\">1,0 \u00d7 0,8 \u00d7 1,4 m<\/td> <td data-col-size=\"md\" data-start=\"1150\" data-end=\"1184\">1,3 \u00d7 1,1 \u00d7 1,5 m<\/td> <\/tr> <tr data-start=\"1185\" data-end=\"1295\"> <td data-start=\"1185\" data-end=\"1221\" data-col-size=\"sm\"><strong data-start=\"1190\" data-end=\"1200\">Poids<\/strong><\/td> <td data-col-size=\"md\" data-start=\"1221\" data-end=\"1261\">800 kg<\/td> <td data-col-size=\"md\" data-start=\"1261\" data-end=\"1295\">1200 kg<\/td> <\/tr> <tr data-start=\"1296\" data-end=\"1409\"> <td data-start=\"1296\" data-end=\"1332\" data-col-size=\"sm\"><strong data-start=\"1301\" data-end=\"1327\">Compatibilit\u00e9 des mat\u00e9riaux<\/strong><\/td> <td data-col-size=\"md\" data-start=\"1332\" data-end=\"1372\">Bandes en caoutchouc, sculptures de pneus, flancs<\/td> <td data-col-size=\"md\" data-start=\"1372\" data-end=\"1409\">Blocs de caoutchouc lourds, semelles \u00e9paisses<\/td> <\/tr> <tr data-start=\"1410\" data-end=\"1527\"> <td data-start=\"1410\" data-end=\"1446\" data-col-size=\"sm\"><strong data-start=\"1415\" data-end=\"1433\">M\u00e9thode de d\u00e9coupe<\/strong><\/td> <td data-col-size=\"md\" data-start=\"1446\" data-end=\"1486\">Syst\u00e8me de lame \u00e0 pression hydraulique<\/td> <td data-col-size=\"md\" data-start=\"1486\" data-end=\"1527\">Syst\u00e8me de d\u00e9coupe haute pression am\u00e9lior\u00e9<\/td> <\/tr> <\/tbody> <\/table> <\/div> <\/div> <figure id=\"attachment_17336\" aria-describedby=\"caption-attachment-17336\" style=\"width: 720px\" class=\"wp-caption aligncenter\"><img loading=\"lazy\" decoding=\"async\" class=\"wp-image-17336 size-full\" src=\"https:\/\/recyclingequipinc.com\/wp-content\/uploads\/2025\/06\/waste-tire-block-cutter.webp\" alt=\"D\u00e9coupeur de blocs de pneus usag\u00e9s\" width=\"720\" height=\"540\" srcset=\"https:\/\/recyclingequipinc.com\/wp-content\/uploads\/2025\/06\/waste-tire-block-cutter.webp 720w, https:\/\/recyclingequipinc.com\/wp-content\/uploads\/2025\/06\/waste-tire-block-cutter-300x225.webp 300w, https:\/\/recyclingequipinc.com\/wp-content\/uploads\/2025\/06\/waste-tire-block-cutter-16x12.webp 16w\" sizes=\"(max-width: 720px) 100vw, 720px\" \/><figcaption id=\"caption-attachment-17336\" class=\"wp-caption-text\">D\u00e9coupeur de blocs de pneus usag\u00e9s<\/figcaption><\/figure> <h2>Comment fonctionne le d\u00e9coupeur de morceaux de pneus ?<\/h2> <p data-start=\"1694\" data-end=\"1916\" class=\"translation-block\"><strong data-start=\"1697\" data-end=\"1726\">Fonctionnement de la lame hydraulique<\/strong><br data-start=\"1726\" data-end=\"1729\" \/>Les deux mod\u00e8les utilisent une lame de coupe hydraulique verticale. L'op\u00e9rateur place des bandes en caoutchouc \u00e0 plat sur la table de coupe, puis active le presse pour trancher le mat\u00e9riau en blocs uniformes.<\/p> <p data-start=\"1918\" data-end=\"2080\" class=\"translation-block\"><strong data-start=\"1921\" data-end=\"1943\">Force de coupe \u00e9lev\u00e9e<\/strong><br data-start=\"1943\" data-end=\"1946\" \/>La version mise \u00e0 jour dispose d'un moteur plus puissant (18,5 kW), offrant une force sup\u00e9rieure pour des mat\u00e9riaux plus r\u00e9sistants et une capacit\u00e9 de production plus \u00e9lev\u00e9e.<\/p> <h3 data-start=\"1534\" data-end=\"1582\">Quel d\u00e9coupeur de blocs de pneus en caoutchouc est fait pour vous ?<\/h3> <ul data-start=\"1584\" data-end=\"1863\"> <li data-start=\"1584\" data-end=\"1704\"> <p data-start=\"1586\" data-end=\"1704\">Utilisez le mod\u00e8le standardis\u00e9 si vous g\u00e9rez un petit \u00e0 moyen ensemble de d\u00e9coupe de pneus usag\u00e9s avec des besoins de production mod\u00e9r\u00e9s.<\/p> <\/li> <li data-start=\"1705\" data-end=\"1863\"> <p data-start=\"1707\" data-end=\"1863\">Choisissez le d\u00e9coupeur de blocs de pneus mis \u00e0 jour pour des op\u00e9rations de recyclage de caoutchouc \u00e0 fort volume, o\u00f9 un traitement plus rapide et des mat\u00e9riaux en caoutchouc plus difficiles sont impliqu\u00e9s.<\/p> <\/li> <\/ul> <p data-start=\"1865\" data-end=\"2092\">Les deux machines sont con\u00e7ues pour fonctionner de mani\u00e8re transparente avec des coupeurs de bandes de pneus et s'int\u00e8grent dans une ligne de recyclage de pneus usag\u00e9s semi-automatique. Si vous avez d'autres besoins de production, nous pouvons \u00e9galement vous fournir des machines de d\u00e9coupe de pneus sur mesure !<\/p> <figure id=\"attachment_17333\" aria-describedby=\"caption-attachment-17333\" style=\"width: 720px\" class=\"wp-caption aligncenter\"><img loading=\"lazy\" decoding=\"async\" class=\"wp-image-17333 size-full\" src=\"https:\/\/recyclingequipinc.com\/wp-content\/uploads\/2025\/06\/tire-block-cutter.webp\" alt=\"Coupe-bloc de pneu\" width=\"720\" height=\"540\" srcset=\"https:\/\/recyclingequipinc.com\/wp-content\/uploads\/2025\/06\/tire-block-cutter.webp 720w, https:\/\/recyclingequipinc.com\/wp-content\/uploads\/2025\/06\/tire-block-cutter-300x225.webp 300w, https:\/\/recyclingequipinc.com\/wp-content\/uploads\/2025\/06\/tire-block-cutter-16x12.webp 16w\" sizes=\"(max-width: 720px) 100vw, 720px\" \/><figcaption id=\"caption-attachment-17333\" class=\"wp-caption-text\">Coupe-bloc de pneu<\/figcaption><\/figure>","protected":false},"excerpt":{"rendered":"<p class=\"translation-block\">Le <strong data-start=\"52\" data-end=\"73\">coupe-blocs de pneus<\/strong> est utilis\u00e9 pour d\u00e9couper des sections \u00e9paisses de caoutchouc \u2013 telles que des bandes de roulement de pneus ou de larges bandes \u2013 en blocs uniformes d'environ <strong data-start=\"180\" data-end=\"188\">5 cm<\/strong> de longueur et de largeur, facilitant ainsi le d\u00e9chiquetage, le broyage et le recyclage ult\u00e9rieurs.<\/p>","protected":false},"featured_media":17332,"template":"","meta":{"site-sidebar-layout":"default","site-content-layout":"","ast-site-content-layout":"default","site-content-style":"default","site-sidebar-style":"default","ast-global-header-display":"","ast-banner-title-visibility":"","ast-main-header-display":"","ast-hfb-above-header-display":"","ast-hfb-below-header-display":"","ast-hfb-mobile-header-display":"","site-post-title":"","ast-breadcrumbs-content":"","ast-featured-img":"","footer-sml-layout":"","ast-disable-related-posts":"","theme-transparent-header-meta":"default","adv-header-id-meta":"","stick-header-meta":"","header-above-stick-meta":"","header-main-stick-meta":"","header-below-stick-meta":"","astra-migrate-meta-layouts":"set","ast-page-background-enabled":"default","ast-page-background-meta":{"desktop":{"background-color":"","background-image":"","background-repeat":"repeat","background-position":"center center","background-size":"auto","background-attachment":"scroll","background-type":"","background-media":"","overlay-type":"","overlay-color":"","overlay-opacity":"","overlay-gradient":""},"tablet":{"background-color":"","background-image":"","background-repeat":"repeat","background-position":"center center","background-size":"auto","background-attachment":"scroll","background-type":"","background-media":"","overlay-type":"","overlay-color":"","overlay-opacity":"","overlay-gradient":""},"mobile":{"background-color":"","background-image":"","background-repeat":"repeat","background-position":"center center","background-size":"auto","background-attachment":"scroll","background-type":"","background-media":"","overlay-type":"","overlay-color":"","overlay-opacity":"","overlay-gradient":""}},"ast-content-background-meta":{"desktop":{"background-color":"var(--ast-global-color-5)","background-image":"","background-repeat":"repeat","background-position":"center center","background-size":"auto","background-attachment":"scroll","background-type":"","background-media":"","overlay-type":"","overlay-color":"","overlay-opacity":"","overlay-gradient":""},"tablet":{"background-color":"var(--ast-global-color-5)","background-image":"","background-repeat":"repeat","background-position":"center center","background-size":"auto","background-attachment":"scroll","background-type":"","background-media":"","overlay-type":"","overlay-color":"","overlay-opacity":"","overlay-gradient":""},"mobile":{"background-color":"var(--ast-global-color-5)","background-image":"","background-repeat":"repeat","background-position":"center center","background-size":"auto","background-attachment":"scroll","background-type":"","background-media":"","overlay-type":"","overlay-color":"","overlay-opacity":"","overlay-gradient":""}}},"product_brand":[],"product_cat":[128],"product_tag":[],"class_list":{"0":"post-17320","1":"product","2":"type-product","3":"status-publish","4":"has-post-thumbnail","6":"product_cat-tire-recycling-machine","7":"desktop-align-center","8":"tablet-align-center","9":"mobile-align-center","11":"first","12":"instock","13":"shipping-taxable","14":"product-type-simple"},"_links":{"self":[{"href":"https:\/\/recyclingequipinc.com\/fr\/wp-json\/wp\/v2\/product\/17320","targetHints":{"allow":["GET"]}}],"collection":[{"href":"https:\/\/recyclingequipinc.com\/fr\/wp-json\/wp\/v2\/product"}],"about":[{"href":"https:\/\/recyclingequipinc.com\/fr\/wp-json\/wp\/v2\/types\/product"}],"version-history":[{"count":0,"href":"https:\/\/recyclingequipinc.com\/fr\/wp-json\/wp\/v2\/product\/17320\/revisions"}],"wp:featuredmedia":[{"embeddable":true,"href":"https:\/\/recyclingequipinc.com\/fr\/wp-json\/wp\/v2\/media\/17332"}],"wp:attachment":[{"href":"https:\/\/recyclingequipinc.com\/fr\/wp-json\/wp\/v2\/media?parent=17320"}],"wp:term":[{"taxonomy":"product_brand","embeddable":true,"href":"https:\/\/recyclingequipinc.com\/fr\/wp-json\/wp\/v2\/product_brand?post=17320"},{"taxonomy":"product_cat","embeddable":true,"href":"https:\/\/recyclingequipinc.com\/fr\/wp-json\/wp\/v2\/product_cat?post=17320"},{"taxonomy":"product_tag","embeddable":true,"href":"https:\/\/recyclingequipinc.com\/fr\/wp-json\/wp\/v2\/product_tag?post=17320"}],"curies":[{"name":"wp","href":"https:\/\/api.w.org\/{rel}","templated":true}]}}