{"id":17313,"date":"2025-06-23T16:06:20","date_gmt":"2025-06-23T08:06:20","guid":{"rendered":"https:\/\/recyclingequipinc.com\/?post_type=product&#038;p=17313"},"modified":"2025-06-23T16:06:20","modified_gmt":"2025-06-23T08:06:20","slug":"waste-tire-strip-cutter","status":"publish","type":"product","link":"https:\/\/recyclingequipinc.com\/fr\/product\/waste-tire-strip-cutter\/","title":{"rendered":"Coupeuse de bandes de pneus usag\u00e9s"},"content":{"rendered":"<p>M\u00eame apr\u00e8s le retrait des fils d'acier int\u00e9gr\u00e9s, la partie en caoutchouc restante du pneu est encore \u00e9paisse et r\u00e9sistante, ce qui rend difficile le d\u00e9chiquetage ou le broyage directement. Pour r\u00e9soudre ce probl\u00e8me, un coupe-strips de pneu est utilis\u00e9 pour couper la bande de roulement du pneu en bandes de caoutchouc de 3 \u00e0 5 cm de large, compl\u00e9tant ainsi la phase de pr\u00e9traitement et am\u00e9liorant consid\u00e9rablement l'efficacit\u00e9 du recyclage des pneus.<\/p> <figure id=\"attachment_17343\" aria-describedby=\"caption-attachment-17343\" style=\"width: 720px\" class=\"wp-caption aligncenter\"><img fetchpriority=\"high\" decoding=\"async\" class=\"wp-image-17343 size-full\" src=\"https:\/\/recyclingequipinc.com\/wp-content\/uploads\/2025\/06\/tire-strip-cutter-machine.webp\" alt=\"machine de d\u00e9coupe de bandes de pneus\" width=\"720\" height=\"540\" srcset=\"https:\/\/recyclingequipinc.com\/wp-content\/uploads\/2025\/06\/tire-strip-cutter-machine.webp 720w, https:\/\/recyclingequipinc.com\/wp-content\/uploads\/2025\/06\/tire-strip-cutter-machine-300x225.webp 300w, https:\/\/recyclingequipinc.com\/wp-content\/uploads\/2025\/06\/tire-strip-cutter-machine-16x12.webp 16w\" sizes=\"(max-width: 720px) 100vw, 720px\" \/><figcaption id=\"caption-attachment-17343\" class=\"wp-caption-text\">machine de d\u00e9coupe de bandes de pneus<\/figcaption><\/figure> <h2>Application et utilisation de la machine \u00e0 couper les bandes de pneus<\/h2> <h3>Plage de travail<\/h3> <p data-start=\"70\" data-end=\"500\" class=\"translation-block\">La coupeuse de bandes de pneus Shuliy est couramment utilis\u00e9e dans les <a href=\"https:\/\/recyclingequipinc.com\/fr\/produit\/waste-tire-recycling-line\/\">lignes de recyclage de pneus semi-automatiques<\/a> pour traiter les pneus jusqu'\u00e0 <strong data-start=\"190\" data-end=\"212\">1200 mm de diam\u00e8tre<\/strong>. Elle fonctionne en combinaison avec des machines telles que la <a href=\"https:\/\/recyclingequipinc.com\/fr\/produit\/tire-sidewall-cutter\/\">coupeuse de flancs de pneus<\/a> et la <a href=\"https:\/\/recyclingequipinc.com\/fr\/produit\/tire-block-cutter\/\">coupeuse de blocs de pneus<\/a>, permettant le d\u00e9montage \u00e9tape par \u00e9tape des pneus usag\u00e9s et r\u00e9duisant la charge sur les \u00e9quipements de d\u00e9chiquetage ult\u00e9rieurs.<\/p> <p data-start=\"502\" data-end=\"840\" class=\"translation-block\">Elle est largement applicable au recyclage des pneus de voiture, de camion et d'autres types similaires. Avec sa large compatibilit\u00e9 et ses performances fiables, cette machine est un outil essentiel pour les <strong data-start=\"696\" data-end=\"777\">usines de recyclage de pneus, les centres de traitement de la ferraille, les fabricants de produits en caoutchouc<\/strong> et autres installations cherchant \u00e0 optimiser le pr\u00e9-traitement des pneus.<\/p> <h3 data-start=\"502\" data-end=\"840\">Produits finis<\/h3> <p data-start=\"672\" data-end=\"851\" class=\"translation-block\">La coupeuse de bandes de pneus coupe ces bandes de roulement en caoutchouc en <strong data-start=\"744\" data-end=\"761\">bandes de caoutchouc<\/strong> uniformes, g\u00e9n\u00e9ralement de <strong data-start=\"773\" data-end=\"792\">3 \u00e0 5 cm de largeur<\/strong>, en fonction de l'espacement des lames de coupe. Ces bandes conviennent pour \u00eatre coup\u00e9es en blocs.<\/p> <div id='gallery-1' class='gallery galleryid-17313 gallery-columns-3 gallery-size-full'><figure class='gallery-item'> \t\t\t<div class='gallery-icon landscape'> \t\t\t\t<a href='https:\/\/recyclingequipinc.com\/fr\/?attachment_id=17339'><img decoding=\"async\" width=\"720\" height=\"540\" src=\"https:\/\/recyclingequipinc.com\/wp-content\/uploads\/2025\/06\/put-tire-sidewall-between-the-two-rollers.webp\" class=\"attachment-full size-full\" alt=\"placer le flanc du pneu entre les deux rouleaux\" aria-describedby=\"gallery-1-17339\" srcset=\"https:\/\/recyclingequipinc.com\/wp-content\/uploads\/2025\/06\/put-tire-sidewall-between-the-two-rollers.webp 720w, https:\/\/recyclingequipinc.com\/wp-content\/uploads\/2025\/06\/put-tire-sidewall-between-the-two-rollers-300x225.webp 300w, https:\/\/recyclingequipinc.com\/wp-content\/uploads\/2025\/06\/put-tire-sidewall-between-the-two-rollers-16x12.webp 16w\" sizes=\"(max-width: 720px) 100vw, 720px\" \/><\/a> \t\t\t<\/div> \t\t\t\t<figcaption class='wp-caption-text gallery-caption' id='gallery-1-17339'> \t\t\t\tplacer le flanc du pneu entre les deux rouleaux \t\t\t\t<\/figcaption><\/figure><figure class='gallery-item'> \t\t\t<div class='gallery-icon landscape'> \t\t\t\t<a href='https:\/\/recyclingequipinc.com\/fr\/?attachment_id=17338'><img decoding=\"async\" width=\"720\" height=\"540\" src=\"https:\/\/recyclingequipinc.com\/wp-content\/uploads\/2025\/06\/output-long-rubber-strips.webp\" class=\"attachment-full size-full\" alt=\"produire de longues bandes en caoutchouc\" aria-describedby=\"gallery-1-17338\" srcset=\"https:\/\/recyclingequipinc.com\/wp-content\/uploads\/2025\/06\/output-long-rubber-strips.webp 720w, https:\/\/recyclingequipinc.com\/wp-content\/uploads\/2025\/06\/output-long-rubber-strips-300x225.webp 300w, https:\/\/recyclingequipinc.com\/wp-content\/uploads\/2025\/06\/output-long-rubber-strips-16x12.webp 16w\" sizes=\"(max-width: 720px) 100vw, 720px\" \/><\/a> \t\t\t<\/div> \t\t\t\t<figcaption class='wp-caption-text gallery-caption' id='gallery-1-17338'> \t\t\t\tproduire de longues bandes en caoutchouc \t\t\t\t<\/figcaption><\/figure> \t\t<\/div>  <h2 data-start=\"672\" data-end=\"851\">Pourquoi notre machine \u00e0 couper les bandes de pneus est-elle populaire sur le march\u00e9 ?<\/h2> <p data-start=\"170\" data-end=\"452\">En tant que fournisseur exp\u00e9riment\u00e9 de machines de recyclage de pneus, Shuliy Machinery a fourni des solutions de d\u00e9coupe de pneus personnalis\u00e9es aux recycleurs de caoutchouc du monde entier. Notre d\u00e9coupeuse de bandes de pneus en caoutchouc est con\u00e7ue pour \u00eatre polyvalente, efficace et facile \u00e0 utiliser. Les caract\u00e9ristiques cl\u00e9s incluent :<\/p> <ul> <li data-start=\"456\" data-end=\"566\"><strong data-start=\"456\" data-end=\"478\">Large compatibilit\u00e9<\/strong>: Convient au traitement de divers types de pneus usag\u00e9s avec des diam\u00e8tres allant jusqu'\u00e0 <strong data-start=\"554\" data-end=\"564\">1200 mm<\/strong><\/li> <li data-start=\"456\" data-end=\"566\"><strong data-start=\"569\" data-end=\"592\">Lames de haute qualit\u00e9<\/strong>: \u00c9quip\u00e9e de coupeurs en alliage tranchants et r\u00e9sistants \u00e0 l'usure pour des performances durables et efficaces.<\/li> <li data-start=\"691\" data-end=\"800\"><strong data-start=\"691\" data-end=\"717\">Taille de sortie r\u00e9glable<\/strong>La largeur de la bande en caoutchouc peut \u00eatre ajust\u00e9e pour r\u00e9pondre aux besoins sp\u00e9cifiques de traitement en aval.<\/li> <li data-start=\"803\" data-end=\"916\"><strong data-start=\"803\" data-end=\"835\">Facile \u00e0 utiliser et \u00e0 entretenir<\/strong>Conception conviviale avec des conseils op\u00e9rationnels et un support fournis par Shuliy.<\/li> <li data-start=\"919\" data-end=\"1003\"><strong data-start=\"919\" data-end=\"945\">Coupe propre et pr\u00e9cise<\/strong>Produit des bandes en caoutchouc \u00e0 bords lisses avec un minimum de d\u00e9chets.<\/li> <li data-start=\"1006\" data-end=\"1163\"><strong data-start=\"1006\" data-end=\"1046\">Livraison rapide et support d'installation<\/strong>Les machines sont exp\u00e9di\u00e9es rapidement, avec un service d'installation sur site en option pour vous aider \u00e0 commencer la production sans d\u00e9lai.<\/li> <\/ul> <div id='gallery-2' class='gallery galleryid-17313 gallery-columns-3 gallery-size-full'><figure class='gallery-item'> \t\t\t<div class='gallery-icon landscape'> \t\t\t\t<a href='https:\/\/recyclingequipinc.com\/fr\/?attachment_id=17341'><img loading=\"lazy\" decoding=\"async\" width=\"720\" height=\"540\" src=\"https:\/\/recyclingequipinc.com\/wp-content\/uploads\/2025\/06\/rubber-strip-cutting-machine.webp\" class=\"attachment-full size-full\" alt=\"machine de d\u00e9coupe de bandes en caoutchouc\" aria-describedby=\"gallery-2-17341\" srcset=\"https:\/\/recyclingequipinc.com\/wp-content\/uploads\/2025\/06\/rubber-strip-cutting-machine.webp 720w, https:\/\/recyclingequipinc.com\/wp-content\/uploads\/2025\/06\/rubber-strip-cutting-machine-300x225.webp 300w, https:\/\/recyclingequipinc.com\/wp-content\/uploads\/2025\/06\/rubber-strip-cutting-machine-16x12.webp 16w\" sizes=\"(max-width: 720px) 100vw, 720px\" \/><\/a> \t\t\t<\/div> \t\t\t\t<figcaption class='wp-caption-text gallery-caption' id='gallery-2-17341'> \t\t\t\tmachine de d\u00e9coupe de bandes en caoutchouc \t\t\t\t<\/figcaption><\/figure><figure class='gallery-item'> \t\t\t<div class='gallery-icon landscape'> \t\t\t\t<a href='https:\/\/recyclingequipinc.com\/fr\/?attachment_id=17340'><img loading=\"lazy\" decoding=\"async\" width=\"720\" height=\"540\" src=\"https:\/\/recyclingequipinc.com\/wp-content\/uploads\/2025\/06\/rubber-strip-cutter.webp\" class=\"attachment-full size-full\" alt=\"d\u00e9coupeuse de bandes en caoutchouc\" aria-describedby=\"gallery-2-17340\" srcset=\"https:\/\/recyclingequipinc.com\/wp-content\/uploads\/2025\/06\/rubber-strip-cutter.webp 720w, https:\/\/recyclingequipinc.com\/wp-content\/uploads\/2025\/06\/rubber-strip-cutter-300x225.webp 300w, https:\/\/recyclingequipinc.com\/wp-content\/uploads\/2025\/06\/rubber-strip-cutter-16x12.webp 16w\" sizes=\"(max-width: 720px) 100vw, 720px\" \/><\/a> \t\t\t<\/div> \t\t\t\t<figcaption class='wp-caption-text gallery-caption' id='gallery-2-17340'> \t\t\t\td\u00e9coupeuse de bandes en caoutchouc \t\t\t\t<\/figcaption><\/figure> \t\t<\/div>  <h2 data-start=\"179\" data-end=\"238\">Sp\u00e9cifications techniques du coupe-bande en caoutchouc \u00e0 vendre.<\/h2> <p>Voici les sp\u00e9cifications techniques de notre machine de d\u00e9coupe de bandes de pneus, con\u00e7ue pour le traitement des pneus de voiture et de camion jusqu'\u00e0 1200 mm de diam\u00e8tre. Elle est \u00e9quip\u00e9e d'un moteur haute efficacit\u00e9 de 5,5 kW, d'une largeur de coupe r\u00e9glable et de lames en alliage r\u00e9sistant \u00e0 l'usure, id\u00e9ales pour une utilisation dans des lignes de recyclage de pneus usag\u00e9s semi-automatiques.<\/p> <div class=\"_tableContainer_16hzy_1\"> <div class=\"_tableWrapper_16hzy_14 group flex w-fit flex-col-reverse\" tabindex=\"-1\"> <table class=\"w-fit min-w-(--thread-content-width)\" data-start=\"240\" data-end=\"959\"> <thead data-start=\"240\" data-end=\"300\"> <tr data-start=\"240\" data-end=\"300\"> <th data-start=\"240\" data-end=\"266\" data-col-size=\"sm\"><strong data-start=\"242\" data-end=\"251\">Mod\u00e8le de pneu<\/strong><\/th> <th data-start=\"266\" data-end=\"300\" data-col-size=\"md\"><strong data-start=\"268\" data-end=\"298\">Machine de d\u00e9coupe de bandes de pneus<\/strong><\/th> <\/tr> <\/thead> <tbody data-start=\"360\" data-end=\"959\"> <tr data-start=\"360\" data-end=\"455\"> <td data-start=\"360\" data-end=\"387\" data-col-size=\"sm\"><strong data-start=\"365\" data-end=\"380\">Puissance du moteur<\/strong><\/td> <td data-col-size=\"md\" data-start=\"387\" data-end=\"455\">Moteur haute efficacit\u00e9 de 5,5 kW pour une coupe stable et continue.<\/td> <\/tr> <tr data-start=\"456\" data-end=\"557\"> <td data-start=\"456\" data-end=\"483\" data-col-size=\"sm\"><strong data-start=\"461\" data-end=\"481\">Capacit\u00e9 de coupe<\/strong><\/td> <td data-col-size=\"md\" data-start=\"483\" data-end=\"557\">Jusqu'\u00e0 <strong data-start=\"491\" data-end=\"504\">1000 kg\/h<\/strong> Id\u00e9al pour les op\u00e9rations de recyclage de pneus \u00e0 \u00e9chelle moyenne.<\/td> <\/tr> <tr data-start=\"558\" data-end=\"647\"> <td data-start=\"558\" data-end=\"585\" data-col-size=\"sm\"><strong data-start=\"563\" data-end=\"581\">Vitesse de rotation<\/strong><\/td> <td data-col-size=\"md\" data-start=\"585\" data-end=\"647\">Vitesse optimis\u00e9e de 45 tr\/min pour une coupe lisse des bandes en caoutchouc.<\/td> <\/tr> <tr data-start=\"648\" data-end=\"744\"> <td data-start=\"648\" data-end=\"675\" data-col-size=\"sm\"><strong data-start=\"653\" data-end=\"675\">Dimensions de la machine<\/strong><\/td> <td data-col-size=\"md\" data-start=\"675\" data-end=\"744\">Dimensions de 1,3 m*0,8 m*1,65 m \u2013 Conception compacte adapt\u00e9e \u00e0 la plupart des agencements d'usine.<\/td> <\/tr> <tr data-start=\"745\" data-end=\"825\"> <td data-start=\"745\" data-end=\"772\" data-col-size=\"sm\"><strong data-start=\"750\" data-end=\"768\">Poids de la machine<\/strong><\/td> <td data-col-size=\"md\" data-start=\"772\" data-end=\"825\">850 kg \u2013 Structure robuste et r\u00e9sistante aux vibrations<\/td> <\/tr> <tr data-start=\"826\" data-end=\"959\"> <td data-start=\"826\" data-end=\"853\" data-col-size=\"sm\"><strong data-start=\"831\" data-end=\"852\">Taille de sortie des bandes<\/strong><\/td> <td data-col-size=\"md\" data-start=\"853\" data-end=\"959\">Ajustable <strong data-start=\"866\" data-end=\"895\">Bandes en caoutchouc de 3 \u00e0 5 cm de large<\/strong> Parfait pour le d\u00e9chiquetage, le granulation ou la pyrolyse en aval.<\/td> <\/tr> <\/tbody> <\/table> <\/div> <\/div> <h2>Principe de fonctionnement de la machine \u00e0 couper les bandes de pneus en caoutchouc<\/h2> <figure id=\"attachment_17342\" aria-describedby=\"caption-attachment-17342\" style=\"width: 720px\" class=\"wp-caption aligncenter\"><img loading=\"lazy\" decoding=\"async\" class=\"wp-image-17342 size-full\" src=\"https:\/\/recyclingequipinc.com\/wp-content\/uploads\/2025\/06\/structure-of-the-tire-strip-cutting-machine.webp\" alt=\"structure de la machine de d\u00e9coupe de bandes de pneus\" width=\"720\" height=\"540\" srcset=\"https:\/\/recyclingequipinc.com\/wp-content\/uploads\/2025\/06\/structure-of-the-tire-strip-cutting-machine.webp 720w, https:\/\/recyclingequipinc.com\/wp-content\/uploads\/2025\/06\/structure-of-the-tire-strip-cutting-machine-300x225.webp 300w, https:\/\/recyclingequipinc.com\/wp-content\/uploads\/2025\/06\/structure-of-the-tire-strip-cutting-machine-16x12.webp 16w\" sizes=\"(max-width: 720px) 100vw, 720px\" \/><figcaption id=\"caption-attachment-17342\" class=\"wp-caption-text\">structure de la machine de d\u00e9coupe de bandes de pneus<\/figcaption><\/figure> <p data-start=\"149\" data-end=\"286\" class=\"translation-block\"><strong data-start=\"152\" data-end=\"183\">Structure \u00e0 double lame rotative<\/strong><br data-start=\"183\" data-end=\"186\" \/>La machine est \u00e9quip\u00e9e de lames rotatives sup\u00e9rieure et inf\u00e9rieure, formant une paire de rouleaux de coupe.<\/p> <p data-start=\"288\" data-end=\"415\" class=\"translation-block\"><strong data-start=\"291\" data-end=\"309\">Placement du pneu<\/strong><br data-start=\"309\" data-end=\"312\" \/>La bande de roulement pr\u00e9d\u00e9coup\u00e9e du pneu est ins\u00e9r\u00e9e entre les deux rouleaux apr\u00e8s le retrait des flancs et des tringles.<\/p> <p data-start=\"417\" data-end=\"578\" class=\"translation-block\"><strong data-start=\"420\" data-end=\"445\">Processus de coupe en bandes<\/strong><br data-start=\"445\" data-end=\"448\" \/>Alors que les lames tournent dans des directions oppos\u00e9es, elles saisissent et d\u00e9coupent le pneu en <strong data-start=\"531\" data-end=\"560\">bandes de caoutchouc de 3 \u00e0 5 cm de large<\/strong> avec des bords nets.<\/p> <p data-start=\"580\" data-end=\"768\" class=\"translation-block\"><strong data-start=\"582\" data-end=\"614\">Id\u00e9al pour un traitement ult\u00e9rieur<\/strong><br data-start=\"614\" data-end=\"617\" \/>Les bandes r\u00e9sultantes sont parfaites pour \u00eatre introduites dans des d\u00e9chiqueteuses, des broyeurs ou des coupeuses de blocs de caoutchouc, am\u00e9liorant ainsi l'efficacit\u00e9 du processus de recyclage des pneus.<\/p> <h2 data-start=\"580\" data-end=\"768\">Coupeur de bandes de pneus \u00e0 vendre<\/h2> <p>Shuliy Machinery propose des coupeurs de bandes de pneus durables et abordables \u00e0 vendre, avec un service personnalis\u00e9 pour diff\u00e9rentes tailles de pneus et capacit\u00e9s de traitement. Chaque machine est rigoureusement test\u00e9e et peut \u00eatre personnalis\u00e9e pour s'adapter \u00e0 vos objectifs de recyclage. Si vous \u00eates int\u00e9ress\u00e9, n'h\u00e9sitez pas \u00e0 nous contacter !<\/p>","protected":false},"excerpt":{"rendered":"<p>La machine \u00e0 couper les bandes de pneus est la deuxi\u00e8me \u00e9tape de la ligne de recyclage de pneus semi-automatique. Elle coupe davantage les flancs et produit de longues bandes de caoutchouc de 3 \u00e0 5 cm de large, am\u00e9liorant ainsi l'efficacit\u00e9 du recyclage.<\/p>","protected":false},"featured_media":17344,"template":"","meta":{"site-sidebar-layout":"default","site-content-layout":"","ast-site-content-layout":"default","site-content-style":"default","site-sidebar-style":"default","ast-global-header-display":"","ast-banner-title-visibility":"","ast-main-header-display":"","ast-hfb-above-header-display":"","ast-hfb-below-header-display":"","ast-hfb-mobile-header-display":"","site-post-title":"","ast-breadcrumbs-content":"","ast-featured-img":"","footer-sml-layout":"","ast-disable-related-posts":"","theme-transparent-header-meta":"default","adv-header-id-meta":"","stick-header-meta":"","header-above-stick-meta":"","header-main-stick-meta":"","header-below-stick-meta":"","astra-migrate-meta-layouts":"set","ast-page-background-enabled":"default","ast-page-background-meta":{"desktop":{"background-color":"","background-image":"","background-repeat":"repeat","background-position":"center center","background-size":"auto","background-attachment":"scroll","background-type":"","background-media":"","overlay-type":"","overlay-color":"","overlay-opacity":"","overlay-gradient":""},"tablet":{"background-color":"","background-image":"","background-repeat":"repeat","background-position":"center center","background-size":"auto","background-attachment":"scroll","background-type":"","background-media":"","overlay-type":"","overlay-color":"","overlay-opacity":"","overlay-gradient":""},"mobile":{"background-color":"","background-image":"","background-repeat":"repeat","background-position":"center center","background-size":"auto","background-attachment":"scroll","background-type":"","background-media":"","overlay-type":"","overlay-color":"","overlay-opacity":"","overlay-gradient":""}},"ast-content-background-meta":{"desktop":{"background-color":"var(--ast-global-color-5)","background-image":"","background-repeat":"repeat","background-position":"center center","background-size":"auto","background-attachment":"scroll","background-type":"","background-media":"","overlay-type":"","overlay-color":"","overlay-opacity":"","overlay-gradient":""},"tablet":{"background-color":"var(--ast-global-color-5)","background-image":"","background-repeat":"repeat","background-position":"center center","background-size":"auto","background-attachment":"scroll","background-type":"","background-media":"","overlay-type":"","overlay-color":"","overlay-opacity":"","overlay-gradient":""},"mobile":{"background-color":"var(--ast-global-color-5)","background-image":"","background-repeat":"repeat","background-position":"center center","background-size":"auto","background-attachment":"scroll","background-type":"","background-media":"","overlay-type":"","overlay-color":"","overlay-opacity":"","overlay-gradient":""}}},"product_brand":[],"product_cat":[128],"product_tag":[],"class_list":{"0":"post-17313","1":"product","2":"type-product","3":"status-publish","4":"has-post-thumbnail","6":"product_cat-tire-recycling-machine","7":"desktop-align-center","8":"tablet-align-center","9":"mobile-align-center","11":"first","12":"instock","13":"shipping-taxable","14":"product-type-simple"},"_links":{"self":[{"href":"https:\/\/recyclingequipinc.com\/fr\/wp-json\/wp\/v2\/product\/17313","targetHints":{"allow":["GET"]}}],"collection":[{"href":"https:\/\/recyclingequipinc.com\/fr\/wp-json\/wp\/v2\/product"}],"about":[{"href":"https:\/\/recyclingequipinc.com\/fr\/wp-json\/wp\/v2\/types\/product"}],"version-history":[{"count":0,"href":"https:\/\/recyclingequipinc.com\/fr\/wp-json\/wp\/v2\/product\/17313\/revisions"}],"wp:featuredmedia":[{"embeddable":true,"href":"https:\/\/recyclingequipinc.com\/fr\/wp-json\/wp\/v2\/media\/17344"}],"wp:attachment":[{"href":"https:\/\/recyclingequipinc.com\/fr\/wp-json\/wp\/v2\/media?parent=17313"}],"wp:term":[{"taxonomy":"product_brand","embeddable":true,"href":"https:\/\/recyclingequipinc.com\/fr\/wp-json\/wp\/v2\/product_brand?post=17313"},{"taxonomy":"product_cat","embeddable":true,"href":"https:\/\/recyclingequipinc.com\/fr\/wp-json\/wp\/v2\/product_cat?post=17313"},{"taxonomy":"product_tag","embeddable":true,"href":"https:\/\/recyclingequipinc.com\/fr\/wp-json\/wp\/v2\/product_tag?post=17313"}],"curies":[{"name":"wp","href":"https:\/\/api.w.org\/{rel}","templated":true}]}}