{"id":17311,"date":"2025-06-23T15:13:49","date_gmt":"2025-06-23T07:13:49","guid":{"rendered":"https:\/\/recyclingequipinc.com\/?post_type=product&#038;p=17311"},"modified":"2025-06-23T15:13:50","modified_gmt":"2025-06-23T07:13:50","slug":"tire-sidewall-cutter","status":"publish","type":"product","link":"https:\/\/recyclingequipinc.com\/fr\/product\/tire-sidewall-cutter\/","title":{"rendered":"Couteau \u00e0 flanc de pneu pour le recyclage"},"content":{"rendered":"<p>Shuliy Machinery propose diverses machines sp\u00e9cialis\u00e9es pour le d\u00e9coupage de pneus afin d'am\u00e9liorer l'efficacit\u00e9 du recyclage des pneus usag\u00e9s. Parmi elles, le d\u00e9coupeur de flancs de pneus est devenu un choix privil\u00e9gi\u00e9 pour les entreprises de recyclage de pneus en raison de sa structure compacte, de sa performance fiable et de ses r\u00e9sultats de d\u00e9coupe pr\u00e9cis. Cette machine est con\u00e7ue pour s\u00e9parer les flancs de la bande de roulement des pneus usag\u00e9s, rendant ainsi le d\u00e9chiquetage ult\u00e9rieur ou l'extraction des fils d'acier beaucoup plus facile et plus rentable.<\/p> <figure id=\"attachment_17325\" aria-describedby=\"caption-attachment-17325\" style=\"width: 720px\" class=\"wp-caption aligncenter\"><img fetchpriority=\"high\" decoding=\"async\" class=\"wp-image-17325 size-full\" src=\"https:\/\/recyclingequipinc.com\/wp-content\/uploads\/2025\/06\/tire-ring-cutter.webp\" alt=\"Coupeur d&#039;anneau de pneu\" width=\"720\" height=\"540\" srcset=\"https:\/\/recyclingequipinc.com\/wp-content\/uploads\/2025\/06\/tire-ring-cutter.webp 720w, https:\/\/recyclingequipinc.com\/wp-content\/uploads\/2025\/06\/tire-ring-cutter-300x225.webp 300w, https:\/\/recyclingequipinc.com\/wp-content\/uploads\/2025\/06\/tire-ring-cutter-16x12.webp 16w\" sizes=\"(max-width: 720px) 100vw, 720px\" \/><figcaption id=\"caption-attachment-17325\" class=\"wp-caption-text\">Coupeur d'anneau de pneu<\/figcaption><\/figure> <h2>Qu'est-ce que le Coupe-Lat\u00e9ral de Pneus ?<\/h2> <p data-start=\"52\" data-end=\"318\">Le talon du pneu contient des fils d'acier dens\u00e9ment emball\u00e9s, ce qui le rend extr\u00eamement dur et difficile \u00e0 traiter directement. Sans un pr\u00e9traitement appropri\u00e9, il peut endommager les \u00e9quipements de d\u00e9coupe ou de d\u00e9chiquetage. Pour y rem\u00e9dier, un coupe-anneau de pneu est utilis\u00e9 pour retirer en toute s\u00e9curit\u00e9 la zone du talon.<\/p> <p data-start=\"320\" data-end=\"453\">En bref, le coupe-lat\u00e9ral de pneu (\u00e9galement connu sous le nom de coupeur de bague de pneu ou coupe-lat\u00e9ral de pneu de camion) est utilis\u00e9 pour :<\/p> <ul data-start=\"455\" data-end=\"618\"> <li data-start=\"455\" data-end=\"509\"> <p data-start=\"457\" data-end=\"509\">Couper les flancs de la couronne ou de la bande de roulement du pneu.<\/p> <\/li> <li data-start=\"510\" data-end=\"561\"> <p data-start=\"512\" data-end=\"561\">Permet une d\u00e9coupe suppl\u00e9mentaire des pneus et une s\u00e9paration des fils.<\/p> <\/li> <li data-start=\"562\" data-end=\"618\"> <p data-start=\"564\" data-end=\"618\">R\u00e9duire le volume des pneus pour un transport et une manipulation plus faciles.<\/p> <\/li> <\/ul> <p data-start=\"620\" data-end=\"829\" class=\"translation-block\">Une fois les flancs de pneus retir\u00e9s, ils peuvent soit \u00eatre transform\u00e9s en bandes \u00e0 l'aide d'un <strong data-start=\"701\" data-end=\"722\">coupe-bandes de pneus<\/strong>, soit envoy\u00e9s \u00e0 un <strong data-start=\"736\" data-end=\"760\">s\u00e9parateur de fils d'acier<\/strong> pour l'extraction du fil, en fonction des exigences du processus de recyclage.<\/p> <div id='gallery-1' class='gallery galleryid-17311 gallery-columns-3 gallery-size-full'><figure class='gallery-item'> \t\t\t<div class='gallery-icon landscape'> \t\t\t\t<a href='https:\/\/recyclingequipinc.com\/fr\/?attachment_id=17324'><img decoding=\"async\" width=\"720\" height=\"540\" src=\"https:\/\/recyclingequipinc.com\/wp-content\/uploads\/2025\/06\/tire-bead.webp\" class=\"attachment-full size-full\" alt=\"cerclage de pneu\" aria-describedby=\"gallery-1-17324\" srcset=\"https:\/\/recyclingequipinc.com\/wp-content\/uploads\/2025\/06\/tire-bead.webp 720w, https:\/\/recyclingequipinc.com\/wp-content\/uploads\/2025\/06\/tire-bead-300x225.webp 300w, https:\/\/recyclingequipinc.com\/wp-content\/uploads\/2025\/06\/tire-bead-16x12.webp 16w\" sizes=\"(max-width: 720px) 100vw, 720px\" \/><\/a> \t\t\t<\/div> \t\t\t\t<figcaption class='wp-caption-text gallery-caption' id='gallery-1-17324'> \t\t\t\tcerclage de pneu \t\t\t\t<\/figcaption><\/figure><figure class='gallery-item'> \t\t\t<div class='gallery-icon landscape'> \t\t\t\t<a href='https:\/\/recyclingequipinc.com\/fr\/?attachment_id=17323'><img decoding=\"async\" width=\"720\" height=\"540\" src=\"https:\/\/recyclingequipinc.com\/wp-content\/uploads\/2025\/06\/tire-bead-steel-wires.webp\" class=\"attachment-full size-full\" alt=\"fils d&#039;acier de cerclage de pneu\" aria-describedby=\"gallery-1-17323\" srcset=\"https:\/\/recyclingequipinc.com\/wp-content\/uploads\/2025\/06\/tire-bead-steel-wires.webp 720w, https:\/\/recyclingequipinc.com\/wp-content\/uploads\/2025\/06\/tire-bead-steel-wires-300x225.webp 300w, https:\/\/recyclingequipinc.com\/wp-content\/uploads\/2025\/06\/tire-bead-steel-wires-16x12.webp 16w\" sizes=\"(max-width: 720px) 100vw, 720px\" \/><\/a> \t\t\t<\/div> \t\t\t\t<figcaption class='wp-caption-text gallery-caption' id='gallery-1-17323'> \t\t\t\tfils d'acier de cerclage de pneu \t\t\t\t<\/figcaption><\/figure> \t\t<\/div>  <hr data-start=\"831\" data-end=\"834\" \/> <h2>Application du Coupe-Lat\u00e9ral de Pneus<\/h2> <p>Notre machine de d\u00e9coupe de flancs de pneus est sp\u00e9cialement con\u00e7ue pour traiter tous les types de pneus &lt; 1200 mm, y compris les pneus de camion, les pneus de voiture, etc. Elle peut \u00eatre utilis\u00e9e dans les industries suivantes :<\/p> <ul> <li>Usines de recyclage de pneus<\/li> <li>Fabrication de produits en caoutchouc<\/li> <li>Ateliers d'extraction de fil d'acier<\/li> <li>Chantiers de traitement de ferraille<\/li> <\/ul> <p>N'h\u00e9sitez pas \u00e0 nous contacter et \u00e0 nous envoyer vos mati\u00e8res premi\u00e8res, et nous pouvons recommander et personnaliser une machine de d\u00e9coupe de flanc de pneu adapt\u00e9e \u00e0 vos besoins.<\/p> <h2>Caract\u00e9ristiques Cl\u00e9s de Notre Machine de D\u00e9coupe de Cercles de Pneus<\/h2> <ul> <li><strong data-start=\"2050\" data-end=\"2072\">Large compatibilit\u00e9<\/strong>: Peut traiter diff\u00e9rentes tailles de pneus de passagers et de camions.<\/li> <li><strong data-start=\"1738\" data-end=\"1757\">Haute Efficacit\u00e9<\/strong>: S\u00e9pare rapidement les flancs avec des bords propres et lisses.<\/li> <li data-start=\"1738\" data-end=\"1813\"><strong data-start=\"1816\" data-end=\"1834\">Lames durables<\/strong>: Des lames en alliage r\u00e9sistant \u00e0 l'usure garantissent une longue dur\u00e9e de vie.<\/li> <li data-start=\"1738\" data-end=\"1813\"><strong data-start=\"1893\" data-end=\"1913\">Fonctionnement Simple<\/strong>: Facile \u00e0 utiliser avec une formation minimale requise<\/li> <li data-start=\"1738\" data-end=\"1813\"><strong data-start=\"1966\" data-end=\"1986\">Structure Stable<\/strong>: Un cadre compact et robuste assure une coupe s\u00fbre et stable.<\/li> <li data-start=\"1738\" data-end=\"1813\"><strong data-start=\"2132\" data-end=\"2151\">Faible Entretien<\/strong>Con\u00e7u pour une utilisation \u00e0 long terme avec un entretien minimal<\/li> <li data-start=\"1738\" data-end=\"1813\"><strong data-start=\"2204\" data-end=\"2222\">\u00c9conomique<\/strong>: R\u00e9duit le co\u00fbt de la main-d'\u0153uvre et am\u00e9liore la vitesse de traitement.<\/li> <\/ul> <figure id=\"attachment_17328\" aria-describedby=\"caption-attachment-17328\" style=\"width: 720px\" class=\"wp-caption aligncenter\"><img loading=\"lazy\" decoding=\"async\" class=\"wp-image-17328 size-full\" src=\"https:\/\/recyclingequipinc.com\/wp-content\/uploads\/2025\/06\/tire-sidewall-cutting-machine-for-sale.webp\" alt=\"machine de d\u00e9coupe de flanc de pneu \u00e0 vendre\" width=\"720\" height=\"540\" srcset=\"https:\/\/recyclingequipinc.com\/wp-content\/uploads\/2025\/06\/tire-sidewall-cutting-machine-for-sale.webp 720w, https:\/\/recyclingequipinc.com\/wp-content\/uploads\/2025\/06\/tire-sidewall-cutting-machine-for-sale-300x225.webp 300w, https:\/\/recyclingequipinc.com\/wp-content\/uploads\/2025\/06\/tire-sidewall-cutting-machine-for-sale-16x12.webp 16w\" sizes=\"(max-width: 720px) 100vw, 720px\" \/><figcaption id=\"caption-attachment-17328\" class=\"wp-caption-text\">machine de d\u00e9coupe de flanc de pneu \u00e0 vendre<\/figcaption><\/figure> <h2>Donn\u00e9es techniques de la d\u00e9coupeuse de flancs de pneus<\/h2> <table style=\"border-collapse: collapse; width: 100%;\"> <tbody> <tr> <td style=\"width: 50%;\">Nom<\/td> <td style=\"width: 50%;\">Coupeur de flanc de pneu<\/td> <\/tr> <tr> <td style=\"width: 50%;\">Capacit\u00e9<\/td> <td style=\"width: 50%;\">40 pi\u00e8ces\/h<\/td> <\/tr> <tr> <td style=\"width: 50%;\">Puissance du moteur<\/td> <td style=\"width: 50%;\">4+0,75 KW<\/td> <\/tr> <tr> <td style=\"width: 50%;\">Plage de travail<\/td> <td style=\"width: 50%;\">pneus de 650 \u00e0 1200 mm<\/td> <\/tr> <tr> <td style=\"width: 50%;\">Taille de la machine<\/td> <td style=\"width: 50%;\">1,8*1,3*1,6 m<\/td> <\/tr> <\/tbody> <\/table> <h2>Comment fonctionne la machine \u00e0 d\u00e9couper les flancs de pneus ?<\/h2> <p>Le pneu est plac\u00e9 \u00e0 plat sur la plateforme rotative et fix\u00e9 en toute s\u00e9curit\u00e9. Apr\u00e8s avoir mis la machine sous tension, l'op\u00e9rateur utilise le syst\u00e8me de contr\u00f4le pour ajuster la position de l'outil de coupe en alliage et activer la rotation de la plateforme. Au fur et \u00e0 mesure que la plateforme tourne, la lame se d\u00e9place progressivement vers l'int\u00e9rieur, coupant pr\u00e9cis\u00e9ment le long du talon ou de la paroi lat\u00e9rale pour obtenir une s\u00e9paration nette.<\/p> <figure id=\"attachment_17327\" aria-describedby=\"caption-attachment-17327\" style=\"width: 720px\" class=\"wp-caption aligncenter\"><img loading=\"lazy\" decoding=\"async\" class=\"wp-image-17327 size-full\" src=\"https:\/\/recyclingequipinc.com\/wp-content\/uploads\/2025\/06\/tire-sidewall-cutter-working-in-the-factory.webp\" alt=\"coupeuse de flanc de pneu travaillant dans l&#039;usine\" width=\"720\" height=\"540\" srcset=\"https:\/\/recyclingequipinc.com\/wp-content\/uploads\/2025\/06\/tire-sidewall-cutter-working-in-the-factory.webp 720w, https:\/\/recyclingequipinc.com\/wp-content\/uploads\/2025\/06\/tire-sidewall-cutter-working-in-the-factory-300x225.webp 300w, https:\/\/recyclingequipinc.com\/wp-content\/uploads\/2025\/06\/tire-sidewall-cutter-working-in-the-factory-16x12.webp 16w\" sizes=\"(max-width: 720px) 100vw, 720px\" \/><figcaption id=\"caption-attachment-17327\" class=\"wp-caption-text\">coupeuse de flanc de pneu travaillant dans l'usine<\/figcaption><\/figure> <h2>D\u00e9coupeuse de flancs de pneus \u00e0 vendre<\/h2> <p class=\"translation-block\">Vous cherchez une machine coupe-flanc de pneu \u00e0 vendre ? Shuliy propose des machines rentables et de haute qualit\u00e9 pr\u00eates \u00e0 \u00eatre exp\u00e9di\u00e9es dans le monde entier. Que vous lanciez une nouvelle usine de recyclage ou que vous mettiez \u00e0 niveau votre syst\u00e8me actuel, notre machine coupe-flanc de pneu est un investissement judicieux. Si cela vous int\u00e9resse, consultez notre <a href=\"https:\/\/recyclingequipinc.com\/fr\/produit\/waste-tire-recycling-line\/\">ligne semi-automatique de recyclage de pneus usag\u00e9s<\/a> pour voir comment la machine coupe-flanc de pneu fonctionne dans le cadre d'un flux de recyclage optimis\u00e9, ou n'h\u00e9sitez pas \u00e0 nous contacter !<\/p>","protected":false},"excerpt":{"rendered":"<p>Le coupe-lat\u00e9ral de pneu est la premi\u00e8re \u00e9tape utilis\u00e9e dans une ligne de recyclage de pneus semi-automatique. Cette machine de d\u00e9coupe peut efficacement couper et retirer le talon du pneu qui int\u00e8gre des fils d'acier pour faciliter les \u00e9tapes de recyclage suivantes.<\/p>","protected":false},"featured_media":17326,"template":"","meta":{"site-sidebar-layout":"default","site-content-layout":"","ast-site-content-layout":"default","site-content-style":"default","site-sidebar-style":"default","ast-global-header-display":"","ast-banner-title-visibility":"","ast-main-header-display":"","ast-hfb-above-header-display":"","ast-hfb-below-header-display":"","ast-hfb-mobile-header-display":"","site-post-title":"","ast-breadcrumbs-content":"","ast-featured-img":"","footer-sml-layout":"","ast-disable-related-posts":"","theme-transparent-header-meta":"default","adv-header-id-meta":"","stick-header-meta":"","header-above-stick-meta":"","header-main-stick-meta":"","header-below-stick-meta":"","astra-migrate-meta-layouts":"set","ast-page-background-enabled":"default","ast-page-background-meta":{"desktop":{"background-color":"","background-image":"","background-repeat":"repeat","background-position":"center center","background-size":"auto","background-attachment":"scroll","background-type":"","background-media":"","overlay-type":"","overlay-color":"","overlay-opacity":"","overlay-gradient":""},"tablet":{"background-color":"","background-image":"","background-repeat":"repeat","background-position":"center center","background-size":"auto","background-attachment":"scroll","background-type":"","background-media":"","overlay-type":"","overlay-color":"","overlay-opacity":"","overlay-gradient":""},"mobile":{"background-color":"","background-image":"","background-repeat":"repeat","background-position":"center center","background-size":"auto","background-attachment":"scroll","background-type":"","background-media":"","overlay-type":"","overlay-color":"","overlay-opacity":"","overlay-gradient":""}},"ast-content-background-meta":{"desktop":{"background-color":"var(--ast-global-color-5)","background-image":"","background-repeat":"repeat","background-position":"center center","background-size":"auto","background-attachment":"scroll","background-type":"","background-media":"","overlay-type":"","overlay-color":"","overlay-opacity":"","overlay-gradient":""},"tablet":{"background-color":"var(--ast-global-color-5)","background-image":"","background-repeat":"repeat","background-position":"center center","background-size":"auto","background-attachment":"scroll","background-type":"","background-media":"","overlay-type":"","overlay-color":"","overlay-opacity":"","overlay-gradient":""},"mobile":{"background-color":"var(--ast-global-color-5)","background-image":"","background-repeat":"repeat","background-position":"center center","background-size":"auto","background-attachment":"scroll","background-type":"","background-media":"","overlay-type":"","overlay-color":"","overlay-opacity":"","overlay-gradient":""}}},"product_brand":[],"product_cat":[128],"product_tag":[],"class_list":{"0":"post-17311","1":"product","2":"type-product","3":"status-publish","4":"has-post-thumbnail","6":"product_cat-tire-recycling-machine","7":"desktop-align-center","8":"tablet-align-center","9":"mobile-align-center","11":"first","12":"instock","13":"shipping-taxable","14":"product-type-simple"},"_links":{"self":[{"href":"https:\/\/recyclingequipinc.com\/fr\/wp-json\/wp\/v2\/product\/17311","targetHints":{"allow":["GET"]}}],"collection":[{"href":"https:\/\/recyclingequipinc.com\/fr\/wp-json\/wp\/v2\/product"}],"about":[{"href":"https:\/\/recyclingequipinc.com\/fr\/wp-json\/wp\/v2\/types\/product"}],"version-history":[{"count":0,"href":"https:\/\/recyclingequipinc.com\/fr\/wp-json\/wp\/v2\/product\/17311\/revisions"}],"wp:featuredmedia":[{"embeddable":true,"href":"https:\/\/recyclingequipinc.com\/fr\/wp-json\/wp\/v2\/media\/17326"}],"wp:attachment":[{"href":"https:\/\/recyclingequipinc.com\/fr\/wp-json\/wp\/v2\/media?parent=17311"}],"wp:term":[{"taxonomy":"product_brand","embeddable":true,"href":"https:\/\/recyclingequipinc.com\/fr\/wp-json\/wp\/v2\/product_brand?post=17311"},{"taxonomy":"product_cat","embeddable":true,"href":"https:\/\/recyclingequipinc.com\/fr\/wp-json\/wp\/v2\/product_cat?post=17311"},{"taxonomy":"product_tag","embeddable":true,"href":"https:\/\/recyclingequipinc.com\/fr\/wp-json\/wp\/v2\/product_tag?post=17311"}],"curies":[{"name":"wp","href":"https:\/\/api.w.org\/{rel}","templated":true}]}}