{"id":17293,"date":"2025-06-09T16:37:00","date_gmt":"2025-06-09T08:37:00","guid":{"rendered":"https:\/\/recyclingequipinc.com\/?post_type=product&#038;p=17293"},"modified":"2025-08-22T10:20:13","modified_gmt":"2025-08-22T02:20:13","slug":"cotton-waste-cutting-machine","status":"publish","type":"product","link":"https:\/\/recyclingequipinc.com\/fr\/product\/cotton-waste-cutting-machine\/","title":{"rendered":"Machine de d\u00e9coupe de d\u00e9chets de coton pour le recyclage des fibres"},"content":{"rendered":"<p>Les d\u00e9chets de coton et les tissus jet\u00e9s tels que les vieux v\u00eatements, les rideaux, les tapis et les filets de p\u00eache sont courants dans notre vie quotidienne. Ces mat\u00e9riaux ont une grande valeur de recyclage et peuvent \u00eatre transform\u00e9s en nouveaux produits en fibre comme des tissus non tiss\u00e9s, des mat\u00e9riaux d'isolation, etc.<\/p> <p>Cependant, les d\u00e9chets textiles volumineux et encombrants sont difficiles \u00e0 manipuler directement. En utilisant la machine de d\u00e9coupe de d\u00e9chets de coton textile Shuliy, ces mat\u00e9riaux peuvent \u00eatre d\u00e9chiquet\u00e9s en fibres courtes et uniformes, am\u00e9liorant consid\u00e9rablement l'efficacit\u00e9 du recyclage des fibres et permettant un processus de d\u00e9coupe continu, stable et \u00e0 grande vitesse.<\/p> <div class=\"ast-oembed-container\" style=\"height: 100%;\"><iframe title=\"Machine de d\u00e9coupe de fibres puissante en action : du molleton de courtepointe et des textiles aux fibres recycl\u00e9es\" width=\"500\" height=\"281\" src=\"https:\/\/www.youtube.com\/embed\/k3odotZRnOg?feature=oembed\" frameborder=\"0\" allow=\"accelerometer; autoplay; clipboard-write; encrypted-media; gyroscope; picture-in-picture; web-share\" referrerpolicy=\"strict-origin-when-cross-origin\" allowfullscreen><\/iframe><\/div> <h2>Application et fonction de la machine de d\u00e9coupe des d\u00e9chets de coton<\/h2> <p>La machine de d\u00e9coupe de fibres Shuliy peut couper efficacement les mat\u00e9riaux suivants :<\/p> <p>Industrie textile : V\u00eatements usag\u00e9s, d\u00e9chets de fil de coton, v\u00eatements usag\u00e9s, tissus non tiss\u00e9s, \u00e9tiquettes de marque, etc.<br \/> Mat\u00e9riaux en fibre : Coton, laine, fibres chimiques, lin et chutes de cuir.<br \/> D\u00e9chets industriels : film plastique, papier, etc.<\/p> <div id='gallery-1' class='gallery galleryid-17293 gallery-columns-3 gallery-size-medium'><figure class='gallery-item'> \t\t\t<div class='gallery-icon landscape'> \t\t\t\t<a href='https:\/\/recyclingequipinc.com\/fr\/?attachment_id=17302'><img fetchpriority=\"high\" decoding=\"async\" width=\"300\" height=\"225\" src=\"https:\/\/recyclingequipinc.com\/wp-content\/uploads\/2025\/06\/waste-clothes-300x225.webp\" class=\"attachment-medium size-medium\" alt=\"v\u00eatements usag\u00e9s\" aria-describedby=\"gallery-1-17302\" srcset=\"https:\/\/recyclingequipinc.com\/wp-content\/uploads\/2025\/06\/waste-clothes-300x225.webp 300w, https:\/\/recyclingequipinc.com\/wp-content\/uploads\/2025\/06\/waste-clothes-16x12.webp 16w, https:\/\/recyclingequipinc.com\/wp-content\/uploads\/2025\/06\/waste-clothes.webp 720w\" sizes=\"(max-width: 300px) 100vw, 300px\" \/><\/a> \t\t\t<\/div> \t\t\t\t<figcaption class='wp-caption-text gallery-caption' id='gallery-1-17302'> \t\t\t\tv\u00eatements usag\u00e9s \t\t\t\t<\/figcaption><\/figure><figure class='gallery-item'> \t\t\t<div class='gallery-icon landscape'> \t\t\t\t<a href='https:\/\/recyclingequipinc.com\/fr\/?attachment_id=17300'><img decoding=\"async\" width=\"300\" height=\"225\" src=\"https:\/\/recyclingequipinc.com\/wp-content\/uploads\/2025\/06\/nonwoven-fabric-300x225.webp\" class=\"attachment-medium size-medium\" alt=\"tissu non tiss\u00e9\" aria-describedby=\"gallery-1-17300\" srcset=\"https:\/\/recyclingequipinc.com\/wp-content\/uploads\/2025\/06\/nonwoven-fabric-300x225.webp 300w, https:\/\/recyclingequipinc.com\/wp-content\/uploads\/2025\/06\/nonwoven-fabric-16x12.webp 16w, https:\/\/recyclingequipinc.com\/wp-content\/uploads\/2025\/06\/nonwoven-fabric.webp 720w\" sizes=\"(max-width: 300px) 100vw, 300px\" \/><\/a> \t\t\t<\/div> \t\t\t\t<figcaption class='wp-caption-text gallery-caption' id='gallery-1-17300'> \t\t\t\ttissu non tiss\u00e9 \t\t\t\t<\/figcaption><\/figure><figure class='gallery-item'> \t\t\t<div class='gallery-icon landscape'> \t\t\t\t<a href='https:\/\/recyclingequipinc.com\/fr\/?attachment_id=17304'><img decoding=\"async\" width=\"300\" height=\"225\" src=\"https:\/\/recyclingequipinc.com\/wp-content\/uploads\/2025\/06\/wool-fiber-300x225.webp\" class=\"attachment-medium size-medium\" alt=\"fibre de laine\" aria-describedby=\"gallery-1-17304\" srcset=\"https:\/\/recyclingequipinc.com\/wp-content\/uploads\/2025\/06\/wool-fiber-300x225.webp 300w, https:\/\/recyclingequipinc.com\/wp-content\/uploads\/2025\/06\/wool-fiber-16x12.webp 16w, https:\/\/recyclingequipinc.com\/wp-content\/uploads\/2025\/06\/wool-fiber.webp 720w\" sizes=\"(max-width: 300px) 100vw, 300px\" \/><\/a> \t\t\t<\/div> \t\t\t\t<figcaption class='wp-caption-text gallery-caption' id='gallery-1-17304'> \t\t\t\tfibre de laine \t\t\t\t<\/figcaption><\/figure> \t\t<\/div>  <p>Avec cette machine de d\u00e9coupe textile, vous pouvez obtenir :<\/p> <ul> <li>D\u00e9coupe fine : Hache uniform\u00e9ment les d\u00e9chets de mat\u00e9riau en fibre (longueur r\u00e9glable : 3 mm - 500 mm).<\/li> <li>Pr\u00e9traitement de r\u00e9g\u00e9n\u00e9ration : Fournit des mati\u00e8res premi\u00e8res qualifi\u00e9es pour le desserrage et le retraitement.<\/li> <li>Remplacer le travail manuel : R\u00e9sout le probl\u00e8me de la d\u00e9coupe et du hachage traditionnels, qui n\u00e9cessitent beaucoup de main-d'\u0153uvre.<\/li> <li>Bon effet de d\u00e9coupe : Compar\u00e9 \u00e0 une machine de d\u00e9coupe laser de fibres, il n'y a pas d'impact thermique ni de marques de br\u00fblure sur le mat\u00e9riau, et il n'est pas collant.<\/li> <li>Optimisation du processus : R\u00e9aliser l'automatisation compl\u00e8te de l'alimentation continue, du cisaillement et du d\u00e9chargement.<\/li> <\/ul> <div id='gallery-2' class='gallery galleryid-17293 gallery-columns-3 gallery-size-medium'><figure class='gallery-item'> \t\t\t<div class='gallery-icon landscape'> \t\t\t\t<a href='https:\/\/recyclingequipinc.com\/fr\/?attachment_id=17298'><img loading=\"lazy\" decoding=\"async\" width=\"300\" height=\"225\" src=\"https:\/\/recyclingequipinc.com\/wp-content\/uploads\/2025\/06\/cut-fibers-300x225.webp\" class=\"attachment-medium size-medium\" alt=\"fibres coup\u00e9es\" aria-describedby=\"gallery-2-17298\" srcset=\"https:\/\/recyclingequipinc.com\/wp-content\/uploads\/2025\/06\/cut-fibers-300x225.webp 300w, https:\/\/recyclingequipinc.com\/wp-content\/uploads\/2025\/06\/cut-fibers-16x12.webp 16w, https:\/\/recyclingequipinc.com\/wp-content\/uploads\/2025\/06\/cut-fibers.webp 720w\" sizes=\"(max-width: 300px) 100vw, 300px\" \/><\/a> \t\t\t<\/div> \t\t\t\t<figcaption class='wp-caption-text gallery-caption' id='gallery-2-17298'> \t\t\t\tfibres coup\u00e9es \t\t\t\t<\/figcaption><\/figure><figure class='gallery-item'> \t\t\t<div class='gallery-icon landscape'> \t\t\t\t<a href='https:\/\/recyclingequipinc.com\/fr\/?attachment_id=17301'><img loading=\"lazy\" decoding=\"async\" width=\"300\" height=\"225\" src=\"https:\/\/recyclingequipinc.com\/wp-content\/uploads\/2025\/06\/small-fiber-pieces-output-300x225.webp\" class=\"attachment-medium size-medium\" alt=\"petits morceaux de fibres en sortie\" aria-describedby=\"gallery-2-17301\" srcset=\"https:\/\/recyclingequipinc.com\/wp-content\/uploads\/2025\/06\/small-fiber-pieces-output-300x225.webp 300w, https:\/\/recyclingequipinc.com\/wp-content\/uploads\/2025\/06\/small-fiber-pieces-output-16x12.webp 16w, https:\/\/recyclingequipinc.com\/wp-content\/uploads\/2025\/06\/small-fiber-pieces-output.webp 720w\" sizes=\"(max-width: 300px) 100vw, 300px\" \/><\/a> \t\t\t<\/div> \t\t\t\t<figcaption class='wp-caption-text gallery-caption' id='gallery-2-17301'> \t\t\t\tpetits morceaux de fibres en sortie \t\t\t\t<\/figcaption><\/figure> \t\t<\/div>  <h2>Top 5 avantages de la machine \u00e0 couper le textile<\/h2> <ul> <li data-start=\"114\" data-end=\"218\"> <p data-start=\"117\" data-end=\"218\" class=\"translation-block\"><strong data-start=\"117\" data-end=\"139\">D\u00e9coupe \u00e0 Grande Vitesse<\/strong><br data-start=\"139\" data-end=\"142\" \/>Lames rotatives spiral\u00e9es avanc\u00e9es permettent une d\u00e9coupe continue \u00e0 300\u20132000 kg\/h.<\/p> <\/li> <li data-start=\"220\" data-end=\"311\"> <p data-start=\"223\" data-end=\"311\" class=\"translation-block\"><strong data-start=\"223\" data-end=\"242\">Contr\u00f4le Pr\u00e9cis<\/strong><br data-start=\"242\" data-end=\"245\" \/>Longueur de coupe r\u00e9glable avec une pr\u00e9cision de \u00b11 mm (selon le mod\u00e8le).<\/p> <\/li> <li data-start=\"313\" data-end=\"404\"> <p data-start=\"316\" data-end=\"404\" class=\"translation-block\"><strong data-start=\"316\" data-end=\"334\">Lames Durables<\/strong><br data-start=\"334\" data-end=\"337\" \/>Lames en acier alli\u00e9 avec un design \u00e0 double tranchant prolonge la dur\u00e9e de vie de 3\u00d7.<\/p> <\/li> <li data-start=\"406\" data-end=\"503\"> <p data-start=\"409\" data-end=\"503\" class=\"translation-block\"><strong data-start=\"409\" data-end=\"429\">Protection Intelligente<\/strong><br data-start=\"429\" data-end=\"432\" \/>Protection contre les surcharges int\u00e9gr\u00e9e et arr\u00eat d'urgence pour une op\u00e9ration plus s\u00fbre.<\/p> <\/li> <li data-start=\"505\" data-end=\"607\"> <p data-start=\"508\" data-end=\"607\" class=\"translation-block\"><strong data-start=\"508\" data-end=\"528\">Entretien Facile<\/strong><br data-start=\"528\" data-end=\"531\" \/>Plateau de lames modulaire et guide visuel permettant un service rapide en &lt;30 minutes.<\/p> <\/li> <\/ul> <div id='gallery-3' class='gallery galleryid-17293 gallery-columns-3 gallery-size-medium'><figure class='gallery-item'> \t\t\t<div class='gallery-icon landscape'> \t\t\t\t<a href='https:\/\/recyclingequipinc.com\/fr\/?attachment_id=17303'><img loading=\"lazy\" decoding=\"async\" width=\"300\" height=\"225\" src=\"https:\/\/recyclingequipinc.com\/wp-content\/uploads\/2025\/06\/waste-cotton-cloth-cuttiing-machine-300x225.webp\" class=\"attachment-medium size-medium\" alt=\"machine de d\u00e9coupe de tissu en coton usag\u00e9\" aria-describedby=\"gallery-3-17303\" srcset=\"https:\/\/recyclingequipinc.com\/wp-content\/uploads\/2025\/06\/waste-cotton-cloth-cuttiing-machine-300x225.webp 300w, https:\/\/recyclingequipinc.com\/wp-content\/uploads\/2025\/06\/waste-cotton-cloth-cuttiing-machine-16x12.webp 16w, https:\/\/recyclingequipinc.com\/wp-content\/uploads\/2025\/06\/waste-cotton-cloth-cuttiing-machine.webp 720w\" sizes=\"(max-width: 300px) 100vw, 300px\" \/><\/a> \t\t\t<\/div> \t\t\t\t<figcaption class='wp-caption-text gallery-caption' id='gallery-3-17303'> \t\t\t\tmachine de d\u00e9coupe de tissu en coton usag\u00e9 \t\t\t\t<\/figcaption><\/figure><figure class='gallery-item'> \t\t\t<div class='gallery-icon landscape'> \t\t\t\t<a href='https:\/\/recyclingequipinc.com\/fr\/?attachment_id=17299'><img loading=\"lazy\" decoding=\"async\" width=\"300\" height=\"225\" src=\"https:\/\/recyclingequipinc.com\/wp-content\/uploads\/2025\/06\/fiber-textile-cutter-machine-blades-300x225.webp\" class=\"attachment-medium size-medium\" alt=\"lames de machine de d\u00e9coupe de textile en fibre\" aria-describedby=\"gallery-3-17299\" srcset=\"https:\/\/recyclingequipinc.com\/wp-content\/uploads\/2025\/06\/fiber-textile-cutter-machine-blades-300x225.webp 300w, https:\/\/recyclingequipinc.com\/wp-content\/uploads\/2025\/06\/fiber-textile-cutter-machine-blades-16x12.webp 16w, https:\/\/recyclingequipinc.com\/wp-content\/uploads\/2025\/06\/fiber-textile-cutter-machine-blades.webp 720w\" sizes=\"(max-width: 300px) 100vw, 300px\" \/><\/a> \t\t\t<\/div> \t\t\t\t<figcaption class='wp-caption-text gallery-caption' id='gallery-3-17299'> \t\t\t\tlames de machine de d\u00e9coupe de textile en fibre \t\t\t\t<\/figcaption><\/figure> \t\t<\/div>  <h2>Machines de d\u00e9coupe de tissu les plus vendues \u00e0 vendre<\/h2> <p>Voici les sp\u00e9cifications de nos cinq machines de d\u00e9coupe de d\u00e9chets de coton les plus vendues. Les lames de la machine de d\u00e9coupe de fibres sont en acier \u00e0 outils en alliage dur et durable.<\/p> <table style=\"border-collapse: collapse; width: 100%;\"> <tbody> <tr> <td style=\"width: 16.6667%;\">Mod\u00e8le<\/td> <td style=\"width: 16.6667%;\">500B<\/td> <td style=\"width: 16.6667%;\">800C<\/td> <td style=\"width: 16.6667%;\">1200B<\/td> <td style=\"width: 16.6667%;\">1600B<\/td> <td style=\"width: 16.6667%;\">2400B<\/td> <\/tr> <tr> <td style=\"width: 16.6667%;\">Capacit\u00e9<\/td> <td style=\"width: 16.6667%;\">300\u2013500 kg\/h<\/td> <td style=\"width: 16.6667%;\">500\u2013800 kg\/h<\/td> <td style=\"width: 16.6667%;\">800\u20131200 kg\/h<\/td> <td style=\"width: 16.6667%;\">1000\u20133000 kg\/h<\/td> <td style=\"width: 16.6667%;\">\u00a02000\u20135000 kg\/h<\/td> <\/tr> <tr> <td style=\"width: 16.6667%;\">Puissance du moteur<\/td> <td style=\"width: 16.6667%;\">5,5 + 1,5 kW<\/td> <td style=\"width: 16.6667%;\">\u00a07,5 + 1,5 kW<\/td> <td style=\"width: 16.6667%;\">15 + 2,2 kW<\/td> <td style=\"width: 16.6667%;\">\u00a018,5 + 3,0 kW<\/td> <td style=\"width: 16.6667%;\">\u00a022 + 3,0 kW<\/td> <\/tr> <tr> <td style=\"width: 16.6667%;\">Taille de coupe<\/td> <td style=\"width: 16.6667%;\">5\u2013150 mm<\/td> <td style=\"width: 16.6667%;\">5\u2013150 mm<\/td> <td style=\"width: 16.6667%;\">5\u2013150 mm<\/td> <td style=\"width: 16.6667%;\">5\u2013300 mm<\/td> <td style=\"width: 16.6667%;\">10\u2013300 mm<\/td> <\/tr> <tr> <td style=\"width: 16.6667%;\">\u00c9paisseur de coupe<\/td> <td style=\"width: 16.6667%;\">20 mm<\/td> <td style=\"width: 16.6667%;\">\u00a030\u201350 mm<\/td> <td style=\"width: 16.6667%;\">\u00a030\u201350 mm<\/td> <td style=\"width: 16.6667%;\">\u00a030\u2013150 mm<\/td> <td style=\"width: 16.6667%;\">\u00a030\u2013200 mm<\/td> <\/tr> <tr> <td style=\"width: 16.6667%;\">Dimensions<\/td> <td style=\"width: 16.6667%;\">3200*1000*1200 mm<\/td> <td style=\"width: 16.6667%;\">3200*1000*1200 mm<\/td> <td style=\"width: 16.6667%;\">7000*1500*1500 mm<\/td> <td style=\"width: 16.6667%;\">7000*1800*1950 mm<\/td> <td style=\"width: 16.6667%;\">5800*2200*1950 mm<\/td> <\/tr> <tr> <td style=\"width: 16.6667%;\">Bande d'alimentation \/ de sortie<\/td> <td style=\"width: 16.6667%;\">2800*350 mm<\/td> <td style=\"width: 16.6667%;\">\u00a02800*350 mm<\/td> <td style=\"width: 16.6667%;\">\u00a03000*520 mm<\/td> <td style=\"width: 16.6667%;\">\u00a03000*720 mm<\/td> <td style=\"width: 16.6667%;\">\u00a03000*1100 mm<\/td> <\/tr> <tr> <td style=\"width: 16.6667%;\">Configuration \u00e9lectrique<\/td> <td style=\"width: 16.6667%;\">Protection thermique contre les surcharges, bo\u00eete de contr\u00f4le \u00e9lectrique<\/td> <td style=\"width: 16.6667%;\">Protection thermique contre les surcharges, bo\u00eete de contr\u00f4le \u00e9lectrique<\/td> <td style=\"width: 16.6667%;\">\u00a0Bo\u00eete de contr\u00f4le \u00e9lectrique ind\u00e9pendante<\/td> <td style=\"width: 16.6667%;\">\u00a0Bo\u00eete de contr\u00f4le \u00e9lectrique ind\u00e9pendante<\/td> <td style=\"width: 16.6667%;\">Bo\u00eete de contr\u00f4le \u00e9lectrique triple ind\u00e9pendante<\/td> <\/tr> <\/tbody> <\/table> <h2>Principe de fonctionnement de la machine de d\u00e9coupe des d\u00e9chets de tissu en coton<\/h2> <ul> <li>Entr\u00e9e : Placez les fibres de d\u00e9chets, les chiffons en coton, etc., sur le tapis de transfert et dans la machine de coupe de d\u00e9chets de coton.<\/li> <li>D\u00e9coupe : La machine de d\u00e9coupe de fibres utilise un design avanc\u00e9 de lame rotative spirale inclin\u00e9e qui fonctionne avec des lames fixes pour cr\u00e9er un point de cisaillement mobile. Cela permet une d\u00e9coupe continue et \u00e0 grande vitesse des mat\u00e9riaux.<\/li> <li>D\u00e9charge : Les morceaux de fibre coup\u00e9s glissent dans la tr\u00e9mie et sont envoy\u00e9s par le biais du tapis de sortie. Selon les exigences de production, un dispositif de s\u00e9paration magn\u00e9tique puissant peut \u00eatre ajout\u00e9 pour absorber les clous, boutons, etc. m\u00e9lang\u00e9s, prolongeant ainsi la dur\u00e9e de vie des lames.<\/li> <\/ul> <h2>Obtenez le prix de la d\u00e9coupeuse de tissu !<\/h2> <p>Shuliy propose une large gamme de machines de d\u00e9coupe de d\u00e9chets de coton et des solutions personnalis\u00e9es pour le recyclage des fibres. Si vous \u00eates int\u00e9ress\u00e9, veuillez nous contacter pour les prix, les photos, les vid\u00e9os en direct, les applications industrielles, et plus encore!<\/p> <figure id=\"attachment_17296\" aria-describedby=\"caption-attachment-17296\" style=\"width: 720px\" class=\"wp-caption aligncenter\"><img loading=\"lazy\" decoding=\"async\" class=\"wp-image-17296 size-full\" src=\"https:\/\/recyclingequipinc.com\/wp-content\/uploads\/2025\/06\/cotton-waste-cutting-machine-for-sale.webp\" alt=\"machine de d\u00e9coupe de d\u00e9chets de coton \u00e0 vendre\" width=\"720\" height=\"540\" srcset=\"https:\/\/recyclingequipinc.com\/wp-content\/uploads\/2025\/06\/cotton-waste-cutting-machine-for-sale.webp 720w, https:\/\/recyclingequipinc.com\/wp-content\/uploads\/2025\/06\/cotton-waste-cutting-machine-for-sale-300x225.webp 300w, https:\/\/recyclingequipinc.com\/wp-content\/uploads\/2025\/06\/cotton-waste-cutting-machine-for-sale-16x12.webp 16w\" sizes=\"(max-width: 720px) 100vw, 720px\" \/><figcaption id=\"caption-attachment-17296\" class=\"wp-caption-text\">machine de d\u00e9coupe de d\u00e9chets de coton \u00e0 vendre<\/figcaption><\/figure>","protected":false},"excerpt":{"rendered":"<p>La machine de d\u00e9coupe de d\u00e9chets de coton Shuliy coupe tous les types de fibres textiles en petits morceaux uniformes, fournissant des mati\u00e8res premi\u00e8res de qualit\u00e9 pour l'ouverture et le retraitement ult\u00e9rieurs. Cette machine a une capacit\u00e9 de 300 \u00e0 5 000 kg\/h, et la longueur de la fibre finie peut \u00eatre ajust\u00e9e de 3 \u00e0 500 mm.<\/p>","protected":false},"featured_media":17297,"template":"","meta":{"site-sidebar-layout":"default","site-content-layout":"","ast-site-content-layout":"default","site-content-style":"default","site-sidebar-style":"default","ast-global-header-display":"","ast-banner-title-visibility":"","ast-main-header-display":"","ast-hfb-above-header-display":"","ast-hfb-below-header-display":"","ast-hfb-mobile-header-display":"","site-post-title":"","ast-breadcrumbs-content":"","ast-featured-img":"","footer-sml-layout":"","ast-disable-related-posts":"","theme-transparent-header-meta":"default","adv-header-id-meta":"","stick-header-meta":"","header-above-stick-meta":"","header-main-stick-meta":"","header-below-stick-meta":"","astra-migrate-meta-layouts":"set","ast-page-background-enabled":"default","ast-page-background-meta":{"desktop":{"background-color":"","background-image":"","background-repeat":"repeat","background-position":"center center","background-size":"auto","background-attachment":"scroll","background-type":"","background-media":"","overlay-type":"","overlay-color":"","overlay-opacity":"","overlay-gradient":""},"tablet":{"background-color":"","background-image":"","background-repeat":"repeat","background-position":"center center","background-size":"auto","background-attachment":"scroll","background-type":"","background-media":"","overlay-type":"","overlay-color":"","overlay-opacity":"","overlay-gradient":""},"mobile":{"background-color":"","background-image":"","background-repeat":"repeat","background-position":"center center","background-size":"auto","background-attachment":"scroll","background-type":"","background-media":"","overlay-type":"","overlay-color":"","overlay-opacity":"","overlay-gradient":""}},"ast-content-background-meta":{"desktop":{"background-color":"var(--ast-global-color-5)","background-image":"","background-repeat":"repeat","background-position":"center center","background-size":"auto","background-attachment":"scroll","background-type":"","background-media":"","overlay-type":"","overlay-color":"","overlay-opacity":"","overlay-gradient":""},"tablet":{"background-color":"var(--ast-global-color-5)","background-image":"","background-repeat":"repeat","background-position":"center center","background-size":"auto","background-attachment":"scroll","background-type":"","background-media":"","overlay-type":"","overlay-color":"","overlay-opacity":"","overlay-gradient":""},"mobile":{"background-color":"var(--ast-global-color-5)","background-image":"","background-repeat":"repeat","background-position":"center center","background-size":"auto","background-attachment":"scroll","background-type":"","background-media":"","overlay-type":"","overlay-color":"","overlay-opacity":"","overlay-gradient":""}}},"product_brand":[],"product_cat":[129],"product_tag":[],"class_list":{"0":"post-17293","1":"product","2":"type-product","3":"status-publish","4":"has-post-thumbnail","6":"product_cat-fiber-recycling-machine","7":"desktop-align-center","8":"tablet-align-center","9":"mobile-align-center","11":"first","12":"instock","13":"shipping-taxable","14":"product-type-simple"},"_links":{"self":[{"href":"https:\/\/recyclingequipinc.com\/fr\/wp-json\/wp\/v2\/product\/17293","targetHints":{"allow":["GET"]}}],"collection":[{"href":"https:\/\/recyclingequipinc.com\/fr\/wp-json\/wp\/v2\/product"}],"about":[{"href":"https:\/\/recyclingequipinc.com\/fr\/wp-json\/wp\/v2\/types\/product"}],"version-history":[{"count":0,"href":"https:\/\/recyclingequipinc.com\/fr\/wp-json\/wp\/v2\/product\/17293\/revisions"}],"wp:featuredmedia":[{"embeddable":true,"href":"https:\/\/recyclingequipinc.com\/fr\/wp-json\/wp\/v2\/media\/17297"}],"wp:attachment":[{"href":"https:\/\/recyclingequipinc.com\/fr\/wp-json\/wp\/v2\/media?parent=17293"}],"wp:term":[{"taxonomy":"product_brand","embeddable":true,"href":"https:\/\/recyclingequipinc.com\/fr\/wp-json\/wp\/v2\/product_brand?post=17293"},{"taxonomy":"product_cat","embeddable":true,"href":"https:\/\/recyclingequipinc.com\/fr\/wp-json\/wp\/v2\/product_cat?post=17293"},{"taxonomy":"product_tag","embeddable":true,"href":"https:\/\/recyclingequipinc.com\/fr\/wp-json\/wp\/v2\/product_tag?post=17293"}],"curies":[{"name":"wp","href":"https:\/\/api.w.org\/{rel}","templated":true}]}}