{"id":17268,"date":"2025-05-26T14:37:26","date_gmt":"2025-05-26T06:37:26","guid":{"rendered":"https:\/\/recyclingequipinc.com\/?post_type=product&#038;p=17268"},"modified":"2025-05-26T14:38:27","modified_gmt":"2025-05-26T06:38:27","slug":"mining-tire-recycling-machine","status":"publish","type":"product","link":"https:\/\/recyclingequipinc.com\/fr\/product\/mining-tire-recycling-machine\/","title":{"rendered":"Machine de recyclage de pneus miniers \u00e0 vendre | \u00c9limination de pneus OTR"},"content":{"rendered":"<p>Avec le d\u00e9veloppement de l'agriculture, de l'exploitation mini\u00e8re et d'autres industries, le nombre de pneus hors route (OTR) jet\u00e9s a consid\u00e9rablement augment\u00e9. Bien que les pneus de mine usag\u00e9s aient une grande valeur de recyclage, ils sont difficiles \u00e0 traiter directement en raison de leur grande taille et de leur structure robuste. Les machines de recyclage de pneus de mine Shuliy peuvent traiter des pneus OTR g\u00e9ants de plus de 1400 mm pour obtenir une poudre de caoutchouc ajustable de tailles allant de 10 \u00e0 40 mesh, des jantes en acier et des fibres de nylon pour r\u00e9utilisation.<\/p> <figure id=\"attachment_17275\" aria-describedby=\"caption-attachment-17275\" style=\"width: 720px\" class=\"wp-caption aligncenter\"><img fetchpriority=\"high\" decoding=\"async\" class=\"wp-image-17275 size-full\" src=\"https:\/\/recyclingequipinc.com\/wp-content\/uploads\/2025\/05\/mining-tire-recycling-line.webp\" alt=\"ligne de recyclage de pneus miniers\" width=\"720\" height=\"540\" srcset=\"https:\/\/recyclingequipinc.com\/wp-content\/uploads\/2025\/05\/mining-tire-recycling-line.webp 720w, https:\/\/recyclingequipinc.com\/wp-content\/uploads\/2025\/05\/mining-tire-recycling-line-300x225.webp 300w, https:\/\/recyclingequipinc.com\/wp-content\/uploads\/2025\/05\/mining-tire-recycling-line-16x12.webp 16w\" sizes=\"(max-width: 720px) 100vw, 720px\" \/><figcaption id=\"caption-attachment-17275\" class=\"wp-caption-text\">ligne de recyclage de pneus miniers<\/figcaption><\/figure> <h2>Le r\u00f4le des machines de recyclage de pneus miniers Shuliy<\/h2> <p>Ce syst\u00e8me de recyclage de pneus miniers est adapt\u00e9 \u00e0 tous les grands pneus d'un diam\u00e8tre sup\u00e9rieur \u00e0 1400 mm, y compris les pneus miniers, les pneus de terrassement, les pneus de chargeur, etc. Gr\u00e2ce \u00e0 un processus de d\u00e9sint\u00e9gration, de concassage, de broyage et de tamisage, une poudre de caoutchouc fine et uniforme est obtenue. Ces poudres sont largement utilis\u00e9es dans la remanufacturation de modifications d'asphalte, de pneus recycl\u00e9s, de tapis en caoutchouc et d'autres produits en caoutchouc. La finesse de la poudre de caoutchouc peut \u00eatre ajust\u00e9e de 10 \u00e0 40 mesh selon la demande.<\/p> <div id='gallery-1' class='gallery galleryid-17268 gallery-columns-3 gallery-size-full'><figure class='gallery-item'> \t\t\t<div class='gallery-icon landscape'> \t\t\t\t<a href='https:\/\/recyclingequipinc.com\/fr\/?attachment_id=17278'><img decoding=\"async\" width=\"720\" height=\"540\" src=\"https:\/\/recyclingequipinc.com\/wp-content\/uploads\/2025\/05\/OTR-mining-tires.webp\" class=\"attachment-full size-full\" alt=\"Pneus miniers OTR\" aria-describedby=\"gallery-1-17278\" srcset=\"https:\/\/recyclingequipinc.com\/wp-content\/uploads\/2025\/05\/OTR-mining-tires.webp 720w, https:\/\/recyclingequipinc.com\/wp-content\/uploads\/2025\/05\/OTR-mining-tires-300x225.webp 300w, https:\/\/recyclingequipinc.com\/wp-content\/uploads\/2025\/05\/OTR-mining-tires-16x12.webp 16w\" sizes=\"(max-width: 720px) 100vw, 720px\" \/><\/a> \t\t\t<\/div> \t\t\t\t<figcaption class='wp-caption-text gallery-caption' id='gallery-1-17278'> \t\t\t\tPneus miniers OTR \t\t\t\t<\/figcaption><\/figure><figure class='gallery-item'> \t\t\t<div class='gallery-icon landscape'> \t\t\t\t<a href='https:\/\/recyclingequipinc.com\/fr\/?attachment_id=17281'><img decoding=\"async\" width=\"720\" height=\"540\" src=\"https:\/\/recyclingequipinc.com\/wp-content\/uploads\/2025\/05\/Taller-than-human-large-mining-tires.webp\" class=\"attachment-full size-full\" alt=\"Des pneus de mining plus grands que l&#039;homme\" aria-describedby=\"gallery-1-17281\" srcset=\"https:\/\/recyclingequipinc.com\/wp-content\/uploads\/2025\/05\/Taller-than-human-large-mining-tires.webp 720w, https:\/\/recyclingequipinc.com\/wp-content\/uploads\/2025\/05\/Taller-than-human-large-mining-tires-300x225.webp 300w, https:\/\/recyclingequipinc.com\/wp-content\/uploads\/2025\/05\/Taller-than-human-large-mining-tires-16x12.webp 16w\" sizes=\"(max-width: 720px) 100vw, 720px\" \/><\/a> \t\t\t<\/div> \t\t\t\t<figcaption class='wp-caption-text gallery-caption' id='gallery-1-17281'> \t\t\t\tDes pneus de mining plus grands que l'homme \t\t\t\t<\/figcaption><\/figure><figure class='gallery-item'> \t\t\t<div class='gallery-icon landscape'> \t\t\t\t<a href='https:\/\/recyclingequipinc.com\/fr\/?attachment_id=17274'><img loading=\"lazy\" decoding=\"async\" width=\"720\" height=\"540\" src=\"https:\/\/recyclingequipinc.com\/wp-content\/uploads\/2025\/05\/gaint-tires.webp\" class=\"attachment-full size-full\" alt=\"Des pneus g\u00e9ants\" aria-describedby=\"gallery-1-17274\" srcset=\"https:\/\/recyclingequipinc.com\/wp-content\/uploads\/2025\/05\/gaint-tires.webp 720w, https:\/\/recyclingequipinc.com\/wp-content\/uploads\/2025\/05\/gaint-tires-300x225.webp 300w, https:\/\/recyclingequipinc.com\/wp-content\/uploads\/2025\/05\/gaint-tires-16x12.webp 16w\" sizes=\"(max-width: 720px) 100vw, 720px\" \/><\/a> \t\t\t<\/div> \t\t\t\t<figcaption class='wp-caption-text gallery-caption' id='gallery-1-17274'> \t\t\t\tDes pneus g\u00e9ants \t\t\t\t<\/figcaption><\/figure> \t\t<\/div>  <p>De plus, le fil d'acier et les fibres sont efficacement s\u00e9par\u00e9s tout au long du processus de production de poudre de pneus. Ces mat\u00e9riaux peuvent \u00eatre utilis\u00e9s comme mati\u00e8res premi\u00e8res pour la production d'acier et comme combustibles alternatifs, respectivement. Cela am\u00e9liore consid\u00e9rablement le taux d'utilisation des ressources et la valeur \u00e9conomique des pneus OTR usag\u00e9s.<\/p> <figure id=\"attachment_17282\" aria-describedby=\"caption-attachment-17282\" style=\"width: 1120px\" class=\"wp-caption aligncenter\"><img loading=\"lazy\" decoding=\"async\" class=\"wp-image-17282 size-full\" src=\"https:\/\/recyclingequipinc.com\/wp-content\/uploads\/2025\/05\/wide-applications-of-recycled-materials-from-OTR-tires.webp\" alt=\"large applications des mat\u00e9riaux recycl\u00e9s provenant des pneus OTR\" width=\"1120\" height=\"200\" srcset=\"https:\/\/recyclingequipinc.com\/wp-content\/uploads\/2025\/05\/wide-applications-of-recycled-materials-from-OTR-tires.webp 1120w, https:\/\/recyclingequipinc.com\/wp-content\/uploads\/2025\/05\/wide-applications-of-recycled-materials-from-OTR-tires-300x54.webp 300w, https:\/\/recyclingequipinc.com\/wp-content\/uploads\/2025\/05\/wide-applications-of-recycled-materials-from-OTR-tires-1024x183.webp 1024w, https:\/\/recyclingequipinc.com\/wp-content\/uploads\/2025\/05\/wide-applications-of-recycled-materials-from-OTR-tires-768x137.webp 768w, https:\/\/recyclingequipinc.com\/wp-content\/uploads\/2025\/05\/wide-applications-of-recycled-materials-from-OTR-tires-18x3.webp 18w, https:\/\/recyclingequipinc.com\/wp-content\/uploads\/2025\/05\/wide-applications-of-recycled-materials-from-OTR-tires-750x134.webp 750w\" sizes=\"(max-width: 1120px) 100vw, 1120px\" \/><figcaption id=\"caption-attachment-17282\" class=\"wp-caption-text\">large applications des mat\u00e9riaux recycl\u00e9s provenant des pneus OTR<\/figcaption><\/figure> <h2>Avantages de notre \u00e9quipement de recyclage de pneus miniers<\/h2> <ul> <li>Avec une forte adaptabilit\u00e9 et une large application, elle convient \u00e0 tous les pneus OTR d'un diam\u00e8tre sup\u00e9rieur \u00e0 1400 mm.<\/li> <li>L'ensemble de la machine est construit selon des normes de l'industrie lourde avec une structure robuste, des mat\u00e9riaux r\u00e9sistants \u00e0 l'usure, une forte capacit\u00e9 de chargement et une grande efficacit\u00e9 op\u00e9rationnelle.<\/li> <li>La finesse de la poudre de caoutchouc peut \u00eatre ajust\u00e9e de 10 \u00e0 40 mailles pour r\u00e9pondre \u00e0 diverses exigences de production.<\/li> <li>Elle s\u00e9pare tr\u00e8s efficacement les impuret\u00e9s en fil d'acier et en fibres, et la poudre de caoutchouc est pure \u00e0 99 % ou plus.<\/li> <li>Elle a une faible consommation d'\u00e9nergie et est conforme aux normes de protection de l'environnement et d'\u00e9conomie d'\u00e9nergie.<\/li> <\/ul> <p>&nbsp;<\/p> <h2>Deux lignes de production de caoutchouc enti\u00e8rement automatiques<\/h2> <p>Pour r\u00e9pondre pleinement aux besoins de recyclage des pneus OTR de diff\u00e9rentes tailles, Shuliy propose deux voies de traitement : \u00ab Dessin de fil - D\u00e9chiquetage - Broyage \u00bb est utilis\u00e9 pour les pneus de taille moyenne (1400-4000 mm), tandis que \u00ab D\u00e9sint\u00e9gration - D\u00e9chiquetage - Broyage \u00bb est utilis\u00e9 pour les pneus entiers surdimensionn\u00e9s (\u22652100 mm). Il existe \u00e9galement des options flexibles disponibles pour r\u00e9pondre \u00e0 divers besoins de production.<\/p> <h3><span style=\"font-size: 14pt;\">Ligne de recyclage de pneus OTR pour pneus de 1400 \u00e0 4000 mm<\/span><\/h3> <figure id=\"attachment_17277\" aria-describedby=\"caption-attachment-17277\" style=\"width: 720px\" class=\"wp-caption alignleft\"><img loading=\"lazy\" decoding=\"async\" class=\"wp-image-17277 size-full\" src=\"https:\/\/recyclingequipinc.com\/wp-content\/uploads\/2025\/05\/mining-tire-recycling-solution-1.webp\" alt=\"solution de recyclage des pneus miniers 1\" width=\"720\" height=\"540\" srcset=\"https:\/\/recyclingequipinc.com\/wp-content\/uploads\/2025\/05\/mining-tire-recycling-solution-1.webp 720w, https:\/\/recyclingequipinc.com\/wp-content\/uploads\/2025\/05\/mining-tire-recycling-solution-1-300x225.webp 300w, https:\/\/recyclingequipinc.com\/wp-content\/uploads\/2025\/05\/mining-tire-recycling-solution-1-16x12.webp 16w\" sizes=\"(max-width: 720px) 100vw, 720px\" \/><figcaption id=\"caption-attachment-17277\" class=\"wp-caption-text\">solution de recyclage des pneus miniers 1<\/figcaption><\/figure> <p>&nbsp;<\/p> <p>Machines de recyclage de pneus de mining impliqu\u00e9es :<br \/> D\u00e9beader de pneus OTR, machine de d\u00e9coupe de pneus OTR, d\u00e9chiqueteuse de pneus en caoutchouc, broyeur de pneus et s\u00e9parateur magn\u00e9tique<\/p> <p>Flux de travail :<\/p> <ol> <li>La machine \u00e0 dessiner des pneus OTR \u00e9limine efficacement les jantes de flanc \u00e0 l'aide d'un puissant syst\u00e8me hydraulique et d'un dispositif de pr\u00e9hension.<\/li> <li>Le pneu en caoutchouc, dont les jantes ont \u00e9t\u00e9 retir\u00e9es, est divis\u00e9 en segments faciles \u00e0 d\u00e9chiqueter par une machine de coupe.<\/li> <li>Le d\u00e9chiqueteur de pneus d\u00e9chire puissamment les pneus en petits morceaux uniformes mesurant 50-100 mm \u00e0 l'aide d'un cutter rotatif \u00e0 grande vitesse.<\/li> <li>Le broyage de rouleaux doubles et l'application de dispositifs de criblage multicouches et de s\u00e9paration magn\u00e9tique produisent de la poudre de caoutchouc selon la taille d\u00e9finie, permettant un tri pr\u00e9cis.<\/li> <li>Le s\u00e9parateur de fibres s\u00e9pare efficacement les impuret\u00e9s de fibres en utilisant un tri par flux d'air.<\/li> <\/ol> <p>&nbsp;<\/p> <p>&nbsp;<\/p> <figure id=\"attachment_17276\" aria-describedby=\"caption-attachment-17276\" style=\"width: 720px\" class=\"wp-caption alignleft\"><img loading=\"lazy\" decoding=\"async\" class=\"wp-image-17276 size-full\" src=\"https:\/\/recyclingequipinc.com\/wp-content\/uploads\/2025\/05\/mining-tire-recycling-plant-2.webp\" alt=\"Usine de recyclage de pneus de mining 2\" width=\"720\" height=\"540\" srcset=\"https:\/\/recyclingequipinc.com\/wp-content\/uploads\/2025\/05\/mining-tire-recycling-plant-2.webp 720w, https:\/\/recyclingequipinc.com\/wp-content\/uploads\/2025\/05\/mining-tire-recycling-plant-2-300x225.webp 300w, https:\/\/recyclingequipinc.com\/wp-content\/uploads\/2025\/05\/mining-tire-recycling-plant-2-16x12.webp 16w\" sizes=\"(max-width: 720px) 100vw, 720px\" \/><figcaption id=\"caption-attachment-17276\" class=\"wp-caption-text\">Usine de recyclage de pneus de mining 2<\/figcaption><\/figure> <p>&nbsp;<\/p> <p>\u00c9quipements de recyclage de pneus OTR impliqu\u00e9s : machine de d\u00e9montage de pneus OTR, s\u00e9parateur de fil d'acier OTR, machine de d\u00e9chiquetage de pneus, machine de broyage de pneus et de s\u00e9paration magn\u00e9tique.<\/p> <p>Flux de travail :<\/p> <ol> <li>La machine de d\u00e9montage OTR d\u00e9compose rapidement les grands pneus en segments de sommet, de flanc et de carcasse \u00e0 l'aide de couteaux puissants et r\u00e9glables.<\/li> <li>Le s\u00e9parateur de talons OTR s\u00e9pare efficacement et compl\u00e8tement les talons int\u00e9gr\u00e9s dans la carcasse.<\/li> <li>Les blocs de pneus dont les talons ont \u00e9t\u00e9 retir\u00e9s sont ensuite aliment\u00e9s dans le d\u00e9chiqueteur de pneus pour un \u00e9crasement uniforme.<\/li> <li>Le syst\u00e8me de broyage et de tamisage des pneus permet un broyage fin et l'\u00e9limination efficace des blocs de caoutchouc.<\/li> <li>Le s\u00e9parateur de fibres s\u00e9pare les fibres.<\/li> <\/ol> <p>&nbsp;<\/p> <p>&nbsp;<\/p> <p>&nbsp;<\/p> <h2>Machines professionnelles de recyclage de pneus miniers \u00e0 vendre<\/h2> <p>Alors que l'exploitation mini\u00e8re, l'ing\u00e9nierie, le transport et d'autres industries lourdes continuent de se d\u00e9velopper, l'utilisation de pneus OTR (hors route) est en croissance. Leur grande taille et leurs caract\u00e9ristiques non d\u00e9gradables posent d'importants d\u00e9fis en mati\u00e8re de gestion environnementale et des ressources. Parall\u00e8lement, le march\u00e9 du recyclage des pneus OTR g\u00e9n\u00e8re des opportunit\u00e9s commerciales sans pr\u00e9c\u00e9dent alors que les pays renforcent le soutien politique au recyclage des pneus usag\u00e9s.<\/p> <p>Shuliy s'engage \u00e0 fournir \u00e0 nos clients du monde entier des solutions de recyclage de pneus OTR efficaces et respectueuses de l'environnement. Nous proposons des configurations d'\u00e9quipement personnalis\u00e9es et couvrons l'ensemble du processus, de la planification du site et de l'installation porte-\u00e0-porte \u00e0 la formation technique et \u00e0 une garantie gratuite d'un an. Cela aide nos clients \u00e0 d\u00e9marrer rapidement la production et \u00e0 g\u00e9n\u00e9rer des profits r\u00e9guliers. Notre \u00e9quipement a \u00e9t\u00e9 export\u00e9 vers le Canada, l'Australie, le Kenya et d'autres pays et a re\u00e7u des \u00e9loges r\u00e9pandus.<\/p> <p>N'h\u00e9sitez pas \u00e0 nous contacter d\u00e8s aujourd'hui pour une proposition et un devis si vous souhaitez prendre les devants sur le march\u00e9 du recyclage des pneus OTR. Shuliy \u2014 votre partenaire fiable en \u00e9quipements de recyclage !<\/p> <div id='gallery-2' class='gallery galleryid-17268 gallery-columns-2 gallery-size-full'><figure class='gallery-item'> \t\t\t<div class='gallery-icon landscape'> \t\t\t\t<a href='https:\/\/recyclingequipinc.com\/fr\/?attachment_id=17280'><img loading=\"lazy\" decoding=\"async\" width=\"720\" height=\"540\" src=\"https:\/\/recyclingequipinc.com\/wp-content\/uploads\/2025\/05\/Sapin-customers-visit-Shuliy.webp\" class=\"attachment-full size-full\" alt=\"Les clients espagnols visitent Shuliy\" aria-describedby=\"gallery-2-17280\" srcset=\"https:\/\/recyclingequipinc.com\/wp-content\/uploads\/2025\/05\/Sapin-customers-visit-Shuliy.webp 720w, https:\/\/recyclingequipinc.com\/wp-content\/uploads\/2025\/05\/Sapin-customers-visit-Shuliy-300x225.webp 300w, https:\/\/recyclingequipinc.com\/wp-content\/uploads\/2025\/05\/Sapin-customers-visit-Shuliy-16x12.webp 16w\" sizes=\"(max-width: 720px) 100vw, 720px\" \/><\/a> \t\t\t<\/div> \t\t\t\t<figcaption class='wp-caption-text gallery-caption' id='gallery-2-17280'> \t\t\t\tLes clients espagnols visitent Shuliy \t\t\t\t<\/figcaption><\/figure><figure class='gallery-item'> \t\t\t<div class='gallery-icon landscape'> \t\t\t\t<a href='https:\/\/recyclingequipinc.com\/fr\/?attachment_id=17272'><img loading=\"lazy\" decoding=\"async\" width=\"720\" height=\"540\" src=\"https:\/\/recyclingequipinc.com\/wp-content\/uploads\/2025\/05\/Austrialian-clients-visit-tire-recycling-machines.webp\" class=\"attachment-full size-full\" alt=\"Les clients australiens visitent des machines de recyclage de pneus\" aria-describedby=\"gallery-2-17272\" srcset=\"https:\/\/recyclingequipinc.com\/wp-content\/uploads\/2025\/05\/Austrialian-clients-visit-tire-recycling-machines.webp 720w, https:\/\/recyclingequipinc.com\/wp-content\/uploads\/2025\/05\/Austrialian-clients-visit-tire-recycling-machines-300x225.webp 300w, https:\/\/recyclingequipinc.com\/wp-content\/uploads\/2025\/05\/Austrialian-clients-visit-tire-recycling-machines-16x12.webp 16w\" sizes=\"(max-width: 720px) 100vw, 720px\" \/><\/a> \t\t\t<\/div> \t\t\t\t<figcaption class='wp-caption-text gallery-caption' id='gallery-2-17272'> \t\t\t\tLes clients australiens visitent des machines de recyclage de pneus \t\t\t\t<\/figcaption><\/figure> \t\t<\/div>","protected":false},"excerpt":{"rendered":"<p>Les machines de recyclage de pneus miniers Shuliy sont sp\u00e9cialement con\u00e7ues pour traiter les grands pneus OTR (\u22651400 mm) et produire de la poudre de caoutchouc de haute qualit\u00e9 (10-40 mesh). Elles offrent une solution compl\u00e8te pour l'\u00e9limination des pneus OTR.<\/p>","protected":false},"featured_media":17277,"template":"","meta":{"site-sidebar-layout":"default","site-content-layout":"","ast-site-content-layout":"default","site-content-style":"default","site-sidebar-style":"default","ast-global-header-display":"","ast-banner-title-visibility":"","ast-main-header-display":"","ast-hfb-above-header-display":"","ast-hfb-below-header-display":"","ast-hfb-mobile-header-display":"","site-post-title":"","ast-breadcrumbs-content":"","ast-featured-img":"","footer-sml-layout":"","ast-disable-related-posts":"","theme-transparent-header-meta":"default","adv-header-id-meta":"","stick-header-meta":"","header-above-stick-meta":"","header-main-stick-meta":"","header-below-stick-meta":"","astra-migrate-meta-layouts":"set","ast-page-background-enabled":"default","ast-page-background-meta":{"desktop":{"background-color":"","background-image":"","background-repeat":"repeat","background-position":"center center","background-size":"auto","background-attachment":"scroll","background-type":"","background-media":"","overlay-type":"","overlay-color":"","overlay-opacity":"","overlay-gradient":""},"tablet":{"background-color":"","background-image":"","background-repeat":"repeat","background-position":"center center","background-size":"auto","background-attachment":"scroll","background-type":"","background-media":"","overlay-type":"","overlay-color":"","overlay-opacity":"","overlay-gradient":""},"mobile":{"background-color":"","background-image":"","background-repeat":"repeat","background-position":"center center","background-size":"auto","background-attachment":"scroll","background-type":"","background-media":"","overlay-type":"","overlay-color":"","overlay-opacity":"","overlay-gradient":""}},"ast-content-background-meta":{"desktop":{"background-color":"var(--ast-global-color-5)","background-image":"","background-repeat":"repeat","background-position":"center center","background-size":"auto","background-attachment":"scroll","background-type":"","background-media":"","overlay-type":"","overlay-color":"","overlay-opacity":"","overlay-gradient":""},"tablet":{"background-color":"var(--ast-global-color-5)","background-image":"","background-repeat":"repeat","background-position":"center center","background-size":"auto","background-attachment":"scroll","background-type":"","background-media":"","overlay-type":"","overlay-color":"","overlay-opacity":"","overlay-gradient":""},"mobile":{"background-color":"var(--ast-global-color-5)","background-image":"","background-repeat":"repeat","background-position":"center center","background-size":"auto","background-attachment":"scroll","background-type":"","background-media":"","overlay-type":"","overlay-color":"","overlay-opacity":"","overlay-gradient":""}}},"product_brand":[],"product_cat":[128],"product_tag":[],"class_list":{"0":"post-17268","1":"product","2":"type-product","3":"status-publish","4":"has-post-thumbnail","6":"product_cat-tire-recycling-machine","7":"desktop-align-center","8":"tablet-align-center","9":"mobile-align-center","11":"first","12":"instock","13":"shipping-taxable","14":"product-type-simple"},"_links":{"self":[{"href":"https:\/\/recyclingequipinc.com\/fr\/wp-json\/wp\/v2\/product\/17268","targetHints":{"allow":["GET"]}}],"collection":[{"href":"https:\/\/recyclingequipinc.com\/fr\/wp-json\/wp\/v2\/product"}],"about":[{"href":"https:\/\/recyclingequipinc.com\/fr\/wp-json\/wp\/v2\/types\/product"}],"version-history":[{"count":0,"href":"https:\/\/recyclingequipinc.com\/fr\/wp-json\/wp\/v2\/product\/17268\/revisions"}],"wp:featuredmedia":[{"embeddable":true,"href":"https:\/\/recyclingequipinc.com\/fr\/wp-json\/wp\/v2\/media\/17277"}],"wp:attachment":[{"href":"https:\/\/recyclingequipinc.com\/fr\/wp-json\/wp\/v2\/media?parent=17268"}],"wp:term":[{"taxonomy":"product_brand","embeddable":true,"href":"https:\/\/recyclingequipinc.com\/fr\/wp-json\/wp\/v2\/product_brand?post=17268"},{"taxonomy":"product_cat","embeddable":true,"href":"https:\/\/recyclingequipinc.com\/fr\/wp-json\/wp\/v2\/product_cat?post=17268"},{"taxonomy":"product_tag","embeddable":true,"href":"https:\/\/recyclingequipinc.com\/fr\/wp-json\/wp\/v2\/product_tag?post=17268"}],"curies":[{"name":"wp","href":"https:\/\/api.w.org\/{rel}","templated":true}]}}