{"id":17256,"date":"2025-05-20T15:40:48","date_gmt":"2025-05-20T07:40:48","guid":{"rendered":"https:\/\/recyclingequipinc.com\/?post_type=product&#038;p=17256"},"modified":"2025-05-20T15:40:48","modified_gmt":"2025-05-20T07:40:48","slug":"rubber-powder-production-line","status":"publish","type":"product","link":"https:\/\/recyclingequipinc.com\/fr\/product\/rubber-powder-production-line\/","title":{"rendered":"Ligne de production de poudre de caoutchouc enti\u00e8rement automatique"},"content":{"rendered":"<p>\u00c0 mesure que l'industrie automobile se d\u00e9veloppe, le nombre de pneus usag\u00e9s augmente, rendant le recyclage des pneus un projet populaire. Shuliy Machinery a d\u00e9velopp\u00e9 trois types de lignes de production de poudre de caoutchouc enti\u00e8rement automatis\u00e9es qui peuvent convertir efficacement les pneus usag\u00e9s en poudre de caoutchouc, aidant ainsi les recycleurs de pneus du monde entier \u00e0 g\u00e9rer des entreprises rentables et respectueuses de l'environnement.<\/p> <div class=\"ast-oembed-container\" style=\"height: 100%;\"><iframe title=\"Ligne de recyclage de pneus enti\u00e8rement automatique en action | Production de poudre de caoutchouc \u00e0 haute efficacit\u00e9\" width=\"500\" height=\"281\" src=\"https:\/\/www.youtube.com\/embed\/vPOWjr2Om_E?feature=oembed\" frameborder=\"0\" allow=\"accelerometer; autoplay; clipboard-write; encrypted-media; gyroscope; picture-in-picture; web-share\" referrerpolicy=\"strict-origin-when-cross-origin\" allowfullscreen><\/iframe><\/div> <h2>Application des lignes de recyclage automatique de pneus<\/h2> <p>Ces lignes sont adapt\u00e9es au traitement des pneus d'un diam\u00e8tre allant jusqu'\u00e0 1200 mm par d\u00e9montage, d\u00e9chiquetage et broyage. Ce processus permet d'extraire les fils d'acier, les poudres de caoutchouc et les fibres de nylon \u00e0 l'int\u00e9rieur des pneus usag\u00e9s, qui peuvent \u00eatre tri\u00e9s et recycl\u00e9s.<\/p> <p>Cette ligne de recyclage de pneus enti\u00e8rement automatique, \u00e9conome en main-d'\u0153uvre et tr\u00e8s efficace est recommand\u00e9e pour les entreprises de taille moyenne et grande.<\/p> <figure id=\"attachment_17266\" aria-describedby=\"caption-attachment-17266\" style=\"width: 720px\" class=\"wp-caption aligncenter\"><img fetchpriority=\"high\" decoding=\"async\" class=\"wp-image-17266 size-full\" src=\"https:\/\/recyclingequipinc.com\/wp-content\/uploads\/2025\/05\/what-can-you-get-with-Shuliy-rubber-powder-production-lines.webp\" alt=\"Que pouvez-vous obtenir avec les lignes de production de poudre de caoutchouc Shuliy\" width=\"720\" height=\"540\" srcset=\"https:\/\/recyclingequipinc.com\/wp-content\/uploads\/2025\/05\/what-can-you-get-with-Shuliy-rubber-powder-production-lines.webp 720w, https:\/\/recyclingequipinc.com\/wp-content\/uploads\/2025\/05\/what-can-you-get-with-Shuliy-rubber-powder-production-lines-300x225.webp 300w, https:\/\/recyclingequipinc.com\/wp-content\/uploads\/2025\/05\/what-can-you-get-with-Shuliy-rubber-powder-production-lines-16x12.webp 16w\" sizes=\"(max-width: 720px) 100vw, 720px\" \/><figcaption id=\"caption-attachment-17266\" class=\"wp-caption-text\">Que pouvez-vous obtenir avec les lignes de production de poudre de caoutchouc Shuliy<\/figcaption><\/figure> <h2>Avantages principaux des lignes de production de poudre de caoutchouc enti\u00e8rement automatiques<\/h2> <ul style=\"list-style-type: circle;\"> <li><strong>Haute efficacit\u00e9\u00a0:<\/strong> jusqu'\u00e0 18 tonnes de poudre de caoutchouc par jour.<\/li> <li><strong>Produits finis de haute qualit\u00e9 :<\/strong> La puret\u00e9 de la poudre de caoutchouc finie est d'au moins 99 %, offrant une valeur ajout\u00e9e \u00e9lev\u00e9e.<\/li> <li><strong>Flexibilit\u00e9 :<\/strong> Une vari\u00e9t\u00e9 de programmes au choix, avec une finesse de poudre de caoutchouc r\u00e9glable.<\/li> <li><strong>Protection de l'environnement :<\/strong> Faible consommation d'\u00e9nergie et conformit\u00e9 aux normes CE de l'Union europ\u00e9enne et aux normes d'\u00e9mission de poussi\u00e8re.<\/li> <\/ul> <h2>Trois types de lignes de production de poudre de caoutchouc<\/h2> <h3><span style=\"font-size: 14pt;\">Solution de recyclage des pneus 1 :\u00a0<\/span><\/h3> <figure id=\"attachment_17260\" aria-describedby=\"caption-attachment-17260\" style=\"width: 720px\" class=\"wp-caption alignleft\"><img decoding=\"async\" class=\"wp-image-17260 size-full\" src=\"https:\/\/recyclingequipinc.com\/wp-content\/uploads\/2025\/05\/automatic-rubber-powder-production-line.webp\" alt=\"ligne de production de poudre de caoutchouc automatique\" width=\"720\" height=\"540\" srcset=\"https:\/\/recyclingequipinc.com\/wp-content\/uploads\/2025\/05\/automatic-rubber-powder-production-line.webp 720w, https:\/\/recyclingequipinc.com\/wp-content\/uploads\/2025\/05\/automatic-rubber-powder-production-line-300x225.webp 300w, https:\/\/recyclingequipinc.com\/wp-content\/uploads\/2025\/05\/automatic-rubber-powder-production-line-16x12.webp 16w\" sizes=\"(max-width: 720px) 100vw, 720px\" \/><figcaption id=\"caption-attachment-17260\" class=\"wp-caption-text\">ligne de production de poudre de caoutchouc automatique<\/figcaption><\/figure> <p>&nbsp;<\/p> <p class=\"translation-block\"><strong>Incluant l'\u00e9quipement : <\/strong> machine \u00e0 d\u00e9ferrer les pneus, machine \u00e0 couper les pneus, d\u00e9chiqueteuse de pneus, syst\u00e8me de broyage et de criblage de pneus<\/p> <p class=\"translation-block\"><strong style=\"font-size: 16px\">Processus de travail d\u00e9taill\u00e9 :<\/strong><\/p> <ol> <li>La machine \u00e0 d\u00e9biter les pneus tire les jantes en acier des jantes int\u00e9rieures des pneus \u00e0 l'aide d'un puissant dispositif de traction hydraulique.<\/li> <li>Le coupeur de pneus coupe ensuite les pneus en deux ou trois morceaux, qui sont faciles \u00e0 mettre dans le broyeur pour le traitement.<\/li> <li>Le broyeur de pneus \u00e9crase les pneus en petits morceaux uniformes, am\u00e9liorant l'efficacit\u00e9 du broyage ult\u00e9rieur.<\/li> <li>La ligne de fabrication de poudre de caoutchouc produit de la poudre de caoutchouc de haute qualit\u00e9 avec une finesse r\u00e9glable de 10 \u00e0 40 mailles gr\u00e2ce \u00e0 des processus tels que le broyage \u00e0 double rouleau, le tri par \u00e9cran vibrant et la s\u00e9paration magn\u00e9tique.<\/li> <\/ol> <ol style=\"list-style-type: lower-alpha;\"> <li style=\"list-style-type: none;\"><\/li> <\/ol> <p>&nbsp;<\/p> <p>&nbsp;<\/p> <p>&nbsp;<\/p> <h3><span style=\"font-size: 14pt;\">Usine de recyclage des pneus usag\u00e9s 2 :<\/span><\/h3> <figure id=\"attachment_17261\" aria-describedby=\"caption-attachment-17261\" style=\"width: 720px\" class=\"wp-caption alignleft\"><img decoding=\"async\" class=\"wp-image-17261 size-full\" src=\"https:\/\/recyclingequipinc.com\/wp-content\/uploads\/2025\/05\/fully-automatic-waste-tire-recycling-line.webp\" alt=\"ligne de recyclage de pneus usag\u00e9s enti\u00e8rement automatique\" width=\"720\" height=\"540\" srcset=\"https:\/\/recyclingequipinc.com\/wp-content\/uploads\/2025\/05\/fully-automatic-waste-tire-recycling-line.webp 720w, https:\/\/recyclingequipinc.com\/wp-content\/uploads\/2025\/05\/fully-automatic-waste-tire-recycling-line-300x225.webp 300w, https:\/\/recyclingequipinc.com\/wp-content\/uploads\/2025\/05\/fully-automatic-waste-tire-recycling-line-16x12.webp 16w\" sizes=\"(max-width: 720px) 100vw, 720px\" \/><figcaption id=\"caption-attachment-17261\" class=\"wp-caption-text\">ligne de recyclage de pneus usag\u00e9s enti\u00e8rement automatique<\/figcaption><\/figure> <p>&nbsp;<\/p> <p>&nbsp;<\/p> <p class=\"translation-block\"><strong>Incluant l'installation : <\/strong> machine \u00e0 enlever et couper les fils de tringle de pneus, s\u00e9parateur de fils d'acier de pneus, d\u00e9chiqueteuse de pneus en caoutchouc, ligne de concassage de pneus<\/p> <p class=\"translation-block\"><strong>Processus de travail complet :<\/strong><\/p> <ol> <li>La machine de retrait et de d\u00e9coupe de talon de pneu retire le talon de pneu contenant les fils d'acier et d\u00e9coupe le pneu, qui entre ensuite dans la machine de d\u00e9chiquetage de pneus via un tapis roulant automatique.<\/li> <li>Le s\u00e9parateur de fils d'acier de pneu s\u00e9pare ensuite les portions de caoutchouc et de fils d'acier de la jante du pneu, la portion en caoutchouc pouvant \u00e9galement \u00eatre mise dans le broyeur pour traitement.<\/li> <li>Le puissant broyeur et les syst\u00e8mes de broyage et de criblage \u00e9crasent, broient et \u00e9liminent les impuret\u00e9s du caoutchouc.<\/li> <li>Sortie : Poudre de caoutchouc hautement pure, dont la finesse peut \u00eatre ajust\u00e9e \u00e0 l'aide du tamis.<\/li> <\/ol> <p>&nbsp;<\/p> <p>&nbsp;<\/p> <h3><span style=\"font-size: 14pt;\">Ligne de production de poudre de caoutchouc 3 :<\/span><\/h3> <figure id=\"attachment_17264\" aria-describedby=\"caption-attachment-17264\" style=\"width: 720px\" class=\"wp-caption alignleft\"><img loading=\"lazy\" decoding=\"async\" class=\"wp-image-17264 size-full\" src=\"https:\/\/recyclingequipinc.com\/wp-content\/uploads\/2025\/05\/tire-recycling-plant.webp\" alt=\"usine de recyclage de pneus\" width=\"720\" height=\"540\" srcset=\"https:\/\/recyclingequipinc.com\/wp-content\/uploads\/2025\/05\/tire-recycling-plant.webp 720w, https:\/\/recyclingequipinc.com\/wp-content\/uploads\/2025\/05\/tire-recycling-plant-300x225.webp 300w, https:\/\/recyclingequipinc.com\/wp-content\/uploads\/2025\/05\/tire-recycling-plant-16x12.webp 16w\" sizes=\"(max-width: 720px) 100vw, 720px\" \/><figcaption id=\"caption-attachment-17264\" class=\"wp-caption-text\">usine de recyclage de pneus<\/figcaption><\/figure> <p>&nbsp;<\/p> <p>&nbsp;<\/p> <p>&nbsp;<\/p> <p class=\"translation-block\"><strong>Machines incluses : <\/strong><\/p> <p>Broyeur de caoutchouc industriel, broyeur de caoutchouc de pneu et s\u00e9parateur magn\u00e9tique<\/p> <p class=\"translation-block\"><strong>Flux de travail :<\/strong><\/p> <p>Contrairement aux deux solutions pr\u00e9c\u00e9dentes, cette solution de recyclage des pneus ne n\u00e9cessite pas de pr\u00e9traitement. Le pneu entier peut \u00eatre directement mis dans un broyeur de pneus haute puissance, suivi d'un broyage profond et d'un criblage.<\/p> <p>&nbsp;<\/p> <p>&nbsp;<\/p> <p>&nbsp;<\/p> <p>&nbsp;<\/p> <p>&nbsp;<\/p> <h2>Cas r\u00e9ussis concernant les lignes de production de pneus en caoutchouc<\/h2> <p>Nous avons pr\u00e9c\u00e9demment export\u00e9 des lignes de recyclage de pneus enti\u00e8rement automatis\u00e9es vers le Canada, le Qatar, l'Afrique du Sud, l'Inde et d'autres pays, aidant \u00e0 \u00e9tablir des usines de recyclage de pneus et \u00e0 am\u00e9liorer l'efficacit\u00e9 dans le monde entier. Par exemple, apr\u00e8s avoir introduit la ligne de production de poudre de caoutchouc automatique Shuliy 560# dans une usine canadienne, sa production quotidienne a augment\u00e9 \u00e0 5 tonnes, am\u00e9liorant consid\u00e9rablement l'efficacit\u00e9 et la rentabilit\u00e9.<\/p> <div id='gallery-1' class='gallery galleryid-17256 gallery-columns-3 gallery-size-thumbnail'><figure class='gallery-item'> \t\t\t<div class='gallery-icon landscape'> \t\t\t\t<a href='https:\/\/recyclingequipinc.com\/fr\/?attachment_id=17265'><img loading=\"lazy\" decoding=\"async\" width=\"150\" height=\"150\" src=\"https:\/\/recyclingequipinc.com\/wp-content\/uploads\/2025\/05\/tire-recycling-quipment-to-Canada-150x150.webp\" class=\"attachment-thumbnail size-thumbnail\" alt=\"\u00e9quipement de recyclage de pneus vers le Canada\" aria-describedby=\"gallery-1-17265\" srcset=\"https:\/\/recyclingequipinc.com\/wp-content\/uploads\/2025\/05\/tire-recycling-quipment-to-Canada-150x150.webp 150w, https:\/\/recyclingequipinc.com\/wp-content\/uploads\/2025\/05\/tire-recycling-quipment-to-Canada-100x100.webp 100w\" sizes=\"(max-width: 150px) 100vw, 150px\" \/><\/a> \t\t\t<\/div> \t\t\t\t<figcaption class='wp-caption-text gallery-caption' id='gallery-1-17265'> \t\t\t\t\u00e9quipement de recyclage de pneus vers le Canada \t\t\t\t<\/figcaption><\/figure><figure class='gallery-item'> \t\t\t<div class='gallery-icon landscape'> \t\t\t\t<a href='https:\/\/recyclingequipinc.com\/fr\/?attachment_id=17263'><img loading=\"lazy\" decoding=\"async\" width=\"150\" height=\"150\" src=\"https:\/\/recyclingequipinc.com\/wp-content\/uploads\/2025\/05\/tire-recycling-machines-to-Austrilia-150x150.webp\" class=\"attachment-thumbnail size-thumbnail\" alt=\"machines de recyclage de pneus vers l&#039;Australie\" aria-describedby=\"gallery-1-17263\" srcset=\"https:\/\/recyclingequipinc.com\/wp-content\/uploads\/2025\/05\/tire-recycling-machines-to-Austrilia-150x150.webp 150w, https:\/\/recyclingequipinc.com\/wp-content\/uploads\/2025\/05\/tire-recycling-machines-to-Austrilia-100x100.webp 100w\" sizes=\"(max-width: 150px) 100vw, 150px\" \/><\/a> \t\t\t<\/div> \t\t\t\t<figcaption class='wp-caption-text gallery-caption' id='gallery-1-17263'> \t\t\t\tmachines de recyclage de pneus vers l'Australie \t\t\t\t<\/figcaption><\/figure><figure class='gallery-item'> \t\t\t<div class='gallery-icon landscape'> \t\t\t\t<a href='https:\/\/recyclingequipinc.com\/fr\/?attachment_id=17262'><img loading=\"lazy\" decoding=\"async\" width=\"150\" height=\"150\" src=\"https:\/\/recyclingequipinc.com\/wp-content\/uploads\/2025\/05\/tire-recycling-machine-packed-for-shippment-to-South-africa-150x150.webp\" class=\"attachment-thumbnail size-thumbnail\" alt=\"machine de recyclage de pneus emball\u00e9e pour exp\u00e9dition vers l&#039;Afrique du Sud\" aria-describedby=\"gallery-1-17262\" srcset=\"https:\/\/recyclingequipinc.com\/wp-content\/uploads\/2025\/05\/tire-recycling-machine-packed-for-shippment-to-South-africa-150x150.webp 150w, https:\/\/recyclingequipinc.com\/wp-content\/uploads\/2025\/05\/tire-recycling-machine-packed-for-shippment-to-South-africa-100x100.webp 100w\" sizes=\"(max-width: 150px) 100vw, 150px\" \/><\/a> \t\t\t<\/div> \t\t\t\t<figcaption class='wp-caption-text gallery-caption' id='gallery-1-17262'> \t\t\t\tmachine de recyclage de pneus emball\u00e9e pour exp\u00e9dition vers l'Afrique du Sud \t\t\t\t<\/figcaption><\/figure> \t\t<\/div>  <h2>\u00c9quipement de recyclage de pneus automatique \u00e0 vendre<\/h2> <p>En tant que fournisseur leader d'\u00e9quipements de recyclage de pneus, nous pouvons fournir un service complet, de la conception et de l'installation au support apr\u00e8s-vente. Si vous \u00eates int\u00e9ress\u00e9, n'h\u00e9sitez pas \u00e0 nous contacter !<\/p>","protected":false},"excerpt":{"rendered":"<p>La ligne de production automatique de poudre de caoutchouc de Shuliy est con\u00e7ue pour transformer des pneus usag\u00e9s mesurant moins de 1200 mm en poudre de caoutchouc pour r\u00e9utilisation. La finesse de la poudre de caoutchouc peut \u00eatre ajust\u00e9e dans une plage de 10 \u00e0 40 mailles, avec une puret\u00e9 d'au moins 99 %.<\/p>","protected":false},"featured_media":17264,"template":"","meta":{"site-sidebar-layout":"default","site-content-layout":"","ast-site-content-layout":"default","site-content-style":"default","site-sidebar-style":"default","ast-global-header-display":"","ast-banner-title-visibility":"","ast-main-header-display":"","ast-hfb-above-header-display":"","ast-hfb-below-header-display":"","ast-hfb-mobile-header-display":"","site-post-title":"","ast-breadcrumbs-content":"","ast-featured-img":"","footer-sml-layout":"","ast-disable-related-posts":"","theme-transparent-header-meta":"default","adv-header-id-meta":"","stick-header-meta":"","header-above-stick-meta":"","header-main-stick-meta":"","header-below-stick-meta":"","astra-migrate-meta-layouts":"set","ast-page-background-enabled":"default","ast-page-background-meta":{"desktop":{"background-color":"","background-image":"","background-repeat":"repeat","background-position":"center center","background-size":"auto","background-attachment":"scroll","background-type":"","background-media":"","overlay-type":"","overlay-color":"","overlay-opacity":"","overlay-gradient":""},"tablet":{"background-color":"","background-image":"","background-repeat":"repeat","background-position":"center center","background-size":"auto","background-attachment":"scroll","background-type":"","background-media":"","overlay-type":"","overlay-color":"","overlay-opacity":"","overlay-gradient":""},"mobile":{"background-color":"","background-image":"","background-repeat":"repeat","background-position":"center center","background-size":"auto","background-attachment":"scroll","background-type":"","background-media":"","overlay-type":"","overlay-color":"","overlay-opacity":"","overlay-gradient":""}},"ast-content-background-meta":{"desktop":{"background-color":"var(--ast-global-color-5)","background-image":"","background-repeat":"repeat","background-position":"center center","background-size":"auto","background-attachment":"scroll","background-type":"","background-media":"","overlay-type":"","overlay-color":"","overlay-opacity":"","overlay-gradient":""},"tablet":{"background-color":"var(--ast-global-color-5)","background-image":"","background-repeat":"repeat","background-position":"center center","background-size":"auto","background-attachment":"scroll","background-type":"","background-media":"","overlay-type":"","overlay-color":"","overlay-opacity":"","overlay-gradient":""},"mobile":{"background-color":"var(--ast-global-color-5)","background-image":"","background-repeat":"repeat","background-position":"center center","background-size":"auto","background-attachment":"scroll","background-type":"","background-media":"","overlay-type":"","overlay-color":"","overlay-opacity":"","overlay-gradient":""}}},"product_brand":[],"product_cat":[128],"product_tag":[],"class_list":{"0":"post-17256","1":"product","2":"type-product","3":"status-publish","4":"has-post-thumbnail","6":"product_cat-tire-recycling-machine","7":"desktop-align-center","8":"tablet-align-center","9":"mobile-align-center","11":"first","12":"instock","13":"shipping-taxable","14":"product-type-simple"},"_links":{"self":[{"href":"https:\/\/recyclingequipinc.com\/fr\/wp-json\/wp\/v2\/product\/17256","targetHints":{"allow":["GET"]}}],"collection":[{"href":"https:\/\/recyclingequipinc.com\/fr\/wp-json\/wp\/v2\/product"}],"about":[{"href":"https:\/\/recyclingequipinc.com\/fr\/wp-json\/wp\/v2\/types\/product"}],"version-history":[{"count":0,"href":"https:\/\/recyclingequipinc.com\/fr\/wp-json\/wp\/v2\/product\/17256\/revisions"}],"wp:featuredmedia":[{"embeddable":true,"href":"https:\/\/recyclingequipinc.com\/fr\/wp-json\/wp\/v2\/media\/17264"}],"wp:attachment":[{"href":"https:\/\/recyclingequipinc.com\/fr\/wp-json\/wp\/v2\/media?parent=17256"}],"wp:term":[{"taxonomy":"product_brand","embeddable":true,"href":"https:\/\/recyclingequipinc.com\/fr\/wp-json\/wp\/v2\/product_brand?post=17256"},{"taxonomy":"product_cat","embeddable":true,"href":"https:\/\/recyclingequipinc.com\/fr\/wp-json\/wp\/v2\/product_cat?post=17256"},{"taxonomy":"product_tag","embeddable":true,"href":"https:\/\/recyclingequipinc.com\/fr\/wp-json\/wp\/v2\/product_tag?post=17256"}],"curies":[{"name":"wp","href":"https:\/\/api.w.org\/{rel}","templated":true}]}}