{"id":17105,"date":"2025-01-24T17:00:18","date_gmt":"2025-01-24T09:00:18","guid":{"rendered":"https:\/\/recyclingequipinc.com\/?post_type=product&#038;p=17105"},"modified":"2025-01-24T17:00:18","modified_gmt":"2025-01-24T09:00:18","slug":"trommel-sieve","status":"publish","type":"product","link":"https:\/\/recyclingequipinc.com\/fr\/product\/trommel-sieve\/","title":{"rendered":"Tamis trommel pour bouteilles en plastique \u00e0 vendre"},"content":{"rendered":"<p>En tant qu'\u00e9quipement efficace de criblage et de s\u00e9paration des impuret\u00e9s, le tamis Trommel fournit un support technique important et une assurance qualit\u00e9 pour le recyclage des bouteilles en plastique. En tant qu'\u00e9quipement efficace de criblage et de s\u00e9paration des impuret\u00e9s, le tamis trommel fournit un support technique substantiel et une assurance qualit\u00e9 pour le recyclage des bouteilles en plastique. Son principe de fonctionnement unique et sa large applicabilit\u00e9 lui conf\u00e8rent une grande valeur utilitaire.<\/p> <figure id=\"attachment_17121\" aria-describedby=\"caption-attachment-17121\" style=\"width: 720px\" class=\"wp-caption aligncenter\"><img fetchpriority=\"high\" decoding=\"async\" class=\"size-full wp-image-17121\" src=\"https:\/\/recyclingequipinc.com\/wp-content\/uploads\/2025\/01\/trommel-sieve.webp\" alt=\"tamis \u00e0 trommel\" width=\"720\" height=\"540\" srcset=\"https:\/\/recyclingequipinc.com\/wp-content\/uploads\/2025\/01\/trommel-sieve.webp 720w, https:\/\/recyclingequipinc.com\/wp-content\/uploads\/2025\/01\/trommel-sieve-300x225.webp 300w, https:\/\/recyclingequipinc.com\/wp-content\/uploads\/2025\/01\/trommel-sieve-16x12.webp 16w\" sizes=\"(max-width: 720px) 100vw, 720px\" \/><figcaption id=\"caption-attachment-17121\" class=\"wp-caption-text\">tamis \u00e0 trommel<\/figcaption><\/figure> <h2>Pourquoi utiliser des tamis trommel ?<\/h2> <p>Les tamis pour gobelets sont couramment utilis\u00e9s pour pr\u00e9traiter les bouteilles en plastique avant qu'elles ne soient broy\u00e9es et recycl\u00e9es, alors pourquoi les utiliser ? Entre autres raisons :<\/p> <ul> <li>L'utilisation d'un tamis \u00e0 tambour peut \u00e9liminer efficacement les grosses impuret\u00e9s, r\u00e9duire la difficult\u00e9 du recyclage ult\u00e9rieur et contribuer \u00e0 am\u00e9liorer l'efficacit\u00e9 et la qualit\u00e9 des lignes de recyclage du PET.<\/li> <li>Le pr\u00e9-criblage des pierres, des m\u00e9taux et d'autres impuret\u00e9s peut contribuer \u00e0 am\u00e9liorer la dur\u00e9e de vie du concasseur, de la laveuse, etc. ult\u00e9rieurs, afin d'\u00e9viter les blocages, les bourrages, etc.<\/li> <li>Les tamis \u00e0 gobelet peuvent aider \u00e0 filtrer les bouteilles PET de diff\u00e9rentes tailles, ce qui est pratique pour un traitement de recyclage progressif et maximise l'efficacit\u00e9 du recyclage du plastique.<\/li> <\/ul> <figure id=\"attachment_17122\" aria-describedby=\"caption-attachment-17122\" style=\"width: 720px\" class=\"wp-caption aligncenter\"><img decoding=\"async\" class=\"size-full wp-image-17122\" src=\"https:\/\/recyclingequipinc.com\/wp-content\/uploads\/2025\/01\/trommel-sieve-2.webp\" alt=\"tamis \u00e0 trommel\" width=\"720\" height=\"539\" srcset=\"https:\/\/recyclingequipinc.com\/wp-content\/uploads\/2025\/01\/trommel-sieve-2.webp 720w, https:\/\/recyclingequipinc.com\/wp-content\/uploads\/2025\/01\/trommel-sieve-2-300x225.webp 300w, https:\/\/recyclingequipinc.com\/wp-content\/uploads\/2025\/01\/trommel-sieve-2-16x12.webp 16w\" sizes=\"(max-width: 720px) 100vw, 720px\" \/><figcaption id=\"caption-attachment-17122\" class=\"wp-caption-text\">tamis \u00e0 trommel<\/figcaption><\/figure> <h2>Avantages du tamis pour gobelet Shuliy<\/h2> <ul> <li>Fabriqu\u00e9 en acier au carbone, r\u00e9sistant \u00e0 l'usure et durable, faible co\u00fbt d'entretien.<\/li> <li>Structure de tamis trommel en plastique simple, facile \u00e0 utiliser, \u00e0 nettoyer et \u00e0 entretenir.<\/li> <li>Grande capacit\u00e9, hautes performances et d\u00e9bit \u00e9lev\u00e9 pour filtrer et \u00e9liminer efficacement les impuret\u00e9s du PET.<\/li> <li>Peut \u00eatre utilis\u00e9 pour une large gamme de tailles et de formes de bouteilles en plastique.<\/li> <\/ul> <figure id=\"attachment_17125\" aria-describedby=\"caption-attachment-17125\" style=\"width: 720px\" class=\"wp-caption aligncenter\"><img decoding=\"async\" class=\"size-full wp-image-17125\" src=\"https:\/\/recyclingequipinc.com\/wp-content\/uploads\/2025\/01\/trommel-screen.webp\" alt=\"\u00e9cran de trommel\" width=\"720\" height=\"540\" srcset=\"https:\/\/recyclingequipinc.com\/wp-content\/uploads\/2025\/01\/trommel-screen.webp 720w, https:\/\/recyclingequipinc.com\/wp-content\/uploads\/2025\/01\/trommel-screen-300x225.webp 300w, https:\/\/recyclingequipinc.com\/wp-content\/uploads\/2025\/01\/trommel-screen-16x12.webp 16w\" sizes=\"(max-width: 720px) 100vw, 720px\" \/><figcaption id=\"caption-attachment-17125\" class=\"wp-caption-text\">\u00e9cran de trommel<\/figcaption><\/figure> <h2>Comment fonctionne un tamis \u00e0 tambour ?<\/h2> <p>Un tamis trommel se compose principalement d\u2019un tambour, d\u2019un tamis, d\u2019un support, d\u2019un moteur, d\u2019une entr\u00e9e et d\u2019une sortie.<\/p> <p>Les bouteilles en plastique sont introduites dans le tambour par l'entr\u00e9e, le tambour est entra\u00een\u00e9 par le moteur pour tourner lentement, les bouteilles en plastique sont retourn\u00e9es et les impuret\u00e9s sont s\u00e9par\u00e9es par la taille de l'ouverture du tamis. Les impuret\u00e9s plus petites que la taille des mailles sont \u00e9vacu\u00e9es \u00e0 travers la maille, tandis que les bouteilles en plastique plus grandes que la taille des mailles continuent de rouler vers l'avant et sont finalement \u00e9vacu\u00e9es par diff\u00e9rents ports de d\u00e9charge et transport\u00e9es vers l'\u00e9quipement de recyclage suivant.<\/p> <p>En fonction de la situation de production, vous \u00eates libre de choisir un tamis avec diff\u00e9rentes tailles de maille pour filtrer efficacement les bouteilles en plastique. Veuillez nous envoyer vos exigences de production et nous vous recommanderons le bon choix\u00a0!<\/p> <figure id=\"attachment_17123\" aria-describedby=\"caption-attachment-17123\" style=\"width: 720px\" class=\"wp-caption aligncenter\"><img loading=\"lazy\" decoding=\"async\" class=\"wp-image-17123 size-full\" src=\"https:\/\/recyclingequipinc.com\/wp-content\/uploads\/2025\/01\/drum-screen.webp\" alt=\"tamis \u00e0 tambour en usine\" width=\"720\" height=\"540\" srcset=\"https:\/\/recyclingequipinc.com\/wp-content\/uploads\/2025\/01\/drum-screen.webp 720w, https:\/\/recyclingequipinc.com\/wp-content\/uploads\/2025\/01\/drum-screen-300x225.webp 300w, https:\/\/recyclingequipinc.com\/wp-content\/uploads\/2025\/01\/drum-screen-16x12.webp 16w\" sizes=\"(max-width: 720px) 100vw, 720px\" \/><figcaption id=\"caption-attachment-17123\" class=\"wp-caption-text\">tamis \u00e0 tambour en usine<\/figcaption><\/figure> <h2>Param\u00e8tres de l'\u00e9cran Tumbler<\/h2> <table style=\"border-collapse: collapse; width: 43.3696%;\"> <tbody> <tr> <td style=\"width: 21.4607%;\">Mati\u00e8res premi\u00e8res<\/td> <td style=\"width: 21.9101%;\">Bouteilles PET<\/td> <\/tr> <tr> <td style=\"width: 21.4607%;\">Longueur du trommel<\/td> <td style=\"width: 21.9101%;\">4500mm<\/td> <\/tr> <tr> <td style=\"width: 21.4607%;\">Fonction<\/td> <td style=\"width: 21.9101%;\">D\u00e9pistage<\/td> <\/tr> <tr> <td style=\"width: 21.4607%;\">Garantie<\/td> <td style=\"width: 21.9101%;\">Un an<\/td> <\/tr> <\/tbody> <\/table> <p>&nbsp;<\/p> <h2>L'application pratique du tamis Trommel<\/h2> <p>Le recyclage du PET est g\u00e9n\u00e9ralement divis\u00e9 en pr\u00e9traitement, concassage et nettoyage, avec plusieurs maillons majeurs. Le tamis trommel joue un r\u00f4le cl\u00e9 dans le pr\u00e9traitement. Il peut r\u00e9aliser efficacement la s\u00e9paration pr\u00e9liminaire des impuret\u00e9s pour le recyclage des bouteilles en plastique, fournissant une assurance qualit\u00e9 stable des mati\u00e8res premi\u00e8res tout en am\u00e9liorant l'efficacit\u00e9 des liens de traitement ult\u00e9rieurs et la puret\u00e9 du produit fini.<\/p> <figure id=\"attachment_17124\" aria-describedby=\"caption-attachment-17124\" style=\"width: 720px\" class=\"wp-caption aligncenter\"><img loading=\"lazy\" decoding=\"async\" class=\"size-full wp-image-17124\" src=\"https:\/\/recyclingequipinc.com\/wp-content\/uploads\/2025\/01\/drum-sieve.webp\" alt=\"tamis \u00e0 tambour\" width=\"720\" height=\"540\" srcset=\"https:\/\/recyclingequipinc.com\/wp-content\/uploads\/2025\/01\/drum-sieve.webp 720w, https:\/\/recyclingequipinc.com\/wp-content\/uploads\/2025\/01\/drum-sieve-300x225.webp 300w, https:\/\/recyclingequipinc.com\/wp-content\/uploads\/2025\/01\/drum-sieve-16x12.webp 16w\" sizes=\"(max-width: 720px) 100vw, 720px\" \/><figcaption id=\"caption-attachment-17124\" class=\"wp-caption-text\">tamis \u00e0 tambour<\/figcaption><\/figure> <h2>En r\u00e9sum\u00e9<\/h2> <p>Ce qui pr\u00e9c\u00e8de est une introduction g\u00e9n\u00e9rale au tamis trommel. Si vous souhaitez conna\u00eetre des informations plus d\u00e9taill\u00e9es, telles que l'efficacit\u00e9 du criblage sp\u00e9cifique ou des recommandations de lignes de production appropri\u00e9es, n'h\u00e9sitez pas \u00e0 nous contacter. Nous avons h\u00e2te d\u2019en discuter davantage avec vous !<\/p> <p>&nbsp;<\/p>","protected":false},"excerpt":{"rendered":"<p>Le tamis \u00e0 gobelet est couramment utilis\u00e9 dans le recyclage du PET, le pr\u00e9-criblage pour \u00e9liminer les gros morceaux de papier, les pierres et autres impuret\u00e9s avant le broyage, afin d'am\u00e9liorer l'efficacit\u00e9 du recyclage des bouteilles en plastique.<\/p>","protected":false},"featured_media":17126,"template":"","meta":{"site-sidebar-layout":"default","site-content-layout":"","ast-site-content-layout":"default","site-content-style":"default","site-sidebar-style":"default","ast-global-header-display":"","ast-banner-title-visibility":"","ast-main-header-display":"","ast-hfb-above-header-display":"","ast-hfb-below-header-display":"","ast-hfb-mobile-header-display":"","site-post-title":"","ast-breadcrumbs-content":"","ast-featured-img":"","footer-sml-layout":"","ast-disable-related-posts":"","theme-transparent-header-meta":"default","adv-header-id-meta":"","stick-header-meta":"","header-above-stick-meta":"","header-main-stick-meta":"","header-below-stick-meta":"","astra-migrate-meta-layouts":"set","ast-page-background-enabled":"default","ast-page-background-meta":{"desktop":{"background-color":"","background-image":"","background-repeat":"repeat","background-position":"center center","background-size":"auto","background-attachment":"scroll","background-type":"","background-media":"","overlay-type":"","overlay-color":"","overlay-opacity":"","overlay-gradient":""},"tablet":{"background-color":"","background-image":"","background-repeat":"repeat","background-position":"center center","background-size":"auto","background-attachment":"scroll","background-type":"","background-media":"","overlay-type":"","overlay-color":"","overlay-opacity":"","overlay-gradient":""},"mobile":{"background-color":"","background-image":"","background-repeat":"repeat","background-position":"center center","background-size":"auto","background-attachment":"scroll","background-type":"","background-media":"","overlay-type":"","overlay-color":"","overlay-opacity":"","overlay-gradient":""}},"ast-content-background-meta":{"desktop":{"background-color":"var(--ast-global-color-5)","background-image":"","background-repeat":"repeat","background-position":"center center","background-size":"auto","background-attachment":"scroll","background-type":"","background-media":"","overlay-type":"","overlay-color":"","overlay-opacity":"","overlay-gradient":""},"tablet":{"background-color":"var(--ast-global-color-5)","background-image":"","background-repeat":"repeat","background-position":"center center","background-size":"auto","background-attachment":"scroll","background-type":"","background-media":"","overlay-type":"","overlay-color":"","overlay-opacity":"","overlay-gradient":""},"mobile":{"background-color":"var(--ast-global-color-5)","background-image":"","background-repeat":"repeat","background-position":"center center","background-size":"auto","background-attachment":"scroll","background-type":"","background-media":"","overlay-type":"","overlay-color":"","overlay-opacity":"","overlay-gradient":""}}},"product_brand":[],"product_cat":[36],"product_tag":[90],"class_list":{"0":"post-17105","1":"product","2":"type-product","3":"status-publish","4":"has-post-thumbnail","6":"product_cat-plastic-recycling-machine","7":"product_tag-pet-part","8":"desktop-align-center","9":"tablet-align-center","10":"mobile-align-center","12":"first","13":"instock","14":"shipping-taxable","15":"product-type-simple"},"_links":{"self":[{"href":"https:\/\/recyclingequipinc.com\/fr\/wp-json\/wp\/v2\/product\/17105","targetHints":{"allow":["GET"]}}],"collection":[{"href":"https:\/\/recyclingequipinc.com\/fr\/wp-json\/wp\/v2\/product"}],"about":[{"href":"https:\/\/recyclingequipinc.com\/fr\/wp-json\/wp\/v2\/types\/product"}],"version-history":[{"count":0,"href":"https:\/\/recyclingequipinc.com\/fr\/wp-json\/wp\/v2\/product\/17105\/revisions"}],"wp:featuredmedia":[{"embeddable":true,"href":"https:\/\/recyclingequipinc.com\/fr\/wp-json\/wp\/v2\/media\/17126"}],"wp:attachment":[{"href":"https:\/\/recyclingequipinc.com\/fr\/wp-json\/wp\/v2\/media?parent=17105"}],"wp:term":[{"taxonomy":"product_brand","embeddable":true,"href":"https:\/\/recyclingequipinc.com\/fr\/wp-json\/wp\/v2\/product_brand?post=17105"},{"taxonomy":"product_cat","embeddable":true,"href":"https:\/\/recyclingequipinc.com\/fr\/wp-json\/wp\/v2\/product_cat?post=17105"},{"taxonomy":"product_tag","embeddable":true,"href":"https:\/\/recyclingequipinc.com\/fr\/wp-json\/wp\/v2\/product_tag?post=17105"}],"curies":[{"name":"wp","href":"https:\/\/api.w.org\/{rel}","templated":true}]}}