{"id":17102,"date":"2025-01-24T18:05:00","date_gmt":"2025-01-24T10:05:00","guid":{"rendered":"https:\/\/recyclingequipinc.com\/?post_type=product&#038;p=17102"},"modified":"2025-01-24T18:05:00","modified_gmt":"2025-01-24T10:05:00","slug":"pet-bottle-bale-opener","status":"publish","type":"product","link":"https:\/\/recyclingequipinc.com\/fr\/product\/pet-bottle-bale-opener\/","title":{"rendered":"Ouvre-balle de bouteilles PET"},"content":{"rendered":"<p>Les usines utilisent souvent des presses hydrauliques pour comprimer de grandes quantit\u00e9s de d\u00e9chets plastiques en blocs afin de faciliter le transport et le stockage. Ensuite, avant le recyclage du plastique, vous devez utiliser l'ouvre-balle de bouteilles PET pour d\u00e9grouper les blocs de plastique et les d\u00e9tacher, facilitant ainsi le processus de recyclage ult\u00e9rieur et augmentant l'efficacit\u00e9 du recyclage du plastique.<\/p> <div class=\"ast-oembed-container\" style=\"height: 100%;\"><iframe title=\"Ouvre-balles de bouteilles en plastique\u00a0: augmentez l&#039;efficacit\u00e9 du recyclage du plastique\u00a0!\" width=\"500\" height=\"281\" src=\"https:\/\/www.youtube.com\/embed\/_22nDnzyN2w?feature=oembed\" frameborder=\"0\" allow=\"accelerometer; autoplay; clipboard-write; encrypted-media; gyroscope; picture-in-picture; web-share\" referrerpolicy=\"strict-origin-when-cross-origin\" allowfullscreen><\/iframe><\/div> <h2>Pourquoi utiliser un ouvre-balle ?<\/h2> <ul> <li>L'ouvre-balle peut r\u00e9aliser efficacement la d\u00e9compression des blocs de plastique, acc\u00e9l\u00e9rer le processus de production ult\u00e9rieur et am\u00e9liorer l'efficacit\u00e9 du recyclage du plastique.<\/li> <li>Il ouvre les balles de plastique \u00e0 haute densit\u00e9, \u00e9vitant ainsi le blocage ou l'endommagement de l'\u00e9quipement de recyclage du plastique ult\u00e9rieur caus\u00e9 par le grand volume de balles de plastique.<\/li> <li>Par rapport \u00e0 la m\u00e9thode de d\u00e9ballage manuelle traditionnelle, l'ouvre-balle r\u00e9duit non seulement consid\u00e9rablement les co\u00fbts de main-d'\u0153uvre, mais permet \u00e9galement d'obtenir un effet de d\u00e9ballage plus efficace et plus uniforme.<\/li> <\/ul> <h2>Avantages de la machine d'ouverture de balle Shuliy<\/h2> <ul> <li>Peut \u00eatre utilis\u00e9 pour traiter des bouteilles en plastique, des films plastiques et de nombreux autres mat\u00e9riaux plastiques, notamment le PET, le PP, le PE, le LDPE, etc.<\/li> <li>\u00c9quip\u00e9e de lames puissantes en acier inoxydable de haute qualit\u00e9, la machine ouvre-balles de bouteilles PET peut briser les morceaux de plastique rapidement et uniform\u00e9ment.<\/li> <li>La conception pr\u00e9cise de l'ouverture des emballages \u00e9vite efficacement la casse du plastique lors du d\u00e9ballage.<\/li> <li>Le haut degr\u00e9 d'automatisation, le fonctionnement simple et s\u00fbr et la main d'\u0153uvre r\u00e9duite.<\/li> <li>Peut \u00eatre combin\u00e9 de mani\u00e8re flexible avec une ligne de production appropri\u00e9e en fonction de la demande de production.<\/li> <\/ul> <figure id=\"attachment_17130\" aria-describedby=\"caption-attachment-17130\" style=\"width: 720px\" class=\"wp-caption aligncenter\"><img fetchpriority=\"high\" decoding=\"async\" class=\"size-full wp-image-17130\" src=\"https:\/\/recyclingequipinc.com\/wp-content\/uploads\/2025\/01\/PET-bottle-bale-opener-2.webp\" alt=\"Ouvre-balle de bouteilles PET\" width=\"720\" height=\"540\" srcset=\"https:\/\/recyclingequipinc.com\/wp-content\/uploads\/2025\/01\/PET-bottle-bale-opener-2.webp 720w, https:\/\/recyclingequipinc.com\/wp-content\/uploads\/2025\/01\/PET-bottle-bale-opener-2-300x225.webp 300w, https:\/\/recyclingequipinc.com\/wp-content\/uploads\/2025\/01\/PET-bottle-bale-opener-2-16x12.webp 16w\" sizes=\"(max-width: 720px) 100vw, 720px\" \/><figcaption id=\"caption-attachment-17130\" class=\"wp-caption-text\">Ouvre-balle de bouteilles PET<\/figcaption><\/figure> <h2>Applications de la machine \u00e0 d\u00e9baller<\/h2> <p>Les ouvre-balles en plastique sont largement utilis\u00e9s dans le pr\u00e9traitement de divers recyclages de plastiques, notamment\u00a0:<\/p> <ul> <li>Recyclage du PET : pour d\u00e9tacher les bouteilles en plastique compress\u00e9es, puis \u00e9liminer les impuret\u00e9s du plastique avec un <a href=\"https:\/\/recyclingequipinc.com\/fr\/produit\/machine-denlevement-detiquettes-de-bouteilles-en-plastique\/\">dissolvant d'\u00e9tiquettes<\/a> et un \u00e9cran \u00e0 gobelet.<\/li> <li>Recyclage du film plastique : pour desserrer uniform\u00e9ment le mat\u00e9riau du film compress\u00e9, \u00e9viter le ph\u00e9nom\u00e8ne d'emm\u00ealement et am\u00e9liorer l'efficacit\u00e9 du recyclage.<\/li> <li>Autres mat\u00e9riaux\u00a0: l'ouvre-balle peut \u00e9galement \u00eatre utilis\u00e9 pour le recyclage du plastique dur afin de faciliter la classification du plastique, ou pour les vieux papiers, textiles et autres industries.<\/li> <\/ul> <h2>Comment fonctionne l'ouvre-balle ?<\/h2> <ol> <li>Alimentation : Les blocs de plastique comprim\u00e9 p\u00e9n\u00e8trent dans la partie int\u00e9rieure de l'ouvre-balle de bouteilles PET.<\/li> <li>Rupture\u00a0: Les lames tournent \u00e0 grande vitesse pour d\u00e9chiqueter les morceaux de plastique et, gr\u00e2ce \u00e0 leur conception pr\u00e9cise, les lames n'endommagent pas le plastique.<\/li> <li>D\u00e9charge : Le plastique d\u00e9chiquet\u00e9 est transport\u00e9 sur un tapis roulant vers le prochain processus de recyclage.<\/li> <\/ol> <figure id=\"attachment_17129\" aria-describedby=\"caption-attachment-17129\" style=\"width: 720px\" class=\"wp-caption alignnone\"><img decoding=\"async\" class=\"size-full wp-image-17129\" src=\"https:\/\/recyclingequipinc.com\/wp-content\/uploads\/2025\/01\/debaler-machine.webp\" alt=\"machine \u00e0 d\u00e9sembaler\" width=\"720\" height=\"540\" srcset=\"https:\/\/recyclingequipinc.com\/wp-content\/uploads\/2025\/01\/debaler-machine.webp 720w, https:\/\/recyclingequipinc.com\/wp-content\/uploads\/2025\/01\/debaler-machine-300x225.webp 300w, https:\/\/recyclingequipinc.com\/wp-content\/uploads\/2025\/01\/debaler-machine-16x12.webp 16w\" sizes=\"(max-width: 720px) 100vw, 720px\" \/><figcaption id=\"caption-attachment-17129\" class=\"wp-caption-text\">machine \u00e0 d\u00e9sembaler<\/figcaption><\/figure> <h2>Conclusion<\/h2> <p>L'ouvre-balle est un \u00e9quipement indispensable et important dans les lignes de recyclage du plastique \u00e0 grande \u00e9chelle, qui augmente et am\u00e9liore efficacement l'efficacit\u00e9 du recyclage du plastique et r\u00e9duit l'usure de la main-d'\u0153uvre et de l'\u00e9quipement. Si vous \u00eates int\u00e9ress\u00e9, veuillez nous contacter et nous vous proposerons le programme de recyclage du plastique parfait.<\/p> <p>&nbsp;<\/p>","protected":false},"excerpt":{"rendered":"<p>Les ouvre-balles de bouteilles PET sont utilis\u00e9s dans le pr\u00e9traitement du recyclage du plastique pour d\u00e9tacher les balles de plastique compact\u00e9es en vue d'un recyclage ult\u00e9rieur.<\/p>","protected":false},"featured_media":17128,"template":"","meta":{"site-sidebar-layout":"default","site-content-layout":"","ast-site-content-layout":"default","site-content-style":"default","site-sidebar-style":"default","ast-global-header-display":"","ast-banner-title-visibility":"","ast-main-header-display":"","ast-hfb-above-header-display":"","ast-hfb-below-header-display":"","ast-hfb-mobile-header-display":"","site-post-title":"","ast-breadcrumbs-content":"","ast-featured-img":"","footer-sml-layout":"","ast-disable-related-posts":"","theme-transparent-header-meta":"default","adv-header-id-meta":"","stick-header-meta":"","header-above-stick-meta":"","header-main-stick-meta":"","header-below-stick-meta":"","astra-migrate-meta-layouts":"set","ast-page-background-enabled":"default","ast-page-background-meta":{"desktop":{"background-color":"","background-image":"","background-repeat":"repeat","background-position":"center center","background-size":"auto","background-attachment":"scroll","background-type":"","background-media":"","overlay-type":"","overlay-color":"","overlay-opacity":"","overlay-gradient":""},"tablet":{"background-color":"","background-image":"","background-repeat":"repeat","background-position":"center center","background-size":"auto","background-attachment":"scroll","background-type":"","background-media":"","overlay-type":"","overlay-color":"","overlay-opacity":"","overlay-gradient":""},"mobile":{"background-color":"","background-image":"","background-repeat":"repeat","background-position":"center center","background-size":"auto","background-attachment":"scroll","background-type":"","background-media":"","overlay-type":"","overlay-color":"","overlay-opacity":"","overlay-gradient":""}},"ast-content-background-meta":{"desktop":{"background-color":"var(--ast-global-color-5)","background-image":"","background-repeat":"repeat","background-position":"center center","background-size":"auto","background-attachment":"scroll","background-type":"","background-media":"","overlay-type":"","overlay-color":"","overlay-opacity":"","overlay-gradient":""},"tablet":{"background-color":"var(--ast-global-color-5)","background-image":"","background-repeat":"repeat","background-position":"center center","background-size":"auto","background-attachment":"scroll","background-type":"","background-media":"","overlay-type":"","overlay-color":"","overlay-opacity":"","overlay-gradient":""},"mobile":{"background-color":"var(--ast-global-color-5)","background-image":"","background-repeat":"repeat","background-position":"center center","background-size":"auto","background-attachment":"scroll","background-type":"","background-media":"","overlay-type":"","overlay-color":"","overlay-opacity":"","overlay-gradient":""}}},"product_brand":[],"product_cat":[36],"product_tag":[74],"class_list":{"0":"post-17102","1":"product","2":"type-product","3":"status-publish","4":"has-post-thumbnail","6":"product_cat-plastic-recycling-machine","7":"product_tag-baler","8":"desktop-align-center","9":"tablet-align-center","10":"mobile-align-center","12":"first","13":"instock","14":"shipping-taxable","15":"product-type-simple"},"_links":{"self":[{"href":"https:\/\/recyclingequipinc.com\/fr\/wp-json\/wp\/v2\/product\/17102","targetHints":{"allow":["GET"]}}],"collection":[{"href":"https:\/\/recyclingequipinc.com\/fr\/wp-json\/wp\/v2\/product"}],"about":[{"href":"https:\/\/recyclingequipinc.com\/fr\/wp-json\/wp\/v2\/types\/product"}],"version-history":[{"count":0,"href":"https:\/\/recyclingequipinc.com\/fr\/wp-json\/wp\/v2\/product\/17102\/revisions"}],"wp:featuredmedia":[{"embeddable":true,"href":"https:\/\/recyclingequipinc.com\/fr\/wp-json\/wp\/v2\/media\/17128"}],"wp:attachment":[{"href":"https:\/\/recyclingequipinc.com\/fr\/wp-json\/wp\/v2\/media?parent=17102"}],"wp:term":[{"taxonomy":"product_brand","embeddable":true,"href":"https:\/\/recyclingequipinc.com\/fr\/wp-json\/wp\/v2\/product_brand?post=17102"},{"taxonomy":"product_cat","embeddable":true,"href":"https:\/\/recyclingequipinc.com\/fr\/wp-json\/wp\/v2\/product_cat?post=17102"},{"taxonomy":"product_tag","embeddable":true,"href":"https:\/\/recyclingequipinc.com\/fr\/wp-json\/wp\/v2\/product_tag?post=17102"}],"curies":[{"name":"wp","href":"https:\/\/api.w.org\/{rel}","templated":true}]}}