{"id":17097,"date":"2025-01-24T16:17:57","date_gmt":"2025-01-24T08:17:57","guid":{"rendered":"https:\/\/recyclingequipinc.com\/?post_type=product&#038;p=17097"},"modified":"2025-01-24T16:17:57","modified_gmt":"2025-01-24T08:17:57","slug":"forced-feeder","status":"publish","type":"product","link":"https:\/\/recyclingequipinc.com\/fr\/product\/forced-feeder\/","title":{"rendered":"Alimentateur forc\u00e9 efficace pour ligne de granulation de plastique"},"content":{"rendered":"<p>Le film plastique, en raison de sa grande taille et de son poids l\u00e9ger, est difficile \u00e0 alimenter dans le processus de recyclage et est sujet \u00e0 des probl\u00e8mes tels qu'une accumulation de mat\u00e9riaux, une alimentation in\u00e9gale ou un bourrage, qui affectent l'efficacit\u00e9 du traitement et la stabilit\u00e9 du fonctionnement de l'\u00e9quipement. Par cons\u00e9quent, il est n\u00e9cessaire d\u2019utiliser l\u2019alimentateur forc\u00e9 automatique pour aider le film plastique \u00e0 s\u2019alimenter uniform\u00e9ment afin d\u2019am\u00e9liorer l\u2019efficacit\u00e9 du recyclage du plastique.<\/p> <div class=\"ast-oembed-container\" style=\"height: 100%;\"><iframe title=\"Comment fonctionne un alimentateur forc\u00e9 pour la granulation du plastique ?\" width=\"500\" height=\"281\" src=\"https:\/\/www.youtube.com\/embed\/ts8jgIE6AAw?feature=oembed\" frameborder=\"0\" allow=\"accelerometer; autoplay; clipboard-write; encrypted-media; gyroscope; picture-in-picture; web-share\" referrerpolicy=\"strict-origin-when-cross-origin\" allowfullscreen><\/iframe><\/div> <h2>Caract\u00e9ristiques de nos gavages \u00e0 film plastique\u00a0:<\/h2> <ul> <li>Le haut degr\u00e9 d\u2019automatisation, s\u00fbr et facile \u00e0 utiliser.<\/li> <li>Forte force de pr\u00e9hension, peut facilement manipuler un film plastique l\u00e2che ou irr\u00e9gulier.<\/li> <li>\u00c9quip\u00e9 d'un moteur \u00e0 haut rendement, d'une efficacit\u00e9 de transport \u00e9lev\u00e9e et d'une forte garantie d'alimentation continue et stable.<\/li> <li>Se connecte parfaitement aux machines de recyclage du plastique telles que les granulateurs de plastique et r\u00e9alise un transport efficace des fragments de plastique.<\/li> <li>Assurez-vous que le plastique p\u00e9n\u00e8tre uniform\u00e9ment dans le granulateur de plastique, ce qui contribue \u00e0 am\u00e9liorer la qualit\u00e9 du granulateur de plastique.<\/li> <li>Large gamme d'applications, couramment utilis\u00e9es dans le traitement de toutes sortes de films plastiques, de plastiques rigides et de mousses, notamment PP, PE, LDPE, HDPE, PVC, etc.<\/li> <li>Conception humanis\u00e9e, facile \u00e0 nettoyer et \u00e0 entretenir, et la nature ferm\u00e9e du distributeur forc\u00e9 est bonne, pas facile de fuir le plastique, pour \u00e9viter la pollution de l'environnement.<\/li> <\/ul> <figure id=\"attachment_17108\" aria-describedby=\"caption-attachment-17108\" style=\"width: 300px\" class=\"wp-caption alignleft\"><img fetchpriority=\"high\" decoding=\"async\" class=\"wp-image-17108 size-medium\" src=\"https:\/\/recyclingequipinc.com\/wp-content\/uploads\/2025\/01\/plastic-feeding-machine-300x225.webp\" alt=\"machine d&#039;alimentation en plastique\" width=\"300\" height=\"225\" srcset=\"https:\/\/recyclingequipinc.com\/wp-content\/uploads\/2025\/01\/plastic-feeding-machine-300x225.webp 300w, https:\/\/recyclingequipinc.com\/wp-content\/uploads\/2025\/01\/plastic-feeding-machine-16x12.webp 16w, https:\/\/recyclingequipinc.com\/wp-content\/uploads\/2025\/01\/plastic-feeding-machine.webp 720w\" sizes=\"(max-width: 300px) 100vw, 300px\" \/><figcaption id=\"caption-attachment-17108\" class=\"wp-caption-text\">machine d'alimentation en plastique<\/figcaption><\/figure> <figure id=\"attachment_17109\" aria-describedby=\"caption-attachment-17109\" style=\"width: 300px\" class=\"wp-caption alignleft\"><img decoding=\"async\" class=\"wp-image-17109 size-medium\" src=\"https:\/\/recyclingequipinc.com\/wp-content\/uploads\/2025\/01\/stainless-steel-blades-of-the-forced-feeder-300x225.webp\" alt=\"lames en acier inoxydable du distributeur forc\u00e9\" width=\"300\" height=\"225\" srcset=\"https:\/\/recyclingequipinc.com\/wp-content\/uploads\/2025\/01\/stainless-steel-blades-of-the-forced-feeder-300x225.webp 300w, https:\/\/recyclingequipinc.com\/wp-content\/uploads\/2025\/01\/stainless-steel-blades-of-the-forced-feeder-16x12.webp 16w, https:\/\/recyclingequipinc.com\/wp-content\/uploads\/2025\/01\/stainless-steel-blades-of-the-forced-feeder.webp 720w\" sizes=\"(max-width: 300px) 100vw, 300px\" \/><figcaption id=\"caption-attachment-17109\" class=\"wp-caption-text\">lames en acier inoxydable du distributeur forc\u00e9<\/figcaption><\/figure> <h2>Param\u00e8tres du distributeur forc\u00e9<\/h2> <table style=\"border-collapse: collapse; width: 46.5156%;\"> <tbody> <tr> <td style=\"width: 21.1158%;\">Mod\u00e8le<\/td> <td style=\"width: 25.4874%;\">SL-150<\/td> <\/tr> <tr> <td style=\"width: 21.1158%;\">Puissance<\/td> <td style=\"width: 25.4874%;\">5,5 kW<\/td> <\/tr> <tr> <td style=\"width: 21.1158%;\">R\u00e9ducteur<\/td> <td style=\"width: 25.4874%;\">R\u00e9ducteur \u00e0 engrenages tremp\u00e9<\/td> <\/tr> <tr> <td style=\"width: 21.1158%;\">Contr\u00f4le Canibet<\/td> <td style=\"width: 25.4874%;\">Oui<\/td> <\/tr> <tr> <td style=\"width: 21.1158%;\">Arbre de transmission<\/td> <td style=\"width: 25.4874%;\">Oui<\/td> <\/tr> <\/tbody> <\/table> <figure id=\"attachment_17113\" aria-describedby=\"caption-attachment-17113\" style=\"width: 300px\" class=\"wp-caption alignleft\"><img decoding=\"async\" class=\"wp-image-17113 size-medium\" src=\"https:\/\/recyclingequipinc.com\/wp-content\/uploads\/2025\/01\/forced-feeder-machine-for-plastic-recycling-300x225.webp\" alt=\"machine \u00e0 alimentation forc\u00e9e pour le recyclage du plastique\" width=\"300\" height=\"225\" srcset=\"https:\/\/recyclingequipinc.com\/wp-content\/uploads\/2025\/01\/forced-feeder-machine-for-plastic-recycling-300x225.webp 300w, https:\/\/recyclingequipinc.com\/wp-content\/uploads\/2025\/01\/forced-feeder-machine-for-plastic-recycling-16x12.webp 16w, https:\/\/recyclingequipinc.com\/wp-content\/uploads\/2025\/01\/forced-feeder-machine-for-plastic-recycling.webp 720w\" sizes=\"(max-width: 300px) 100vw, 300px\" \/><figcaption id=\"caption-attachment-17113\" class=\"wp-caption-text\">machine \u00e0 alimentation forc\u00e9e pour le recyclage du plastique<\/figcaption><\/figure> <figure id=\"attachment_17112\" aria-describedby=\"caption-attachment-17112\" style=\"width: 300px\" class=\"wp-caption alignleft\"><img loading=\"lazy\" decoding=\"async\" class=\"wp-image-17112 size-medium\" src=\"https:\/\/recyclingequipinc.com\/wp-content\/uploads\/2025\/01\/details-of-feeding-machine-300x225.webp\" alt=\"d\u00e9tails de la machine d&#039;alimentation\" width=\"300\" height=\"225\" srcset=\"https:\/\/recyclingequipinc.com\/wp-content\/uploads\/2025\/01\/details-of-feeding-machine-300x225.webp 300w, https:\/\/recyclingequipinc.com\/wp-content\/uploads\/2025\/01\/details-of-feeding-machine-16x12.webp 16w, https:\/\/recyclingequipinc.com\/wp-content\/uploads\/2025\/01\/details-of-feeding-machine.webp 720w\" sizes=\"(max-width: 300px) 100vw, 300px\" \/><figcaption id=\"caption-attachment-17112\" class=\"wp-caption-text\">d\u00e9tails de la machine d'alimentation<\/figcaption><\/figure> <h2>Principe de fonctionnement des mangeoires forc\u00e9es<\/h2> <p>Le chargeur est \u00e9quip\u00e9 d'un moteur haute puissance connect\u00e9 \u00e0 l'arbre d'entra\u00eenement, qui fournit une forte puissance pour faire tourner l'arbre d'entra\u00eenement. Lorsque le plastique est introduit dans le chargeur, l'arbre d'entra\u00eenement entra\u00eene la rotation des lames en spirale, qui saisissent et compriment le plastique, le d\u00e9chargent par la sortie en bas et entrent directement dans la machine de granulation du plastique pour le traitement de fusion thermique.<\/p> <p>Dans ce processus, en raison de la structure verticale du syst\u00e8me d'alimentation forc\u00e9e, le plastique est affect\u00e9 par la gravit\u00e9, ce qui acc\u00e9l\u00e8re encore la vitesse du plastique pouss\u00e9, \u00e9vitant ainsi efficacement le colmatage du mat\u00e9riau et am\u00e9liorant la continuit\u00e9 et la stabilit\u00e9 de l'efficacit\u00e9 du recyclage.<\/p> <figure id=\"attachment_17114\" aria-describedby=\"caption-attachment-17114\" style=\"width: 720px\" class=\"wp-caption aligncenter\"><img loading=\"lazy\" decoding=\"async\" class=\"size-full wp-image-17114\" src=\"https:\/\/recyclingequipinc.com\/wp-content\/uploads\/2025\/01\/Feeding-Extruder-System.webp\" alt=\"Syst\u00e8me d&#039;extrudeuse d&#039;alimentation\" width=\"720\" height=\"540\" srcset=\"https:\/\/recyclingequipinc.com\/wp-content\/uploads\/2025\/01\/Feeding-Extruder-System.webp 720w, https:\/\/recyclingequipinc.com\/wp-content\/uploads\/2025\/01\/Feeding-Extruder-System-300x225.webp 300w, https:\/\/recyclingequipinc.com\/wp-content\/uploads\/2025\/01\/Feeding-Extruder-System-16x12.webp 16w\" sizes=\"(max-width: 720px) 100vw, 720px\" \/><figcaption id=\"caption-attachment-17114\" class=\"wp-caption-text\">Syst\u00e8me d'extrudeuse d'alimentation<\/figcaption><\/figure> <h2>Applications d'alimentation forc\u00e9e<\/h2> <p>L'alimentateur forc\u00e9 \u00e0 vis convient \u00e0 la granulation et au recyclage de divers types de plastiques, notamment les sacs tiss\u00e9s, les films agricoles, les palettes en plastique, les tuyaux et les mat\u00e9riaux EPE. Cet appareil comprime et m\u00e9lange les d\u00e9chets plastiques et les alimente dans l'extrudeuse pour les faire fondre et les extruder.<\/p> <p class=\"translation-block\">Utiliser des alimentateurs forc\u00e9s au lieu de la main-d'\u0153uvre manuelle peut aider \u00e0 r\u00e9duire les co\u00fbts de main-d'\u0153uvre tout en garantissant une livraison uniforme et efficace du plastique. Cela entra\u00eene un processus de <a href=\"https:\/\/recyclingequipinc.com\/fr\/produit\/machine-de-granulation-de-films-plastiques\/\">p\u00e9lletisation du plastique<\/a> plus stable et continu, minimisant le risque d'emm\u00ealement du mat\u00e9riau et de blocages dans la machinerie.<\/p> <figure id=\"attachment_17115\" aria-describedby=\"caption-attachment-17115\" style=\"width: 300px\" class=\"wp-caption alignleft\"><img loading=\"lazy\" decoding=\"async\" class=\"wp-image-17115 size-medium\" src=\"https:\/\/recyclingequipinc.com\/wp-content\/uploads\/2025\/01\/EPE-plastics-300x225.webp\" alt=\"Plastiques EPE\" width=\"300\" height=\"225\" srcset=\"https:\/\/recyclingequipinc.com\/wp-content\/uploads\/2025\/01\/EPE-plastics-300x225.webp 300w, https:\/\/recyclingequipinc.com\/wp-content\/uploads\/2025\/01\/EPE-plastics-16x12.webp 16w, https:\/\/recyclingequipinc.com\/wp-content\/uploads\/2025\/01\/EPE-plastics.webp 720w\" sizes=\"(max-width: 300px) 100vw, 300px\" \/><figcaption id=\"caption-attachment-17115\" class=\"wp-caption-text\">Plastiques EPE<\/figcaption><\/figure> <figure id=\"attachment_17116\" aria-describedby=\"caption-attachment-17116\" style=\"width: 300px\" class=\"wp-caption alignleft\"><img loading=\"lazy\" decoding=\"async\" class=\"wp-image-17116 size-medium\" src=\"https:\/\/recyclingequipinc.com\/wp-content\/uploads\/2025\/01\/PP-plastic-films-300x225.webp\" alt=\"Films plastiques PP\" width=\"300\" height=\"225\" srcset=\"https:\/\/recyclingequipinc.com\/wp-content\/uploads\/2025\/01\/PP-plastic-films-300x225.webp 300w, https:\/\/recyclingequipinc.com\/wp-content\/uploads\/2025\/01\/PP-plastic-films-16x12.webp 16w, https:\/\/recyclingequipinc.com\/wp-content\/uploads\/2025\/01\/PP-plastic-films.webp 720w\" sizes=\"(max-width: 300px) 100vw, 300px\" \/><figcaption id=\"caption-attachment-17116\" class=\"wp-caption-text\">Films plastiques PP<\/figcaption><\/figure> <figure id=\"attachment_17117\" aria-describedby=\"caption-attachment-17117\" style=\"width: 300px\" class=\"wp-caption alignleft\"><img loading=\"lazy\" decoding=\"async\" class=\"wp-image-17117 size-medium\" src=\"https:\/\/recyclingequipinc.com\/wp-content\/uploads\/2025\/01\/woven-bags-300x225.webp\" alt=\"sacs tiss\u00e9s\" width=\"300\" height=\"225\" srcset=\"https:\/\/recyclingequipinc.com\/wp-content\/uploads\/2025\/01\/woven-bags-300x225.webp 300w, https:\/\/recyclingequipinc.com\/wp-content\/uploads\/2025\/01\/woven-bags-16x12.webp 16w, https:\/\/recyclingequipinc.com\/wp-content\/uploads\/2025\/01\/woven-bags.webp 720w\" sizes=\"(max-width: 300px) 100vw, 300px\" \/><figcaption id=\"caption-attachment-17117\" class=\"wp-caption-text\">sacs tiss\u00e9s<\/figcaption><\/figure> <h2>Conclusion<\/h2> <p>En tant que fournisseur professionnel de machines de recyclage du plastique, nous pouvons fournir ou personnaliser diff\u00e9rents mod\u00e8les de gavage pour les adapter \u00e0 votre ligne de production de recyclage. N'h\u00e9sitez pas \u00e0 nous envoyer vos besoins de production, nous attendons toujours votre message !<\/p> <p>&nbsp;<\/p>","protected":false},"excerpt":{"rendered":"<p>Les distributeurs forc\u00e9s augmentent l'efficacit\u00e9 du recyclage des plastiques en comprimant ou en m\u00e9langeant et en aidant \u00e0 introduire les plastiques dans l'entr\u00e9e des machines de recyclage des plastiques de mani\u00e8re continue et stable.<\/p>","protected":false},"featured_media":17107,"template":"","meta":{"site-sidebar-layout":"default","site-content-layout":"","ast-site-content-layout":"default","site-content-style":"default","site-sidebar-style":"default","ast-global-header-display":"","ast-banner-title-visibility":"","ast-main-header-display":"","ast-hfb-above-header-display":"","ast-hfb-below-header-display":"","ast-hfb-mobile-header-display":"","site-post-title":"","ast-breadcrumbs-content":"","ast-featured-img":"","footer-sml-layout":"","ast-disable-related-posts":"","theme-transparent-header-meta":"default","adv-header-id-meta":"","stick-header-meta":"","header-above-stick-meta":"","header-main-stick-meta":"","header-below-stick-meta":"","astra-migrate-meta-layouts":"set","ast-page-background-enabled":"default","ast-page-background-meta":{"desktop":{"background-color":"","background-image":"","background-repeat":"repeat","background-position":"center center","background-size":"auto","background-attachment":"scroll","background-type":"","background-media":"","overlay-type":"","overlay-color":"","overlay-opacity":"","overlay-gradient":""},"tablet":{"background-color":"","background-image":"","background-repeat":"repeat","background-position":"center center","background-size":"auto","background-attachment":"scroll","background-type":"","background-media":"","overlay-type":"","overlay-color":"","overlay-opacity":"","overlay-gradient":""},"mobile":{"background-color":"","background-image":"","background-repeat":"repeat","background-position":"center center","background-size":"auto","background-attachment":"scroll","background-type":"","background-media":"","overlay-type":"","overlay-color":"","overlay-opacity":"","overlay-gradient":""}},"ast-content-background-meta":{"desktop":{"background-color":"var(--ast-global-color-5)","background-image":"","background-repeat":"repeat","background-position":"center center","background-size":"auto","background-attachment":"scroll","background-type":"","background-media":"","overlay-type":"","overlay-color":"","overlay-opacity":"","overlay-gradient":""},"tablet":{"background-color":"var(--ast-global-color-5)","background-image":"","background-repeat":"repeat","background-position":"center center","background-size":"auto","background-attachment":"scroll","background-type":"","background-media":"","overlay-type":"","overlay-color":"","overlay-opacity":"","overlay-gradient":""},"mobile":{"background-color":"var(--ast-global-color-5)","background-image":"","background-repeat":"repeat","background-position":"center center","background-size":"auto","background-attachment":"scroll","background-type":"","background-media":"","overlay-type":"","overlay-color":"","overlay-opacity":"","overlay-gradient":""}}},"product_brand":[],"product_cat":[36],"product_tag":[],"class_list":{"0":"post-17097","1":"product","2":"type-product","3":"status-publish","4":"has-post-thumbnail","6":"product_cat-plastic-recycling-machine","7":"desktop-align-center","8":"tablet-align-center","9":"mobile-align-center","11":"first","12":"instock","13":"shipping-taxable","14":"product-type-simple"},"_links":{"self":[{"href":"https:\/\/recyclingequipinc.com\/fr\/wp-json\/wp\/v2\/product\/17097","targetHints":{"allow":["GET"]}}],"collection":[{"href":"https:\/\/recyclingequipinc.com\/fr\/wp-json\/wp\/v2\/product"}],"about":[{"href":"https:\/\/recyclingequipinc.com\/fr\/wp-json\/wp\/v2\/types\/product"}],"version-history":[{"count":0,"href":"https:\/\/recyclingequipinc.com\/fr\/wp-json\/wp\/v2\/product\/17097\/revisions"}],"wp:featuredmedia":[{"embeddable":true,"href":"https:\/\/recyclingequipinc.com\/fr\/wp-json\/wp\/v2\/media\/17107"}],"wp:attachment":[{"href":"https:\/\/recyclingequipinc.com\/fr\/wp-json\/wp\/v2\/media?parent=17097"}],"wp:term":[{"taxonomy":"product_brand","embeddable":true,"href":"https:\/\/recyclingequipinc.com\/fr\/wp-json\/wp\/v2\/product_brand?post=17097"},{"taxonomy":"product_cat","embeddable":true,"href":"https:\/\/recyclingequipinc.com\/fr\/wp-json\/wp\/v2\/product_cat?post=17097"},{"taxonomy":"product_tag","embeddable":true,"href":"https:\/\/recyclingequipinc.com\/fr\/wp-json\/wp\/v2\/product_tag?post=17097"}],"curies":[{"name":"wp","href":"https:\/\/api.w.org\/{rel}","templated":true}]}}