{"id":17080,"date":"2025-01-22T11:09:50","date_gmt":"2025-01-22T03:09:50","guid":{"rendered":"https:\/\/recyclingequipinc.com\/?post_type=product&#038;p=17080"},"modified":"2025-01-22T11:09:50","modified_gmt":"2025-01-22T03:09:50","slug":"plastic-pellet-storage-silos","status":"publish","type":"product","link":"https:\/\/recyclingequipinc.com\/fr\/product\/plastic-pellet-storage-silos\/","title":{"rendered":"Silos de stockage de granul\u00e9s de plastique en acier inoxydable pour le recyclage du plastique"},"content":{"rendered":"<p>Les silos de stockage de granul\u00e9s de plastique sont con\u00e7us pour stocker des granul\u00e9s de plastique recycl\u00e9s, apportant des avantages qualitatifs, \u00e9conomiques et environnementaux au recyclage des plastiques en fournissant des conditions de stockage strictes, et constituent un \u00e9quipement essentiel dans tous les types de lignes de recyclage des plastiques.<\/p> <div class=\"ast-oembed-container\" style=\"height: 100%;\"><iframe title=\"Silos de stockage de granul\u00e9s de plastique efficaces\u00a0: maximisez la capacit\u00e9 et la stabilit\u00e9\u00a0!\" width=\"500\" height=\"281\" src=\"https:\/\/www.youtube.com\/embed\/OqUPjlXKKlU?feature=oembed\" frameborder=\"0\" allow=\"accelerometer; autoplay; clipboard-write; encrypted-media; gyroscope; picture-in-picture; web-share\" referrerpolicy=\"strict-origin-when-cross-origin\" allowfullscreen><\/iframe><\/div> <h2>Quels sont les avantages des silos de stockage de pellets en plastique Shuliy ?<\/h2> <ul> <li>R\u00e9sistant \u00e0 l'humidit\u00e9 et \u00e0 la poussi\u00e8re\u00a0: le silo de stockage fournit un environnement de stockage scell\u00e9 pour les granul\u00e9s de plastique, prot\u00e9geant les granul\u00e9s de l'humidit\u00e9 et de la contamination ext\u00e9rieure et r\u00e9duisant les pertes de mat\u00e9riaux.<\/li> <li>Emp\u00eache le vieillissement des granul\u00e9s : le bac de stockage est fabriqu\u00e9 en acier inoxydable imperm\u00e9able, emp\u00eachant la lumi\u00e8re directe du soleil de vieillir et d'oxyder les granul\u00e9s de plastique.<br \/> Facilite la gestion des pellets : le stockage centralis\u00e9 des pellets produits facilite la gestion ult\u00e9rieure ordonn\u00e9e des pellets en termes de transport, emballage, transformation, etc.<\/li> <li>Am\u00e9liorer l'efficacit\u00e9 du recyclage : la coop\u00e9ration efficace entre le bac de stockage de granul\u00e9s en plastique et le syst\u00e8me de granulation en plastique peut r\u00e9soudre efficacement le probl\u00e8me de l'accumulation de granul\u00e9s finis et assurer la continuit\u00e9 du processus de recyclage, am\u00e9liorant ainsi consid\u00e9rablement l'efficacit\u00e9 op\u00e9rationnelle globale.<\/li> <li>R\u00e9duire les co\u00fbts de stockage : cela peut r\u00e9duire la surface au sol des granul\u00e9s de plastique dans l\u2019usine et am\u00e9liorer le taux d\u2019utilisation de l\u2019espace.<\/li> <li>Pr\u00e9venir la pollution de l'environnement : le stockage centralis\u00e9 emp\u00eache les granul\u00e9s de plastique de se disperser, de se d\u00e9verser, etc., ce qui provoque une pollution de l'environnement et augmente la charge sur les terres.<\/li> <\/ul> <figure id=\"attachment_17085\" aria-describedby=\"caption-attachment-17085\" style=\"width: 720px\" class=\"wp-caption aligncenter\"><img fetchpriority=\"high\" decoding=\"async\" class=\"wp-image-17085 size-full\" src=\"https:\/\/recyclingequipinc.com\/wp-content\/uploads\/2025\/01\/plastic-pellet-storage-bins-in-stock.webp\" alt=\"silos de stockage de granul\u00e9s en plastique en stock\" width=\"720\" height=\"540\" srcset=\"https:\/\/recyclingequipinc.com\/wp-content\/uploads\/2025\/01\/plastic-pellet-storage-bins-in-stock.webp 720w, https:\/\/recyclingequipinc.com\/wp-content\/uploads\/2025\/01\/plastic-pellet-storage-bins-in-stock-300x225.webp 300w, https:\/\/recyclingequipinc.com\/wp-content\/uploads\/2025\/01\/plastic-pellet-storage-bins-in-stock-16x12.webp 16w\" sizes=\"(max-width: 720px) 100vw, 720px\" \/><figcaption id=\"caption-attachment-17085\" class=\"wp-caption-text\">silos de stockage de granul\u00e9s en plastique en stock<\/figcaption><\/figure> <h2>Pourquoi nous choisir ?<\/h2> <ul> <li>Fabriqu\u00e9 en acier inoxydable de haute qualit\u00e9, durable et r\u00e9sistant \u00e0 la corrosion, emp\u00eachant les rayons ultraviolets.<\/li> <li>Le bac de stockage de granul\u00e9s de plastique est facile \u00e0 nettoyer et \u00e0 utiliser et peut \u00eatre connect\u00e9 au convoyeur automatique pour transporter efficacement les granul\u00e9s de plastique et r\u00e9duire la main d'\u0153uvre.<\/li> <li>La combinaison de la conception de la structure cylindrique sup\u00e9rieure et de la structure conique inf\u00e9rieure maximise non seulement la capacit\u00e9 de r\u00e9tention du bac de stockage de granul\u00e9s en plastique, mais optimise \u00e9galement le chemin d'\u00e9coulement des granul\u00e9s pour garantir que les granul\u00e9s peuvent \u00eatre retir\u00e9s en douceur par l'orifice de d\u00e9charge inf\u00e9rieur.<\/li> <li>Il peut \u00eatre utilis\u00e9 pour stocker une vari\u00e9t\u00e9 de mati\u00e8res plastiques, notamment le PET, le PP, le PE, le HDPE, le PVC, l'ABS, l'EPS, l'EPE, etc.<\/li> <\/ul> <figure id=\"attachment_17084\" aria-describedby=\"caption-attachment-17084\" style=\"width: 720px\" class=\"wp-caption aligncenter\"><img decoding=\"async\" class=\"size-full wp-image-17084\" src=\"https:\/\/recyclingequipinc.com\/wp-content\/uploads\/2025\/01\/plastic-pellet-storage-bin-in-pelletizing-line.webp\" alt=\"bac de stockage de granul\u00e9s en plastique dans la ligne de granulation\" width=\"720\" height=\"540\" srcset=\"https:\/\/recyclingequipinc.com\/wp-content\/uploads\/2025\/01\/plastic-pellet-storage-bin-in-pelletizing-line.webp 720w, https:\/\/recyclingequipinc.com\/wp-content\/uploads\/2025\/01\/plastic-pellet-storage-bin-in-pelletizing-line-300x225.webp 300w, https:\/\/recyclingequipinc.com\/wp-content\/uploads\/2025\/01\/plastic-pellet-storage-bin-in-pelletizing-line-16x12.webp 16w\" sizes=\"(max-width: 720px) 100vw, 720px\" \/><figcaption id=\"caption-attachment-17084\" class=\"wp-caption-text\">bac de stockage de granul\u00e9s en plastique dans la ligne de granulation<\/figcaption><\/figure> <h2>Caract\u00e9ristiques structurelles des silos \u00e0 granul\u00e9s de plastique<\/h2> <p>Le bac de stockage de granul\u00e9s en plastique est enti\u00e8rement construit en acier inoxydable de haute qualit\u00e9 pour une durabilit\u00e9 et une r\u00e9sistance \u00e0 la corrosion. Il a une conception sup\u00e9rieure scell\u00e9e pour emp\u00eacher la poussi\u00e8re et l'humidit\u00e9 de p\u00e9n\u00e9trer et est \u00e9quip\u00e9 d'une ouverture d'acc\u00e8s pour un entretien et une inspection faciles.<\/p> <p>L'entr\u00e9e est situ\u00e9e sur le c\u00f4t\u00e9 du silo et est g\u00e9n\u00e9ralement reli\u00e9e au tuyau de transport pour assurer un transport efficace. L'orifice de d\u00e9chargement est situ\u00e9 au fond de la tr\u00e9mie afin que les pellets puissent \u00eatre facilement \u00e9vacu\u00e9s par gravit\u00e9 lorsque le mat\u00e9riau est retir\u00e9. Les silos de stockage de granul\u00e9s de plastique sont soutenus par un tr\u00e9pied extr\u00eamement stable et offrant une garantie solide et puissante pour le transport de grandes quantit\u00e9s de granul\u00e9s de plastique.<\/p> <figure id=\"attachment_17088\" aria-describedby=\"caption-attachment-17088\" style=\"width: 720px\" class=\"wp-caption aligncenter\"><img decoding=\"async\" class=\"size-full wp-image-17088\" src=\"https:\/\/recyclingequipinc.com\/wp-content\/uploads\/2025\/01\/storage-bin.webp\" alt=\"bac de stockage\" width=\"720\" height=\"540\" srcset=\"https:\/\/recyclingequipinc.com\/wp-content\/uploads\/2025\/01\/storage-bin.webp 720w, https:\/\/recyclingequipinc.com\/wp-content\/uploads\/2025\/01\/storage-bin-300x225.webp 300w, https:\/\/recyclingequipinc.com\/wp-content\/uploads\/2025\/01\/storage-bin-16x12.webp 16w\" sizes=\"(max-width: 720px) 100vw, 720px\" \/><figcaption id=\"caption-attachment-17088\" class=\"wp-caption-text\">bac de stockage<\/figcaption><\/figure> <h2>D\u00e9tails des silos de stockage en plastique<\/h2> <table style=\"border-collapse: collapse; width: 43.2958%; height: 298px;\"> <tbody> <tr style=\"height: 53px;\"> <td style=\"width: 24.8315%; height: 53px;\">Mat\u00e9riels<\/td> <td style=\"width: 30.5641%; height: 53px;\">Acier inoxydable de haute qualit\u00e9<\/td> <\/tr> <tr style=\"height: 53px;\"> <td style=\"width: 24.8315%; height: 53px;\">Volume<\/td> <td style=\"width: 30.5641%; height: 53px;\">1t-30t<\/td> <\/tr> <tr style=\"height: 53px;\"> <td style=\"width: 24.8315%; height: 53px;\">Taille<\/td> <td style=\"width: 30.5641%; height: 53px;\">Personnalis\u00e9 par le volume<\/td> <\/tr> <tr style=\"height: 53px;\"> <td style=\"width: 24.8315%; height: 53px;\">Application<\/td> <td style=\"width: 30.5641%; height: 53px;\">Stockage de divers granul\u00e9s de plastique dans des lignes de recyclage<\/td> <\/tr> <tr style=\"height: 53px;\"> <td style=\"width: 24.8315%; height: 53px;\">Services<\/td> <td style=\"width: 30.5641%; height: 53px;\">Support technique personnalis\u00e9 et garantie d'un an<\/td> <\/tr> <\/tbody> <\/table> <h2>Comment appliquer les bacs de stockage dans le recyclage du plastique ?<\/h2> <p class=\"translation-block\">Comme le montre l'image ci-dessous, dans la <a href=\"https:\/\/recyclingequipinc.com\/fr\/produit\/granulateur-en-plastique\/\">ligne de granulation de plastique<\/a>, les silos de stockage de granul\u00e9s de plastique sont souvent reli\u00e9s aux granulateurs de plastique par des tuyaux de convoyage, ce qui est pratique pour la collecte et le stockage des granul\u00e9s r\u00e9g\u00e9n\u00e9r\u00e9s. Nous proposons une large gamme de silos de stockage de granul\u00e9s d'une capacit\u00e9 de 10 \u00e0 30 tonnes pour r\u00e9pondre de mani\u00e8re flexible aux diff\u00e9rentes exigences de production.<\/p> <figure id=\"attachment_17087\" aria-describedby=\"caption-attachment-17087\" style=\"width: 720px\" class=\"wp-caption aligncenter\"><img loading=\"lazy\" decoding=\"async\" class=\"size-full wp-image-17087\" src=\"https:\/\/recyclingequipinc.com\/wp-content\/uploads\/2025\/01\/granules-enter-the-storage-bin-via-an-automatic-conveyor.webp\" alt=\"les granul\u00e9s entrent dans le bac de stockage via un convoyeur automatique\" width=\"720\" height=\"540\" srcset=\"https:\/\/recyclingequipinc.com\/wp-content\/uploads\/2025\/01\/granules-enter-the-storage-bin-via-an-automatic-conveyor.webp 720w, https:\/\/recyclingequipinc.com\/wp-content\/uploads\/2025\/01\/granules-enter-the-storage-bin-via-an-automatic-conveyor-300x225.webp 300w, https:\/\/recyclingequipinc.com\/wp-content\/uploads\/2025\/01\/granules-enter-the-storage-bin-via-an-automatic-conveyor-16x12.webp 16w\" sizes=\"(max-width: 720px) 100vw, 720px\" \/><figcaption id=\"caption-attachment-17087\" class=\"wp-caption-text\">les granul\u00e9s entrent dans le bac de stockage via un convoyeur automatique<\/figcaption><\/figure> <h2>Conclusion<\/h2> <p>Les silos de stockage de granul\u00e9s de plastique, en tant que machines importantes pour le stockage des granul\u00e9s finis, peuvent non seulement rendre le stockage des granul\u00e9s plus pratique, mais \u00e9galement prot\u00e9ger la qualit\u00e9 des granul\u00e9s de plastique, pr\u00e9venir la pollution de l'environnement, etc. Si vous \u00eates int\u00e9ress\u00e9, n'h\u00e9sitez pas \u00e0 vous renseigner !<\/p> <figure id=\"attachment_17089\" aria-describedby=\"caption-attachment-17089\" style=\"width: 720px\" class=\"wp-caption aligncenter\"><img loading=\"lazy\" decoding=\"async\" class=\"size-full wp-image-17089\" src=\"https:\/\/recyclingequipinc.com\/wp-content\/uploads\/2025\/01\/plastic-extruder-pelletizing-line.webp\" alt=\"ligne de granulation d&#039;extrudeuse en plastique\" width=\"720\" height=\"540\" srcset=\"https:\/\/recyclingequipinc.com\/wp-content\/uploads\/2025\/01\/plastic-extruder-pelletizing-line.webp 720w, https:\/\/recyclingequipinc.com\/wp-content\/uploads\/2025\/01\/plastic-extruder-pelletizing-line-300x225.webp 300w, https:\/\/recyclingequipinc.com\/wp-content\/uploads\/2025\/01\/plastic-extruder-pelletizing-line-16x12.webp 16w\" sizes=\"(max-width: 720px) 100vw, 720px\" \/><figcaption id=\"caption-attachment-17089\" class=\"wp-caption-text\">ligne de granulation d'extrudeuse en plastique<\/figcaption><\/figure> <p>&nbsp;<\/p> <p>&nbsp;<\/p>","protected":false},"excerpt":{"rendered":"<p>Pour garantir la qualit\u00e9 des pellets de plastique recycl\u00e9s et r\u00e9duire les co\u00fbts de production, les conditions de stockage des pellets de plastique doivent \u00eatre strictement contr\u00f4l\u00e9es. En tant que sp\u00e9cialiste du recyclage du plastique, nous proposons des silos de stockage de granul\u00e9s de plastique en acier inoxydable de haute qualit\u00e9 pour vous offrir la solution parfaite de stockage du plastique.<\/p>","protected":false},"featured_media":17083,"template":"","meta":{"site-sidebar-layout":"default","site-content-layout":"","ast-site-content-layout":"default","site-content-style":"default","site-sidebar-style":"default","ast-global-header-display":"","ast-banner-title-visibility":"","ast-main-header-display":"","ast-hfb-above-header-display":"","ast-hfb-below-header-display":"","ast-hfb-mobile-header-display":"","site-post-title":"","ast-breadcrumbs-content":"","ast-featured-img":"","footer-sml-layout":"","ast-disable-related-posts":"","theme-transparent-header-meta":"default","adv-header-id-meta":"","stick-header-meta":"","header-above-stick-meta":"","header-main-stick-meta":"","header-below-stick-meta":"","astra-migrate-meta-layouts":"set","ast-page-background-enabled":"default","ast-page-background-meta":{"desktop":{"background-color":"","background-image":"","background-repeat":"repeat","background-position":"center center","background-size":"auto","background-attachment":"scroll","background-type":"","background-media":"","overlay-type":"","overlay-color":"","overlay-opacity":"","overlay-gradient":""},"tablet":{"background-color":"","background-image":"","background-repeat":"repeat","background-position":"center center","background-size":"auto","background-attachment":"scroll","background-type":"","background-media":"","overlay-type":"","overlay-color":"","overlay-opacity":"","overlay-gradient":""},"mobile":{"background-color":"","background-image":"","background-repeat":"repeat","background-position":"center center","background-size":"auto","background-attachment":"scroll","background-type":"","background-media":"","overlay-type":"","overlay-color":"","overlay-opacity":"","overlay-gradient":""}},"ast-content-background-meta":{"desktop":{"background-color":"var(--ast-global-color-5)","background-image":"","background-repeat":"repeat","background-position":"center center","background-size":"auto","background-attachment":"scroll","background-type":"","background-media":"","overlay-type":"","overlay-color":"","overlay-opacity":"","overlay-gradient":""},"tablet":{"background-color":"var(--ast-global-color-5)","background-image":"","background-repeat":"repeat","background-position":"center center","background-size":"auto","background-attachment":"scroll","background-type":"","background-media":"","overlay-type":"","overlay-color":"","overlay-opacity":"","overlay-gradient":""},"mobile":{"background-color":"var(--ast-global-color-5)","background-image":"","background-repeat":"repeat","background-position":"center center","background-size":"auto","background-attachment":"scroll","background-type":"","background-media":"","overlay-type":"","overlay-color":"","overlay-opacity":"","overlay-gradient":""}}},"product_brand":[],"product_cat":[36],"product_tag":[84],"class_list":{"0":"post-17080","1":"product","2":"type-product","3":"status-publish","4":"has-post-thumbnail","6":"product_cat-plastic-recycling-machine","7":"product_tag-pelletizer-part","8":"desktop-align-center","9":"tablet-align-center","10":"mobile-align-center","12":"first","13":"instock","14":"shipping-taxable","15":"product-type-simple"},"_links":{"self":[{"href":"https:\/\/recyclingequipinc.com\/fr\/wp-json\/wp\/v2\/product\/17080","targetHints":{"allow":["GET"]}}],"collection":[{"href":"https:\/\/recyclingequipinc.com\/fr\/wp-json\/wp\/v2\/product"}],"about":[{"href":"https:\/\/recyclingequipinc.com\/fr\/wp-json\/wp\/v2\/types\/product"}],"version-history":[{"count":0,"href":"https:\/\/recyclingequipinc.com\/fr\/wp-json\/wp\/v2\/product\/17080\/revisions"}],"wp:featuredmedia":[{"embeddable":true,"href":"https:\/\/recyclingequipinc.com\/fr\/wp-json\/wp\/v2\/media\/17083"}],"wp:attachment":[{"href":"https:\/\/recyclingequipinc.com\/fr\/wp-json\/wp\/v2\/media?parent=17080"}],"wp:term":[{"taxonomy":"product_brand","embeddable":true,"href":"https:\/\/recyclingequipinc.com\/fr\/wp-json\/wp\/v2\/product_brand?post=17080"},{"taxonomy":"product_cat","embeddable":true,"href":"https:\/\/recyclingequipinc.com\/fr\/wp-json\/wp\/v2\/product_cat?post=17080"},{"taxonomy":"product_tag","embeddable":true,"href":"https:\/\/recyclingequipinc.com\/fr\/wp-json\/wp\/v2\/product_tag?post=17080"}],"curies":[{"name":"wp","href":"https:\/\/api.w.org\/{rel}","templated":true}]}}