{"id":16992,"date":"2025-01-17T15:04:33","date_gmt":"2025-01-17T07:04:33","guid":{"rendered":"https:\/\/recyclingequipinc.com\/?post_type=product&#038;p=16992"},"modified":"2025-01-20T10:04:02","modified_gmt":"2025-01-20T02:04:02","slug":"plastic-dana-cutting-machine","status":"publish","type":"product","link":"https:\/\/recyclingequipinc.com\/fr\/product\/plastic-dana-cutting-machine\/","title":{"rendered":"Machine de d\u00e9coupe de plastique Dana"},"content":{"rendered":"<p>Comment transformer les plastiques extrud\u00e9s en granul\u00e9s uniformes ? La machine de d\u00e9coupe de dana en plastique Shuliy fournit aux clients des solutions de production de granul\u00e9s de haute qualit\u00e9 avec des performances de coupe efficaces, un ajustement flexible de la taille des granul\u00e9s et des performances de fonctionnement stables.<\/p> <div class=\"ast-oembed-container\" style=\"height: 100%;\"><iframe title=\"Machine de fabrication de granul\u00e9s de plastique dur\u00a0: transformez les plastiques HDPE\/PP\/PE\/PVC en granul\u00e9s recycl\u00e9s\" width=\"500\" height=\"281\" src=\"https:\/\/www.youtube.com\/embed\/wkOeeLbD1uY?feature=oembed\" frameborder=\"0\" allow=\"accelerometer; autoplay; clipboard-write; encrypted-media; gyroscope; picture-in-picture; web-share\" referrerpolicy=\"strict-origin-when-cross-origin\" allowfullscreen><\/iframe><\/div> <h2>Pourquoi utilisons-nous la machine de d\u00e9coupe de plastique Dana\u00a0?<\/h2> <ul> <li>Le coupe-granul\u00e9s de plastique coupe de longues bandes de plastique extrud\u00e9 en petits granul\u00e9s uniformes pour le stockage, le transport et la production efficace de nouveaux produits en plastique.<\/li> <li>La taille des granul\u00e9s peut \u00eatre ajust\u00e9e de mani\u00e8re flexible en ajustant l'\u00e9cart entre les lames et la vitesse du coupeur.<\/li> <li>La granulation avec un coupe-granul\u00e9s en plastique est plus efficace et plus s\u00fbre et garantit des granul\u00e9s uniformes.<\/li> <\/ul> <figure id=\"attachment_16993\" aria-describedby=\"caption-attachment-16993\" style=\"width: 300px\" class=\"wp-caption alignleft\"><img fetchpriority=\"high\" decoding=\"async\" class=\"wp-image-16993 size-medium\" src=\"https:\/\/recyclingequipinc.com\/wp-content\/uploads\/2025\/01\/plastic-dana-cutting-machine-300x225.webp\" alt=\"machine de d\u00e9coupe de plastique dana\" width=\"300\" height=\"225\" srcset=\"https:\/\/recyclingequipinc.com\/wp-content\/uploads\/2025\/01\/plastic-dana-cutting-machine-300x225.webp 300w, https:\/\/recyclingequipinc.com\/wp-content\/uploads\/2025\/01\/plastic-dana-cutting-machine-16x12.webp 16w, https:\/\/recyclingequipinc.com\/wp-content\/uploads\/2025\/01\/plastic-dana-cutting-machine.webp 720w\" sizes=\"(max-width: 300px) 100vw, 300px\" \/><figcaption id=\"caption-attachment-16993\" class=\"wp-caption-text\">machine de d\u00e9coupe de plastique dana<\/figcaption><\/figure> <figure id=\"attachment_16994\" aria-describedby=\"caption-attachment-16994\" style=\"width: 300px\" class=\"wp-caption alignleft\"><img decoding=\"async\" class=\"wp-image-16994 size-medium\" src=\"https:\/\/recyclingequipinc.com\/wp-content\/uploads\/2025\/01\/uniform-recycled-pellets-300x217.webp\" alt=\"pellets recycl\u00e9s uniformes\" width=\"300\" height=\"217\" srcset=\"https:\/\/recyclingequipinc.com\/wp-content\/uploads\/2025\/01\/uniform-recycled-pellets-300x217.webp 300w, https:\/\/recyclingequipinc.com\/wp-content\/uploads\/2025\/01\/uniform-recycled-pellets-18x12.webp 18w, https:\/\/recyclingequipinc.com\/wp-content\/uploads\/2025\/01\/uniform-recycled-pellets.webp 720w\" sizes=\"(max-width: 300px) 100vw, 300px\" \/><figcaption id=\"caption-attachment-16994\" class=\"wp-caption-text\">pellets recycl\u00e9s uniformes<\/figcaption><\/figure> <h2>Quels sont les avantages de la machine de d\u00e9coupe de granul\u00e9s de plastique\u00a0?<\/h2> <ul> <li>Large gamme d'applications : il peut \u00eatre appliqu\u00e9 efficacement sur le PP, le PE, le LDPE, le HDOE, le PVC, l'ABS, le PET et de nombreuses autres mati\u00e8res plastiques diff\u00e9rentes.<\/li> <li>Haute efficacit\u00e9 : avec une capacit\u00e9 de 150 \u00e0 280 kg\/h, il peut r\u00e9pondre \u00e0 la plupart des besoins en mati\u00e8re de granulation du plastique. Nous pouvons \u00e9galement fournir des machines personnalis\u00e9es pour des besoins particuliers.<\/li> <li>Durable : les couteaux sont fabriqu\u00e9s en acier inoxydable de haute qualit\u00e9, r\u00e9sistants \u00e0 l'usure et \u00e0 la corrosion, avec une longue dur\u00e9e de vie.<\/li> <li>R\u00e9glage flexible : il peut contr\u00f4ler de mani\u00e8re flexible la vitesse d'entr\u00e9e et de sortie, la vitesse de la lame et l'\u00e9cart entre les lames pour r\u00e9pondre aux diff\u00e9rents besoins des diff\u00e9rentes productions de granul\u00e9s plastiques.<\/li> <li>Stabilit\u00e9 : production continue et stable, sans bourrage ni colmatage, ce qui contribue \u00e0 am\u00e9liorer l'efficacit\u00e9 du recyclage du plastique.<\/li> <\/ul> <figure id=\"attachment_16995\" aria-describedby=\"caption-attachment-16995\" style=\"width: 720px\" class=\"wp-caption aligncenter\"><img decoding=\"async\" class=\"size-full wp-image-16995\" src=\"https:\/\/recyclingequipinc.com\/wp-content\/uploads\/2025\/01\/plastic-dana-cutter.webp\" alt=\"coupe-dana en plastique\" width=\"720\" height=\"540\" srcset=\"https:\/\/recyclingequipinc.com\/wp-content\/uploads\/2025\/01\/plastic-dana-cutter.webp 720w, https:\/\/recyclingequipinc.com\/wp-content\/uploads\/2025\/01\/plastic-dana-cutter-300x225.webp 300w, https:\/\/recyclingequipinc.com\/wp-content\/uploads\/2025\/01\/plastic-dana-cutter-16x12.webp 16w\" sizes=\"(max-width: 720px) 100vw, 720px\" \/><figcaption id=\"caption-attachment-16995\" class=\"wp-caption-text\">coupe-dana en plastique<\/figcaption><\/figure> <h2>Comment pouvons-nous utiliser la machine de d\u00e9coupe de plastique Dana\u00a0?<\/h2> <p>Le coupe-granul\u00e9s en plastique se compose d'un cadre, d'une lame, d'un moteur, d'une entr\u00e9e, d'une sortie et d'une roue de pression en caoutchouc.<\/p> <ol> <li>Les bandes de plastique, form\u00e9es par l'extrusion et le refroidissement, entrent par l'entr\u00e9e d'alimentation et sont transport\u00e9es vers la zone de coupe sous l'action fixe des roues plombeuses en caoutchouc pour \u00e9viter tout glissement ou dommage.<\/li> <li>Les couteaux mobiles de la machine de d\u00e9coupe de plastique Dana tournent \u00e0 grande vitesse et se combinent avec les couteaux fixes pour couper la bande de plastique \u00e0 la taille d\u00e9finie.<\/li> <li>Les granul\u00e9s de plastique uniformes sont \u00e9vacu\u00e9s par l'ouverture de d\u00e9charge pour un s\u00e9chage et un stockage ult\u00e9rieurs.<\/li> <\/ol> <figure id=\"attachment_16997\" aria-describedby=\"caption-attachment-16997\" style=\"width: 300px\" class=\"wp-caption alignleft\"><img loading=\"lazy\" decoding=\"async\" class=\"wp-image-16997 size-medium\" src=\"https:\/\/recyclingequipinc.com\/wp-content\/uploads\/2025\/01\/Rubber-pressure-roller-of-plastic-dana-cutter-300x225.webp\" alt=\"Rouleau de pression en caoutchouc du coupe-dana en plastique\" width=\"300\" height=\"225\" srcset=\"https:\/\/recyclingequipinc.com\/wp-content\/uploads\/2025\/01\/Rubber-pressure-roller-of-plastic-dana-cutter-300x225.webp 300w, https:\/\/recyclingequipinc.com\/wp-content\/uploads\/2025\/01\/Rubber-pressure-roller-of-plastic-dana-cutter-16x12.webp 16w, https:\/\/recyclingequipinc.com\/wp-content\/uploads\/2025\/01\/Rubber-pressure-roller-of-plastic-dana-cutter.webp 720w\" sizes=\"(max-width: 300px) 100vw, 300px\" \/><figcaption id=\"caption-attachment-16997\" class=\"wp-caption-text\">Rouleau de pression en caoutchouc du coupe-dana en plastique<\/figcaption><\/figure> <figure id=\"attachment_16996\" aria-describedby=\"caption-attachment-16996\" style=\"width: 300px\" class=\"wp-caption alignleft\"><img loading=\"lazy\" decoding=\"async\" class=\"wp-image-16996 size-medium\" src=\"https:\/\/recyclingequipinc.com\/wp-content\/uploads\/2025\/01\/Plastic-pellet-cutting-machine-300x225.webp\" alt=\"Machine de d\u00e9coupe de granul\u00e9s de plastique\" width=\"300\" height=\"225\" srcset=\"https:\/\/recyclingequipinc.com\/wp-content\/uploads\/2025\/01\/Plastic-pellet-cutting-machine-300x225.webp 300w, https:\/\/recyclingequipinc.com\/wp-content\/uploads\/2025\/01\/Plastic-pellet-cutting-machine-16x12.webp 16w, https:\/\/recyclingequipinc.com\/wp-content\/uploads\/2025\/01\/Plastic-pellet-cutting-machine.webp 720w\" sizes=\"(max-width: 300px) 100vw, 300px\" \/><figcaption id=\"caption-attachment-16996\" class=\"wp-caption-text\">Machine de d\u00e9coupe de granul\u00e9s de plastique<\/figcaption><\/figure> <h2>Param\u00e8tres de notre machine de fabrication de granul\u00e9s recycl\u00e9s<\/h2> <p>&nbsp;<\/p> <table style=\"border-collapse: collapse; width: 63.0712%;\"> <tbody> <tr> <td style=\"width: 16.779%;\">Mod\u00e8le<\/td> <td style=\"width: 11.4607%;\">SL-140<\/td> <td style=\"width: 10.6476%;\">SL-160<\/td> <td style=\"width: 11.1226%;\">SL-180<\/td> <td style=\"width: 11.797%;\">SL-200<\/td> <\/tr> <tr> <td style=\"width: 16.779%;\">Capacit\u00e9 (kg\/h)<\/td> <td style=\"width: 11.4607%;\">150<\/td> <td style=\"width: 10.6476%;\">180<\/td> <td style=\"width: 11.1226%;\">250<\/td> <td style=\"width: 11.797%;\">280<\/td> <\/tr> <tr> <td style=\"width: 16.779%;\">Puissance (KW)<\/td> <td style=\"width: 11.4607%;\">2.2<\/td> <td style=\"width: 10.6476%;\">2.2<\/td> <td style=\"width: 11.1226%;\">3.0<\/td> <td style=\"width: 11.797%;\">3.0<\/td> <\/tr> <tr> <td style=\"width: 16.779%;\">Rotation du nombre de lames<\/td> <td style=\"width: 11.4607%;\">18<\/td> <td style=\"width: 10.6476%;\">18<\/td> <td style=\"width: 11.1226%;\">22<\/td> <td style=\"width: 11.797%;\">22<\/td> <\/tr> <\/tbody> <\/table> <p>Voici quelques param\u00e8tres de coupe-granul\u00e9s en plastique vendus \u00e0 chaud pour r\u00e9f\u00e9rence. Veuillez nous envoyer vos exigences de production, nous vous recommanderons ou personnaliserons le mod\u00e8le qui vous convient\u00a0!<\/p> <figure id=\"attachment_16998\" aria-describedby=\"caption-attachment-16998\" style=\"width: 720px\" class=\"wp-caption aligncenter\"><img loading=\"lazy\" decoding=\"async\" class=\"size-full wp-image-16998\" src=\"https:\/\/recyclingequipinc.com\/wp-content\/uploads\/2025\/01\/plastic-granule-cutting-machine.webp\" alt=\"machine de coupe de granul\u00e9s de plastique\" width=\"720\" height=\"540\" srcset=\"https:\/\/recyclingequipinc.com\/wp-content\/uploads\/2025\/01\/plastic-granule-cutting-machine.webp 720w, https:\/\/recyclingequipinc.com\/wp-content\/uploads\/2025\/01\/plastic-granule-cutting-machine-300x225.webp 300w, https:\/\/recyclingequipinc.com\/wp-content\/uploads\/2025\/01\/plastic-granule-cutting-machine-16x12.webp 16w\" sizes=\"(max-width: 720px) 100vw, 720px\" \/><figcaption id=\"caption-attachment-16998\" class=\"wp-caption-text\">machine de coupe de granul\u00e9s de plastique<\/figcaption><\/figure> <h2>Prix \u200b\u200bde la machine de d\u00e9coupe Dana en plastique<\/h2> <p class=\"translation-block\">Les machines de d\u00e9coupe de Dana en plastique sont souvent utilis\u00e9es en conjonction avec des extrudeuses en plastique et des r\u00e9servoirs de refroidissement en plastique pour convertir les d\u00e9chets plastiques en granul\u00e9s recycl\u00e9s. Vous pouvez choisir entre un <a href=\"https:\/\/recyclingequipinc.com\/fr\/produit\/granulateur-en-plastique\/\">syst\u00e8me de pelletisation en plastique<\/a> complet ou un coupe-pellets s\u00e9par\u00e9 pour r\u00e9pondre \u00e0 diff\u00e9rents besoins de production.<\/p> <p>Le prix de la machine de d\u00e9coupe de bandes de plastique d\u00e9pend du mod\u00e8le, des mat\u00e9riaux des lames, etc. Veuillez nous contacter pour plus de d\u00e9tails et nous vous fournirons des suggestions raisonnables en mati\u00e8re de granulation\u00a0!<\/p> <figure id=\"attachment_16999\" aria-describedby=\"caption-attachment-16999\" style=\"width: 720px\" class=\"wp-caption aligncenter\"><img loading=\"lazy\" decoding=\"async\" class=\"size-full wp-image-16999\" src=\"https:\/\/recyclingequipinc.com\/wp-content\/uploads\/2025\/01\/complete-pelletizing-line.webp\" alt=\"ligne compl\u00e8te de granulation\" width=\"720\" height=\"393\" srcset=\"https:\/\/recyclingequipinc.com\/wp-content\/uploads\/2025\/01\/complete-pelletizing-line.webp 720w, https:\/\/recyclingequipinc.com\/wp-content\/uploads\/2025\/01\/complete-pelletizing-line-300x164.webp 300w, https:\/\/recyclingequipinc.com\/wp-content\/uploads\/2025\/01\/complete-pelletizing-line-18x10.webp 18w\" sizes=\"(max-width: 720px) 100vw, 720px\" \/><figcaption id=\"caption-attachment-16999\" class=\"wp-caption-text\">ligne compl\u00e8te de granulation<\/figcaption><\/figure>","protected":false},"excerpt":{"rendered":"<p>La machine de d\u00e9coupe de plastique Dana est l'\u00e9quipement cl\u00e9 pour couper des bandes de plastique en granul\u00e9s uniformes, ce qui est li\u00e9 \u00e0 la taille des granul\u00e9s recycl\u00e9s et \u00e0 l'efficacit\u00e9 de l'ensemble du processus de granulation.<\/p>","protected":false},"featured_media":16993,"template":"","meta":{"site-sidebar-layout":"default","site-content-layout":"","ast-site-content-layout":"default","site-content-style":"default","site-sidebar-style":"default","ast-global-header-display":"","ast-banner-title-visibility":"","ast-main-header-display":"","ast-hfb-above-header-display":"","ast-hfb-below-header-display":"","ast-hfb-mobile-header-display":"","site-post-title":"","ast-breadcrumbs-content":"","ast-featured-img":"","footer-sml-layout":"","ast-disable-related-posts":"","theme-transparent-header-meta":"default","adv-header-id-meta":"","stick-header-meta":"","header-above-stick-meta":"","header-main-stick-meta":"","header-below-stick-meta":"","astra-migrate-meta-layouts":"set","ast-page-background-enabled":"default","ast-page-background-meta":{"desktop":{"background-color":"","background-image":"","background-repeat":"repeat","background-position":"center center","background-size":"auto","background-attachment":"scroll","background-type":"","background-media":"","overlay-type":"","overlay-color":"","overlay-opacity":"","overlay-gradient":""},"tablet":{"background-color":"","background-image":"","background-repeat":"repeat","background-position":"center center","background-size":"auto","background-attachment":"scroll","background-type":"","background-media":"","overlay-type":"","overlay-color":"","overlay-opacity":"","overlay-gradient":""},"mobile":{"background-color":"","background-image":"","background-repeat":"repeat","background-position":"center center","background-size":"auto","background-attachment":"scroll","background-type":"","background-media":"","overlay-type":"","overlay-color":"","overlay-opacity":"","overlay-gradient":""}},"ast-content-background-meta":{"desktop":{"background-color":"var(--ast-global-color-5)","background-image":"","background-repeat":"repeat","background-position":"center center","background-size":"auto","background-attachment":"scroll","background-type":"","background-media":"","overlay-type":"","overlay-color":"","overlay-opacity":"","overlay-gradient":""},"tablet":{"background-color":"var(--ast-global-color-5)","background-image":"","background-repeat":"repeat","background-position":"center center","background-size":"auto","background-attachment":"scroll","background-type":"","background-media":"","overlay-type":"","overlay-color":"","overlay-opacity":"","overlay-gradient":""},"mobile":{"background-color":"var(--ast-global-color-5)","background-image":"","background-repeat":"repeat","background-position":"center center","background-size":"auto","background-attachment":"scroll","background-type":"","background-media":"","overlay-type":"","overlay-color":"","overlay-opacity":"","overlay-gradient":""}}},"product_brand":[],"product_cat":[36],"product_tag":[84],"class_list":{"0":"post-16992","1":"product","2":"type-product","3":"status-publish","4":"has-post-thumbnail","6":"product_cat-plastic-recycling-machine","7":"product_tag-pelletizer-part","8":"desktop-align-center","9":"tablet-align-center","10":"mobile-align-center","12":"first","13":"instock","14":"shipping-taxable","15":"product-type-simple"},"_links":{"self":[{"href":"https:\/\/recyclingequipinc.com\/fr\/wp-json\/wp\/v2\/product\/16992","targetHints":{"allow":["GET"]}}],"collection":[{"href":"https:\/\/recyclingequipinc.com\/fr\/wp-json\/wp\/v2\/product"}],"about":[{"href":"https:\/\/recyclingequipinc.com\/fr\/wp-json\/wp\/v2\/types\/product"}],"version-history":[{"count":0,"href":"https:\/\/recyclingequipinc.com\/fr\/wp-json\/wp\/v2\/product\/16992\/revisions"}],"wp:featuredmedia":[{"embeddable":true,"href":"https:\/\/recyclingequipinc.com\/fr\/wp-json\/wp\/v2\/media\/16993"}],"wp:attachment":[{"href":"https:\/\/recyclingequipinc.com\/fr\/wp-json\/wp\/v2\/media?parent=16992"}],"wp:term":[{"taxonomy":"product_brand","embeddable":true,"href":"https:\/\/recyclingequipinc.com\/fr\/wp-json\/wp\/v2\/product_brand?post=16992"},{"taxonomy":"product_cat","embeddable":true,"href":"https:\/\/recyclingequipinc.com\/fr\/wp-json\/wp\/v2\/product_cat?post=16992"},{"taxonomy":"product_tag","embeddable":true,"href":"https:\/\/recyclingequipinc.com\/fr\/wp-json\/wp\/v2\/product_tag?post=16992"}],"curies":[{"name":"wp","href":"https:\/\/api.w.org\/{rel}","templated":true}]}}