{"id":16984,"date":"2025-01-17T16:33:18","date_gmt":"2025-01-17T08:33:18","guid":{"rendered":"https:\/\/recyclingequipinc.com\/?post_type=product&#038;p=16984"},"modified":"2025-01-20T10:03:34","modified_gmt":"2025-01-20T02:03:34","slug":"extrusion-cooling-tank","status":"publish","type":"product","link":"https:\/\/recyclingequipinc.com\/fr\/product\/extrusion-cooling-tank\/","title":{"rendered":"R\u00e9servoir de refroidissement par extrusion dans le syst\u00e8me de pelletisation de brins"},"content":{"rendered":"<p>Le r\u00e9servoir de refroidissement d'extrusion est une partie importante du syst\u00e8me de granulation du plastique. Il refroidit et fa\u00e7onne le plastique fondu extrud\u00e9 et aide \u00e0 jeter les bases de la d\u00e9coupe ult\u00e9rieure du plastique. Cet article expliquera en d\u00e9tail nos bains-marie pour la granulation.<\/p> <div class=\"ast-oembed-container\" style=\"height: 100%;\"><iframe title=\"Machine de fabrication de granul\u00e9s de plastique dur\u00a0: transformez les plastiques HDPE\/PP\/PE\/PVC en granul\u00e9s recycl\u00e9s\" width=\"500\" height=\"281\" src=\"https:\/\/www.youtube.com\/embed\/wkOeeLbD1uY?feature=oembed\" frameborder=\"0\" allow=\"accelerometer; autoplay; clipboard-write; encrypted-media; gyroscope; picture-in-picture; web-share\" referrerpolicy=\"strict-origin-when-cross-origin\" allowfullscreen><\/iframe><\/div> <h2>Pourquoi avons-nous besoin d\u2019un bain de refroidissement par eau pour les granul\u00e9s de plastique\u00a0?<\/h2> <ul> <li><strong>Refroidissement:<\/strong> Les d\u00e9chets plastiques sont fondus et extrud\u00e9s \u00e0 haute temp\u00e9rature, ils se ramollissent, se d\u00e9forment et m\u00eame se cassent facilement et doivent \u00eatre refroidis dans des r\u00e9servoirs de refroidissement par extrusion.<\/li> <li><strong>Mise en forme\u00a0:<\/strong> La qualit\u00e9 des granul\u00e9s recycl\u00e9s est influenc\u00e9e par la taille, la douceur de la surface et l'uniformit\u00e9 du plastique extrud\u00e9 de la t\u00eate de fili\u00e8re. Le refroidissement et le fa\u00e7onnage des bandes dans un bain de refroidissement peuvent am\u00e9liorer la qualit\u00e9 des granul\u00e9s obtenus et emp\u00eacher le plastique de coller ensemble \u00e0 haute temp\u00e9rature.<\/li> <li><strong>\u00c9conomie d'\u00e9nergie\u00a0:<\/strong> Compar\u00e9 \u00e0 d'autres m\u00e9thodes de refroidissement, le bain-marie pour plastique est plus \u00e9conome en \u00e9nergie, plus respectueux de l'environnement et r\u00e9duit les co\u00fbts d'exploitation.<\/li> <li><strong>Prolongez la dur\u00e9e de vie de la machine de d\u00e9coupe de plastique Dana\u00a0: <\/strong>Les bandes de plastique qui n'ont pas \u00e9t\u00e9 suffisamment refroidies pour p\u00e9n\u00e9trer dans le granulateur en aval bloqueront les lames du coupe-granul\u00e9s en plastique, provoqueront une coupe in\u00e9gale et endommageront m\u00eame l'\u00e9quipement. Le refroidissement du plastique contribuera \u00e0 garantir une d\u00e9coupe ult\u00e9rieure en douceur.<\/li> <\/ul> <figure id=\"attachment_17025\" aria-describedby=\"caption-attachment-17025\" style=\"width: 720px\" class=\"wp-caption aligncenter\"><img fetchpriority=\"high\" decoding=\"async\" class=\"size-full wp-image-17025\" src=\"https:\/\/recyclingequipinc.com\/wp-content\/uploads\/2025\/01\/extrusion-cooling-tank.webp\" alt=\"r\u00e9servoir de refroidissement d&#039;extrusion\" width=\"720\" height=\"540\" srcset=\"https:\/\/recyclingequipinc.com\/wp-content\/uploads\/2025\/01\/extrusion-cooling-tank.webp 720w, https:\/\/recyclingequipinc.com\/wp-content\/uploads\/2025\/01\/extrusion-cooling-tank-300x225.webp 300w, https:\/\/recyclingequipinc.com\/wp-content\/uploads\/2025\/01\/extrusion-cooling-tank-16x12.webp 16w\" sizes=\"(max-width: 720px) 100vw, 720px\" \/><figcaption id=\"caption-attachment-17025\" class=\"wp-caption-text\">r\u00e9servoir de refroidissement d'extrusion<\/figcaption><\/figure> <h2>Principales caract\u00e9ristiques de notre r\u00e9servoir de refroidissement par extrusion<\/h2> <ul> <li>Conception raisonnable de la taille du r\u00e9servoir de refroidissement d'extrusion afin que diff\u00e9rentes mati\u00e8res plastiques puissent \u00eatre compl\u00e8tement refroidies en m\u00eame temps, mais \u00e9galement pour \u00e9viter un mauvais flux de mat\u00e9riaux et un gaspillage d'\u00e9nergie.<\/li> <li>Fabriqu\u00e9 en acier inoxydable de haute qualit\u00e9, notre bain de refroidissement \u00e0 brins est durable, r\u00e9sistant \u00e0 la corrosion et poss\u00e8de une bonne conductivit\u00e9 thermique, ce qui peut refroidir efficacement les bandes de plastique.<\/li> <li>D\u00e9bit d'eau r\u00e9glable dans le bain-marie pour assurer un refroidissement uniforme du plastique.<\/li> <li>Amarrage pratique, le r\u00e9servoir de refroidissement peut \u00eatre utilis\u00e9 en parfaite coop\u00e9ration avec diff\u00e9rents types d'extrudeuses de plastique et de machines de d\u00e9coupe de plastique pour promouvoir conjointement la fabrication de granul\u00e9s recycl\u00e9s.<\/li> <li>\u00c9quip\u00e9 d'un dispositif de d\u00e9tection de s\u00e9curit\u00e9 \u00e9tanche et \u00e9tanche, haute s\u00e9curit\u00e9.<\/li> <li>Facile \u00e0 nettoyer et \u00e0 entretenir et respectueux de l'environnement avec une faible consommation d'\u00e9nergie.<\/li> <\/ul> <figure id=\"attachment_17026\" aria-describedby=\"caption-attachment-17026\" style=\"width: 720px\" class=\"wp-caption aligncenter\"><img decoding=\"async\" class=\"size-full wp-image-17026\" src=\"https:\/\/recyclingequipinc.com\/wp-content\/uploads\/2025\/01\/extrusion-cooling-tank-2.webp\" alt=\"r\u00e9servoir de refroidissement d&#039;extrusion\" width=\"720\" height=\"540\" srcset=\"https:\/\/recyclingequipinc.com\/wp-content\/uploads\/2025\/01\/extrusion-cooling-tank-2.webp 720w, https:\/\/recyclingequipinc.com\/wp-content\/uploads\/2025\/01\/extrusion-cooling-tank-2-300x225.webp 300w, https:\/\/recyclingequipinc.com\/wp-content\/uploads\/2025\/01\/extrusion-cooling-tank-2-16x12.webp 16w\" sizes=\"(max-width: 720px) 100vw, 720px\" \/><figcaption id=\"caption-attachment-17026\" class=\"wp-caption-text\">r\u00e9servoir de refroidissement d'extrusion<\/figcaption><\/figure> <h2>D\u00e9tails sur le r\u00e9servoir de refroidissement en plastique<\/h2> <table style=\"border-collapse: collapse; width: 51.9109%; height: 265px;\"> <tbody> <tr style=\"height: 53px;\"> <td style=\"width: 29.9396%; height: 53px; text-align: center;\">Taille (m)<\/td> <td style=\"width: 28.4902%; height: 53px; text-align: center;\">2.5*0.4<\/td> <\/tr> <tr style=\"height: 53px;\"> <td style=\"width: 29.9396%; height: 53px; text-align: center;\">Mat\u00e9riel<\/td> <td style=\"width: 28.4902%; height: 53px; text-align: center;\">Acier inoxydable de haute qualit\u00e9<\/td> <\/tr> <tr style=\"height: 53px;\"> <td style=\"width: 29.9396%; height: 53px; text-align: center;\">Mati\u00e8re premi\u00e8re<\/td> <td style=\"width: 28.4902%; height: 53px; text-align: center;\">Bandes de plastique extrud\u00e9es de la t\u00eate de fili\u00e8re<\/td> <\/tr> <tr style=\"height: 53px;\"> <td style=\"width: 29.9396%; height: 53px; text-align: center;\">Fonction<\/td> <td style=\"width: 28.4902%; height: 53px; text-align: center;\">Refroidir et fa\u00e7onner les bandes de plastique<\/td> <\/tr> <tr style=\"height: 53px;\"> <td style=\"width: 29.9396%; height: 53px; text-align: center;\">Services<\/td> <td style=\"width: 28.4902%; height: 53px; text-align: center;\">Support technique personnalis\u00e9 et garantie d'un an<\/td> <\/tr> <\/tbody> <\/table> <figure id=\"attachment_17027\" aria-describedby=\"caption-attachment-17027\" style=\"width: 720px\" class=\"wp-caption aligncenter\"><img decoding=\"async\" class=\"size-full wp-image-17027\" src=\"https:\/\/recyclingequipinc.com\/wp-content\/uploads\/2025\/01\/strand-cooling-tank.webp\" alt=\"r\u00e9servoir de refroidissement des brins\" width=\"720\" height=\"540\" srcset=\"https:\/\/recyclingequipinc.com\/wp-content\/uploads\/2025\/01\/strand-cooling-tank.webp 720w, https:\/\/recyclingequipinc.com\/wp-content\/uploads\/2025\/01\/strand-cooling-tank-300x225.webp 300w, https:\/\/recyclingequipinc.com\/wp-content\/uploads\/2025\/01\/strand-cooling-tank-16x12.webp 16w\" sizes=\"(max-width: 720px) 100vw, 720px\" \/><figcaption id=\"caption-attachment-17027\" class=\"wp-caption-text\">r\u00e9servoir de refroidissement des brins<\/figcaption><\/figure> <h2>Comment fonctionne le bain-marie en plastique ?<\/h2> <p>Une fois que le plastique est extrud\u00e9 de la t\u00eate de fili\u00e8re du granulateur \u00e0 haute temp\u00e9rature, il entre dans le r\u00e9servoir de refroidissement d'extrusion. L'eau dans le r\u00e9servoir sert de fluide de refroidissement, absorbant rapidement et uniform\u00e9ment la chaleur. Cette eau chauff\u00e9e circule dans un syst\u00e8me de circulation, traverse un \u00e9changeur de chaleur et retourne au r\u00e9servoir pour maintenir un processus de refroidissement constant. Enfin, le plastique uniform\u00e9ment refroidi est transf\u00e9r\u00e9 vers le granulateur pour \u00eatre d\u00e9coup\u00e9, facilit\u00e9 par un dispositif de levage automatique.<\/p> <p>Au cours de ce processus, la temp\u00e9rature et le d\u00e9bit de l\u2019eau en circulation peuvent \u00eatre ajust\u00e9s \u00e0 l\u2019aide de l\u2019armoire intelligente du pelletiseur pour r\u00e9pondre aux exigences de refroidissement des diff\u00e9rents types de plastique. De plus, l'eau de refroidissement peut \u00eatre vidang\u00e9e et remplac\u00e9e p\u00e9riodiquement pour garantir des performances optimales.<\/p> <figure id=\"attachment_17028\" aria-describedby=\"caption-attachment-17028\" style=\"width: 300px\" class=\"wp-caption alignleft\"><img loading=\"lazy\" decoding=\"async\" class=\"wp-image-17028 size-medium\" src=\"https:\/\/recyclingequipinc.com\/wp-content\/uploads\/2025\/01\/extruded-plastic-enter-the-cooling-tank-300x225.webp\" alt=\"le plastique extrud\u00e9 entre dans le r\u00e9servoir de refroidissement\" width=\"300\" height=\"225\" srcset=\"https:\/\/recyclingequipinc.com\/wp-content\/uploads\/2025\/01\/extruded-plastic-enter-the-cooling-tank-300x225.webp 300w, https:\/\/recyclingequipinc.com\/wp-content\/uploads\/2025\/01\/extruded-plastic-enter-the-cooling-tank-16x12.webp 16w, https:\/\/recyclingequipinc.com\/wp-content\/uploads\/2025\/01\/extruded-plastic-enter-the-cooling-tank.webp 720w\" sizes=\"(max-width: 300px) 100vw, 300px\" \/><figcaption id=\"caption-attachment-17028\" class=\"wp-caption-text\">le plastique extrud\u00e9 entre dans le r\u00e9servoir de refroidissement<\/figcaption><\/figure> <figure id=\"attachment_17029\" aria-describedby=\"caption-attachment-17029\" style=\"width: 300px\" class=\"wp-caption alignleft\"><img loading=\"lazy\" decoding=\"async\" class=\"wp-image-17029 size-medium\" src=\"https:\/\/recyclingequipinc.com\/wp-content\/uploads\/2025\/01\/extrusion-cooling-tank-1-300x225.webp\" alt=\"r\u00e9servoir de refroidissement d&#039;extrusion\" width=\"300\" height=\"225\" srcset=\"https:\/\/recyclingequipinc.com\/wp-content\/uploads\/2025\/01\/extrusion-cooling-tank-1-300x225.webp 300w, https:\/\/recyclingequipinc.com\/wp-content\/uploads\/2025\/01\/extrusion-cooling-tank-1-16x12.webp 16w, https:\/\/recyclingequipinc.com\/wp-content\/uploads\/2025\/01\/extrusion-cooling-tank-1.webp 720w\" sizes=\"(max-width: 300px) 100vw, 300px\" \/><figcaption id=\"caption-attachment-17029\" class=\"wp-caption-text\">r\u00e9servoir de refroidissement d'extrusion<\/figcaption><\/figure> <h2>Pr\u00e9cautions d'utilisation<\/h2> <ul> <li>Assurez-vous de remplacer l'eau de refroidissement et de nettoyer r\u00e9guli\u00e8rement le r\u00e9servoir de refroidissement de l'extrusion pour maintenir la propret\u00e9 du mat\u00e9riau et emp\u00eacher les contaminants d'obstruer les tuyaux ou de corroder le r\u00e9servoir.<\/li> <li>Ajustez le d\u00e9bit et la temp\u00e9rature de l'eau pour r\u00e9pondre aux diff\u00e9rents besoins de refroidissement des diff\u00e9rents mat\u00e9riaux.<\/li> <\/ul> <h2>R\u00e9sum\u00e9<\/h2> <p class=\"translation-block\">En tant que partie importante du syst\u00e8me de granulation de plastique, un r\u00e9servoir de refroidissement par extrusion est souvent utilis\u00e9 avec une extrudeuse de plastique et une granulateuse de plastique. Il aide \u00e0 refroidir et \u00e0 fa\u00e7onner le plastique extrud\u00e9 par la machine d'extrusion de plastique. Si vous souhaitez en savoir plus sur la <a href=\"https:\/\/recyclingequipinc.com\/fr\/produit\/granulateur-en-plastique\/\">granulation de plastique<\/a>, veuillez nous contacter et nous vous recommanderons l'\u00e9quipement appropri\u00e9 !<\/p> <figure id=\"attachment_17030\" aria-describedby=\"caption-attachment-17030\" style=\"width: 720px\" class=\"wp-caption aligncenter\"><img loading=\"lazy\" decoding=\"async\" class=\"size-full wp-image-17030\" src=\"https:\/\/recyclingequipinc.com\/wp-content\/uploads\/2025\/01\/extrusion-cooling-tank-in-plastic-pelletizing-system.webp\" alt=\"r\u00e9servoir de refroidissement par extrusion dans un syst\u00e8me de granulation de plastique\" width=\"720\" height=\"540\" srcset=\"https:\/\/recyclingequipinc.com\/wp-content\/uploads\/2025\/01\/extrusion-cooling-tank-in-plastic-pelletizing-system.webp 720w, https:\/\/recyclingequipinc.com\/wp-content\/uploads\/2025\/01\/extrusion-cooling-tank-in-plastic-pelletizing-system-300x225.webp 300w, https:\/\/recyclingequipinc.com\/wp-content\/uploads\/2025\/01\/extrusion-cooling-tank-in-plastic-pelletizing-system-16x12.webp 16w\" sizes=\"(max-width: 720px) 100vw, 720px\" \/><figcaption id=\"caption-attachment-17030\" class=\"wp-caption-text\">r\u00e9servoir de refroidissement par extrusion dans un syst\u00e8me de granulation de plastique<\/figcaption><\/figure>","protected":false},"excerpt":{"rendered":"<p>Les r\u00e9servoirs de refroidissement par extrusion sont utilis\u00e9s pour refroidir et fa\u00e7onner les bandes de plastique extrud\u00e9 afin de promouvoir un recyclage et une granulation efficaces.<\/p>","protected":false},"featured_media":17025,"template":"","meta":{"site-sidebar-layout":"default","site-content-layout":"","ast-site-content-layout":"default","site-content-style":"default","site-sidebar-style":"default","ast-global-header-display":"","ast-banner-title-visibility":"","ast-main-header-display":"","ast-hfb-above-header-display":"","ast-hfb-below-header-display":"","ast-hfb-mobile-header-display":"","site-post-title":"","ast-breadcrumbs-content":"","ast-featured-img":"","footer-sml-layout":"","ast-disable-related-posts":"","theme-transparent-header-meta":"default","adv-header-id-meta":"","stick-header-meta":"","header-above-stick-meta":"","header-main-stick-meta":"","header-below-stick-meta":"","astra-migrate-meta-layouts":"set","ast-page-background-enabled":"default","ast-page-background-meta":{"desktop":{"background-color":"","background-image":"","background-repeat":"repeat","background-position":"center center","background-size":"auto","background-attachment":"scroll","background-type":"","background-media":"","overlay-type":"","overlay-color":"","overlay-opacity":"","overlay-gradient":""},"tablet":{"background-color":"","background-image":"","background-repeat":"repeat","background-position":"center center","background-size":"auto","background-attachment":"scroll","background-type":"","background-media":"","overlay-type":"","overlay-color":"","overlay-opacity":"","overlay-gradient":""},"mobile":{"background-color":"","background-image":"","background-repeat":"repeat","background-position":"center center","background-size":"auto","background-attachment":"scroll","background-type":"","background-media":"","overlay-type":"","overlay-color":"","overlay-opacity":"","overlay-gradient":""}},"ast-content-background-meta":{"desktop":{"background-color":"var(--ast-global-color-5)","background-image":"","background-repeat":"repeat","background-position":"center center","background-size":"auto","background-attachment":"scroll","background-type":"","background-media":"","overlay-type":"","overlay-color":"","overlay-opacity":"","overlay-gradient":""},"tablet":{"background-color":"var(--ast-global-color-5)","background-image":"","background-repeat":"repeat","background-position":"center center","background-size":"auto","background-attachment":"scroll","background-type":"","background-media":"","overlay-type":"","overlay-color":"","overlay-opacity":"","overlay-gradient":""},"mobile":{"background-color":"var(--ast-global-color-5)","background-image":"","background-repeat":"repeat","background-position":"center center","background-size":"auto","background-attachment":"scroll","background-type":"","background-media":"","overlay-type":"","overlay-color":"","overlay-opacity":"","overlay-gradient":""}}},"product_brand":[],"product_cat":[36],"product_tag":[84],"class_list":{"0":"post-16984","1":"product","2":"type-product","3":"status-publish","4":"has-post-thumbnail","6":"product_cat-plastic-recycling-machine","7":"product_tag-pelletizer-part","8":"desktop-align-center","9":"tablet-align-center","10":"mobile-align-center","12":"first","13":"instock","14":"shipping-taxable","15":"product-type-simple"},"_links":{"self":[{"href":"https:\/\/recyclingequipinc.com\/fr\/wp-json\/wp\/v2\/product\/16984","targetHints":{"allow":["GET"]}}],"collection":[{"href":"https:\/\/recyclingequipinc.com\/fr\/wp-json\/wp\/v2\/product"}],"about":[{"href":"https:\/\/recyclingequipinc.com\/fr\/wp-json\/wp\/v2\/types\/product"}],"version-history":[{"count":0,"href":"https:\/\/recyclingequipinc.com\/fr\/wp-json\/wp\/v2\/product\/16984\/revisions"}],"wp:featuredmedia":[{"embeddable":true,"href":"https:\/\/recyclingequipinc.com\/fr\/wp-json\/wp\/v2\/media\/17025"}],"wp:attachment":[{"href":"https:\/\/recyclingequipinc.com\/fr\/wp-json\/wp\/v2\/media?parent=16984"}],"wp:term":[{"taxonomy":"product_brand","embeddable":true,"href":"https:\/\/recyclingequipinc.com\/fr\/wp-json\/wp\/v2\/product_brand?post=16984"},{"taxonomy":"product_cat","embeddable":true,"href":"https:\/\/recyclingequipinc.com\/fr\/wp-json\/wp\/v2\/product_cat?post=16984"},{"taxonomy":"product_tag","embeddable":true,"href":"https:\/\/recyclingequipinc.com\/fr\/wp-json\/wp\/v2\/product_tag?post=16984"}],"curies":[{"name":"wp","href":"https:\/\/api.w.org\/{rel}","templated":true}]}}