{"id":16952,"date":"2025-01-14T14:22:47","date_gmt":"2025-01-14T06:22:47","guid":{"rendered":"https:\/\/recyclingequipinc.com\/?post_type=product&#038;p=16952"},"modified":"2025-06-04T14:03:13","modified_gmt":"2025-06-04T06:03:13","slug":"styrofoam-recycling-machine","status":"publish","type":"product","link":"https:\/\/recyclingequipinc.com\/fr\/product\/styrofoam-recycling-machine\/","title":{"rendered":"Les machines de recyclage de polystyr\u00e8ne facilitent votre activit\u00e9 de recyclage de PSE"},"content":{"rendered":"<p>Comment transformer efficacement les d\u00e9chets de mousse plastique en granul\u00e9s recyclables ? Cet article se concentre sur les machines de recyclage de polystyr\u00e8ne et les processus de recyclage de mousse pour guider les recycleurs de polystyr\u00e8ne.<\/p> <div class=\"ast-oembed-container\" style=\"height: 100%;\"><iframe title=\"Fini les d\u00e9chets de mousse\u00a0: cette solution de recyclage de mousse est faite pour vous\" width=\"500\" height=\"281\" src=\"https:\/\/www.youtube.com\/embed\/Fhogy_M1KXU?feature=oembed\" frameborder=\"0\" allow=\"accelerometer; autoplay; clipboard-write; encrypted-media; gyroscope; picture-in-picture; web-share\" referrerpolicy=\"strict-origin-when-cross-origin\" allowfullscreen><\/iframe><\/div> <h2>Pourquoi nous choisir ?<\/h2> <ol> <li>Nos machines de recyclage de mousse ont des sp\u00e9cifications compl\u00e8tes pour r\u00e9pondre \u00e0 vos diff\u00e9rents besoins. Ils conviennent \u00e0 tous types de production de recyclage de mousse \u00e0 grande, moyenne et petite \u00e9chelle.<\/li> <li>Large gamme d'applications : diverses formes d'EPS, EPP, EPE, XPS et autres mati\u00e8res premi\u00e8res en mousse peuvent \u00eatre recycl\u00e9es.<\/li> <li>Haute performance, capacit\u00e9 de 150 \u00e0 300 kg\/h, haute efficacit\u00e9. Nous pouvons \u00e9galement fournir des machines personnalis\u00e9es si vous avez des besoins particuliers.<\/li> <li>\u00c9conomie d'\u00e9nergie et protection de l'environnement : \u00e9quip\u00e9 d'un dispositif de d\u00e9poussi\u00e9rage, d'un moteur \u00e0 haut rendement, etc., qui peuvent r\u00e9duire la consommation d'\u00e9nergie et r\u00e9pondre aux exigences de protection de l'environnement.<\/li> <li>Entretien facile : la conception humanis\u00e9e de la machine de recyclage de mousse est facile \u00e0 utiliser et \u00e0 entretenir. Pendant ce temps, nous fournissons un service apr\u00e8s-vente complet et pouvons fournir une assistance technique.<\/li> <li>Haute qualit\u00e9 des produits finis : les particules de mousse recycl\u00e9es sont uniformes et rondes, avec de bonnes propri\u00e9t\u00e9s physiques et une grande puret\u00e9, qui peuvent \u00eatre directement utilis\u00e9es dans la production et la transformation industrielles.<\/li> <\/ol> <figure id=\"attachment_16963\" aria-describedby=\"caption-attachment-16963\" style=\"width: 720px\" class=\"wp-caption aligncenter\"><img fetchpriority=\"high\" decoding=\"async\" class=\"size-full wp-image-16963\" src=\"https:\/\/recyclingequipinc.com\/wp-content\/uploads\/2025\/01\/styrofoam-recycling-machines-1.webp\" alt=\"machines de recyclage de polystyr\u00e8ne\" width=\"720\" height=\"540\" srcset=\"https:\/\/recyclingequipinc.com\/wp-content\/uploads\/2025\/01\/styrofoam-recycling-machines-1.webp 720w, https:\/\/recyclingequipinc.com\/wp-content\/uploads\/2025\/01\/styrofoam-recycling-machines-1-300x225.webp 300w, https:\/\/recyclingequipinc.com\/wp-content\/uploads\/2025\/01\/styrofoam-recycling-machines-1-16x12.webp 16w\" sizes=\"(max-width: 720px) 100vw, 720px\" \/><figcaption id=\"caption-attachment-16963\" class=\"wp-caption-text\">machines de recyclage de polystyr\u00e8ne<\/figcaption><\/figure> <h2>Applications des machines de recyclage de polystyr\u00e8ne<\/h2> <p>Les machines de recyclage de polystyr\u00e8ne sont couramment utilis\u00e9es pour traiter les d\u00e9chets de mousse provenant de l'emballage, de la construction, du meuble, de l'automobile, de l'agriculture et de nombreuses autres industries, telles que les bo\u00eetes \u00e0 lunch en mousse, les emballages en mousse de messagerie, les matelas, le rembourrage des si\u00e8ges d'auto, les panneaux isolants de construction, les films de protection des fruits, etc.<\/p> <p>La ligne de recyclage de mousse EPS convertit de gros morceaux de mousse mis au rebut en fines granul\u00e9s recycl\u00e9s gr\u00e2ce aux processus de d\u00e9chiquetage, de compactage et de granulation. Qu'il s'agisse de recyclage post-consommation ou de recyclage industriel de PSE en interne, nos machines de recyclage de polystyr\u00e8ne peuvent r\u00e9pondre \u00e0 vos besoins de production et les granul\u00e9s de plastique finis r\u00e9pondront \u00e0 des normes \u00e9lev\u00e9es.<\/p> <figure id=\"attachment_17033\" aria-describedby=\"caption-attachment-17033\" style=\"width: 300px\" class=\"wp-caption alignleft\"><img decoding=\"async\" class=\"wp-image-17033 size-medium\" src=\"https:\/\/recyclingequipinc.com\/wp-content\/uploads\/2025\/01\/screenshot_2024-12-16_09-59-43-300x225.png\" alt=\"d\u00e9chets de mousse\" width=\"300\" height=\"225\" srcset=\"https:\/\/recyclingequipinc.com\/wp-content\/uploads\/2025\/01\/screenshot_2024-12-16_09-59-43-300x225.png 300w, https:\/\/recyclingequipinc.com\/wp-content\/uploads\/2025\/01\/screenshot_2024-12-16_09-59-43-16x12.png 16w, https:\/\/recyclingequipinc.com\/wp-content\/uploads\/2025\/01\/screenshot_2024-12-16_09-59-43.png 720w\" sizes=\"(max-width: 300px) 100vw, 300px\" \/><figcaption id=\"caption-attachment-17033\" class=\"wp-caption-text\">d\u00e9chets de mousse<\/figcaption><\/figure> <figure id=\"attachment_17034\" aria-describedby=\"caption-attachment-17034\" style=\"width: 300px\" class=\"wp-caption alignleft\"><img decoding=\"async\" class=\"wp-image-17034 size-medium\" src=\"https:\/\/recyclingequipinc.com\/wp-content\/uploads\/2025\/01\/screenshot_2024-12-16_10-01-53-300x225.png\" alt=\"panneau de polystyr\u00e8ne\" width=\"300\" height=\"225\" srcset=\"https:\/\/recyclingequipinc.com\/wp-content\/uploads\/2025\/01\/screenshot_2024-12-16_10-01-53-300x225.png 300w, https:\/\/recyclingequipinc.com\/wp-content\/uploads\/2025\/01\/screenshot_2024-12-16_10-01-53-16x12.png 16w, https:\/\/recyclingequipinc.com\/wp-content\/uploads\/2025\/01\/screenshot_2024-12-16_10-01-53.png 720w\" sizes=\"(max-width: 300px) 100vw, 300px\" \/><figcaption id=\"caption-attachment-17034\" class=\"wp-caption-text\">panneau de polystyr\u00e8ne<\/figcaption><\/figure> <figure id=\"attachment_17035\" aria-describedby=\"caption-attachment-17035\" style=\"width: 300px\" class=\"wp-caption alignleft\"><img loading=\"lazy\" decoding=\"async\" class=\"wp-image-17035 size-medium\" src=\"https:\/\/recyclingequipinc.com\/wp-content\/uploads\/2025\/01\/screenshot_2024-12-16_10-03-40-300x225.png\" alt=\"garnitures de canap\u00e9 EPS\" width=\"300\" height=\"225\" srcset=\"https:\/\/recyclingequipinc.com\/wp-content\/uploads\/2025\/01\/screenshot_2024-12-16_10-03-40-300x225.png 300w, https:\/\/recyclingequipinc.com\/wp-content\/uploads\/2025\/01\/screenshot_2024-12-16_10-03-40-16x12.png 16w, https:\/\/recyclingequipinc.com\/wp-content\/uploads\/2025\/01\/screenshot_2024-12-16_10-03-40.png 720w\" sizes=\"(max-width: 300px) 100vw, 300px\" \/><figcaption id=\"caption-attachment-17035\" class=\"wp-caption-text\">garnitures de canap\u00e9 EPS<\/figcaption><\/figure> <p>&nbsp;<\/p> <p>&nbsp;<\/p> <p>&nbsp;<\/p> <p>&nbsp;<\/p> <p>&nbsp;<\/p> <p>&nbsp;<\/p> <p>&nbsp;<\/p> <figure id=\"attachment_17036\" aria-describedby=\"caption-attachment-17036\" style=\"width: 300px\" class=\"wp-caption alignleft\"><img loading=\"lazy\" decoding=\"async\" class=\"wp-image-17036 size-medium\" src=\"https:\/\/recyclingequipinc.com\/wp-content\/uploads\/2025\/01\/screenshot_2024-12-16_09-56-51-300x225.png\" alt=\"granul\u00e9s recycl\u00e9s\" width=\"300\" height=\"225\" srcset=\"https:\/\/recyclingequipinc.com\/wp-content\/uploads\/2025\/01\/screenshot_2024-12-16_09-56-51-300x225.png 300w, https:\/\/recyclingequipinc.com\/wp-content\/uploads\/2025\/01\/screenshot_2024-12-16_09-56-51-16x12.png 16w, https:\/\/recyclingequipinc.com\/wp-content\/uploads\/2025\/01\/screenshot_2024-12-16_09-56-51.png 720w\" sizes=\"(max-width: 300px) 100vw, 300px\" \/><figcaption id=\"caption-attachment-17036\" class=\"wp-caption-text\">granul\u00e9s recycl\u00e9s<\/figcaption><\/figure> <figure id=\"attachment_17037\" aria-describedby=\"caption-attachment-17037\" style=\"width: 300px\" class=\"wp-caption alignleft\"><img loading=\"lazy\" decoding=\"async\" class=\"wp-image-17037 size-medium\" src=\"https:\/\/recyclingequipinc.com\/wp-content\/uploads\/2025\/01\/screenshot_2024-12-16_09-58-14-300x225.png\" alt=\"granul\u00e9s de polystyr\u00e8ne\" width=\"300\" height=\"225\" srcset=\"https:\/\/recyclingequipinc.com\/wp-content\/uploads\/2025\/01\/screenshot_2024-12-16_09-58-14-300x225.png 300w, https:\/\/recyclingequipinc.com\/wp-content\/uploads\/2025\/01\/screenshot_2024-12-16_09-58-14-16x12.png 16w, https:\/\/recyclingequipinc.com\/wp-content\/uploads\/2025\/01\/screenshot_2024-12-16_09-58-14.png 720w\" sizes=\"(max-width: 300px) 100vw, 300px\" \/><figcaption id=\"caption-attachment-17037\" class=\"wp-caption-text\">granul\u00e9s de polystyr\u00e8ne<\/figcaption><\/figure> <h2>Comment fonctionne le recyclage de la mousse de poly\u00e9thyl\u00e8ne expans\u00e9 ?<\/h2> <h3>1. \u00c9crasement<\/h3> <p>La mousse plastique est grande, de densit\u00e9 l\u00e9g\u00e8re, facile \u00e0 briser et difficile \u00e0 transporter, \u00e0 stocker et \u00e0 traiter. Par cons\u00e9quent, utilisez la machine de concassage de mousse pour broyer les mati\u00e8res premi\u00e8res collect\u00e9es pour le pr\u00e9traitement et obtenir des blocs de polystyr\u00e8ne plus petits.<\/p> <p class=\"translation-block\">Le <a href=\"https:\/\/recyclingequipinc.com\/fr\/produit\/styrofoam-shredder\/\"> broyeur de polystyr\u00e8ne Shuliy<\/a> est fabriqu\u00e9 en acier inoxydable de haute qualit\u00e9, durable et r\u00e9sistant \u00e0 la corrosion, et poss\u00e8de une grande capacit\u00e9 et un rendement \u00e9lev\u00e9.<\/p> <ul> <li>Capacit\u00e9\u00a0: 250-500 kg\/h<\/li> <li>Puissance\u00a0: 5,5-11\u00a0KW<\/li> <li>Mat\u00e9riau : acier inoxydable de haute qualit\u00e9<\/li> <li>Produits finis\u00a0:\u00a0pi\u00e8ces de mousse plus petites et uniformes<\/li> <\/ul> <figure id=\"attachment_16956\" aria-describedby=\"caption-attachment-16956\" style=\"width: 720px\" class=\"wp-caption aligncenter\"><img loading=\"lazy\" decoding=\"async\" class=\"wp-image-16956 size-full\" src=\"https:\/\/recyclingequipinc.com\/wp-content\/uploads\/2025\/01\/EPS-shredding-machine.webp\" alt=\"D\u00e9chiqueteuse EPS\" width=\"720\" height=\"540\" srcset=\"https:\/\/recyclingequipinc.com\/wp-content\/uploads\/2025\/01\/EPS-shredding-machine.webp 720w, https:\/\/recyclingequipinc.com\/wp-content\/uploads\/2025\/01\/EPS-shredding-machine-300x225.webp 300w, https:\/\/recyclingequipinc.com\/wp-content\/uploads\/2025\/01\/EPS-shredding-machine-16x12.webp 16w\" sizes=\"(max-width: 720px) 100vw, 720px\" \/><figcaption id=\"caption-attachment-16956\" class=\"wp-caption-text\">D\u00e9chiqueteuse EPS<\/figcaption><\/figure> <h3>2. Pressage \u00e0 froid<\/h3> <p>Si vous devez r\u00e9duire davantage le volume de mousse, vous pouvez utiliser le compacteur de polystyr\u00e8ne pour comprimer les blocs de mousse broy\u00e9s en blocs de mousse denses par pression m\u00e9canique, ce qui facilite le transport, le stockage ult\u00e9rieur, etc.<\/p> <p class=\"translation-block\">Les <a href=\"https:\/\/recyclingequipinc.com\/fr\/produit\/eps-foam-densifier\/\">machines \u00e0 briqueter EPS<\/a> ne n\u00e9cessitent pas de chauffage, ce qui entra\u00eene une faible consommation d'\u00e9nergie ; elles peuvent r\u00e9duire le volume des mousses plastiques jusqu'\u00e0 40 fois, entra\u00eenant une compression efficace ; de plus, le pressage \u00e0 froid ne modifie pas les propri\u00e9t\u00e9s chimiques du mat\u00e9riau, ce qui facilite le traitement approfondi ult\u00e9rieur.<\/p> <ul> <li>Capacit\u00e9\u00a0: 150-250 kg\/h<\/li> <li>Puissance\u00a0: 11-22\u00a0KW<\/li> <li>Produits finis\u00a0:\u00a0blocs de compression en mousse haute densit\u00e9<\/li> <\/ul> <figure id=\"attachment_16960\" aria-describedby=\"caption-attachment-16960\" style=\"width: 720px\" class=\"wp-caption aligncenter\"><img loading=\"lazy\" decoding=\"async\" class=\"size-full wp-image-16960\" src=\"https:\/\/recyclingequipinc.com\/wp-content\/uploads\/2025\/01\/styrofoam-compactor.webp\" alt=\"compacteur de polystyr\u00e8ne\" width=\"720\" height=\"540\" srcset=\"https:\/\/recyclingequipinc.com\/wp-content\/uploads\/2025\/01\/styrofoam-compactor.webp 720w, https:\/\/recyclingequipinc.com\/wp-content\/uploads\/2025\/01\/styrofoam-compactor-300x225.webp 300w, https:\/\/recyclingequipinc.com\/wp-content\/uploads\/2025\/01\/styrofoam-compactor-16x12.webp 16w\" sizes=\"(max-width: 720px) 100vw, 720px\" \/><figcaption id=\"caption-attachment-16960\" class=\"wp-caption-text\">compacteur de polystyr\u00e8ne<\/figcaption><\/figure> <h3>3. Fusion \u00e0 chaud<\/h3> <p>Si une densit\u00e9 plus \u00e9lev\u00e9e ou un \u00e9tat fondu du bloc de mousse est requis, la machine de recyclage par fusion \u00e0 chaud EPS est recommand\u00e9e. Le fondoir \u00e0 polystyr\u00e8ne chauffe la mousse jusqu'\u00e0 ce qu'elle soit fondue \u00e0 haute temp\u00e9rature, puis l'extrude pour former un bloc de mousse haute densit\u00e9 et \u00e0 faible volume. De plus, le processus de fusion et de chauffage peut filtrer les impuret\u00e9s et am\u00e9liorer la puret\u00e9 des plastiques recycl\u00e9s.<\/p> <p class=\"translation-block\">Le <a href=\"https:\/\/recyclingequipinc.com\/fr\/produit\/machine-de-fusion-chaude-en-mousse-eps-epe\/\">densificateur de mousse<\/a> est adapt\u00e9 au traitement de recyclage approfondi. Il est facile \u00e0 utiliser, \u00e9conome en \u00e9nergie et respectueux de l'environnement, et peut obtenir efficacement des blocs de mousse \u00e0 densit\u00e9 plus \u00e9lev\u00e9e ; \u00e9quip\u00e9 d'un syst\u00e8me de filtre \u00e0 scories pour \u00e9liminer efficacement les impuret\u00e9s.<\/p> <ul> <li>Capacit\u00e9\u00a0: 100-250 kg\/h<\/li> <li>Puissance\u00a0: 15-22\u00a0KW<\/li> <li>Produits finis\u00a0: lingots de polystyr\u00e8ne haute densit\u00e9 et haute puret\u00e9<\/li> <\/ul> <figure id=\"attachment_16961\" aria-describedby=\"caption-attachment-16961\" style=\"width: 720px\" class=\"wp-caption aligncenter\"><img loading=\"lazy\" decoding=\"async\" class=\"size-full wp-image-16961\" src=\"https:\/\/recyclingequipinc.com\/wp-content\/uploads\/2025\/01\/styrofoam-densifier.webp\" alt=\"densificateur de polystyr\u00e8ne\" width=\"720\" height=\"540\" srcset=\"https:\/\/recyclingequipinc.com\/wp-content\/uploads\/2025\/01\/styrofoam-densifier.webp 720w, https:\/\/recyclingequipinc.com\/wp-content\/uploads\/2025\/01\/styrofoam-densifier-300x225.webp 300w, https:\/\/recyclingequipinc.com\/wp-content\/uploads\/2025\/01\/styrofoam-densifier-16x12.webp 16w\" sizes=\"(max-width: 720px) 100vw, 720px\" \/><figcaption id=\"caption-attachment-16961\" class=\"wp-caption-text\">densificateur de polystyr\u00e8ne<\/figcaption><\/figure> <p>4. Pelletisation<\/p> <p class=\"translation-block\">Utilisez une <a href=\"https:\/\/recyclingequipinc.com\/fr\/produit\/machine-de-granulation-de-mousse-eps\/\">machine \u00e0 granuler EPS<\/a> ou une machine d'extrusion EPE pour convertir les blocs de mousse trait\u00e9s en granul\u00e9s recycl\u00e9s uniformes par le biais de la fusion, de l'extrusion, du refroidissement et de la coupe. Les granul\u00e9s plastiques recycl\u00e9s peuvent ensuite \u00eatre utilis\u00e9s directement dans la fabrication et le traitement de nouveaux produits en plastique.<\/p> <p>Le choix d\u2019un granulateur de polystyr\u00e8ne stable est li\u00e9 \u00e0 la qualit\u00e9 des granul\u00e9s finis. Nos granulateurs de mousse sont stables et r\u00e9sistants aux temp\u00e9ratures \u00e9lev\u00e9es, et \u00e9quip\u00e9s d'un bon syst\u00e8me de filtration, ce qui peut r\u00e9duire le nombre de remplacements de filtres et d'arr\u00eats de machines. Le haut degr\u00e9 d'automatisation, facile \u00e0 utiliser.<\/p> <ul> <li>Capacit\u00e9\u00a0: 150-375 kg\/h<\/li> <li>Puissance\u00a0: 15-22\u00a0KW<\/li> <li>Pi\u00e8ces\u00a0:\u00a0extrudeuse de mousse, r\u00e9servoir de refroidissement, machine de d\u00e9coupe de dana en plastique<\/li> <li>Produits finis\u00a0: Particules de mousse de haute puret\u00e9, non polluantes, stables et homog\u00e8nes<\/li> <\/ul> <figure id=\"attachment_16962\" aria-describedby=\"caption-attachment-16962\" style=\"width: 720px\" class=\"wp-caption aligncenter\"><img loading=\"lazy\" decoding=\"async\" class=\"size-full wp-image-16962\" src=\"https:\/\/recyclingequipinc.com\/wp-content\/uploads\/2025\/01\/foam-granulator.webp\" alt=\"granulateur de mousse\" width=\"720\" height=\"540\" srcset=\"https:\/\/recyclingequipinc.com\/wp-content\/uploads\/2025\/01\/foam-granulator.webp 720w, https:\/\/recyclingequipinc.com\/wp-content\/uploads\/2025\/01\/foam-granulator-300x225.webp 300w, https:\/\/recyclingequipinc.com\/wp-content\/uploads\/2025\/01\/foam-granulator-16x12.webp 16w\" sizes=\"(max-width: 720px) 100vw, 720px\" \/><figcaption id=\"caption-attachment-16962\" class=\"wp-caption-text\">granulateur de mousse<\/figcaption><\/figure> <h2>Conclusion<\/h2> <p>La conversion des d\u00e9chets de mousse en granul\u00e9s recycl\u00e9s n\u00e9cessite un d\u00e9chiquetage, une compression, une granulation, etc. Shuliy, en tant qu'\u00e9quipe professionnelle, s'est consacr\u00e9e \u00e0 cr\u00e9er la solution de recyclage de mousse de polystyr\u00e8ne adapt\u00e9e \u00e0 nos clients. Si vous avez des questions, veuillez nous contacter, bienvenue\u00a0!<\/p> <p>&nbsp;<\/p>","protected":false},"excerpt":{"rendered":"<p>Les machines de recyclage de polystyr\u00e8ne comprennent un broyeur de mousse EPS, un compacteur de mousse de polystyr\u00e8ne, un granulateur EPS, etc. Elles convertissent les d\u00e9chets de polystyr\u00e8ne en granul\u00e9s recycl\u00e9s de haute qualit\u00e9 avec une bonne qualit\u00e9, un rendement \u00e9lev\u00e9 et une efficacit\u00e9 \u00e9lev\u00e9e.<\/p>","protected":false},"featured_media":16963,"template":"","meta":{"site-sidebar-layout":"default","site-content-layout":"","ast-site-content-layout":"default","site-content-style":"default","site-sidebar-style":"default","ast-global-header-display":"","ast-banner-title-visibility":"","ast-main-header-display":"","ast-hfb-above-header-display":"","ast-hfb-below-header-display":"","ast-hfb-mobile-header-display":"","site-post-title":"","ast-breadcrumbs-content":"","ast-featured-img":"","footer-sml-layout":"","ast-disable-related-posts":"","theme-transparent-header-meta":"default","adv-header-id-meta":"","stick-header-meta":"","header-above-stick-meta":"","header-main-stick-meta":"","header-below-stick-meta":"","astra-migrate-meta-layouts":"set","ast-page-background-enabled":"default","ast-page-background-meta":{"desktop":{"background-color":"","background-image":"","background-repeat":"repeat","background-position":"center center","background-size":"auto","background-attachment":"scroll","background-type":"","background-media":"","overlay-type":"","overlay-color":"","overlay-opacity":"","overlay-gradient":""},"tablet":{"background-color":"","background-image":"","background-repeat":"repeat","background-position":"center center","background-size":"auto","background-attachment":"scroll","background-type":"","background-media":"","overlay-type":"","overlay-color":"","overlay-opacity":"","overlay-gradient":""},"mobile":{"background-color":"","background-image":"","background-repeat":"repeat","background-position":"center center","background-size":"auto","background-attachment":"scroll","background-type":"","background-media":"","overlay-type":"","overlay-color":"","overlay-opacity":"","overlay-gradient":""}},"ast-content-background-meta":{"desktop":{"background-color":"var(--ast-global-color-5)","background-image":"","background-repeat":"repeat","background-position":"center center","background-size":"auto","background-attachment":"scroll","background-type":"","background-media":"","overlay-type":"","overlay-color":"","overlay-opacity":"","overlay-gradient":""},"tablet":{"background-color":"var(--ast-global-color-5)","background-image":"","background-repeat":"repeat","background-position":"center center","background-size":"auto","background-attachment":"scroll","background-type":"","background-media":"","overlay-type":"","overlay-color":"","overlay-opacity":"","overlay-gradient":""},"mobile":{"background-color":"var(--ast-global-color-5)","background-image":"","background-repeat":"repeat","background-position":"center center","background-size":"auto","background-attachment":"scroll","background-type":"","background-media":"","overlay-type":"","overlay-color":"","overlay-opacity":"","overlay-gradient":""}}},"product_brand":[],"product_cat":[130],"product_tag":[80],"class_list":{"0":"post-16952","1":"product","2":"type-product","3":"status-publish","4":"has-post-thumbnail","6":"product_cat-solution","7":"product_tag-foam","8":"desktop-align-center","9":"tablet-align-center","10":"mobile-align-center","12":"first","13":"instock","14":"shipping-taxable","15":"product-type-simple"},"_links":{"self":[{"href":"https:\/\/recyclingequipinc.com\/fr\/wp-json\/wp\/v2\/product\/16952","targetHints":{"allow":["GET"]}}],"collection":[{"href":"https:\/\/recyclingequipinc.com\/fr\/wp-json\/wp\/v2\/product"}],"about":[{"href":"https:\/\/recyclingequipinc.com\/fr\/wp-json\/wp\/v2\/types\/product"}],"version-history":[{"count":0,"href":"https:\/\/recyclingequipinc.com\/fr\/wp-json\/wp\/v2\/product\/16952\/revisions"}],"wp:featuredmedia":[{"embeddable":true,"href":"https:\/\/recyclingequipinc.com\/fr\/wp-json\/wp\/v2\/media\/16963"}],"wp:attachment":[{"href":"https:\/\/recyclingequipinc.com\/fr\/wp-json\/wp\/v2\/media?parent=16952"}],"wp:term":[{"taxonomy":"product_brand","embeddable":true,"href":"https:\/\/recyclingequipinc.com\/fr\/wp-json\/wp\/v2\/product_brand?post=16952"},{"taxonomy":"product_cat","embeddable":true,"href":"https:\/\/recyclingequipinc.com\/fr\/wp-json\/wp\/v2\/product_cat?post=16952"},{"taxonomy":"product_tag","embeddable":true,"href":"https:\/\/recyclingequipinc.com\/fr\/wp-json\/wp\/v2\/product_tag?post=16952"}],"curies":[{"name":"wp","href":"https:\/\/api.w.org\/{rel}","templated":true}]}}