{"id":16917,"date":"2025-01-09T16:29:47","date_gmt":"2025-01-09T08:29:47","guid":{"rendered":"https:\/\/recyclingequipinc.com\/?post_type=product&#038;p=16917"},"modified":"2025-01-20T10:04:56","modified_gmt":"2025-01-20T02:04:56","slug":"styrofoam-shredder","status":"publish","type":"product","link":"https:\/\/recyclingequipinc.com\/fr\/product\/styrofoam-shredder\/","title":{"rendered":"Broyeur de polystyr\u00e8ne | Machine de concassage de mousse de polystyr\u00e8ne"},"content":{"rendered":"<p>Les d\u00e9chiqueteuses de polystyr\u00e8ne, \u00e9galement connues sous le nom de d\u00e9chiqueteurs de polystyr\u00e8ne, peuvent broyer efficacement l'EPS, l'EPE, l'EPP et d'autres mati\u00e8res premi\u00e8res en mousse. Il a une capacit\u00e9 de 250 \u00e0 500 kg\/h et peut \u00eatre personnalis\u00e9 pour satisfaire toutes les \u00e9chelles d'usines de recyclage de polystyr\u00e8ne. Que vous souhaitiez un recyclage du PSE post-consommation ou en usine, veuillez lire cet article pour d\u00e9couvrir ce que notre machine de concassage de mousse peut faire pour vous !<\/p> <div class=\"ast-oembed-container\" style=\"height: 100%;\"><iframe title=\"Broyeur de polystyr\u00e8ne puissant\u00a0: plusieurs essais avant l&#039;exp\u00e9dition\" width=\"500\" height=\"281\" src=\"https:\/\/www.youtube.com\/embed\/H_jnIKjkSqk?feature=oembed\" frameborder=\"0\" allow=\"accelerometer; autoplay; clipboard-write; encrypted-media; gyroscope; picture-in-picture; web-share\" referrerpolicy=\"strict-origin-when-cross-origin\" allowfullscreen><\/iframe><\/div> <h2>Comment notre broyeur de polystyr\u00e8ne peut-il vous \u00eatre utile\u00a0?<\/h2> <h3>Principales caract\u00e9ristiques du d\u00e9chiqueteur de mousse EPS<\/h3> <ol> <li><strong>Large application :<\/strong> Notre broyeur EPS peut \u00eatre largement utilis\u00e9 dans les stations de recyclage de polystyr\u00e8ne, les usines de recyclage ou de transformation de polystyr\u00e8ne, l'industrie de l'emballage, les chantiers de construction et d'autres sc\u00e8nes pour aider \u00e0 traiter une vari\u00e9t\u00e9 de mati\u00e8res premi\u00e8res en mousse et faciliter le transport et le traitement des mousses plastiques.<\/li> <li><strong>Haute efficacit\u00e9\u00a0:<\/strong> La capacit\u00e9 des broyeurs de mousse varie de 250 \u00e0 500 kg\/h, et il existe une vari\u00e9t\u00e9 de mod\u00e8les parmi lesquels choisir, permettant un broyage rapide et efficace.<\/li> <li><strong>Op\u00e9ration facile\u00a0:<\/strong> L'entr\u00e9e d'alimentation est con\u00e7ue horizontalement, au ras du sol, ce qui permet au personnel d'alimenter les mat\u00e9riaux sans effort. Les blocs de mousse broy\u00e9s sont ensuite transf\u00e9r\u00e9s vers la tr\u00e9mie. L'ensemble du processus est hautement automatis\u00e9.<\/li> <li><strong>Haute qualit\u00e9 des produits finis\u00a0:<\/strong> La forme et la taille des blocs EPS\/EPE broy\u00e9s sont uniformes et la surface est compl\u00e8te sans poussi\u00e8re. Aucun m\u00e9tal ni autre impuret\u00e9 m\u00e9lang\u00e9, adapt\u00e9 aux \u00e9tapes ult\u00e9rieures de fusion \u00e0 chaud, de granulation et autres.<\/li> <li><strong>\u00c9conomie d'\u00e9nergie et protection de l'environnement\u00a0:<\/strong> La d\u00e9chiqueteuse de polystyr\u00e8ne adopte une conception de r\u00e9duction du bruit et d'amortissement des vibrations, et le pipeline relie chaque appareil pour \u00e9viter de polluer la qualit\u00e9 de l'air. Parall\u00e8lement, il est \u00e9quip\u00e9 d'un moteur \u00e0 haut rendement et de lames tranchantes pour \u00e9viter une consommation d'\u00e9nergie inefficace et r\u00e9duire le gaspillage d'\u00e9nergie.<\/li> <\/ol> <figure id=\"attachment_16935\" aria-describedby=\"caption-attachment-16935\" style=\"width: 720px\" class=\"wp-caption aligncenter\"><img fetchpriority=\"high\" decoding=\"async\" class=\"wp-image-16935 size-full\" src=\"https:\/\/recyclingequipinc.com\/wp-content\/uploads\/2025\/01\/Horizontal-foam-crushers1.webp\" alt=\"Broyeur de mousse horizontal\" width=\"720\" height=\"540\" srcset=\"https:\/\/recyclingequipinc.com\/wp-content\/uploads\/2025\/01\/Horizontal-foam-crushers1.webp 720w, https:\/\/recyclingequipinc.com\/wp-content\/uploads\/2025\/01\/Horizontal-foam-crushers1-300x225.webp 300w, https:\/\/recyclingequipinc.com\/wp-content\/uploads\/2025\/01\/Horizontal-foam-crushers1-16x12.webp 16w\" sizes=\"(max-width: 720px) 100vw, 720px\" \/><figcaption id=\"caption-attachment-16935\" class=\"wp-caption-text\">Broyeur de mousse horizontal<\/figcaption><\/figure> <h3>Quelle valeur pouvez-vous obtenir\u00a0?<\/h3> <ol> <li>Peut \u00eatre utilis\u00e9 avec un <a href=\"https:\/\/recyclingequipinc.com\/fr\/produit\/machine-de-fusion-chaude-en-mousse-eps-epe\/\">machine de fusion de polystyr\u00e8ne<\/a> faire fondre et comprimer le polystyr\u00e8ne expans\u00e9 pour obtenir des lingots de mousse haute densit\u00e9.<\/li> <li>Broyage des mousses plastiques en morceaux uniformes pour am\u00e9liorer l'efficacit\u00e9 de la granulation EPS\/EPE.<\/li> <li>R\u00e9duit la quantit\u00e9 de mousse qui va directement \u00e0 la d\u00e9charge ou \u00e0 l'incin\u00e9ration, ce qui est respectueux de l'environnement.<\/li> <\/ol> <figure id=\"attachment_16938\" aria-describedby=\"caption-attachment-16938\" style=\"width: 300px\" class=\"wp-caption alignleft\"><img decoding=\"async\" class=\"wp-image-16938 size-medium\" src=\"https:\/\/recyclingequipinc.com\/wp-content\/uploads\/2025\/01\/styrofoam-shredder-machine-300x225.webp\" alt=\"\u2460 d\u00e9chiqueteuse de polystyr\u00e8ne\" width=\"300\" height=\"225\" srcset=\"https:\/\/recyclingequipinc.com\/wp-content\/uploads\/2025\/01\/styrofoam-shredder-machine-300x225.webp 300w, https:\/\/recyclingequipinc.com\/wp-content\/uploads\/2025\/01\/styrofoam-shredder-machine-16x12.webp 16w, https:\/\/recyclingequipinc.com\/wp-content\/uploads\/2025\/01\/styrofoam-shredder-machine.webp 720w\" sizes=\"(max-width: 300px) 100vw, 300px\" \/><figcaption id=\"caption-attachment-16938\" class=\"wp-caption-text\">machine de d\u00e9chiquetage de polystyr\u00e8ne<\/figcaption><\/figure> <figure id=\"attachment_16937\" aria-describedby=\"caption-attachment-16937\" style=\"width: 300px\" class=\"wp-caption alignleft\"><img decoding=\"async\" class=\"wp-image-16937 size-medium\" src=\"https:\/\/recyclingequipinc.com\/wp-content\/uploads\/2025\/01\/EPS-recycling-crushing-300x225.webp\" alt=\"\u2461Concassage de recyclage EPS\" width=\"300\" height=\"225\" srcset=\"https:\/\/recyclingequipinc.com\/wp-content\/uploads\/2025\/01\/EPS-recycling-crushing-300x225.webp 300w, https:\/\/recyclingequipinc.com\/wp-content\/uploads\/2025\/01\/EPS-recycling-crushing-16x12.webp 16w, https:\/\/recyclingequipinc.com\/wp-content\/uploads\/2025\/01\/EPS-recycling-crushing.webp 720w\" sizes=\"(max-width: 300px) 100vw, 300px\" \/><figcaption id=\"caption-attachment-16937\" class=\"wp-caption-text\">Concassage de recyclage de PSE<\/figcaption><\/figure> <figure id=\"attachment_16936\" aria-describedby=\"caption-attachment-16936\" style=\"width: 300px\" class=\"wp-caption alignleft\"><img loading=\"lazy\" decoding=\"async\" class=\"wp-image-16936 size-medium\" src=\"https:\/\/recyclingequipinc.com\/wp-content\/uploads\/2025\/01\/crushed-plastic-foam-300x225.webp\" alt=\"\u2462mousse plastique \u00e9cras\u00e9e\" width=\"300\" height=\"225\" srcset=\"https:\/\/recyclingequipinc.com\/wp-content\/uploads\/2025\/01\/crushed-plastic-foam-300x225.webp 300w, https:\/\/recyclingequipinc.com\/wp-content\/uploads\/2025\/01\/crushed-plastic-foam-16x12.webp 16w, https:\/\/recyclingequipinc.com\/wp-content\/uploads\/2025\/01\/crushed-plastic-foam.webp 720w\" sizes=\"(max-width: 300px) 100vw, 300px\" \/><figcaption id=\"caption-attachment-16936\" class=\"wp-caption-text\">mousse plastique \u00e9cras\u00e9e<\/figcaption><\/figure> <p>&nbsp;<\/p> <p>&nbsp;<\/p> <p>&nbsp;<\/p> <p>&nbsp;<\/p> <p>&nbsp;<\/p> <p>&nbsp;<\/p> <p>&nbsp;<\/p> <figure id=\"attachment_16939\" aria-describedby=\"caption-attachment-16939\" style=\"width: 300px\" class=\"wp-caption alignleft\"><img loading=\"lazy\" decoding=\"async\" class=\"wp-image-16939 size-medium\" src=\"https:\/\/recyclingequipinc.com\/wp-content\/uploads\/2025\/01\/\u2460styrofoam-melter-300x225.webp\" alt=\"\u2460fondoir \u00e0 polystyr\u00e8ne\" width=\"300\" height=\"225\" srcset=\"https:\/\/recyclingequipinc.com\/wp-content\/uploads\/2025\/01\/\u2460styrofoam-melter-300x225.webp 300w, https:\/\/recyclingequipinc.com\/wp-content\/uploads\/2025\/01\/\u2460styrofoam-melter-16x12.webp 16w, https:\/\/recyclingequipinc.com\/wp-content\/uploads\/2025\/01\/\u2460styrofoam-melter.webp 720w\" sizes=\"(max-width: 300px) 100vw, 300px\" \/><figcaption id=\"caption-attachment-16939\" class=\"wp-caption-text\">\u2460fondoir \u00e0 polystyr\u00e8ne<\/figcaption><\/figure> <figure id=\"attachment_16940\" aria-describedby=\"caption-attachment-16940\" style=\"width: 300px\" class=\"wp-caption alignleft\"><img loading=\"lazy\" decoding=\"async\" class=\"wp-image-16940 size-medium\" src=\"https:\/\/recyclingequipinc.com\/wp-content\/uploads\/2025\/01\/\u2461foam-extruding-300x225.webp\" alt=\"\u2461extrusion de mousse\" width=\"300\" height=\"225\" srcset=\"https:\/\/recyclingequipinc.com\/wp-content\/uploads\/2025\/01\/\u2461foam-extruding-300x225.webp 300w, https:\/\/recyclingequipinc.com\/wp-content\/uploads\/2025\/01\/\u2461foam-extruding-16x12.webp 16w, https:\/\/recyclingequipinc.com\/wp-content\/uploads\/2025\/01\/\u2461foam-extruding.webp 720w\" sizes=\"(max-width: 300px) 100vw, 300px\" \/><figcaption id=\"caption-attachment-16940\" class=\"wp-caption-text\">\u2461extrusion de mousse<\/figcaption><\/figure> <figure id=\"attachment_16941\" aria-describedby=\"caption-attachment-16941\" style=\"width: 300px\" class=\"wp-caption alignleft\"><img loading=\"lazy\" decoding=\"async\" class=\"wp-image-16941 size-medium\" src=\"https:\/\/recyclingequipinc.com\/wp-content\/uploads\/2025\/01\/\u2462dense-styrofoam-ingots-300x225.webp\" alt=\"\u2462lingots de polystyr\u00e8ne denses\" width=\"300\" height=\"225\" srcset=\"https:\/\/recyclingequipinc.com\/wp-content\/uploads\/2025\/01\/\u2462dense-styrofoam-ingots-300x225.webp 300w, https:\/\/recyclingequipinc.com\/wp-content\/uploads\/2025\/01\/\u2462dense-styrofoam-ingots-16x12.webp 16w, https:\/\/recyclingequipinc.com\/wp-content\/uploads\/2025\/01\/\u2462dense-styrofoam-ingots.webp 720w\" sizes=\"(max-width: 300px) 100vw, 300px\" \/><figcaption id=\"caption-attachment-16941\" class=\"wp-caption-text\">\u2462lingots de polystyr\u00e8ne denses<\/figcaption><\/figure> <p>&nbsp;<\/p> <p>&nbsp;<\/p> <p>&nbsp;<\/p> <div class=\"mceTemp\"><\/div> <h2>Mati\u00e8res premi\u00e8res et produits finaux de la machine de d\u00e9chiquetage de polystyr\u00e8ne<\/h2> <h3>Mati\u00e8res premi\u00e8res:<\/h3> <p>Le broyeur de mousse EFFICACE est couramment utilis\u00e9 pour traiter le PSE, l'EPE et d'autres mat\u00e9riaux en mousse, notamment les bo\u00eetes en polystyr\u00e8ne, les feuilles de mousse d'emballage, l'isolation en polystyr\u00e8ne, les bo\u00eetes \u00e0 lunch en PSE, les panneaux isolants de b\u00e2timent XPS, les tapis de yoga, le remplissage de canap\u00e9, etc. peut \u00eatre utilis\u00e9 pour toutes les tailles d\u2019usines de recyclage de mousse et constitue la premi\u00e8re machine d\u2019une ligne de recyclage de polystyr\u00e8ne.<\/p> <figure id=\"attachment_16943\" aria-describedby=\"caption-attachment-16943\" style=\"width: 300px\" class=\"wp-caption alignleft\"><img loading=\"lazy\" decoding=\"async\" class=\"wp-image-16943 size-medium\" src=\"https:\/\/recyclingequipinc.com\/wp-content\/uploads\/2025\/01\/eps-board-300x225.webp\" alt=\"Carte XPS\" width=\"300\" height=\"225\" srcset=\"https:\/\/recyclingequipinc.com\/wp-content\/uploads\/2025\/01\/eps-board-300x225.webp 300w, https:\/\/recyclingequipinc.com\/wp-content\/uploads\/2025\/01\/eps-board-16x12.webp 16w, https:\/\/recyclingequipinc.com\/wp-content\/uploads\/2025\/01\/eps-board.webp 720w\" sizes=\"(max-width: 300px) 100vw, 300px\" \/><figcaption id=\"caption-attachment-16943\" class=\"wp-caption-text\">Carte XPS<\/figcaption><\/figure> <figure id=\"attachment_16944\" aria-describedby=\"caption-attachment-16944\" style=\"width: 300px\" class=\"wp-caption alignleft\"><img loading=\"lazy\" decoding=\"async\" class=\"wp-image-16944 size-medium\" src=\"https:\/\/recyclingequipinc.com\/wp-content\/uploads\/2025\/01\/fruit-packaging-foam-300x225.webp\" alt=\"mousse d&#039;emballage de fruits\" width=\"300\" height=\"225\" srcset=\"https:\/\/recyclingequipinc.com\/wp-content\/uploads\/2025\/01\/fruit-packaging-foam-300x225.webp 300w, https:\/\/recyclingequipinc.com\/wp-content\/uploads\/2025\/01\/fruit-packaging-foam-16x12.webp 16w, https:\/\/recyclingequipinc.com\/wp-content\/uploads\/2025\/01\/fruit-packaging-foam.webp 720w\" sizes=\"(max-width: 300px) 100vw, 300px\" \/><figcaption id=\"caption-attachment-16944\" class=\"wp-caption-text\">mousse d'emballage de fruits<\/figcaption><\/figure> <figure id=\"attachment_16945\" aria-describedby=\"caption-attachment-16945\" style=\"width: 300px\" class=\"wp-caption alignleft\"><img loading=\"lazy\" decoding=\"async\" class=\"wp-image-16945 size-medium\" src=\"https:\/\/recyclingequipinc.com\/wp-content\/uploads\/2025\/01\/styrofoam-boxes-300x225.webp\" alt=\"bo\u00eetes en polystyr\u00e8ne\" width=\"300\" height=\"225\" srcset=\"https:\/\/recyclingequipinc.com\/wp-content\/uploads\/2025\/01\/styrofoam-boxes-300x225.webp 300w, https:\/\/recyclingequipinc.com\/wp-content\/uploads\/2025\/01\/styrofoam-boxes-16x12.webp 16w, https:\/\/recyclingequipinc.com\/wp-content\/uploads\/2025\/01\/styrofoam-boxes.webp 720w\" sizes=\"(max-width: 300px) 100vw, 300px\" \/><figcaption id=\"caption-attachment-16945\" class=\"wp-caption-text\">bo\u00eetes en polystyr\u00e8ne<\/figcaption><\/figure> <p>&nbsp;<\/p> <p>&nbsp;<\/p> <p>&nbsp;<\/p> <p>&nbsp;<\/p> <p>&nbsp;<\/p> <p>&nbsp;<\/p> <p>&nbsp;<\/p> <figure id=\"attachment_16942\" aria-describedby=\"caption-attachment-16942\" style=\"width: 300px\" class=\"wp-caption alignleft\"><img loading=\"lazy\" decoding=\"async\" class=\"wp-image-16942 size-medium\" src=\"https:\/\/recyclingequipinc.com\/wp-content\/uploads\/2025\/01\/epe-materials-300x225.webp\" alt=\"mat\u00e9riaux \u00e9pe\" width=\"300\" height=\"225\" srcset=\"https:\/\/recyclingequipinc.com\/wp-content\/uploads\/2025\/01\/epe-materials-300x225.webp 300w, https:\/\/recyclingequipinc.com\/wp-content\/uploads\/2025\/01\/epe-materials-16x12.webp 16w, https:\/\/recyclingequipinc.com\/wp-content\/uploads\/2025\/01\/epe-materials.webp 720w\" sizes=\"(max-width: 300px) 100vw, 300px\" \/><figcaption id=\"caption-attachment-16942\" class=\"wp-caption-text\">mat\u00e9riaux \u00e9pe<\/figcaption><\/figure> <figure id=\"attachment_16946\" aria-describedby=\"caption-attachment-16946\" style=\"width: 300px\" class=\"wp-caption alignleft\"><img loading=\"lazy\" decoding=\"async\" class=\"wp-image-16946 size-medium\" src=\"https:\/\/recyclingequipinc.com\/wp-content\/uploads\/2025\/01\/Yoga-mat--300x225.webp\" alt=\"Tapis de yoga\" width=\"300\" height=\"225\" srcset=\"https:\/\/recyclingequipinc.com\/wp-content\/uploads\/2025\/01\/Yoga-mat--300x225.webp 300w, https:\/\/recyclingequipinc.com\/wp-content\/uploads\/2025\/01\/Yoga-mat--16x12.webp 16w, https:\/\/recyclingequipinc.com\/wp-content\/uploads\/2025\/01\/Yoga-mat-.webp 720w\" sizes=\"(max-width: 300px) 100vw, 300px\" \/><figcaption id=\"caption-attachment-16946\" class=\"wp-caption-text\">Tapis de yoga<\/figcaption><\/figure> <h3>Produits finaux\u00a0:<\/h3> <p>Les blocs de mousse EPS d\u00e9chiquet\u00e9s se pr\u00e9sentent g\u00e9n\u00e9ralement sous la forme de fragments de mousse de taille uniforme, avec un mat\u00e9riau intact et non contamin\u00e9, et les volumes globaux sont r\u00e9duits, ce qui facilite leur recyclage ult\u00e9rieur.<\/p> <h2>Donn\u00e9es techniques de base du broyeur de mousse<\/h2> <p>Voici les param\u00e8tres de certains mod\u00e8les chauds pour r\u00e9f\u00e9rence. Nous proposons diff\u00e9rents types de broyeurs de polystyr\u00e8ne personnalis\u00e9s pour r\u00e9pondre \u00e0 vos besoins de production. Veuillez nous envoyer votre situation de production et nous vous recommanderons la machine de d\u00e9chiquetage de polystyr\u00e8ne la plus appropri\u00e9e pour vous.<\/p> <ul> <li>TYPE\u00a0: SL-800\/SL-1000\/SL-1200\/SL-1500<\/li> <li>PUISSANCE (kW) : 5,5\/ 5,5\/ 7,5\/ 11<\/li> <li>CAPACIT\u00c9 (kg\/h) : 250-300\/ 300-350\/ 400-450\/ 450-500<\/li> <li>TAILLE D'ENTR\u00c9E (cm) : 800*600\/ 1000*600\/ 1200*600\/ 1500*600<\/li> <\/ul> <figure id=\"attachment_16947\" aria-describedby=\"caption-attachment-16947\" style=\"width: 720px\" class=\"wp-caption aligncenter\"><img loading=\"lazy\" decoding=\"async\" class=\"size-full wp-image-16947\" src=\"https:\/\/recyclingequipinc.com\/wp-content\/uploads\/2025\/01\/foam-crusher1.webp\" alt=\"Broyeur de mousse EPS\" width=\"720\" height=\"540\" srcset=\"https:\/\/recyclingequipinc.com\/wp-content\/uploads\/2025\/01\/foam-crusher1.webp 720w, https:\/\/recyclingequipinc.com\/wp-content\/uploads\/2025\/01\/foam-crusher1-300x225.webp 300w, https:\/\/recyclingequipinc.com\/wp-content\/uploads\/2025\/01\/foam-crusher1-16x12.webp 16w\" sizes=\"(max-width: 720px) 100vw, 720px\" \/><figcaption id=\"caption-attachment-16947\" class=\"wp-caption-text\">Broyeur de mousse EPS<\/figcaption><\/figure> <h2>Comment fonctionne le broyeur de mousse EPS ?<\/h2> <p>La d\u00e9chiqueteuse de polystyr\u00e8ne se compose d'une entr\u00e9e d'alimentation, d'une chambre de concassage, de lames, de tamis et d'une base.<\/p> <p>Les d\u00e9chets de mousse plastique entrent dans la chambre de d\u00e9chiquetage par l'entr\u00e9e d'alimentation et les lames en acier inoxydable de haute qualit\u00e9 tournent pour d\u00e9chiqueter la mousse \u00e0 la taille pr\u00e9d\u00e9finie. Ensuite, les morceaux de mousse EPS qui r\u00e9pondent aux exigences passent \u00e0 travers le tamis et sont transf\u00e9r\u00e9s vers la tr\u00e9mie du fondoir de polystyr\u00e8ne pour le prochain processus de recyclage.<\/p> <figure id=\"attachment_16948\" aria-describedby=\"caption-attachment-16948\" style=\"width: 720px\" class=\"wp-caption aligncenter\"><img loading=\"lazy\" decoding=\"async\" class=\"size-full wp-image-16948\" src=\"https:\/\/recyclingequipinc.com\/wp-content\/uploads\/2025\/01\/styrofoam-recycling-machines.webp\" alt=\"machines de recyclage de polystyr\u00e8ne\" width=\"720\" height=\"540\" srcset=\"https:\/\/recyclingequipinc.com\/wp-content\/uploads\/2025\/01\/styrofoam-recycling-machines.webp 720w, https:\/\/recyclingequipinc.com\/wp-content\/uploads\/2025\/01\/styrofoam-recycling-machines-300x225.webp 300w, https:\/\/recyclingequipinc.com\/wp-content\/uploads\/2025\/01\/styrofoam-recycling-machines-16x12.webp 16w\" sizes=\"(max-width: 720px) 100vw, 720px\" \/><figcaption id=\"caption-attachment-16948\" class=\"wp-caption-text\">machines de recyclage de polystyr\u00e8ne<\/figcaption><\/figure> <h2>Nos services<\/h2> <ul> <li>R\u00e9pondre \u00e0 vos questions sur le recyclage, partager des cas de r\u00e9ussite et recommander le mod\u00e8le le plus adapt\u00e9 \u00e0 votre conception ;<\/li> <li>Le d\u00e9lai de livraison est d'environ deux semaines apr\u00e8s la passation de la commande, et nous vous enverrons des mises \u00e0 jour r\u00e9guli\u00e8res sur l'avancement de la production\u00a0;<\/li> <li>Support technique, installation sur site et garantie d'un an.<\/li> <\/ul> <h2>R\u00e9sum\u00e9<\/h2> <p>En tant que premi\u00e8re \u00e9tape du recyclage de la mousse de polystyr\u00e8ne, le processus de broyage de la mousse plastique affecte l'efficacit\u00e9 de l'ensemble du recyclage du polystyr\u00e8ne. Choisir le bon broyeur de polystyr\u00e8ne de haute qualit\u00e9 peut aider \u00e0 r\u00e9duire efficacement le volume de mousse, \u00e0 faciliter le traitement ult\u00e9rieur et \u00e0 am\u00e9liorer l'efficacit\u00e9 du recyclage. Si vous \u00eates int\u00e9ress\u00e9, contactez-nous, nous vous ferons des recommandations !<\/p> <p>&nbsp;<\/p> <p>&nbsp;<\/p> <p>&nbsp;<\/p> <p>&nbsp;<\/p> <p>&nbsp;<\/p> <h1><\/h1>","protected":false},"excerpt":{"rendered":"<p>Comment pr\u00e9traiter les d\u00e9chets de polystyr\u00e8ne avant de les granuler ? L\u2019utilisation d\u2019une d\u00e9chiqueteuse de polystyr\u00e8ne pour briser les mousses EPS volumineuses en morceaux petits et uniformes peut r\u00e9duire l\u2019empreinte de la mousse, faciliter le traitement ult\u00e9rieur, etc.<\/p> <p>&nbsp;<\/p>","protected":false},"featured_media":16934,"template":"","meta":{"site-sidebar-layout":"default","site-content-layout":"","ast-site-content-layout":"default","site-content-style":"default","site-sidebar-style":"default","ast-global-header-display":"","ast-banner-title-visibility":"","ast-main-header-display":"","ast-hfb-above-header-display":"","ast-hfb-below-header-display":"","ast-hfb-mobile-header-display":"","site-post-title":"","ast-breadcrumbs-content":"","ast-featured-img":"","footer-sml-layout":"","ast-disable-related-posts":"","theme-transparent-header-meta":"default","adv-header-id-meta":"","stick-header-meta":"","header-above-stick-meta":"","header-main-stick-meta":"","header-below-stick-meta":"","astra-migrate-meta-layouts":"set","ast-page-background-enabled":"default","ast-page-background-meta":{"desktop":{"background-color":"","background-image":"","background-repeat":"repeat","background-position":"center center","background-size":"auto","background-attachment":"scroll","background-type":"","background-media":"","overlay-type":"","overlay-color":"","overlay-opacity":"","overlay-gradient":""},"tablet":{"background-color":"","background-image":"","background-repeat":"repeat","background-position":"center center","background-size":"auto","background-attachment":"scroll","background-type":"","background-media":"","overlay-type":"","overlay-color":"","overlay-opacity":"","overlay-gradient":""},"mobile":{"background-color":"","background-image":"","background-repeat":"repeat","background-position":"center center","background-size":"auto","background-attachment":"scroll","background-type":"","background-media":"","overlay-type":"","overlay-color":"","overlay-opacity":"","overlay-gradient":""}},"ast-content-background-meta":{"desktop":{"background-color":"var(--ast-global-color-5)","background-image":"","background-repeat":"repeat","background-position":"center center","background-size":"auto","background-attachment":"scroll","background-type":"","background-media":"","overlay-type":"","overlay-color":"","overlay-opacity":"","overlay-gradient":""},"tablet":{"background-color":"var(--ast-global-color-5)","background-image":"","background-repeat":"repeat","background-position":"center center","background-size":"auto","background-attachment":"scroll","background-type":"","background-media":"","overlay-type":"","overlay-color":"","overlay-opacity":"","overlay-gradient":""},"mobile":{"background-color":"var(--ast-global-color-5)","background-image":"","background-repeat":"repeat","background-position":"center center","background-size":"auto","background-attachment":"scroll","background-type":"","background-media":"","overlay-type":"","overlay-color":"","overlay-opacity":"","overlay-gradient":""}}},"product_brand":[],"product_cat":[36],"product_tag":[80,85],"class_list":{"0":"post-16917","1":"product","2":"type-product","3":"status-publish","4":"has-post-thumbnail","6":"product_cat-plastic-recycling-machine","7":"product_tag-foam","8":"product_tag-foam-crusher","9":"desktop-align-center","10":"tablet-align-center","11":"mobile-align-center","13":"first","14":"instock","15":"shipping-taxable","16":"product-type-simple"},"_links":{"self":[{"href":"https:\/\/recyclingequipinc.com\/fr\/wp-json\/wp\/v2\/product\/16917","targetHints":{"allow":["GET"]}}],"collection":[{"href":"https:\/\/recyclingequipinc.com\/fr\/wp-json\/wp\/v2\/product"}],"about":[{"href":"https:\/\/recyclingequipinc.com\/fr\/wp-json\/wp\/v2\/types\/product"}],"version-history":[{"count":0,"href":"https:\/\/recyclingequipinc.com\/fr\/wp-json\/wp\/v2\/product\/16917\/revisions"}],"wp:featuredmedia":[{"embeddable":true,"href":"https:\/\/recyclingequipinc.com\/fr\/wp-json\/wp\/v2\/media\/16934"}],"wp:attachment":[{"href":"https:\/\/recyclingequipinc.com\/fr\/wp-json\/wp\/v2\/media?parent=16917"}],"wp:term":[{"taxonomy":"product_brand","embeddable":true,"href":"https:\/\/recyclingequipinc.com\/fr\/wp-json\/wp\/v2\/product_brand?post=16917"},{"taxonomy":"product_cat","embeddable":true,"href":"https:\/\/recyclingequipinc.com\/fr\/wp-json\/wp\/v2\/product_cat?post=16917"},{"taxonomy":"product_tag","embeddable":true,"href":"https:\/\/recyclingequipinc.com\/fr\/wp-json\/wp\/v2\/product_tag?post=16917"}],"curies":[{"name":"wp","href":"https:\/\/api.w.org\/{rel}","templated":true}]}}