{"id":5699,"date":"2022-03-09T06:44:26","date_gmt":"2022-03-09T06:44:26","guid":{"rendered":"https:\/\/recyclingequipinc.com\/?post_type=product&#038;p=5699"},"modified":"2024-10-04T20:42:10","modified_gmt":"2024-10-04T12:42:10","slug":"fruit-net-making-machine","status":"publish","type":"product","link":"https:\/\/recyclingequipinc.com\/es\/product\/fruit-net-making-machine\/","title":{"rendered":"M\u00e1quina para fabricar redes de frutas m\u00e1gicas | M\u00e1quina extrusora de red de frutas de espuma EPE"},"content":{"rendered":"<p>La m\u00e1quina para fabricar redes de espuma para frutas EPE es un nuevo tipo de m\u00e1quina para fabricar material de embalaje flexible. Debido a la estructura \u00fanica de la red de expansi\u00f3n y la red de espuma el\u00e1stica de la red de espuma EPE, se usa ampliamente en el embalaje de productos de vidrio, instrumentos de precisi\u00f3n y diversas verduras, frutas y flores. Por lo tanto, muchas personas est\u00e1n comenzando a aprender el conocimiento de las m\u00e1quinas de redes de frutas de espuma EPE.<\/p> <div class=\"ast-oembed-container\" style=\"height: 100%;\"><iframe title=\"M\u00e1quina de red de frutas de espuma EPE | M\u00e1quina de red de espuma de fruta EPE | M\u00e1quina de fabricaci\u00f3n de redes de frutas | #Pantalones cortos\" width=\"500\" height=\"281\" src=\"https:\/\/www.youtube.com\/embed\/sUfi2VsQCQY?feature=oembed\" frameborder=\"0\" allow=\"accelerometer; autoplay; clipboard-write; encrypted-media; gyroscope; picture-in-picture; web-share\" referrerpolicy=\"strict-origin-when-cross-origin\" allowfullscreen><\/iframe><\/div> <h2>\u00bfCu\u00e1l es el principio de formaci\u00f3n de espuma de la m\u00e1quina para fabricar redes de frutas de espuma EPE?<\/h2> <p>Es necesario preparar con antelaci\u00f3n dep\u00f3sitos de gas licuado (butano) de 50 kg y 2 botellas de nitr\u00f3geno (nitr\u00f3geno). Primero, debe verter la materia prima (polietileno de baja densidad y alta presi\u00f3n, talco en polvo 2-4 kg\/T, gas butano 200 kg\/T, tesoro de pl\u00e1stico 20-25 kg\/T) en los alimentadores del extremo frontal de la espuma de fruta. m\u00e1quina de fabricaci\u00f3n de redes. Y el dispositivo mezclador en el alimentador mezclar\u00e1 uniformemente las materias primas. Luego, se introducen metano y otros gases espumosos en el hu\u00e9sped. Luego, el producto terminado sale de la secci\u00f3n frontal del host a trav\u00e9s de la herramienta de molienda. Por cierto, si quieres hacer juegos de frutas y verduras, no debes utilizar residuos de pl\u00e1stico. Esto es por el bien de la salud de todos.<\/p> <figure id=\"attachment_5703\" aria-describedby=\"caption-attachment-5703\" style=\"width: 720px\" class=\"wp-caption aligncenter\"><img fetchpriority=\"high\" decoding=\"async\" class=\"size-full wp-image-5703\" src=\"https:\/\/recyclingequipinc.com\/wp-content\/uploads\/2022\/03\/cooling-part.jpg\" alt=\"parte de fusi\u00f3n y enfriamiento \" width=\"720\" height=\"540\" srcset=\"https:\/\/recyclingequipinc.com\/wp-content\/uploads\/2022\/03\/cooling-part.jpg 720w, https:\/\/recyclingequipinc.com\/wp-content\/uploads\/2022\/03\/cooling-part-300x225.jpg 300w, https:\/\/recyclingequipinc.com\/wp-content\/uploads\/2022\/03\/cooling-part-600x450.jpg 600w\" sizes=\"(max-width: 720px) 100vw, 720px\" \/><figcaption id=\"caption-attachment-5703\" class=\"wp-caption-text\">parte de fusi\u00f3n y enfriamiento<\/figcaption><\/figure> <h2>La estructura de la m\u00e1quina para fabricar redes de frutas de espuma EPE.<\/h2> <p>La m\u00e1quina de red de frutas de espuma EPE consta de cinco partes: motor principal, bomba de gas butano, bomba de aditivo, gabinete de control el\u00e9ctrico principal y corte de tracci\u00f3n. La m\u00e1quina principal, la bomba de butano, el cabezal de troquel, el rodillo de tracci\u00f3n y el motor de corte est\u00e1n controlados por un convertidor de frecuencia.<\/p> <figure id=\"attachment_5702\" aria-describedby=\"caption-attachment-5702\" style=\"width: 720px\" class=\"wp-caption aligncenter\"><img decoding=\"async\" class=\"size-full wp-image-5702\" src=\"https:\/\/recyclingequipinc.com\/wp-content\/uploads\/2022\/03\/console-of-epe-foam-fruit-net-making-machine.jpg\" alt=\"Consola de la m\u00e1quina para fabricar redes de frutas de espuma epe\" width=\"720\" height=\"540\" srcset=\"https:\/\/recyclingequipinc.com\/wp-content\/uploads\/2022\/03\/console-of-epe-foam-fruit-net-making-machine.jpg 720w, https:\/\/recyclingequipinc.com\/wp-content\/uploads\/2022\/03\/console-of-epe-foam-fruit-net-making-machine-300x225.jpg 300w, https:\/\/recyclingequipinc.com\/wp-content\/uploads\/2022\/03\/console-of-epe-foam-fruit-net-making-machine-600x450.jpg 600w\" sizes=\"(max-width: 720px) 100vw, 720px\" \/><figcaption id=\"caption-attachment-5702\" class=\"wp-caption-text\">Consola de la m\u00e1quina para fabricar redes de frutas de espuma epe<\/figcaption><\/figure> <h2>\u00bfPor qu\u00e9 elegir nuestra m\u00e1quina extrusora de redes de frutas de espuma EPE?<\/h2> <ol> <li>La unidad se desarrolla bas\u00e1ndose en muchos a\u00f1os de experiencia pr\u00e1ctica en nuestro <a href=\"https:\/\/recyclingequipinc.com\/es\/\">F\u00e1brica de Shuliy<\/a>. Y se ha exportado a Tailandia, Vietnam y otros pa\u00edses.<\/li> <li>La m\u00e1quina extrusora de redes de frutas de espuma EPE tiene un dise\u00f1o \u00fanico, operaci\u00f3n conveniente, operaci\u00f3n estable, seguridad, ahorro de energ\u00eda y un alto grado de automatizaci\u00f3n.<\/li> <li>Los productos tienen una alta proporci\u00f3n de espuma, apariencia hermosa, suavidad, simetr\u00eda y buen brillo.<\/li> <li>Se pueden producir entre 700.000 y 1,2 millones de redes de frutos de 12 cm de largo en 24 horas.<\/li> <li>La unidad est\u00e1 equipada con diferentes cabezales de troquelado y m\u00e1quinas auxiliares, que pueden producir varias cubiertas de red de espuma para frutas (utilizadas para envasar manzanas, peras, sand\u00edas, melones dulces, mangos, etc.), cubiertas protectoras para rosas, l\u00e1minas de espuma EPE, tubos de espuma EPE. y otros productos.<\/li> <li>La m\u00e1quina extrusora de redes de frutas de espuma EPE tambi\u00e9n puede producir l\u00e1minas de espuma, tubos de espuma, barras de espuma, barras de espuma y perfiles reemplazando diferentes cabezales de troquel y accesorios auxiliares.<\/li> <\/ol> <figure id=\"attachment_5706\" aria-describedby=\"caption-attachment-5706\" style=\"width: 720px\" class=\"wp-caption aligncenter\"><img decoding=\"async\" class=\"size-full wp-image-5706\" src=\"https:\/\/recyclingequipinc.com\/wp-content\/uploads\/2022\/03\/the-factory-of-epe-foam-fruit-net-machine.jpg\" alt=\"La f\u00e1brica de m\u00e1quina de red de fruta de espuma epe.\" width=\"720\" height=\"540\" srcset=\"https:\/\/recyclingequipinc.com\/wp-content\/uploads\/2022\/03\/the-factory-of-epe-foam-fruit-net-machine.jpg 720w, https:\/\/recyclingequipinc.com\/wp-content\/uploads\/2022\/03\/the-factory-of-epe-foam-fruit-net-machine-300x225.jpg 300w, https:\/\/recyclingequipinc.com\/wp-content\/uploads\/2022\/03\/the-factory-of-epe-foam-fruit-net-machine-600x450.jpg 600w\" sizes=\"(max-width: 720px) 100vw, 720px\" \/><figcaption id=\"caption-attachment-5706\" class=\"wp-caption-text\">La f\u00e1brica de m\u00e1quina de red de fruta de espuma epe.<\/figcaption><\/figure> <h2>Parametros del producto:<\/h2> <div style='overflow:auto'> <table border=\"0\" style='white-space: nowrap'> <tbody> <tr> <td class=\"et2\">Modelo<\/td> <td class=\"et2\">SJF-75<\/td> <td class=\"et2\">SJF-75A<\/td> <td class=\"et2\">SJF-75B<\/td> <\/tr> <tr> <td class=\"et2\">Relaci\u00f3n longitud-di\u00e1metro del tornillo<\/td> <td class=\"et3\">1:50<\/td> <td class=\"et4\">01:53.2<\/td> <td class=\"et3\">1:55<\/td> <\/tr> <tr> <td>Muere energ\u00eda el\u00e9ctrica<\/td> <td class=\"et2\">3kW<\/td> <td class=\"et2\">3kW<\/td> <td class=\"et2\">3kW<\/td> <\/tr> <tr> <td class=\"et2\">Potencia del motor principal<\/td> <td class=\"et2\">11kW<\/td> <td class=\"et2\">11kW<\/td> <td class=\"et2\">11kW<\/td> <\/tr> <tr> <td class=\"et2\">Potencia del motor principal<\/td> <td class=\"et2\">1,5 KW<\/td> <td class=\"et2\">1,5 KW<\/td> <td class=\"et2\">1,5 KW<\/td> <\/tr> <tr> <td class=\"et2\">Potencia total del anillo calefactor<\/td> <td class=\"et2\">18kW<\/td> <td class=\"et2\">20kW<\/td> <td class=\"et2\">20kW<\/td> <\/tr> <tr> <td class=\"et2\">Potencia del motor de la bomba de calefacci\u00f3n<\/td> <td class=\"et2\">0,55 KW<\/td> <td class=\"et2\">0,55 KW<\/td> <td class=\"et2\">0,55 KW<\/td> <\/tr> <tr> <td class=\"et2\">Potencia del motor de la bomba de butano<\/td> <td class=\"et2\">1,1 KW<\/td> <td class=\"et2\">1,1 KW<\/td> <td class=\"et2\">1,5 KW<\/td> <\/tr> <tr> <td class=\"et2\">Potencia del ventilador<\/td> <td class=\"et2\">480W<\/td> <td class=\"et2\">480W<\/td> <td class=\"et2\">480W<\/td> <\/tr> <tr> <td class=\"et2\">El consumo de energ\u00eda<\/td> <td class=\"et2\">220KW\/24h<\/td> <td class=\"et2\">200kW\/24h<\/td> <td class=\"et2\">200kW\/24h<\/td> <\/tr> <tr> <td class=\"et2\">Capacidad<\/td> <td class=\"et2\">500-1200kg\/24h<\/td> <td class=\"et2\">500-1200kg\/24h<\/td> <td class=\"et2\">500-1200kg\/24h<\/td> <\/tr> <tr> <td class=\"et2\">Dimensi\u00f3n total del motor principal (mm)<\/td> <td class=\"et2\">5000x700x1350<\/td> <td class=\"et2\">5250x700x1350<\/td> <td class=\"et2\">5370x700x1350<\/td> <\/tr> <tr> <td class=\"et2\">Peso<\/td> <td class=\"et2\">2900 kilos<\/td> <td class=\"et2\">2950kg<\/td> <td class=\"et2\">3000kg<\/td> <\/tr> <tr> <td class=\"et2\">\u00c1rea cubierta (mm)<\/td> <td class=\"et2\">3000&#215;9000<\/td> <td class=\"et2\">3000&#215;9500<\/td> <td class=\"et2\">3000&#215;10000<\/td> <\/tr> <\/tbody> <\/table> <\/div> <p>Como se muestra en la figura, tenemos a la venta tres m\u00e1quinas de malla de espuma para envasado de frutas. Debido a la diferente potencia, las tres m\u00e1quinas tienen diferentes superficies y tama\u00f1os.<\/p> <figure id=\"attachment_5705\" aria-describedby=\"caption-attachment-5705\" style=\"width: 720px\" class=\"wp-caption aligncenter\"><img loading=\"lazy\" decoding=\"async\" class=\"size-full wp-image-5705\" src=\"https:\/\/recyclingequipinc.com\/wp-content\/uploads\/2022\/03\/foam-net-for-fruit-packing.jpg\" alt=\"Red de espuma para embalaje de frutas.\" width=\"720\" height=\"540\" srcset=\"https:\/\/recyclingequipinc.com\/wp-content\/uploads\/2022\/03\/foam-net-for-fruit-packing.jpg 720w, https:\/\/recyclingequipinc.com\/wp-content\/uploads\/2022\/03\/foam-net-for-fruit-packing-300x225.jpg 300w, https:\/\/recyclingequipinc.com\/wp-content\/uploads\/2022\/03\/foam-net-for-fruit-packing-600x450.jpg 600w\" sizes=\"(max-width: 720px) 100vw, 720px\" \/><figcaption id=\"caption-attachment-5705\" class=\"wp-caption-text\">Red de espuma para embalaje de frutas.<\/figcaption><\/figure> <h2>Precio de la m\u00e1quina de red de fruta de espuma Epe<\/h2> <p>Para ser honesto, el precio de las m\u00e1quinas de fabricaci\u00f3n de redes de espuma para frutas se ve afectado por muchos factores, como la distancia, la tasa impositiva, etc. Pero vale la pena mencionar que se puede producir m\u00e1s de 1 tonelada de productos con 1 tonelada de materia prima m\u00e1s butano. Gas y materiales auxiliares. Y se puede procesar una tonelada de materias primas en 36 horas, por lo que el beneficio es considerable. Si desea conocer una cotizaci\u00f3n detallada sobre la red de espuma para empaque de frutas, cont\u00e1ctenos. Como red de espuma profesional para proveedores de envases de frutas, nuestro vendedor le har\u00e1 una cotizaci\u00f3n detallada lo antes posible.<\/p> <figure id=\"attachment_5712\" aria-describedby=\"caption-attachment-5712\" style=\"width: 720px\" class=\"wp-caption aligncenter\"><img loading=\"lazy\" decoding=\"async\" class=\"size-full wp-image-5712\" src=\"https:\/\/recyclingequipinc.com\/wp-content\/uploads\/2022\/03\/fruit-net-application-range.jpg\" alt=\"rango de aplicaci\u00f3n de redes de frutas\" width=\"720\" height=\"540\" srcset=\"https:\/\/recyclingequipinc.com\/wp-content\/uploads\/2022\/03\/fruit-net-application-range.jpg 720w, https:\/\/recyclingequipinc.com\/wp-content\/uploads\/2022\/03\/fruit-net-application-range-300x225.jpg 300w, https:\/\/recyclingequipinc.com\/wp-content\/uploads\/2022\/03\/fruit-net-application-range-600x450.jpg 600w\" sizes=\"(max-width: 720px) 100vw, 720px\" \/><figcaption id=\"caption-attachment-5712\" class=\"wp-caption-text\">rango de aplicaci\u00f3n de redes de frutas<\/figcaption><\/figure>","protected":false},"excerpt":{"rendered":"<p>EPE foam fruit net making machine is a new type of machine for making flexible packaging material. Due to the [&hellip;]<\/p>\n","protected":false},"featured_media":5701,"template":"","meta":{"site-sidebar-layout":"default","site-content-layout":"default","ast-site-content-layout":"default","site-content-style":"default","site-sidebar-style":"default","ast-global-header-display":"","ast-banner-title-visibility":"","ast-main-header-display":"","ast-hfb-above-header-display":"","ast-hfb-below-header-display":"","ast-hfb-mobile-header-display":"","site-post-title":"","ast-breadcrumbs-content":"","ast-featured-img":"","footer-sml-layout":"","ast-disable-related-posts":"","theme-transparent-header-meta":"default","adv-header-id-meta":"","stick-header-meta":"default","header-above-stick-meta":"","header-main-stick-meta":"","header-below-stick-meta":"","astra-migrate-meta-layouts":"default","ast-page-background-enabled":"default","ast-page-background-meta":{"desktop":{"background-color":"","background-image":"","background-repeat":"repeat","background-position":"center center","background-size":"auto","background-attachment":"scroll","background-type":"","background-media":"","overlay-type":"","overlay-color":"","overlay-opacity":"","overlay-gradient":""},"tablet":{"background-color":"","background-image":"","background-repeat":"repeat","background-position":"center center","background-size":"auto","background-attachment":"scroll","background-type":"","background-media":"","overlay-type":"","overlay-color":"","overlay-opacity":"","overlay-gradient":""},"mobile":{"background-color":"","background-image":"","background-repeat":"repeat","background-position":"center center","background-size":"auto","background-attachment":"scroll","background-type":"","background-media":"","overlay-type":"","overlay-color":"","overlay-opacity":"","overlay-gradient":""}},"ast-content-background-meta":{"desktop":{"background-color":"var(--ast-global-color-5)","background-image":"","background-repeat":"repeat","background-position":"center center","background-size":"auto","background-attachment":"scroll","background-type":"","background-media":"","overlay-type":"","overlay-color":"","overlay-opacity":"","overlay-gradient":""},"tablet":{"background-color":"var(--ast-global-color-5)","background-image":"","background-repeat":"repeat","background-position":"center center","background-size":"auto","background-attachment":"scroll","background-type":"","background-media":"","overlay-type":"","overlay-color":"","overlay-opacity":"","overlay-gradient":""},"mobile":{"background-color":"var(--ast-global-color-5)","background-image":"","background-repeat":"repeat","background-position":"center center","background-size":"auto","background-attachment":"scroll","background-type":"","background-media":"","overlay-type":"","overlay-color":"","overlay-opacity":"","overlay-gradient":""}}},"product_brand":[],"product_cat":[36],"product_tag":[76],"class_list":{"0":"post-5699","1":"product","2":"type-product","3":"status-publish","4":"has-post-thumbnail","6":"product_cat-plastic-recycling-machine","7":"product_tag-fruit-net-making-machine","8":"desktop-align-center","9":"tablet-align-center","10":"mobile-align-center","12":"first","13":"instock","14":"shipping-taxable","15":"product-type-simple"},"_links":{"self":[{"href":"https:\/\/recyclingequipinc.com\/es\/wp-json\/wp\/v2\/product\/5699","targetHints":{"allow":["GET"]}}],"collection":[{"href":"https:\/\/recyclingequipinc.com\/es\/wp-json\/wp\/v2\/product"}],"about":[{"href":"https:\/\/recyclingequipinc.com\/es\/wp-json\/wp\/v2\/types\/product"}],"version-history":[{"count":0,"href":"https:\/\/recyclingequipinc.com\/es\/wp-json\/wp\/v2\/product\/5699\/revisions"}],"wp:featuredmedia":[{"embeddable":true,"href":"https:\/\/recyclingequipinc.com\/es\/wp-json\/wp\/v2\/media\/5701"}],"wp:attachment":[{"href":"https:\/\/recyclingequipinc.com\/es\/wp-json\/wp\/v2\/media?parent=5699"}],"wp:term":[{"taxonomy":"product_brand","embeddable":true,"href":"https:\/\/recyclingequipinc.com\/es\/wp-json\/wp\/v2\/product_brand?post=5699"},{"taxonomy":"product_cat","embeddable":true,"href":"https:\/\/recyclingequipinc.com\/es\/wp-json\/wp\/v2\/product_cat?post=5699"},{"taxonomy":"product_tag","embeddable":true,"href":"https:\/\/recyclingequipinc.com\/es\/wp-json\/wp\/v2\/product_tag?post=5699"}],"curies":[{"name":"wp","href":"https:\/\/api.w.org\/{rel}","templated":true}]}}