{"id":5569,"date":"2022-01-28T07:03:54","date_gmt":"2022-01-28T07:03:54","guid":{"rendered":"https:\/\/recyclingequipinc.com\/?post_type=product&#038;p=5569"},"modified":"2025-01-20T10:16:15","modified_gmt":"2025-01-20T02:16:15","slug":"plastic-film-pelletizing-machine","status":"publish","type":"product","link":"https:\/\/recyclingequipinc.com\/es\/product\/plastic-film-pelletizing-machine\/","title":{"rendered":"M\u00e1quina granuladora de pel\u00edcula pl\u00e1stica | Equipos de reciclaje de envoltura de pl\u00e1stico"},"content":{"rendered":"<p class=\"translation-block\">La m\u00e1quina peletizadora de pel\u00edcula pl\u00e1stica es el equipo principal en la <a href=\"https:\/\/recyclingequipinc.com\/es\/producto\/plastic-film-recycling-machine\/\">l\u00ednea de reciclaje de pl\u00e1stico<\/a>. Puede convertir pl\u00e1stico de pel\u00edcula PP PE de desecho en gr\u00e1nulos de pl\u00e1stico. Estas materias primas pl\u00e1sticas de desecho incluyen bolsas de la compra, pel\u00edculas de embalaje, bolsas de basura, bolsas tejidas, bolsas no tejidas, pel\u00edculas agr\u00edcolas, contenedores, bolsas de l\u00edquidos, etc. Por lo tanto, nuestra m\u00e1quina peletizadora de pel\u00edcula pl\u00e1stica tiene una amplia gama de aplicaciones. El uso generalizado de granuladoras de pel\u00edcula pl\u00e1stica ha reducido eficazmente la contaminaci\u00f3n blanca global y ha mejorado nuestro entorno de vida.<\/p> <p>&nbsp;<\/p> <figure id=\"attachment_5581\" aria-describedby=\"caption-attachment-5581\" style=\"width: 750px\" class=\"wp-caption aligncenter\"><img fetchpriority=\"high\" decoding=\"async\" class=\"wp-image-5581 size-full\" src=\"https:\/\/recyclingequipinc.com\/wp-content\/uploads\/2022\/01\/plastic-film-pellet-mill-1.jpg\" alt=\"molino de pellets de pel\u00edcula pl\u00e1stica\" width=\"750\" height=\"540\" srcset=\"https:\/\/recyclingequipinc.com\/wp-content\/uploads\/2022\/01\/plastic-film-pellet-mill-1.jpg 750w, https:\/\/recyclingequipinc.com\/wp-content\/uploads\/2022\/01\/plastic-film-pellet-mill-1-300x216.jpg 300w, https:\/\/recyclingequipinc.com\/wp-content\/uploads\/2022\/01\/plastic-film-pellet-mill-1-600x432.jpg 600w\" sizes=\"(max-width: 750px) 100vw, 750px\" \/><figcaption id=\"caption-attachment-5581\" class=\"wp-caption-text\">molino de pellets de pel\u00edcula pl\u00e1stica<\/figcaption><\/figure> <h2>\u00bfC\u00f3mo se recicla la pel\u00edcula pl\u00e1stica mediante la m\u00e1quina granuladora de pel\u00edcula pl\u00e1stica?<\/h2> <p>La m\u00e1quina granuladora de pel\u00edcula pl\u00e1stica est\u00e1 compuesta por una m\u00e1quina principal y una m\u00e1quina auxiliar. La m\u00e1quina anfitriona puede calentar la pel\u00edcula pl\u00e1stica hasta formar una pasta. Seg\u00fan diferente potencia, contamos con equipos de granulaci\u00f3n de pl\u00e1stico de 125, 150 y 180 con diferentes accesorios. Adem\u00e1s, el modo de calentamiento de esta m\u00e1quina es calentamiento electromagn\u00e9tico. El granulador de pl\u00e1stico adopta un dispositivo de control autom\u00e1tico de temperatura. Esto significa que, en comparaci\u00f3n con otras marcas de granuladores, consume menos energ\u00eda y no contamina. Por supuesto, la potencia y cantidad se pueden seleccionar seg\u00fan el pedido del cliente.<\/p> <figure id=\"attachment_5582\" aria-describedby=\"caption-attachment-5582\" style=\"width: 750px\" class=\"wp-caption aligncenter\"><img decoding=\"async\" class=\"wp-image-5582 size-full\" src=\"https:\/\/recyclingequipinc.com\/wp-content\/uploads\/2022\/01\/plastic-granulator-auxiliary-machine-1.jpg\" alt=\"m\u00e1quina auxiliar granuladora de pl\u00e1stico\" width=\"750\" height=\"540\" srcset=\"https:\/\/recyclingequipinc.com\/wp-content\/uploads\/2022\/01\/plastic-granulator-auxiliary-machine-1.jpg 750w, https:\/\/recyclingequipinc.com\/wp-content\/uploads\/2022\/01\/plastic-granulator-auxiliary-machine-1-300x216.jpg 300w, https:\/\/recyclingequipinc.com\/wp-content\/uploads\/2022\/01\/plastic-granulator-auxiliary-machine-1-600x432.jpg 600w\" sizes=\"(max-width: 750px) 100vw, 750px\" \/><figcaption id=\"caption-attachment-5582\" class=\"wp-caption-text\">m\u00e1quina auxiliar granuladora de pl\u00e1stico<\/figcaption><\/figure> <h3>Proceso de trabajo del equipo de granulaci\u00f3n de pl\u00e1stico<\/h3> <p>Los materiales secos ingresan a la m\u00e1quina granuladora de pl\u00e1stico desde la entrada de alimentaci\u00f3n. El material se funde bajo el calentamiento del anillo calefactor. Y la temperatura del anillo calefactor alrededor del granulador de pl\u00e1stico puede alcanzar r\u00e1pidamente m\u00e1s de 110 \u2103, y luego el material se derretir\u00e1 bajo el calentamiento del anillo calefactor. Cabe mencionar que el punto de fusi\u00f3n de la mayor\u00eda de las pel\u00edculas pl\u00e1sticas es de 85 a 110 \u2103. Por lo tanto, no tiene que preocuparse por la fusi\u00f3n incompleta de los materiales. Luego, la pel\u00edcula pl\u00e1stica derretida sale por la salida del motor principal y luego ingresa al motor auxiliar. Bajo la extrusi\u00f3n de la m\u00e1quina auxiliar, se extruye del troquel del cabezal de la m\u00e1quina.<\/p> <figure id=\"attachment_5583\" aria-describedby=\"caption-attachment-5583\" style=\"width: 750px\" class=\"wp-caption aligncenter\"><img decoding=\"async\" class=\"wp-image-5583 size-full\" src=\"https:\/\/recyclingequipinc.com\/wp-content\/uploads\/2022\/01\/machine-structure-1.jpg\" alt=\"estructura de la m\u00e1quina\" width=\"750\" height=\"500\" srcset=\"https:\/\/recyclingequipinc.com\/wp-content\/uploads\/2022\/01\/machine-structure-1.jpg 750w, https:\/\/recyclingequipinc.com\/wp-content\/uploads\/2022\/01\/machine-structure-1-300x200.jpg 300w, https:\/\/recyclingequipinc.com\/wp-content\/uploads\/2022\/01\/machine-structure-1-600x400.jpg 600w\" sizes=\"(max-width: 750px) 100vw, 750px\" \/><figcaption id=\"caption-attachment-5583\" class=\"wp-caption-text\">estructura de la m\u00e1quina<\/figcaption><\/figure> <h2>Par\u00e1metro de la m\u00e1quina peletizadora<\/h2> <table> <tbody> <tr> <td width=\"142\">Modelo<\/td> <td width=\"142\">SL-125<\/td> <td width=\"142\">SL-150<\/td> <td width=\"142\">SL-180<\/td> <\/tr> <tr> <td width=\"142\">Di\u00e1metro del tornillo<\/td> <td width=\"142\">125mm<\/td> <td width=\"142\">150mm<\/td> <td width=\"142\">180mm<\/td> <\/tr> <tr> <td width=\"142\">Velocidad del eje principal<\/td> <td width=\"142\">50-70 minutos<\/td> <td width=\"142\">40-60 minutos<\/td> <td width=\"142\">40-50 minutos<\/td> <\/tr> <tr> <td width=\"142\">Motor principal<\/td> <td width=\"142\">22+1,5 kw<\/td> <td width=\"142\">30+1,5 kw<\/td> <td width=\"142\">45kw<\/td> <\/tr> <tr> <td width=\"142\">Capacidad<\/td> <td width=\"142\">3T\/d\u00eda<\/td> <td width=\"142\">5T\/d\u00eda<\/td> <td width=\"142\">7T\/d\u00eda<\/td> <\/tr> <\/tbody> <\/table> <p>Contamos con tres modelos diferentes de equipos de granulaci\u00f3n de pl\u00e1stico y la producci\u00f3n es de 3t\/d\u00eda, 5t\/d\u00eda y 7t\/d\u00eda respectivamente. Al mismo tiempo, cuanto mayor sea la producci\u00f3n, mayor ser\u00e1 el tama\u00f1o de la m\u00e1quina. Puede elegir m\u00e1quinas que satisfagan sus necesidades. Si tiene alguna pregunta, no dude en contactarnos.<\/p> <div class=\"ast-oembed-container\" style=\"height: 100%;\"><iframe title=\"Proceso completo de granulaci\u00f3n de pel\u00edculas pl\u00e1sticas | M\u00e1quina granuladora de pel\u00edcula pl\u00e1stica PP PE\" width=\"500\" height=\"281\" src=\"https:\/\/www.youtube.com\/embed\/iu7bfQ2tTD8?feature=oembed\" frameborder=\"0\" allow=\"accelerometer; autoplay; clipboard-write; encrypted-media; gyroscope; picture-in-picture; web-share\" referrerpolicy=\"strict-origin-when-cross-origin\" allowfullscreen><\/iframe><\/div> <h2>Ventajas de la m\u00e1quina granuladora de pel\u00edcula pl\u00e1stica<\/h2> <ul> <li>Nuestro equipo de reciclaje de pel\u00edculas pl\u00e1sticas de alto rendimiento puede ayudar a proporcionar una mejor productividad y una mayor eficiencia.<\/li> <li>Nuestras m\u00e1quinas est\u00e1n fabricadas con materiales duraderos.<\/li> <li>F\u00e1cil de instalar, operar y mantener.<\/li> <li>El alto grado de automatizaci\u00f3n.<\/li> <li>Bajo <a href=\"https:\/\/en.wikipedia.org\/wiki\/Power\" target=\"_blank\" rel=\"noopener\">fuerza<\/a> Consumo y nula contaminaci\u00f3n.<\/li> <li>Despu\u00e9s de ser procesados \u200b\u200ben part\u00edculas por la f\u00e1brica de pl\u00e1stico, los pl\u00e1sticos de desecho todav\u00eda tienen excelentes propiedades de material integral. Porque puede cumplir con los requisitos t\u00e9cnicos de soplado de pel\u00edculas, trefilado de alambre, trefilado de tuber\u00edas, moldeo por inyecci\u00f3n, perfil de extrusi\u00f3n, etc. Es el equipo ideal para el reciclaje de envoltorios de pl\u00e1stico.<\/li> <\/ul> <figure id=\"attachment_5584\" aria-describedby=\"caption-attachment-5584\" style=\"width: 750px\" class=\"wp-caption aligncenter\"><img loading=\"lazy\" decoding=\"async\" class=\"wp-image-5584 size-full\" src=\"https:\/\/recyclingequipinc.com\/wp-content\/uploads\/2022\/01\/plastic-recycling-equipment-1.jpg\" alt=\"equipos de reciclaje de plastico\" width=\"750\" height=\"540\" srcset=\"https:\/\/recyclingequipinc.com\/wp-content\/uploads\/2022\/01\/plastic-recycling-equipment-1.jpg 750w, https:\/\/recyclingequipinc.com\/wp-content\/uploads\/2022\/01\/plastic-recycling-equipment-1-300x216.jpg 300w, https:\/\/recyclingequipinc.com\/wp-content\/uploads\/2022\/01\/plastic-recycling-equipment-1-600x432.jpg 600w\" sizes=\"(max-width: 750px) 100vw, 750px\" \/><figcaption id=\"caption-attachment-5584\" class=\"wp-caption-text\">equipos de reciclaje de plastico<\/figcaption><\/figure> <h2>Aplicaci\u00f3n de esta m\u00e1quina de reciclaje de pl\u00e1stico<\/h2> <p class=\"translation-block\">Nuestra m\u00e1quina peletizadora de pel\u00edcula pl\u00e1stica se utiliza ampliamente en bolsas de la compra, pel\u00edculas de embalaje, bolsas de basura, bolsas tejidas, bolsas no tejidas, pel\u00edculas agr\u00edcolas, contenedores, bolsas de l\u00edquidos, etc. Por lo tanto, tambi\u00e9n se puede utilizar como m\u00e1quina de reciclaje de bolsas de pl\u00e1stico. Para ser honesto, la <a href=\"https:\/\/recyclingequipinc.com\/es\/producto\/plastic-granulator-machine\/\">m\u00e1quina granuladora de pl\u00e1stico<\/a> puede procesar muchas materias primas pl\u00e1sticas diferentes. Sin embargo, debido a los diferentes puntos de fusi\u00f3n y dureza de las materias primas, el efecto final ser\u00e1 diferente. Nuestra granuladora de pl\u00e1stico principalmente granula productos de pl\u00e1stico blando. Si su material pl\u00e1stico es blando, entonces nuestra m\u00e1quina es su equipo de reciclaje de pl\u00e1stico ideal. Si tiene alg\u00fan otro problema de reciclaje de pl\u00e1stico, p\u00f3ngase en contacto con nosotros y le responderemos a tiempo.<\/p>","protected":false},"excerpt":{"rendered":"<p>La m\u00e1quina granuladora de pel\u00edcula pl\u00e1stica es un equipo importante en la l\u00ednea de producci\u00f3n de reciclaje de pl\u00e1stico. Con la ayuda de la m\u00e1quina de reciclaje de pl\u00e1stico, puede manipular f\u00e1cilmente una variedad de productos pl\u00e1sticos, como bolsas de compras, pel\u00edculas para embalaje, bolsas de basura, bolsas tejidas, bolsas no tejidas, pel\u00edculas agr\u00edcolas, contenedores, bolsas para l\u00edquidos, etc.<\/p>","protected":false},"featured_media":5586,"template":"","meta":{"site-sidebar-layout":"default","site-content-layout":"default","ast-site-content-layout":"default","site-content-style":"default","site-sidebar-style":"default","ast-global-header-display":"","ast-banner-title-visibility":"","ast-main-header-display":"","ast-hfb-above-header-display":"","ast-hfb-below-header-display":"","ast-hfb-mobile-header-display":"","site-post-title":"","ast-breadcrumbs-content":"","ast-featured-img":"","footer-sml-layout":"","ast-disable-related-posts":"","theme-transparent-header-meta":"default","adv-header-id-meta":"","stick-header-meta":"default","header-above-stick-meta":"","header-main-stick-meta":"","header-below-stick-meta":"","astra-migrate-meta-layouts":"set","ast-page-background-enabled":"default","ast-page-background-meta":{"desktop":{"background-color":"","background-image":"","background-repeat":"repeat","background-position":"center center","background-size":"auto","background-attachment":"scroll","background-type":"","background-media":"","overlay-type":"","overlay-color":"","overlay-opacity":"","overlay-gradient":""},"tablet":{"background-color":"","background-image":"","background-repeat":"repeat","background-position":"center center","background-size":"auto","background-attachment":"scroll","background-type":"","background-media":"","overlay-type":"","overlay-color":"","overlay-opacity":"","overlay-gradient":""},"mobile":{"background-color":"","background-image":"","background-repeat":"repeat","background-position":"center center","background-size":"auto","background-attachment":"scroll","background-type":"","background-media":"","overlay-type":"","overlay-color":"","overlay-opacity":"","overlay-gradient":""}},"ast-content-background-meta":{"desktop":{"background-color":"var(--ast-global-color-5)","background-image":"","background-repeat":"repeat","background-position":"center center","background-size":"auto","background-attachment":"scroll","background-type":"","background-media":"","overlay-type":"","overlay-color":"","overlay-opacity":"","overlay-gradient":""},"tablet":{"background-color":"var(--ast-global-color-5)","background-image":"","background-repeat":"repeat","background-position":"center center","background-size":"auto","background-attachment":"scroll","background-type":"","background-media":"","overlay-type":"","overlay-color":"","overlay-opacity":"","overlay-gradient":""},"mobile":{"background-color":"var(--ast-global-color-5)","background-image":"","background-repeat":"repeat","background-position":"center center","background-size":"auto","background-attachment":"scroll","background-type":"","background-media":"","overlay-type":"","overlay-color":"","overlay-opacity":"","overlay-gradient":""}}},"product_brand":[],"product_cat":[36],"product_tag":[86],"class_list":{"0":"post-5569","1":"product","2":"type-product","3":"status-publish","4":"has-post-thumbnail","6":"product_cat-plastic-recycling-machine","7":"product_tag-granulator","8":"desktop-align-center","9":"tablet-align-center","10":"mobile-align-center","12":"first","13":"instock","14":"shipping-taxable","15":"product-type-simple"},"_links":{"self":[{"href":"https:\/\/recyclingequipinc.com\/es\/wp-json\/wp\/v2\/product\/5569","targetHints":{"allow":["GET"]}}],"collection":[{"href":"https:\/\/recyclingequipinc.com\/es\/wp-json\/wp\/v2\/product"}],"about":[{"href":"https:\/\/recyclingequipinc.com\/es\/wp-json\/wp\/v2\/types\/product"}],"version-history":[{"count":0,"href":"https:\/\/recyclingequipinc.com\/es\/wp-json\/wp\/v2\/product\/5569\/revisions"}],"wp:featuredmedia":[{"embeddable":true,"href":"https:\/\/recyclingequipinc.com\/es\/wp-json\/wp\/v2\/media\/5586"}],"wp:attachment":[{"href":"https:\/\/recyclingequipinc.com\/es\/wp-json\/wp\/v2\/media?parent=5569"}],"wp:term":[{"taxonomy":"product_brand","embeddable":true,"href":"https:\/\/recyclingequipinc.com\/es\/wp-json\/wp\/v2\/product_brand?post=5569"},{"taxonomy":"product_cat","embeddable":true,"href":"https:\/\/recyclingequipinc.com\/es\/wp-json\/wp\/v2\/product_cat?post=5569"},{"taxonomy":"product_tag","embeddable":true,"href":"https:\/\/recyclingequipinc.com\/es\/wp-json\/wp\/v2\/product_tag?post=5569"}],"curies":[{"name":"wp","href":"https:\/\/api.w.org\/{rel}","templated":true}]}}