{"id":5426,"date":"2021-12-18T10:35:37","date_gmt":"2021-12-18T10:35:37","guid":{"rendered":"https:\/\/recyclingequipinc.com\/?post_type=product&#038;p=5426"},"modified":"2025-03-11T13:47:05","modified_gmt":"2025-03-11T05:47:05","slug":"pet-plastic-bottle-crushing-machine","status":"publish","type":"product","link":"https:\/\/recyclingequipinc.com\/es\/product\/pet-plastic-bottle-crushing-machine\/","title":{"rendered":"Potente trituradora de PET para reciclaje de botellas"},"content":{"rendered":"<p class=\"translation-block\">El triturador de PET es uno de los equipos en la <a href=\"https:\/\/recyclingequipinc.com\/es\/producto\/plastic-film-recycling-machine\/\">l\u00ednea de reciclaje de botellas de pl\u00e1stico<\/a>. El principal prop\u00f3sito del triturador de botellas de PET es romper las botellas de PET completas en piezas. Es un equipo imprescindible para las plantas de reciclaje de pl\u00e1stico. El proceso operativo de la l\u00ednea de reciclaje de botellas de PET incluye des etiquetado, trituraci\u00f3n, lavado y deshidrataci\u00f3n. Adem\u00e1s, la m\u00e1quina trituradora de botellas de pl\u00e1stico shuliy tiene la caracter\u00edstica de ser altamente automatizada, segura, f\u00e1cil de operar y f\u00e1cil de mantener.<\/p> <div class=\"ast-oembed-container\" style=\"height: 100%;\"><iframe title=\"\u00a1C\u00f3mo una trituradora de botella de mascotas aumenta la eficiencia de reciclaje de pl\u00e1stico!\" width=\"500\" height=\"281\" src=\"https:\/\/www.youtube.com\/embed\/-DZniEtMiFI?feature=oembed\" frameborder=\"0\" allow=\"accelerometer; autoplay; clipboard-write; encrypted-media; gyroscope; picture-in-picture; web-share\" referrerpolicy=\"strict-origin-when-cross-origin\" allowfullscreen><\/iframe><\/div> <h2><strong>F<\/strong><strong>caracter\u00edsticas de <\/strong><strong>Trituradora de PET<\/strong><\/h2> <p>La trituradora de botellas de PET es una m\u00e1quina profesional que rompe en escamas toda la botella de pl\u00e1stico PET de desecho. Rompe materiales de gran volumen en peque\u00f1os fragmentos. Es conveniente para limpieza y secado en el proceso de reciclaje de PET. El uso de nuestra m\u00e1quina trituradora de botellas puede reducir el trabajo de trituraci\u00f3n de pl\u00e1stico manual tradicional y mejorar la eficiencia de trituraci\u00f3n. La trituradora de botellas PET tiene las siguientes caracter\u00edsticas:<\/p> <ol> <li>Entrada amplia y grande. Conveniente para la alimentaci\u00f3n y la alimentaci\u00f3n es r\u00e1pida, incluso para materiales a granel, sin necesidad de cortar en trozos peque\u00f1os.<\/li> <li>Las cuchillas trituradoras son de alta calidad con gran dureza y durabilidad.<\/li> <li>La capacidad de trituraci\u00f3n de la trituradora de botellas de PET puede alcanzar los 1000 kg por hora o m\u00e1s. Contamos con una variedad de m\u00e1quinas trituradoras de botellas de PET para peque\u00f1as, medianas y grandes empresas.<\/li> <li>La m\u00e1quina trituradora de botellas de PET es adecuada para diversos materiales pl\u00e1sticos, como cestas de pl\u00e1stico, barriles de aceite, barriles de detergente para ropa, etc.<\/li> <li>Utiliza un coj\u00edn de goma para reducir el sonido que produce la trituradora cuando est\u00e1 funcionando.<\/li> <\/ol> <div class=\"mceTemp\"><\/div> <figure id=\"attachment_5430\" aria-describedby=\"caption-attachment-5430\" style=\"width: 720px\" class=\"wp-caption aligncenter\"><img fetchpriority=\"high\" decoding=\"async\" class=\"size-full wp-image-5430\" src=\"https:\/\/recyclingequipinc.com\/wp-content\/uploads\/2021\/12\/plastic-bottle-crusher-machine.jpg\" alt=\"maquina trituradora de botellas de plastico\" width=\"720\" height=\"540\" srcset=\"https:\/\/recyclingequipinc.com\/wp-content\/uploads\/2021\/12\/plastic-bottle-crusher-machine.jpg 720w, https:\/\/recyclingequipinc.com\/wp-content\/uploads\/2021\/12\/plastic-bottle-crusher-machine-300x225.jpg 300w, https:\/\/recyclingequipinc.com\/wp-content\/uploads\/2021\/12\/plastic-bottle-crusher-machine-600x450.jpg 600w\" sizes=\"(max-width: 720px) 100vw, 720px\" \/><figcaption id=\"caption-attachment-5430\" class=\"wp-caption-text\">maquina trituradora de botellas de plastico<\/figcaption><\/figure> <h2>Par\u00e1metro de la trituradora de botellas de pl\u00e1stico<\/h2> <table> <tbody> <tr> <td>Modelo trituradora<\/td> <td>SL-60<\/td> <td>SL-80<\/td> <td>SL-100<\/td> <td>SL-120<\/td> <\/tr> <tr> <td>Salida (kg\/h)<\/td> <td>500<\/td> <td>1000<\/td> <td>1500<\/td> <td>3000<\/td> <\/tr> <tr> <td>Motor (kilovatios)<\/td> <td>22<\/td> <td>37<\/td> <td>75<\/td> <td>90<\/td> <\/tr> <tr> <td>Altura (m)<\/td> <td>1.8<\/td> <td>2.6<\/td> <td>2.6<\/td> <td>2.6<\/td> <\/tr> <tr> <td>Grosor del cuchillo (mm)<\/td> <td>30<\/td> <td>40<\/td> <td>40<\/td> <td>40<\/td> <\/tr> <tr> <td>Grosor de la placa (mm)<\/td> <td>16<\/td> <td>20<\/td> <td>30<\/td> <td>30<\/td> <\/tr> <\/tbody> <\/table> <h2><strong>Principio de funcionamiento de la trituradora de botellas de pl\u00e1stico<\/strong><\/h2> <p>Hay 6 cuchillas m\u00f3viles y 4 cuchillas fijas en la m\u00e1quina trituradora de botellas de PET. El motor de la trituradora de botellas de pl\u00e1stico impulsa las cuchillas m\u00f3viles para que se muevan a alta velocidad y, en el proceso de rotaci\u00f3n de alta velocidad de las cuchillas m\u00f3viles, forma el movimiento relativo entre las cuchillas m\u00f3viles y fijas. Por tanto, el hueco entre ellos hace que los grandes trozos de pl\u00e1stico se rompan. Los trozos de pl\u00e1stico triturados pasan por el filtro de malla y salen.<\/p> <figure id=\"attachment_5432\" aria-describedby=\"caption-attachment-5432\" style=\"width: 720px\" class=\"wp-caption aligncenter\"><img decoding=\"async\" class=\"wp-image-5432 size-full\" title=\"Escamas de pl\u00e1stico PET\" src=\"https:\/\/recyclingequipinc.com\/wp-content\/uploads\/2021\/12\/PET-plastic-flakes.jpg\" alt=\"Escamas de pl\u00e1stico PET\" width=\"720\" height=\"540\" srcset=\"https:\/\/recyclingequipinc.com\/wp-content\/uploads\/2021\/12\/PET-plastic-flakes.jpg 720w, https:\/\/recyclingequipinc.com\/wp-content\/uploads\/2021\/12\/PET-plastic-flakes-300x225.jpg 300w, https:\/\/recyclingequipinc.com\/wp-content\/uploads\/2021\/12\/PET-plastic-flakes-600x450.jpg 600w\" sizes=\"(max-width: 720px) 100vw, 720px\" \/><figcaption id=\"caption-attachment-5432\" class=\"wp-caption-text\">Escamas de pl\u00e1stico PET<\/figcaption><\/figure> <h2><strong>El plastico<\/strong><strong> Precio de la trituradora de PET<\/strong><\/h2> <p>Porque las especificaciones de la trituradora de botellas de pl\u00e1stico PET suministrada por nuestra empresa son diversas. Nuestras cuchillas est\u00e1n hechas de materiales de acero especiales, duraderos y afilados. El precio de una trituradora de botellas de pl\u00e1stico var\u00eda seg\u00fan los materiales, la capacidad, etc. de la m\u00e1quina. Necesitamos conocer su informaci\u00f3n espec\u00edfica, incluido el pa\u00eds, el equipo adquirido y la cantidad. El precio que podemos prometerle es muy competitivo. Puede obtener nuestra lista de precios m\u00e1s reciente contact\u00e1ndonos ahora.<\/p> <h2><strong>Importancia del reciclaje de botellas de pl\u00e1stico PET <\/strong><strong>M\u00e1quina<\/strong><\/h2> <p class=\"translation-block\">Debido a su ligereza, seguridad y fuerte plasticidad, <a href=\"https:\/\/en.wikipedia.org\/wiki\/Pet\" target=\"_blank\" rel=\"noopener\">los materiales PET<\/a> se utilizan a menudo como materiales de embalaje para alimentos y para productos farmac\u00e9uticos y cosm\u00e9ticos. Pero con el tiempo, encontramos que la conveniencia iba acompa\u00f1ada del manejo del embalaje de productos. Sin un manejo razonable de los crecientes residuos pl\u00e1sticos, esto causar\u00e1 m\u00e1s problemas ambientales. La invenci\u00f3n del triturador de PET resolvi\u00f3 ingeniosamente el problema de deshacerse de las botellas de pl\u00e1stico desechadas. Logra de manera efectiva el objetivo de alta tasa de conversi\u00f3n, bajo consumo de energ\u00eda y cero contaminaci\u00f3n.<\/p>","protected":false},"excerpt":{"rendered":"<p>La m\u00e1quina trituradora de botellas de PET es uno de los equipos de la l\u00ednea de reciclaje de botellas de PET. El objetivo principal de la trituradora de botellas de PET es romper en pedazos las botellas de PET completas. Es un equipo imprescindible para los clientes involucrados en la industria del reciclaje de botellas de pl\u00e1stico.<\/p>","protected":false},"featured_media":5614,"template":"","meta":{"site-sidebar-layout":"default","site-content-layout":"default","ast-site-content-layout":"default","site-content-style":"default","site-sidebar-style":"default","ast-global-header-display":"","ast-banner-title-visibility":"","ast-main-header-display":"","ast-hfb-above-header-display":"","ast-hfb-below-header-display":"","ast-hfb-mobile-header-display":"","site-post-title":"","ast-breadcrumbs-content":"","ast-featured-img":"","footer-sml-layout":"","ast-disable-related-posts":"","theme-transparent-header-meta":"default","adv-header-id-meta":"","stick-header-meta":"default","header-above-stick-meta":"","header-main-stick-meta":"","header-below-stick-meta":"","astra-migrate-meta-layouts":"set","ast-page-background-enabled":"default","ast-page-background-meta":{"desktop":{"background-color":"","background-image":"","background-repeat":"repeat","background-position":"center center","background-size":"auto","background-attachment":"scroll","background-type":"","background-media":"","overlay-type":"","overlay-color":"","overlay-opacity":"","overlay-gradient":""},"tablet":{"background-color":"","background-image":"","background-repeat":"repeat","background-position":"center center","background-size":"auto","background-attachment":"scroll","background-type":"","background-media":"","overlay-type":"","overlay-color":"","overlay-opacity":"","overlay-gradient":""},"mobile":{"background-color":"","background-image":"","background-repeat":"repeat","background-position":"center center","background-size":"auto","background-attachment":"scroll","background-type":"","background-media":"","overlay-type":"","overlay-color":"","overlay-opacity":"","overlay-gradient":""}},"ast-content-background-meta":{"desktop":{"background-color":"var(--ast-global-color-5)","background-image":"","background-repeat":"repeat","background-position":"center center","background-size":"auto","background-attachment":"scroll","background-type":"","background-media":"","overlay-type":"","overlay-color":"","overlay-opacity":"","overlay-gradient":""},"tablet":{"background-color":"var(--ast-global-color-5)","background-image":"","background-repeat":"repeat","background-position":"center center","background-size":"auto","background-attachment":"scroll","background-type":"","background-media":"","overlay-type":"","overlay-color":"","overlay-opacity":"","overlay-gradient":""},"mobile":{"background-color":"var(--ast-global-color-5)","background-image":"","background-repeat":"repeat","background-position":"center center","background-size":"auto","background-attachment":"scroll","background-type":"","background-media":"","overlay-type":"","overlay-color":"","overlay-opacity":"","overlay-gradient":""}}},"product_brand":[],"product_cat":[36],"product_tag":[87],"class_list":{"0":"post-5426","1":"product","2":"type-product","3":"status-publish","4":"has-post-thumbnail","6":"product_cat-plastic-recycling-machine","7":"product_tag-pet-crusher","8":"desktop-align-center","9":"tablet-align-center","10":"mobile-align-center","12":"first","13":"instock","14":"shipping-taxable","15":"product-type-simple"},"_links":{"self":[{"href":"https:\/\/recyclingequipinc.com\/es\/wp-json\/wp\/v2\/product\/5426","targetHints":{"allow":["GET"]}}],"collection":[{"href":"https:\/\/recyclingequipinc.com\/es\/wp-json\/wp\/v2\/product"}],"about":[{"href":"https:\/\/recyclingequipinc.com\/es\/wp-json\/wp\/v2\/types\/product"}],"version-history":[{"count":0,"href":"https:\/\/recyclingequipinc.com\/es\/wp-json\/wp\/v2\/product\/5426\/revisions"}],"wp:featuredmedia":[{"embeddable":true,"href":"https:\/\/recyclingequipinc.com\/es\/wp-json\/wp\/v2\/media\/5614"}],"wp:attachment":[{"href":"https:\/\/recyclingequipinc.com\/es\/wp-json\/wp\/v2\/media?parent=5426"}],"wp:term":[{"taxonomy":"product_brand","embeddable":true,"href":"https:\/\/recyclingequipinc.com\/es\/wp-json\/wp\/v2\/product_brand?post=5426"},{"taxonomy":"product_cat","embeddable":true,"href":"https:\/\/recyclingequipinc.com\/es\/wp-json\/wp\/v2\/product_cat?post=5426"},{"taxonomy":"product_tag","embeddable":true,"href":"https:\/\/recyclingequipinc.com\/es\/wp-json\/wp\/v2\/product_tag?post=5426"}],"curies":[{"name":"wp","href":"https:\/\/api.w.org\/{rel}","templated":true}]}}