{"id":5411,"date":"2021-12-13T09:57:29","date_gmt":"2021-12-13T09:57:29","guid":{"rendered":"https:\/\/recyclingequipinc.com\/?post_type=product&#038;p=5411"},"modified":"2025-01-20T10:16:53","modified_gmt":"2025-01-20T02:16:53","slug":"epe-foam-pelletizer-recycling-machine","status":"publish","type":"product","link":"https:\/\/recyclingequipinc.com\/es\/product\/epe-foam-pelletizer-recycling-machine\/","title":{"rendered":"Peletizador de espuma EPE | M\u00e1quina de reciclaje de espuma de algod\u00f3n perlado EPE"},"content":{"rendered":"<p>El peletizador de espuma EPE se utiliza principalmente para peletizar desechos de algod\u00f3n perlado, paquetes de espuma de polietileno expandible, materiales aislantes, partes exteriores de electrodom\u00e9sticos y otros desechos de espuma EPE. La m\u00e1quina de reciclaje de espuma EPE est\u00e1 dise\u00f1ada para procesar materiales de desecho de algod\u00f3n perlado EPE en part\u00edculas, que pueden usarse para reprocesamiento y utilizaci\u00f3n. Todo el conjunto de peletizaci\u00f3n incluye principalmente trituraci\u00f3n de residuos de espuma, plastificaci\u00f3n, enfriamiento y corte de granos. La m\u00e1quina recicladora de espuma EPE\/PE tiene las caracter\u00edsticas de un dise\u00f1o razonable, alto grado de automatizaci\u00f3n, operaci\u00f3n estable y amplia aplicaci\u00f3n.<\/p> <h2>Introducci\u00f3n a la espuma EPE<\/h2> <p><img fetchpriority=\"high\" decoding=\"async\" class=\"size-full wp-image-5414\" src=\"https:\/\/recyclingequipinc.com\/wp-content\/uploads\/2021\/12\/epe-foam-pelletizing-machine.jpg\" alt=\"m\u00e1quina de granulaci\u00f3n de espuma epe\" width=\"720\" height=\"540\" srcset=\"https:\/\/recyclingequipinc.com\/wp-content\/uploads\/2021\/12\/epe-foam-pelletizing-machine.jpg 720w, https:\/\/recyclingequipinc.com\/wp-content\/uploads\/2021\/12\/epe-foam-pelletizing-machine-300x225.jpg 300w, https:\/\/recyclingequipinc.com\/wp-content\/uploads\/2021\/12\/epe-foam-pelletizing-machine-600x450.jpg 600w\" sizes=\"(max-width: 720px) 100vw, 720px\" \/><\/p> <p>El EPE (polietileno expandible) tambi\u00e9n se conoce como algod\u00f3n perlado. La espuma EPE es un nuevo material de embalaje respetuoso con el medio ambiente. Est\u00e1 compuesto por muchas burbujas independientes generadas por la formaci\u00f3n de espuma f\u00edsica de la grasa de polietileno de baja densidad. Supera las deficiencias de la espuma EPS ordinaria, como la friabilidad, la deformaci\u00f3n y la mala recuperaci\u00f3n. Tiene las ventajas de ser impermeable y a prueba de humedad, a prueba de golpes, aislamiento ac\u00fastico, aislamiento t\u00e9rmico, buena plasticidad, gran tenacidad, reciclaje, fuerte anticolisi\u00f3n y tambi\u00e9n tiene buena resistencia qu\u00edmica.<\/p> <p>Como sustituto ideal de los materiales de embalaje tradicionales, la espuma EPE o el algod\u00f3n perlado se utilizan ampliamente en el embalaje de una amplia gama de materiales, como productos electr\u00f3nicos, equipos industriales, artesan\u00edas, vidrio, cer\u00e1mica, electrodom\u00e9sticos, muebles, vino y regalos. embalajes, juguetes, frutas, art\u00edculos de primera necesidad y otros productos.<\/p> <h2>Estructura del peletizador de espuma EPE<\/h2> <p>La m\u00e1quina granuladora de espuma EPE contiene principalmente la entrada, el reductor de engranajes, la ventilaci\u00f3n, la parte calefactora, el cabezal de troquel, el gabinete de distribuci\u00f3n de energ\u00eda, etc.<\/p> <figure id=\"attachment_5420\" aria-describedby=\"caption-attachment-5420\" style=\"width: 720px\" class=\"wp-caption alignnone\"><img decoding=\"async\" class=\"size-full wp-image-5420\" src=\"https:\/\/recyclingequipinc.com\/wp-content\/uploads\/2021\/12\/epe-foam-recycling-machine-structure-1.jpg\" alt=\"Estructura 1 de la m\u00e1quina de reciclaje de espuma epe.\" width=\"720\" height=\"540\" srcset=\"https:\/\/recyclingequipinc.com\/wp-content\/uploads\/2021\/12\/epe-foam-recycling-machine-structure-1.jpg 720w, https:\/\/recyclingequipinc.com\/wp-content\/uploads\/2021\/12\/epe-foam-recycling-machine-structure-1-300x225.jpg 300w, https:\/\/recyclingequipinc.com\/wp-content\/uploads\/2021\/12\/epe-foam-recycling-machine-structure-1-600x450.jpg 600w\" sizes=\"(max-width: 720px) 100vw, 720px\" \/><figcaption id=\"caption-attachment-5420\" class=\"wp-caption-text\">Estructura 1 de la m\u00e1quina de reciclaje de espuma epe.<\/figcaption><\/figure> <h2>Aspectos destacados del peletizador de espuma de algod\u00f3n perlado<\/h2> <p>La m\u00e1quina granuladora de espuma de algod\u00f3n perlado tiene muchas ventajas y se utiliza a menudo en l\u00edneas de reciclaje.<\/p> <ol> <li>El peletizador de espuma EPE adopta un cilindro de tornillo c\u00f3nico con una velocidad de alimentaci\u00f3n r\u00e1pida.<\/li> <li>Control autom\u00e1tico de temperatura, temperatura de calentamiento estable. La temperatura alcanza unos 200 grados cent\u00edgrados.<\/li> <li>Reductor de superficie de engranaje duro que garantiza un funcionamiento estable con poco ruido y una larga vida \u00fatil.<\/li> <li>Las part\u00edculas regeneradas pueden mejorar eficazmente la estructura molecular del material y el pl\u00e1stico procesado tiene un buen acabado, una superficie lisa y sin poros.<\/li> <li>Los anillos calefactores electromagn\u00e9ticos y el\u00e9ctricos se calientan r\u00e1pidamente y tienen un buen efecto de aislamiento t\u00e9rmico.<\/li> <li>El troquel el\u00e9ctrico de cambio de molde puede cambiar autom\u00e1ticamente el molde sin detener la m\u00e1quina, logrando una alta eficiencia de producci\u00f3n.<\/li> <li>Las tiras extra\u00eddas son uniformes y se pueden combinar con la m\u00e1quina cortadora de granos integrada para completar la peletizaci\u00f3n.<\/li> <li>Hay varios modelos disponibles. Especificaciones comunes: SL-160 y SL-180.<\/li> <\/ol> <p><img decoding=\"async\" class=\"size-full wp-image-5418\" src=\"https:\/\/recyclingequipinc.com\/wp-content\/uploads\/2021\/12\/epe-foam-pelletizer-machine.jpg\" alt=\"m\u00e1quina peletizadora de espuma epe\" width=\"720\" height=\"540\" srcset=\"https:\/\/recyclingequipinc.com\/wp-content\/uploads\/2021\/12\/epe-foam-pelletizer-machine.jpg 720w, https:\/\/recyclingequipinc.com\/wp-content\/uploads\/2021\/12\/epe-foam-pelletizer-machine-300x225.jpg 300w, https:\/\/recyclingequipinc.com\/wp-content\/uploads\/2021\/12\/epe-foam-pelletizer-machine-600x450.jpg 600w\" sizes=\"(max-width: 720px) 100vw, 720px\" \/><\/p> <h2>La principal diferencia entre la peletizadora EPE y la peletizadora EPS<\/h2> <p class=\"translation-block\">La peletizadora de espuma EPE adopta un dise\u00f1o de estructura integrada, combinando el equipo de peletizaci\u00f3n principal y auxiliar, mientras que la<a href=\"https:\/\/recyclingequipinc.com\/es\/producto\/eps-foam-pelletizing-machine\/\"> m\u00e1quina peletizadora EPS<\/a> implica ambas partes.<\/p> <figure id=\"attachment_5385\" aria-describedby=\"caption-attachment-5385\" style=\"width: 750px\" class=\"wp-caption alignnone\"><img loading=\"lazy\" decoding=\"async\" class=\"size-full wp-image-5385\" src=\"https:\/\/recyclingequipinc.com\/wp-content\/uploads\/2021\/12\/foam-recycling-line.jpg\" alt=\"l\u00ednea de reciclaje de espuma\" width=\"750\" height=\"866\" srcset=\"https:\/\/recyclingequipinc.com\/wp-content\/uploads\/2021\/12\/foam-recycling-line.jpg 750w, https:\/\/recyclingequipinc.com\/wp-content\/uploads\/2021\/12\/foam-recycling-line-260x300.jpg 260w, https:\/\/recyclingequipinc.com\/wp-content\/uploads\/2021\/12\/foam-recycling-line-600x693.jpg 600w\" sizes=\"(max-width: 750px) 100vw, 750px\" \/><figcaption id=\"caption-attachment-5385\" class=\"wp-caption-text\">l\u00ednea de reciclaje de espuma<\/figcaption><\/figure> <h2>Par\u00e1metro (SL-160)<\/h2> <table> <tbody> <tr> <td width=\"284\">Modelo<\/td> <td width=\"284\">SL-160<\/td> <\/tr> <tr> <td width=\"284\">Tama\u00f1o de la m\u00e1quina<\/td> <td width=\"284\">3400*2100*1600mm<\/td> <\/tr> <tr> <td width=\"284\">Tama\u00f1o de entrada<\/td> <td width=\"284\">780*780mm<\/td> <\/tr> <tr> <td width=\"284\">Fuerza<\/td> <td width=\"284\">30kw<\/td> <\/tr> <tr> <td width=\"284\">Capacidad<\/td> <td width=\"284\">150-200kg\/hora<\/td> <\/tr> <tr> <td width=\"284\">M\u00e9todo de calentamiento<\/td> <td width=\"284\">Anillo calefactor<\/td> <\/tr> <\/tbody> <\/table>","protected":false},"excerpt":{"rendered":"<p>El peletizador de espuma EPE se utiliza principalmente para peletizar desechos de algod\u00f3n perlado, paquetes de espuma de polietileno expandible, materiales aislantes, partes exteriores de electrodom\u00e9sticos y otros desechos de espuma EPE. La m\u00e1quina de reciclaje de espuma EPE est\u00e1 dise\u00f1ada para procesar materiales de desecho de algod\u00f3n perlado EPE en part\u00edculas, que pueden usarse para reprocesamiento y utilizaci\u00f3n.<\/p>","protected":false},"featured_media":5422,"template":"","meta":{"site-sidebar-layout":"default","site-content-layout":"default","ast-site-content-layout":"default","site-content-style":"default","site-sidebar-style":"default","ast-global-header-display":"","ast-banner-title-visibility":"","ast-main-header-display":"","ast-hfb-above-header-display":"","ast-hfb-below-header-display":"","ast-hfb-mobile-header-display":"","site-post-title":"","ast-breadcrumbs-content":"","ast-featured-img":"","footer-sml-layout":"","ast-disable-related-posts":"","theme-transparent-header-meta":"default","adv-header-id-meta":"","stick-header-meta":"default","header-above-stick-meta":"","header-main-stick-meta":"","header-below-stick-meta":"","astra-migrate-meta-layouts":"set","ast-page-background-enabled":"default","ast-page-background-meta":{"desktop":{"background-color":"","background-image":"","background-repeat":"repeat","background-position":"center center","background-size":"auto","background-attachment":"scroll","background-type":"","background-media":"","overlay-type":"","overlay-color":"","overlay-opacity":"","overlay-gradient":""},"tablet":{"background-color":"","background-image":"","background-repeat":"repeat","background-position":"center center","background-size":"auto","background-attachment":"scroll","background-type":"","background-media":"","overlay-type":"","overlay-color":"","overlay-opacity":"","overlay-gradient":""},"mobile":{"background-color":"","background-image":"","background-repeat":"repeat","background-position":"center center","background-size":"auto","background-attachment":"scroll","background-type":"","background-media":"","overlay-type":"","overlay-color":"","overlay-opacity":"","overlay-gradient":""}},"ast-content-background-meta":{"desktop":{"background-color":"var(--ast-global-color-5)","background-image":"","background-repeat":"repeat","background-position":"center center","background-size":"auto","background-attachment":"scroll","background-type":"","background-media":"","overlay-type":"","overlay-color":"","overlay-opacity":"","overlay-gradient":""},"tablet":{"background-color":"var(--ast-global-color-5)","background-image":"","background-repeat":"repeat","background-position":"center center","background-size":"auto","background-attachment":"scroll","background-type":"","background-media":"","overlay-type":"","overlay-color":"","overlay-opacity":"","overlay-gradient":""},"mobile":{"background-color":"var(--ast-global-color-5)","background-image":"","background-repeat":"repeat","background-position":"center center","background-size":"auto","background-attachment":"scroll","background-type":"","background-media":"","overlay-type":"","overlay-color":"","overlay-opacity":"","overlay-gradient":""}}},"product_brand":[],"product_cat":[36],"product_tag":[66],"class_list":{"0":"post-5411","1":"product","2":"type-product","3":"status-publish","4":"has-post-thumbnail","6":"product_cat-plastic-recycling-machine","7":"product_tag-foam-pelletizer","8":"desktop-align-center","9":"tablet-align-center","10":"mobile-align-center","12":"first","13":"instock","14":"shipping-taxable","15":"product-type-simple"},"_links":{"self":[{"href":"https:\/\/recyclingequipinc.com\/es\/wp-json\/wp\/v2\/product\/5411","targetHints":{"allow":["GET"]}}],"collection":[{"href":"https:\/\/recyclingequipinc.com\/es\/wp-json\/wp\/v2\/product"}],"about":[{"href":"https:\/\/recyclingequipinc.com\/es\/wp-json\/wp\/v2\/types\/product"}],"version-history":[{"count":0,"href":"https:\/\/recyclingequipinc.com\/es\/wp-json\/wp\/v2\/product\/5411\/revisions"}],"wp:featuredmedia":[{"embeddable":true,"href":"https:\/\/recyclingequipinc.com\/es\/wp-json\/wp\/v2\/media\/5422"}],"wp:attachment":[{"href":"https:\/\/recyclingequipinc.com\/es\/wp-json\/wp\/v2\/media?parent=5411"}],"wp:term":[{"taxonomy":"product_brand","embeddable":true,"href":"https:\/\/recyclingequipinc.com\/es\/wp-json\/wp\/v2\/product_brand?post=5411"},{"taxonomy":"product_cat","embeddable":true,"href":"https:\/\/recyclingequipinc.com\/es\/wp-json\/wp\/v2\/product_cat?post=5411"},{"taxonomy":"product_tag","embeddable":true,"href":"https:\/\/recyclingequipinc.com\/es\/wp-json\/wp\/v2\/product_tag?post=5411"}],"curies":[{"name":"wp","href":"https:\/\/api.w.org\/{rel}","templated":true}]}}