{"id":5377,"date":"2021-12-08T07:06:59","date_gmt":"2021-12-08T07:06:59","guid":{"rendered":"https:\/\/recyclingequipinc.com\/?post_type=product&#038;p=5377"},"modified":"2025-01-20T10:17:19","modified_gmt":"2025-01-20T02:17:19","slug":"eps-foam-pelletizing-machine","status":"publish","type":"product","link":"https:\/\/recyclingequipinc.com\/es\/product\/eps-foam-pelletizing-machine\/","title":{"rendered":"M\u00e1quina granuladora de EPS | M\u00e1quina de reciclaje de espuma de poliestireno"},"content":{"rendered":"<p>Una m\u00e1quina granuladora de EPS es una m\u00e1quina de reciclaje especial para triturar y granular los residuos de espuma de poliestireno o poliestireno expandible (EPS). La peletizadora de EPS tiene un dise\u00f1o razonable, un alto grado de automatizaci\u00f3n y tecnolog\u00eda avanzada sin contaminaci\u00f3n. Las part\u00edculas de pl\u00e1stico producidas son uniformes en tama\u00f1o y brillo. Los gr\u00e1nulos producidos se utilizan ampliamente, como materiales aislantes de paredes, materiales de embalaje de productos y materiales auxiliares para algunos productos.<\/p> <p>Hoy en d\u00eda, la cantidad de poliestireno expandible (EPS) est\u00e1 aumentando r\u00e1pidamente. Estos pl\u00e1sticos de espuma de poliestireno de desecho son livianos, voluminosos, resistentes al envejecimiento y dif\u00edciles de corroer, por lo que se han convertido en un problema importante en la eliminaci\u00f3n de basura. En los \u00faltimos a\u00f1os, el reciclaje de espuma de EPS ha atra\u00eddo cada vez m\u00e1s atenci\u00f3n y la recuperaci\u00f3n de poliestireno espumado tiene amplias perspectivas. Las m\u00e1quinas peletizadoras de EPS se utilizan a menudo en l\u00edneas de reciclaje de pl\u00e1sticos y se vuelven cada vez m\u00e1s populares en la industria del reciclaje. Adem\u00e1s de la m\u00e1quina granuladora de espuma EPS, tambi\u00e9n ofrecemos granuladores de algod\u00f3n EPE\/perla.<\/p> <div class=\"ast-oembed-container\" style=\"height: 100%;\"><iframe title=\"\u00bfEs la espuma de poliestireno reciclable? EPE EPS\/m\u00e1quina de reciclaje de espuma de poliestireno granuladora peletizadora para usted\" width=\"500\" height=\"281\" src=\"https:\/\/www.youtube.com\/embed\/Yef7vuJI6-Q?list=PLmQgsSbeu0tXsNBww95upbWcnO_cYfyh4\" frameborder=\"0\" allow=\"accelerometer; autoplay; clipboard-write; encrypted-media; gyroscope; picture-in-picture; web-share\" referrerpolicy=\"strict-origin-when-cross-origin\" allowfullscreen><\/iframe><\/div> <p><img fetchpriority=\"high\" decoding=\"async\" class=\"size-full wp-image-5385\" src=\"https:\/\/recyclingequipinc.com\/wp-content\/uploads\/2021\/12\/foam-recycling-line.jpg\" alt=\"l\u00ednea de reciclaje de espuma\" width=\"750\" height=\"866\" srcset=\"https:\/\/recyclingequipinc.com\/wp-content\/uploads\/2021\/12\/foam-recycling-line.jpg 750w, https:\/\/recyclingequipinc.com\/wp-content\/uploads\/2021\/12\/foam-recycling-line-260x300.jpg 260w, https:\/\/recyclingequipinc.com\/wp-content\/uploads\/2021\/12\/foam-recycling-line-600x693.jpg 600w\" sizes=\"(max-width: 750px) 100vw, 750px\" \/><\/p> <h2>Aplicaci\u00f3n de la m\u00e1quina peletizadora de EPS<\/h2> <p class=\"translation-block\">La m\u00e1quina de granulaci\u00f3n de espuma de EPS se utiliza para procesar poliestireno de cajas de comida r\u00e1pida desechadas, electrodom\u00e9sticos, materiales de embalaje de poliestireno para protecci\u00f3n durante el env\u00edo, etc., para que pueda transformarse en pellets de EPS reciclados. La espuma pl\u00e1stica procesada por <a href=\"https:\/\/recyclingequipinc.com\/es\/producto\/eps-epe-foam-hot-melting-machine\/\"> densificador de fusi\u00f3n de EPS<\/a> tambi\u00e9n es aplicable. Este pl\u00e1stico reciclado se puede utilizar para producir diversos materiales de aislamiento, materiales de embalaje, juguetes y electrodom\u00e9sticos, etc.<\/p> <div id='gallery-1' class='gallery galleryid-5377 gallery-columns-2 gallery-size-full'><figure class='gallery-item'> \t\t\t<div class='gallery-icon landscape'> \t\t\t\t<img decoding=\"async\" width=\"720\" height=\"540\" src=\"https:\/\/recyclingequipinc.com\/wp-content\/uploads\/2021\/12\/box-inserts-and-packing-peanut.webp\" class=\"attachment-full size-full\" alt=\"insertos de caja y man\u00ed de embalaje\" aria-describedby=\"gallery-1-16875\" srcset=\"https:\/\/recyclingequipinc.com\/wp-content\/uploads\/2021\/12\/box-inserts-and-packing-peanut.webp 720w, https:\/\/recyclingequipinc.com\/wp-content\/uploads\/2021\/12\/box-inserts-and-packing-peanut-300x225.webp 300w, https:\/\/recyclingequipinc.com\/wp-content\/uploads\/2021\/12\/box-inserts-and-packing-peanut-16x12.webp 16w\" sizes=\"(max-width: 720px) 100vw, 720px\" \/> \t\t\t<\/div> \t\t\t\t<figcaption class='wp-caption-text gallery-caption' id='gallery-1-16875'> \t\t\t\tinsertos de caja y man\u00ed de embalaje \t\t\t\t<\/figcaption><\/figure><figure class='gallery-item'> \t\t\t<div class='gallery-icon landscape'> \t\t\t\t<img decoding=\"async\" width=\"720\" height=\"540\" src=\"https:\/\/recyclingequipinc.com\/wp-content\/uploads\/2021\/12\/EPS-pellets.webp\" class=\"attachment-full size-full\" alt=\"\" aria-describedby=\"gallery-1-16876\" srcset=\"https:\/\/recyclingequipinc.com\/wp-content\/uploads\/2021\/12\/EPS-pellets.webp 720w, https:\/\/recyclingequipinc.com\/wp-content\/uploads\/2021\/12\/EPS-pellets-300x225.webp 300w, https:\/\/recyclingequipinc.com\/wp-content\/uploads\/2021\/12\/EPS-pellets-16x12.webp 16w\" sizes=\"(max-width: 720px) 100vw, 720px\" \/> \t\t\t<\/div> \t\t\t\t<figcaption class='wp-caption-text gallery-caption' id='gallery-1-16876'> \t\t\t\tpellets de EPS reciclados \t\t\t\t<\/figcaption><\/figure> \t\t<\/div>  <h2>Ventajas excepcionales de la m\u00e1quina peletizadora de EPS<\/h2> <p>1. Los tornillos para metales principales y auxiliares est\u00e1n hechos de acero 45# tratado t\u00e9rmicamente. Tiene buenas propiedades mec\u00e1nicas integrales.<br \/> 2. El motor est\u00e1 equipado con dos reductores de engranajes, que logran un funcionamiento estable y mantienen una larga vida \u00fatil.<br \/> 3. El granulador de espuma EPS adopta un cilindro de tornillo c\u00f3nico, que tiene una alta velocidad de alimentaci\u00f3n y un alto rendimiento.<br \/> 4. Las m\u00e1quinas principales y auxiliares se utilizan juntas para respaldar la producci\u00f3n. La temperatura de calentamiento es estable, la estructura molecular del material mejora efectivamente, la permeabilidad al aire aumenta y la calidad de las part\u00edculas mejora significativamente. La temperatura del motor principal es de 200 grados Celsius y la temperatura del motor auxiliar es de 180 grados Celsius.<br \/> 5. Hay dos m\u00e9todos de calentamiento opcionales. Electromagn\u00e9tico (tiempo de calentamiento 10-15 minutos), tubo calefactor el\u00e9ctrico\/anillo calefactor el\u00e9ctrico (30-40 minutos)<br \/> 6. La m\u00e1quina para fabricar gr\u00e1nulos de espuma EPS comprende principalmente la parte trituradora, los motores principal y auxiliar y el molde el\u00e9ctrico.<br \/> 7. Adopte el cambio de molde de pantalla el\u00e9ctrica sin interrupci\u00f3n para alcanzar una alta eficiencia de producci\u00f3n.<br \/> 8. La m\u00e1quina peletizadora de EPS a menudo se ubica junto con una trituradora de espuma, un tanque de enfriamiento de agua y una m\u00e1quina cortadora de granos de pl\u00e1stico, los cuales se usan a menudo en l\u00edneas de reciclaje de espuma.<\/p> <figure id=\"attachment_5380\" aria-describedby=\"caption-attachment-5380\" style=\"width: 720px\" class=\"wp-caption alignnone\"><img loading=\"lazy\" decoding=\"async\" class=\"size-full wp-image-5380\" src=\"https:\/\/recyclingequipinc.com\/wp-content\/uploads\/2021\/12\/EPS-pelletizer-machine-structure-details.jpg\" alt=\"Detalles de la estructura de la m\u00e1quina peletizadora de EPS\" width=\"720\" height=\"540\" srcset=\"https:\/\/recyclingequipinc.com\/wp-content\/uploads\/2021\/12\/EPS-pelletizer-machine-structure-details.jpg 720w, https:\/\/recyclingequipinc.com\/wp-content\/uploads\/2021\/12\/EPS-pelletizer-machine-structure-details-300x225.jpg 300w, https:\/\/recyclingequipinc.com\/wp-content\/uploads\/2021\/12\/EPS-pelletizer-machine-structure-details-600x450.jpg 600w\" sizes=\"(max-width: 720px) 100vw, 720px\" \/><figcaption id=\"caption-attachment-5380\" class=\"wp-caption-text\">Detalles de la estructura de la m\u00e1quina peletizadora de EPS<\/figcaption><\/figure> <figure id=\"attachment_5386\" aria-describedby=\"caption-attachment-5386\" style=\"width: 750px\" class=\"wp-caption alignnone\"><img loading=\"lazy\" decoding=\"async\" class=\"size-full wp-image-5386\" src=\"https:\/\/recyclingequipinc.com\/wp-content\/uploads\/2021\/12\/EPS-pelletizer-machine-details.jpg\" alt=\"Detalles de la m\u00e1quina peletizadora de EPS\" width=\"750\" height=\"1163\" srcset=\"https:\/\/recyclingequipinc.com\/wp-content\/uploads\/2021\/12\/EPS-pelletizer-machine-details.jpg 750w, https:\/\/recyclingequipinc.com\/wp-content\/uploads\/2021\/12\/EPS-pelletizer-machine-details-193x300.jpg 193w, https:\/\/recyclingequipinc.com\/wp-content\/uploads\/2021\/12\/EPS-pelletizer-machine-details-660x1024.jpg 660w, https:\/\/recyclingequipinc.com\/wp-content\/uploads\/2021\/12\/EPS-pelletizer-machine-details-600x930.jpg 600w\" sizes=\"(max-width: 750px) 100vw, 750px\" \/><figcaption id=\"caption-attachment-5386\" class=\"wp-caption-text\">Detalles de la m\u00e1quina peletizadora de EPS<\/figcaption><\/figure> <h2>Principio de funcionamiento del peletizador EPS<\/h2> <p>La m\u00e1quina peletizadora de EPS se completa con el proceso de trituraci\u00f3n, plastificaci\u00f3n, decapado y granulaci\u00f3n de la espuma. La funci\u00f3n principal de esta m\u00e1quina es disolver la espuma vieja despu\u00e9s de ser triturada por la trituradora de espuma, para formar peque\u00f1os gr\u00e1nulos mediante el proceso de plastificaci\u00f3n, corte de tiras y corte de granos. para facilitar la regeneraci\u00f3n y reutilizaci\u00f3n.<\/p> <div id='gallery-2' class='gallery galleryid-5377 gallery-columns-2 gallery-size-full'><figure class='gallery-item'> \t\t\t<div class='gallery-icon landscape'> \t\t\t\t<img loading=\"lazy\" decoding=\"async\" width=\"720\" height=\"540\" src=\"https:\/\/recyclingequipinc.com\/wp-content\/uploads\/2021\/12\/eps-recycling-machine.webp\" class=\"attachment-full size-full\" alt=\"m\u00e1quina de reciclaje de eps\" aria-describedby=\"gallery-2-16856\" srcset=\"https:\/\/recyclingequipinc.com\/wp-content\/uploads\/2021\/12\/eps-recycling-machine.webp 720w, https:\/\/recyclingequipinc.com\/wp-content\/uploads\/2021\/12\/eps-recycling-machine-300x225.webp 300w, https:\/\/recyclingequipinc.com\/wp-content\/uploads\/2021\/12\/eps-recycling-machine-16x12.webp 16w\" sizes=\"(max-width: 720px) 100vw, 720px\" \/> \t\t\t<\/div> \t\t\t\t<figcaption class='wp-caption-text gallery-caption' id='gallery-2-16856'> \t\t\t\tm\u00e1quina de reciclaje de eps \t\t\t\t<\/figcaption><\/figure><figure class='gallery-item'> \t\t\t<div class='gallery-icon landscape'> \t\t\t\t<img loading=\"lazy\" decoding=\"async\" width=\"720\" height=\"540\" src=\"https:\/\/recyclingequipinc.com\/wp-content\/uploads\/2021\/12\/eps-polystyrene-recycling-machine.webp\" class=\"attachment-full size-full\" alt=\"m\u00e1quina de reciclaje de poliestireno eps\" aria-describedby=\"gallery-2-16854\" srcset=\"https:\/\/recyclingequipinc.com\/wp-content\/uploads\/2021\/12\/eps-polystyrene-recycling-machine.webp 720w, https:\/\/recyclingequipinc.com\/wp-content\/uploads\/2021\/12\/eps-polystyrene-recycling-machine-300x225.webp 300w, https:\/\/recyclingequipinc.com\/wp-content\/uploads\/2021\/12\/eps-polystyrene-recycling-machine-16x12.webp 16w\" sizes=\"(max-width: 720px) 100vw, 720px\" \/> \t\t\t<\/div> \t\t\t\t<figcaption class='wp-caption-text gallery-caption' id='gallery-2-16854'> \t\t\t\tm\u00e1quina de reciclaje de poliestireno eps \t\t\t\t<\/figcaption><\/figure> \t\t<\/div>  <h2>V\u00eddeo de la m\u00e1quina granuladora de EPS.<\/h2> <div class=\"ast-oembed-container\" style=\"height: 100%;\"><iframe title=\"Aproveche la m\u00e1quina peletizadora de EPS para iniciar un prometedor negocio de reciclaje de residuos de espuma de poliestireno\" width=\"500\" height=\"281\" src=\"https:\/\/www.youtube.com\/embed\/O7APvAkmS0M?feature=oembed\" frameborder=\"0\" allow=\"accelerometer; autoplay; clipboard-write; encrypted-media; gyroscope; picture-in-picture; web-share\" referrerpolicy=\"strict-origin-when-cross-origin\" allowfullscreen><\/iframe><\/div> <h2>Par\u00e1metro de la m\u00e1quina peletizadora de EPS<\/h2> <p>El modelo de m\u00e1quina granuladora de EPS se basa en diferentes di\u00e1metros del eje del tornillo. Para necesidades espec\u00edficas, tambi\u00e9n brindamos servicios personalizados.<\/p> <table> <tbody> <tr> <td width=\"67\">Modelo<\/td> <td width=\"328\">Especificaci\u00f3n<\/td> <\/tr> <tr> <td width=\"67\">Modelo: 220+150<\/p> <p>&nbsp;<\/p> <p>&nbsp;<\/td> <td width=\"328\">M\u00e1quina para fabricar pellets con trituradora<\/p> <p>Potencia: 15kw+5.5kw<\/p> <p>Capacidad: 150-200 kg\/h<\/p> <p>Reductor de doble engranaje<\/td> <\/tr> <tr> <td width=\"67\">Modelo: 270+150<\/p> <p>&nbsp;<\/td> <td width=\"328\">M\u00e1quina para fabricar pellets con trituradora<\/p> <p>Potencia: 18,5 kw+5,5 kw<\/p> <p>Capacidad: 200-250 kg\/h<\/p> <p>Reductor de doble engranaje<\/p> <p>&nbsp;<\/td> <\/tr> <tr> <td width=\"67\">Modelo: 320+180<\/p> <p>&nbsp;<\/td> <td width=\"328\">M\u00e1quina para fabricar pellets con trituradora<\/p> <p>Potencia: 18,5 kw+11 kw<\/p> <p>Capacidad: 250-300 kg\/h<\/p> <p>Reductor de doble engranaje<\/td> <\/tr> <tr> <td width=\"67\">Modelo: 350+180<\/p> <p>&nbsp;<\/td> <td width=\"328\">M\u00e1quina para fabricar pellets con trituradora<\/p> <p>Capacidad: 250-300 kg\/h<\/p> <p>Reductor de doble engranaje<\/td> <\/tr> <\/tbody> <\/table> <h2>M\u00e1quinas relacionadas<\/h2> <ol> <li>maquina trituradora de espuma<img loading=\"lazy\" decoding=\"async\" class=\"size-full wp-image-5384\" src=\"https:\/\/recyclingequipinc.com\/wp-content\/uploads\/2021\/12\/foam-crusher-machine.jpg\" alt=\"maquina trituradora de espuma\" width=\"720\" height=\"540\" srcset=\"https:\/\/recyclingequipinc.com\/wp-content\/uploads\/2021\/12\/foam-crusher-machine.jpg 720w, https:\/\/recyclingequipinc.com\/wp-content\/uploads\/2021\/12\/foam-crusher-machine-300x225.jpg 300w, https:\/\/recyclingequipinc.com\/wp-content\/uploads\/2021\/12\/foam-crusher-machine-600x450.jpg 600w\" sizes=\"(max-width: 720px) 100vw, 720px\" \/><\/li> <li>tanque de agua para cocinar <figure id=\"attachment_5390\" aria-describedby=\"caption-attachment-5390\" style=\"width: 750px\" class=\"wp-caption alignnone\"><img loading=\"lazy\" decoding=\"async\" class=\"size-full wp-image-5390\" src=\"https:\/\/recyclingequipinc.com\/wp-content\/uploads\/2021\/12\/water-cooling-tank.jpg\" alt=\"tanque de enfriamiento de agua\" width=\"750\" height=\"750\" srcset=\"https:\/\/recyclingequipinc.com\/wp-content\/uploads\/2021\/12\/water-cooling-tank.jpg 750w, https:\/\/recyclingequipinc.com\/wp-content\/uploads\/2021\/12\/water-cooling-tank-100x100.jpg 100w, https:\/\/recyclingequipinc.com\/wp-content\/uploads\/2021\/12\/water-cooling-tank-300x300.jpg 300w, https:\/\/recyclingequipinc.com\/wp-content\/uploads\/2021\/12\/water-cooling-tank-150x150.jpg 150w, https:\/\/recyclingequipinc.com\/wp-content\/uploads\/2021\/12\/water-cooling-tank-600x600.jpg 600w\" sizes=\"(max-width: 750px) 100vw, 750px\" \/><figcaption id=\"caption-attachment-5390\" class=\"wp-caption-text\">tanque de enfriamiento de agua<\/figcaption><\/figure> <h2>Otro tipo de m\u00e1quina granuladora de espuma.<\/h2> <p><a href=\"https:\/\/recyclingequipinc.com\/es\/producto\/epe-foam-pelletizer-recycling-machine\/\">M\u00e1quina para fabricar pellets de espuma EPE<\/a><\/li> <\/ol>","protected":false},"excerpt":{"rendered":"<p>Una m\u00e1quina granuladora de EPS es una m\u00e1quina especial para triturar y granular los residuos de espuma de poliestireno o poliestireno expandible (EPS). La peletizadora de EPS tiene un dise\u00f1o razonable, un alto grado de automatizaci\u00f3n y tecnolog\u00eda avanzada sin contaminaci\u00f3n. Las part\u00edculas de pl\u00e1stico producidas son uniformes en tama\u00f1o y brillo.<\/p>","protected":false},"featured_media":5382,"template":"","meta":{"site-sidebar-layout":"default","site-content-layout":"default","ast-site-content-layout":"default","site-content-style":"default","site-sidebar-style":"default","ast-global-header-display":"","ast-banner-title-visibility":"","ast-main-header-display":"","ast-hfb-above-header-display":"","ast-hfb-below-header-display":"","ast-hfb-mobile-header-display":"","site-post-title":"","ast-breadcrumbs-content":"","ast-featured-img":"","footer-sml-layout":"","ast-disable-related-posts":"","theme-transparent-header-meta":"default","adv-header-id-meta":"","stick-header-meta":"default","header-above-stick-meta":"","header-main-stick-meta":"","header-below-stick-meta":"","astra-migrate-meta-layouts":"set","ast-page-background-enabled":"default","ast-page-background-meta":{"desktop":{"background-color":"","background-image":"","background-repeat":"repeat","background-position":"center center","background-size":"auto","background-attachment":"scroll","background-type":"","background-media":"","overlay-type":"","overlay-color":"","overlay-opacity":"","overlay-gradient":""},"tablet":{"background-color":"","background-image":"","background-repeat":"repeat","background-position":"center center","background-size":"auto","background-attachment":"scroll","background-type":"","background-media":"","overlay-type":"","overlay-color":"","overlay-opacity":"","overlay-gradient":""},"mobile":{"background-color":"","background-image":"","background-repeat":"repeat","background-position":"center center","background-size":"auto","background-attachment":"scroll","background-type":"","background-media":"","overlay-type":"","overlay-color":"","overlay-opacity":"","overlay-gradient":""}},"ast-content-background-meta":{"desktop":{"background-color":"var(--ast-global-color-5)","background-image":"","background-repeat":"repeat","background-position":"center center","background-size":"auto","background-attachment":"scroll","background-type":"","background-media":"","overlay-type":"","overlay-color":"","overlay-opacity":"","overlay-gradient":""},"tablet":{"background-color":"var(--ast-global-color-5)","background-image":"","background-repeat":"repeat","background-position":"center center","background-size":"auto","background-attachment":"scroll","background-type":"","background-media":"","overlay-type":"","overlay-color":"","overlay-opacity":"","overlay-gradient":""},"mobile":{"background-color":"var(--ast-global-color-5)","background-image":"","background-repeat":"repeat","background-position":"center center","background-size":"auto","background-attachment":"scroll","background-type":"","background-media":"","overlay-type":"","overlay-color":"","overlay-opacity":"","overlay-gradient":""}}},"product_brand":[],"product_cat":[36],"product_tag":[66],"class_list":{"0":"post-5377","1":"product","2":"type-product","3":"status-publish","4":"has-post-thumbnail","6":"product_cat-plastic-recycling-machine","7":"product_tag-foam-pelletizer","8":"desktop-align-center","9":"tablet-align-center","10":"mobile-align-center","12":"first","13":"instock","14":"shipping-taxable","15":"product-type-simple"},"_links":{"self":[{"href":"https:\/\/recyclingequipinc.com\/es\/wp-json\/wp\/v2\/product\/5377","targetHints":{"allow":["GET"]}}],"collection":[{"href":"https:\/\/recyclingequipinc.com\/es\/wp-json\/wp\/v2\/product"}],"about":[{"href":"https:\/\/recyclingequipinc.com\/es\/wp-json\/wp\/v2\/types\/product"}],"version-history":[{"count":0,"href":"https:\/\/recyclingequipinc.com\/es\/wp-json\/wp\/v2\/product\/5377\/revisions"}],"wp:featuredmedia":[{"embeddable":true,"href":"https:\/\/recyclingequipinc.com\/es\/wp-json\/wp\/v2\/media\/5382"}],"wp:attachment":[{"href":"https:\/\/recyclingequipinc.com\/es\/wp-json\/wp\/v2\/media?parent=5377"}],"wp:term":[{"taxonomy":"product_brand","embeddable":true,"href":"https:\/\/recyclingequipinc.com\/es\/wp-json\/wp\/v2\/product_brand?post=5377"},{"taxonomy":"product_cat","embeddable":true,"href":"https:\/\/recyclingequipinc.com\/es\/wp-json\/wp\/v2\/product_cat?post=5377"},{"taxonomy":"product_tag","embeddable":true,"href":"https:\/\/recyclingequipinc.com\/es\/wp-json\/wp\/v2\/product_tag?post=5377"}],"curies":[{"name":"wp","href":"https:\/\/api.w.org\/{rel}","templated":true}]}}