{"id":5300,"date":"2021-11-25T06:31:48","date_gmt":"2021-11-25T06:31:48","guid":{"rendered":"https:\/\/recyclingequipinc.com\/?post_type=product&#038;p=5300"},"modified":"2025-01-20T10:18:29","modified_gmt":"2025-01-20T02:18:29","slug":"eps-foam-densifier","status":"publish","type":"product","link":"https:\/\/recyclingequipinc.com\/es\/product\/eps-foam-densifier\/","title":{"rendered":"Densificador de espuma EPS | M\u00e1quina compactadora de espuma Sryrofoam"},"content":{"rendered":"<p class=\"translation-block\">El <strong>compactador de espuma EPS<\/strong> tambi\u00e9n se conoce como m\u00e1quina compactadora de EPS y compactadora de poliestireno, utilizada para comprimir espuma, como pl\u00e1sticos de espuma EPS o EPE. El principio de funcionamiento es comprimir la espuma EPS en bloques densos mediante un mecanismo de compresi\u00f3n de tornillo. Seg\u00fan las caracter\u00edsticas de las materias primas, la relaci\u00f3n de compresi\u00f3n puede ser de hasta 40 veces, para reducir el volumen de la espuma. Los bloques de espuma comprimida son convenientes para el transporte y almacenamiento a larga distancia, lo que ahorra costes de transporte y espacio de almacenamiento. Adem\u00e1s de la compactadora de poliestireno, tambi\u00e9n ofrecemos <a href=\"https:\/\/recyclingequipinc.com\/es\/producto\/eps-epe-foam-hot-melting-machine\/\">m\u00e1quinas de fusi\u00f3n en caliente de espuma<\/a> para reducir el volumen de pl\u00e1sticos de espuma EPS o EPE de desecho.<\/p> <div class=\"ast-oembed-container\" style=\"height: 100%;\"><iframe title=\"\u00bfC\u00f3mo se reprocesa la espuma pl\u00e1stica de desecho? Compactador de poliestireno | M\u00e1quina de reciclaje de EPS\" width=\"500\" height=\"281\" src=\"https:\/\/www.youtube.com\/embed\/vJFGbrvZPVE?feature=oembed\" frameborder=\"0\" allow=\"accelerometer; autoplay; clipboard-write; encrypted-media; gyroscope; picture-in-picture; web-share\" referrerpolicy=\"strict-origin-when-cross-origin\" allowfullscreen><\/iframe><\/div> <h2>Aspectos destacados del densificador de espuma EPS<\/h2> <ul> <li>Despu\u00e9s de comprimir el volumen de espuma EPS entre 30 y 40 veces menos que antes, la densidad de la espuma es grande y los bloques de espuma se cortan, almacenan y reciclan f\u00e1cilmente. Ahorre espacio de almacenamiento y costos de transporte y almacenamiento.<\/li> <li>El compactador de poliestireno est\u00e1 equipado con un mecanismo de pretrituraci\u00f3n para garantizar la eficiencia del trabajo y mantener un bajo consumo de energ\u00eda. Se pueden seleccionar diferentes tama\u00f1os de puertos de alimentaci\u00f3n para el tratamiento de prensado en fr\u00edo.<\/li> <li>Los modelos grandes pueden funcionar sincr\u00f3nicamente con la cinta transportadora para mejorar la eficiencia de la producci\u00f3n.<\/li> <\/ul> <figure id=\"attachment_5306\" aria-describedby=\"caption-attachment-5306\" style=\"width: 750px\" class=\"wp-caption alignnone\"><img fetchpriority=\"high\" decoding=\"async\" class=\"size-full wp-image-5306\" src=\"https:\/\/recyclingequipinc.com\/wp-content\/uploads\/2021\/11\/finished-foam-blocks.jpg\" alt=\"bloques de espuma terminados\" width=\"750\" height=\"800\" srcset=\"https:\/\/recyclingequipinc.com\/wp-content\/uploads\/2021\/11\/finished-foam-blocks.jpg 750w, https:\/\/recyclingequipinc.com\/wp-content\/uploads\/2021\/11\/finished-foam-blocks-281x300.jpg 281w, https:\/\/recyclingequipinc.com\/wp-content\/uploads\/2021\/11\/finished-foam-blocks-600x640.jpg 600w\" sizes=\"(max-width: 750px) 100vw, 750px\" \/><figcaption id=\"caption-attachment-5306\" class=\"wp-caption-text\">bloques de espuma terminados por compactador eps<\/figcaption><\/figure> <h2>\u00bfC\u00f3mo funciona el compactador EPS?<\/h2> <p>El compactador en fr\u00edo de espuma EPS comprime los pl\u00e1sticos de espuma seg\u00fan el principio de rotaci\u00f3n de tornillo y compresi\u00f3n en fr\u00edo. En funcionamiento, el operador solo necesita arrojar la espuma residual a la tolva y el densificador de espuma EPS tiene un mecanismo de trituraci\u00f3n para triturar el bloque de espuma. Luego, el mecanismo de tornillo comprime la peque\u00f1a espuma de poliestireno\/poliestireno en un bloque de compresi\u00f3n c\u00fabico. Hay un dispositivo regulador de presi\u00f3n en el extremo frontal de la secci\u00f3n de compresi\u00f3n para ajustar la relaci\u00f3n de compresi\u00f3n. Despu\u00e9s de que el material es procesado por el mecanismo de tornillo, se forma el bloque cuadrado de compresi\u00f3n de espuma. Una gran reducci\u00f3n del volumen de espuma favorece el reciclaje de la espuma.<\/p> <h2>Dos tipos de compactador en fr\u00edo de poliestireno<\/h2> <p>Ofrecemos dos tipos de densificadores de espuma EPS para satisfacer las diferentes necesidades de los clientes.<\/p> <h3>1. tipo vertical<\/h3> <p>El puerto de alimentaci\u00f3n de una m\u00e1quina compactadora vertical de poliestireno se encuentra en la parte superior de la m\u00e1quina, que necesita elevar las materias primas a la altura.<\/p> <p class=\"translation-block\"><strong> <\/strong><\/p> <figure id=\"attachment_5303\" aria-describedby=\"caption-attachment-5303\" style=\"width: 750px\" class=\"wp-caption alignnone\"><img decoding=\"async\" class=\"size-full wp-image-5303\" src=\"https:\/\/recyclingequipinc.com\/wp-content\/uploads\/2021\/11\/vertical-EPS-foam-cold-compactor.jpg\" alt=\"compactador vertical de espuma EPS en fr\u00edo\" width=\"750\" height=\"750\" srcset=\"https:\/\/recyclingequipinc.com\/wp-content\/uploads\/2021\/11\/vertical-EPS-foam-cold-compactor.jpg 750w, https:\/\/recyclingequipinc.com\/wp-content\/uploads\/2021\/11\/vertical-EPS-foam-cold-compactor-100x100.jpg 100w, https:\/\/recyclingequipinc.com\/wp-content\/uploads\/2021\/11\/vertical-EPS-foam-cold-compactor-300x300.jpg 300w, https:\/\/recyclingequipinc.com\/wp-content\/uploads\/2021\/11\/vertical-EPS-foam-cold-compactor-150x150.jpg 150w, https:\/\/recyclingequipinc.com\/wp-content\/uploads\/2021\/11\/vertical-EPS-foam-cold-compactor-600x600.jpg 600w\" sizes=\"(max-width: 750px) 100vw, 750px\" \/><figcaption id=\"caption-attachment-5303\" class=\"wp-caption-text\">M\u00e1quina compactadora en fr\u00edo de espuma EPS vertical<\/figcaption><\/figure> <p class=\"translation-block\"><strong>Especificaci\u00f3n (compactadora tipo vertical)<\/strong><\/p> <table> <tbody> <tr> <td width=\"189\">Modo<\/td> <td width=\"189\">SL-300<\/td> <td width=\"189\">SL-400<\/td> <\/tr> <tr> <td width=\"189\">Tama\u00f1o de la m\u00e1quina<\/td> <td width=\"189\">3000*1400*1400mm<\/td> <td width=\"189\">4600*1600*1600mm<\/td> <\/tr> <tr> <td width=\"189\">Tama\u00f1o de entrada<\/td> <td width=\"189\">1100*800mm<\/td> <td width=\"189\">1200*1000mm<\/td> <\/tr> <tr> <td width=\"189\">Fuerza de motor<\/td> <td width=\"189\">11kw<\/td> <td width=\"189\">22kw<\/td> <\/tr> <tr> <td width=\"189\">Producci\u00f3n<\/td> <td width=\"189\">150kg\/hora<\/td> <td width=\"189\">250kg\/hora<\/td> <\/tr> <\/tbody> <\/table> <h3>\u00a02. Tipo horizontal<\/h3> <p>La altura del puerto de alimentaci\u00f3n de un compactador de poliestireno horizontal est\u00e1 al ras del suelo, lo que es m\u00e1s conveniente para la alimentaci\u00f3n.<\/p> <figure id=\"attachment_5307\" aria-describedby=\"caption-attachment-5307\" style=\"width: 720px\" class=\"wp-caption alignnone\"><img decoding=\"async\" class=\"size-full wp-image-5307\" src=\"https:\/\/recyclingequipinc.com\/wp-content\/uploads\/2021\/11\/horizontal-EPS-foam-cold-compactor-1.jpg\" alt=\"Compactador en fr\u00edo de espuma EPS horizontal 1\" width=\"720\" height=\"750\" srcset=\"https:\/\/recyclingequipinc.com\/wp-content\/uploads\/2021\/11\/horizontal-EPS-foam-cold-compactor-1.jpg 720w, https:\/\/recyclingequipinc.com\/wp-content\/uploads\/2021\/11\/horizontal-EPS-foam-cold-compactor-1-288x300.jpg 288w, https:\/\/recyclingequipinc.com\/wp-content\/uploads\/2021\/11\/horizontal-EPS-foam-cold-compactor-1-600x625.jpg 600w\" sizes=\"(max-width: 720px) 100vw, 720px\" \/><figcaption id=\"caption-attachment-5307\" class=\"wp-caption-text\">M\u00e1quina compactadora en fr\u00edo de espuma EPS horizontal<\/figcaption><\/figure> <p class=\"translation-block\"><strong>Especificaci\u00f3n (tipo horizontal)<\/strong><\/p> <table> <tbody> <tr> <td width=\"189\">Modo de tipo horizontal.<\/td> <td width=\"189\">SL-300<\/td> <td width=\"189\">SL-400<\/td> <\/tr> <tr> <td width=\"189\">Tama\u00f1o de la m\u00e1quina<\/td> <td width=\"189\">3000*1700*900mm<\/td> <td width=\"189\">4600*2800*1200mm<\/td> <\/tr> <tr> <td width=\"189\">Tama\u00f1o de entrada<\/td> <td width=\"189\">830*760mm<\/td> <td width=\"189\">870*860mm<\/td> <\/tr> <tr> <td width=\"189\">Fuerza de motor<\/td> <td width=\"189\">15kW<\/td> <td width=\"189\">22kw<\/td> <\/tr> <tr> <td width=\"189\">Producci\u00f3n<\/td> <td width=\"189\">150kg\/hora<\/td> <td width=\"189\">300kg\/h<\/td> <\/tr> <\/tbody> <\/table>","protected":false},"excerpt":{"rendered":"<p>El densificador de espuma EPS tambi\u00e9n se conoce como m\u00e1quina briquetadora de EPS y se utiliza para comprimir pl\u00e1sticos de espuma, como los pl\u00e1sticos de espuma EPS o EPE. El principio de funcionamiento consiste en comprimir la espuma EPS en bloques densos mediante un mecanismo de compresi\u00f3n de tornillo.<\/p>","protected":false},"featured_media":16799,"template":"","meta":{"site-sidebar-layout":"default","site-content-layout":"default","ast-site-content-layout":"default","site-content-style":"default","site-sidebar-style":"default","ast-global-header-display":"","ast-banner-title-visibility":"","ast-main-header-display":"","ast-hfb-above-header-display":"","ast-hfb-below-header-display":"","ast-hfb-mobile-header-display":"","site-post-title":"","ast-breadcrumbs-content":"","ast-featured-img":"","footer-sml-layout":"","ast-disable-related-posts":"","theme-transparent-header-meta":"default","adv-header-id-meta":"","stick-header-meta":"default","header-above-stick-meta":"","header-main-stick-meta":"","header-below-stick-meta":"","astra-migrate-meta-layouts":"set","ast-page-background-enabled":"default","ast-page-background-meta":{"desktop":{"background-color":"","background-image":"","background-repeat":"repeat","background-position":"center center","background-size":"auto","background-attachment":"scroll","background-type":"","background-media":"","overlay-type":"","overlay-color":"","overlay-opacity":"","overlay-gradient":""},"tablet":{"background-color":"","background-image":"","background-repeat":"repeat","background-position":"center center","background-size":"auto","background-attachment":"scroll","background-type":"","background-media":"","overlay-type":"","overlay-color":"","overlay-opacity":"","overlay-gradient":""},"mobile":{"background-color":"","background-image":"","background-repeat":"repeat","background-position":"center center","background-size":"auto","background-attachment":"scroll","background-type":"","background-media":"","overlay-type":"","overlay-color":"","overlay-opacity":"","overlay-gradient":""}},"ast-content-background-meta":{"desktop":{"background-color":"var(--ast-global-color-5)","background-image":"","background-repeat":"repeat","background-position":"center center","background-size":"auto","background-attachment":"scroll","background-type":"","background-media":"","overlay-type":"","overlay-color":"","overlay-opacity":"","overlay-gradient":""},"tablet":{"background-color":"var(--ast-global-color-5)","background-image":"","background-repeat":"repeat","background-position":"center center","background-size":"auto","background-attachment":"scroll","background-type":"","background-media":"","overlay-type":"","overlay-color":"","overlay-opacity":"","overlay-gradient":""},"mobile":{"background-color":"var(--ast-global-color-5)","background-image":"","background-repeat":"repeat","background-position":"center center","background-size":"auto","background-attachment":"scroll","background-type":"","background-media":"","overlay-type":"","overlay-color":"","overlay-opacity":"","overlay-gradient":""}}},"product_brand":[],"product_cat":[36],"product_tag":[80,62],"class_list":{"0":"post-5300","1":"product","2":"type-product","3":"status-publish","4":"has-post-thumbnail","6":"product_cat-plastic-recycling-machine","7":"product_tag-foam","8":"product_tag-foam-compactor","9":"desktop-align-center","10":"tablet-align-center","11":"mobile-align-center","13":"first","14":"instock","15":"shipping-taxable","16":"product-type-simple"},"_links":{"self":[{"href":"https:\/\/recyclingequipinc.com\/es\/wp-json\/wp\/v2\/product\/5300","targetHints":{"allow":["GET"]}}],"collection":[{"href":"https:\/\/recyclingequipinc.com\/es\/wp-json\/wp\/v2\/product"}],"about":[{"href":"https:\/\/recyclingequipinc.com\/es\/wp-json\/wp\/v2\/types\/product"}],"version-history":[{"count":0,"href":"https:\/\/recyclingequipinc.com\/es\/wp-json\/wp\/v2\/product\/5300\/revisions"}],"wp:featuredmedia":[{"embeddable":true,"href":"https:\/\/recyclingequipinc.com\/es\/wp-json\/wp\/v2\/media\/16799"}],"wp:attachment":[{"href":"https:\/\/recyclingequipinc.com\/es\/wp-json\/wp\/v2\/media?parent=5300"}],"wp:term":[{"taxonomy":"product_brand","embeddable":true,"href":"https:\/\/recyclingequipinc.com\/es\/wp-json\/wp\/v2\/product_brand?post=5300"},{"taxonomy":"product_cat","embeddable":true,"href":"https:\/\/recyclingequipinc.com\/es\/wp-json\/wp\/v2\/product_cat?post=5300"},{"taxonomy":"product_tag","embeddable":true,"href":"https:\/\/recyclingequipinc.com\/es\/wp-json\/wp\/v2\/product_tag?post=5300"}],"curies":[{"name":"wp","href":"https:\/\/api.w.org\/{rel}","templated":true}]}}