{"id":5287,"date":"2021-11-24T09:59:18","date_gmt":"2021-11-24T09:59:18","guid":{"rendered":"https:\/\/recyclingequipinc.com\/?post_type=product&#038;p=5287"},"modified":"2025-01-20T10:19:05","modified_gmt":"2025-01-20T02:19:05","slug":"eps-epe-foam-hot-melting-machine","status":"publish","type":"product","link":"https:\/\/recyclingequipinc.com\/es\/product\/eps-epe-foam-hot-melting-machine\/","title":{"rendered":"M\u00e1quina de fusi\u00f3n en caliente de EPS | Densificador de espuma de poliestireno"},"content":{"rendered":"<p class=\"translation-block\">La m\u00e1quina de fusi\u00f3n en caliente EPS tambi\u00e9n se llama m\u00e1quina densificadora de poliestireno\/espuma de poliestireno, un tipo de m\u00e1quina de reciclaje de pl\u00e1stico. La m\u00e1quina densificadora se utiliza para procesar y reciclar materiales de desecho EPS y EPE, como cajas de comida r\u00e1pida de espuma, cacahuetes de embalaje de poliestireno, cajas de pastel, cajas de embalaje de espuma, materiales de aislamiento y otros materiales de espuma. La parte de trituraci\u00f3n de espuma puede triturar la espuma de desecho EPS o EPE en piezas peque\u00f1as. La parte de fusi\u00f3n puede disolver la espuma de desecho despu\u00e9s de triturarla y plastificar la espuma con un tornillo para formar una forma de bulto. Los bultos de espuma finales son convenientes para el almacenamiento, transporte, <a href=\"https:\/\/recyclingequipinc.com\/es\/producto\/eps-foam-pelletizing-machine\/\">pelletizaci\u00f3n<\/a> y ventas.<\/p> <div class=\"ast-oembed-container\" style=\"height: 100%;\"><iframe title=\"M\u00e1quina densificadora de espuma de poliestireno para f\u00e1bricas globales de reciclaje de espuma EPS EPE\" width=\"500\" height=\"281\" src=\"https:\/\/www.youtube.com\/embed\/Ejx6RKAGfhA?feature=oembed\" frameborder=\"0\" allow=\"accelerometer; autoplay; clipboard-write; encrypted-media; gyroscope; picture-in-picture; web-share\" referrerpolicy=\"strict-origin-when-cross-origin\" allowfullscreen><\/iframe><\/div> <figure id=\"attachment_5403\" aria-describedby=\"caption-attachment-5403\" style=\"width: 750px\" class=\"wp-caption alignnone\"><img fetchpriority=\"high\" decoding=\"async\" class=\"size-full wp-image-5403\" src=\"https:\/\/recyclingequipinc.com\/wp-content\/uploads\/2021\/11\/raw-materials-1.jpg\" alt=\"Residuos de materiales de espuma EPS EPE\" width=\"750\" height=\"795\" srcset=\"https:\/\/recyclingequipinc.com\/wp-content\/uploads\/2021\/11\/raw-materials-1.jpg 750w, https:\/\/recyclingequipinc.com\/wp-content\/uploads\/2021\/11\/raw-materials-1-283x300.jpg 283w, https:\/\/recyclingequipinc.com\/wp-content\/uploads\/2021\/11\/raw-materials-1-600x636.jpg 600w\" sizes=\"(max-width: 750px) 100vw, 750px\" \/><figcaption id=\"caption-attachment-5403\" class=\"wp-caption-text\">Residuos de materiales de espuma EPS EPE<\/figcaption><\/figure> <figure id=\"attachment_5407\" aria-describedby=\"caption-attachment-5407\" style=\"width: 720px\" class=\"wp-caption alignnone\"><img decoding=\"async\" class=\"size-full wp-image-5407\" src=\"https:\/\/recyclingequipinc.com\/wp-content\/uploads\/2021\/11\/final-foam-lumps.jpg\" alt=\"grumos de espuma finales\" width=\"720\" height=\"540\" srcset=\"https:\/\/recyclingequipinc.com\/wp-content\/uploads\/2021\/11\/final-foam-lumps.jpg 720w, https:\/\/recyclingequipinc.com\/wp-content\/uploads\/2021\/11\/final-foam-lumps-300x225.jpg 300w, https:\/\/recyclingequipinc.com\/wp-content\/uploads\/2021\/11\/final-foam-lumps-600x450.jpg 600w\" sizes=\"(max-width: 720px) 100vw, 720px\" \/><figcaption id=\"caption-attachment-5407\" class=\"wp-caption-text\">grumos de espuma finales<\/figcaption><\/figure> <h2>Ventajas de la m\u00e1quina de fusi\u00f3n en caliente de EPS<\/h2> <figure id=\"attachment_5291\" aria-describedby=\"caption-attachment-5291\" style=\"width: 750px\" class=\"wp-caption alignnone\"><img decoding=\"async\" class=\"size-full wp-image-5291\" src=\"https:\/\/recyclingequipinc.com\/wp-content\/uploads\/2021\/11\/EPS-Foam-Melting-Machine.jpg\" alt=\"M\u00e1quina de fusi\u00f3n de espuma EPS\" width=\"750\" height=\"750\" srcset=\"https:\/\/recyclingequipinc.com\/wp-content\/uploads\/2021\/11\/EPS-Foam-Melting-Machine.jpg 750w, https:\/\/recyclingequipinc.com\/wp-content\/uploads\/2021\/11\/EPS-Foam-Melting-Machine-100x100.jpg 100w, https:\/\/recyclingequipinc.com\/wp-content\/uploads\/2021\/11\/EPS-Foam-Melting-Machine-300x300.jpg 300w, https:\/\/recyclingequipinc.com\/wp-content\/uploads\/2021\/11\/EPS-Foam-Melting-Machine-150x150.jpg 150w, https:\/\/recyclingequipinc.com\/wp-content\/uploads\/2021\/11\/EPS-Foam-Melting-Machine-600x600.jpg 600w\" sizes=\"(max-width: 750px) 100vw, 750px\" \/><figcaption id=\"caption-attachment-5291\" class=\"wp-caption-text\">M\u00e1quina de fusi\u00f3n de espuma EPS<\/figcaption><\/figure> <ol> <li>La m\u00e1quina integral de reciclaje de fusi\u00f3n en caliente de espuma EPS es una combinaci\u00f3n de trituraci\u00f3n y fusi\u00f3n de espuma. El densificador de EPS ocupa un \u00e1rea peque\u00f1a, ahorra mano de obra y es f\u00e1cil de operar.<\/li> <li>La capacidad de procesamiento de la m\u00e1quina para fundir espuma EPS es alta y se pueden seleccionar m\u00faltiples salidas. Seg\u00fan las diferentes densidades de la espuma, la producci\u00f3n suele ser de unos 150-250 kg\/h por hora.<\/li> <li>La potencia de este equipo es de aproximadamente 18,5-22,5 kw y el costo total de energ\u00eda es bajo.<\/li> <li>Los productos finales fundidos ocupan poco espacio, lo que facilita su almacenamiento, transporte y reciclaje.<\/li> <li><span style=\"font-size: 16px;\">La funci\u00f3n de control autom\u00e1tico de temperatura puede evitar situaciones anormales, alcanzando el efecto de fusi\u00f3n esperado.<\/span><\/li> <li><span style=\"font-size: 16px;\"><span style=\"font-size: 16px;\">Bajo nivel de ruido, bajo nivel de polvo y sin contaminaci\u00f3n.<\/span><\/span><\/li> <li><img loading=\"lazy\" decoding=\"async\" class=\"size-full wp-image-5400\" src=\"https:\/\/recyclingequipinc.com\/wp-content\/uploads\/2021\/11\/EPS-hot-melter-machine-features.jpg\" alt=\"Caracter\u00edsticas de la m\u00e1quina termofusora de EPS\" width=\"750\" height=\"858\" srcset=\"https:\/\/recyclingequipinc.com\/wp-content\/uploads\/2021\/11\/EPS-hot-melter-machine-features.jpg 750w, https:\/\/recyclingequipinc.com\/wp-content\/uploads\/2021\/11\/EPS-hot-melter-machine-features-262x300.jpg 262w, https:\/\/recyclingequipinc.com\/wp-content\/uploads\/2021\/11\/EPS-hot-melter-machine-features-600x686.jpg 600w\" sizes=\"(max-width: 750px) 100vw, 750px\" \/><\/li> <\/ol> <div class=\"mceTemp\"><\/div> <h2>Estructura y principio de funcionamiento del termofusor de EPS<\/h2> <p>La parte principal de la m\u00e1quina de fusi\u00f3n en caliente de EPS es una extrusora. Se compone de un sistema de extrusi\u00f3n, un sistema de transmisi\u00f3n y un sistema de calefacci\u00f3n. El sistema de extrusi\u00f3n incluye tornillo, cilindro, tolva y matriz.<\/p> <p>La espuma EPS\/EPE se plastifica hasta obtener una masa fundida uniforme mediante un sistema de extrusi\u00f3n y en este proceso se extruye continuamente mediante un tornillo.<\/p> <ul> <li>Introducci\u00f3n del tornillo: como componente principal de la extrusora, est\u00e1 directamente relacionado con el alcance de la aplicaci\u00f3n y la productividad de la extrusora. Est\u00e1 hecho de acero de aleaci\u00f3n resistente a la corrosi\u00f3n de alta resistencia.<\/li> <li><span style=\"font-size: 16px;\">Barril: es un cilindro met\u00e1lico, que generalmente est\u00e1 hecho de tubos de acero resistentes al calor, de alta resistencia a la compresi\u00f3n, al desgaste y a la corrosi\u00f3n. El cilindro coopera con el tornillo para realizar la trituraci\u00f3n, ablandamiento, fusi\u00f3n, plastificaci\u00f3n, escape y compactaci\u00f3n de los pl\u00e1sticos, y transporta el caucho de manera continua y uniforme al sistema de formaci\u00f3n. La espuma plastificada se puede calentar y plastificar completamente.<\/span><\/li> <li>Tolva: el fondo de la tolva est\u00e1 equipado con un dispositivo de corte para ajustar y cortar el flujo de material. El costado de la tolva es un orificio de observaci\u00f3n y un dispositivo dosificador calibrado.<\/li> <li><img loading=\"lazy\" decoding=\"async\" class=\"size-full wp-image-5399\" src=\"https:\/\/recyclingequipinc.com\/wp-content\/uploads\/2021\/11\/EPS-hot-melting-machine-structure.jpg\" alt=\"Estructura de la m\u00e1quina de fusi\u00f3n en caliente de EPS\" width=\"750\" height=\"624\" srcset=\"https:\/\/recyclingequipinc.com\/wp-content\/uploads\/2021\/11\/EPS-hot-melting-machine-structure.jpg 750w, https:\/\/recyclingequipinc.com\/wp-content\/uploads\/2021\/11\/EPS-hot-melting-machine-structure-300x250.jpg 300w, https:\/\/recyclingequipinc.com\/wp-content\/uploads\/2021\/11\/EPS-hot-melting-machine-structure-600x499.jpg 600w\" sizes=\"(max-width: 750px) 100vw, 750px\" \/><\/li> <\/ul> <h2>Par\u00e1metro del densificador de poliestireno (SL-800\/SL-1000)<\/h2> <table> <tbody> <tr> <td width=\"189\">Modo densificador de fusi\u00f3n en caliente EPS<\/td> <td width=\"189\">SL-800<\/td> <td width=\"189\">SL-1000<\/td> <\/tr> <tr> <td width=\"189\">Tama\u00f1o de la m\u00e1quina<\/td> <td width=\"189\">1580*1300*850mm<\/td> <td width=\"189\">1900*1580*900mm<\/td> <\/tr> <tr> <td width=\"189\">Tama\u00f1o de entrada<\/td> <td width=\"189\">800*600mm<\/td> <td width=\"189\">1000*700mm<\/td> <\/tr> <tr> <td width=\"189\">Fuerza de motor<\/td> <td width=\"189\">18,5 kw<\/td> <td width=\"189\">22kw<\/td> <\/tr> <tr> <td width=\"189\">Producci\u00f3n<\/td> <td width=\"189\">150-200kg\/hora<\/td> <td width=\"189\">200-250 kg\/hora<\/td> <\/tr> <\/tbody> <\/table>","protected":false},"excerpt":{"rendered":"<p>La m\u00e1quina de fusi\u00f3n en caliente de EPS tambi\u00e9n se denomina m\u00e1quina trituradora y agrupadora de espuma. La m\u00e1quina para fundir espuma pl\u00e1stica se utiliza para procesar y reciclar materiales de desecho de EPS y EPE, como cajas de espuma para comida r\u00e1pida, cajas para pasteles, cajas de embalaje de espuma, materiales aislantes y otros materiales de espuma.<\/p>","protected":false},"featured_media":16826,"template":"","meta":{"site-sidebar-layout":"default","site-content-layout":"default","ast-site-content-layout":"default","site-content-style":"default","site-sidebar-style":"default","ast-global-header-display":"","ast-banner-title-visibility":"","ast-main-header-display":"","ast-hfb-above-header-display":"","ast-hfb-below-header-display":"","ast-hfb-mobile-header-display":"","site-post-title":"","ast-breadcrumbs-content":"","ast-featured-img":"","footer-sml-layout":"","ast-disable-related-posts":"","theme-transparent-header-meta":"default","adv-header-id-meta":"","stick-header-meta":"default","header-above-stick-meta":"","header-main-stick-meta":"","header-below-stick-meta":"","astra-migrate-meta-layouts":"set","ast-page-background-enabled":"default","ast-page-background-meta":{"desktop":{"background-color":"","background-image":"","background-repeat":"repeat","background-position":"center center","background-size":"auto","background-attachment":"scroll","background-type":"","background-media":"","overlay-type":"","overlay-color":"","overlay-opacity":"","overlay-gradient":""},"tablet":{"background-color":"","background-image":"","background-repeat":"repeat","background-position":"center center","background-size":"auto","background-attachment":"scroll","background-type":"","background-media":"","overlay-type":"","overlay-color":"","overlay-opacity":"","overlay-gradient":""},"mobile":{"background-color":"","background-image":"","background-repeat":"repeat","background-position":"center center","background-size":"auto","background-attachment":"scroll","background-type":"","background-media":"","overlay-type":"","overlay-color":"","overlay-opacity":"","overlay-gradient":""}},"ast-content-background-meta":{"desktop":{"background-color":"var(--ast-global-color-5)","background-image":"","background-repeat":"repeat","background-position":"center center","background-size":"auto","background-attachment":"scroll","background-type":"","background-media":"","overlay-type":"","overlay-color":"","overlay-opacity":"","overlay-gradient":""},"tablet":{"background-color":"var(--ast-global-color-5)","background-image":"","background-repeat":"repeat","background-position":"center center","background-size":"auto","background-attachment":"scroll","background-type":"","background-media":"","overlay-type":"","overlay-color":"","overlay-opacity":"","overlay-gradient":""},"mobile":{"background-color":"var(--ast-global-color-5)","background-image":"","background-repeat":"repeat","background-position":"center center","background-size":"auto","background-attachment":"scroll","background-type":"","background-media":"","overlay-type":"","overlay-color":"","overlay-opacity":"","overlay-gradient":""}}},"product_brand":[],"product_cat":[36],"product_tag":[80,89],"class_list":{"0":"post-5287","1":"product","2":"type-product","3":"status-publish","4":"has-post-thumbnail","6":"product_cat-plastic-recycling-machine","7":"product_tag-foam","8":"product_tag-foam-melter","9":"desktop-align-center","10":"tablet-align-center","11":"mobile-align-center","13":"first","14":"instock","15":"shipping-taxable","16":"product-type-simple"},"_links":{"self":[{"href":"https:\/\/recyclingequipinc.com\/es\/wp-json\/wp\/v2\/product\/5287","targetHints":{"allow":["GET"]}}],"collection":[{"href":"https:\/\/recyclingequipinc.com\/es\/wp-json\/wp\/v2\/product"}],"about":[{"href":"https:\/\/recyclingequipinc.com\/es\/wp-json\/wp\/v2\/types\/product"}],"version-history":[{"count":0,"href":"https:\/\/recyclingequipinc.com\/es\/wp-json\/wp\/v2\/product\/5287\/revisions"}],"wp:featuredmedia":[{"embeddable":true,"href":"https:\/\/recyclingequipinc.com\/es\/wp-json\/wp\/v2\/media\/16826"}],"wp:attachment":[{"href":"https:\/\/recyclingequipinc.com\/es\/wp-json\/wp\/v2\/media?parent=5287"}],"wp:term":[{"taxonomy":"product_brand","embeddable":true,"href":"https:\/\/recyclingequipinc.com\/es\/wp-json\/wp\/v2\/product_brand?post=5287"},{"taxonomy":"product_cat","embeddable":true,"href":"https:\/\/recyclingequipinc.com\/es\/wp-json\/wp\/v2\/product_cat?post=5287"},{"taxonomy":"product_tag","embeddable":true,"href":"https:\/\/recyclingequipinc.com\/es\/wp-json\/wp\/v2\/product_tag?post=5287"}],"curies":[{"name":"wp","href":"https:\/\/api.w.org\/{rel}","templated":true}]}}