{"id":5268,"date":"2021-12-07T07:51:24","date_gmt":"2021-12-07T07:51:24","guid":{"rendered":"https:\/\/recyclingequipinc.com\/?post_type=product&#038;p=5268"},"modified":"2025-06-04T11:46:58","modified_gmt":"2025-06-04T03:46:58","slug":"pet-bottle-washing-line-2","status":"publish","type":"product","link":"https:\/\/recyclingequipinc.com\/es\/product\/pet-bottle-washing-line-2\/","title":{"rendered":"L\u00ednea de reciclaje de botellas de PET | L\u00ednea de lavado y trituraci\u00f3n de botellas de PET"},"content":{"rendered":"<p class=\"translation-block\"><strong><b>La l\u00ednea de reciclaje de botellas de PET<\/b><\/strong>, tambi\u00e9n conocida como <a href=\"https:\/\/recyclingequipinc.com\/es\/producto\/pet-bottle-recycling-machine\/\">m\u00e1quina de reciclaje de botellas de PET<\/a>, incluye el proceso de desmarcado de botellas de pl\u00e1stico, clasificaci\u00f3n de botellas de pl\u00e1stico, trituraci\u00f3n, lavado, limpieza a alta temperatura, limpieza por fricci\u00f3n, deshidrataci\u00f3n y almacenamiento. Las materias primas de la l\u00ednea de reciclaje de botellas de pl\u00e1stico son botellas de agua y botellas de bebidas en la vida diaria. De hecho, podemos utilizar estos copos de pl\u00e1stico finales para producir productos de pl\u00e1stico, cintas de embalaje, el ingrediente de los tilts, etc. Nuestra empresa dise\u00f1a y produce removedores de etiquetas de botellas de pl\u00e1stico desechadas, trituradoras de botellas de pl\u00e1stico desechadas y otros equipos econ\u00f3micos y de protecci\u00f3n ambiental. La maquinaria involucrada en este proyecto se puede personalizar seg\u00fan las necesidades del cliente.<\/p> <p>Por lo tanto, si quieres saber qu\u00e9 tipo de maquinaria o nuestra empresa, puedes dejar tu tel\u00e9fono y necesidades en el sitio o al final del art\u00edculo. El siguiente contenido tambi\u00e9n incluir\u00e1 informaci\u00f3n sobre c\u00f3mo elegir la m\u00e1quina y el prop\u00f3sito del equipo.<\/p> <h2>Fabricantes de botellas de pl\u00e1stico PET en China<\/h2> <p>Zhengzhou Shuliy Machinery Equipment Co., Ltd. se estableci\u00f3 en 2011 y es una reconocida empresa de maquinaria y equipos nacionales. Nuestra planta se concentra en la fabricaci\u00f3n de equipos econ\u00f3micos y de protecci\u00f3n ambiental, agr\u00edcolas y alimentarios. Se han llevado a cabo consideraciones cient\u00edficas sobre la selecci\u00f3n de piezas de equipos, dise\u00f1o de apariencia y costos de producci\u00f3n para el usuario. Adem\u00e1s, proporcionaremos una serie de soluciones para clientes globales. En la actualidad, 111 pa\u00edses han cooperado con \u00e9xito. Nuestro objetivo es ayudar a los clientes a cambiar la forma de producci\u00f3n y de vida brind\u00e1ndoles productos y servicios, mejorando su eficiencia de producci\u00f3n y permitiendo que la fabricaci\u00f3n china se arraigue en el mundo.<\/p> <h2>M\u00e1quinas en la l\u00ednea de reciclaje de botellas de PET<\/h2> <figure id=\"attachment_5370\" aria-describedby=\"caption-attachment-5370\" style=\"width: 750px\" class=\"wp-caption aligncenter\"><img fetchpriority=\"high\" decoding=\"async\" class=\"size-full wp-image-5370\" src=\"https:\/\/recyclingequipinc.com\/wp-content\/uploads\/2021\/12\/PET-bottle-washing-and-crushing-line.jpg\" alt=\"L\u00ednea de lavado y trituraci\u00f3n de botellas de PET\" width=\"750\" height=\"750\" srcset=\"https:\/\/recyclingequipinc.com\/wp-content\/uploads\/2021\/12\/PET-bottle-washing-and-crushing-line.jpg 750w, https:\/\/recyclingequipinc.com\/wp-content\/uploads\/2021\/12\/PET-bottle-washing-and-crushing-line-100x100.jpg 100w, https:\/\/recyclingequipinc.com\/wp-content\/uploads\/2021\/12\/PET-bottle-washing-and-crushing-line-300x300.jpg 300w, https:\/\/recyclingequipinc.com\/wp-content\/uploads\/2021\/12\/PET-bottle-washing-and-crushing-line-150x150.jpg 150w, https:\/\/recyclingequipinc.com\/wp-content\/uploads\/2021\/12\/PET-bottle-washing-and-crushing-line-600x600.jpg 600w\" sizes=\"(max-width: 750px) 100vw, 750px\" \/><figcaption id=\"caption-attachment-5370\" class=\"wp-caption-text\">L\u00ednea de lavado y trituraci\u00f3n de botellas de PET<\/figcaption><\/figure> <h3>Cinta transportadora<\/h3> <p>Esta es una de las m\u00e1quinas indispensables en la l\u00ednea de reciclaje de botellas de pl\u00e1stico. Su estructura general est\u00e1 compuesta de acero, poleas y correas. Durante el funcionamiento, puede transportar materias primas o fragmentos al siguiente enlace. Este es el primer paso para obtener materias primas puras en la l\u00ednea de producci\u00f3n, lo que mejora en gran medida la eficiencia del trabajo y la tasa de descarga.<\/p> <h3>M\u00e1quina para quitar etiquetas<\/h3> <p>Esta m\u00e1quina sirve para quitar las etiquetas de las botellas de pl\u00e1stico. Hay muchos engranajes en la m\u00e1quina. Cuando la botella ingresa, el engranaje girar\u00e1 hacia adelante y hacia atr\u00e1s para raspar la etiqueta. El tomacorriente tiene un ventilador para soplar la etiqueta de un tomacorriente y quitar las etiquetas del otro tomacorriente, en lugar de quitar las etiquetas manualmente. Satisfacer las necesidades de la producci\u00f3n en masa. Este dise\u00f1o evita el peligroso trabajo de limpieza manual de etiquetas desechadas y recogida de material, y todo el proceso es altamente autom\u00e1tico.<\/p> <p><img decoding=\"async\" width=\"750\" height=\"750\" class=\"size-full wp-image-5475 aligncenter\" src=\"https:\/\/recyclingequipinc.com\/wp-content\/uploads\/2021\/09\/Plastic-Label-Remove-Machine.jpg\" alt=\"&quot;&lt;yoastmark\" srcset=\"https:\/\/recyclingequipinc.com\/wp-content\/uploads\/2021\/09\/Plastic-Label-Remove-Machine.jpg 750w, https:\/\/recyclingequipinc.com\/wp-content\/uploads\/2021\/09\/Plastic-Label-Remove-Machine-100x100.jpg 100w, https:\/\/recyclingequipinc.com\/wp-content\/uploads\/2021\/09\/Plastic-Label-Remove-Machine-300x300.jpg 300w, https:\/\/recyclingequipinc.com\/wp-content\/uploads\/2021\/09\/Plastic-Label-Remove-Machine-150x150.jpg 150w, https:\/\/recyclingequipinc.com\/wp-content\/uploads\/2021\/09\/Plastic-Label-Remove-Machine-600x600.jpg 600w\" sizes=\"(max-width: 750px) 100vw, 750px\" \/><\/p> <h3>Trituradora de plastico<\/h3> <p>Nuestra trituradora de pl\u00e1stico es el paso m\u00e1s importante en la l\u00ednea de reciclaje de botellas de pl\u00e1stico. Y es una opci\u00f3n necesaria para la industria del reciclaje de botellas de pl\u00e1stico PET. Este paso consiste en romper la botella de pl\u00e1stico en pedazos. En este dispositivo hay 10 cuchillos mec\u00e1nicos hechos de 9CrSi que son convenientes y r\u00e1pidos de trabajar. En comparaci\u00f3n con el trabajo manual, la resistencia al aplastamiento es mayor, los productos obtenidos son m\u00e1s refinados, los materiales procesados \u200b\u200bson m\u00e1s diversos y la cantidad es mayor.<\/p> <figure id=\"attachment_5477\" aria-describedby=\"caption-attachment-5477\" style=\"width: 750px\" class=\"wp-caption aligncenter\"><img decoding=\"async\" class=\"size-full wp-image-5477\" src=\"https:\/\/recyclingequipinc.com\/wp-content\/uploads\/2021\/09\/Plastic-Crusher-Machine.jpg\" alt=\"M\u00e1quina trituradora de pl\u00e1stico\" width=\"750\" height=\"750\" srcset=\"https:\/\/recyclingequipinc.com\/wp-content\/uploads\/2021\/09\/Plastic-Crusher-Machine.jpg 750w, https:\/\/recyclingequipinc.com\/wp-content\/uploads\/2021\/09\/Plastic-Crusher-Machine-100x100.jpg 100w, https:\/\/recyclingequipinc.com\/wp-content\/uploads\/2021\/09\/Plastic-Crusher-Machine-300x300.jpg 300w, https:\/\/recyclingequipinc.com\/wp-content\/uploads\/2021\/09\/Plastic-Crusher-Machine-150x150.jpg 150w, https:\/\/recyclingequipinc.com\/wp-content\/uploads\/2021\/09\/Plastic-Crusher-Machine-600x600.jpg 600w\" sizes=\"(max-width: 750px) 100vw, 750px\" \/><figcaption id=\"caption-attachment-5477\" class=\"wp-caption-text\">M\u00e1quina trituradora de pl\u00e1stico<\/figcaption><\/figure> <h3>Tanque de lavado<\/h3> <p>En el tanque de lavado de botellas de pl\u00e1stico se realiza la limpieza preliminar de los fragmentos rotos. Hay un dispositivo de empuje de tornillo en el interior, que empuja el material hacia adelante por un lado y voltea los residuos para limpiarlo por el otro. Este paso es tambi\u00e9n el proceso de separar la tapa de la botella de PET de los fragmentos de la botella de PET seg\u00fan las diferentes densidades.<\/p> <h3>Tanque de lavado con agua caliente<\/h3> <p>Esta m\u00e1quina es una estructura abierta con altas temperaturas internas controlables. En realidad, las botellas de pl\u00e1stico inevitablemente tendr\u00e1n diversas manchas como aceite, mocos y tintes. Una temperatura alta adecuada junto con una agitaci\u00f3n adecuada del detergente pueden eliminar eficazmente las manchas del producto. La temperatura alcanza los 80-90 grados cent\u00edgrados. Es un paso importante para garantizar la limpieza del producto.<\/p> <h3>maquina de friccion<\/h3> <p class=\"translation-block\"><strong><b>La m\u00e1quina de fricci\u00f3n<\/b><\/strong> est\u00e1 compuesta por el motor principal, motor, marco de pie, entrada de agua, entrada de alimentaci\u00f3n, orificio de descarga, etc. La parte inferior del cuerpo es un filtro de malla fina, hay una entrada de agua externa en la parte superior. Y los materiales se introducen desde la entrada de alimentaci\u00f3n, el tornillo de alta velocidad permite que el material se frote completamente con el agua en movimiento. Este paso puede lograr limpiar completamente el material.<\/p> <h3>Tanque de lavado<\/h3> <p class=\"translation-block\"><strong><b>El tanque de lavado<\/b><\/strong> es para limpiar nuevamente los fragmentos de PET. El dispositivo de empuje de tornillo interno empuja el material hacia adelante.<\/p> <h3>M\u00e1quina deshidratadora de pl\u00e1stico<\/h3> <p>Se utiliza una m\u00e1quina deshidratadora de pl\u00e1stico para deshidratar y secar los fragmentos. Los fragmentos h\u00famedos se transfieren al deshidratador mediante un transportador de tornillo para rotaci\u00f3n a alta velocidad para eliminar el exceso de agua y las impurezas y se secan, para obtener un producto terminado seco y limpio que sea f\u00e1cil de almacenar.<\/p> <figure id=\"attachment_5478\" aria-describedby=\"caption-attachment-5478\" style=\"width: 750px\" class=\"wp-caption aligncenter\"><img loading=\"lazy\" decoding=\"async\" class=\"size-full wp-image-5478\" src=\"https:\/\/recyclingequipinc.com\/wp-content\/uploads\/2021\/09\/Plastic-Dewatering-Machine.jpg\" alt=\"M\u00e1quina de deshidrataci\u00f3n de pl\u00e1stico\" width=\"750\" height=\"750\" srcset=\"https:\/\/recyclingequipinc.com\/wp-content\/uploads\/2021\/09\/Plastic-Dewatering-Machine.jpg 750w, https:\/\/recyclingequipinc.com\/wp-content\/uploads\/2021\/09\/Plastic-Dewatering-Machine-100x100.jpg 100w, https:\/\/recyclingequipinc.com\/wp-content\/uploads\/2021\/09\/Plastic-Dewatering-Machine-300x300.jpg 300w, https:\/\/recyclingequipinc.com\/wp-content\/uploads\/2021\/09\/Plastic-Dewatering-Machine-150x150.jpg 150w, https:\/\/recyclingequipinc.com\/wp-content\/uploads\/2021\/09\/Plastic-Dewatering-Machine-600x600.jpg 600w\" sizes=\"(max-width: 750px) 100vw, 750px\" \/><figcaption id=\"caption-attachment-5478\" class=\"wp-caption-text\">M\u00e1quina de deshidrataci\u00f3n de pl\u00e1stico<\/figcaption><\/figure> <h3>Cesta de almacenaje<\/h3> <p>Los contenedores de almacenamiento pueden almacenar productos terminados. El proceso incluye principalmente sopladores, tuber\u00edas, barriles de almacenamiento, etc. El viento de los sopladores se utiliza para transportar los productos secos a los barriles de almacenamiento para su almacenamiento. Esto es c\u00f3modo y r\u00e1pido y reduce la posible contaminaci\u00f3n en el proceso de construcci\u00f3n.<\/p> <h2>Caracter\u00edsticas de la l\u00ednea de limpieza de botellas de PET<\/h2> <figure id=\"attachment_5371\" aria-describedby=\"caption-attachment-5371\" style=\"width: 1079px\" class=\"wp-caption alignnone\"><img loading=\"lazy\" decoding=\"async\" class=\"wp-image-5371 size-full\" src=\"https:\/\/recyclingequipinc.com\/wp-content\/uploads\/2021\/12\/PET-bottle-washing-line-chartflow.jpg\" alt=\"Flujo del gr\u00e1fico de l\u00edneas de reciclaje de botellas de PET\" width=\"1079\" height=\"282\" srcset=\"https:\/\/recyclingequipinc.com\/wp-content\/uploads\/2021\/12\/PET-bottle-washing-line-chartflow.jpg 1079w, https:\/\/recyclingequipinc.com\/wp-content\/uploads\/2021\/12\/PET-bottle-washing-line-chartflow-750x196.jpg 750w, https:\/\/recyclingequipinc.com\/wp-content\/uploads\/2021\/12\/PET-bottle-washing-line-chartflow-300x78.jpg 300w, https:\/\/recyclingequipinc.com\/wp-content\/uploads\/2021\/12\/PET-bottle-washing-line-chartflow-1024x268.jpg 1024w, https:\/\/recyclingequipinc.com\/wp-content\/uploads\/2021\/12\/PET-bottle-washing-line-chartflow-768x201.jpg 768w, https:\/\/recyclingequipinc.com\/wp-content\/uploads\/2021\/12\/PET-bottle-washing-line-chartflow-600x157.jpg 600w\" sizes=\"(max-width: 1079px) 100vw, 1079px\" \/><figcaption id=\"caption-attachment-5371\" class=\"wp-caption-text\">Flujo del gr\u00e1fico de l\u00edneas de reciclaje de botellas de PET<\/figcaption><\/figure> <p>Todo el conjunto de l\u00edneas de lavado de botellas de PET tiene las ventajas de alta automatizaci\u00f3n, bajo consumo de energ\u00eda, alto rendimiento y alta calidad de procesamiento. As\u00ed, las hojuelas de PET finales quedan muy limpias y en trozos peque\u00f1os, listas para fabricar fibra cortada de poli\u00e9ster o gr\u00e1nulos de pl\u00e1stico. La f\u00e1brica de fibras qu\u00edmicas o los fabricantes de productos pl\u00e1sticos pueden estirar y reprocesar directamente sin necesidad de limpieza adicional. Al mismo tiempo, puede elegir diferentes combinaciones seg\u00fan los tipos de materias primas y los diferentes requisitos de calidad de limpieza de botellas. Por lo que puede satisfacer las necesidades de diferentes usuarios.<\/p> <div id='gallery-1' class='gallery galleryid-5268 gallery-columns-3 gallery-size-thumbnail'><figure class='gallery-item'> \t\t\t<div class='gallery-icon landscape'> \t\t\t\t<a href='https:\/\/recyclingequipinc.com\/es\/?attachment_id=5373'><img loading=\"lazy\" decoding=\"async\" width=\"150\" height=\"150\" src=\"https:\/\/recyclingequipinc.com\/wp-content\/uploads\/2021\/12\/raw-PET-bottles-150x150.png\" class=\"attachment-thumbnail size-thumbnail\" alt=\"botellas de PET crudas\" aria-describedby=\"gallery-1-5373\" srcset=\"https:\/\/recyclingequipinc.com\/wp-content\/uploads\/2021\/12\/raw-PET-bottles-150x150.png 150w, https:\/\/recyclingequipinc.com\/wp-content\/uploads\/2021\/12\/raw-PET-bottles-100x100.png 100w, https:\/\/recyclingequipinc.com\/wp-content\/uploads\/2021\/12\/raw-PET-bottles-300x300.png 300w\" sizes=\"(max-width: 150px) 100vw, 150px\" \/><\/a> \t\t\t<\/div> \t\t\t\t<figcaption class='wp-caption-text gallery-caption' id='gallery-1-5373'> \t\t\t\tbotellas de PET crudas \t\t\t\t<\/figcaption><\/figure><figure class='gallery-item'> \t\t\t<div class='gallery-icon landscape'> \t\t\t\t<a href='https:\/\/recyclingequipinc.com\/es\/?attachment_id=5372'><img loading=\"lazy\" decoding=\"async\" width=\"150\" height=\"150\" src=\"https:\/\/recyclingequipinc.com\/wp-content\/uploads\/2021\/12\/PET-flakes-150x150.png\" class=\"attachment-thumbnail size-thumbnail\" alt=\"hojuelas de PET\" aria-describedby=\"gallery-1-5372\" srcset=\"https:\/\/recyclingequipinc.com\/wp-content\/uploads\/2021\/12\/PET-flakes-150x150.png 150w, https:\/\/recyclingequipinc.com\/wp-content\/uploads\/2021\/12\/PET-flakes-100x100.png 100w, https:\/\/recyclingequipinc.com\/wp-content\/uploads\/2021\/12\/PET-flakes-300x300.png 300w\" sizes=\"(max-width: 150px) 100vw, 150px\" \/><\/a> \t\t\t<\/div> \t\t\t\t<figcaption class='wp-caption-text gallery-caption' id='gallery-1-5372'> \t\t\t\thojuelas de PET \t\t\t\t<\/figcaption><\/figure> \t\t<\/div>  <h3>V\u00eddeo de equipos de reciclaje de botellas de PET.<\/h3> <div class=\"ast-oembed-container\" style=\"height: 100%;\"><iframe title=\"Video expl\u00edcito de la l\u00ednea autom\u00e1tica de reciclaje de residuos de botellas de PET para fabricar escamas de pl\u00e1stico PET en f\u00e1brica\" width=\"500\" height=\"281\" src=\"https:\/\/www.youtube.com\/embed\/NxbTX2KwQfA?feature=oembed\" frameborder=\"0\" allow=\"accelerometer; autoplay; clipboard-write; encrypted-media; gyroscope; picture-in-picture; web-share\" referrerpolicy=\"strict-origin-when-cross-origin\" allowfullscreen><\/iframe><\/div> <h3>\u00bfC\u00f3mo elegir la l\u00ednea de reciclaje de botellas de pl\u00e1stico adecuada?<\/h3> <p>Al elegir el equipo de reciclaje de botellas de PET, primero debe aclarar cu\u00e1les son las materias primas que desea procesar y los productos que obtendr\u00e1, para luego buscar equipos en Internet con un prop\u00f3sito. El equipamiento en el reciclaje de botellas de pl\u00e1stico es b\u00e1sicamente el mismo. Pero debido a la diferente limpieza de las botellas de pl\u00e1stico desechadas, se requieren m\u00faltiples limpiezas durante el proceso de producci\u00f3n. Por eso es necesario adquirir una variedad de equipos de limpieza. Al comprar, puede prestar atenci\u00f3n a la vida \u00fatil del equipo, el consumo de energ\u00eda, los m\u00e9todos de limpieza, etc. Si compra en nuestra empresa, tomaremos la iniciativa de preguntarle sus necesidades y darle sugerencias razonables, y considerarlo por usted. de forma integral.<\/p> <h2>Precio de la m\u00e1quina de reciclaje de botellas de PET<\/h2> <p>Presumiblemente, todo el mundo quiere saber el precio de los equipos de reciclaje de botellas de pl\u00e1stico de desecho. Debido a la limitaci\u00f3n del tiempo de entrega, m\u00e9todo de transporte y otras condiciones, la lista de precios de la l\u00ednea de reciclaje de botellas de PET puede ser diferente. Adem\u00e1s, el equipamiento es personalizable. Si desea que la m\u00e1quina tenga mejores piezas y un dise\u00f1o m\u00e1s f\u00e1cil de usar, debemos seguir discutiendo. Le ofreceremos productos m\u00e1s rentables a un precio m\u00e1s favorable.<\/p> <h2>\u00bfQu\u00e9 es el reciclaje de pl\u00e1stico?<\/h2> <p class=\"translation-block\"><strong><b>El reciclaje de pl\u00e1stico<\/b><\/strong> se refiere al uso de ciertos procesos de reciclaje para reciclar pl\u00e1sticos desechados con el prop\u00f3sito de convertir desechos en tesoros. En la actualidad, los pl\u00e1sticos desechados son principalmente pel\u00edculas de pl\u00e1stico, filamentos de pl\u00e1stico y productos tejidos, cajas y contenedores de embalaje de pl\u00e1stico, productos pl\u00e1sticos de uso diario, bolsas de pl\u00e1stico y mantillo agr\u00edcola. La l\u00ednea de reciclaje de botellas de pl\u00e1stico utiliza equipos de pelletizaci\u00f3n especiales para procesar desechos de <a href=\"https:\/\/en.wikipedia.org\/wiki\/Polyethylene\" target=\"_blank\" rel=\"noopener\">polietileno<\/a>, polipropileno y otros pl\u00e1sticos a trav\u00e9s de procesos de trituraci\u00f3n, limpieza, calentamiento, plastificaci\u00f3n y moldeo por extrusi\u00f3n para producir pellets de pl\u00e1stico que se venden en el mercado.<\/p> <h2>Efectos del reciclaje de botellas de pl\u00e1stico<\/h2> <p class=\"translation-block\"><strong>El valor de los copos de pl\u00e1stico<\/strong><\/p> <p>La mayor\u00eda de las botellas de bebidas est\u00e1n hechas de pl\u00e1stico PET, PE y PP. Existe una cantidad asombrosa de materiales de desecho para envases de bebidas, como botellas de pl\u00e1stico. Por lo tanto, si se reciclan y procesan de manera efectiva, generar\u00e1n un enorme valor de reciclaje y se convertir\u00e1n en un \u201crecurso para el lugar\u201d.<\/p> <p class=\"translation-block\"><strong>\u00bfCu\u00e1ntas veces se puede reciclar el PET?<\/strong><\/p> <p>\u00bfSe pueden obtener gr\u00e1nulos de pl\u00e1stico en la l\u00ednea de reciclaje de botellas de pl\u00e1stico para volver a producir productos de pl\u00e1stico? La respuesta es por supuesto. Sin embargo, debes agregar pl\u00e1stico virgen durante el reprocesamiento. De esta forma se puede conseguir el reciclaje del pl\u00e1stico. Nuevas pruebas cient\u00edficas han demostrado que el PET y el HDPE, que constituyen el 97 por ciento de todas las botellas de pl\u00e1stico en el mercado de botellas de Am\u00e9rica del Norte, pueden reciclarse y reutilizarse para nuevos envases al menos diez veces.<\/p> <h2>Cont\u00e1ctenos<\/h2> <p>La maquinaria de la l\u00ednea de reciclaje de botellas de PET incluye principalmente una m\u00e1quina desetiquetadora, una trituradora de botellas de pl\u00e1stico, una m\u00e1quina de limpieza a alta temperatura, una m\u00e1quina de limpieza por fricci\u00f3n, etc. Los servicios personalizados de la empresa est\u00e1n disponibles para satisfacer sus necesidades. Si a\u00fan tiene alguna pregunta, comun\u00edquese con nosotros o deje su informaci\u00f3n de contacto. Entonces podremos resolver el problema en detalle para usted.<\/p>","protected":false},"excerpt":{"rendered":"<p>The PET bottle recycling line, also known as the PET bottle recycling machine, includes the process of plastic bottle de-marking, [&hellip;]<\/p>\n","protected":false},"featured_media":5392,"template":"","meta":{"site-sidebar-layout":"default","site-content-layout":"default","ast-site-content-layout":"default","site-content-style":"default","site-sidebar-style":"default","ast-global-header-display":"","ast-banner-title-visibility":"","ast-main-header-display":"","ast-hfb-above-header-display":"","ast-hfb-below-header-display":"","ast-hfb-mobile-header-display":"","site-post-title":"","ast-breadcrumbs-content":"","ast-featured-img":"","footer-sml-layout":"","ast-disable-related-posts":"","theme-transparent-header-meta":"default","adv-header-id-meta":"","stick-header-meta":"default","header-above-stick-meta":"","header-main-stick-meta":"","header-below-stick-meta":"","astra-migrate-meta-layouts":"set","ast-page-background-enabled":"default","ast-page-background-meta":{"desktop":{"background-color":"","background-image":"","background-repeat":"repeat","background-position":"center center","background-size":"auto","background-attachment":"scroll","background-type":"","background-media":"","overlay-type":"","overlay-color":"","overlay-opacity":"","overlay-gradient":""},"tablet":{"background-color":"","background-image":"","background-repeat":"repeat","background-position":"center center","background-size":"auto","background-attachment":"scroll","background-type":"","background-media":"","overlay-type":"","overlay-color":"","overlay-opacity":"","overlay-gradient":""},"mobile":{"background-color":"","background-image":"","background-repeat":"repeat","background-position":"center center","background-size":"auto","background-attachment":"scroll","background-type":"","background-media":"","overlay-type":"","overlay-color":"","overlay-opacity":"","overlay-gradient":""}},"ast-content-background-meta":{"desktop":{"background-color":"var(--ast-global-color-5)","background-image":"","background-repeat":"repeat","background-position":"center center","background-size":"auto","background-attachment":"scroll","background-type":"","background-media":"","overlay-type":"","overlay-color":"","overlay-opacity":"","overlay-gradient":""},"tablet":{"background-color":"var(--ast-global-color-5)","background-image":"","background-repeat":"repeat","background-position":"center center","background-size":"auto","background-attachment":"scroll","background-type":"","background-media":"","overlay-type":"","overlay-color":"","overlay-opacity":"","overlay-gradient":""},"mobile":{"background-color":"var(--ast-global-color-5)","background-image":"","background-repeat":"repeat","background-position":"center center","background-size":"auto","background-attachment":"scroll","background-type":"","background-media":"","overlay-type":"","overlay-color":"","overlay-opacity":"","overlay-gradient":""}}},"product_brand":[],"product_cat":[130],"product_tag":[88],"class_list":{"0":"post-5268","1":"product","2":"type-product","3":"status-publish","4":"has-post-thumbnail","6":"product_cat-solution","7":"product_tag-pet-recycling","8":"desktop-align-center","9":"tablet-align-center","10":"mobile-align-center","12":"first","13":"instock","14":"shipping-taxable","15":"product-type-simple"},"_links":{"self":[{"href":"https:\/\/recyclingequipinc.com\/es\/wp-json\/wp\/v2\/product\/5268","targetHints":{"allow":["GET"]}}],"collection":[{"href":"https:\/\/recyclingequipinc.com\/es\/wp-json\/wp\/v2\/product"}],"about":[{"href":"https:\/\/recyclingequipinc.com\/es\/wp-json\/wp\/v2\/types\/product"}],"version-history":[{"count":0,"href":"https:\/\/recyclingequipinc.com\/es\/wp-json\/wp\/v2\/product\/5268\/revisions"}],"wp:featuredmedia":[{"embeddable":true,"href":"https:\/\/recyclingequipinc.com\/es\/wp-json\/wp\/v2\/media\/5392"}],"wp:attachment":[{"href":"https:\/\/recyclingequipinc.com\/es\/wp-json\/wp\/v2\/media?parent=5268"}],"wp:term":[{"taxonomy":"product_brand","embeddable":true,"href":"https:\/\/recyclingequipinc.com\/es\/wp-json\/wp\/v2\/product_brand?post=5268"},{"taxonomy":"product_cat","embeddable":true,"href":"https:\/\/recyclingequipinc.com\/es\/wp-json\/wp\/v2\/product_cat?post=5268"},{"taxonomy":"product_tag","embeddable":true,"href":"https:\/\/recyclingequipinc.com\/es\/wp-json\/wp\/v2\/product_tag?post=5268"}],"curies":[{"name":"wp","href":"https:\/\/api.w.org\/{rel}","templated":true}]}}