{"id":5245,"date":"2021-11-05T06:58:31","date_gmt":"2021-11-05T06:58:31","guid":{"rendered":"https:\/\/recyclingequipinc.com\/?post_type=product&#038;p=5245"},"modified":"2025-01-20T10:19:20","modified_gmt":"2025-01-20T02:19:20","slug":"plastic-granulator-machine","status":"publish","type":"product","link":"https:\/\/recyclingequipinc.com\/es\/product\/plastic-granulator-machine\/","title":{"rendered":"M\u00e1quina granuladora de pl\u00e1stico para reciclaje de PP, LDPE y HDPE"},"content":{"rendered":"<p class=\"translation-block\"><strong>La m\u00e1quina granuladora de pl\u00e1stico<\/strong> tambi\u00e9n llamada m\u00e1quina para hacer gr\u00e1nulos de pl\u00e1stico. Es el equipo para derretir y extruir desechos de PP (polipropileno) o PE (polietileno) para hacer gr\u00e1nulos de pl\u00e1stico. El motor principal de la granuladora es un extrusor, que consta de un sistema de extrusi\u00f3n, un sistema de transmisi\u00f3n y un sistema de calefacci\u00f3n y refrigeraci\u00f3n. El pl\u00e1stico roto, limpio y seco se puede introducir directamente en la m\u00e1quina de extrusi\u00f3n. Luego, las tiras de pl\u00e1stico extruido generalmente necesitan ser enfriadas en un tanque de enfriamiento y cortadas en pellets por una m\u00e1quina de corte de pellets. La m\u00e1quina de peletizaci\u00f3n de pel\u00edcula pl\u00e1stica es una parte importante de la planta de reciclaje de pl\u00e1stico. Es beneficioso para desarrollar vigorosamente recursos renovables y convertir desechos en tesoros.<\/p> <h2>V\u00eddeo de trabajo<\/h2> <div class=\"ast-oembed-container\" style=\"height: 100%;\"><iframe title=\"M\u00e1quina para fabricar gr\u00e1nulos de PVC\/LDPE\/HDPE para f\u00e1bricas mundiales de reciclaje de pl\u00e1stico\" width=\"500\" height=\"281\" src=\"https:\/\/www.youtube.com\/embed\/byd5tq96FqE?feature=oembed\" frameborder=\"0\" allow=\"accelerometer; autoplay; clipboard-write; encrypted-media; gyroscope; picture-in-picture; web-share\" referrerpolicy=\"strict-origin-when-cross-origin\" allowfullscreen><\/iframe><\/div> <h2>Material aplicable para el reciclaje del granulador.<\/h2> <p>El dise\u00f1o de la m\u00e1quina para fabricar gr\u00e1nulos de pl\u00e1stico le permite procesar eficientemente una amplia gama de materiales de desecho para convertirlos en gr\u00e1nulos. En el caso de los residuos de pl\u00e1stico, los dividimos en pl\u00e1sticos postconsumo y postindustriales, los cuales pueden procesarse en nuestras m\u00e1quinas de reciclaje.<\/p> <p>Materiales de reciclaje postindustrial: para ahorrar costos de materias primas y lograr una econom\u00eda circular, muchos productores de pl\u00e1stico, como los fabricantes de bolsas de pl\u00e1stico, reciclan sus recortes y luego contin\u00faan procesando los gr\u00e1nulos que producen para convertirlos en productos de pl\u00e1stico. Estos pl\u00e1sticos postindustriales incluyen recortes de bolsas de HDPE\/LDPE, pel\u00edculas en rollo, productos de bolsas y pel\u00edculas defectuosas, bolsas con cremallera impresas, tuber\u00edas de PVC de HDPE defectuosas, triturados de PP\/HDPE\/LDPE, tuber\u00edas de riego r\u00edgidas\/blandas de HDPE, etc. .<\/p> <p>Materiales de reciclaje posconsumo: todos los productos pl\u00e1sticos usados \u200b\u200by desechados, como botellas de pl\u00e1stico usadas, bolsas de pl\u00e1stico, medidores abandonados, piezas de autom\u00f3viles, contenedores de alimentos, bidones de productos qu\u00edmicos, paletas de pl\u00e1stico, cuerdas de PP, terrones de pl\u00e1stico, bidones, tubos de cosm\u00e9ticos, pl\u00e1sticos de burbujas. , pel\u00edculas laminadas\/multicapa, materiales de embalaje flexibles, etc.<\/p> <h2>Venta de m\u00e1quina granuladora de pl\u00e1stico<\/h2> <p class=\"translation-block\">Como la m\u00e1quina principal de la <a href=\"https:\/\/recyclingequipinc.com\/es\/producto\/plastic-film-recycling-machine\/\"><strong>l\u00ednea de producci\u00f3n de gr\u00e1nulos de pl\u00e1stico<\/strong><\/a>, el equipo se aplica a una variedad de materiales para peletizar. La apariencia de las granuladoras para manejar diferentes materiales es similar, pero no igual. Sus componentes internos necesitan ser ajustados de acuerdo al material espec\u00edfico, como el di\u00e1metro del tornillo interno, la distancia entre el tornillo y la pared del barril, y la longitud del tornillo.<\/p> <p>Por tanto, una m\u00e1quina ajustada corresponde a un tipo de material. El equipo ajustado es m\u00e1s adecuado a las propiedades de su materia prima. As\u00ed que puedes ponerte en contacto con nosotros para obtener informaci\u00f3n m\u00e1s detallada indic\u00e1ndonos qu\u00e9 material deseas granular. Adem\u00e1s, apoyamos servicios de personalizaci\u00f3n de acuerdo con sus requisitos de reciclaje espec\u00edficos.<\/p> <h2>Escena de exhibici\u00f3n de la m\u00e1quina de f\u00e1brica.<\/h2> <div id='gallery-1' class='gallery galleryid-5245 gallery-columns-2 gallery-size-full'><figure class='gallery-item'> \t\t\t<div class='gallery-icon landscape'> \t\t\t\t<img fetchpriority=\"high\" decoding=\"async\" width=\"720\" height=\"540\" src=\"https:\/\/recyclingequipinc.com\/wp-content\/uploads\/2021\/11\/plastic-granulation-machine.webp\" class=\"attachment-full size-full\" alt=\"m\u00e1quina de granulaci\u00f3n de pl\u00e1stico\" aria-describedby=\"gallery-1-16776\" srcset=\"https:\/\/recyclingequipinc.com\/wp-content\/uploads\/2021\/11\/plastic-granulation-machine.webp 720w, https:\/\/recyclingequipinc.com\/wp-content\/uploads\/2021\/11\/plastic-granulation-machine-300x225.webp 300w, https:\/\/recyclingequipinc.com\/wp-content\/uploads\/2021\/11\/plastic-granulation-machine-16x12.webp 16w\" sizes=\"(max-width: 720px) 100vw, 720px\" \/> \t\t\t<\/div> \t\t\t\t<figcaption class='wp-caption-text gallery-caption' id='gallery-1-16776'> \t\t\t\tm\u00e1quina de granulaci\u00f3n de pl\u00e1stico \t\t\t\t<\/figcaption><\/figure><figure class='gallery-item'> \t\t\t<div class='gallery-icon landscape'> \t\t\t\t<img decoding=\"async\" width=\"720\" height=\"540\" src=\"https:\/\/recyclingequipinc.com\/wp-content\/uploads\/2021\/11\/HDPE-granule-making-machine-1.webp\" class=\"attachment-full size-full\" alt=\"M\u00e1quina para fabricar gr\u00e1nulos de HDPE\" aria-describedby=\"gallery-1-16790\" srcset=\"https:\/\/recyclingequipinc.com\/wp-content\/uploads\/2021\/11\/HDPE-granule-making-machine-1.webp 720w, https:\/\/recyclingequipinc.com\/wp-content\/uploads\/2021\/11\/HDPE-granule-making-machine-1-300x225.webp 300w, https:\/\/recyclingequipinc.com\/wp-content\/uploads\/2021\/11\/HDPE-granule-making-machine-1-16x12.webp 16w\" sizes=\"(max-width: 720px) 100vw, 720px\" \/> \t\t\t<\/div> \t\t\t\t<figcaption class='wp-caption-text gallery-caption' id='gallery-1-16790'> \t\t\t\tM\u00e1quina para fabricar gr\u00e1nulos de HDPE  \t\t\t\t<\/figcaption><\/figure> \t\t<\/div>  <div id='gallery-2' class='gallery galleryid-5245 gallery-columns-2 gallery-size-full'><figure class='gallery-item'> \t\t\t<div class='gallery-icon landscape'> \t\t\t\t<img decoding=\"async\" width=\"720\" height=\"540\" src=\"https:\/\/recyclingequipinc.com\/wp-content\/uploads\/2021\/11\/plastic-granules-production-machine.webp\" class=\"attachment-full size-full\" alt=\"m\u00e1quina de producci\u00f3n de gr\u00e1nulos de pl\u00e1stico\" aria-describedby=\"gallery-2-16780\" srcset=\"https:\/\/recyclingequipinc.com\/wp-content\/uploads\/2021\/11\/plastic-granules-production-machine.webp 720w, https:\/\/recyclingequipinc.com\/wp-content\/uploads\/2021\/11\/plastic-granules-production-machine-300x225.webp 300w, https:\/\/recyclingequipinc.com\/wp-content\/uploads\/2021\/11\/plastic-granules-production-machine-16x12.webp 16w\" sizes=\"(max-width: 720px) 100vw, 720px\" \/> \t\t\t<\/div> \t\t\t\t<figcaption class='wp-caption-text gallery-caption' id='gallery-2-16780'> \t\t\t\tm\u00e1quina de producci\u00f3n de gr\u00e1nulos de pl\u00e1stico \t\t\t\t<\/figcaption><\/figure><figure class='gallery-item'> \t\t\t<div class='gallery-icon landscape'> \t\t\t\t<img loading=\"lazy\" decoding=\"async\" width=\"720\" height=\"540\" src=\"https:\/\/recyclingequipinc.com\/wp-content\/uploads\/2021\/11\/PP-LDPE-HDPE-granulator.webp\" class=\"attachment-full size-full\" alt=\"Granulador PP LDPE HDPE\" aria-describedby=\"gallery-2-16775\" srcset=\"https:\/\/recyclingequipinc.com\/wp-content\/uploads\/2021\/11\/PP-LDPE-HDPE-granulator.webp 720w, https:\/\/recyclingequipinc.com\/wp-content\/uploads\/2021\/11\/PP-LDPE-HDPE-granulator-300x225.webp 300w, https:\/\/recyclingequipinc.com\/wp-content\/uploads\/2021\/11\/PP-LDPE-HDPE-granulator-16x12.webp 16w\" sizes=\"(max-width: 720px) 100vw, 720px\" \/> \t\t\t<\/div> \t\t\t\t<figcaption class='wp-caption-text gallery-caption' id='gallery-2-16775'> \t\t\t\tGranulador PP LDPE HDPE \t\t\t\t<\/figcaption><\/figure> \t\t<\/div>  <p>&nbsp;<\/p> <h2>Caracter\u00edsticas y beneficios de los equipos de granulaci\u00f3n de pl\u00e1stico.<\/h2> <ol> <li>Dise\u00f1o \u00fanico, buen rendimiento, bajo nivel de ruido, funcionamiento estable, funcionamiento sencillo<\/li> <li>Proceso simple, tecnolog\u00eda avanzada y adecuado para diversos pl\u00e1sticos de desecho.<\/li> <li>El tornillo y el cilindro son resistentes al desgaste, duraderos y de alto rendimiento.<\/li> <li>La m\u00e1quina granuladora de pl\u00e1stico puede procesar entre 2 y 30 toneladas de residuos de pl\u00e1stico por d\u00eda.<\/li> <li>M\u00e1quinas principales y auxiliares integradas, instalaci\u00f3n sencilla, tama\u00f1o reducido, rendimiento de alto costo.<\/li> <li>Utilice calefacci\u00f3n ininterrumpida por fricci\u00f3n de alta presi\u00f3n, modo de calefacci\u00f3n multifunci\u00f3n, equipado con un sistema de temperatura constante<\/li> <li>No necesita calentar continuamente, reduciendo el consumo de energ\u00eda en 30-40%.<\/li> <li>Alta automatizaci\u00f3n, pocas intervenciones humanas.<\/li> <li>El servicio de personalizaci\u00f3n est\u00e1 disponible.<\/li> <\/ol> <figure id=\"attachment_5257\" aria-describedby=\"caption-attachment-5257\" style=\"width: 750px\" class=\"wp-caption aligncenter\"><img loading=\"lazy\" decoding=\"async\" class=\"size-full wp-image-5257\" src=\"https:\/\/recyclingequipinc.com\/wp-content\/uploads\/2021\/11\/electric-mold-head.jpg\" alt=\"cabezal de molde el\u00e9ctrico\" width=\"750\" height=\"500\" srcset=\"https:\/\/recyclingequipinc.com\/wp-content\/uploads\/2021\/11\/electric-mold-head.jpg 750w, https:\/\/recyclingequipinc.com\/wp-content\/uploads\/2021\/11\/electric-mold-head-300x200.jpg 300w, https:\/\/recyclingequipinc.com\/wp-content\/uploads\/2021\/11\/electric-mold-head-600x400.jpg 600w\" sizes=\"(max-width: 750px) 100vw, 750px\" \/><figcaption id=\"caption-attachment-5257\" class=\"wp-caption-text\">cabezal de molde el\u00e9ctrico<\/figcaption><\/figure> <h2>Estructura de la m\u00e1quina<\/h2> <p>La estructura de la m\u00e1quina para fabricar gr\u00e1nulos de pl\u00e1stico se compone de un reductor, un puerto de alimentaci\u00f3n, un dispositivo de calentamiento, una c\u00e1mara de prensa, un puerto de descarga, una prensa de tornillo, un cabezal de molde, una base y otras partes.<\/p> <p class=\"translation-block\">El <strong><b>reductor<\/b><\/strong> es un reductor de superficie de engranaje duro. Su calidad es muy importante como una parte crucial del extrusor de pl\u00e1stico. En la actualidad, la clasificaci\u00f3n de calidad de los reductores comunes en el mercado es: reductor de caracol de estilo antiguo &lt;reductor com\u00fan &lt;reductor de superficie de engranaje semi-duro &lt;reductor de superficie de engranaje duro.<\/p> <p class=\"translation-block\">Hay dos tipos principales de <strong><b>cabezal de molde<\/b><\/strong> para la extrusi\u00f3n de pl\u00e1stico, cabezal de molde el\u00e9ctrico y cabezal de molde hidr\u00e1ulico. La pantalla de filtrado del cabezal de molde hidr\u00e1ulico se puede reemplazar sin detener la m\u00e1quina. Para el material con muchas impurezas, el <a href=\"https:\/\/en.wikipedia.org\/wiki\/Hydraulics\" target=\"_blank\" rel=\"noopener\">hidr\u00e1ulico<\/a> es m\u00e1s adecuado. Pero el costo tambi\u00e9n es m\u00e1s alto. El modelo de la m\u00e1quina granuladora de pl\u00e1stico se divide principalmente por el di\u00e1metro del tornillo. El tornillo est\u00e1 hecho de acero 45#, 40CR, 38CRSI. El modelo del equipo de granulaci\u00f3n de pl\u00e1stico se divide principalmente de acuerdo al di\u00e1metro de la prensa del tornillo. Se ofrecen servicios de personalizaci\u00f3n de cromado, nitruraci\u00f3n y otros procesos de acuerdo a sus caracter\u00edsticas de procesamiento de pl\u00e1stico.<\/p> <figure id=\"attachment_5249\" aria-describedby=\"caption-attachment-5249\" style=\"width: 750px\" class=\"wp-caption aligncenter\"><img loading=\"lazy\" decoding=\"async\" class=\"size-full wp-image-5249\" src=\"https:\/\/recyclingequipinc.com\/wp-content\/uploads\/2021\/11\/plastic-pellet-making-machine-structure.jpg\" alt=\"Estructura de la m\u00e1quina para fabricar pellets de pl\u00e1stico\" width=\"750\" height=\"500\" srcset=\"https:\/\/recyclingequipinc.com\/wp-content\/uploads\/2021\/11\/plastic-pellet-making-machine-structure.jpg 750w, https:\/\/recyclingequipinc.com\/wp-content\/uploads\/2021\/11\/plastic-pellet-making-machine-structure-300x200.jpg 300w, https:\/\/recyclingequipinc.com\/wp-content\/uploads\/2021\/11\/plastic-pellet-making-machine-structure-600x400.jpg 600w\" sizes=\"(max-width: 750px) 100vw, 750px\" \/><figcaption id=\"caption-attachment-5249\" class=\"wp-caption-text\">Estructura de la m\u00e1quina para fabricar pellets de pl\u00e1stico<\/figcaption><\/figure> <h2>El sistema de calefacci\u00f3n de la m\u00e1quina granuladora de LDPE\/HDPE.<\/h2> <p>El m\u00e9todo de calentamiento de la extrusora de pl\u00e1stico se divide en un anillo calefactor de aluminio fundido, un anillo calefactor de tubo de cuarzo, un anillo calefactor de cer\u00e1mica y un anillo calefactor electromagn\u00e9tico. Entre ellos, el mejor efecto de calentamiento es el calentamiento electromagn\u00e9tico. El anillo calefactor de aluminio fundido necesita de 30 a 40 minutos para calentarse, mientras que el anillo calefactor electromagn\u00e9tico necesita de 15 a 20 minutos. El calentamiento electromagn\u00e9tico puede aumentar la temperatura r\u00e1pidamente. Y tiene un buen efecto de temperatura constante, funcionando de manera estable. Pero no es adecuado para procesar materiales de espuma. El m\u00e9todo de calentamiento debe considerarse en funci\u00f3n de las materias primas y el color del producto final.<\/p> <h2>Principio de funcionamiento de la m\u00e1quina para fabricar gr\u00e1nulos de pl\u00e1stico.<\/h2> <ol> <li>Encienda la m\u00e1quina granuladora de HDPE\/PP\/PVC. Observar la m\u00e1quina para ver si hay alg\u00fan sonido o vibraci\u00f3n anormal. Si no, ponlo en uso.<\/li> <li>Preste atenci\u00f3n a precalentar la m\u00e1quina granuladora de pl\u00e1stico para derretir el pl\u00e1stico. El pl\u00e1stico derretido se volver\u00e1 negro si la temperatura es demasiado alta. Mientras que la baja temperatura no puede derretir el pl\u00e1stico.<\/li> <li>Es mejor estar equipado con una m\u00e1quina de alimentaci\u00f3n autom\u00e1tica para introducir virutas de pl\u00e1stico en el equipo de granulaci\u00f3n de pl\u00e1stico porque el material de la pel\u00edcula pl\u00e1stica es muy liviano y dif\u00edcil de alimentar.<\/li> <li>Los trozos de pel\u00edcula pl\u00e1stica se derretir\u00e1n y se presionar\u00e1n en el motor principal, luego se empujar\u00e1n junto con el tornillo hacia el motor auxiliar. Finalmente, el material fundido ser\u00e1 extruido del motor auxiliar en forma de tiras de pl\u00e1stico.<\/li> <li>Coloque un tanque de enfriamiento debajo del cabezal del molde para que las tiras de pl\u00e1stico calientes se enfr\u00eden en el tanque y le den forma.<\/li> <\/ol> <h2>\u00bfA qu\u00e9 se debe prestar atenci\u00f3n al utilizar equipos granuladores de pl\u00e1stico?<\/h2> <ul> <li>En el interior de la m\u00e1quina no debe haber residuos de metal ni arena fina. No coloque objetos met\u00e1licos u otras cosas alrededor de la entrada donde puedan caer dentro de la m\u00e1quina en caso de da\u00f1ar la m\u00e1quina de pellets de pl\u00e1stico, causar atascos o destrucci\u00f3n.<\/li> <li>Es mejor que el operador reciba una formaci\u00f3n real sobre c\u00f3mo utilizar la m\u00e1quina granuladora. Adem\u00e1s, tambi\u00e9n deben aprender la estructura del equipo y los procedimientos operativos.<\/li> <li>Controle la temperatura del agua del tanque de enfriamiento. Porque las tiras de pl\u00e1stico se romper\u00e1n si la temperatura es demasiado baja. Si bien las altas temperaturas no pueden hacer que las tiras de pl\u00e1stico se enfr\u00eden y se formen bien, las tiras pueden pegarse.<\/li> <li>El pl\u00e1stico derretido debe extruirse en tiras uniformemente antes de ingresar a la m\u00e1quina cortadora de pellets de pl\u00e1stico. Las tiras desiguales pueden da\u00f1ar el cortador de pellets de pl\u00e1stico. Los orificios del cabezal del molde pueden obstruirse con impurezas si la tira extruida es delgada o est\u00e1 rota. Entonces necesitas reemplazar la pantalla del filtro.<\/li> <\/ul> <h2>Par\u00e1metros de la m\u00e1quina para fabricar gr\u00e1nulos de HDPE<\/h2> <table> <tbody> <tr> <td width=\"71\">Tipo<\/td> <td width=\"71\">105<\/td> <td width=\"71\">125<\/td> <td width=\"71\">135<\/td> <td width=\"71\">150<\/td> <td width=\"71\">180<\/td> <td width=\"71\">200<\/td> <td width=\"71\">220<\/td> <\/tr> <tr> <td width=\"71\">Di\u00e1metro del tornillo<\/td> <td width=\"71\">105mm<\/td> <td width=\"71\">125mm<\/td> <td width=\"71\">135mm<\/td> <td width=\"71\">150mm<\/td> <td width=\"71\">180mm<\/td> <td width=\"71\">200 mm<\/td> <td width=\"71\">220 mm<\/td> <\/tr> <tr> <td width=\"71\">Eje de velocidad<\/td> <td width=\"71\">50-70\/minuto<\/td> <td width=\"71\">50-70\/minuto<\/td> <td width=\"71\">40-50\/minuto<\/td> <td width=\"71\">40-50\/minuto<\/td> <td width=\"71\">40-50\/minuto<\/td> <td width=\"71\">40-50\/minuto<\/td> <td width=\"71\">40-50\/minuto<\/td> <\/tr> <tr> <td width=\"71\">Potencia del motor principal<\/td> <td width=\"71\">18,5 kw<\/td> <td width=\"71\">30kw<\/td> <td width=\"71\">37kw<\/td> <td width=\"71\">37kw<\/td> <td width=\"71\">55kw<\/td> <td width=\"71\">75kw<\/td> <td width=\"71\">90kw<\/td> <\/tr> <tr> <td width=\"71\">Reductor (engranaje duro)<\/td> <td width=\"71\">200<\/td> <td width=\"71\">225<\/td> <td width=\"71\">250<\/td> <td width=\"71\">250<\/td> <td width=\"71\">280<\/td> <td width=\"71\">315<\/td> <td width=\"71\">330<\/td> <\/tr> <tr> <td width=\"71\">Peso<\/td> <td width=\"71\">1,3T<\/td> <td width=\"71\">1,8T<\/td> <td width=\"71\">2T<\/td> <td width=\"71\">2T<\/td> <td width=\"71\">2.2T<\/td> <td width=\"71\">2.8T<\/td> <td width=\"71\">3.2T<\/td> <\/tr> <tr> <td width=\"71\">Tama\u00f1o<\/td> <td width=\"71\">2.4*0.7*0.7<\/td> <td width=\"71\">2.6*0.7*0.7<\/td> <td width=\"71\">2.8*0.7*0.7<\/td> <td width=\"71\">3.0*0.7*0.8<\/td> <td width=\"71\">3.2*0.7*0.8<\/td> <td width=\"71\">3.5*1*1<\/td> <td width=\"71\">3.8*1.2*1<\/td> <\/tr> <tr> <td width=\"71\">Producci\u00f3n<\/td> <td width=\"71\">150kg\/hora<\/td> <td width=\"71\">180kg\/hora<\/td> <td width=\"71\">200kg\/h<\/td> <td width=\"71\">300kg\/h<\/td> <td width=\"71\">350kg\/h<\/td> <td width=\"71\">380kg\/h<\/td> <td width=\"71\">420kg\/h<\/td> <\/tr> <\/tbody> <\/table> <p>Disponemos de 7 modelos de m\u00e1quinas granuladoras para que elijas. La mayor diferencia entre las 7 m\u00e1quinas es el rendimiento. La producci\u00f3n es de 150 kg\/h, 180 kg\/h, 200 kg\/h, 300 kg\/h, 350 kg\/h, 380 kg\/h y 420 kg\/h respectivamente. De manera similar, una producci\u00f3n diferente corresponde a precios diferentes. Si tienes una planta de reciclaje de pl\u00e1stico grande, te sugerimos comprar m\u00e1quinas de 380kg\/h o 420kg\/h. Tambi\u00e9n te daremos el mejor precio. En segundo lugar, debe considerar el \u00e1rea de su planta y el tama\u00f1o de la m\u00e1quina. Como puede ver, una mayor producci\u00f3n significa un mayor tama\u00f1o. Por ejemplo, el tama\u00f1o de una m\u00e1quina con una producci\u00f3n de 150 kg\/h es 2,4 * 0,7 * 0,7, mientras que el tama\u00f1o de una m\u00e1quina con una producci\u00f3n de 420 kg\/h es 3,8 * 102 * 1. Si el \u00e1rea de su planta es demasiado peque\u00f1a, no es adecuado para m\u00e1quinas de gran tama\u00f1o, o puedes ajustar el tama\u00f1o de tu planta.<\/p>","protected":false},"excerpt":{"rendered":"<p>La m\u00e1quina granuladora de pl\u00e1stico es el equipo para fundir y extruir virutas de pel\u00edcula de pl\u00e1stico PP (polietileno) o PE (polipropileno) para producir gr\u00e1nulos de pl\u00e1stico. Es una parte importante de la l\u00ednea de reciclaje de pel\u00edculas pl\u00e1sticas. La m\u00e1quina peletizadora de pl\u00e1stico se utiliza para fundir pl\u00e1sticos limpios, triturados y secos en tiras, enfriarlos en un tanque de refrigeraci\u00f3n por agua y cortarlos con una m\u00e1quina cortadora de pellets de pl\u00e1stico. Es beneficioso para desarrollar vigorosamente los recursos renovables y convertir los residuos en tesoros.<\/p>","protected":false},"featured_media":16798,"template":"","meta":{"site-sidebar-layout":"default","site-content-layout":"default","ast-site-content-layout":"default","site-content-style":"default","site-sidebar-style":"default","ast-global-header-display":"","ast-banner-title-visibility":"","ast-main-header-display":"","ast-hfb-above-header-display":"","ast-hfb-below-header-display":"","ast-hfb-mobile-header-display":"","site-post-title":"","ast-breadcrumbs-content":"","ast-featured-img":"","footer-sml-layout":"","ast-disable-related-posts":"","theme-transparent-header-meta":"default","adv-header-id-meta":"","stick-header-meta":"default","header-above-stick-meta":"","header-main-stick-meta":"","header-below-stick-meta":"","astra-migrate-meta-layouts":"set","ast-page-background-enabled":"default","ast-page-background-meta":{"desktop":{"background-color":"","background-image":"","background-repeat":"repeat","background-position":"center center","background-size":"auto","background-attachment":"scroll","background-type":"","background-media":"","overlay-type":"","overlay-color":"","overlay-opacity":"","overlay-gradient":""},"tablet":{"background-color":"","background-image":"","background-repeat":"repeat","background-position":"center center","background-size":"auto","background-attachment":"scroll","background-type":"","background-media":"","overlay-type":"","overlay-color":"","overlay-opacity":"","overlay-gradient":""},"mobile":{"background-color":"","background-image":"","background-repeat":"repeat","background-position":"center center","background-size":"auto","background-attachment":"scroll","background-type":"","background-media":"","overlay-type":"","overlay-color":"","overlay-opacity":"","overlay-gradient":""}},"ast-content-background-meta":{"desktop":{"background-color":"var(--ast-global-color-5)","background-image":"","background-repeat":"repeat","background-position":"center center","background-size":"auto","background-attachment":"scroll","background-type":"","background-media":"","overlay-type":"","overlay-color":"","overlay-opacity":"","overlay-gradient":""},"tablet":{"background-color":"var(--ast-global-color-5)","background-image":"","background-repeat":"repeat","background-position":"center center","background-size":"auto","background-attachment":"scroll","background-type":"","background-media":"","overlay-type":"","overlay-color":"","overlay-opacity":"","overlay-gradient":""},"mobile":{"background-color":"var(--ast-global-color-5)","background-image":"","background-repeat":"repeat","background-position":"center center","background-size":"auto","background-attachment":"scroll","background-type":"","background-media":"","overlay-type":"","overlay-color":"","overlay-opacity":"","overlay-gradient":""}}},"product_brand":[],"product_cat":[36],"product_tag":[83],"class_list":{"0":"post-5245","1":"product","2":"type-product","3":"status-publish","4":"has-post-thumbnail","6":"product_cat-plastic-recycling-machine","7":"product_tag-pelletizer","8":"desktop-align-center","9":"tablet-align-center","10":"mobile-align-center","12":"first","13":"instock","14":"shipping-taxable","15":"product-type-simple"},"_links":{"self":[{"href":"https:\/\/recyclingequipinc.com\/es\/wp-json\/wp\/v2\/product\/5245","targetHints":{"allow":["GET"]}}],"collection":[{"href":"https:\/\/recyclingequipinc.com\/es\/wp-json\/wp\/v2\/product"}],"about":[{"href":"https:\/\/recyclingequipinc.com\/es\/wp-json\/wp\/v2\/types\/product"}],"version-history":[{"count":0,"href":"https:\/\/recyclingequipinc.com\/es\/wp-json\/wp\/v2\/product\/5245\/revisions"}],"wp:featuredmedia":[{"embeddable":true,"href":"https:\/\/recyclingequipinc.com\/es\/wp-json\/wp\/v2\/media\/16798"}],"wp:attachment":[{"href":"https:\/\/recyclingequipinc.com\/es\/wp-json\/wp\/v2\/media?parent=5245"}],"wp:term":[{"taxonomy":"product_brand","embeddable":true,"href":"https:\/\/recyclingequipinc.com\/es\/wp-json\/wp\/v2\/product_brand?post=5245"},{"taxonomy":"product_cat","embeddable":true,"href":"https:\/\/recyclingequipinc.com\/es\/wp-json\/wp\/v2\/product_cat?post=5245"},{"taxonomy":"product_tag","embeddable":true,"href":"https:\/\/recyclingequipinc.com\/es\/wp-json\/wp\/v2\/product_tag?post=5245"}],"curies":[{"name":"wp","href":"https:\/\/api.w.org\/{rel}","templated":true}]}}