{"id":5215,"date":"2021-11-02T08:47:53","date_gmt":"2021-11-02T08:47:53","guid":{"rendered":"https:\/\/recyclingequipinc.com\/?post_type=product&#038;p=5215"},"modified":"2025-01-20T10:20:58","modified_gmt":"2025-01-20T02:20:58","slug":"pet-bottle-label-remover-machine","status":"publish","type":"product","link":"https:\/\/recyclingequipinc.com\/es\/product\/pet-bottle-label-remover-machine\/","title":{"rendered":"M\u00e1quina para quitar etiquetas de botellas de PET"},"content":{"rendered":"<p class=\"translation-block\"><strong>La m\u00e1quina quitadora de etiquetas de botellas de PET<\/strong> es el equipo especializado para quitar las etiquetas de las botellas de pl\u00e1stico PET. La tasa de eliminaci\u00f3n puede alcanzar el 98%. Hay muchas cuchillas dentro del equipo. Las cuchillas dise\u00f1adas especialmente est\u00e1n hechas de acero aleado, que es duradero, de alta dureza y alta tenacidad. La m\u00e1quina quitadora de etiquetas de botellas de PET puede satisfacer la gran capacidad en la l\u00ednea de reciclaje de botellas de PET, mejorando la eficiencia, ahorrando mano de obra y tiempo. Adem\u00e1s, el servicio de personalizaci\u00f3n est\u00e1 disponible de acuerdo con las necesidades reales de los clientes.<\/p> <figure id=\"attachment_5218\" aria-describedby=\"caption-attachment-5218\" style=\"width: 750px\" class=\"wp-caption aligncenter\"><img fetchpriority=\"high\" decoding=\"async\" class=\"wp-image-5218 size-full\" src=\"https:\/\/recyclingequipinc.com\/wp-content\/uploads\/2021\/11\/PET-bottle-label-removing-machine.jpg\" alt=\"M\u00e1quina para quitar etiquetas de botellas de PET\" width=\"750\" height=\"500\" srcset=\"https:\/\/recyclingequipinc.com\/wp-content\/uploads\/2021\/11\/PET-bottle-label-removing-machine.jpg 750w, https:\/\/recyclingequipinc.com\/wp-content\/uploads\/2021\/11\/PET-bottle-label-removing-machine-300x200.jpg 300w, https:\/\/recyclingequipinc.com\/wp-content\/uploads\/2021\/11\/PET-bottle-label-removing-machine-600x400.jpg 600w\" sizes=\"(max-width: 750px) 100vw, 750px\" \/><figcaption id=\"caption-attachment-5218\" class=\"wp-caption-text\">M\u00e1quina para quitar etiquetas de botellas de PET<\/figcaption><\/figure> <h2>Proceso de trabajo de la m\u00e1quina desetiquetadora de botellas de pl\u00e1stico.<\/h2> <p class=\"translation-block\">En la <a href=\"https:\/\/recyclingequipinc.com\/es\/producto\/pet-bottle-recycling-machine\/\"><strong>l\u00ednea de reciclaje de botellas de PET<\/strong><\/a>, las botellas de PET ser\u00e1n transportadas a la m\u00e1quina de eliminaci\u00f3n de etiquetas por medio de <a href=\"https:\/\/recyclingequipinc.com\/es\/producto\/belt-conveyor\/\"><strong>un transportador de banda<\/strong><\/a>. Los cortadores de acero aleado dentro de la m\u00e1quina quitadora de etiquetas cortar\u00e1n una abertura en la marca de las botellas de pl\u00e1stico PET. El cuchillo dentado en la cuchilla puede despegar las etiquetas de las botellas. Luego, un motor de ventilador genera un viento para separar las etiquetas de las botellas. Despu\u00e9s, la m\u00e1quina soplar\u00e1 los restos de etiquetas por la salida superior y transportar\u00e1 las botellas al puerto de descarga.<\/p> <h2>V\u00eddeo de trabajo de la m\u00e1quina quitaetiquetas de botellas de PET<\/h2> <div class=\"ast-oembed-container\" style=\"height: 100%;\"><iframe title=\"C\u00f3mo quitar etiquetas de PVC de botellas de PET | Equipo de extracci\u00f3n de botellas para reciclaje de botellas de PET\" width=\"500\" height=\"281\" src=\"https:\/\/www.youtube.com\/embed\/Kc_A5SJQNI0?feature=oembed\" frameborder=\"0\" allow=\"accelerometer; autoplay; clipboard-write; encrypted-media; gyroscope; picture-in-picture; web-share\" referrerpolicy=\"strict-origin-when-cross-origin\" allowfullscreen><\/iframe><\/div> <h2>Caracter\u00edsticas de la m\u00e1quina quitaetiquetas de botellas de PET<\/h2> <ol> <li>Aplique para quitar las etiquetas de las botellas de PET y la tasa de eliminaci\u00f3n de etiquetas puede alcanzar 98%.<\/li> <li>Adecuado para requisitos de producci\u00f3n en masa para la capacidad de la m\u00e1quina.<\/li> <li>Reemplaza la eliminaci\u00f3n manual de las etiquetas de las botellas de pl\u00e1stico, mejorando la eficiencia del trabajo.<\/li> <li>Adopte hojas de acero aleado, que tienen las caracter\u00edsticas de durabilidad, alta dureza y alta tenacidad.<\/li> <li>La m\u00e1quina quitaetiquetas de botellas de PET es adecuada para diferentes tama\u00f1os de botellas ajustando las cuchillas.<\/li> <li>El largo y ancho de la m\u00e1quina se pueden personalizar seg\u00fan los requisitos del cliente.<\/li> <\/ol> <figure id=\"attachment_5220\" aria-describedby=\"caption-attachment-5220\" style=\"width: 750px\" class=\"wp-caption aligncenter\"><img decoding=\"async\" class=\"wp-image-5220 size-full\" src=\"https:\/\/recyclingequipinc.com\/wp-content\/uploads\/2021\/11\/alloy-steel-blades-of-PET-bottle-de-labeling-machine.jpg\" alt=\"Cuchillas de acero aleado de m\u00e1quina desetiquetadora de botellas de PET\" width=\"750\" height=\"500\" srcset=\"https:\/\/recyclingequipinc.com\/wp-content\/uploads\/2021\/11\/alloy-steel-blades-of-PET-bottle-de-labeling-machine.jpg 750w, https:\/\/recyclingequipinc.com\/wp-content\/uploads\/2021\/11\/alloy-steel-blades-of-PET-bottle-de-labeling-machine-300x200.jpg 300w, https:\/\/recyclingequipinc.com\/wp-content\/uploads\/2021\/11\/alloy-steel-blades-of-PET-bottle-de-labeling-machine-600x400.jpg 600w\" sizes=\"(max-width: 750px) 100vw, 750px\" \/><figcaption id=\"caption-attachment-5220\" class=\"wp-caption-text\">Cuchillas de acero aleado de m\u00e1quina desetiquetadora de botellas de PET<\/figcaption><\/figure> <h2>\u00bfPor qu\u00e9 utilizar la m\u00e1quina quitaetiquetas de botellas de PET?<\/h2> <p class=\"translation-block\">Las botellas de PET generalmente tendr\u00e1n las etiquetas quitadas antes de entrar en la m\u00e1quina de trituraci\u00f3n porque el material de la etiqueta es diferente del de las botellas de PET. Si las botellas de PET con etiquetas son trituradas, es dif\u00edcil separar los restos de etiquetas de las escamas de PET. Los restos de etiquetas disminuir\u00e1n la pureza de las escamas de PET, por lo que es mejor quitar las etiquetas antes de que las botellas de PET entren en el <a href=\"https:\/\/recyclingequipinc.com\/es\/producto\/waste-plastic-crusher\/\"><strong>triturador de pl\u00e1stico<\/strong><\/a>. Comparado con la eliminaci\u00f3n manual de etiquetas, la m\u00e1quina de eliminaci\u00f3n de etiquetas trabaja de manera m\u00e1s eficiente y r\u00e1pida. Si desea mejorar a\u00fan m\u00e1s la pureza de las escamas de PET, puede combinarla con una m\u00e1quina de clasificaci\u00f3n de pl\u00e1sticos para seleccionar otros materiales manualmente.<\/p> <h2>Par\u00e1metros de la m\u00e1quina removedora de etiquetas de botellas de PET<\/h2> <table style=\"height: 265px;\" width=\"599\"> <tbody> <tr> <td width=\"274\">Modelo<\/td> <td width=\"278\">SL-600<\/td> <\/tr> <tr> <td width=\"274\">El poder principal del removedor de botellas de pl\u00e1stico.<\/td> <td width=\"278\">11kw<\/td> <\/tr> <tr> <td width=\"274\">El poder de los fan\u00e1ticos<\/td> <td width=\"278\">3kW<\/td> <\/tr> <tr> <td width=\"274\">Capacidad<\/td> <td width=\"278\">1-1,2t\/h<\/td> <\/tr> <tr> <td width=\"274\">La tasa de eliminaci\u00f3n de la etiqueta.<\/td> <td width=\"278\">98%<\/td> <\/tr> <tr> <td width=\"274\">Tama\u00f1o<\/td> <td width=\"278\">4000*1800*1600mm<\/td> <\/tr> <tr> <td width=\"274\">Peso<\/td> <td width=\"278\">1500 kilos<\/td> <\/tr> <\/tbody> <\/table> <h2><\/h2>","protected":false},"excerpt":{"rendered":"<p>La m\u00e1quina quitaetiquetas de botellas de PET es el equipo para quitar etiquetas de botellas de PET a fin de mejorar la pureza de los productos de PET terminados. Adopta hojas de aleaci\u00f3n de acero, duraderas, duras y resistentes. La m\u00e1quina desetiquetadora de gran capacidad funciona de manera eficiente y su tasa de eliminaci\u00f3n puede alcanzar 98%. Adem\u00e1s, el largo y ancho de la m\u00e1quina se pueden personalizar seg\u00fan sus necesidades.<\/p>","protected":false},"featured_media":16801,"template":"","meta":{"site-sidebar-layout":"default","site-content-layout":"default","ast-site-content-layout":"default","site-content-style":"default","site-sidebar-style":"default","ast-global-header-display":"","ast-banner-title-visibility":"","ast-main-header-display":"","ast-hfb-above-header-display":"","ast-hfb-below-header-display":"","ast-hfb-mobile-header-display":"","site-post-title":"","ast-breadcrumbs-content":"","ast-featured-img":"","footer-sml-layout":"","ast-disable-related-posts":"","theme-transparent-header-meta":"default","adv-header-id-meta":"","stick-header-meta":"default","header-above-stick-meta":"","header-main-stick-meta":"","header-below-stick-meta":"","astra-migrate-meta-layouts":"set","ast-page-background-enabled":"default","ast-page-background-meta":{"desktop":{"background-color":"","background-image":"","background-repeat":"repeat","background-position":"center center","background-size":"auto","background-attachment":"scroll","background-type":"","background-media":"","overlay-type":"","overlay-color":"","overlay-opacity":"","overlay-gradient":""},"tablet":{"background-color":"","background-image":"","background-repeat":"repeat","background-position":"center center","background-size":"auto","background-attachment":"scroll","background-type":"","background-media":"","overlay-type":"","overlay-color":"","overlay-opacity":"","overlay-gradient":""},"mobile":{"background-color":"","background-image":"","background-repeat":"repeat","background-position":"center center","background-size":"auto","background-attachment":"scroll","background-type":"","background-media":"","overlay-type":"","overlay-color":"","overlay-opacity":"","overlay-gradient":""}},"ast-content-background-meta":{"desktop":{"background-color":"var(--ast-global-color-5)","background-image":"","background-repeat":"repeat","background-position":"center center","background-size":"auto","background-attachment":"scroll","background-type":"","background-media":"","overlay-type":"","overlay-color":"","overlay-opacity":"","overlay-gradient":""},"tablet":{"background-color":"var(--ast-global-color-5)","background-image":"","background-repeat":"repeat","background-position":"center center","background-size":"auto","background-attachment":"scroll","background-type":"","background-media":"","overlay-type":"","overlay-color":"","overlay-opacity":"","overlay-gradient":""},"mobile":{"background-color":"var(--ast-global-color-5)","background-image":"","background-repeat":"repeat","background-position":"center center","background-size":"auto","background-attachment":"scroll","background-type":"","background-media":"","overlay-type":"","overlay-color":"","overlay-opacity":"","overlay-gradient":""}}},"product_brand":[],"product_cat":[36],"product_tag":[91,90],"class_list":{"0":"post-5215","1":"product","2":"type-product","3":"status-publish","4":"has-post-thumbnail","6":"product_cat-plastic-recycling-machine","7":"product_tag-label-remover","8":"product_tag-pet-part","9":"desktop-align-center","10":"tablet-align-center","11":"mobile-align-center","13":"first","14":"instock","15":"shipping-taxable","16":"product-type-simple"},"_links":{"self":[{"href":"https:\/\/recyclingequipinc.com\/es\/wp-json\/wp\/v2\/product\/5215","targetHints":{"allow":["GET"]}}],"collection":[{"href":"https:\/\/recyclingequipinc.com\/es\/wp-json\/wp\/v2\/product"}],"about":[{"href":"https:\/\/recyclingequipinc.com\/es\/wp-json\/wp\/v2\/types\/product"}],"version-history":[{"count":0,"href":"https:\/\/recyclingequipinc.com\/es\/wp-json\/wp\/v2\/product\/5215\/revisions"}],"wp:featuredmedia":[{"embeddable":true,"href":"https:\/\/recyclingequipinc.com\/es\/wp-json\/wp\/v2\/media\/16801"}],"wp:attachment":[{"href":"https:\/\/recyclingequipinc.com\/es\/wp-json\/wp\/v2\/media?parent=5215"}],"wp:term":[{"taxonomy":"product_brand","embeddable":true,"href":"https:\/\/recyclingequipinc.com\/es\/wp-json\/wp\/v2\/product_brand?post=5215"},{"taxonomy":"product_cat","embeddable":true,"href":"https:\/\/recyclingequipinc.com\/es\/wp-json\/wp\/v2\/product_cat?post=5215"},{"taxonomy":"product_tag","embeddable":true,"href":"https:\/\/recyclingequipinc.com\/es\/wp-json\/wp\/v2\/product_tag?post=5215"}],"curies":[{"name":"wp","href":"https:\/\/api.w.org\/{rel}","templated":true}]}}