{"id":5099,"date":"2021-10-28T01:59:58","date_gmt":"2021-10-28T01:59:58","guid":{"rendered":"https:\/\/recyclingequipinc.com\/?post_type=product&#038;p=5099"},"modified":"2025-01-20T10:21:14","modified_gmt":"2025-01-20T02:21:14","slug":"vertical-dewatering-machine-vertical-dryer","status":"publish","type":"product","link":"https:\/\/recyclingequipinc.com\/es\/product\/vertical-dewatering-machine-vertical-dryer\/","title":{"rendered":"M\u00e1quina deshidratadora de pl\u00e1stico | Secador vertical de pl\u00e1stico"},"content":{"rendered":"<p>La m\u00e1quina deshidratadora de pl\u00e1stico tiene una funci\u00f3n de deshidrataci\u00f3n de alta velocidad, que se aplica principalmente al secado de pel\u00edculas pl\u00e1sticas de desecho h\u00famedo, bolsas tejidas, escamas, etc., en la l\u00ednea de reciclaje de pel\u00edculas pl\u00e1sticas. La m\u00e1quina no solo centrifuga y seca el material h\u00famedo sino que tambi\u00e9n separa algunas impurezas del material para aumentar el nivel de calidad de la limpieza. Se debe instalar el secador de pl\u00e1stico de tipo vertical al final de la piscina de agua, utilizado despu\u00e9s del triturado y limpieza. Para mejorar la eficiencia de la producci\u00f3n, el deshidratador de pl\u00e1stico de tipo vertical puede combinarse con un transportador autom\u00e1tico para transportar escamas de pl\u00e1stico deshidratadas a una m\u00e1quina de alimentaci\u00f3n autom\u00e1tica, reemplazando la alimentaci\u00f3n manual y ahorrando mano de obra. El interior de la m\u00e1quina deshidratadora de pl\u00e1stico es un dispositivo de alimentaci\u00f3n por tornillo que adopta una fuerte fuerza centr\u00edfuga para expulsar el agua durante el proceso de transporte por tornillo.<\/p> <div class=\"ast-oembed-container\" style=\"height: 100%;\"><iframe title=\"M\u00e1quina vertical de elevaci\u00f3n y deshidrataci\u00f3n para f\u00e1bricas de reciclaje de pl\u00e1stico\" width=\"500\" height=\"281\" src=\"https:\/\/www.youtube.com\/embed\/b9OoE2BIFGA?feature=oembed\" frameborder=\"0\" allow=\"accelerometer; autoplay; clipboard-write; encrypted-media; gyroscope; picture-in-picture; web-share\" referrerpolicy=\"strict-origin-when-cross-origin\" allowfullscreen><\/iframe><\/div> <figure id=\"attachment_5465\" aria-describedby=\"caption-attachment-5465\" style=\"width: 750px\" class=\"wp-caption aligncenter\"><img fetchpriority=\"high\" decoding=\"async\" class=\"size-full wp-image-5465\" src=\"https:\/\/recyclingequipinc.com\/wp-content\/uploads\/2021\/10\/vertical-centrifugal-plastic-dehydrator.jpg\" alt=\"deshidratador de pl\u00e1stico centr\u00edfugo vertical\" width=\"750\" height=\"540\" srcset=\"https:\/\/recyclingequipinc.com\/wp-content\/uploads\/2021\/10\/vertical-centrifugal-plastic-dehydrator.jpg 750w, https:\/\/recyclingequipinc.com\/wp-content\/uploads\/2021\/10\/vertical-centrifugal-plastic-dehydrator-300x216.jpg 300w, https:\/\/recyclingequipinc.com\/wp-content\/uploads\/2021\/10\/vertical-centrifugal-plastic-dehydrator-600x432.jpg 600w\" sizes=\"(max-width: 750px) 100vw, 750px\" \/><figcaption id=\"caption-attachment-5465\" class=\"wp-caption-text\">deshidratador de pl\u00e1stico centr\u00edfugo vertical<\/figcaption><\/figure> <h2>Caracter\u00edsticas de la M\u00e1quina Deshidratadora de Pl\u00e1stico<\/h2> <ul> <li>Principio de funcionamiento: secado por remolino fuerte, apagado autom\u00e1tico, funci\u00f3n autocebante, alta velocidad\u00a0<a href=\"https:\/\/en.wikipedia.org\/wiki\/Centrifugal\" target=\"_blank\" rel=\"noopener\">centr\u00edfugo<\/a> deshidrataci\u00f3n, dispositivo de gu\u00eda de flujo<\/li> <li>Estructura de apariencia: potencia \u00fanica, transporte vertical.<\/li> <li>Velocidad de trabajo: (900-1500) r\/min (se puede agregar acelerador)<\/li> <\/ul> <h2>El m\u00e9todo de operaci\u00f3n del deshidratador de pl\u00e1stico:<\/h2> <ul> <li>Compruebe si hay art\u00edculos diversos en la m\u00e1quina. Los art\u00edculos diversos en la m\u00e1quina deshidratadora de pl\u00e1stico afectar\u00e1n el efecto operativo de la m\u00e1quina. Al arrancar el motor del husillo, g\u00edrelo en la direcci\u00f3n de la flecha.<\/li> <li>Ejecuci\u00f3n de prueba durante 5 minutos. Cuando se pone en marcha el nuevo deshidratador de pl\u00e1stico, se debe dejar funcionando durante 5 minutos. Si no hay ninguna anomal\u00eda, puede estar deshidratado. En caso de cualquier anomal\u00eda, ap\u00e1guelo inmediatamente para solucionar el problema.<\/li> <li>El efecto de deshidrataci\u00f3n no es bueno. Si el efecto de deshidrataci\u00f3n no es tan bueno como antes, apague la alimentaci\u00f3n y abra la tapa de la m\u00e1quina para ver si hay materias extra\u00f1as. En caso afirmativo, elimine los cuerpos extra\u00f1os de la m\u00e1quina y reinicie su uso.<\/li> <li>Despu\u00e9s de la deshidrataci\u00f3n, apague la fuente de alimentaci\u00f3n del deshidratador de pl\u00e1stico, encienda el interior del deshidratador, limpie el exceso de pl\u00e1stico y mantenga limpia toda la m\u00e1quina.<\/li> <\/ul> <figure id=\"attachment_5464\" aria-describedby=\"caption-attachment-5464\" style=\"width: 720px\" class=\"wp-caption aligncenter\"><img decoding=\"async\" class=\"size-full wp-image-5464\" src=\"https:\/\/recyclingequipinc.com\/wp-content\/uploads\/2021\/10\/plastic-dewatering-machine.jpg\" alt=\"m\u00e1quina deshidratadora de pl\u00e1stico\" width=\"720\" height=\"540\" srcset=\"https:\/\/recyclingequipinc.com\/wp-content\/uploads\/2021\/10\/plastic-dewatering-machine.jpg 720w, https:\/\/recyclingequipinc.com\/wp-content\/uploads\/2021\/10\/plastic-dewatering-machine-300x225.jpg 300w, https:\/\/recyclingequipinc.com\/wp-content\/uploads\/2021\/10\/plastic-dewatering-machine-600x450.jpg 600w\" sizes=\"(max-width: 720px) 100vw, 720px\" \/><figcaption id=\"caption-attachment-5464\" class=\"wp-caption-text\">m\u00e1quina deshidratadora de pl\u00e1stico<\/figcaption><\/figure> <h2>\u00bfQu\u00e9 podemos ofrecerle si coopera con nosotros?<\/h2> <p class=\"translation-block\">Como un rico fabricante y proveedor de m\u00e1quinas de reciclaje, Shuliy Machinery tiene una amplia experiencia en <a href=\"https:\/\/recyclingequipinc.com\/es\/producto\/plastic-film-recycling-machine\/\"><strong>m\u00e1quinas de reciclaje de pel\u00edcula pl\u00e1stica<\/strong><\/a>. Debido a que nuestra empresa cuenta con t\u00e9cnicos profesionales para investigaci\u00f3n, dise\u00f1o y fabricaci\u00f3n. Y la m\u00e1quina de deshidrataci\u00f3n de pl\u00e1stico ha sido exportada a muchos pa\u00edses debido a su buen rendimiento, buena calidad y precio razonable. Adem\u00e1s, apoyamos servicios de personalizaci\u00f3n de acuerdo a sus necesidades y situaci\u00f3n reales. Despu\u00e9s de la venta, podemos enviar t\u00e9cnicos para guiar la instalaci\u00f3n del equipo si es necesario. \u00bfDesea saber m\u00e1s informaci\u00f3n? Bienvenido a contactarnos para m\u00e1s detalles y la cotizaci\u00f3n.<\/p> <h2>Par\u00e1metros de la m\u00e1quina deshidratadora de pl\u00e1stico vertical<\/h2> <table> <tbody> <tr> <td width=\"189\">Modelo<\/td> <td width=\"189\">500<\/td> <td width=\"189\">600<\/td> <\/tr> <tr> <td width=\"189\">Fuerza<\/td> <td width=\"189\">7,5 kw<\/td> <td width=\"189\">15kW<\/td> <\/tr> <\/tbody> <\/table>","protected":false},"excerpt":{"rendered":"<p>La m\u00e1quina deshidratadora de pl\u00e1stico tiene las funciones de deshidrataci\u00f3n centr\u00edfuga de alta velocidad, secado por remolino fuerte y apagado autom\u00e1tico. Se utiliza principalmente en el secado de virutas de pel\u00edcula pl\u00e1stica de desecho en la l\u00ednea de reciclaje de pel\u00edcula de PP PE. La m\u00e1quina no solo centrifuga y seca el material h\u00famedo sino que tambi\u00e9n separa algunas impurezas del material para aumentar el nivel de calidad de la limpieza.<\/p>","protected":false},"featured_media":16819,"template":"","meta":{"site-sidebar-layout":"default","site-content-layout":"default","ast-site-content-layout":"default","site-content-style":"default","site-sidebar-style":"default","ast-global-header-display":"","ast-banner-title-visibility":"","ast-main-header-display":"","ast-hfb-above-header-display":"","ast-hfb-below-header-display":"","ast-hfb-mobile-header-display":"","site-post-title":"","ast-breadcrumbs-content":"","ast-featured-img":"","footer-sml-layout":"","ast-disable-related-posts":"","theme-transparent-header-meta":"default","adv-header-id-meta":"","stick-header-meta":"default","header-above-stick-meta":"","header-main-stick-meta":"","header-below-stick-meta":"","astra-migrate-meta-layouts":"set","ast-page-background-enabled":"default","ast-page-background-meta":{"desktop":{"background-color":"","background-image":"","background-repeat":"repeat","background-position":"center center","background-size":"auto","background-attachment":"scroll","background-type":"","background-media":"","overlay-type":"","overlay-color":"","overlay-opacity":"","overlay-gradient":""},"tablet":{"background-color":"","background-image":"","background-repeat":"repeat","background-position":"center center","background-size":"auto","background-attachment":"scroll","background-type":"","background-media":"","overlay-type":"","overlay-color":"","overlay-opacity":"","overlay-gradient":""},"mobile":{"background-color":"","background-image":"","background-repeat":"repeat","background-position":"center center","background-size":"auto","background-attachment":"scroll","background-type":"","background-media":"","overlay-type":"","overlay-color":"","overlay-opacity":"","overlay-gradient":""}},"ast-content-background-meta":{"desktop":{"background-color":"var(--ast-global-color-5)","background-image":"","background-repeat":"repeat","background-position":"center center","background-size":"auto","background-attachment":"scroll","background-type":"","background-media":"","overlay-type":"","overlay-color":"","overlay-opacity":"","overlay-gradient":""},"tablet":{"background-color":"var(--ast-global-color-5)","background-image":"","background-repeat":"repeat","background-position":"center center","background-size":"auto","background-attachment":"scroll","background-type":"","background-media":"","overlay-type":"","overlay-color":"","overlay-opacity":"","overlay-gradient":""},"mobile":{"background-color":"var(--ast-global-color-5)","background-image":"","background-repeat":"repeat","background-position":"center center","background-size":"auto","background-attachment":"scroll","background-type":"","background-media":"","overlay-type":"","overlay-color":"","overlay-opacity":"","overlay-gradient":""}}},"product_brand":[],"product_cat":[36],"product_tag":[92],"class_list":{"0":"post-5099","1":"product","2":"type-product","3":"status-publish","4":"has-post-thumbnail","6":"product_cat-plastic-recycling-machine","7":"product_tag-dryer","8":"desktop-align-center","9":"tablet-align-center","10":"mobile-align-center","12":"first","13":"instock","14":"shipping-taxable","15":"product-type-simple"},"_links":{"self":[{"href":"https:\/\/recyclingequipinc.com\/es\/wp-json\/wp\/v2\/product\/5099","targetHints":{"allow":["GET"]}}],"collection":[{"href":"https:\/\/recyclingequipinc.com\/es\/wp-json\/wp\/v2\/product"}],"about":[{"href":"https:\/\/recyclingequipinc.com\/es\/wp-json\/wp\/v2\/types\/product"}],"version-history":[{"count":0,"href":"https:\/\/recyclingequipinc.com\/es\/wp-json\/wp\/v2\/product\/5099\/revisions"}],"wp:featuredmedia":[{"embeddable":true,"href":"https:\/\/recyclingequipinc.com\/es\/wp-json\/wp\/v2\/media\/16819"}],"wp:attachment":[{"href":"https:\/\/recyclingequipinc.com\/es\/wp-json\/wp\/v2\/media?parent=5099"}],"wp:term":[{"taxonomy":"product_brand","embeddable":true,"href":"https:\/\/recyclingequipinc.com\/es\/wp-json\/wp\/v2\/product_brand?post=5099"},{"taxonomy":"product_cat","embeddable":true,"href":"https:\/\/recyclingequipinc.com\/es\/wp-json\/wp\/v2\/product_cat?post=5099"},{"taxonomy":"product_tag","embeddable":true,"href":"https:\/\/recyclingequipinc.com\/es\/wp-json\/wp\/v2\/product_tag?post=5099"}],"curies":[{"name":"wp","href":"https:\/\/api.w.org\/{rel}","templated":true}]}}