{"id":5066,"date":"2021-10-26T10:03:36","date_gmt":"2021-10-26T10:03:36","guid":{"rendered":"https:\/\/recyclingequipinc.com\/?post_type=product&#038;p=5066"},"modified":"2025-01-20T10:22:27","modified_gmt":"2025-01-20T02:22:27","slug":"scrap-metal-baler","status":"publish","type":"product","link":"https:\/\/recyclingequipinc.com\/es\/product\/scrap-metal-baler\/","title":{"rendered":"Empacadora de chatarra"},"content":{"rendered":"<p class=\"translation-block\"><strong>La prensa de chatarra met\u00e1lica<\/strong> tiene amplias aplicaciones en la industria de procesamiento de reciclaje de metales y en la industria de fundici\u00f3n de metales, adecuada para diversos molinos de acero grandes, medianos y peque\u00f1os. Puede extruir varios tipos de chatarra met\u00e1lica en cuboides, cubos, poliedros y cilindros. Las materias primas aplicables incluyen chatarra met\u00e1lica, virutas de acero, acero reciclado, hierro reciclado, cobre reciclado, chatarra de aluminio, virutas de aluminio, carcasas de autom\u00f3viles desmanteladas, latas, aleaci\u00f3n de aluminio, barriles de aceite usados, etc. Despu\u00e9s de comprimir, la m\u00e1quina puede expulsar el fardo de metal hacia un lado o hacia adelante. El metal reciclado comprimido es conveniente para almacenar, transportar y fundir.<\/p> <figure id=\"attachment_5083\" aria-describedby=\"caption-attachment-5083\" style=\"width: 750px\" class=\"wp-caption alignnone\"><img fetchpriority=\"high\" decoding=\"async\" class=\"size-full wp-image-5083\" src=\"https:\/\/recyclingequipinc.com\/wp-content\/uploads\/2021\/10\/hydraulic-scrap-metal-baler.jpg\" alt=\"empacadora hidr\u00e1ulica de chatarra\" width=\"750\" height=\"500\" srcset=\"https:\/\/recyclingequipinc.com\/wp-content\/uploads\/2021\/10\/hydraulic-scrap-metal-baler.jpg 750w, https:\/\/recyclingequipinc.com\/wp-content\/uploads\/2021\/10\/hydraulic-scrap-metal-baler-300x200.jpg 300w, https:\/\/recyclingequipinc.com\/wp-content\/uploads\/2021\/10\/hydraulic-scrap-metal-baler-600x400.jpg 600w\" sizes=\"(max-width: 750px) 100vw, 750px\" \/><figcaption id=\"caption-attachment-5083\" class=\"wp-caption-text\">empacadora hidr\u00e1ulica de chatarra<\/figcaption><\/figure> <h2>Procedimiento de trabajo para empacadora de chatarra.<\/h2> <p>Alimentaci\u00f3n autom\u00e1tica de material met\u00e1lico a la c\u00e1mara de compresi\u00f3n \u2192 la placa de cubierta de acero de la puerta presionando hacia abajo y bloqueada \u2192 la placa de presi\u00f3n trasera presionando hacia adelante mediante un cilindro hidr\u00e1ulico \u2192 la placa de presi\u00f3n lateral presionando hacia el otro lado \u2192 el bloque tiene una forma determinada \u2192 el acero Levantamiento de la placa de cubierta \u2192 el dispositivo de giro del bloque expulsa el material met\u00e1lico comprimido \u2192 el reinicio del cilindro \u2192 se completa todo el proceso<\/p> <h2>Caracter\u00edsticas y beneficios de la empacadora de metal<\/h2> <ol> <li>Impulsado hidr\u00e1ulicamente, funciona sin problemas, seguro y confiable.<\/li> <li>La empacadora de chatarra adopta control manual o autom\u00e1tico PLC.<\/li> <li>La forma de descarga incluye cuatro tipos: bloque met\u00e1lico de giro lateral, bloque de empuje lateral, empuje hacia adelante y giro hacia adelante opcional.<\/li> <li>La instalaci\u00f3n no requiere tornillos de pie y el motor di\u00e9sel se puede utilizar en un lugar donde no hay suministro de energ\u00eda.<\/li> <li>Estructura compacta, operaci\u00f3n simple, f\u00e1cil mantenimiento, sellado confiable, carga y descarga conveniente.<\/li> <li>El equipo mejora la eficiencia laboral, reduce la intensidad de la mano de obra, ahorra mano de obra y reduce los costos de transporte.<\/li> <li>Los usuarios pueden personalizar las especificaciones y tama\u00f1os de embalaje seg\u00fan sus necesidades para maximizar la cooperaci\u00f3n con el transporte o el almacenamiento.<\/li> <\/ol> <figure id=\"attachment_5079\" aria-describedby=\"caption-attachment-5079\" style=\"width: 750px\" class=\"wp-caption alignleft\"><img decoding=\"async\" class=\"size-full wp-image-5079\" src=\"https:\/\/recyclingequipinc.com\/wp-content\/uploads\/2021\/10\/final-products-of-waste-metal-baler.jpg\" alt=\"Productos finales de la empacadora de residuos met\u00e1licos.\" width=\"750\" height=\"687\" srcset=\"https:\/\/recyclingequipinc.com\/wp-content\/uploads\/2021\/10\/final-products-of-waste-metal-baler.jpg 750w, https:\/\/recyclingequipinc.com\/wp-content\/uploads\/2021\/10\/final-products-of-waste-metal-baler-300x275.jpg 300w, https:\/\/recyclingequipinc.com\/wp-content\/uploads\/2021\/10\/final-products-of-waste-metal-baler-600x550.jpg 600w\" sizes=\"(max-width: 750px) 100vw, 750px\" \/><figcaption id=\"caption-attachment-5079\" class=\"wp-caption-text\">Productos finales de la empacadora de residuos met\u00e1licos.<\/figcaption><\/figure> <h2>Empacadora de chatarra a la venta en Shuliy Machinery<\/h2> <p>La empacadora hidr\u00e1ulica de desechos met\u00e1licos tiene 10 variedades y m\u00e1s de 20 especificaciones, desde 63 toneladas hasta 600 toneladas, que pueden satisfacer las diferentes demandas de los clientes. Las diferentes especificaciones de las empacadoras hidr\u00e1ulicas de metal est\u00e1n equipadas con diferentes tama\u00f1os de contenedores, tama\u00f1os comprimidos, tiempo de moldeo, potencia y precio, etc. Puede elegir seg\u00fan sus necesidades reales o ponerse en contacto con nosotros para obtener sugerencias profesionales. Adem\u00e1s, tambi\u00e9n admitimos servicios de personalizaci\u00f3n. Esto significa que podemos personalizar la m\u00e1quina empacadora de metal de acuerdo con sus requisitos espec\u00edficos para el equipo. Haremos todo lo posible para brindarle el mejor servicio.<\/p> <h2>\u00bfQu\u00e9 debe considerar al comprar una empacadora de chatarra?<\/h2> <p>Para elegir y comprar una empacadora de metal adecuada, es mejor tener en cuenta estos aspectos:<\/p> <ol> <li>\u00bfQu\u00e9 material met\u00e1lico quieres comprimir en el bloque? Diferentes materiales requieren diferentes potencias, tama\u00f1os de contenedores y tiempos de moldeo, etc.<\/li> <li>\u00bfCu\u00e1l es el tama\u00f1o del bloque de metal que desea obtener? El tama\u00f1o comprimido tiene un efecto en el espacio de almacenamiento y transporte.<\/li> <li>\u00bfQu\u00e9 tal el tama\u00f1o del espacio comprimido? El tama\u00f1o del contenedor determina su tama\u00f1o comprimido, por lo que puede elegir una m\u00e1quina empacadora de metal adecuada seg\u00fan el espacio de compresi\u00f3n.<\/li> <li>\u00bfCu\u00e1ntas toneladas de presi\u00f3n? Cuanto m\u00e1s peso tiene el material met\u00e1lico, m\u00e1s presi\u00f3n requiere. Y una presi\u00f3n mayor puede comprimir el material met\u00e1lico de manera m\u00e1s compacta.<\/li> <\/ol> <p>&nbsp;<\/p>","protected":false},"excerpt":{"rendered":"<p>La empacadora de chatarra se utiliza para extruir diversos tipos de desechos met\u00e1licos en cubos, cubos, poliedros o cilindros, etc. La m\u00e1quina es adecuada para materias primas que incluyen chatarra, virutas de acero, chatarra de acero, chatarra de hierro, chatarra de cobre, chatarra de aluminio. virutas de aluminio, carrocer\u00edas de autom\u00f3viles desmanteladas, latas, aleaciones de aluminio, barriles de aceite usado, etc. Es impulsado por fuerza hidr\u00e1ulica y funciona de manera suave, segura y confiable. Adopta control autom\u00e1tico manual o PLC. Hay cuatro tipos de forma de descarga opcionales: fardo met\u00e1lico con giro lateral, fardo con empuje lateral, empuje hacia adelante y giro hacia adelante.<\/p>","protected":false},"featured_media":5074,"template":"","meta":{"site-sidebar-layout":"default","site-content-layout":"default","ast-site-content-layout":"default","site-content-style":"default","site-sidebar-style":"default","ast-global-header-display":"","ast-banner-title-visibility":"","ast-main-header-display":"","ast-hfb-above-header-display":"","ast-hfb-below-header-display":"","ast-hfb-mobile-header-display":"","site-post-title":"","ast-breadcrumbs-content":"","ast-featured-img":"","footer-sml-layout":"","ast-disable-related-posts":"","theme-transparent-header-meta":"default","adv-header-id-meta":"","stick-header-meta":"default","header-above-stick-meta":"","header-main-stick-meta":"","header-below-stick-meta":"","astra-migrate-meta-layouts":"default","ast-page-background-enabled":"default","ast-page-background-meta":{"desktop":{"background-color":"","background-image":"","background-repeat":"repeat","background-position":"center center","background-size":"auto","background-attachment":"scroll","background-type":"","background-media":"","overlay-type":"","overlay-color":"","overlay-opacity":"","overlay-gradient":""},"tablet":{"background-color":"","background-image":"","background-repeat":"repeat","background-position":"center center","background-size":"auto","background-attachment":"scroll","background-type":"","background-media":"","overlay-type":"","overlay-color":"","overlay-opacity":"","overlay-gradient":""},"mobile":{"background-color":"","background-image":"","background-repeat":"repeat","background-position":"center center","background-size":"auto","background-attachment":"scroll","background-type":"","background-media":"","overlay-type":"","overlay-color":"","overlay-opacity":"","overlay-gradient":""}},"ast-content-background-meta":{"desktop":{"background-color":"var(--ast-global-color-5)","background-image":"","background-repeat":"repeat","background-position":"center center","background-size":"auto","background-attachment":"scroll","background-type":"","background-media":"","overlay-type":"","overlay-color":"","overlay-opacity":"","overlay-gradient":""},"tablet":{"background-color":"var(--ast-global-color-5)","background-image":"","background-repeat":"repeat","background-position":"center center","background-size":"auto","background-attachment":"scroll","background-type":"","background-media":"","overlay-type":"","overlay-color":"","overlay-opacity":"","overlay-gradient":""},"mobile":{"background-color":"var(--ast-global-color-5)","background-image":"","background-repeat":"repeat","background-position":"center center","background-size":"auto","background-attachment":"scroll","background-type":"","background-media":"","overlay-type":"","overlay-color":"","overlay-opacity":"","overlay-gradient":""}}},"product_brand":[],"product_cat":[34],"product_tag":[94,52,93],"class_list":{"0":"post-5066","1":"product","2":"type-product","3":"status-publish","4":"has-post-thumbnail","6":"product_cat-industrial-baler","7":"product_tag-hydraulic-baler","8":"product_tag-metal-baler","9":"product_tag-scrap-baler","10":"desktop-align-center","11":"tablet-align-center","12":"mobile-align-center","14":"first","15":"instock","16":"shipping-taxable","17":"product-type-simple"},"_links":{"self":[{"href":"https:\/\/recyclingequipinc.com\/es\/wp-json\/wp\/v2\/product\/5066","targetHints":{"allow":["GET"]}}],"collection":[{"href":"https:\/\/recyclingequipinc.com\/es\/wp-json\/wp\/v2\/product"}],"about":[{"href":"https:\/\/recyclingequipinc.com\/es\/wp-json\/wp\/v2\/types\/product"}],"version-history":[{"count":0,"href":"https:\/\/recyclingequipinc.com\/es\/wp-json\/wp\/v2\/product\/5066\/revisions"}],"wp:featuredmedia":[{"embeddable":true,"href":"https:\/\/recyclingequipinc.com\/es\/wp-json\/wp\/v2\/media\/5074"}],"wp:attachment":[{"href":"https:\/\/recyclingequipinc.com\/es\/wp-json\/wp\/v2\/media?parent=5066"}],"wp:term":[{"taxonomy":"product_brand","embeddable":true,"href":"https:\/\/recyclingequipinc.com\/es\/wp-json\/wp\/v2\/product_brand?post=5066"},{"taxonomy":"product_cat","embeddable":true,"href":"https:\/\/recyclingequipinc.com\/es\/wp-json\/wp\/v2\/product_cat?post=5066"},{"taxonomy":"product_tag","embeddable":true,"href":"https:\/\/recyclingequipinc.com\/es\/wp-json\/wp\/v2\/product_tag?post=5066"}],"curies":[{"name":"wp","href":"https:\/\/api.w.org\/{rel}","templated":true}]}}