{"id":5063,"date":"2021-10-27T03:31:39","date_gmt":"2021-10-27T03:31:39","guid":{"rendered":"https:\/\/recyclingequipinc.com\/?post_type=product&#038;p=5063"},"modified":"2024-11-14T15:04:05","modified_gmt":"2024-11-14T07:04:05","slug":"apple-tray-making-machine","status":"publish","type":"product","link":"https:\/\/recyclingequipinc.com\/es\/product\/apple-tray-making-machine\/","title":{"rendered":"M\u00e1quina para fabricar bandejas de manzana"},"content":{"rendered":"<p class=\"translation-block\"><strong><b>M\u00e1quina para hacer bandejas de manzana<\/b><\/strong>, como su nombre indica, es una m\u00e1quina dise\u00f1ada para producir bandejas de papel para manzanas y otras frutas. Por supuesto, no solo bandejas de frutas, sino que tambi\u00e9n est\u00e1n disponibles otras bandejas para zapatos, bandejas para huevos, cajas para huevos, bandejas para caf\u00e9, etc. La m\u00e1quina es exquisita en dise\u00f1o, razonable en estructura, estable en rendimiento y de alta calidad. Esta m\u00e1quina es ecol\u00f3gica porque las bandejas de manzana producidas con esta m\u00e1quina son bandejas de papel. Las materias primas utilizadas en la producci\u00f3n de bandejas de papel son papel usado, revistas usadas, cajas de papel usadas y otros materiales de papel, que se utilizan y reutilizan. Si est\u00e1s en esta industria, puede traerte grandes beneficios. \u00a1Bienvenido a tu consulta en cualquier momento!<\/p> <figure id=\"attachment_5071\" aria-describedby=\"caption-attachment-5071\" style=\"width: 820px\" class=\"wp-caption aligncenter\"><img fetchpriority=\"high\" decoding=\"async\" class=\"size-full wp-image-5071\" src=\"https:\/\/recyclingequipinc.com\/wp-content\/uploads\/2021\/10\/apple-trays.jpg\" alt=\"bandejas de manzana\" width=\"820\" height=\"217\" srcset=\"https:\/\/recyclingequipinc.com\/wp-content\/uploads\/2021\/10\/apple-trays.jpg 820w, https:\/\/recyclingequipinc.com\/wp-content\/uploads\/2021\/10\/apple-trays-750x198.jpg 750w, https:\/\/recyclingequipinc.com\/wp-content\/uploads\/2021\/10\/apple-trays-300x79.jpg 300w, https:\/\/recyclingequipinc.com\/wp-content\/uploads\/2021\/10\/apple-trays-768x203.jpg 768w, https:\/\/recyclingequipinc.com\/wp-content\/uploads\/2021\/10\/apple-trays-600x159.jpg 600w\" sizes=\"(max-width: 820px) 100vw, 820px\" \/><figcaption id=\"caption-attachment-5071\" class=\"wp-caption-text\">bandejas de manzana<\/figcaption><\/figure> <h2><strong><b>Principales modelos a la venta<\/b><\/strong><\/h2> <p>Seg\u00fan diferentes normas, las m\u00e1quinas para fabricar bandejas de manzanas se pueden clasificar de la siguiente manera:<\/p> <p class=\"translation-block\"><strong>Seg\u00fan las diferentes capacidades<\/strong>, se puede dividir en capacidades peque\u00f1as, medianas y grandes. La producci\u00f3n peque\u00f1a es de aproximadamente 1000 a 1500 bandejas de papel por hora. La mediana es de aproximadamente 2000 a 4000 bandejas por hora. La producci\u00f3n grande es superior a 4000 bandejas de papel por hora.<\/p> <p class=\"translation-block\"><strong>De acuerdo con los diferentes m\u00e9todos de secado<\/strong>, la m\u00e1quina de bandejas de manzana se divide en semiautom\u00e1tica y totalmente autom\u00e1tica. El m\u00e9todo de secado semiautom\u00e1tico es el secado natural y el secado en carro. La automatizaci\u00f3n total incluye dos tipos: secado en horno de ladrillo y secado met\u00e1lico. Entre estos dos, el secado en horno de ladrillo requiere que los clientes construyan sus propios hornos de ladrillo, pero podemos proporcionar orientaci\u00f3n t\u00e9cnica profesional para los clientes seg\u00fan sus necesidades.<\/p> <figure id=\"attachment_5213\" aria-describedby=\"caption-attachment-5213\" style=\"width: 300px\" class=\"wp-caption aligncenter\"><img decoding=\"async\" class=\"size-medium wp-image-5213\" src=\"https:\/\/recyclingequipinc.com\/wp-content\/uploads\/2021\/10\/apple-tray-making-machine-300x200.jpg\" alt=\"m\u00e1quina para fabricar bandejas de manzanas\" width=\"300\" height=\"200\" srcset=\"https:\/\/recyclingequipinc.com\/wp-content\/uploads\/2021\/10\/apple-tray-making-machine-300x200.jpg 300w, https:\/\/recyclingequipinc.com\/wp-content\/uploads\/2021\/10\/apple-tray-making-machine-600x400.jpg 600w, https:\/\/recyclingequipinc.com\/wp-content\/uploads\/2021\/10\/apple-tray-making-machine.jpg 750w\" sizes=\"(max-width: 300px) 100vw, 300px\" \/><figcaption id=\"caption-attachment-5213\" class=\"wp-caption-text\">m\u00e1quina para fabricar bandejas de manzanas<\/figcaption><\/figure> <h2><strong><b>Productos finales de la m\u00e1quina de bandejas de manzana<\/b><\/strong><\/h2> <p>Aunque es una m\u00e1quina de bandejas para manzanas, no solo puede producir bandejas para manzanas. La parte m\u00e1s importante de esta m\u00e1quina es la m\u00e1quina de moldeo, que puede producir las bandejas de papel que necesita a trav\u00e9s de troqueles. Por ejemplo, si actualmente opera una granja de pollos y necesita usar bandejas de papel para vender huevos. Entonces, en este momento, necesita una m\u00e1quina para fabricar bandejas de huevos, es decir, una m\u00e1quina moldeadora de bandejas para huevos. El molde debe coincidir con el tama\u00f1o del huevo. Por lo tanto, el producto terminado tambi\u00e9n puede ser cajas de huevos, bandejas para zapatos, bandejas para caf\u00e9, bandejas para semillas, bandejas para vino, bandejas para frutas, bandejas m\u00e9dicas, bandejas para ferreter\u00eda, etc. Si lo necesita, puede contactarnos y nos comunicaremos con usted. \u00a1lo antes posible!<\/p> <figure id=\"attachment_4492\" aria-describedby=\"caption-attachment-4492\" style=\"width: 750px\" class=\"wp-caption aligncenter\"><img decoding=\"async\" class=\"size-full wp-image-4492\" src=\"https:\/\/recyclingequipinc.com\/wp-content\/uploads\/2021\/09\/finished-products.jpg\" alt=\"productos terminados\" width=\"750\" height=\"354\" srcset=\"https:\/\/recyclingequipinc.com\/wp-content\/uploads\/2021\/09\/finished-products.jpg 750w, https:\/\/recyclingequipinc.com\/wp-content\/uploads\/2021\/09\/finished-products-300x142.jpg 300w, https:\/\/recyclingequipinc.com\/wp-content\/uploads\/2021\/09\/finished-products-600x283.jpg 600w\" sizes=\"(max-width: 750px) 100vw, 750px\" \/><figcaption id=\"caption-attachment-4492\" class=\"wp-caption-text\">productos terminados<\/figcaption><\/figure> <h2><strong><b>Proceso de fabricaci\u00f3n de bandeja de manzana<\/b><\/strong><\/h2> <p>La operaci\u00f3n es sencilla en el proceso de producci\u00f3n de bandejas de manzanas. . Se puede dividir a grandes rasgos en despulpado, moldeado, secado, prensado en caliente y envasado.<\/p> <p class=\"translation-block\"><strong>Desintegraci\u00f3n<\/strong>: en este proceso, el papel usado se desmenuza en pulpa mediante una m\u00e1quina de pulpeo a alta presi\u00f3n. Prep\u00e1rate para el siguiente paso: moldeo. Sin embargo, se deben seguir ciertos procedimientos. Los clientes necesitan construir tres estanques, uno para almacenamiento de agua, uno para pulpa triturada y uno para pulpa mezclada en proporci\u00f3n.<\/p> <p class=\"translation-block\"><strong>Moldeo<\/strong>: este paso consiste principalmente en dar forma a la pulpa, es decir, a trav\u00e9s de la m\u00e1quina de moldeo, convertir la pulpa en la bandeja de papel que deseas. Tambi\u00e9n se requiere una bomba de vac\u00edo y un compresor de aire entre la desintegraci\u00f3n y el moldeo. La bomba de vac\u00edo succiona la pulpa en el molde de formaci\u00f3n, mientras que el compresor de aire sopla el molde formado en el molde de transferencia.<\/p> <p class=\"translation-block\"><strong>Secado<\/strong>: debido a que el molde reci\u00e9n formado contiene cierta humedad y est\u00e1 h\u00famedo, necesita ser secado. Hay tres m\u00e9todos de secado: secado natural, secado en horno de ladrillo y secado met\u00e1lico. Puedes elegir el m\u00e9todo de secado adecuado seg\u00fan tu propia escala de producci\u00f3n.<\/p> <p class=\"translation-block\"><strong>Prensado en caliente y embalaje<\/strong>: En t\u00e9rminos generales, las cajas necesitan dar forma mediante prensado en caliente, porque esto har\u00e1 que la bandeja de papel sea m\u00e1s bonita y ahorre espacio. El embalaje consiste en recoger y organizar la bandeja de papel para que est\u00e9 ordenada y sea conveniente de usar.<\/p> <figure id=\"attachment_4495\" aria-describedby=\"caption-attachment-4495\" style=\"width: 750px\" class=\"wp-caption aligncenter\"><img loading=\"lazy\" decoding=\"async\" class=\"size-full wp-image-4495\" src=\"https:\/\/recyclingequipinc.com\/wp-content\/uploads\/2021\/09\/technological-process-.jpg\" alt=\"proceso tecnol\u00f3gico-\" width=\"750\" height=\"457\" srcset=\"https:\/\/recyclingequipinc.com\/wp-content\/uploads\/2021\/09\/technological-process-.jpg 750w, https:\/\/recyclingequipinc.com\/wp-content\/uploads\/2021\/09\/technological-process--300x183.jpg 300w, https:\/\/recyclingequipinc.com\/wp-content\/uploads\/2021\/09\/technological-process--600x366.jpg 600w\" sizes=\"(max-width: 750px) 100vw, 750px\" \/><figcaption id=\"caption-attachment-4495\" class=\"wp-caption-text\">proceso tecnol\u00f3gico<\/figcaption><\/figure> <h2><strong><b>\u00bfPor qu\u00e9 elegir Shuliy Machinery?<\/b><\/strong><\/h2> <p class=\"translation-block\">De hecho, hay muchos fabricantes de m\u00e1quinas para hacer bandejas de manzana en el mercado, y hay muchos tipos. Entonces, \u00bfpor qu\u00e9 elegir <a href=\"https:\/\/recyclingequipinc.com\/es\/\">Shuliy Machinery<\/a> como tu proveedor? Los puntos principales son los siguientes:<\/p> <p class=\"translation-block\"><strong>Servicio considerado<\/strong>: ofrecemos servicio de preventa, venta y posventa, y un servicio manual en l\u00ednea 24 horas puede responder tus preguntas en l\u00ednea en cualquier momento.<\/p> <p class=\"translation-block\"><strong>Garant\u00eda de calidad<\/strong>: nuestras m\u00e1quinas tienen certificados de calificaci\u00f3n relevantes, como CE, GMP, etc. Y tenemos nuestro propio sistema de control de calidad, que puede controlar estrictamente la calidad de cada componente durante la producci\u00f3n.<\/p> <p class=\"translation-block\"><strong>Servicios personalizados<\/strong>: puedes tener diferentes necesidades seg\u00fan tu negocio. Pero podemos personalizar la m\u00e1quina para ti seg\u00fan tus requisitos. Nuestros t\u00e9cnicos pueden proporcionar sugerencias profesionales para satisfacer tus necesidades.<\/p> <figure id=\"attachment_4545\" aria-describedby=\"caption-attachment-4545\" style=\"width: 720px\" class=\"wp-caption aligncenter\"><img loading=\"lazy\" decoding=\"async\" class=\"size-full wp-image-4545\" src=\"https:\/\/recyclingequipinc.com\/wp-content\/uploads\/2021\/09\/factory-display.jpg\" alt=\"pantalla de f\u00e1brica\" width=\"720\" height=\"378\" srcset=\"https:\/\/recyclingequipinc.com\/wp-content\/uploads\/2021\/09\/factory-display.jpg 720w, https:\/\/recyclingequipinc.com\/wp-content\/uploads\/2021\/09\/factory-display-300x158.jpg 300w, https:\/\/recyclingequipinc.com\/wp-content\/uploads\/2021\/09\/factory-display-600x315.jpg 600w\" sizes=\"(max-width: 720px) 100vw, 720px\" \/><figcaption id=\"caption-attachment-4545\" class=\"wp-caption-text\">pantalla de f\u00e1brica<\/figcaption><\/figure> <h2><strong><b>Amplio <\/b><\/strong><strong><b>PAG<\/b><\/strong><strong><b>perspectivas de Apple <\/b><\/strong><strong><b>t<\/b><\/strong><strong><b>rayo<\/b><\/strong><strong><b>\u00a0M\u00e1quina<\/b><\/strong><\/h2> <p class=\"translation-block\">Con el continuo desarrollo de la sociedad, las personas prestan cada vez m\u00e1s atenci\u00f3n al medio ambiente. Esta m\u00e1quina para hacer bandejas de manzana es una m\u00e1quina ecol\u00f3gica, que no solo trae beneficios a las empresas, sino que tambi\u00e9n protege el medio ambiente. Adem\u00e1s, ser\u00e1 muy com\u00fan en la vida diaria. La bandeja de manzana no solo puede empacar manzanas, sino que tambi\u00e9n ahorra espacio, y est\u00e1 limpia y ordenada al almacenar. Y las materias primas son baratas y f\u00e1ciles de recolectar, lo que ahorra costos. Tiene un gran valor como negocio. De igual manera, lo tiene la <a href=\"https:\/\/recyclingequipinc.com\/es\/producto\/egg-tray-making-machine\/\">m\u00e1quina para bandejas de huevos<\/a>. \u00a1Esperamos tus llamadas!<\/p>","protected":false},"excerpt":{"rendered":"<p class=\"translation-block\"><strong><b>M\u00e1quina para hacer bandejas de manzana<\/b><\/strong>, como su nombre indica, es una m\u00e1quina dise\u00f1ada para producir bandejas de manzana. Por supuesto, no solo bandejas de manzana, sino que tambi\u00e9n est\u00e1n disponibles otras bandejas para zapatos, bandejas para huevos, cajas para huevos, bandejas para caf\u00e9, etc. Si est\u00e1s en esta industria, puede traerte grandes beneficios. \u00a1Bienvenido a tu consulta en cualquier momento!<\/p>","protected":false},"featured_media":5090,"template":"","meta":{"site-sidebar-layout":"default","site-content-layout":"default","ast-site-content-layout":"default","site-content-style":"default","site-sidebar-style":"default","ast-global-header-display":"","ast-banner-title-visibility":"","ast-main-header-display":"","ast-hfb-above-header-display":"","ast-hfb-below-header-display":"","ast-hfb-mobile-header-display":"","site-post-title":"","ast-breadcrumbs-content":"","ast-featured-img":"","footer-sml-layout":"","ast-disable-related-posts":"","theme-transparent-header-meta":"default","adv-header-id-meta":"","stick-header-meta":"default","header-above-stick-meta":"","header-main-stick-meta":"","header-below-stick-meta":"","astra-migrate-meta-layouts":"set","ast-page-background-enabled":"default","ast-page-background-meta":{"desktop":{"background-color":"","background-image":"","background-repeat":"repeat","background-position":"center center","background-size":"auto","background-attachment":"scroll","background-type":"","background-media":"","overlay-type":"","overlay-color":"","overlay-opacity":"","overlay-gradient":""},"tablet":{"background-color":"","background-image":"","background-repeat":"repeat","background-position":"center center","background-size":"auto","background-attachment":"scroll","background-type":"","background-media":"","overlay-type":"","overlay-color":"","overlay-opacity":"","overlay-gradient":""},"mobile":{"background-color":"","background-image":"","background-repeat":"repeat","background-position":"center center","background-size":"auto","background-attachment":"scroll","background-type":"","background-media":"","overlay-type":"","overlay-color":"","overlay-opacity":"","overlay-gradient":""}},"ast-content-background-meta":{"desktop":{"background-color":"var(--ast-global-color-5)","background-image":"","background-repeat":"repeat","background-position":"center center","background-size":"auto","background-attachment":"scroll","background-type":"","background-media":"","overlay-type":"","overlay-color":"","overlay-opacity":"","overlay-gradient":""},"tablet":{"background-color":"var(--ast-global-color-5)","background-image":"","background-repeat":"repeat","background-position":"center center","background-size":"auto","background-attachment":"scroll","background-type":"","background-media":"","overlay-type":"","overlay-color":"","overlay-opacity":"","overlay-gradient":""},"mobile":{"background-color":"var(--ast-global-color-5)","background-image":"","background-repeat":"repeat","background-position":"center center","background-size":"auto","background-attachment":"scroll","background-type":"","background-media":"","overlay-type":"","overlay-color":"","overlay-opacity":"","overlay-gradient":""}}},"product_brand":[],"product_cat":[35],"product_tag":[],"class_list":{"0":"post-5063","1":"product","2":"type-product","3":"status-publish","4":"has-post-thumbnail","6":"product_cat-egg-tray-machine","7":"desktop-align-center","8":"tablet-align-center","9":"mobile-align-center","11":"first","12":"instock","13":"shipping-taxable","14":"product-type-simple"},"_links":{"self":[{"href":"https:\/\/recyclingequipinc.com\/es\/wp-json\/wp\/v2\/product\/5063","targetHints":{"allow":["GET"]}}],"collection":[{"href":"https:\/\/recyclingequipinc.com\/es\/wp-json\/wp\/v2\/product"}],"about":[{"href":"https:\/\/recyclingequipinc.com\/es\/wp-json\/wp\/v2\/types\/product"}],"version-history":[{"count":0,"href":"https:\/\/recyclingequipinc.com\/es\/wp-json\/wp\/v2\/product\/5063\/revisions"}],"wp:featuredmedia":[{"embeddable":true,"href":"https:\/\/recyclingequipinc.com\/es\/wp-json\/wp\/v2\/media\/5090"}],"wp:attachment":[{"href":"https:\/\/recyclingequipinc.com\/es\/wp-json\/wp\/v2\/media?parent=5063"}],"wp:term":[{"taxonomy":"product_brand","embeddable":true,"href":"https:\/\/recyclingequipinc.com\/es\/wp-json\/wp\/v2\/product_brand?post=5063"},{"taxonomy":"product_cat","embeddable":true,"href":"https:\/\/recyclingequipinc.com\/es\/wp-json\/wp\/v2\/product_cat?post=5063"},{"taxonomy":"product_tag","embeddable":true,"href":"https:\/\/recyclingequipinc.com\/es\/wp-json\/wp\/v2\/product_tag?post=5063"}],"curies":[{"name":"wp","href":"https:\/\/api.w.org\/{rel}","templated":true}]}}