{"id":4980,"date":"2021-10-09T07:51:32","date_gmt":"2021-10-09T07:51:32","guid":{"rendered":"https:\/\/recyclingequipinc.com\/?post_type=product&#038;p=4980"},"modified":"2021-12-01T02:54:16","modified_gmt":"2021-12-01T02:54:16","slug":"fish-meal-packing-machine","status":"publish","type":"product","link":"https:\/\/recyclingequipinc.com\/es\/product\/fish-meal-packing-machine\/","title":{"rendered":"M\u00e1quina empacadora de harina de pescado"},"content":{"rendered":"<p>La m\u00e1quina empacadora de harina de pescado se utiliza para empaquetar la harina de pescado producida en bolsas con un peso o volumen determinado. El equipo de envasado es similar a la m\u00e1quina envasadora de polvo com\u00fan y puede finalizar autom\u00e1ticamente el proceso de medici\u00f3n, fabricaci\u00f3n de bolsas, llenado, sellado, corte y conteo. La empacadora de harina de pescado adopta un control de chip de microcomputadora y el panel de control puede controlar la velocidad de empaque, la longitud de la bolsa de empaque, la temperatura de termosellado, etc. Adem\u00e1s, el servicio de personalizaci\u00f3n est\u00e1 disponible de acuerdo con las necesidades reales.<\/p> <h2>Caracter\u00edsticas y beneficios de la m\u00e1quina empacadora de harina de pescado<\/h2> <ol> <li>Dise\u00f1o razonable, estructura compacta, peque\u00f1o espacio ocupado.<\/li> <li>Funciona de forma estable, funciona de forma sencilla y se empaqueta autom\u00e1ticamente<\/li> <li>Ahorro de costes laborales, mejora de la eficiencia laboral.<\/li> <li>La harina de pescado bien envasada es limpia y atractiva en el mercado<\/li> <li>La pantalla t\u00e1ctil es f\u00e1cil de configurar varios par\u00e1metros de trabajo.<\/li> <li>Equipado con una cubierta de seguridad alrededor de la m\u00e1quina selladora horizontal como medida de precauci\u00f3n.<\/li> <\/ol> <h2>Estructura de la m\u00e1quina empacadora de harina de pescado.<\/h2> <p>La m\u00e1quina envasadora de harina de pescado se compone de un fijador de rodillo de pel\u00edcula de envasado, un panel de control, una tolva, un sinf\u00edn, una formadora de bolsas, un dispositivo de sellado vertical, una m\u00e1quina de sellado horizontal y una cortadora. Como su nombre lo indica, se utiliza un fijador de rodillo para instalar la pel\u00edcula de embalaje. El panel de control consta de una pantalla t\u00e1ctil, pantalla de temperatura de sellado vertical y horizontal, interruptor de encendido y apagado, bot\u00f3n de emergencia, etc. Y la pantalla t\u00e1ctil gestiona el idioma, la longitud de la bolsa de embalaje, la velocidad de embalaje, etc. El sinf\u00edn tiene instalada la salida de la tolva. La m\u00e1quina controla el volumen de embalaje cambiando las vueltas del sinf\u00edn, la velocidad de la espiral y el tama\u00f1o del sinf\u00edn, etc.<\/p> <h2>Conclusi\u00f3n<\/h2> <p>Como fabricante profesional de m\u00e1quinas para harina de pescado, no solo ofrecemos m\u00e1quinas empacadoras de harina de pescado, sino tambi\u00e9n otras m\u00e1quinas para la venta de harina de pescado, como m\u00e1quinas cortadoras de pescado, m\u00e1quinas para cocinar pescado, m\u00e1quinas exprimidoras de pescado, m\u00e1quinas secadoras de harina de pescado, m\u00e1quinas cribadoras de harina de pescado, etc. Adem\u00e1s, tambi\u00e9n podemos ayudarle a dise\u00f1ar el patr\u00f3n y la forma de su bolsa de embalaje si lo necesita. Adem\u00e1s, apoyamos el servicio OEM de acuerdo con sus requisitos reales. Ponte en contacto con nosotros para obtener m\u00e1s detalles y el mejor precio, y te contestaremos lo antes posible.<\/p> <p>&nbsp;<\/p>","protected":false},"excerpt":{"rendered":"<p>La m\u00e1quina empacadora de harina de pescado puede completar autom\u00e1ticamente todo el proceso de medici\u00f3n, fabricaci\u00f3n de bolsas, llenado, sellado, corte y conteo. El control del chip de microcomputadora es inteligente para configurar varios par\u00e1metros. Ocupa un espacio peque\u00f1o, funciona de manera eficiente y sencilla. Adem\u00e1s, el servicio OEM est\u00e1 disponible.<\/p>","protected":false},"featured_media":4982,"template":"","meta":{"site-sidebar-layout":"default","site-content-layout":"default","ast-site-content-layout":"default","site-content-style":"default","site-sidebar-style":"default","ast-global-header-display":"","ast-banner-title-visibility":"","ast-main-header-display":"","ast-hfb-above-header-display":"","ast-hfb-below-header-display":"","ast-hfb-mobile-header-display":"","site-post-title":"","ast-breadcrumbs-content":"","ast-featured-img":"","footer-sml-layout":"","ast-disable-related-posts":"","theme-transparent-header-meta":"default","adv-header-id-meta":"","stick-header-meta":"default","header-above-stick-meta":"","header-main-stick-meta":"","header-below-stick-meta":"","astra-migrate-meta-layouts":"default","ast-page-background-enabled":"default","ast-page-background-meta":{"desktop":{"background-color":"","background-image":"","background-repeat":"repeat","background-position":"center center","background-size":"auto","background-attachment":"scroll","background-type":"","background-media":"","overlay-type":"","overlay-color":"","overlay-opacity":"","overlay-gradient":""},"tablet":{"background-color":"","background-image":"","background-repeat":"repeat","background-position":"center center","background-size":"auto","background-attachment":"scroll","background-type":"","background-media":"","overlay-type":"","overlay-color":"","overlay-opacity":"","overlay-gradient":""},"mobile":{"background-color":"","background-image":"","background-repeat":"repeat","background-position":"center center","background-size":"auto","background-attachment":"scroll","background-type":"","background-media":"","overlay-type":"","overlay-color":"","overlay-opacity":"","overlay-gradient":""}},"ast-content-background-meta":{"desktop":{"background-color":"var(--ast-global-color-5)","background-image":"","background-repeat":"repeat","background-position":"center center","background-size":"auto","background-attachment":"scroll","background-type":"","background-media":"","overlay-type":"","overlay-color":"","overlay-opacity":"","overlay-gradient":""},"tablet":{"background-color":"var(--ast-global-color-5)","background-image":"","background-repeat":"repeat","background-position":"center center","background-size":"auto","background-attachment":"scroll","background-type":"","background-media":"","overlay-type":"","overlay-color":"","overlay-opacity":"","overlay-gradient":""},"mobile":{"background-color":"var(--ast-global-color-5)","background-image":"","background-repeat":"repeat","background-position":"center center","background-size":"auto","background-attachment":"scroll","background-type":"","background-media":"","overlay-type":"","overlay-color":"","overlay-opacity":"","overlay-gradient":""}}},"product_brand":[],"product_cat":[15],"product_tag":[],"class_list":{"0":"post-4980","1":"product","2":"type-product","3":"status-publish","4":"has-post-thumbnail","6":"product_cat-fish-meal-plant","7":"desktop-align-center","8":"tablet-align-center","9":"mobile-align-center","11":"first","12":"instock","13":"shipping-taxable","14":"product-type-simple"},"_links":{"self":[{"href":"https:\/\/recyclingequipinc.com\/es\/wp-json\/wp\/v2\/product\/4980","targetHints":{"allow":["GET"]}}],"collection":[{"href":"https:\/\/recyclingequipinc.com\/es\/wp-json\/wp\/v2\/product"}],"about":[{"href":"https:\/\/recyclingequipinc.com\/es\/wp-json\/wp\/v2\/types\/product"}],"version-history":[{"count":0,"href":"https:\/\/recyclingequipinc.com\/es\/wp-json\/wp\/v2\/product\/4980\/revisions"}],"wp:featuredmedia":[{"embeddable":true,"href":"https:\/\/recyclingequipinc.com\/es\/wp-json\/wp\/v2\/media\/4982"}],"wp:attachment":[{"href":"https:\/\/recyclingequipinc.com\/es\/wp-json\/wp\/v2\/media?parent=4980"}],"wp:term":[{"taxonomy":"product_brand","embeddable":true,"href":"https:\/\/recyclingequipinc.com\/es\/wp-json\/wp\/v2\/product_brand?post=4980"},{"taxonomy":"product_cat","embeddable":true,"href":"https:\/\/recyclingequipinc.com\/es\/wp-json\/wp\/v2\/product_cat?post=4980"},{"taxonomy":"product_tag","embeddable":true,"href":"https:\/\/recyclingequipinc.com\/es\/wp-json\/wp\/v2\/product_tag?post=4980"}],"curies":[{"name":"wp","href":"https:\/\/api.w.org\/{rel}","templated":true}]}}