{"id":4974,"date":"2021-10-09T07:28:30","date_gmt":"2021-10-09T07:28:30","guid":{"rendered":"https:\/\/recyclingequipinc.com\/?post_type=product&#038;p=4974"},"modified":"2025-11-10T15:58:49","modified_gmt":"2025-11-10T07:58:49","slug":"5t-fish-meal-machine","status":"publish","type":"product","link":"https:\/\/recyclingequipinc.com\/es\/product\/5t-fish-meal-machine\/","title":{"rendered":"M\u00e1quina de harina de pescado 5T\/D"},"content":{"rendered":"<p>La harina de pescado es un material alimenticio rico en prote\u00ednas que utiliza uno o m\u00e1s tipos de pescado como materia prima despu\u00e9s de desengrasarlo, deshidratarlo y triturarlo, lo que es beneficioso para el crecimiento de los animales. La materia prima procede de las espinas y despojos sobrantes del pescado que no se destina al consumo humano. Para la maquinaria de producci\u00f3n de harina de pescado, existen tanto la l\u00ednea de producci\u00f3n para grandes producciones como el tipo integrado de equipo de harina de pescado disponible para producciones peque\u00f1as o medianas. La planta de harina de pescado 5T\/D est\u00e1 compuesta por una m\u00e1quina para cocinar pescado, una m\u00e1quina exprimidora de pescado, un secador de harina de pescado y un separador de aceite de pescado. Se puede utilizar en peque\u00f1os talleres y en el barco mientras se pesca en el mar. El pescado crudo fresco se puede preparar como harina de pescado de la m\u00e1s alta calidad.<\/p> <h2>M\u00e1quina de harina de pescado 5T\/D a la venta<\/h2> <p>La unidad de producci\u00f3n de polvo de pescado se aplica a talleres de harina de pescado peque\u00f1os o medianos y tambi\u00e9n puede instalarse en barcos para producir harina y aceite de pescado en el mar. En comparaci\u00f3n con las grandes l\u00edneas de producci\u00f3n de harina de pescado, la m\u00e1quina de harina de pescado a bordo necesita una menor inversi\u00f3n y es un equipo integrado que puede finalizar el proceso de guisado, prensado y deshidratado de forma independiente. Si la materia prima no es peque\u00f1a, es mejor combinar una m\u00e1quina cortadora de pescado antes de cocinarlo. Adem\u00e1s, puede elegir otras m\u00e1quinas de soporte seg\u00fan sus necesidades reales, como un transportador de tornillo, una m\u00e1quina cribadora de harina de pescado, una trituradora de harina de pescado y una m\u00e1quina empacadora de harina de pescado, etc. Aunque el tipo de m\u00e1quina de harina de pescado incorporada tiene algunas diferencias De toda la l\u00ednea de producci\u00f3n de harina de pescado, los principales procesos de producci\u00f3n son los mismos.<\/p> <figure id=\"attachment_4989\" aria-describedby=\"caption-attachment-4989\" style=\"width: 713px\" class=\"wp-caption aligncenter\"><img fetchpriority=\"high\" decoding=\"async\" class=\"size-full wp-image-4989\" src=\"https:\/\/recyclingequipinc.com\/wp-content\/uploads\/2021\/10\/integrated-fish-meal-unit.jpg\" alt=\"unidad integrada de harina de pescado\" width=\"713\" height=\"540\" srcset=\"https:\/\/recyclingequipinc.com\/wp-content\/uploads\/2021\/10\/integrated-fish-meal-unit.jpg 713w, https:\/\/recyclingequipinc.com\/wp-content\/uploads\/2021\/10\/integrated-fish-meal-unit-300x227.jpg 300w, https:\/\/recyclingequipinc.com\/wp-content\/uploads\/2021\/10\/integrated-fish-meal-unit-600x454.jpg 600w\" sizes=\"(max-width: 713px) 100vw, 713px\" \/><figcaption id=\"caption-attachment-4989\" class=\"wp-caption-text\">unidad integrada de harina de pescado<\/figcaption><\/figure> <h2>Estructura de la m\u00e1quina de harina de pescado 5T\/D<\/h2> <p>La planta de harina de pescado 5T\/D consta de una m\u00e1quina guisadora de pescado, una m\u00e1quina exprimidora de pescado y una m\u00e1quina secadora de pescado. La m\u00e1quina para cocinar pescado adopta un m\u00e9todo de calentamiento con vapor para guisar y esterilizar el pescado. El motor de regulaci\u00f3n continua puede cambiar la velocidad del eje principal de la m\u00e1quina de cocci\u00f3n, adecuado para diferentes requisitos del proceso de producci\u00f3n de estaciones, especies de pescado y tama\u00f1os de pescado. El exprimidor de pescado es el equipo para deshidratar los trozos de pescado cocido y separar el aceite de pescado de la harina de pescado. Durante la producci\u00f3n de harina de pescado, la m\u00e1quina exprimidora de pescado presiona la mayor cantidad de l\u00edquido posible para mejorar la calidad de la harina de pescado y reducir el contenido de humedad de la harina de pescado h\u00fameda. La secadora de harina de pescado seca la harina de pescado h\u00fameda y reduce su contenido de agua a menos de 10%. La secadora bien dise\u00f1ada puede garantizar la mayor \u00e1rea de calentamiento para la harina de pescado, calentamiento uniforme, buen efecto de secado y alta eficiencia.<\/p> <h2>Caracter\u00edsticas de la planta de harina de pescado a bordo.<\/h2> <ol> <li>Estructura compacta, dise\u00f1o razonable, f\u00e1cil movimiento, ahorro de espacio.<\/li> <li>Precio apropiado, espacio estrecho, gran estabilidad, operaci\u00f3n simple<\/li> <li>Alta eficiencia, conveniencia, ahorro de costos, buen efecto de producci\u00f3n.<\/li> <li>Equipo integrado para completar la cocci\u00f3n, exprimido y secado.<\/li> <\/ol> <h2>Todo el proceso de producci\u00f3n de harina de pescado.<\/h2> <p>Cortador de pescado-transportador de tornillo sin fin-guisado de pescado triturado-exprimido de trozos de pescado cocido-secado de harina de pescado-cribado de harina de pescado-trituraci\u00f3n de harina de pescado-envasado de harina de pescado<\/p> <h2>El equipaje relacionado<\/h2> <h3>#M\u00e1quina cortadora de pescado<\/h3> <p>La trituradora de pescado se utiliza para cortar pescado grande en trozos peque\u00f1os con un tama\u00f1o inferior a 5 mm para transportar la materia prima a la m\u00e1quina guisadora de pescado mediante un transportador de tornillo. La m\u00e1quina trituradora de pescado se compone de una estructura principal, un motor, una entrada de pescado, una salida de triturado y un par de cortadores rodantes.<\/p> <figure id=\"attachment_5000\" aria-describedby=\"caption-attachment-5000\" style=\"width: 720px\" class=\"wp-caption aligncenter\"><img decoding=\"async\" class=\"size-full wp-image-5000\" src=\"https:\/\/recyclingequipinc.com\/wp-content\/uploads\/2021\/10\/fish-cutting-machine.jpg\" alt=\"maquina cortadora de pescado\" width=\"720\" height=\"540\" srcset=\"https:\/\/recyclingequipinc.com\/wp-content\/uploads\/2021\/10\/fish-cutting-machine.jpg 720w, https:\/\/recyclingequipinc.com\/wp-content\/uploads\/2021\/10\/fish-cutting-machine-300x225.jpg 300w, https:\/\/recyclingequipinc.com\/wp-content\/uploads\/2021\/10\/fish-cutting-machine-600x450.jpg 600w\" sizes=\"(max-width: 720px) 100vw, 720px\" \/><figcaption id=\"caption-attachment-5000\" class=\"wp-caption-text\">maquina cortadora de pescado<\/figcaption><\/figure> <h3>#transportador de tornillo<\/h3> <p>El transportador de tornillo es una m\u00e1quina de soporte com\u00fan en la producci\u00f3n industrial. En la l\u00ednea de producci\u00f3n de harina de pescado, transporta el pescado triturado a la m\u00e1quina para cocinar pescado. El equipo tiene las ventajas de una estructura simple, buen rendimiento, ahorro de mano de obra, etc.<\/p> <h3>#M\u00e1quina cribadora de harina de pescado<\/h3> <p>La m\u00e1quina cribadora de harina de pescado tamiza la harina de pescado despu\u00e9s del secado. La harina de pescado peque\u00f1a quedar\u00e1 fuera del equipo, pero la harina de pescado que no cumpla con el tama\u00f1o requerido se puede volver a triturar con una m\u00e1quina trituradora peque\u00f1a. Se pueden cambiar diferentes pur\u00e9s de cribado para la m\u00e1quina cribadora de tambor.<\/p> <figure id=\"attachment_5004\" aria-describedby=\"caption-attachment-5004\" style=\"width: 720px\" class=\"wp-caption aligncenter\"><img decoding=\"async\" class=\"size-full wp-image-5004\" src=\"https:\/\/recyclingequipinc.com\/wp-content\/uploads\/2021\/10\/fish-meal-screening-machine.jpg\" alt=\"m\u00e1quina de cribado de harina de pescado\" width=\"720\" height=\"540\" srcset=\"https:\/\/recyclingequipinc.com\/wp-content\/uploads\/2021\/10\/fish-meal-screening-machine.jpg 720w, https:\/\/recyclingequipinc.com\/wp-content\/uploads\/2021\/10\/fish-meal-screening-machine-300x225.jpg 300w, https:\/\/recyclingequipinc.com\/wp-content\/uploads\/2021\/10\/fish-meal-screening-machine-600x450.jpg 600w\" sizes=\"(max-width: 720px) 100vw, 720px\" \/><figcaption id=\"caption-attachment-5004\" class=\"wp-caption-text\">m\u00e1quina de cribado de harina de pescado<\/figcaption><\/figure> <h3>#Fenvasadora de harina de pescado<\/h3> <p class=\"translation-block\">La<a href=\"https:\/\/recyclingequipinc.com\/es\/producto\/fish-meal-packing-machine\/\"><strong> m\u00e1quina de envasado de harina de pescado<\/strong><\/a> es el equipo para empaquetar harinas de pescado en bolsas con ciertos requisitos de volumen o peso. La harina de pescado bien empaquetada es limpia y atractiva en el mercado. La envasadora tiene las funciones de medici\u00f3n, fabricaci\u00f3n de bolsas, llenado, sellado, corte y conteo.<\/p> <h2>Conclusi\u00f3n<\/h2> <p>La m\u00e1quina de harina de pescado 5T\/D puede completar la cocci\u00f3n, el prensado y el secado de forma independiente como una m\u00e1quina integrada. No requiere gran espacio debido a su estructura compacta. En comparaci\u00f3n con las m\u00e1quinas de la l\u00ednea de producci\u00f3n de harina de pescado entera, este tipo de harina de pescado 5D\/T es de bajo costo. Si necesita otras m\u00e1quinas de soporte, puede elegir seg\u00fan sus requisitos reales o ponerse en contacto con nosotros y el personal profesional le brindar\u00e1 sugerencias \u00fatiles.<\/p>","protected":false},"excerpt":{"rendered":"<p>La harina de pescado es un material alimenticio rico en prote\u00ednas que utiliza uno o m\u00e1s tipos de pescado como materia prima despu\u00e9s de desengrasarlo, deshidratarlo y triturarlo, lo que es beneficioso para el crecimiento de los animales. La planta de harina de pescado 5T\/D est\u00e1 compuesta por una m\u00e1quina para cocinar pescado, una m\u00e1quina exprimidora de pescado, un secador de harina de pescado y un separador de aceite de pescado. Se puede utilizar en peque\u00f1os talleres y en el barco mientras se pesca en el mar. El pescado crudo fresco se puede preparar como harina de pescado de la m\u00e1s alta calidad.<\/p>","protected":false},"featured_media":4977,"template":"","meta":{"site-sidebar-layout":"default","site-content-layout":"default","ast-site-content-layout":"default","site-content-style":"default","site-sidebar-style":"default","ast-global-header-display":"","ast-banner-title-visibility":"","ast-main-header-display":"","ast-hfb-above-header-display":"","ast-hfb-below-header-display":"","ast-hfb-mobile-header-display":"","site-post-title":"","ast-breadcrumbs-content":"","ast-featured-img":"","footer-sml-layout":"","ast-disable-related-posts":"","theme-transparent-header-meta":"default","adv-header-id-meta":"","stick-header-meta":"default","header-above-stick-meta":"","header-main-stick-meta":"","header-below-stick-meta":"","astra-migrate-meta-layouts":"set","ast-page-background-enabled":"default","ast-page-background-meta":{"desktop":{"background-color":"","background-image":"","background-repeat":"repeat","background-position":"center center","background-size":"auto","background-attachment":"scroll","background-type":"","background-media":"","overlay-type":"","overlay-color":"","overlay-opacity":"","overlay-gradient":""},"tablet":{"background-color":"","background-image":"","background-repeat":"repeat","background-position":"center center","background-size":"auto","background-attachment":"scroll","background-type":"","background-media":"","overlay-type":"","overlay-color":"","overlay-opacity":"","overlay-gradient":""},"mobile":{"background-color":"","background-image":"","background-repeat":"repeat","background-position":"center center","background-size":"auto","background-attachment":"scroll","background-type":"","background-media":"","overlay-type":"","overlay-color":"","overlay-opacity":"","overlay-gradient":""}},"ast-content-background-meta":{"desktop":{"background-color":"var(--ast-global-color-5)","background-image":"","background-repeat":"repeat","background-position":"center center","background-size":"auto","background-attachment":"scroll","background-type":"","background-media":"","overlay-type":"","overlay-color":"","overlay-opacity":"","overlay-gradient":""},"tablet":{"background-color":"var(--ast-global-color-5)","background-image":"","background-repeat":"repeat","background-position":"center center","background-size":"auto","background-attachment":"scroll","background-type":"","background-media":"","overlay-type":"","overlay-color":"","overlay-opacity":"","overlay-gradient":""},"mobile":{"background-color":"var(--ast-global-color-5)","background-image":"","background-repeat":"repeat","background-position":"center center","background-size":"auto","background-attachment":"scroll","background-type":"","background-media":"","overlay-type":"","overlay-color":"","overlay-opacity":"","overlay-gradient":""}}},"product_brand":[],"product_cat":[15],"product_tag":[43],"class_list":{"0":"post-4974","1":"product","2":"type-product","3":"status-publish","4":"has-post-thumbnail","6":"product_cat-fish-meal-plant","7":"product_tag-fish-meal-machine","8":"desktop-align-center","9":"tablet-align-center","10":"mobile-align-center","12":"first","13":"instock","14":"shipping-taxable","15":"product-type-simple"},"_links":{"self":[{"href":"https:\/\/recyclingequipinc.com\/es\/wp-json\/wp\/v2\/product\/4974","targetHints":{"allow":["GET"]}}],"collection":[{"href":"https:\/\/recyclingequipinc.com\/es\/wp-json\/wp\/v2\/product"}],"about":[{"href":"https:\/\/recyclingequipinc.com\/es\/wp-json\/wp\/v2\/types\/product"}],"version-history":[{"count":0,"href":"https:\/\/recyclingequipinc.com\/es\/wp-json\/wp\/v2\/product\/4974\/revisions"}],"wp:featuredmedia":[{"embeddable":true,"href":"https:\/\/recyclingequipinc.com\/es\/wp-json\/wp\/v2\/media\/4977"}],"wp:attachment":[{"href":"https:\/\/recyclingequipinc.com\/es\/wp-json\/wp\/v2\/media?parent=4974"}],"wp:term":[{"taxonomy":"product_brand","embeddable":true,"href":"https:\/\/recyclingequipinc.com\/es\/wp-json\/wp\/v2\/product_brand?post=4974"},{"taxonomy":"product_cat","embeddable":true,"href":"https:\/\/recyclingequipinc.com\/es\/wp-json\/wp\/v2\/product_cat?post=4974"},{"taxonomy":"product_tag","embeddable":true,"href":"https:\/\/recyclingequipinc.com\/es\/wp-json\/wp\/v2\/product_tag?post=4974"}],"curies":[{"name":"wp","href":"https:\/\/api.w.org\/{rel}","templated":true}]}}