{"id":4938,"date":"2021-10-08T07:59:30","date_gmt":"2021-10-08T07:59:30","guid":{"rendered":"https:\/\/recyclingequipinc.com\/?post_type=product&#038;p=4938"},"modified":"2021-10-26T09:33:30","modified_gmt":"2021-10-26T09:33:30","slug":"egg-tray-dryer-machine","status":"publish","type":"product","link":"https:\/\/recyclingequipinc.com\/es\/product\/egg-tray-dryer-machine\/","title":{"rendered":"M\u00e1quina secadora de bandejas de huevos"},"content":{"rendered":"<p class=\"translation-block\"><strong><b>Secador de bandejas de huevos<\/b><\/strong><strong><b>\u00a0m\u00e1quina<\/b><\/strong>\u00a0funciona para eliminar la humedad de las bandejas de huevos mojadas en poco tiempo. Ayuda a que las bandejas de huevos se sequen r\u00e1pidamente en gran cantidad. Por lo tanto, el secador de bandejas de huevos es el equipo agrupado m\u00e1s importante de la m\u00e1quina para fabricar bandejas de huevos. Adem\u00e1s, la forma de secado de la bandeja de huevos determina el nivel de automatizaci\u00f3n de una l\u00ednea de producci\u00f3n de bandejas de huevos. Por supuesto, el precio de la m\u00e1quina de bandejas de huevos var\u00eda. Si est\u00e1 interesado en m\u00e1quinas recicladas, \u00a1no dude en ponerse en contacto con nosotros en cualquier momento, y le responderemos lo antes posible!<\/p> <figure id=\"attachment_4964\" aria-describedby=\"caption-attachment-4964\" style=\"width: 800px\" class=\"wp-caption aligncenter\"><img fetchpriority=\"high\" decoding=\"async\" class=\"size-full wp-image-4964\" src=\"https:\/\/recyclingequipinc.com\/wp-content\/uploads\/2021\/10\/egg-tray-drying-methods.jpg\" alt=\"m\u00e9todos de secado de bandejas de huevos\" width=\"800\" height=\"800\" srcset=\"https:\/\/recyclingequipinc.com\/wp-content\/uploads\/2021\/10\/egg-tray-drying-methods.jpg 800w, https:\/\/recyclingequipinc.com\/wp-content\/uploads\/2021\/10\/egg-tray-drying-methods-100x100.jpg 100w, https:\/\/recyclingequipinc.com\/wp-content\/uploads\/2021\/10\/egg-tray-drying-methods-750x750.jpg 750w, https:\/\/recyclingequipinc.com\/wp-content\/uploads\/2021\/10\/egg-tray-drying-methods-300x300.jpg 300w, https:\/\/recyclingequipinc.com\/wp-content\/uploads\/2021\/10\/egg-tray-drying-methods-150x150.jpg 150w, https:\/\/recyclingequipinc.com\/wp-content\/uploads\/2021\/10\/egg-tray-drying-methods-768x768.jpg 768w, https:\/\/recyclingequipinc.com\/wp-content\/uploads\/2021\/10\/egg-tray-drying-methods-600x600.jpg 600w\" sizes=\"(max-width: 800px) 100vw, 800px\" \/><figcaption id=\"caption-attachment-4964\" class=\"wp-caption-text\">m\u00e9todos de secado de bandejas de huevos<\/figcaption><\/figure> <h2><strong><b>Tres formas de secar bandejas de huevos <\/b><\/strong><\/h2> <p>Hay tres tipos para secar las bandejas de huevos h\u00famedas: secado natural, l\u00ednea de secado de ladrillos y secador de metal. Como fabricante y proveedor profesional de m\u00e1quinas para bandejas de huevos, nos gustar\u00eda brindarle los detalles para que usted elija.<\/p> <p>&nbsp;<\/p> <h3><strong><b>Secado natural<\/b><\/strong><\/h3> <p>Como su nombre lo indica, el secado natural consiste en poner las bandejas de huevos mojadas al sol. Es adecuado para m\u00e1quinas de bandejas de huevos a peque\u00f1a escala. Tiene ventajas de bajo costo, bajo riesgo y peque\u00f1o espacio requerido para la planta de bandejas de huevos. Debido a este m\u00e9todo de secado, se necesita suficiente espacio para colocar las bandejas de huevos mojadas y el asistente de mano de obra. Pero se necesita m\u00e1s tiempo para secar las bandejas de huevos. Y el progreso del secado de la bandeja de huevos depende en gran medida del clima.<\/p> <figure id=\"attachment_4960\" aria-describedby=\"caption-attachment-4960\" style=\"width: 1071px\" class=\"wp-caption aligncenter\"><img decoding=\"async\" class=\"size-full wp-image-4960\" src=\"https:\/\/recyclingequipinc.com\/wp-content\/uploads\/2021\/10\/natural-drying-for-egg-trays.jpg\" alt=\"secado natural para bandejas de huevos\" width=\"1071\" height=\"414\" srcset=\"https:\/\/recyclingequipinc.com\/wp-content\/uploads\/2021\/10\/natural-drying-for-egg-trays.jpg 1071w, https:\/\/recyclingequipinc.com\/wp-content\/uploads\/2021\/10\/natural-drying-for-egg-trays-750x290.jpg 750w, https:\/\/recyclingequipinc.com\/wp-content\/uploads\/2021\/10\/natural-drying-for-egg-trays-300x116.jpg 300w, https:\/\/recyclingequipinc.com\/wp-content\/uploads\/2021\/10\/natural-drying-for-egg-trays-1024x396.jpg 1024w, https:\/\/recyclingequipinc.com\/wp-content\/uploads\/2021\/10\/natural-drying-for-egg-trays-768x297.jpg 768w, https:\/\/recyclingequipinc.com\/wp-content\/uploads\/2021\/10\/natural-drying-for-egg-trays-600x232.jpg 600w\" sizes=\"(max-width: 1071px) 100vw, 1071px\" \/><figcaption id=\"caption-attachment-4960\" class=\"wp-caption-text\">secado natural<\/figcaption><\/figure> <h3><strong><b>L\u00ednea de secado de ladrillos<\/b><\/strong><\/h3> <p>A trav\u00e9s de una cinta transportadora, las bandejas de huevos h\u00famedos se pueden transportar autom\u00e1ticamente a la sala de secado. Esta forma de secado se puede utilizar para todos los modelos, pero se sugiere para m\u00e1quinas con bandejas de huevos medianas. Es m\u00e1s efectivo que el secado natural y tambi\u00e9n m\u00e1s econ\u00f3mico que un secador met\u00e1lico autom\u00e1tico. Es f\u00e1cil de mantener y operar y tambi\u00e9n tiene una larga vida \u00fatil. Sin embargo, requiere m\u00e1s obras y espacio.<\/p> <figure id=\"attachment_4958\" aria-describedby=\"caption-attachment-4958\" style=\"width: 1200px\" class=\"wp-caption aligncenter\"><img decoding=\"async\" class=\"size-full wp-image-4958\" src=\"https:\/\/recyclingequipinc.com\/wp-content\/uploads\/2021\/10\/brick-drying.jpg\" alt=\"secado de ladrillos\" width=\"1200\" height=\"500\" srcset=\"https:\/\/recyclingequipinc.com\/wp-content\/uploads\/2021\/10\/brick-drying.jpg 1200w, https:\/\/recyclingequipinc.com\/wp-content\/uploads\/2021\/10\/brick-drying-750x313.jpg 750w, https:\/\/recyclingequipinc.com\/wp-content\/uploads\/2021\/10\/brick-drying-300x125.jpg 300w, https:\/\/recyclingequipinc.com\/wp-content\/uploads\/2021\/10\/brick-drying-1024x427.jpg 1024w, https:\/\/recyclingequipinc.com\/wp-content\/uploads\/2021\/10\/brick-drying-768x320.jpg 768w, https:\/\/recyclingequipinc.com\/wp-content\/uploads\/2021\/10\/brick-drying-600x250.jpg 600w\" sizes=\"(max-width: 1200px) 100vw, 1200px\" \/><figcaption id=\"caption-attachment-4958\" class=\"wp-caption-text\">secado de ladrillos<\/figcaption><\/figure> <h3><strong><b>Secadora de metales<\/b><\/strong><\/h3> <p>Es un sistema de secado autom\u00e1tico. Hay varias capas disponibles para su elecci\u00f3n. Es apto para todos los modelos. Teniendo en cuenta el coste, casi se utiliza para la producci\u00f3n a gran escala. No s\u00f3lo es f\u00e1cil de transportar, instalar y operar, sino que tambi\u00e9n ahorra espacio. Y es efectivo. Pero es caro y el combustible s\u00f3lo puede ser fuel oil o electricidad, etc.<\/p> <figure id=\"attachment_4962\" aria-describedby=\"caption-attachment-4962\" style=\"width: 1200px\" class=\"wp-caption aligncenter\"><img loading=\"lazy\" decoding=\"async\" class=\"size-full wp-image-4962\" src=\"https:\/\/recyclingequipinc.com\/wp-content\/uploads\/2021\/10\/metal-drying-for-egg-trays.jpg\" alt=\"secado de metal para bandejas de huevos\" width=\"1200\" height=\"500\" srcset=\"https:\/\/recyclingequipinc.com\/wp-content\/uploads\/2021\/10\/metal-drying-for-egg-trays.jpg 1200w, https:\/\/recyclingequipinc.com\/wp-content\/uploads\/2021\/10\/metal-drying-for-egg-trays-750x313.jpg 750w, https:\/\/recyclingequipinc.com\/wp-content\/uploads\/2021\/10\/metal-drying-for-egg-trays-300x125.jpg 300w, https:\/\/recyclingequipinc.com\/wp-content\/uploads\/2021\/10\/metal-drying-for-egg-trays-1024x427.jpg 1024w, https:\/\/recyclingequipinc.com\/wp-content\/uploads\/2021\/10\/metal-drying-for-egg-trays-768x320.jpg 768w, https:\/\/recyclingequipinc.com\/wp-content\/uploads\/2021\/10\/metal-drying-for-egg-trays-600x250.jpg 600w\" sizes=\"(max-width: 1200px) 100vw, 1200px\" \/><figcaption id=\"caption-attachment-4962\" class=\"wp-caption-text\">secado de metales<\/figcaption><\/figure> <h2><strong><b>Equipos relacionados para formar el sistema completo<\/b><\/strong><\/h2> <p class=\"translation-block\">Porque la m\u00e1quina de bandejas de huevos es una m\u00e1quina respetuosa con el medio ambiente, sus materias primas son papel reciclado, revistas recicladas, cajas recicladas, etc., todo el proceso incluye la m\u00e1quina de pulpa, la m\u00e1quina de moldeo, la m\u00e1quina de secado, la m\u00e1quina de reformado y empaquetado. La <a href=\"https:\/\/recyclingequipinc.com\/es\/producto\/maquina-despulpadora-de-bandejas-de-huevos\/\">m\u00e1quina de pulpa<\/a> es el primer paso, convirtiendo desechos en pulpa. La <a href=\"https:\/\/recyclingequipinc.com\/es\/producto\/egg-tray-molding-machine\/\">m\u00e1quina de moldeo<\/a> forma el molde para contener varios art\u00edculos. La m\u00e1quina de secado es para eliminar el agua extra de las bandejas de huevos mojadas. La <a href=\"https:\/\/recyclingequipinc.com\/es\/producto\/egg-tray-reshaping-packing-progress\/\">m\u00e1quina de reformado y empaquetado<\/a> es para ahorrar espacio y recolectar los productos terminados. La automatizaci\u00f3n de todo el proceso depende del m\u00e9todo de secado. <a href=\"https:\/\/recyclingequipinc.com\/es\/\">Shuliy Machinery<\/a>\u00a0tiene semiautom\u00e1tico y totalmente autom\u00e1tico. El secado natural pertenece a la semiautomatizaci\u00f3n, y el secador de ladrillos y el secador de metal son totalmente autom\u00e1ticos. Si tiene alguna duda, \u00a1bienvenido a <a href=\"https:\/\/recyclingequipinc.com\/es\/contact\/\">contactarnos<\/a>!<\/p> <figure id=\"attachment_4957\" aria-describedby=\"caption-attachment-4957\" style=\"width: 800px\" class=\"wp-caption aligncenter\"><img loading=\"lazy\" decoding=\"async\" class=\"wp-image-4957 size-full\" src=\"https:\/\/recyclingequipinc.com\/wp-content\/uploads\/2021\/10\/related-equipment.jpg\" alt=\"Equipo relacionado: trabajo con m\u00e1quina secadora de bandejas de huevos.\" width=\"800\" height=\"697\" srcset=\"https:\/\/recyclingequipinc.com\/wp-content\/uploads\/2021\/10\/related-equipment.jpg 800w, https:\/\/recyclingequipinc.com\/wp-content\/uploads\/2021\/10\/related-equipment-750x653.jpg 750w, https:\/\/recyclingequipinc.com\/wp-content\/uploads\/2021\/10\/related-equipment-300x261.jpg 300w, https:\/\/recyclingequipinc.com\/wp-content\/uploads\/2021\/10\/related-equipment-768x669.jpg 768w, https:\/\/recyclingequipinc.com\/wp-content\/uploads\/2021\/10\/related-equipment-600x523.jpg 600w\" sizes=\"(max-width: 800px) 100vw, 800px\" \/><figcaption id=\"caption-attachment-4957\" class=\"wp-caption-text\">el equipaje relacionado<\/figcaption><\/figure>","protected":false},"excerpt":{"rendered":"<p>El secador de bandejas de huevos es el equipo m\u00e1s importante del grupo de m\u00e1quinas para fabricar bandejas de huevos. Adem\u00e1s, la forma de secado de la bandeja de huevos determina el nivel autom\u00e1tico de una l\u00ednea de producci\u00f3n de bandejas de huevos. Por supuesto, el precio de la m\u00e1quina para bandejas de huevos es diferente. Si est\u00e1 interesado en m\u00e1quinas recicladas, p\u00f3ngase en contacto con nosotros en cualquier momento y le responderemos lo antes posible.<\/p>","protected":false},"featured_media":4953,"template":"","meta":{"site-sidebar-layout":"default","site-content-layout":"default","ast-site-content-layout":"default","site-content-style":"default","site-sidebar-style":"default","ast-global-header-display":"","ast-banner-title-visibility":"","ast-main-header-display":"","ast-hfb-above-header-display":"","ast-hfb-below-header-display":"","ast-hfb-mobile-header-display":"","site-post-title":"","ast-breadcrumbs-content":"","ast-featured-img":"","footer-sml-layout":"","ast-disable-related-posts":"","theme-transparent-header-meta":"default","adv-header-id-meta":"","stick-header-meta":"default","header-above-stick-meta":"","header-main-stick-meta":"","header-below-stick-meta":"","astra-migrate-meta-layouts":"default","ast-page-background-enabled":"default","ast-page-background-meta":{"desktop":{"background-color":"","background-image":"","background-repeat":"repeat","background-position":"center center","background-size":"auto","background-attachment":"scroll","background-type":"","background-media":"","overlay-type":"","overlay-color":"","overlay-opacity":"","overlay-gradient":""},"tablet":{"background-color":"","background-image":"","background-repeat":"repeat","background-position":"center center","background-size":"auto","background-attachment":"scroll","background-type":"","background-media":"","overlay-type":"","overlay-color":"","overlay-opacity":"","overlay-gradient":""},"mobile":{"background-color":"","background-image":"","background-repeat":"repeat","background-position":"center center","background-size":"auto","background-attachment":"scroll","background-type":"","background-media":"","overlay-type":"","overlay-color":"","overlay-opacity":"","overlay-gradient":""}},"ast-content-background-meta":{"desktop":{"background-color":"var(--ast-global-color-5)","background-image":"","background-repeat":"repeat","background-position":"center center","background-size":"auto","background-attachment":"scroll","background-type":"","background-media":"","overlay-type":"","overlay-color":"","overlay-opacity":"","overlay-gradient":""},"tablet":{"background-color":"var(--ast-global-color-5)","background-image":"","background-repeat":"repeat","background-position":"center center","background-size":"auto","background-attachment":"scroll","background-type":"","background-media":"","overlay-type":"","overlay-color":"","overlay-opacity":"","overlay-gradient":""},"mobile":{"background-color":"var(--ast-global-color-5)","background-image":"","background-repeat":"repeat","background-position":"center center","background-size":"auto","background-attachment":"scroll","background-type":"","background-media":"","overlay-type":"","overlay-color":"","overlay-opacity":"","overlay-gradient":""}}},"product_brand":[],"product_cat":[35],"product_tag":[],"class_list":{"0":"post-4938","1":"product","2":"type-product","3":"status-publish","4":"has-post-thumbnail","6":"product_cat-egg-tray-machine","7":"desktop-align-center","8":"tablet-align-center","9":"mobile-align-center","11":"first","12":"instock","13":"shipping-taxable","14":"product-type-simple"},"_links":{"self":[{"href":"https:\/\/recyclingequipinc.com\/es\/wp-json\/wp\/v2\/product\/4938","targetHints":{"allow":["GET"]}}],"collection":[{"href":"https:\/\/recyclingequipinc.com\/es\/wp-json\/wp\/v2\/product"}],"about":[{"href":"https:\/\/recyclingequipinc.com\/es\/wp-json\/wp\/v2\/types\/product"}],"version-history":[{"count":0,"href":"https:\/\/recyclingequipinc.com\/es\/wp-json\/wp\/v2\/product\/4938\/revisions"}],"wp:featuredmedia":[{"embeddable":true,"href":"https:\/\/recyclingequipinc.com\/es\/wp-json\/wp\/v2\/media\/4953"}],"wp:attachment":[{"href":"https:\/\/recyclingequipinc.com\/es\/wp-json\/wp\/v2\/media?parent=4938"}],"wp:term":[{"taxonomy":"product_brand","embeddable":true,"href":"https:\/\/recyclingequipinc.com\/es\/wp-json\/wp\/v2\/product_brand?post=4938"},{"taxonomy":"product_cat","embeddable":true,"href":"https:\/\/recyclingequipinc.com\/es\/wp-json\/wp\/v2\/product_cat?post=4938"},{"taxonomy":"product_tag","embeddable":true,"href":"https:\/\/recyclingequipinc.com\/es\/wp-json\/wp\/v2\/product_tag?post=4938"}],"curies":[{"name":"wp","href":"https:\/\/api.w.org\/{rel}","templated":true}]}}