{"id":4528,"date":"2021-09-16T10:00:36","date_gmt":"2021-09-16T10:00:36","guid":{"rendered":"https:\/\/recyclingequipinc.com\/?post_type=product&#038;p=4528"},"modified":"2025-01-22T11:30:57","modified_gmt":"2025-01-22T03:30:57","slug":"rinsing-tank","status":"publish","type":"product","link":"https:\/\/recyclingequipinc.com\/es\/product\/rinsing-tank\/","title":{"rendered":"Tanque de enjuague de pl\u00e1stico para reciclaje de PP LDPE HDPE"},"content":{"rendered":"<p class=\"translation-block\"><strong>El tanque de enjuague de pl\u00e1stico<\/strong> es una de las m\u00e1quinas para el reciclaje de pl\u00e1stico. Despu\u00e9s del proceso de trituraci\u00f3n, los materiales pl\u00e1sticos a\u00fan est\u00e1n sucios. Por lo tanto, es importante usar el tanque de enjuague para limpiar a fondo las escamas de pl\u00e1stico. El equipo est\u00e1 equipado con muchas placas dentadas que pueden forzar a las virutas de pl\u00e1stico a moverse hacia adelante.<\/p> <div class=\"ast-oembed-container\" style=\"height: 100%;\"><iframe title=\"Proceso de fabricaci\u00f3n de chatarra de pl\u00e1stico de alta calidad en Nigeria\" width=\"500\" height=\"281\" src=\"https:\/\/www.youtube.com\/embed\/zTQX3SMuR1o?feature=oembed\" frameborder=\"0\" allow=\"accelerometer; autoplay; clipboard-write; encrypted-media; gyroscope; picture-in-picture; web-share\" referrerpolicy=\"strict-origin-when-cross-origin\" allowfullscreen><\/iframe><\/div> <h2>M\u00e1quina de limpieza de triturado PP LDPE HDPE a la venta<\/h2> <p><span style=\"font-size: 16px;\">El tanque de lavado de residuos de pl\u00e1stico incluye principalmente dos tipos de formas: una es un producto terminado con placa de acero inoxidable o hierro y la otra es construida por usted mismo. Debido a que el tama\u00f1o del equipo suele ser grande, no es f\u00e1cil transportarlo por barco. Por lo tanto, le sugerimos que elija uno de fabricaci\u00f3n propia, especialmente para un tanque de enjuague grande. Si tiene alguna pregunta sobre la construcci\u00f3n de un tanque de lavado, puede consultar a nuestro trabajador calificado.<\/span><\/p> <div id='gallery-1' class='gallery galleryid-4528 gallery-columns-2 gallery-size-full'><figure class='gallery-item'> \t\t\t<div class='gallery-icon landscape'> \t\t\t\t<img fetchpriority=\"high\" decoding=\"async\" width=\"720\" height=\"540\" src=\"https:\/\/recyclingequipinc.com\/wp-content\/uploads\/2021\/09\/plastic-washing-tank-2.webp\" class=\"attachment-full size-full\" alt=\"tanque de lavado de plastico\" aria-describedby=\"gallery-1-16836\" srcset=\"https:\/\/recyclingequipinc.com\/wp-content\/uploads\/2021\/09\/plastic-washing-tank-2.webp 720w, https:\/\/recyclingequipinc.com\/wp-content\/uploads\/2021\/09\/plastic-washing-tank-2-300x225.webp 300w, https:\/\/recyclingequipinc.com\/wp-content\/uploads\/2021\/09\/plastic-washing-tank-2-16x12.webp 16w\" sizes=\"(max-width: 720px) 100vw, 720px\" \/> \t\t\t<\/div> \t\t\t\t<figcaption class='wp-caption-text gallery-caption' id='gallery-1-16836'> \t\t\t\ttanque de lavado de plastico \t\t\t\t<\/figcaption><\/figure><figure class='gallery-item'> \t\t\t<div class='gallery-icon landscape'> \t\t\t\t<img decoding=\"async\" width=\"720\" height=\"540\" src=\"https:\/\/recyclingequipinc.com\/wp-content\/uploads\/2021\/09\/plastic-washing-tank.webp\" class=\"attachment-full size-full\" alt=\"tanque de enjuague de pl\u00e1stico\" aria-describedby=\"gallery-1-16835\" srcset=\"https:\/\/recyclingequipinc.com\/wp-content\/uploads\/2021\/09\/plastic-washing-tank.webp 720w, https:\/\/recyclingequipinc.com\/wp-content\/uploads\/2021\/09\/plastic-washing-tank-300x225.webp 300w, https:\/\/recyclingequipinc.com\/wp-content\/uploads\/2021\/09\/plastic-washing-tank-16x12.webp 16w\" sizes=\"(max-width: 720px) 100vw, 720px\" \/> \t\t\t<\/div> \t\t\t\t<figcaption class='wp-caption-text gallery-caption' id='gallery-1-16835'> \t\t\t\ttanque de enjuague de pl\u00e1stico \t\t\t\t<\/figcaption><\/figure> \t\t<\/div>  <h2>Usos de la lavadora de pl\u00e1stico<\/h2> <ul> <li>El tanque de enjuague se utiliza en el <a href=\"https:\/\/recyclingequipinc.com\/es\/producto\/plastic-film-recycling-machine\/\"><strong>L\u00ednea de reciclaje de pel\u00edculas pl\u00e1sticas.<\/strong><\/a> y <a href=\"https:\/\/recyclingequipinc.com\/es\/producto\/pet-bottle-recycling-machine\/\"><strong>L\u00ednea de producci\u00f3n de reciclaje de pl\u00e1stico PET.<\/strong><\/a> para limpiar l\u00e1minas de pl\u00e1stico. Despu\u00e9s de que las virutas de pl\u00e1stico sucias ingresan al equipo, las placas dentadas agitadoras forzar\u00e1n las escamas de pl\u00e1stico de un lado a otro, lavando el material pl\u00e1stico una y otra vez, haciendo que el pl\u00e1stico sucio quede limpio.<\/li> <li>En el proceso de escamas de mascotas lavadas en caliente, se agregar\u00e1 detergente para limpiar las escamas de pl\u00e1stico. Por lo tanto, quedar\u00e1 algo de espuma limpiadora en los copos de la mascota. Sin embargo, con la ayuda de la lavadora de escamas de mascotas, la espuma limpiadora de las escamas de pl\u00e1stico se eliminar\u00e1.<\/li> <\/ul> <p>&nbsp;<\/p> <h2>Estructura del tanque de enjuague de pl\u00e1stico<\/h2> <p class=\"translation-block\">El tanque de lavado est\u00e1 hecho de <a href=\"https:\/\/en.wikipedia.org\/wiki\/Stainless_steel\" target=\"_blank\" rel=\"noopener\">acero inoxidable<\/a> o placa de hierro. Generalmente, la longitud del equipo suele ser de aproximadamente 15-20 metros. La distancia entre dos placas dentadas de agitaci\u00f3n o ruedas es de 1.5-2 metros. Puede elegir seg\u00fan sus necesidades. Si no sabe qu\u00e9 tama\u00f1o es adecuado para usted, puede contactarnos para obtener m\u00e1s detalles y le responderemos lo antes posible.<\/p>","protected":false},"excerpt":{"rendered":"<p>Plastic rinsing tank is one of the machines for plastic recycling. After the crushing process, the plastic materials are still [&hellip;]<\/p>\n","protected":false},"featured_media":16818,"template":"","meta":{"site-sidebar-layout":"default","site-content-layout":"default","ast-site-content-layout":"default","site-content-style":"default","site-sidebar-style":"default","ast-global-header-display":"","ast-banner-title-visibility":"","ast-main-header-display":"","ast-hfb-above-header-display":"","ast-hfb-below-header-display":"","ast-hfb-mobile-header-display":"","site-post-title":"","ast-breadcrumbs-content":"","ast-featured-img":"","footer-sml-layout":"","ast-disable-related-posts":"","theme-transparent-header-meta":"default","adv-header-id-meta":"","stick-header-meta":"default","header-above-stick-meta":"","header-main-stick-meta":"","header-below-stick-meta":"","astra-migrate-meta-layouts":"set","ast-page-background-enabled":"default","ast-page-background-meta":{"desktop":{"background-color":"","background-image":"","background-repeat":"repeat","background-position":"center center","background-size":"auto","background-attachment":"scroll","background-type":"","background-media":"","overlay-type":"","overlay-color":"","overlay-opacity":"","overlay-gradient":""},"tablet":{"background-color":"","background-image":"","background-repeat":"repeat","background-position":"center center","background-size":"auto","background-attachment":"scroll","background-type":"","background-media":"","overlay-type":"","overlay-color":"","overlay-opacity":"","overlay-gradient":""},"mobile":{"background-color":"","background-image":"","background-repeat":"repeat","background-position":"center center","background-size":"auto","background-attachment":"scroll","background-type":"","background-media":"","overlay-type":"","overlay-color":"","overlay-opacity":"","overlay-gradient":""}},"ast-content-background-meta":{"desktop":{"background-color":"var(--ast-global-color-5)","background-image":"","background-repeat":"repeat","background-position":"center center","background-size":"auto","background-attachment":"scroll","background-type":"","background-media":"","overlay-type":"","overlay-color":"","overlay-opacity":"","overlay-gradient":""},"tablet":{"background-color":"var(--ast-global-color-5)","background-image":"","background-repeat":"repeat","background-position":"center center","background-size":"auto","background-attachment":"scroll","background-type":"","background-media":"","overlay-type":"","overlay-color":"","overlay-opacity":"","overlay-gradient":""},"mobile":{"background-color":"var(--ast-global-color-5)","background-image":"","background-repeat":"repeat","background-position":"center center","background-size":"auto","background-attachment":"scroll","background-type":"","background-media":"","overlay-type":"","overlay-color":"","overlay-opacity":"","overlay-gradient":""}}},"product_brand":[],"product_cat":[36],"product_tag":[95],"class_list":{"0":"post-4528","1":"product","2":"type-product","3":"status-publish","4":"has-post-thumbnail","6":"product_cat-plastic-recycling-machine","7":"product_tag-washing","8":"desktop-align-center","9":"tablet-align-center","10":"mobile-align-center","12":"first","13":"instock","14":"shipping-taxable","15":"product-type-simple"},"_links":{"self":[{"href":"https:\/\/recyclingequipinc.com\/es\/wp-json\/wp\/v2\/product\/4528","targetHints":{"allow":["GET"]}}],"collection":[{"href":"https:\/\/recyclingequipinc.com\/es\/wp-json\/wp\/v2\/product"}],"about":[{"href":"https:\/\/recyclingequipinc.com\/es\/wp-json\/wp\/v2\/types\/product"}],"version-history":[{"count":0,"href":"https:\/\/recyclingequipinc.com\/es\/wp-json\/wp\/v2\/product\/4528\/revisions"}],"wp:featuredmedia":[{"embeddable":true,"href":"https:\/\/recyclingequipinc.com\/es\/wp-json\/wp\/v2\/media\/16818"}],"wp:attachment":[{"href":"https:\/\/recyclingequipinc.com\/es\/wp-json\/wp\/v2\/media?parent=4528"}],"wp:term":[{"taxonomy":"product_brand","embeddable":true,"href":"https:\/\/recyclingequipinc.com\/es\/wp-json\/wp\/v2\/product_brand?post=4528"},{"taxonomy":"product_cat","embeddable":true,"href":"https:\/\/recyclingequipinc.com\/es\/wp-json\/wp\/v2\/product_cat?post=4528"},{"taxonomy":"product_tag","embeddable":true,"href":"https:\/\/recyclingequipinc.com\/es\/wp-json\/wp\/v2\/product_tag?post=4528"}],"curies":[{"name":"wp","href":"https:\/\/api.w.org\/{rel}","templated":true}]}}